{"id":62723,"date":"2022-01-25T15:23:02","date_gmt":"2022-01-25T13:23:02","guid":{"rendered":"https:\/\/www.xn--tuksimaailm-ffb.ee\/shop\/alkuperainen-johton-suojus-kaabo-wolf-warrior-king-gt\/"},"modified":"2022-01-25T15:23:02","modified_gmt":"2022-01-25T13:23:02","slug":"alkuperainen-johton-suojus-kaabo-wolf-warrior-king-gt","status":"publish","type":"product","link":"https:\/\/www.xn--tuksimaailm-ffb.ee\/fi\/shop\/alkuperainen-johton-suojus-kaabo-wolf-warrior-king-gt\/","title":{"rendered":"Alkuper\u00e4inen johton suojus Kaabo Wolf Warrior King GT"},"content":{"rendered":"<p>Alkuper\u00e4inen johton suojus, sopii s\u00e4hk\u00f6potkulauta Kaabo Wolf Warrior \/ King+ \/ GT. Soveltuu my\u00f6s muihin s\u00e4hk\u00f6k\u00e4ytt\u00f6isiin skoottereihin kaapeleiden tai johtojen suojaamiseksi..<\/p>\n","protected":false},"excerpt":{"rendered":"<p><em><strong>Toimitusaika: 8-15tp<\/strong><\/em><\/p>\n","protected":false},"featured_media":52263,"template":"","meta":[],"product_brand":[],"product_cat":[1698],"product_tag":[],"filter_elektritoukeratas":[2728],"class_list":{"0":"post-62723","1":"product","2":"type-product","3":"status-publish","4":"has-post-thumbnail","6":"product_cat-varaosat","7":"pa_tootetuup-universal-sahkoskootterin-varaosat","8":"filter_elektritoukeratas-ft_kaabo_wolf","10":"first","11":"onbackorder","12":"taxable","13":"shipping-taxable","14":"purchasable","15":"product-type-simple"},"yoast_head":"<!-- This site is optimized with the Yoast SEO Premium plugin v26.8 (Yoast SEO v27.5) - https:\/\/yoast.com\/product\/yoast-seo-premium-wordpress\/ -->\n<title>Alkuper\u00e4inen johton suojus Kaabo Wolf Warrior King GT &#8212; T\u00f5uksimaailm<\/title>\n<meta name=\"description\" content=\"Juhtmete originaal k\u00f5ri kate Kaabo Wolf Warrior King GT. Sobib ka teistele elektrit\u00f5ukeratastele kaablite v\u00f5i juhtmete kaitseks.\" \/>\n<meta name=\"robots\" content=\"index, follow, max-snippet:-1, max-image-preview:large, max-video-preview:-1\" \/>\n<link rel=\"canonical\" href=\"https:\/\/www.xn--tuksimaailm-ffb.ee\/fi\/shop\/alkuperainen-johton-suojus-kaabo-wolf-warrior-king-gt\/\" \/>\n<meta property=\"og:locale\" content=\"fi_FI\" \/>\n<meta property=\"og:type\" content=\"article\" \/>\n<meta property=\"og:title\" content=\"Alkuper\u00e4inen johton suojus Kaabo Wolf Warrior King GT\" \/>\n<meta property=\"og:description\" content=\"Juhtmete originaal k\u00f5ri kate Kaabo Wolf Warrior King GT. Sobib ka teistele elektrit\u00f5ukeratastele kaablite v\u00f5i juhtmete kaitseks.\" \/>\n<meta property=\"og:url\" content=\"https:\/\/www.xn--tuksimaailm-ffb.ee\/fi\/shop\/alkuperainen-johton-suojus-kaabo-wolf-warrior-king-gt\/\" \/>\n<meta property=\"og:site_name\" content=\"T\u00f5uksimaailm\" \/>\n<meta property=\"article:publisher\" content=\"https:\/\/www.facebook.com\/touksimaailm\/\" \/>\n<meta property=\"og:image\" content=\"https:\/\/www.xn--tuksimaailm-ffb.ee\/wp-content\/uploads\/2022\/01\/Screenshot-2024-12-23-032801.webp\" \/>\n\t<meta property=\"og:image:width\" content=\"1145\" \/>\n\t<meta property=\"og:image:height\" content=\"775\" \/>\n\t<meta property=\"og:image:type\" content=\"image\/webp\" \/>\n<meta name=\"twitter:card\" content=\"summary_large_image\" \/>\n<meta name=\"twitter:label1\" content=\"Hinta\" \/>\n\t<meta name=\"twitter:data1\" content=\"&euro;29.00\" \/>\n\t<meta name=\"twitter:label2\" content=\"Saatavuus\" \/>\n\t<meta name=\"twitter:data2\" content=\"J\u00e4lkitoimituksessa\" \/>\n<meta property=\"product:price:amount\" content=\"29.00\" \/>\n<meta property=\"product:price:currency\" content=\"EUR\" \/>\n<meta property=\"og:availability\" content=\"backorder\" \/>\n<meta property=\"product:availability\" content=\"available for order\" \/>\n<meta property=\"product:condition\" content=\"new\" \/>\n<!-- \/ Yoast SEO Premium plugin. -->","yoast_head_json":{"title":"Alkuper\u00e4inen johton suojus Kaabo Wolf Warrior King GT &#8212; T\u00f5uksimaailm","description":"Juhtmete originaal k\u00f5ri kate Kaabo Wolf Warrior King GT. Sobib ka teistele elektrit\u00f5ukeratastele kaablite v\u00f5i juhtmete kaitseks.","robots":{"index":"index","follow":"follow","max-snippet":"max-snippet:-1","max-image-preview":"max-image-preview:large","max-video-preview":"max-video-preview:-1"},"canonical":"https:\/\/www.xn--tuksimaailm-ffb.ee\/fi\/shop\/alkuperainen-johton-suojus-kaabo-wolf-warrior-king-gt\/","og_locale":"fi_FI","og_type":"article","og_title":"Alkuper\u00e4inen johton suojus Kaabo Wolf Warrior King GT","og_description":"Juhtmete originaal k\u00f5ri kate Kaabo Wolf Warrior King GT. Sobib ka teistele elektrit\u00f5ukeratastele kaablite v\u00f5i juhtmete kaitseks.","og_url":"https:\/\/www.xn--tuksimaailm-ffb.ee\/fi\/shop\/alkuperainen-johton-suojus-kaabo-wolf-warrior-king-gt\/","og_site_name":"T\u00f5uksimaailm","article_publisher":"https:\/\/www.facebook.com\/touksimaailm\/","og_image":[{"width":1145,"height":775,"url":"https:\/\/www.xn--tuksimaailm-ffb.ee\/wp-content\/uploads\/2022\/01\/Screenshot-2024-12-23-032801.webp","type":"image\/webp"}],"twitter_card":"summary_large_image","twitter_misc":{"Hinta":"&euro;29.00","Saatavuus":"J\u00e4lkitoimituksessa"},"schema":{"@context":"https:\/\/schema.org","@graph":[{"@type":"WebPage","@id":"https:\/\/www.xn--tuksimaailm-ffb.ee\/fi\/shop\/alkuperainen-johton-suojus-kaabo-wolf-warrior-king-gt\/","url":"https:\/\/www.xn--tuksimaailm-ffb.ee\/fi\/shop\/alkuperainen-johton-suojus-kaabo-wolf-warrior-king-gt\/","name":"Alkuper\u00e4inen johton suojus Kaabo Wolf Warrior King GT &#8212; T\u00f5uksimaailm","isPartOf":{"@id":"https:\/\/www.xn--tuksimaailm-ffb.ee\/fi\/#website"},"primaryImageOfPage":{"@id":"https:\/\/www.xn--tuksimaailm-ffb.ee\/fi\/shop\/alkuperainen-johton-suojus-kaabo-wolf-warrior-king-gt\/#primaryimage"},"image":{"@id":"https:\/\/www.xn--tuksimaailm-ffb.ee\/fi\/shop\/alkuperainen-johton-suojus-kaabo-wolf-warrior-king-gt\/#primaryimage"},"thumbnailUrl":"https:\/\/www.xn--tuksimaailm-ffb.ee\/wp-content\/uploads\/2022\/01\/Screenshot-2024-12-23-032801.webp","datePublished":"2022-01-25T13:23:02+00:00","description":"Juhtmete originaal k\u00f5ri kate Kaabo Wolf Warrior King GT. Sobib ka teistele elektrit\u00f5ukeratastele kaablite v\u00f5i juhtmete kaitseks.","breadcrumb":{"@id":"https:\/\/www.xn--tuksimaailm-ffb.ee\/fi\/shop\/alkuperainen-johton-suojus-kaabo-wolf-warrior-king-gt\/#breadcrumb"},"inLanguage":"fi","potentialAction":[{"@type":"ReadAction","target":["https:\/\/www.xn--tuksimaailm-ffb.ee\/fi\/shop\/alkuperainen-johton-suojus-kaabo-wolf-warrior-king-gt\/"]}]},{"@type":"ImageObject","inLanguage":"fi","@id":"https:\/\/www.xn--tuksimaailm-ffb.ee\/fi\/shop\/alkuperainen-johton-suojus-kaabo-wolf-warrior-king-gt\/#primaryimage","url":"https:\/\/www.xn--tuksimaailm-ffb.ee\/wp-content\/uploads\/2022\/01\/Screenshot-2024-12-23-032801.webp","contentUrl":"https:\/\/www.xn--tuksimaailm-ffb.ee\/wp-content\/uploads\/2022\/01\/Screenshot-2024-12-23-032801.webp","width":1145,"height":775,"caption":"Juhtmete k\u00f5ri kate Kaabo Wolf Warrior King GT"},{"@type":"BreadcrumbList","@id":"https:\/\/www.xn--tuksimaailm-ffb.ee\/fi\/shop\/alkuperainen-johton-suojus-kaabo-wolf-warrior-king-gt\/#breadcrumb","itemListElement":[{"@type":"ListItem","position":1,"name":"Home","item":"https:\/\/www.xn--tuksimaailm-ffb.ee\/fi\/kotisivu\/"},{"@type":"ListItem","position":2,"name":"Kauppa","item":"https:\/\/www.xn--tuksimaailm-ffb.ee\/elektritoukerataste-pood\/"},{"@type":"ListItem","position":3,"name":"Alkuper\u00e4inen johton suojus Kaabo Wolf Warrior King GT"}]},{"@type":"WebSite","@id":"https:\/\/www.xn--tuksimaailm-ffb.ee\/fi\/#website","url":"https:\/\/www.xn--tuksimaailm-ffb.ee\/fi\/","name":"T\u00f5uksimaailm","description":"Elektrit\u00f5ukerataste m\u00fc\u00fck, remont ja rent","publisher":{"@id":"https:\/\/www.xn--tuksimaailm-ffb.ee\/fi\/#organization"},"potentialAction":[{"@type":"SearchAction","target":{"@type":"EntryPoint","urlTemplate":"https:\/\/www.xn--tuksimaailm-ffb.ee\/fi\/?s={search_term_string}"},"query-input":{"@type":"PropertyValueSpecification","valueRequired":true,"valueName":"search_term_string"}}],"inLanguage":"fi"},{"@type":"Organization","@id":"https:\/\/www.xn--tuksimaailm-ffb.ee\/fi\/#organization","name":"T\u00f5uksimaailm","url":"https:\/\/www.xn--tuksimaailm-ffb.ee\/fi\/","logo":{"@type":"ImageObject","inLanguage":"fi","@id":"https:\/\/www.xn--tuksimaailm-ffb.ee\/fi\/#\/schema\/logo\/image\/","url":"https:\/\/www.xn--tuksimaailm-ffb.ee\/wp-content\/uploads\/2020\/01\/logoz-e1579792875517.png","contentUrl":"https:\/\/www.xn--tuksimaailm-ffb.ee\/wp-content\/uploads\/2020\/01\/logoz-e1579792875517.png","width":250,"height":250,"caption":"T\u00f5uksimaailm"},"image":{"@id":"https:\/\/www.xn--tuksimaailm-ffb.ee\/fi\/#\/schema\/logo\/image\/"},"sameAs":["https:\/\/www.facebook.com\/touksimaailm\/","https:\/\/www.instagram.com\/touksimaailm_\/","https:\/\/www.youtube.com\/channel\/UC18ml0EKIDLP1xGuQjFzcXQ"]}]},"product_price_amount":"29.00","product_price_currency":"EUR","og_availability":"backorder","product_availability":"available for order","product_condition":"new"},"jetpack_sharing_enabled":true,"_links":{"self":[{"href":"https:\/\/www.xn--tuksimaailm-ffb.ee\/fi\/wp-json\/wp\/v2\/product\/62723","targetHints":{"allow":["GET"]}}],"collection":[{"href":"https:\/\/www.xn--tuksimaailm-ffb.ee\/fi\/wp-json\/wp\/v2\/product"}],"about":[{"href":"https:\/\/www.xn--tuksimaailm-ffb.ee\/fi\/wp-json\/wp\/v2\/types\/product"}],"wp:featuredmedia":[{"embeddable":true,"href":"https:\/\/www.xn--tuksimaailm-ffb.ee\/fi\/wp-json\/wp\/v2\/media\/52263"}],"wp:attachment":[{"href":"https:\/\/www.xn--tuksimaailm-ffb.ee\/fi\/wp-json\/wp\/v2\/media?parent=62723"}],"wp:term":[{"taxonomy":"product_brand","embeddable":true,"href":"https:\/\/www.xn--tuksimaailm-ffb.ee\/fi\/wp-json\/wp\/v2\/product_brand?post=62723"},{"taxonomy":"product_cat","embeddable":true,"href":"https:\/\/www.xn--tuksimaailm-ffb.ee\/fi\/wp-json\/wp\/v2\/product_cat?post=62723"},{"taxonomy":"product_tag","embeddable":true,"href":"https:\/\/www.xn--tuksimaailm-ffb.ee\/fi\/wp-json\/wp\/v2\/product_tag?post=62723"},{"taxonomy":"filter_elektritoukeratas","embeddable":true,"href":"https:\/\/www.xn--tuksimaailm-ffb.ee\/fi\/wp-json\/wp\/v2\/filter_elektritoukeratas?post=62723"}],"curies":[{"name":"wp","href":"https:\/\/api.w.org\/{rel}","templated":true}]}}