{"id":78382,"date":"2021-02-05T21:44:02","date_gmt":"2021-02-05T21:44:02","guid":{"rendered":"https:\/\/www.xn--tuksimaailm-ffb.ee\/shop\/xiaomi-1s-pro-2-pultin-suojukset-heijastimet\/"},"modified":"2026-02-08T22:50:43","modified_gmt":"2026-02-08T20:50:43","slug":"xiaomi-1s-pro-2-pultin-suojukset-heijastimet","status":"publish","type":"product","link":"https:\/\/www.xn--tuksimaailm-ffb.ee\/fi\/shop\/xiaomi-1s-pro-2-pultin-suojukset-heijastimet\/","title":{"rendered":"Xiaomi 1S \/ Pro 2 pultin suojukset + heijastimet"},"content":{"rendered":"<p>Pultin suojukset + heijastimet (my\u00f6s muovisuojat, muovisuojat) Xiaomi 1S \/ Pro 2 -s\u00e4hk\u00f6potkulautaan, takapy\u00f6r\u00e4. Sarja sis\u00e4lt\u00e4\u00e4 <strong>2 suojusta ja 2 heijastinta<\/strong>. Xiaomi 1S \/ Pro 2 -s\u00e4hk\u00f6skootterin suojukset + heijastimet sopivat suosittuun s\u00e4hk\u00f6skootteriin. <a href=\"https:\/\/www.mi.com\/global\/mi-electric-scooter-1S\/\"><strong>Xiaomi Mi 1S<\/strong><\/a> ja <a href=\"https:\/\/www.mi.com\/global\/mi-electric-scooter-Pro2\/\"><strong>Xiaomi Mi Pro 2<\/strong><\/a>. Jos Xiaomi Mi -s\u00e4hk\u00f6skootterin korjaaminen on sinulle liikaa, me voimme auttaa. <a href=\"http:\/\/www.xn--tuksimaailm-ffb.ee\/elektrilise-toukeratta-remont\/\"><strong>s\u00e4hk\u00f6skootterin korjaamo<\/strong><\/a>.<\/p>\n","protected":false},"excerpt":{"rendered":"<p>Pultin suojukset + heijastimet (my\u00f6s muovisuojat, muovisuojat) Xiaomi 1S \/ Pro 2 -s\u00e4hk\u00f6potkulautaan, takapy\u00f6r\u00e4. Sarja sis\u00e4lt\u00e4\u00e4 2 suojusta ja 2 heijastinta. Xiaomi 1S \/ Pro 2 -s\u00e4hk\u00f6skootterin suojukset + heijastimet sopivat suosittuun s\u00e4hk\u00f6skootteriin. Xiaomi Mi 1S ja Xiaomi Mi Pro 2. Jos Xiaomi Mi -s\u00e4hk\u00f6skootterin korjaaminen on sinulle liikaa, me &hellip;<\/p>\n","protected":false},"featured_media":22893,"template":"","meta":[],"product_brand":[],"product_cat":[1698],"product_tag":[1706],"filter_elektritoukeratas":[2613,2612],"class_list":{"0":"post-78382","1":"product","2":"type-product","3":"status-publish","4":"has-post-thumbnail","6":"product_cat-varaosat","7":"product_tag-xiaomi-varaosat","8":"filter_elektritoukeratas-ft_xiaomi_1s_mi3_pro_2_3_lite","9":"filter_elektritoukeratas-ft_xiaomi_m365_m365_pro_essential","11":"first","12":"instock","13":"taxable","14":"shipping-taxable","15":"purchasable","16":"product-type-simple"},"yoast_head":"<!-- This site is optimized with the Yoast SEO Premium plugin v26.8 (Yoast SEO v27.5) - https:\/\/yoast.com\/product\/yoast-seo-premium-wordpress\/ -->\n<title>Xiaomi 1S \/ Pro 2 pultin suojukset + heijastimet | T\u00f5uksimaailm% | Varaosat<\/title>\n<meta name=\"description\" content=\"Pulttien suojukset + heijastimet (muovisuojat) Xiaomi 1S \/ Pro 2 -s\u00e4hk\u00f6potkulautaan, takapy\u00f6r\u00e4. Sarja sis\u00e4lt\u00e4\u00e4 2 suojusta ja 2 heijastinta. S\u00e4hk\u00f6skootteri ja varaosat.\" \/>\n<meta name=\"robots\" content=\"index, follow, max-snippet:-1, max-image-preview:large, max-video-preview:-1\" \/>\n<link rel=\"canonical\" href=\"https:\/\/www.xn--tuksimaailm-ffb.ee\/fi\/shop\/xiaomi-1s-pro-2-pultin-suojukset-heijastimet\/\" \/>\n<meta property=\"og:locale\" content=\"fi_FI\" \/>\n<meta property=\"og:type\" content=\"article\" \/>\n<meta property=\"og:title\" content=\"Xiaomi 1S \/ Pro 2 pultin suojukset + heijastimet\" \/>\n<meta property=\"og:description\" content=\"Pulttien suojukset + heijastimet (muovisuojat) Xiaomi 1S \/ Pro 2 -s\u00e4hk\u00f6potkulautaan, takapy\u00f6r\u00e4. Sarja sis\u00e4lt\u00e4\u00e4 2 suojusta ja 2 heijastinta. S\u00e4hk\u00f6skootteri ja varaosat.\" \/>\n<meta property=\"og:url\" content=\"https:\/\/www.xn--tuksimaailm-ffb.ee\/fi\/shop\/xiaomi-1s-pro-2-pultin-suojukset-heijastimet\/\" \/>\n<meta property=\"og:site_name\" content=\"T\u00f5uksimaailm\" \/>\n<meta property=\"article:publisher\" content=\"https:\/\/www.facebook.com\/touksimaailm\/\" \/>\n<meta property=\"article:modified_time\" content=\"2026-02-08T20:50:43+00:00\" \/>\n<meta property=\"og:image\" content=\"https:\/\/www.xn--tuksimaailm-ffb.ee\/wp-content\/uploads\/2021\/02\/1s-plastikkatted-1.png\" \/>\n\t<meta property=\"og:image:width\" content=\"1089\" \/>\n\t<meta property=\"og:image:height\" content=\"753\" \/>\n\t<meta property=\"og:image:type\" content=\"image\/png\" \/>\n<meta name=\"twitter:card\" content=\"summary_large_image\" \/>\n<meta name=\"twitter:label1\" content=\"Hinta\" \/>\n\t<meta name=\"twitter:data1\" content=\"&euro;9.50\" \/>\n\t<meta name=\"twitter:label2\" content=\"Saatavuus\" \/>\n\t<meta name=\"twitter:data2\" content=\"Varastossa\" \/>\n<meta property=\"product:price:amount\" content=\"9.50\" \/>\n<meta property=\"product:price:currency\" content=\"EUR\" \/>\n<meta property=\"og:availability\" content=\"instock\" \/>\n<meta property=\"product:availability\" content=\"instock\" \/>\n<meta property=\"product:retailer_item_id\" content=\"POLDIKATTED-PRO-HELKURIGA\" \/>\n<meta property=\"product:condition\" content=\"new\" \/>\n<!-- \/ Yoast SEO Premium plugin. -->","yoast_head_json":{"title":"Xiaomi 1S \/ Pro 2 pultin suojukset + heijastimet | T\u00f5uksimaailm% | Varaosat","description":"Pulttien suojukset + heijastimet (muovisuojat) Xiaomi 1S \/ Pro 2 -s\u00e4hk\u00f6potkulautaan, takapy\u00f6r\u00e4. Sarja sis\u00e4lt\u00e4\u00e4 2 suojusta ja 2 heijastinta. S\u00e4hk\u00f6skootteri ja varaosat.","robots":{"index":"index","follow":"follow","max-snippet":"max-snippet:-1","max-image-preview":"max-image-preview:large","max-video-preview":"max-video-preview:-1"},"canonical":"https:\/\/www.xn--tuksimaailm-ffb.ee\/fi\/shop\/xiaomi-1s-pro-2-pultin-suojukset-heijastimet\/","og_locale":"fi_FI","og_type":"article","og_title":"Xiaomi 1S \/ Pro 2 pultin suojukset + heijastimet","og_description":"Pulttien suojukset + heijastimet (muovisuojat) Xiaomi 1S \/ Pro 2 -s\u00e4hk\u00f6potkulautaan, takapy\u00f6r\u00e4. Sarja sis\u00e4lt\u00e4\u00e4 2 suojusta ja 2 heijastinta. S\u00e4hk\u00f6skootteri ja varaosat.","og_url":"https:\/\/www.xn--tuksimaailm-ffb.ee\/fi\/shop\/xiaomi-1s-pro-2-pultin-suojukset-heijastimet\/","og_site_name":"T\u00f5uksimaailm","article_publisher":"https:\/\/www.facebook.com\/touksimaailm\/","article_modified_time":"2026-02-08T20:50:43+00:00","og_image":[{"width":1089,"height":753,"url":"https:\/\/www.xn--tuksimaailm-ffb.ee\/wp-content\/uploads\/2021\/02\/1s-plastikkatted-1.png","type":"image\/png"}],"twitter_card":"summary_large_image","twitter_misc":{"Hinta":"&euro;9.50","Saatavuus":"Varastossa"},"schema":{"@context":"https:\/\/schema.org","@graph":[{"@type":"WebPage","@id":"https:\/\/www.xn--tuksimaailm-ffb.ee\/fi\/shop\/xiaomi-1s-pro-2-pultin-suojukset-heijastimet\/","url":"https:\/\/www.xn--tuksimaailm-ffb.ee\/fi\/shop\/xiaomi-1s-pro-2-pultin-suojukset-heijastimet\/","name":"Xiaomi 1S \/ Pro 2 pultin suojukset + heijastimet | T\u00f5uksimaailm% | Varaosat","isPartOf":{"@id":"https:\/\/www.xn--tuksimaailm-ffb.ee\/fi\/#website"},"primaryImageOfPage":{"@id":"https:\/\/www.xn--tuksimaailm-ffb.ee\/fi\/shop\/xiaomi-1s-pro-2-pultin-suojukset-heijastimet\/#primaryimage"},"image":{"@id":"https:\/\/www.xn--tuksimaailm-ffb.ee\/fi\/shop\/xiaomi-1s-pro-2-pultin-suojukset-heijastimet\/#primaryimage"},"thumbnailUrl":"https:\/\/www.xn--tuksimaailm-ffb.ee\/wp-content\/uploads\/2021\/02\/1s-plastikkatted-1.png","datePublished":"2021-02-05T21:44:02+00:00","dateModified":"2026-02-08T20:50:43+00:00","description":"Pulttien suojukset + heijastimet (muovisuojat) Xiaomi 1S \/ Pro 2 -s\u00e4hk\u00f6potkulautaan, takapy\u00f6r\u00e4. Sarja sis\u00e4lt\u00e4\u00e4 2 suojusta ja 2 heijastinta. S\u00e4hk\u00f6skootteri ja varaosat.","breadcrumb":{"@id":"https:\/\/www.xn--tuksimaailm-ffb.ee\/fi\/shop\/xiaomi-1s-pro-2-pultin-suojukset-heijastimet\/#breadcrumb"},"inLanguage":"fi","potentialAction":[{"@type":"ReadAction","target":["https:\/\/www.xn--tuksimaailm-ffb.ee\/fi\/shop\/xiaomi-1s-pro-2-pultin-suojukset-heijastimet\/"]}]},{"@type":"ImageObject","inLanguage":"fi","@id":"https:\/\/www.xn--tuksimaailm-ffb.ee\/fi\/shop\/xiaomi-1s-pro-2-pultin-suojukset-heijastimet\/#primaryimage","url":"https:\/\/www.xn--tuksimaailm-ffb.ee\/wp-content\/uploads\/2021\/02\/1s-plastikkatted-1.png","contentUrl":"https:\/\/www.xn--tuksimaailm-ffb.ee\/wp-content\/uploads\/2021\/02\/1s-plastikkatted-1.png","width":1089,"height":753,"caption":"xiaomi 1s \/ pro 2 nastan suojukset"},{"@type":"BreadcrumbList","@id":"https:\/\/www.xn--tuksimaailm-ffb.ee\/fi\/shop\/xiaomi-1s-pro-2-pultin-suojukset-heijastimet\/#breadcrumb","itemListElement":[{"@type":"ListItem","position":1,"name":"Home","item":"https:\/\/www.xn--tuksimaailm-ffb.ee\/fi\/kotisivu\/"},{"@type":"ListItem","position":2,"name":"Kauppa","item":"https:\/\/www.xn--tuksimaailm-ffb.ee\/elektritoukerataste-pood\/"},{"@type":"ListItem","position":3,"name":"Xiaomi 1S \/ Pro 2 pultin suojukset + heijastimet"}]},{"@type":"WebSite","@id":"https:\/\/www.xn--tuksimaailm-ffb.ee\/fi\/#website","url":"https:\/\/www.xn--tuksimaailm-ffb.ee\/fi\/","name":"T\u00f5uksimaailm","description":"Elektrit\u00f5ukerataste m\u00fc\u00fck, remont ja rent","publisher":{"@id":"https:\/\/www.xn--tuksimaailm-ffb.ee\/fi\/#organization"},"potentialAction":[{"@type":"SearchAction","target":{"@type":"EntryPoint","urlTemplate":"https:\/\/www.xn--tuksimaailm-ffb.ee\/fi\/?s={search_term_string}"},"query-input":{"@type":"PropertyValueSpecification","valueRequired":true,"valueName":"search_term_string"}}],"inLanguage":"fi"},{"@type":"Organization","@id":"https:\/\/www.xn--tuksimaailm-ffb.ee\/fi\/#organization","name":"T\u00f5uksimaailm","url":"https:\/\/www.xn--tuksimaailm-ffb.ee\/fi\/","logo":{"@type":"ImageObject","inLanguage":"fi","@id":"https:\/\/www.xn--tuksimaailm-ffb.ee\/fi\/#\/schema\/logo\/image\/","url":"https:\/\/www.xn--tuksimaailm-ffb.ee\/wp-content\/uploads\/2020\/01\/logoz-e1579792875517.png","contentUrl":"https:\/\/www.xn--tuksimaailm-ffb.ee\/wp-content\/uploads\/2020\/01\/logoz-e1579792875517.png","width":250,"height":250,"caption":"T\u00f5uksimaailm"},"image":{"@id":"https:\/\/www.xn--tuksimaailm-ffb.ee\/fi\/#\/schema\/logo\/image\/"},"sameAs":["https:\/\/www.facebook.com\/touksimaailm\/","https:\/\/www.instagram.com\/touksimaailm_\/","https:\/\/www.youtube.com\/channel\/UC18ml0EKIDLP1xGuQjFzcXQ"]}]},"product_price_amount":"9.50","product_price_currency":"EUR","og_availability":"instock","product_availability":"instock","product_retailer_item_id":"POLDIKATTED-PRO-HELKURIGA","product_condition":"new"},"jetpack_sharing_enabled":true,"_links":{"self":[{"href":"https:\/\/www.xn--tuksimaailm-ffb.ee\/fi\/wp-json\/wp\/v2\/product\/78382","targetHints":{"allow":["GET"]}}],"collection":[{"href":"https:\/\/www.xn--tuksimaailm-ffb.ee\/fi\/wp-json\/wp\/v2\/product"}],"about":[{"href":"https:\/\/www.xn--tuksimaailm-ffb.ee\/fi\/wp-json\/wp\/v2\/types\/product"}],"wp:featuredmedia":[{"embeddable":true,"href":"https:\/\/www.xn--tuksimaailm-ffb.ee\/fi\/wp-json\/wp\/v2\/media\/22893"}],"wp:attachment":[{"href":"https:\/\/www.xn--tuksimaailm-ffb.ee\/fi\/wp-json\/wp\/v2\/media?parent=78382"}],"wp:term":[{"taxonomy":"product_brand","embeddable":true,"href":"https:\/\/www.xn--tuksimaailm-ffb.ee\/fi\/wp-json\/wp\/v2\/product_brand?post=78382"},{"taxonomy":"product_cat","embeddable":true,"href":"https:\/\/www.xn--tuksimaailm-ffb.ee\/fi\/wp-json\/wp\/v2\/product_cat?post=78382"},{"taxonomy":"product_tag","embeddable":true,"href":"https:\/\/www.xn--tuksimaailm-ffb.ee\/fi\/wp-json\/wp\/v2\/product_tag?post=78382"},{"taxonomy":"filter_elektritoukeratas","embeddable":true,"href":"https:\/\/www.xn--tuksimaailm-ffb.ee\/fi\/wp-json\/wp\/v2\/filter_elektritoukeratas?post=78382"}],"curies":[{"name":"wp","href":"https:\/\/api.w.org\/{rel}","templated":true}]}}