{"id":78652,"date":"2026-01-07T00:37:23","date_gmt":"2026-01-06T22:37:23","guid":{"rendered":"https:\/\/www.xn--tuksimaailm-ffb.ee\/shop\/inokim-light-ensimmainen-lokasuoja-lokasuojat\/"},"modified":"2026-01-07T00:37:23","modified_gmt":"2026-01-06T22:37:23","slug":"inokim-light-ensimmainen-lokasuoja-lokasuojat","status":"publish","type":"product","link":"https:\/\/www.xn--tuksimaailm-ffb.ee\/fi\/shop\/inokim-light-ensimmainen-lokasuoja-lokasuojat\/","title":{"rendered":"Inokim Light ensimm\u00e4inen lokasuoja \/ lokasuojat"},"content":{"rendered":"<p>Inokim Light first porauslevy \/ poratanko. Sopii s\u00e4hk\u00f6potkulautaan Inokim Light. <\/p>\n<p>&nbsp;<\/p>\n<p>Jos s\u00e4hk\u00f6py\u00f6r\u00e4si tarvitsee korjausta tai jos sen korjaaminen itse on sinulle liikaa, s\u00e4hk\u00f6py\u00f6r\u00e4alan<a href=\"about:blank\"> erikoisliikkeemme<\/a> voi auttaa. Voimme tehd\u00e4 korjauksia my\u00f6s valmiustilassa. <\/p>\n","protected":false},"excerpt":{"rendered":"<p>Inokim Light first porauslevy \/ poratanko. Sopii s\u00e4hk\u00f6potkulautaan Inokim Light. &nbsp; Jos s\u00e4hk\u00f6py\u00f6r\u00e4si tarvitsee korjausta tai jos sen korjaaminen itse on sinulle liikaa, s\u00e4hk\u00f6py\u00f6r\u00e4alan erikoisliikkeemme voi auttaa. Voimme tehd\u00e4 korjauksia my\u00f6s valmiustilassa.<\/p>\n","protected":false},"featured_media":73119,"template":"","meta":[],"product_brand":[],"product_cat":[1698],"product_tag":[],"filter_elektritoukeratas":[2711,2709],"class_list":{"0":"post-78652","1":"product","2":"type-product","3":"status-publish","4":"has-post-thumbnail","6":"product_cat-varaosat","7":"filter_elektritoukeratas-ft_inokim_light_2_max_super","8":"filter_elektritoukeratas-ft_inokim_light_hero_2_hero","10":"first","11":"instock","12":"taxable","13":"shipping-taxable","14":"purchasable","15":"product-type-simple"},"yoast_head":"<!-- This site is optimized with the Yoast SEO Premium plugin v26.8 (Yoast SEO v27.5) - https:\/\/yoast.com\/product\/yoast-seo-premium-wordpress\/ -->\n<title>Inokim Light ensimm\u00e4inen lokasuoja \/ lokasuojat &#8212; T\u00f5uksimaailm<\/title>\n<meta name=\"description\" content=\"Inokim Light ensimm\u00e4inen porauslauta \/ poraussiipi (tunnetaan my\u00f6s nimell\u00e4 porakenk\u00e4). Sopii s\u00e4hk\u00f6k\u00e4ytt\u00f6iselle juoksupy\u00f6r\u00e4lle Inokim Light. Inokim Original varaosa.\" \/>\n<meta name=\"robots\" content=\"index, follow, max-snippet:-1, max-image-preview:large, max-video-preview:-1\" \/>\n<link rel=\"canonical\" href=\"https:\/\/www.xn--tuksimaailm-ffb.ee\/fi\/shop\/inokim-light-ensimmainen-lokasuoja-lokasuojat\/\" \/>\n<meta property=\"og:locale\" content=\"fi_FI\" \/>\n<meta property=\"og:type\" content=\"article\" \/>\n<meta property=\"og:title\" content=\"Inokim Light ensimm\u00e4inen lokasuoja \/ lokasuojat\" \/>\n<meta property=\"og:description\" content=\"Inokim Light ensimm\u00e4inen porauslauta \/ poraussiipi (tunnetaan my\u00f6s nimell\u00e4 porakenk\u00e4). Sopii s\u00e4hk\u00f6k\u00e4ytt\u00f6iselle juoksupy\u00f6r\u00e4lle Inokim Light. Inokim Original varaosa.\" \/>\n<meta property=\"og:url\" content=\"https:\/\/www.xn--tuksimaailm-ffb.ee\/fi\/shop\/inokim-light-ensimmainen-lokasuoja-lokasuojat\/\" \/>\n<meta property=\"og:site_name\" content=\"T\u00f5uksimaailm\" \/>\n<meta property=\"article:publisher\" content=\"https:\/\/www.facebook.com\/touksimaailm\/\" \/>\n<meta property=\"og:image\" content=\"https:\/\/www.xn--tuksimaailm-ffb.ee\/wp-content\/uploads\/2026\/01\/Screenshot-2026-01-07-003659.webp\" \/>\n\t<meta property=\"og:image:width\" content=\"558\" \/>\n\t<meta property=\"og:image:height\" content=\"531\" \/>\n\t<meta property=\"og:image:type\" content=\"image\/webp\" \/>\n<meta name=\"twitter:card\" content=\"summary_large_image\" \/>\n<meta name=\"twitter:label1\" content=\"Hinta\" \/>\n\t<meta name=\"twitter:data1\" content=\"&euro;25.00\" \/>\n\t<meta name=\"twitter:label2\" content=\"Saatavuus\" \/>\n\t<meta name=\"twitter:data2\" content=\"Varastossa\" \/>\n<meta property=\"product:price:amount\" content=\"25.00\" \/>\n<meta property=\"product:price:currency\" content=\"EUR\" \/>\n<meta property=\"og:availability\" content=\"instock\" \/>\n<meta property=\"product:availability\" content=\"instock\" \/>\n<meta property=\"product:condition\" content=\"new\" \/>\n<!-- \/ Yoast SEO Premium plugin. -->","yoast_head_json":{"title":"Inokim Light ensimm\u00e4inen lokasuoja \/ lokasuojat &#8212; T\u00f5uksimaailm","description":"Inokim Light ensimm\u00e4inen porauslauta \/ poraussiipi (tunnetaan my\u00f6s nimell\u00e4 porakenk\u00e4). Sopii s\u00e4hk\u00f6k\u00e4ytt\u00f6iselle juoksupy\u00f6r\u00e4lle Inokim Light. Inokim Original varaosa.","robots":{"index":"index","follow":"follow","max-snippet":"max-snippet:-1","max-image-preview":"max-image-preview:large","max-video-preview":"max-video-preview:-1"},"canonical":"https:\/\/www.xn--tuksimaailm-ffb.ee\/fi\/shop\/inokim-light-ensimmainen-lokasuoja-lokasuojat\/","og_locale":"fi_FI","og_type":"article","og_title":"Inokim Light ensimm\u00e4inen lokasuoja \/ lokasuojat","og_description":"Inokim Light ensimm\u00e4inen porauslauta \/ poraussiipi (tunnetaan my\u00f6s nimell\u00e4 porakenk\u00e4). Sopii s\u00e4hk\u00f6k\u00e4ytt\u00f6iselle juoksupy\u00f6r\u00e4lle Inokim Light. Inokim Original varaosa.","og_url":"https:\/\/www.xn--tuksimaailm-ffb.ee\/fi\/shop\/inokim-light-ensimmainen-lokasuoja-lokasuojat\/","og_site_name":"T\u00f5uksimaailm","article_publisher":"https:\/\/www.facebook.com\/touksimaailm\/","og_image":[{"width":558,"height":531,"url":"https:\/\/www.xn--tuksimaailm-ffb.ee\/wp-content\/uploads\/2026\/01\/Screenshot-2026-01-07-003659.webp","type":"image\/webp"}],"twitter_card":"summary_large_image","twitter_misc":{"Hinta":"&euro;25.00","Saatavuus":"Varastossa"},"schema":{"@context":"https:\/\/schema.org","@graph":[{"@type":"WebPage","@id":"https:\/\/www.xn--tuksimaailm-ffb.ee\/fi\/shop\/inokim-light-ensimmainen-lokasuoja-lokasuojat\/","url":"https:\/\/www.xn--tuksimaailm-ffb.ee\/fi\/shop\/inokim-light-ensimmainen-lokasuoja-lokasuojat\/","name":"Inokim Light ensimm\u00e4inen lokasuoja \/ lokasuojat &#8212; T\u00f5uksimaailm","isPartOf":{"@id":"https:\/\/www.xn--tuksimaailm-ffb.ee\/fi\/#website"},"primaryImageOfPage":{"@id":"https:\/\/www.xn--tuksimaailm-ffb.ee\/fi\/shop\/inokim-light-ensimmainen-lokasuoja-lokasuojat\/#primaryimage"},"image":{"@id":"https:\/\/www.xn--tuksimaailm-ffb.ee\/fi\/shop\/inokim-light-ensimmainen-lokasuoja-lokasuojat\/#primaryimage"},"thumbnailUrl":"https:\/\/www.xn--tuksimaailm-ffb.ee\/wp-content\/uploads\/2026\/01\/Screenshot-2026-01-07-003659.webp","datePublished":"2026-01-06T22:37:23+00:00","description":"Inokim Light ensimm\u00e4inen porauslauta \/ poraussiipi (tunnetaan my\u00f6s nimell\u00e4 porakenk\u00e4). Sopii s\u00e4hk\u00f6k\u00e4ytt\u00f6iselle juoksupy\u00f6r\u00e4lle Inokim Light. Inokim Original varaosa.","breadcrumb":{"@id":"https:\/\/www.xn--tuksimaailm-ffb.ee\/fi\/shop\/inokim-light-ensimmainen-lokasuoja-lokasuojat\/#breadcrumb"},"inLanguage":"fi","potentialAction":[{"@type":"ReadAction","target":["https:\/\/www.xn--tuksimaailm-ffb.ee\/fi\/shop\/inokim-light-ensimmainen-lokasuoja-lokasuojat\/"]}]},{"@type":"ImageObject","inLanguage":"fi","@id":"https:\/\/www.xn--tuksimaailm-ffb.ee\/fi\/shop\/inokim-light-ensimmainen-lokasuoja-lokasuojat\/#primaryimage","url":"https:\/\/www.xn--tuksimaailm-ffb.ee\/wp-content\/uploads\/2026\/01\/Screenshot-2026-01-07-003659.webp","contentUrl":"https:\/\/www.xn--tuksimaailm-ffb.ee\/wp-content\/uploads\/2026\/01\/Screenshot-2026-01-07-003659.webp","width":558,"height":531,"caption":"Inokim Light ensimm\u00e4inen lokasuoja \/ lokasuojat"},{"@type":"BreadcrumbList","@id":"https:\/\/www.xn--tuksimaailm-ffb.ee\/fi\/shop\/inokim-light-ensimmainen-lokasuoja-lokasuojat\/#breadcrumb","itemListElement":[{"@type":"ListItem","position":1,"name":"Home","item":"https:\/\/www.xn--tuksimaailm-ffb.ee\/fi\/kotisivu\/"},{"@type":"ListItem","position":2,"name":"Kauppa","item":"https:\/\/www.xn--tuksimaailm-ffb.ee\/elektritoukerataste-pood\/"},{"@type":"ListItem","position":3,"name":"Inokim Light ensimm\u00e4inen lokasuoja \/ lokasuojat"}]},{"@type":"WebSite","@id":"https:\/\/www.xn--tuksimaailm-ffb.ee\/fi\/#website","url":"https:\/\/www.xn--tuksimaailm-ffb.ee\/fi\/","name":"T\u00f5uksimaailm","description":"Elektrit\u00f5ukerataste m\u00fc\u00fck, remont ja rent","publisher":{"@id":"https:\/\/www.xn--tuksimaailm-ffb.ee\/fi\/#organization"},"potentialAction":[{"@type":"SearchAction","target":{"@type":"EntryPoint","urlTemplate":"https:\/\/www.xn--tuksimaailm-ffb.ee\/fi\/?s={search_term_string}"},"query-input":{"@type":"PropertyValueSpecification","valueRequired":true,"valueName":"search_term_string"}}],"inLanguage":"fi"},{"@type":"Organization","@id":"https:\/\/www.xn--tuksimaailm-ffb.ee\/fi\/#organization","name":"T\u00f5uksimaailm","url":"https:\/\/www.xn--tuksimaailm-ffb.ee\/fi\/","logo":{"@type":"ImageObject","inLanguage":"fi","@id":"https:\/\/www.xn--tuksimaailm-ffb.ee\/fi\/#\/schema\/logo\/image\/","url":"https:\/\/www.xn--tuksimaailm-ffb.ee\/wp-content\/uploads\/2020\/01\/logoz-e1579792875517.png","contentUrl":"https:\/\/www.xn--tuksimaailm-ffb.ee\/wp-content\/uploads\/2020\/01\/logoz-e1579792875517.png","width":250,"height":250,"caption":"T\u00f5uksimaailm"},"image":{"@id":"https:\/\/www.xn--tuksimaailm-ffb.ee\/fi\/#\/schema\/logo\/image\/"},"sameAs":["https:\/\/www.facebook.com\/touksimaailm\/","https:\/\/www.instagram.com\/touksimaailm_\/","https:\/\/www.youtube.com\/channel\/UC18ml0EKIDLP1xGuQjFzcXQ"]}]},"product_price_amount":"25.00","product_price_currency":"EUR","og_availability":"instock","product_availability":"instock","product_condition":"new"},"jetpack_sharing_enabled":true,"_links":{"self":[{"href":"https:\/\/www.xn--tuksimaailm-ffb.ee\/fi\/wp-json\/wp\/v2\/product\/78652","targetHints":{"allow":["GET"]}}],"collection":[{"href":"https:\/\/www.xn--tuksimaailm-ffb.ee\/fi\/wp-json\/wp\/v2\/product"}],"about":[{"href":"https:\/\/www.xn--tuksimaailm-ffb.ee\/fi\/wp-json\/wp\/v2\/types\/product"}],"wp:featuredmedia":[{"embeddable":true,"href":"https:\/\/www.xn--tuksimaailm-ffb.ee\/fi\/wp-json\/wp\/v2\/media\/73119"}],"wp:attachment":[{"href":"https:\/\/www.xn--tuksimaailm-ffb.ee\/fi\/wp-json\/wp\/v2\/media?parent=78652"}],"wp:term":[{"taxonomy":"product_brand","embeddable":true,"href":"https:\/\/www.xn--tuksimaailm-ffb.ee\/fi\/wp-json\/wp\/v2\/product_brand?post=78652"},{"taxonomy":"product_cat","embeddable":true,"href":"https:\/\/www.xn--tuksimaailm-ffb.ee\/fi\/wp-json\/wp\/v2\/product_cat?post=78652"},{"taxonomy":"product_tag","embeddable":true,"href":"https:\/\/www.xn--tuksimaailm-ffb.ee\/fi\/wp-json\/wp\/v2\/product_tag?post=78652"},{"taxonomy":"filter_elektritoukeratas","embeddable":true,"href":"https:\/\/www.xn--tuksimaailm-ffb.ee\/fi\/wp-json\/wp\/v2\/filter_elektritoukeratas?post=78652"}],"curies":[{"name":"wp","href":"https:\/\/api.w.org\/{rel}","templated":true}]}}