{"id":17838,"date":"2020-01-23T12:06:14","date_gmt":"2020-01-23T10:06:14","guid":{"rendered":"http:\/\/www.xn--tuksimaailm-ffb.ee\/%d0%ba%d0%be%d0%bd%d1%82%d0%b0%d0%ba%d1%82\/"},"modified":"2026-04-15T15:32:20","modified_gmt":"2026-04-15T12:32:20","slug":"%d0%ba%d0%be%d0%bd%d1%82%d0%b0%d0%ba%d1%82","status":"publish","type":"page","link":"https:\/\/www.xn--tuksimaailm-ffb.ee\/ru\/%d0%ba%d0%be%d0%bd%d1%82%d0%b0%d0%ba%d1%82\/","title":{"rendered":"\u043a\u043e\u043d\u0442\u0430\u043a\u0442 | \u043c\u0430\u0433\u0430\u0437\u0438\u043d\u044b"},"content":{"rendered":"\n<p><p>T\u00f5uksimaailm \u043c\u0430\u0433\u0430\u0437\u0438\u043d\u044b \u044d\u043b\u0435\u043a\u0442\u0440\u043e\u0441\u0430\u043c\u043e\u043a\u0430\u0442\u043e\u0432, \u044d\u043b\u0435\u043a\u0442\u0440\u043e\u0432\u0435\u043b\u043e\u0441\u0438\u043f\u0435\u0434\u043e\u0432, \u044d\u043b\u0435\u043a\u0442\u0440\u043e\u0441\u043a\u0435\u0439\u0442\u0431\u043e\u0440\u0434\u043e\u0432, \u044d\u043b\u0435\u043a\u0442\u0440\u043e\u043c\u043e\u0442\u043e\u0446\u0438\u043a\u043b\u043e\u0432 \u0438 \u0438\u0445 \u0437\u0430\u043f\u0447\u0430\u0441\u0442\u0435\u0439\/\u0434\u043e\u043f\u043e\u043b\u043d\u0438\u0442\u0435\u043b\u044c\u043d\u043e\u0433\u043e \u043e\u0431\u043e\u0440\u0443\u0434\u043e\u0432\u0430\u043d\u0438\u044f, \u0430 \u0442\u0430\u043a\u0436\u0435 \u043c\u0430\u0441\u0442\u0435\u0440\u0441\u043a\u0438\u0435 \u0440\u0430\u0441\u043f\u043e\u043b\u043e\u0436\u0435\u043d\u044b:<\/p><\/p>\n\n\n\n<ol class=\"wp-block-list\">\n<li>P\u00f5hja-Tallinn, Kalamaja, T\u00f6\u00f6stuse 47a (Volta \u0416\u0438\u043b\u0438\u0449\u0435):\n<ul class=\"wp-block-list\">\n<li><p>\u041c\u0430\u0433\u0430\u0437\u0438\u043d: <strong>+372 5650 5933<\/strong> (EE \/ EN)<\/p><\/li>\n\n\n\n<li><p>M\u0430\u0441\u0442\u0435\u0440\u0441\u043a\u0430\u044f: <strong>+372 5650 5933<\/strong> (EE \/ EN)<\/p><\/li>\n\n\n\n<li><p>\u042d\u043b\u0435\u043a\u0442\u0440\u043e\u043d\u043d\u044b\u0439 \u0430\u0434\u0440\u0435\u0441:<strong> tallinn@touksimaailm.ee<\/strong><\/p><\/li>\n<\/ul>\n<\/li>\n\n\n\n<li>Tartu, Aardla 23:\n<ul class=\"wp-block-list\">\n<li><p>\u041c\u0430\u0433\u0430\u0437\u0438\u043d \u0438 \u043c\u0430\u0441\u0442\u0435\u0440\u0441\u043a\u0430\u044f: <strong>+372 5457 2804<\/strong> (EE \/ EN)<\/p><\/li>\n\n\n\n<li><p>\u042d\u043b\u0435\u043a\u0442\u0440\u043e\u043d\u043d\u044b\u0439 \u0430\u0434\u0440\u0435\u0441: <strong>tartu@touksimaailm.ee<\/strong><\/p><\/li>\n<\/ul>\n<\/li>\n<\/ol>\n\n\n\n<p>\u041f\u0440\u0438\u0445\u043e\u0434\u0438\u0442\u0435 \u043a \u043d\u0430\u043c! \u0412 \u043d\u0430\u0448\u0435\u043c \u0441\u0430\u043b\u043e\u043d\u0435 \u044d\u043b\u0435\u043a\u0442\u0440\u0438\u0447\u0435\u0441\u043a\u0438\u0445 \u0441\u0430\u043c\u043e\u043a\u0430\u0442\u043e\u0432, \u0432\u0435\u043b\u043e\u0441\u0438\u043f\u0435\u0434\u043e\u0432, \u044d\u043b\u0435\u043a\u0442\u0440\u0438\u0447\u0435\u0441\u043a\u0438\u0445 \u0440\u043e\u043b\u0438\u043a\u043e\u0432 \u0438 \u043c\u043e\u0442\u043e\u0446\u0438\u043a\u043b\u043e\u0432 \u0443 \u0432\u0430\u0441 \u0435\u0441\u0442\u044c \u0432\u043e\u0437\u043c\u043e\u0436\u043d\u043e\u0441\u0442\u044c \u043f\u043e\u043f\u0440\u043e\u0431\u043e\u0432\u0430\u0442\u044c \u043d\u0430\u0448\u0438 \u0442\u043e\u0432\u0430\u0440\u044b \u043d\u0430 \u0442\u0435\u0441\u0442-\u0434\u0440\u0430\u0439\u0432\u0435. \u0412\u044b\u0431\u0435\u0440\u0438\u0442\u0435 \u043f\u043e\u0434\u0445\u043e\u0434\u044f\u0449\u0438\u0439 \u0432\u0430\u043c \u044d\u043b\u0435\u043a\u0442\u0440\u0438\u0447\u0435\u0441\u043a\u0438\u0439 \u0441\u0430\u043c\u043e\u043a\u0430\u0442, \u0434\u0440\u0443\u0433\u043e\u0439 \u044d\u043b\u0435\u043a\u0442\u0440\u0438\u0447\u0435\u0441\u043a\u0438\u0439 \u0442\u0440\u0430\u043d\u0441\u043f\u043e\u0440\u0442, \u0438\u043b\u0438 \u043f\u0440\u043e\u0441\u0442\u043e \u0441\u043f\u0440\u043e\u0441\u0438\u0442\u0435 \u0441\u043e\u0432\u0435\u0442\u0430.<\/p>\n\n\n\n<p>\u0414\u0440\u0443\u0433\u0438\u0435 \u043a\u043e\u043d\u0442\u0430\u043a\u0442\u044b:<\/p>\n\n\n\n<p><p>\u0417\u0430\u043f\u0440\u043e\u0441\u044b \u0446\u0435\u043d, \u043e\u0431\u0449\u0430\u044f \u0438\u043d\u0444\u043e\u0440\u043c\u0430\u0446\u0438\u044f, \u043f\u0440\u0435\u0434\u043b\u043e\u0436\u0435\u043d\u0438\u044f \u043e \u0441\u043e\u0442\u0440\u0443\u0434\u043d\u0438\u0447\u0435\u0441\u0442\u0432\u0435 \u0438 \u0432\u043e\u043f\u0440\u043e\u0441\u044b \u043f\u043e \u0441\u0447\u0435\u0442\u0430\u043c: <strong><a target=\"_new\" rel=\"noopener\">info@touksimaailm.ee<\/a><\/strong> <br\/>\u0418\u043d\u0444\u043e\u0440\u043c\u0430\u0446\u0438\u044f \u043e \u0437\u0430\u043a\u0430\u0437\u0430\u0445 \u0438 \u043d\u0430\u043b\u0438\u0447\u0438\u0438 \u0442\u043e\u0432\u0430\u0440\u0430 \u0432 \u0438\u043d\u0442\u0435\u0440\u043d\u0435\u0442-\u043c\u0430\u0433\u0430\u0437\u0438\u043d\u0435: <strong>+372 5650 5933<\/strong> (EE \/ EN) <br\/>\u041f\u0440\u0435\u0434\u043b\u043e\u0436\u0435\u043d\u0438\u044f \u043e \u0441\u043e\u0442\u0440\u0443\u0434\u043d\u0438\u0447\u0435\u0441\u0442\u0432\u0435, \u043e\u0431\u0449\u0430\u044f \u0438\u043d\u0444\u043e\u0440\u043c\u0430\u0446\u0438\u044f: <strong>+372 5303 4917<\/strong> (EE \/ EN) <br\/>\u0418\u043d\u0444\u043e\u0440\u043c\u0430\u0446\u0438\u043e\u043d\u043d\u0430\u044f \u0441\u043b\u0443\u0436\u0431\u0430 \u043f\u043e \u0430\u0440\u0435\u043d\u0434\u0435 \u044d\u043b\u0435\u043a\u0442\u0440\u043e\u0441\u0430\u043c\u043e\u043a\u0430\u0442\u043e\u0432 \u0438 \u044d\u043b\u0435\u043a\u0442\u0440\u043e\u0441\u043a\u0443\u0442\u0435\u0440\u043e\u0432: <strong>+372 5303 4581<\/strong> (EE \/ EN)<\/p><\/p>\n\n\n\n<hr class=\"wp-block-separator has-css-opacity\"\/>\n\n\n\n<div class=\"wp-block-group\"><div class=\"wp-block-group__inner-container is-layout-flow wp-block-group-is-layout-flow\">\u00a0<\/div><\/div>\n\n\n\n<div class=\"wp-block-column is-layout-flow wp-block-column-is-layout-flow\">\n<p class=\"has-text-align-center\"><\/p>\n\n\n\n<p>\u041f\u0440\u0435\u0434\u0441\u0442\u0430\u0432\u0438\u0442\u0435\u043b\u044c\u0441\u0442\u0432\u043e \u0432 \u0422\u0430\u043b\u043b\u0438\u043d\u0435 \u043e\u0442\u043a\u0440\u044b\u0442\u043e: <br><strong>\u041f\u043d-<strong>\u041f\u0442<\/strong> 9:00-18:00 <\/strong><br><strong>\u0421\u0431<\/strong> - <strong>9:00-16:00<\/strong><\/p>\n\n\n\n<p><\/p>\n\n\n\n<p class=\"has-text-align-center\"><\/p>\n\n\n\n<p>\u041f\u0440\u0435\u0434\u0441\u0442\u0430\u0432\u0438\u0442\u0435\u043b\u044c\u0441\u0442\u0432\u043e \u0432 \u0422\u0430\u0440\u0442\u0443 \u043e\u0442\u043a\u0440\u044b\u0442\u043e: <br><strong>\u041f\u043d-<strong>\u041f\u0442<\/strong> 11:00-18:00 <\/strong><br><strong>\u0421\u0431<\/strong>-<strong>\u0412\u0441 - \u0417\u0430\u043a\u0440\u044b\u0442\u043e<\/strong><\/p>\n\n\n\n<p><\/p>\n<\/div>\n\n\n<p><!-- \/wp:post-content --><\/p>\n<p><!-- \/wp:group --><\/p>\n<p><!-- wp:separator --><\/p>\n<div class=\"wp-block-group\">\n<div class=\"wp-block-columns\">\n<div class=\"wp-block-column\" style=\"padding: 0 0.5rem 0 0.5rem;\"><iframe style=\"border: 0;\" src=\"https:\/\/www.google.com\/maps\/embed?pb=!1m18!1m12!1m3!1d507.02255093018425!2d24.726500029267815!3d59.4482470988563!2m3!1f0!2f0!3f0!3m2!1i1024!2i768!4f13.1!3m3!1m2!1s0x469293788c483b79%3A0x423c9a86b7be3e55!2sT%C3%B6%C3%B6stuse%2047a%2C%2010411%20Tallinn!5e0!3m2!1sen!2see!4v1579785889071!5m2!1sen!2see\" width=\"400\" height=\"450\" frameborder=\"0\" allowfullscreen=\"allowfullscreen\"><\/iframe><br \/><!-- \/wp:html --><\/div>\n<div class=\"wp-block-column\" style=\"padding: 0 0.5rem 0 0.5rem; text-align: right;\"><iframe style=\"border: 0;\" src=\"https:\/\/www.google.com\/maps\/embed?pb=!1m18!1m12!1m3!1d622.3202634705681!2d26.717414881299987!3d58.355834350854366!2m3!1f0!2f0!3f0!3m2!1i1024!2i768!4f13.1!3m3!1m2!1s0x46eb3739900ecd33%3A0x5d6ef45c88c4048d!2sAardla%2023%2C%2050110%20Tartu!5e0!3m2!1set!2see!4v1684965237357!5m2!1set!2see\" width=\"400\" height=\"450\" allowfullscreen=\"allowfullscreen\"><\/iframe><\/div>\n<\/div>\n<p><!-- \/wp:columns --><\/p>\n<\/div>\n<p><!-- \/wp:group --><\/p>\n<p><!-- wp:separator --><\/p>\n<hr class=\"wp-block-separator\" \/><!-- \/wp:separator --><\/p>\n<p><!-- wp:paragraph {\"align\":\"center\"} --><\/p>\n<p class=\"has-text-align-center\">ExoCool O\u00dc<br \/>\u0420\u0435\u0433\u0438\u0441\u0442\u0440\u0430\u0446\u0438\u043e\u043d\u043d\u044b\u0439 \u043a\u043e\u0434: 12857616<br \/>\u041a\u043e\u0434 \u043d\u0430\u043b\u043e\u0433\u0430 \u043d\u0430 \u0434\u043e\u0431\u0430\u0432\u043b\u0435\u043d\u043d\u0443\u044e \u0441\u0442\u043e\u0438\u043c\u043e\u0441\u0442\u044c: EE102121227<br \/>T\u00f6\u00f6stuse 47a, Tallinn, 10416<\/p>\n<p><!-- \/wp:paragraph --><\/p>","protected":false},"excerpt":{"rendered":"<p>T\u00f5uksimaailm \u043c\u0430\u0433\u0430\u0437\u0438\u043d\u044b \u044d\u043b\u0435\u043a\u0442\u0440\u043e\u0441\u0430\u043c\u043e\u043a\u0430\u0442\u043e\u0432, \u044d\u043b\u0435\u043a\u0442\u0440\u043e\u0432\u0435\u043b\u043e\u0441\u0438\u043f\u0435\u0434\u043e\u0432, \u044d\u043b\u0435\u043a\u0442\u0440\u043e\u0441\u043a\u0435\u0439\u0442\u0431\u043e\u0440\u0434\u043e\u0432, \u044d\u043b\u0435\u043a\u0442\u0440\u043e\u043c\u043e\u0442\u043e\u0446\u0438\u043a\u043b\u043e\u0432 \u0438 \u0438\u0445 \u0437\u0430\u043f\u0447\u0430\u0441\u0442\u0435\u0439\/\u0434\u043e\u043f\u043e\u043b\u043d\u0438\u0442\u0435\u043b\u044c\u043d\u043e\u0433\u043e \u043e\u0431\u043e\u0440\u0443\u0434\u043e\u0432\u0430\u043d\u0438\u044f, \u0430 \u0442\u0430\u043a\u0436\u0435 \u043c\u0430\u0441\u0442\u0435\u0440\u0441\u043a\u0438\u0435 \u0440\u0430\u0441\u043f\u043e\u043b\u043e\u0436\u0435\u043d\u044b: \u041f\u0440\u0438\u0445\u043e\u0434\u0438\u0442\u0435 \u043a \u043d\u0430\u043c! \u0412 \u043d\u0430\u0448\u0435\u043c \u0441\u0430\u043b\u043e\u043d\u0435 \u044d\u043b\u0435\u043a\u0442\u0440\u0438\u0447\u0435\u0441\u043a\u0438\u0445 \u0441\u0430\u043c\u043e\u043a\u0430\u0442\u043e\u0432, \u0432\u0435\u043b\u043e\u0441\u0438\u043f\u0435\u0434\u043e\u0432, \u044d\u043b\u0435\u043a\u0442\u0440\u0438\u0447\u0435\u0441\u043a\u0438\u0445 \u0440\u043e\u043b\u0438\u043a\u043e\u0432 \u0438 \u043c\u043e\u0442\u043e\u0446\u0438\u043a\u043b\u043e\u0432 \u0443 \u0432\u0430\u0441 \u0435\u0441\u0442\u044c \u0432\u043e\u0437\u043c\u043e\u0436\u043d\u043e\u0441\u0442\u044c \u043f\u043e\u043f\u0440\u043e\u0431\u043e\u0432\u0430\u0442\u044c \u043d\u0430\u0448\u0438 \u0442\u043e\u0432\u0430\u0440\u044b \u043d\u0430 \u0442\u0435\u0441\u0442-\u0434\u0440\u0430\u0439\u0432\u0435. \u0412\u044b\u0431\u0435\u0440\u0438\u0442\u0435 \u043f\u043e\u0434\u0445\u043e\u0434\u044f\u0449\u0438\u0439 \u0432\u0430\u043c \u044d\u043b\u0435\u043a\u0442\u0440\u0438\u0447\u0435\u0441\u043a\u0438\u0439 \u0441\u0430\u043c\u043e\u043a\u0430\u0442, \u0434\u0440\u0443\u0433\u043e\u0439 \u044d\u043b\u0435\u043a\u0442\u0440\u0438\u0447\u0435\u0441\u043a\u0438\u0439 \u0442\u0440\u0430\u043d\u0441\u043f\u043e\u0440\u0442, \u0438\u043b\u0438 \u043f\u0440\u043e\u0441\u0442\u043e \u0441\u043f\u0440\u043e\u0441\u0438\u0442\u0435 \u0441\u043e\u0432\u0435\u0442\u0430. \u0414\u0440\u0443\u0433\u0438\u0435 \u043a\u043e\u043d\u0442\u0430\u043a\u0442\u044b: &hellip;<\/p>\n","protected":false},"author":1,"featured_media":16514,"parent":0,"menu_order":0,"comment_status":"closed","ping_status":"closed","template":"","meta":{"footnotes":""},"class_list":["post-17838","page","type-page","status-publish","has-post-thumbnail","hentry"],"yoast_head":"<!-- This site is optimized with the Yoast SEO Premium plugin v26.8 (Yoast SEO v27.5) - https:\/\/yoast.com\/product\/yoast-seo-premium-wordpress\/ -->\n<title>\u043a\u043e\u043d\u0442\u0430\u043a\u0442 | \u043c\u0430\u0433\u0430\u0437\u0438\u043d\u044b &#8212; T\u00f5uksimaailm &#8212; \u041f\u0440\u0438\u0445\u043e\u0434\u0438\u0442\u0435 \u0438 \u043f\u043e\u0437\u043d\u0430\u043a\u043e\u043c\u044c\u0442\u0435\u0441\u044c \u0441 \u044d\u043b\u0435\u043a\u0442\u0440\u043e\u0441\u0430\u043c\u043e\u043a\u0430\u0442\u0430\u043c\u0438!<\/title>\n<meta name=\"description\" content=\"\u041c\u0430\u0433\u0430\u0437\u0438\u043d\u044b T\u00f5uksimaailm, \u043c\u0430\u0441\u0442\u0435\u0440\u0441\u043a\u0430\u044f, \u0430 \u0442\u0430\u043a\u0436\u0435 \u043c\u0430\u0433\u0430\u0437\u0438\u043d\u044b \u044d\u043b\u0435\u043a\u0442\u0440\u043e\u0441\u0430\u043c\u043e\u043a\u0430\u0442\u043e\u0432, \u044d\u043b\u0435\u043a\u0442\u0440\u043e\u0432\u0435\u043b\u043e\u0441\u0438\u043f\u0435\u0434\u043e\u0432, \u044d\u043b\u0435\u043a\u0442\u0440\u043e\u0441\u043a\u0435\u0439\u0442\u0431\u043e\u0440\u0434\u043e\u0432 \u0438 \u044d\u043b\u0435\u043a\u0442\u0440\u043e\u043c\u043e\u0442\u043e\u0446\u0438\u043a\u043b\u043e\u0432. \u041f\u0440\u0438\u0445\u043e\u0434\u0438\u0442\u0435 \u043d\u0430 \u0442\u0435\u0441\u0442-\u0434\u0440\u0430\u0439\u0432!\" \/>\n<meta name=\"robots\" content=\"index, follow, max-snippet:-1, max-image-preview:large, max-video-preview:-1\" \/>\n<link rel=\"canonical\" href=\"https:\/\/www.xn--tuksimaailm-ffb.ee\/ru\/%d0%ba%d0%be%d0%bd%d1%82%d0%b0%d0%ba%d1%82\/\" \/>\n<meta property=\"og:locale\" content=\"ru_RU\" \/>\n<meta property=\"og:type\" content=\"article\" \/>\n<meta property=\"og:title\" content=\"\u043a\u043e\u043d\u0442\u0430\u043a\u0442 | \u043c\u0430\u0433\u0430\u0437\u0438\u043d\u044b\" \/>\n<meta property=\"og:description\" content=\"\u041c\u0430\u0433\u0430\u0437\u0438\u043d\u044b T\u00f5uksimaailm, \u043c\u0430\u0441\u0442\u0435\u0440\u0441\u043a\u0430\u044f, \u0430 \u0442\u0430\u043a\u0436\u0435 \u043c\u0430\u0433\u0430\u0437\u0438\u043d\u044b \u044d\u043b\u0435\u043a\u0442\u0440\u043e\u0441\u0430\u043c\u043e\u043a\u0430\u0442\u043e\u0432, \u044d\u043b\u0435\u043a\u0442\u0440\u043e\u0432\u0435\u043b\u043e\u0441\u0438\u043f\u0435\u0434\u043e\u0432, \u044d\u043b\u0435\u043a\u0442\u0440\u043e\u0441\u043a\u0435\u0439\u0442\u0431\u043e\u0440\u0434\u043e\u0432 \u0438 \u044d\u043b\u0435\u043a\u0442\u0440\u043e\u043c\u043e\u0442\u043e\u0446\u0438\u043a\u043b\u043e\u0432. \u041f\u0440\u0438\u0445\u043e\u0434\u0438\u0442\u0435 \u043d\u0430 \u0442\u0435\u0441\u0442-\u0434\u0440\u0430\u0439\u0432!\" \/>\n<meta property=\"og:url\" content=\"https:\/\/www.xn--tuksimaailm-ffb.ee\/ru\/%d0%ba%d0%be%d0%bd%d1%82%d0%b0%d0%ba%d1%82\/\" \/>\n<meta property=\"og:site_name\" content=\"T\u00f5uksimaailm\" \/>\n<meta property=\"article:publisher\" content=\"https:\/\/www.facebook.com\/touksimaailm\/\" \/>\n<meta property=\"article:modified_time\" content=\"2026-04-15T12:32:20+00:00\" \/>\n<meta property=\"og:image\" content=\"https:\/\/www.xn--tuksimaailm-ffb.ee\/wp-content\/uploads\/2022\/01\/Touksimaailm-vaaike.jpg\" \/>\n\t<meta property=\"og:image:width\" content=\"1828\" \/>\n\t<meta property=\"og:image:height\" content=\"751\" \/>\n\t<meta property=\"og:image:type\" content=\"image\/jpeg\" \/>\n<meta name=\"twitter:card\" content=\"summary_large_image\" \/>\n<meta name=\"twitter:label1\" content=\"\u041f\u0440\u0438\u043c\u0435\u0440\u043d\u043e\u0435 \u0432\u0440\u0435\u043c\u044f \u0434\u043b\u044f \u0447\u0442\u0435\u043d\u0438\u044f\" \/>\n\t<meta name=\"twitter:data1\" content=\"2 \u043c\u0438\u043d\u0443\u0442\u044b\" \/>\n<!-- \/ Yoast SEO Premium plugin. -->","yoast_head_json":{"title":"\u043a\u043e\u043d\u0442\u0430\u043a\u0442 | \u043c\u0430\u0433\u0430\u0437\u0438\u043d\u044b &#8212; T\u00f5uksimaailm &#8212; \u041f\u0440\u0438\u0445\u043e\u0434\u0438\u0442\u0435 \u0438 \u043f\u043e\u0437\u043d\u0430\u043a\u043e\u043c\u044c\u0442\u0435\u0441\u044c \u0441 \u044d\u043b\u0435\u043a\u0442\u0440\u043e\u0441\u0430\u043c\u043e\u043a\u0430\u0442\u0430\u043c\u0438!","description":"\u041c\u0430\u0433\u0430\u0437\u0438\u043d\u044b T\u00f5uksimaailm, \u043c\u0430\u0441\u0442\u0435\u0440\u0441\u043a\u0430\u044f, \u0430 \u0442\u0430\u043a\u0436\u0435 \u043c\u0430\u0433\u0430\u0437\u0438\u043d\u044b \u044d\u043b\u0435\u043a\u0442\u0440\u043e\u0441\u0430\u043c\u043e\u043a\u0430\u0442\u043e\u0432, \u044d\u043b\u0435\u043a\u0442\u0440\u043e\u0432\u0435\u043b\u043e\u0441\u0438\u043f\u0435\u0434\u043e\u0432, \u044d\u043b\u0435\u043a\u0442\u0440\u043e\u0441\u043a\u0435\u0439\u0442\u0431\u043e\u0440\u0434\u043e\u0432 \u0438 \u044d\u043b\u0435\u043a\u0442\u0440\u043e\u043c\u043e\u0442\u043e\u0446\u0438\u043a\u043b\u043e\u0432. \u041f\u0440\u0438\u0445\u043e\u0434\u0438\u0442\u0435 \u043d\u0430 \u0442\u0435\u0441\u0442-\u0434\u0440\u0430\u0439\u0432!","robots":{"index":"index","follow":"follow","max-snippet":"max-snippet:-1","max-image-preview":"max-image-preview:large","max-video-preview":"max-video-preview:-1"},"canonical":"https:\/\/www.xn--tuksimaailm-ffb.ee\/ru\/%d0%ba%d0%be%d0%bd%d1%82%d0%b0%d0%ba%d1%82\/","og_locale":"ru_RU","og_type":"article","og_title":"\u043a\u043e\u043d\u0442\u0430\u043a\u0442 | \u043c\u0430\u0433\u0430\u0437\u0438\u043d\u044b","og_description":"\u041c\u0430\u0433\u0430\u0437\u0438\u043d\u044b T\u00f5uksimaailm, \u043c\u0430\u0441\u0442\u0435\u0440\u0441\u043a\u0430\u044f, \u0430 \u0442\u0430\u043a\u0436\u0435 \u043c\u0430\u0433\u0430\u0437\u0438\u043d\u044b \u044d\u043b\u0435\u043a\u0442\u0440\u043e\u0441\u0430\u043c\u043e\u043a\u0430\u0442\u043e\u0432, \u044d\u043b\u0435\u043a\u0442\u0440\u043e\u0432\u0435\u043b\u043e\u0441\u0438\u043f\u0435\u0434\u043e\u0432, \u044d\u043b\u0435\u043a\u0442\u0440\u043e\u0441\u043a\u0435\u0439\u0442\u0431\u043e\u0440\u0434\u043e\u0432 \u0438 \u044d\u043b\u0435\u043a\u0442\u0440\u043e\u043c\u043e\u0442\u043e\u0446\u0438\u043a\u043b\u043e\u0432. \u041f\u0440\u0438\u0445\u043e\u0434\u0438\u0442\u0435 \u043d\u0430 \u0442\u0435\u0441\u0442-\u0434\u0440\u0430\u0439\u0432!","og_url":"https:\/\/www.xn--tuksimaailm-ffb.ee\/ru\/%d0%ba%d0%be%d0%bd%d1%82%d0%b0%d0%ba%d1%82\/","og_site_name":"T\u00f5uksimaailm","article_publisher":"https:\/\/www.facebook.com\/touksimaailm\/","article_modified_time":"2026-04-15T12:32:20+00:00","og_image":[{"width":1828,"height":751,"url":"https:\/\/www.xn--tuksimaailm-ffb.ee\/wp-content\/uploads\/2022\/01\/Touksimaailm-vaaike.jpg","type":"image\/jpeg"}],"twitter_card":"summary_large_image","twitter_misc":{"\u041f\u0440\u0438\u043c\u0435\u0440\u043d\u043e\u0435 \u0432\u0440\u0435\u043c\u044f \u0434\u043b\u044f \u0447\u0442\u0435\u043d\u0438\u044f":"2 \u043c\u0438\u043d\u0443\u0442\u044b"},"schema":{"@context":"https:\/\/schema.org","@graph":[{"@type":"WebPage","@id":"https:\/\/www.xn--tuksimaailm-ffb.ee\/ru\/%d0%ba%d0%be%d0%bd%d1%82%d0%b0%d0%ba%d1%82\/","url":"https:\/\/www.xn--tuksimaailm-ffb.ee\/ru\/%d0%ba%d0%be%d0%bd%d1%82%d0%b0%d0%ba%d1%82\/","name":"\u043a\u043e\u043d\u0442\u0430\u043a\u0442 | \u043c\u0430\u0433\u0430\u0437\u0438\u043d\u044b &#8212; T\u00f5uksimaailm &#8212; \u041f\u0440\u0438\u0445\u043e\u0434\u0438\u0442\u0435 \u0438 \u043f\u043e\u0437\u043d\u0430\u043a\u043e\u043c\u044c\u0442\u0435\u0441\u044c \u0441 \u044d\u043b\u0435\u043a\u0442\u0440\u043e\u0441\u0430\u043c\u043e\u043a\u0430\u0442\u0430\u043c\u0438!","isPartOf":{"@id":"https:\/\/www.xn--tuksimaailm-ffb.ee\/ru\/#website"},"primaryImageOfPage":{"@id":"https:\/\/www.xn--tuksimaailm-ffb.ee\/ru\/%d0%ba%d0%be%d0%bd%d1%82%d0%b0%d0%ba%d1%82\/#primaryimage"},"image":{"@id":"https:\/\/www.xn--tuksimaailm-ffb.ee\/ru\/%d0%ba%d0%be%d0%bd%d1%82%d0%b0%d0%ba%d1%82\/#primaryimage"},"thumbnailUrl":"https:\/\/www.xn--tuksimaailm-ffb.ee\/wp-content\/uploads\/2022\/01\/Touksimaailm-vaaike.jpg","datePublished":"2020-01-23T10:06:14+00:00","dateModified":"2026-04-15T12:32:20+00:00","description":"\u041c\u0430\u0433\u0430\u0437\u0438\u043d\u044b T\u00f5uksimaailm, \u043c\u0430\u0441\u0442\u0435\u0440\u0441\u043a\u0430\u044f, \u0430 \u0442\u0430\u043a\u0436\u0435 \u043c\u0430\u0433\u0430\u0437\u0438\u043d\u044b \u044d\u043b\u0435\u043a\u0442\u0440\u043e\u0441\u0430\u043c\u043e\u043a\u0430\u0442\u043e\u0432, \u044d\u043b\u0435\u043a\u0442\u0440\u043e\u0432\u0435\u043b\u043e\u0441\u0438\u043f\u0435\u0434\u043e\u0432, \u044d\u043b\u0435\u043a\u0442\u0440\u043e\u0441\u043a\u0435\u0439\u0442\u0431\u043e\u0440\u0434\u043e\u0432 \u0438 \u044d\u043b\u0435\u043a\u0442\u0440\u043e\u043c\u043e\u0442\u043e\u0446\u0438\u043a\u043b\u043e\u0432. \u041f\u0440\u0438\u0445\u043e\u0434\u0438\u0442\u0435 \u043d\u0430 \u0442\u0435\u0441\u0442-\u0434\u0440\u0430\u0439\u0432!","breadcrumb":{"@id":"https:\/\/www.xn--tuksimaailm-ffb.ee\/ru\/%d0%ba%d0%be%d0%bd%d1%82%d0%b0%d0%ba%d1%82\/#breadcrumb"},"inLanguage":"ru-RU","potentialAction":[{"@type":"ReadAction","target":["https:\/\/www.xn--tuksimaailm-ffb.ee\/ru\/%d0%ba%d0%be%d0%bd%d1%82%d0%b0%d0%ba%d1%82\/"]}]},{"@type":"ImageObject","inLanguage":"ru-RU","@id":"https:\/\/www.xn--tuksimaailm-ffb.ee\/ru\/%d0%ba%d0%be%d0%bd%d1%82%d0%b0%d0%ba%d1%82\/#primaryimage","url":"https:\/\/www.xn--tuksimaailm-ffb.ee\/wp-content\/uploads\/2022\/01\/Touksimaailm-vaaike.jpg","contentUrl":"https:\/\/www.xn--tuksimaailm-ffb.ee\/wp-content\/uploads\/2022\/01\/Touksimaailm-vaaike.jpg","width":1828,"height":751},{"@type":"BreadcrumbList","@id":"https:\/\/www.xn--tuksimaailm-ffb.ee\/ru\/%d0%ba%d0%be%d0%bd%d1%82%d0%b0%d0%ba%d1%82\/#breadcrumb","itemListElement":[{"@type":"ListItem","position":1,"name":"Home","item":"https:\/\/www.xn--tuksimaailm-ffb.ee\/ru\/frontpage\/"},{"@type":"ListItem","position":2,"name":"\u043a\u043e\u043d\u0442\u0430\u043a\u0442 | \u043c\u0430\u0433\u0430\u0437\u0438\u043d\u044b"}]},{"@type":"WebSite","@id":"https:\/\/www.xn--tuksimaailm-ffb.ee\/ru\/#website","url":"https:\/\/www.xn--tuksimaailm-ffb.ee\/ru\/","name":"T\u00f5uksimaailm","description":"Elektrit\u00f5ukerataste m\u00fc\u00fck, remont ja rent","publisher":{"@id":"https:\/\/www.xn--tuksimaailm-ffb.ee\/ru\/#organization"},"potentialAction":[{"@type":"SearchAction","target":{"@type":"EntryPoint","urlTemplate":"https:\/\/www.xn--tuksimaailm-ffb.ee\/ru\/?s={search_term_string}"},"query-input":{"@type":"PropertyValueSpecification","valueRequired":true,"valueName":"search_term_string"}}],"inLanguage":"ru-RU"},{"@type":"Organization","@id":"https:\/\/www.xn--tuksimaailm-ffb.ee\/ru\/#organization","name":"T\u00f5uksimaailm","url":"https:\/\/www.xn--tuksimaailm-ffb.ee\/ru\/","logo":{"@type":"ImageObject","inLanguage":"ru-RU","@id":"https:\/\/www.xn--tuksimaailm-ffb.ee\/ru\/#\/schema\/logo\/image\/","url":"https:\/\/www.xn--tuksimaailm-ffb.ee\/wp-content\/uploads\/2020\/01\/logoz-e1579792875517.png","contentUrl":"https:\/\/www.xn--tuksimaailm-ffb.ee\/wp-content\/uploads\/2020\/01\/logoz-e1579792875517.png","width":250,"height":250,"caption":"T\u00f5uksimaailm"},"image":{"@id":"https:\/\/www.xn--tuksimaailm-ffb.ee\/ru\/#\/schema\/logo\/image\/"},"sameAs":["https:\/\/www.facebook.com\/touksimaailm\/","https:\/\/www.instagram.com\/touksimaailm_\/","https:\/\/www.youtube.com\/channel\/UC18ml0EKIDLP1xGuQjFzcXQ"]}]}},"jetpack_sharing_enabled":true,"_links":{"self":[{"href":"https:\/\/www.xn--tuksimaailm-ffb.ee\/ru\/wp-json\/wp\/v2\/pages\/17838","targetHints":{"allow":["GET"]}}],"collection":[{"href":"https:\/\/www.xn--tuksimaailm-ffb.ee\/ru\/wp-json\/wp\/v2\/pages"}],"about":[{"href":"https:\/\/www.xn--tuksimaailm-ffb.ee\/ru\/wp-json\/wp\/v2\/types\/page"}],"author":[{"embeddable":true,"href":"https:\/\/www.xn--tuksimaailm-ffb.ee\/ru\/wp-json\/wp\/v2\/users\/1"}],"replies":[{"embeddable":true,"href":"https:\/\/www.xn--tuksimaailm-ffb.ee\/ru\/wp-json\/wp\/v2\/comments?post=17838"}],"version-history":[{"count":15,"href":"https:\/\/www.xn--tuksimaailm-ffb.ee\/ru\/wp-json\/wp\/v2\/pages\/17838\/revisions"}],"predecessor-version":[{"id":81414,"href":"https:\/\/www.xn--tuksimaailm-ffb.ee\/ru\/wp-json\/wp\/v2\/pages\/17838\/revisions\/81414"}],"wp:featuredmedia":[{"embeddable":true,"href":"https:\/\/www.xn--tuksimaailm-ffb.ee\/ru\/wp-json\/wp\/v2\/media\/16514"}],"wp:attachment":[{"href":"https:\/\/www.xn--tuksimaailm-ffb.ee\/ru\/wp-json\/wp\/v2\/media?parent=17838"}],"curies":[{"name":"wp","href":"https:\/\/api.w.org\/{rel}","templated":true}]}}