{"id":19876,"date":"2021-12-30T16:09:06","date_gmt":"2021-12-30T16:09:06","guid":{"rendered":"http:\/\/www.xn--tuksimaailm-ffb.ee\/%d0%b8%d0%bd%d1%84%d0%be%d1%80%d0%bc%d0%b0%d1%86%d0%b8%d1%8f\/"},"modified":"2022-09-18T16:41:17","modified_gmt":"2022-09-18T16:41:17","slug":"%d0%b8%d0%bd%d1%84%d0%be%d1%80%d0%bc%d0%b0%d1%86%d0%b8%d1%8f","status":"publish","type":"page","link":"https:\/\/www.xn--tuksimaailm-ffb.ee\/ru\/%d0%b8%d0%bd%d1%84%d0%be%d1%80%d0%bc%d0%b0%d1%86%d0%b8%d1%8f\/","title":{"rendered":"\u0418\u043d\u0444\u043e\u0440\u043c\u0430\u0446\u0438\u044f"},"content":{"rendered":"<figure class=\"wp-block-embed aligncenter is-type-wp-embed is-provider-touksimaailm wp-block-embed-touksimaailm\"><div class=\"wp-block-embed__wrapper\">http:\/\/www.xn--tuksimaailm-ffb.ee\/kontakt\/<\/div><\/figure>\n<figure class=\"wp-block-embed aligncenter is-type-wp-embed is-provider-touksimaailm wp-block-embed-touksimaailm\"><div class=\"wp-block-embed__wrapper\">http:\/\/www.xn--tuksimaailm-ffb.ee\/meist\/<\/div><\/figure>\n<figure class=\"wp-block-embed aligncenter is-type-wp-embed is-provider-touksimaailm wp-block-embed-touksimaailm\"><div class=\"wp-block-embed__wrapper\">http:\/\/www.xn--tuksimaailm-ffb.ee\/jarelmaks\/<\/div><\/figure>\n<figure class=\"wp-block-embed aligncenter is-type-wp-embed is-provider-touksimaailm wp-block-embed-touksimaailm\"><div class=\"wp-block-embed__wrapper\">http:\/\/www.xn--tuksimaailm-ffb.ee\/hulgimuuk\/<\/div><\/figure>\n<figure class=\"wp-block-embed aligncenter is-type-wp-embed is-provider-touksimaailm wp-block-embed-touksimaailm\"><div class=\"wp-block-embed__wrapper\">http:\/\/www.xn--tuksimaailm-ffb.ee\/ostujuhend\/<\/div><\/figure>\n<figure class=\"wp-block-embed aligncenter is-type-wp-embed is-provider-touksimaailm wp-block-embed-touksimaailm\"><div class=\"wp-block-embed__wrapper\">http:\/\/www.xn--tuksimaailm-ffb.ee\/uldtingimused\/<\/div><\/figure>\n","protected":false},"excerpt":{"rendered":"","protected":false},"author":2,"featured_media":0,"parent":0,"menu_order":0,"comment_status":"closed","ping_status":"closed","template":"","meta":{"footnotes":""},"class_list":["post-19876","page","type-page","status-publish","hentry"],"yoast_head":"<!-- This site is optimized with the Yoast SEO Premium plugin v26.8 (Yoast SEO v27.5) - https:\/\/yoast.com\/product\/yoast-seo-premium-wordpress\/ -->\n<title>\u0418\u043d\u0444\u043e\u0440\u043c\u0430\u0446\u0438\u044f | T\u00f5uksimaailm<\/title>\n<meta name=\"description\" content=\"T\u00f5uksimaailm - \u0418\u043d\u0444\u043e\u0440\u043c\u0430\u0446\u0438\u044f. \u041a\u043e\u043d\u0442\u0430\u043a\u0442, \u041e \u043d\u0430\u0441, \u041e\u043f\u0442\u043e\u0432\u044b\u0435 \u043f\u0440\u043e\u0434\u0430\u0436\u0438, \u043e\u043f\u043b\u0430\u0442\u0430 \u0432 \u0440\u0430\u0441\u0441\u0440\u043e\u0447\u043a\u0443 \u0438 \u0434\u0440\u0443\u0433\u0430\u044f \u0438\u043d\u0444\u043e\u0440\u043c\u0430\u0446\u0438\u044f.\" \/>\n<meta name=\"robots\" content=\"index, follow, max-snippet:-1, max-image-preview:large, max-video-preview:-1\" \/>\n<link rel=\"canonical\" href=\"https:\/\/www.xn--tuksimaailm-ffb.ee\/ru\/%d0%b8%d0%bd%d1%84%d0%be%d1%80%d0%bc%d0%b0%d1%86%d0%b8%d1%8f\/\" \/>\n<meta property=\"og:locale\" content=\"ru_RU\" \/>\n<meta property=\"og:type\" content=\"article\" \/>\n<meta property=\"og:title\" content=\"\u0418\u043d\u0444\u043e\u0440\u043c\u0430\u0446\u0438\u044f\" \/>\n<meta property=\"og:description\" content=\"T\u00f5uksimaailm - \u0418\u043d\u0444\u043e\u0440\u043c\u0430\u0446\u0438\u044f. \u041a\u043e\u043d\u0442\u0430\u043a\u0442, \u041e \u043d\u0430\u0441, \u041e\u043f\u0442\u043e\u0432\u044b\u0435 \u043f\u0440\u043e\u0434\u0430\u0436\u0438, \u043e\u043f\u043b\u0430\u0442\u0430 \u0432 \u0440\u0430\u0441\u0441\u0440\u043e\u0447\u043a\u0443 \u0438 \u0434\u0440\u0443\u0433\u0430\u044f \u0438\u043d\u0444\u043e\u0440\u043c\u0430\u0446\u0438\u044f.\" \/>\n<meta property=\"og:url\" content=\"https:\/\/www.xn--tuksimaailm-ffb.ee\/ru\/%d0%b8%d0%bd%d1%84%d0%be%d1%80%d0%bc%d0%b0%d1%86%d0%b8%d1%8f\/\" \/>\n<meta property=\"og:site_name\" content=\"T\u00f5uksimaailm\" \/>\n<meta property=\"article:publisher\" content=\"https:\/\/www.facebook.com\/touksimaailm\/\" \/>\n<meta property=\"article:modified_time\" content=\"2022-09-18T16:41:17+00:00\" \/>\n<meta name=\"twitter:card\" content=\"summary_large_image\" \/>\n<!-- \/ Yoast SEO Premium plugin. -->","yoast_head_json":{"title":"\u0418\u043d\u0444\u043e\u0440\u043c\u0430\u0446\u0438\u044f | T\u00f5uksimaailm","description":"T\u00f5uksimaailm - \u0418\u043d\u0444\u043e\u0440\u043c\u0430\u0446\u0438\u044f. \u041a\u043e\u043d\u0442\u0430\u043a\u0442, \u041e \u043d\u0430\u0441, \u041e\u043f\u0442\u043e\u0432\u044b\u0435 \u043f\u0440\u043e\u0434\u0430\u0436\u0438, \u043e\u043f\u043b\u0430\u0442\u0430 \u0432 \u0440\u0430\u0441\u0441\u0440\u043e\u0447\u043a\u0443 \u0438 \u0434\u0440\u0443\u0433\u0430\u044f \u0438\u043d\u0444\u043e\u0440\u043c\u0430\u0446\u0438\u044f.","robots":{"index":"index","follow":"follow","max-snippet":"max-snippet:-1","max-image-preview":"max-image-preview:large","max-video-preview":"max-video-preview:-1"},"canonical":"https:\/\/www.xn--tuksimaailm-ffb.ee\/ru\/%d0%b8%d0%bd%d1%84%d0%be%d1%80%d0%bc%d0%b0%d1%86%d0%b8%d1%8f\/","og_locale":"ru_RU","og_type":"article","og_title":"\u0418\u043d\u0444\u043e\u0440\u043c\u0430\u0446\u0438\u044f","og_description":"T\u00f5uksimaailm - \u0418\u043d\u0444\u043e\u0440\u043c\u0430\u0446\u0438\u044f. \u041a\u043e\u043d\u0442\u0430\u043a\u0442, \u041e \u043d\u0430\u0441, \u041e\u043f\u0442\u043e\u0432\u044b\u0435 \u043f\u0440\u043e\u0434\u0430\u0436\u0438, \u043e\u043f\u043b\u0430\u0442\u0430 \u0432 \u0440\u0430\u0441\u0441\u0440\u043e\u0447\u043a\u0443 \u0438 \u0434\u0440\u0443\u0433\u0430\u044f \u0438\u043d\u0444\u043e\u0440\u043c\u0430\u0446\u0438\u044f.","og_url":"https:\/\/www.xn--tuksimaailm-ffb.ee\/ru\/%d0%b8%d0%bd%d1%84%d0%be%d1%80%d0%bc%d0%b0%d1%86%d0%b8%d1%8f\/","og_site_name":"T\u00f5uksimaailm","article_publisher":"https:\/\/www.facebook.com\/touksimaailm\/","article_modified_time":"2022-09-18T16:41:17+00:00","twitter_card":"summary_large_image","schema":{"@context":"https:\/\/schema.org","@graph":[{"@type":"WebPage","@id":"https:\/\/www.xn--tuksimaailm-ffb.ee\/ru\/%d0%b8%d0%bd%d1%84%d0%be%d1%80%d0%bc%d0%b0%d1%86%d0%b8%d1%8f\/","url":"https:\/\/www.xn--tuksimaailm-ffb.ee\/ru\/%d0%b8%d0%bd%d1%84%d0%be%d1%80%d0%bc%d0%b0%d1%86%d0%b8%d1%8f\/","name":"\u0418\u043d\u0444\u043e\u0440\u043c\u0430\u0446\u0438\u044f | T\u00f5uksimaailm","isPartOf":{"@id":"https:\/\/www.xn--tuksimaailm-ffb.ee\/ru\/#website"},"datePublished":"2021-12-30T16:09:06+00:00","dateModified":"2022-09-18T16:41:17+00:00","description":"T\u00f5uksimaailm - \u0418\u043d\u0444\u043e\u0440\u043c\u0430\u0446\u0438\u044f. \u041a\u043e\u043d\u0442\u0430\u043a\u0442, \u041e \u043d\u0430\u0441, \u041e\u043f\u0442\u043e\u0432\u044b\u0435 \u043f\u0440\u043e\u0434\u0430\u0436\u0438, \u043e\u043f\u043b\u0430\u0442\u0430 \u0432 \u0440\u0430\u0441\u0441\u0440\u043e\u0447\u043a\u0443 \u0438 \u0434\u0440\u0443\u0433\u0430\u044f \u0438\u043d\u0444\u043e\u0440\u043c\u0430\u0446\u0438\u044f.","breadcrumb":{"@id":"https:\/\/www.xn--tuksimaailm-ffb.ee\/ru\/%d0%b8%d0%bd%d1%84%d0%be%d1%80%d0%bc%d0%b0%d1%86%d0%b8%d1%8f\/#breadcrumb"},"inLanguage":"ru-RU","potentialAction":[{"@type":"ReadAction","target":["https:\/\/www.xn--tuksimaailm-ffb.ee\/ru\/%d0%b8%d0%bd%d1%84%d0%be%d1%80%d0%bc%d0%b0%d1%86%d0%b8%d1%8f\/"]}]},{"@type":"BreadcrumbList","@id":"https:\/\/www.xn--tuksimaailm-ffb.ee\/ru\/%d0%b8%d0%bd%d1%84%d0%be%d1%80%d0%bc%d0%b0%d1%86%d0%b8%d1%8f\/#breadcrumb","itemListElement":[{"@type":"ListItem","position":1,"name":"Home","item":"https:\/\/www.xn--tuksimaailm-ffb.ee\/ru\/frontpage\/"},{"@type":"ListItem","position":2,"name":"\u0418\u043d\u0444\u043e\u0440\u043c\u0430\u0446\u0438\u044f"}]},{"@type":"WebSite","@id":"https:\/\/www.xn--tuksimaailm-ffb.ee\/ru\/#website","url":"https:\/\/www.xn--tuksimaailm-ffb.ee\/ru\/","name":"T\u00f5uksimaailm","description":"Elektrit\u00f5ukerataste m\u00fc\u00fck, remont ja rent","publisher":{"@id":"https:\/\/www.xn--tuksimaailm-ffb.ee\/ru\/#organization"},"potentialAction":[{"@type":"SearchAction","target":{"@type":"EntryPoint","urlTemplate":"https:\/\/www.xn--tuksimaailm-ffb.ee\/ru\/?s={search_term_string}"},"query-input":{"@type":"PropertyValueSpecification","valueRequired":true,"valueName":"search_term_string"}}],"inLanguage":"ru-RU"},{"@type":"Organization","@id":"https:\/\/www.xn--tuksimaailm-ffb.ee\/ru\/#organization","name":"T\u00f5uksimaailm","url":"https:\/\/www.xn--tuksimaailm-ffb.ee\/ru\/","logo":{"@type":"ImageObject","inLanguage":"ru-RU","@id":"https:\/\/www.xn--tuksimaailm-ffb.ee\/ru\/#\/schema\/logo\/image\/","url":"https:\/\/www.xn--tuksimaailm-ffb.ee\/wp-content\/uploads\/2020\/01\/logoz-e1579792875517.png","contentUrl":"https:\/\/www.xn--tuksimaailm-ffb.ee\/wp-content\/uploads\/2020\/01\/logoz-e1579792875517.png","width":250,"height":250,"caption":"T\u00f5uksimaailm"},"image":{"@id":"https:\/\/www.xn--tuksimaailm-ffb.ee\/ru\/#\/schema\/logo\/image\/"},"sameAs":["https:\/\/www.facebook.com\/touksimaailm\/","https:\/\/www.instagram.com\/touksimaailm_\/","https:\/\/www.youtube.com\/channel\/UC18ml0EKIDLP1xGuQjFzcXQ"]}]}},"jetpack_sharing_enabled":true,"_links":{"self":[{"href":"https:\/\/www.xn--tuksimaailm-ffb.ee\/ru\/wp-json\/wp\/v2\/pages\/19876","targetHints":{"allow":["GET"]}}],"collection":[{"href":"https:\/\/www.xn--tuksimaailm-ffb.ee\/ru\/wp-json\/wp\/v2\/pages"}],"about":[{"href":"https:\/\/www.xn--tuksimaailm-ffb.ee\/ru\/wp-json\/wp\/v2\/types\/page"}],"author":[{"embeddable":true,"href":"https:\/\/www.xn--tuksimaailm-ffb.ee\/ru\/wp-json\/wp\/v2\/users\/2"}],"replies":[{"embeddable":true,"href":"https:\/\/www.xn--tuksimaailm-ffb.ee\/ru\/wp-json\/wp\/v2\/comments?post=19876"}],"version-history":[{"count":4,"href":"https:\/\/www.xn--tuksimaailm-ffb.ee\/ru\/wp-json\/wp\/v2\/pages\/19876\/revisions"}],"predecessor-version":[{"id":19895,"href":"https:\/\/www.xn--tuksimaailm-ffb.ee\/ru\/wp-json\/wp\/v2\/pages\/19876\/revisions\/19895"}],"wp:attachment":[{"href":"https:\/\/www.xn--tuksimaailm-ffb.ee\/ru\/wp-json\/wp\/v2\/media?parent=19876"}],"curies":[{"name":"wp","href":"https:\/\/api.w.org\/{rel}","templated":true}]}}