{"id":33718,"date":"2023-01-28T18:53:28","date_gmt":"2023-01-28T16:53:28","guid":{"rendered":"http:\/\/www.xn--tuksimaailm-ffb.ee\/shop\/xiaomi-%d0%b1%d0%be%d0%bb%d1%82%d1%8b-%d0%bd%d0%b8%d0%b6%d0%bd%d0%b5%d0%b9-%d0%ba%d1%80%d1%8b%d1%88%d0%ba%d0%b8-m365-pro-2-4-1s-mi-3\/"},"modified":"2024-11-15T17:07:37","modified_gmt":"2024-11-15T14:07:37","slug":"xiaomi-%d0%b1%d0%be%d0%bb%d1%82%d1%8b-%d0%bd%d0%b8%d0%b6%d0%bd%d0%b5%d0%b9-%d0%ba%d1%80%d1%8b%d1%88%d0%ba%d0%b8-m365-pro-2-4-1s-mi-3","status":"publish","type":"product","link":"https:\/\/www.xn--tuksimaailm-ffb.ee\/ru\/\u043f\u0440\u043e\u0434\u0443\u043a\u0442\/xiaomi-%d0%b1%d0%be%d0%bb%d1%82%d1%8b-%d0%bd%d0%b8%d0%b6%d0%bd%d0%b5%d0%b9-%d0%ba%d1%80%d1%8b%d1%88%d0%ba%d0%b8-m365-pro-2-4-1s-mi-3\/","title":{"rendered":"\u0411\u043e\u043b\u0442\u044b \u043d\u0438\u0436\u043d\u0435\u0439 \u043a\u0440\u044b\u0448\u043a\u0438 \u0434\u043b\u044f \u044d\u043b\u0435\u043a\u0442\u0440\u043e\u0441\u0430\u043c\u043e\u043a\u0430\u0442\u0430 XIAOMI M365 PRO 2\/4 1S MI 3"},"content":{"rendered":"<div class=\"page\" title=\"Page 294\">\n<div class=\"section\">\n<div class=\"layoutArea\">\n<div class=\"column\">\n<p style=\"caret-color: #000000; color: #000000;\"><span style=\"font-size: 13pt; color: #666666;\">\u0411\u043e\u043b\u0442\u044b \u043d\u0438\u0436\u043d\u0435\u0438\u0306 \u043a\u0440\u044b\u0448\u043a\u0438 Xiaomi ( \u0432\u0438\u043d\u0442\u044b \u043d\u0438\u0436\u043d\u0435\u0438\u0306 \u043a\u0440\u044b\u0448\u043a\u0438), \u0432 \u043d\u0430\u0431\u043e\u0440 \u0432\u0445\u043e\u0434\u0438\u0442 17 \u0438\u043b\u0438 21 \u043e\u0440\u0438\u0433\u0438\u043d\u0430\u043b\u044c\u043d\u044b\u0438\u0306 \u0431\u043e\u043b\u0442 Xiaomi Mi. \u041a\u043e\u043c\u043f\u043b\u0435\u043a\u0442 \u0438\u0437 17 \u0448\u0442 \u043f\u043e\u0434\u0445\u043e\u0434\u0438\u0442 \u0434\u043b\u044f \u044d\u043b\u0435\u043a\u0442\u0440\u043e\u0441\u0430\u043c\u043e\u043a\u0430\u0442\u043e\u0432 Xiaomi Mi M365, Mi Electric scooter 3, Essential, Mi 3 Lite, 1S. \u041d\u0430\u0431\u043e\u0440 \u0438\u0437 21 \u0448\u0442 \u043f\u043e\u0434\u0445\u043e\u0434\u0438\u0442 \u0434\u043b\u044f \u044d\u043b\u0435\u043a\u0442\u0440\u043e\u0441\u0430\u043c\u043e\u043a\u0430\u0442\u043e\u0432 Xiaomi M365 Pro, Mi Pro 2 \u0438 4 Pro.<\/span><\/p>\n<p><span style=\"caret-color: #000000; font-size: 13pt;\">\u0415\u0441\u043b\u0438 \u0440\u0435\u043c\u043e\u043d\u0442 \u0438\u043b\u0438 \u0442\u0435\u0445\u043d\u0438\u0447\u0435\u0441\u043a\u043e\u0435 \u043e\u0431\u0441\u043b\u0443\u0436\u0438\u0432\u0430\u043d\u0438\u0435\u00a0<\/span><span style=\"caret-color: #000000; font-size: 17.333334px;\">\u044d\u043b\u0435\u043a\u0442\u0440\u043e\u0441\u0430\u043c\u043e\u0432\u0430\u0440\u0430<\/span><span style=\"caret-color: #000000; font-size: 13pt;\">\u00a0Xiaomi \u0434\u043b\u044f \u0432\u0430\u0441 \u0441\u043b\u0438\u0448\u043a\u043e\u043c \u0441\u043b\u043e\u0436\u043d\u044b, \u043d\u0430\u0448\u0430 \u043c\u0430\u0441\u0442\u0435\u0440\u0441\u043a\u0430\u044f \u044d\u043b\u0435\u043a\u0442\u0440\u043e\u0441\u0430\u043c\u043e\u043a\u0430\u0442\u043e\u0432 \u0433\u043e\u0442\u043e\u0432\u0430 \u043f\u043e\u043c\u043e\u0447\u044c.<\/span><\/p>\n<\/div>\n<\/div>\n<\/div>\n<\/div>\n<p>\u00a0<\/p>\n","protected":false},"excerpt":{"rendered":"<p>\u0411\u043e\u043b\u0442\u044b \u043d\u0438\u0436\u043d\u0435\u0438\u0306 \u043a\u0440\u044b\u0448\u043a\u0438 Xiaomi ( \u0432\u0438\u043d\u0442\u044b \u043d\u0438\u0436\u043d\u0435\u0438\u0306 \u043a\u0440\u044b\u0448\u043a\u0438), \u0432 \u043d\u0430\u0431\u043e\u0440 \u0432\u0445\u043e\u0434\u0438\u0442 17 \u0438\u043b\u0438 21 \u043e\u0440\u0438\u0433\u0438\u043d\u0430\u043b\u044c\u043d\u044b\u0438\u0306 \u0431\u043e\u043b\u0442 Xiaomi Mi. \u041a\u043e\u043c\u043f\u043b\u0435\u043a\u0442 \u0438\u0437 17 \u0448\u0442 \u043f\u043e\u0434\u0445\u043e\u0434\u0438\u0442 \u0434\u043b\u044f \u044d\u043b\u0435\u043a\u0442\u0440\u043e\u0441\u0430\u043c\u043e\u043a\u0430\u0442\u043e\u0432 Xiaomi Mi M365, Mi Electric scooter 3, Essential, Mi 3 Lite, 1S. \u041d\u0430\u0431\u043e\u0440 \u0438\u0437 21 \u0448\u0442 \u043f\u043e\u0434\u0445\u043e\u0434\u0438\u0442 \u0434\u043b\u044f \u044d\u043b\u0435\u043a\u0442\u0440\u043e\u0441\u0430\u043c\u043e\u043a\u0430\u0442\u043e\u0432 Xiaomi M365 Pro, Mi Pro 2 &hellip;<\/p>\n","protected":false},"featured_media":29244,"template":"","meta":[],"product_brand":[],"product_cat":[757],"product_tag":[],"filter_elektritoukeratas":[2613,2612],"class_list":{"0":"post-33718","1":"product","2":"type-product","3":"status-publish","4":"has-post-thumbnail","6":"product_cat-757","7":"filter_elektritoukeratas-ft_xiaomi_1s_mi3_pro_2_3_lite","8":"filter_elektritoukeratas-ft_xiaomi_m365_m365_pro_essential","10":"first","11":"instock","12":"taxable","13":"shipping-taxable","14":"purchasable","15":"product-type-variable"},"yoast_head":"<!-- This site is optimized with the Yoast SEO Premium plugin v26.8 (Yoast SEO v27.3) - https:\/\/yoast.com\/product\/yoast-seo-premium-wordpress\/ -->\n<title>\u0411\u043e\u043b\u0442\u044b \u043d\u0438\u0436\u043d\u0435\u0439 \u043a\u0440\u044b\u0448\u043a\u0438 \u0434\u043b\u044f \u044d\u043b\u0435\u043a\u0442\u0440\u043e\u0441\u0430\u043c\u043e\u043a\u0430\u0442\u0430 XIAOMI M365 PRO 2\/4 1S MI 3 | T\u00f5uksimaailm<\/title>\n<meta name=\"description\" content=\"Xiaomi \u0431\u043e\u043b\u0442\u044b \u043d\u0438\u0436\u043d\u0435\u0439 \u043a\u0440\u044b\u0448\u043a\u0438 (\u0432\u0438\u043d\u0442\u044b \u043d\u0438\u0436\u043d\u0435\u0439 \u043a\u0440\u044b\u0448\u043a\u0438), \u0432 \u043a\u043e\u0438\u043f\u043b\u0435\u043a\u0442\u0435 17 \u0438\u043b\u0438 21 Xiaomi Mi \u043e\u0440\u0438\u0433\u0438\u043d\u0430\u043b\u044c\u043d\u044b\u0435 \u0431\u043e\u043b\u0442\u044b. \u043f\u043e\u0434\u0445\u043e\u0434\u044f\u0442 \u0434\u043b\u044f Xiaomi M365 Pro 2 \/ 4, 1S, 3.\" \/>\n<meta name=\"robots\" content=\"index, follow, max-snippet:-1, max-image-preview:large, max-video-preview:-1\" \/>\n<link rel=\"canonical\" href=\"https:\/\/www.xn--tuksimaailm-ffb.ee\/ru\/\u043f\u0440\u043e\u0434\u0443\u043a\u0442\/xiaomi-%d0%b1%d0%be%d0%bb%d1%82%d1%8b-%d0%bd%d0%b8%d0%b6%d0%bd%d0%b5%d0%b9-%d0%ba%d1%80%d1%8b%d1%88%d0%ba%d0%b8-m365-pro-2-4-1s-mi-3\/\" \/>\n<meta property=\"og:locale\" content=\"ru_RU\" \/>\n<meta property=\"og:type\" content=\"article\" \/>\n<meta property=\"og:title\" content=\"\u0411\u043e\u043b\u0442\u044b \u043d\u0438\u0436\u043d\u0435\u0439 \u043a\u0440\u044b\u0448\u043a\u0438 \u0434\u043b\u044f \u044d\u043b\u0435\u043a\u0442\u0440\u043e\u0441\u0430\u043c\u043e\u043a\u0430\u0442\u0430 XIAOMI M365 PRO 2\/4 1S MI 3\" \/>\n<meta property=\"og:description\" content=\"Xiaomi \u0431\u043e\u043b\u0442\u044b \u043d\u0438\u0436\u043d\u0435\u0439 \u043a\u0440\u044b\u0448\u043a\u0438 (\u0432\u0438\u043d\u0442\u044b \u043d\u0438\u0436\u043d\u0435\u0439 \u043a\u0440\u044b\u0448\u043a\u0438), \u0432 \u043a\u043e\u0438\u043f\u043b\u0435\u043a\u0442\u0435 17 \u0438\u043b\u0438 21 Xiaomi Mi \u043e\u0440\u0438\u0433\u0438\u043d\u0430\u043b\u044c\u043d\u044b\u0435 \u0431\u043e\u043b\u0442\u044b. \u043f\u043e\u0434\u0445\u043e\u0434\u044f\u0442 \u0434\u043b\u044f Xiaomi M365 Pro 2 \/ 4, 1S, 3.\" \/>\n<meta property=\"og:url\" content=\"https:\/\/www.xn--tuksimaailm-ffb.ee\/ru\/\u043f\u0440\u043e\u0434\u0443\u043a\u0442\/xiaomi-%d0%b1%d0%be%d0%bb%d1%82%d1%8b-%d0%bd%d0%b8%d0%b6%d0%bd%d0%b5%d0%b9-%d0%ba%d1%80%d1%8b%d1%88%d0%ba%d0%b8-m365-pro-2-4-1s-mi-3\/\" \/>\n<meta property=\"og:site_name\" content=\"T\u00f5uksimaailm\" \/>\n<meta property=\"article:publisher\" content=\"https:\/\/www.facebook.com\/touksimaailm\/\" \/>\n<meta property=\"article:modified_time\" content=\"2024-11-15T14:07:37+00:00\" \/>\n<meta property=\"og:image\" content=\"https:\/\/www.xn--tuksimaailm-ffb.ee\/wp-content\/uploads\/2021\/01\/max-poldid-2.jpg\" \/>\n\t<meta property=\"og:image:width\" content=\"2048\" \/>\n\t<meta property=\"og:image:height\" content=\"1536\" \/>\n\t<meta property=\"og:image:type\" content=\"image\/jpeg\" \/>\n<meta name=\"twitter:card\" content=\"summary_large_image\" \/>\n<meta name=\"twitter:label1\" content=\"\u0414\u043e\u0441\u0442\u0443\u043f\u043d\u043e\u0441\u0442\u044c\" \/>\n\t<meta name=\"twitter:data1\" content=\"\u0412 \u043d\u0430\u043b\u0438\u0447\u0438\u0438\" \/>\n<meta property=\"og:availability\" content=\"instock\" \/>\n<meta property=\"product:availability\" content=\"instock\" \/>\n<meta property=\"product:condition\" content=\"new\" \/>\n<!-- \/ Yoast SEO Premium plugin. -->","yoast_head_json":{"title":"\u0411\u043e\u043b\u0442\u044b \u043d\u0438\u0436\u043d\u0435\u0439 \u043a\u0440\u044b\u0448\u043a\u0438 \u0434\u043b\u044f \u044d\u043b\u0435\u043a\u0442\u0440\u043e\u0441\u0430\u043c\u043e\u043a\u0430\u0442\u0430 XIAOMI M365 PRO 2\/4 1S MI 3 | T\u00f5uksimaailm","description":"Xiaomi \u0431\u043e\u043b\u0442\u044b \u043d\u0438\u0436\u043d\u0435\u0439 \u043a\u0440\u044b\u0448\u043a\u0438 (\u0432\u0438\u043d\u0442\u044b \u043d\u0438\u0436\u043d\u0435\u0439 \u043a\u0440\u044b\u0448\u043a\u0438), \u0432 \u043a\u043e\u0438\u043f\u043b\u0435\u043a\u0442\u0435 17 \u0438\u043b\u0438 21 Xiaomi Mi \u043e\u0440\u0438\u0433\u0438\u043d\u0430\u043b\u044c\u043d\u044b\u0435 \u0431\u043e\u043b\u0442\u044b. \u043f\u043e\u0434\u0445\u043e\u0434\u044f\u0442 \u0434\u043b\u044f Xiaomi M365 Pro 2 \/ 4, 1S, 3.","robots":{"index":"index","follow":"follow","max-snippet":"max-snippet:-1","max-image-preview":"max-image-preview:large","max-video-preview":"max-video-preview:-1"},"canonical":"https:\/\/www.xn--tuksimaailm-ffb.ee\/ru\/\u043f\u0440\u043e\u0434\u0443\u043a\u0442\/xiaomi-%d0%b1%d0%be%d0%bb%d1%82%d1%8b-%d0%bd%d0%b8%d0%b6%d0%bd%d0%b5%d0%b9-%d0%ba%d1%80%d1%8b%d1%88%d0%ba%d0%b8-m365-pro-2-4-1s-mi-3\/","og_locale":"ru_RU","og_type":"article","og_title":"\u0411\u043e\u043b\u0442\u044b \u043d\u0438\u0436\u043d\u0435\u0439 \u043a\u0440\u044b\u0448\u043a\u0438 \u0434\u043b\u044f \u044d\u043b\u0435\u043a\u0442\u0440\u043e\u0441\u0430\u043c\u043e\u043a\u0430\u0442\u0430 XIAOMI M365 PRO 2\/4 1S MI 3","og_description":"Xiaomi \u0431\u043e\u043b\u0442\u044b \u043d\u0438\u0436\u043d\u0435\u0439 \u043a\u0440\u044b\u0448\u043a\u0438 (\u0432\u0438\u043d\u0442\u044b \u043d\u0438\u0436\u043d\u0435\u0439 \u043a\u0440\u044b\u0448\u043a\u0438), \u0432 \u043a\u043e\u0438\u043f\u043b\u0435\u043a\u0442\u0435 17 \u0438\u043b\u0438 21 Xiaomi Mi \u043e\u0440\u0438\u0433\u0438\u043d\u0430\u043b\u044c\u043d\u044b\u0435 \u0431\u043e\u043b\u0442\u044b. \u043f\u043e\u0434\u0445\u043e\u0434\u044f\u0442 \u0434\u043b\u044f Xiaomi M365 Pro 2 \/ 4, 1S, 3.","og_url":"https:\/\/www.xn--tuksimaailm-ffb.ee\/ru\/\u043f\u0440\u043e\u0434\u0443\u043a\u0442\/xiaomi-%d0%b1%d0%be%d0%bb%d1%82%d1%8b-%d0%bd%d0%b8%d0%b6%d0%bd%d0%b5%d0%b9-%d0%ba%d1%80%d1%8b%d1%88%d0%ba%d0%b8-m365-pro-2-4-1s-mi-3\/","og_site_name":"T\u00f5uksimaailm","article_publisher":"https:\/\/www.facebook.com\/touksimaailm\/","article_modified_time":"2024-11-15T14:07:37+00:00","og_image":[{"width":2048,"height":1536,"url":"https:\/\/www.xn--tuksimaailm-ffb.ee\/wp-content\/uploads\/2021\/01\/max-poldid-2.jpg","type":"image\/jpeg"}],"twitter_card":"summary_large_image","twitter_misc":{"\u0414\u043e\u0441\u0442\u0443\u043f\u043d\u043e\u0441\u0442\u044c":"\u0412 \u043d\u0430\u043b\u0438\u0447\u0438\u0438"},"schema":{"@context":"https:\/\/schema.org","@graph":[{"@type":"WebPage","@id":"https:\/\/www.xn--tuksimaailm-ffb.ee\/ru\/\u043f\u0440\u043e\u0434\u0443\u043a\u0442\/xiaomi-%d0%b1%d0%be%d0%bb%d1%82%d1%8b-%d0%bd%d0%b8%d0%b6%d0%bd%d0%b5%d0%b9-%d0%ba%d1%80%d1%8b%d1%88%d0%ba%d0%b8-m365-pro-2-4-1s-mi-3\/","url":"https:\/\/www.xn--tuksimaailm-ffb.ee\/ru\/\u043f\u0440\u043e\u0434\u0443\u043a\u0442\/xiaomi-%d0%b1%d0%be%d0%bb%d1%82%d1%8b-%d0%bd%d0%b8%d0%b6%d0%bd%d0%b5%d0%b9-%d0%ba%d1%80%d1%8b%d1%88%d0%ba%d0%b8-m365-pro-2-4-1s-mi-3\/","name":"\u0411\u043e\u043b\u0442\u044b \u043d\u0438\u0436\u043d\u0435\u0439 \u043a\u0440\u044b\u0448\u043a\u0438 \u0434\u043b\u044f \u044d\u043b\u0435\u043a\u0442\u0440\u043e\u0441\u0430\u043c\u043e\u043a\u0430\u0442\u0430 XIAOMI M365 PRO 2\/4 1S MI 3 | T\u00f5uksimaailm","isPartOf":{"@id":"https:\/\/www.xn--tuksimaailm-ffb.ee\/ru\/#website"},"primaryImageOfPage":{"@id":"https:\/\/www.xn--tuksimaailm-ffb.ee\/ru\/\u043f\u0440\u043e\u0434\u0443\u043a\u0442\/xiaomi-%d0%b1%d0%be%d0%bb%d1%82%d1%8b-%d0%bd%d0%b8%d0%b6%d0%bd%d0%b5%d0%b9-%d0%ba%d1%80%d1%8b%d1%88%d0%ba%d0%b8-m365-pro-2-4-1s-mi-3\/#primaryimage"},"image":{"@id":"https:\/\/www.xn--tuksimaailm-ffb.ee\/ru\/\u043f\u0440\u043e\u0434\u0443\u043a\u0442\/xiaomi-%d0%b1%d0%be%d0%bb%d1%82%d1%8b-%d0%bd%d0%b8%d0%b6%d0%bd%d0%b5%d0%b9-%d0%ba%d1%80%d1%8b%d1%88%d0%ba%d0%b8-m365-pro-2-4-1s-mi-3\/#primaryimage"},"thumbnailUrl":"https:\/\/www.xn--tuksimaailm-ffb.ee\/wp-content\/uploads\/2021\/01\/max-poldid-2.jpg","datePublished":"2023-01-28T16:53:28+00:00","dateModified":"2024-11-15T14:07:37+00:00","description":"Xiaomi \u0431\u043e\u043b\u0442\u044b \u043d\u0438\u0436\u043d\u0435\u0439 \u043a\u0440\u044b\u0448\u043a\u0438 (\u0432\u0438\u043d\u0442\u044b \u043d\u0438\u0436\u043d\u0435\u0439 \u043a\u0440\u044b\u0448\u043a\u0438), \u0432 \u043a\u043e\u0438\u043f\u043b\u0435\u043a\u0442\u0435 17 \u0438\u043b\u0438 21 Xiaomi Mi \u043e\u0440\u0438\u0433\u0438\u043d\u0430\u043b\u044c\u043d\u044b\u0435 \u0431\u043e\u043b\u0442\u044b. \u043f\u043e\u0434\u0445\u043e\u0434\u044f\u0442 \u0434\u043b\u044f Xiaomi M365 Pro 2 \/ 4, 1S, 3.","breadcrumb":{"@id":"https:\/\/www.xn--tuksimaailm-ffb.ee\/ru\/\u043f\u0440\u043e\u0434\u0443\u043a\u0442\/xiaomi-%d0%b1%d0%be%d0%bb%d1%82%d1%8b-%d0%bd%d0%b8%d0%b6%d0%bd%d0%b5%d0%b9-%d0%ba%d1%80%d1%8b%d1%88%d0%ba%d0%b8-m365-pro-2-4-1s-mi-3\/#breadcrumb"},"inLanguage":"ru-RU","potentialAction":[{"@type":"ReadAction","target":["https:\/\/www.xn--tuksimaailm-ffb.ee\/ru\/\u043f\u0440\u043e\u0434\u0443\u043a\u0442\/xiaomi-%d0%b1%d0%be%d0%bb%d1%82%d1%8b-%d0%bd%d0%b8%d0%b6%d0%bd%d0%b5%d0%b9-%d0%ba%d1%80%d1%8b%d1%88%d0%ba%d0%b8-m365-pro-2-4-1s-mi-3\/"]}]},{"@type":"ImageObject","inLanguage":"ru-RU","@id":"https:\/\/www.xn--tuksimaailm-ffb.ee\/ru\/\u043f\u0440\u043e\u0434\u0443\u043a\u0442\/xiaomi-%d0%b1%d0%be%d0%bb%d1%82%d1%8b-%d0%bd%d0%b8%d0%b6%d0%bd%d0%b5%d0%b9-%d0%ba%d1%80%d1%8b%d1%88%d0%ba%d0%b8-m365-pro-2-4-1s-mi-3\/#primaryimage","url":"https:\/\/www.xn--tuksimaailm-ffb.ee\/wp-content\/uploads\/2021\/01\/max-poldid-2.jpg","contentUrl":"https:\/\/www.xn--tuksimaailm-ffb.ee\/wp-content\/uploads\/2021\/01\/max-poldid-2.jpg","width":2048,"height":1536,"caption":"Xiaomi \u0431\u043e\u043b\u0442\u044b \u043d\u0438\u0436\u043d\u0435\u0439 \u043a\u0440\u044b\u0448\u043a\u0438 M365 Pro 2 \/ 4 1S Mi 3"},{"@type":"BreadcrumbList","@id":"https:\/\/www.xn--tuksimaailm-ffb.ee\/ru\/\u043f\u0440\u043e\u0434\u0443\u043a\u0442\/xiaomi-%d0%b1%d0%be%d0%bb%d1%82%d1%8b-%d0%bd%d0%b8%d0%b6%d0%bd%d0%b5%d0%b9-%d0%ba%d1%80%d1%8b%d1%88%d0%ba%d0%b8-m365-pro-2-4-1s-mi-3\/#breadcrumb","itemListElement":[{"@type":"ListItem","position":1,"name":"Home","item":"https:\/\/www.xn--tuksimaailm-ffb.ee\/ru\/frontpage\/"},{"@type":"ListItem","position":2,"name":"\u041c\u0410\u0413\u0410\u0417\u0418\u041d","item":"https:\/\/www.xn--tuksimaailm-ffb.ee\/elektritoukerataste-pood\/"},{"@type":"ListItem","position":3,"name":"\u0411\u043e\u043b\u0442\u044b \u043d\u0438\u0436\u043d\u0435\u0439 \u043a\u0440\u044b\u0448\u043a\u0438 \u0434\u043b\u044f \u044d\u043b\u0435\u043a\u0442\u0440\u043e\u0441\u0430\u043c\u043e\u043a\u0430\u0442\u0430 XIAOMI M365 PRO 2\/4 1S MI 3"}]},{"@type":"WebSite","@id":"https:\/\/www.xn--tuksimaailm-ffb.ee\/ru\/#website","url":"https:\/\/www.xn--tuksimaailm-ffb.ee\/ru\/","name":"T\u00f5uksimaailm","description":"Elektrit\u00f5ukerataste m\u00fc\u00fck, remont ja rent","publisher":{"@id":"https:\/\/www.xn--tuksimaailm-ffb.ee\/ru\/#organization"},"potentialAction":[{"@type":"SearchAction","target":{"@type":"EntryPoint","urlTemplate":"https:\/\/www.xn--tuksimaailm-ffb.ee\/ru\/?s={search_term_string}"},"query-input":{"@type":"PropertyValueSpecification","valueRequired":true,"valueName":"search_term_string"}}],"inLanguage":"ru-RU"},{"@type":"Organization","@id":"https:\/\/www.xn--tuksimaailm-ffb.ee\/ru\/#organization","name":"T\u00f5uksimaailm","url":"https:\/\/www.xn--tuksimaailm-ffb.ee\/ru\/","logo":{"@type":"ImageObject","inLanguage":"ru-RU","@id":"https:\/\/www.xn--tuksimaailm-ffb.ee\/ru\/#\/schema\/logo\/image\/","url":"https:\/\/www.xn--tuksimaailm-ffb.ee\/wp-content\/uploads\/2020\/01\/logoz-e1579792875517.png","contentUrl":"https:\/\/www.xn--tuksimaailm-ffb.ee\/wp-content\/uploads\/2020\/01\/logoz-e1579792875517.png","width":250,"height":250,"caption":"T\u00f5uksimaailm"},"image":{"@id":"https:\/\/www.xn--tuksimaailm-ffb.ee\/ru\/#\/schema\/logo\/image\/"},"sameAs":["https:\/\/www.facebook.com\/touksimaailm\/","https:\/\/www.instagram.com\/touksimaailm_\/","https:\/\/www.youtube.com\/channel\/UC18ml0EKIDLP1xGuQjFzcXQ"]}]},"og_availability":"instock","product_availability":"instock","product_condition":"new"},"jetpack_sharing_enabled":true,"_links":{"self":[{"href":"https:\/\/www.xn--tuksimaailm-ffb.ee\/ru\/wp-json\/wp\/v2\/product\/33718","targetHints":{"allow":["GET"]}}],"collection":[{"href":"https:\/\/www.xn--tuksimaailm-ffb.ee\/ru\/wp-json\/wp\/v2\/product"}],"about":[{"href":"https:\/\/www.xn--tuksimaailm-ffb.ee\/ru\/wp-json\/wp\/v2\/types\/product"}],"wp:featuredmedia":[{"embeddable":true,"href":"https:\/\/www.xn--tuksimaailm-ffb.ee\/ru\/wp-json\/wp\/v2\/media\/29244"}],"wp:attachment":[{"href":"https:\/\/www.xn--tuksimaailm-ffb.ee\/ru\/wp-json\/wp\/v2\/media?parent=33718"}],"wp:term":[{"taxonomy":"product_brand","embeddable":true,"href":"https:\/\/www.xn--tuksimaailm-ffb.ee\/ru\/wp-json\/wp\/v2\/product_brand?post=33718"},{"taxonomy":"product_cat","embeddable":true,"href":"https:\/\/www.xn--tuksimaailm-ffb.ee\/ru\/wp-json\/wp\/v2\/product_cat?post=33718"},{"taxonomy":"product_tag","embeddable":true,"href":"https:\/\/www.xn--tuksimaailm-ffb.ee\/ru\/wp-json\/wp\/v2\/product_tag?post=33718"},{"taxonomy":"filter_elektritoukeratas","embeddable":true,"href":"https:\/\/www.xn--tuksimaailm-ffb.ee\/ru\/wp-json\/wp\/v2\/filter_elektritoukeratas?post=33718"}],"curies":[{"name":"wp","href":"https:\/\/api.w.org\/{rel}","templated":true}]}}