{"id":33960,"date":"2023-01-27T20:26:31","date_gmt":"2023-01-27T18:26:31","guid":{"rendered":"http:\/\/www.xn--tuksimaailm-ffb.ee\/shop\/%d0%b1%d0%be%d0%bb%d1%82%d1%8b-%d0%b4%d0%bb%d1%8f-%d1%82%d0%be%d1%80%d0%bc%d0%be%d0%b7%d0%bd%d0%be%d0%b3%d0%be-%d0%b4%d0%b8%d0%ba%d0%b0\/"},"modified":"2024-11-15T17:10:35","modified_gmt":"2024-11-15T14:10:35","slug":"%d0%b1%d0%be%d0%bb%d1%82%d1%8b-%d0%b4%d0%bb%d1%8f-%d1%82%d0%be%d1%80%d0%bc%d0%be%d0%b7%d0%bd%d0%be%d0%b3%d0%be-%d0%b4%d0%b8%d0%ba%d0%b0","status":"publish","type":"product","link":"https:\/\/www.xn--tuksimaailm-ffb.ee\/ru\/\u043f\u0440\u043e\u0434\u0443\u043a\u0442\/%d0%b1%d0%be%d0%bb%d1%82%d1%8b-%d0%b4%d0%bb%d1%8f-%d1%82%d0%be%d1%80%d0%bc%d0%be%d0%b7%d0%bd%d0%be%d0%b3%d0%be-%d0%b4%d0%b8%d0%ba%d0%b0\/","title":{"rendered":"\u0431\u043e\u043b\u0442\u044b \u0442\u043e\u0440\u043c\u043e\u0437\u043d\u043e\u0433\u043e \u0440\u043e\u0442\u043e\u0440\u0430 \u0434\u043b\u044f \u044d\u043b\u0435\u043a\u0442\u0440\u043e\u0441\u0430\u043c\u043e\u043a\u0430\u0442\u0430 \u0438\u043b\u0438 \u0432\u0435\u043b\u043e\u0441\u0438\u043f\u0435\u0434\u0430"},"content":{"rendered":"<p>\u0411\u043e\u043b\u0442\u044b \u0434\u043b\u044f \u043a\u0440\u0435\u043f\u043b\u0435\u043d\u0438\u044f \u0442\u043e\u0440\u043c\u043e\u0437\u043d\u043e\u0433\u043e \u0434\u0438\u0441\u043a\u0430 \u044d\u043b\u0435\u043a\u0442\u0440\u043e\u0441\u0430\u043c\u043e\u043a\u0430\u0442\u0430\/\u0432\u0435\u043b\u043e\u0441\u0438\u043f\u0435\u0434\u0430.<\/p>\n<p>\u0412 \u043a\u043e\u043c\u043f\u043b\u0435\u043a\u0442\u0435 5 \u0431\u043e\u043b\u0442\u043e\u0432<\/p>\n","protected":false},"excerpt":{"rendered":"<p>\u0411\u043e\u043b\u0442\u044b \u0434\u043b\u044f \u043a\u0440\u0435\u043f\u043b\u0435\u043d\u0438\u044f \u0442\u043e\u0440\u043c\u043e\u0437\u043d\u043e\u0433\u043e \u0434\u0438\u0441\u043a\u0430 \u044d\u043b\u0435\u043a\u0442\u0440\u043e\u0441\u0430\u043c\u043e\u043a\u0430\u0442\u0430\/\u0432\u0435\u043b\u043e\u0441\u0438\u043f\u0435\u0434\u0430. \u0412 \u043a\u043e\u043c\u043f\u043b\u0435\u043a\u0442\u0435 5 \u0431\u043e\u043b\u0442\u043e\u0432<\/p>\n","protected":false},"featured_media":72205,"template":"","meta":[],"product_brand":[],"product_cat":[757],"product_tag":[1520,1519],"filter_elektritoukeratas":[2689,2688,2686,2687,2730,2732,2736,2734,2735,2610,2737,2707,2705,2704,2701,2706,2697,2698,2699,2714,2715,2712,2721,2720,2717,2722,2726,2725,2727,2724,2728,2681,2678,2679,2680,2671,2672,2670,2669,2673,2674,2675,2676,2668,2677,2682,2683,2684,2731,2740,2741,2739,2743,2742,2744,2639,2640,2641,2644,2638,2637,2643,2642,2753,2754,2755,2756,2694,2695,2693,2691,2692,2646,2602,2645,2647,2613,2619,2612,2748,2750,2751,2746,2749,2747],"class_list":{"0":"post-33960","1":"product","2":"type-product","3":"status-publish","4":"has-post-thumbnail","6":"product_cat-757","7":"product_tag-piduridetailid","8":"product_tag-xiaomi-varuosad-ru","9":"pa_tootetuup-piduridetailid-ru","10":"filter_elektritoukeratas-ft_blaupunkt_erl814","11":"filter_elektritoukeratas-ft_blaupunkt_esc608","12":"filter_elektritoukeratas-ft_blaupunkt_esc808","13":"filter_elektritoukeratas-ft_blaupunkt_esc910","14":"filter_elektritoukeratas-ft_dualtron_eagle","15":"filter_elektritoukeratas-ft_dualtron_spider","16":"filter_elektritoukeratas-ft_dualtron_storm","17":"filter_elektritoukeratas-ft_dualtron_thunder","18":"filter_elektritoukeratas-ft_dualtron_ultra","19":"filter_elektritoukeratas-ft_dualtron_victor","20":"filter_elektritoukeratas-ft_dualtron_x_x2","21":"filter_elektritoukeratas-ft_gpad_f3_max","22":"filter_elektritoukeratas-ft_gpad_foxen","23":"filter_elektritoukeratas-ft_gpad_joyride","24":"filter_elektritoukeratas-ft_gpad_lite_lite_max","25":"filter_elektritoukeratas-ft_gpad_storm","26":"filter_elektritoukeratas-ft_hx_x7","27":"filter_elektritoukeratas-ft_hx_x8","28":"filter_elektritoukeratas-ft_hx_x9_max_x9_plus","29":"filter_elektritoukeratas-ft_inokim_ox_eco_hero_super","30":"filter_elektritoukeratas-ft_inokim_oxo","31":"filter_elektritoukeratas-ft_inokim_quick_3_hero_super","32":"filter_elektritoukeratas-ft_joyor_g5_g5s","33":"filter_elektritoukeratas-ft_joyor_s5_s10-s_s_pro","34":"filter_elektritoukeratas-ft_joyor_x1_x5s","35":"filter_elektritoukeratas-ft_joyor_y10_y6_s_y5s","36":"filter_elektritoukeratas-ft_kaabo_mantis_10","37":"filter_elektritoukeratas-ft_kaabo_mantis_8","38":"filter_elektritoukeratas-ft_kaabo_mantis_king_gt","39":"filter_elektritoukeratas-ft_kaabo_skywalker","40":"filter_elektritoukeratas-ft_kaabo_wolf","41":"filter_elektritoukeratas-ft_kugoo_c1_c1_pro","42":"filter_elektritoukeratas-ft_kugoo_g_booster","43":"filter_elektritoukeratas-ft_kugoo_g1","44":"filter_elektritoukeratas-ft_kugoo_g1_pro","45":"filter_elektritoukeratas-ft_kugoo_g2","46":"filter_elektritoukeratas-ft_kugoo_g2_master","47":"filter_elektritoukeratas-ft_kugoo_g2_max","48":"filter_elektritoukeratas-ft_kugoo_g2_pro","49":"filter_elektritoukeratas-ft_kugoo_g3","50":"filter_elektritoukeratas-ft_kugoo_g3_pro","51":"filter_elektritoukeratas-ft_kugoo_g4","52":"filter_elektritoukeratas-ft_kugoo_g4_max","53":"filter_elektritoukeratas-ft_kugoo_m4_m4_pro","54":"filter_elektritoukeratas-ft_kugoo_m5_pro","55":"filter_elektritoukeratas-ft_kugoo_v1_v1_pro","56":"filter_elektritoukeratas-ft_kugoo_v2","57":"filter_elektritoukeratas-ft_kugoo_v3","58":"filter_elektritoukeratas-ft_minimotors_speedway_4_5","59":"filter_elektritoukeratas-ft_nanrobot_d4_plus","60":"filter_elektritoukeratas-ft_nanrobot_d6_plus","61":"filter_elektritoukeratas-ft_nanrobot_lightning","62":"filter_elektritoukeratas-ft_nanrobot_ls7plus","63":"filter_elektritoukeratas-ft_nanrobot_n6","64":"filter_elektritoukeratas-ft_nanrobot_x_spark","65":"filter_elektritoukeratas-ft_segway_ninebot_d18e_d28e_d38e","66":"filter_elektritoukeratas-ft_segway_ninebot_f20d_f25e_ii_f30d_f40d_f40d_ii","67":"filter_elektritoukeratas-ft_segway_ninebot_f65_f65i","68":"filter_elektritoukeratas-ft_segway_ninebot_gt1e_gt1d_gt2p","69":"filter_elektritoukeratas-ft_segway_ninebot_max_g2e_g65","70":"filter_elektritoukeratas-ft_segway_ninebot_max_g30p_g30le_g30e_ii_g30lp_ii","71":"filter_elektritoukeratas-ft_segway_ninebot_p100s_p100se","72":"filter_elektritoukeratas-ft_segway_ninebot_p65e_p65i","73":"filter_elektritoukeratas-ft_techlife_x5_x5s","74":"filter_elektritoukeratas-ft_techlife_x6","75":"filter_elektritoukeratas-ft_techlife_x7_x7_lite_x7s","76":"filter_elektritoukeratas-ft_techlife_x8_x8s","77":"filter_elektritoukeratas-ft_velt_smart_eco","78":"filter_elektritoukeratas-ft_velt_smart_pro","79":"filter_elektritoukeratas-ft_velt_smart_x7","80":"filter_elektritoukeratas-ft_velt_smart_x8","81":"filter_elektritoukeratas-ft_velt_smart_x8_pro","82":"filter_elektritoukeratas-ft_vsett_10_plus","83":"filter_elektritoukeratas-ft_vsett_11_plus","84":"filter_elektritoukeratas-ft_vsett_11_plus_super","85":"filter_elektritoukeratas-ft_vsett_9_9_plus","86":"filter_elektritoukeratas-ft_xiaomi_1s_mi3_pro_2_3_lite","87":"filter_elektritoukeratas-ft_xiaomi_4_4_lite_4_pro","88":"filter_elektritoukeratas-ft_xiaomi_m365_m365_pro_essential","89":"filter_elektritoukeratas-ft_zero_10","90":"filter_elektritoukeratas-ft_zero_10x","91":"filter_elektritoukeratas-ft_zero_11x","92":"filter_elektritoukeratas-ft_zero_8","93":"filter_elektritoukeratas-ft_zero_8x_compact","94":"filter_elektritoukeratas-ft_zero_9","96":"first","97":"instock","98":"taxable","99":"shipping-taxable","100":"purchasable","101":"product-type-variable"},"yoast_head":"<!-- This site is optimized with the Yoast SEO Premium plugin v26.8 (Yoast SEO v27.5) - https:\/\/yoast.com\/product\/yoast-seo-premium-wordpress\/ -->\n<title>\u0431\u043e\u043b\u0442\u044b \u0442\u043e\u0440\u043c\u043e\u0437\u043d\u043e\u0433\u043e \u0440\u043e\u0442\u043e\u0440\u0430 \u0434\u043b\u044f \u044d\u043b\u0435\u043a\u0442\u0440\u043e\u0441\u0430\u043c\u043e\u043a\u0430\u0442\u0430 \u0438\u043b\u0438 \u0432\u0435\u043b\u043e\u0441\u0438\u043f\u0435\u0434\u0430 | T\u00f5uksimaailm<\/title>\n<meta name=\"description\" content=\"\u0411\u043e\u043b\u0442\u044b \u0434\u043b\u044f \u043a\u0440\u0435\u043f\u043b\u0435\u043d\u0438\u044f \u0442\u043e\u0440\u043c\u043e\u0437\u043d\u043e\u0433\u043e \u0434\u0438\u0441\u043a\u0430 \u044d\u043b\u0435\u043a\u0442\u0440\u043e\u0441\u0430\u043c\u043e\u043a\u0430\u0442\u0430\/\u0432\u0435\u043b\u043e\u0441\u0438\u043f\u0435\u0434\u0430. \u0412 \u043a\u043e\u043c\u043f\u043b\u0435\u043a\u0442\u0435 5 \u0431\u043e\u043b\u0442\u043e\u0432\" \/>\n<meta name=\"robots\" content=\"index, follow, max-snippet:-1, max-image-preview:large, max-video-preview:-1\" \/>\n<link rel=\"canonical\" href=\"https:\/\/www.xn--tuksimaailm-ffb.ee\/ru\/\u043f\u0440\u043e\u0434\u0443\u043a\u0442\/%d0%b1%d0%be%d0%bb%d1%82%d1%8b-%d0%b4%d0%bb%d1%8f-%d1%82%d0%be%d1%80%d0%bc%d0%be%d0%b7%d0%bd%d0%be%d0%b3%d0%be-%d0%b4%d0%b8%d0%ba%d0%b0\/\" \/>\n<meta property=\"og:locale\" content=\"ru_RU\" \/>\n<meta property=\"og:type\" content=\"article\" \/>\n<meta property=\"og:title\" content=\"\u0431\u043e\u043b\u0442\u044b \u0442\u043e\u0440\u043c\u043e\u0437\u043d\u043e\u0433\u043e \u0440\u043e\u0442\u043e\u0440\u0430 \u0434\u043b\u044f \u044d\u043b\u0435\u043a\u0442\u0440\u043e\u0441\u0430\u043c\u043e\u043a\u0430\u0442\u0430 \u0438\u043b\u0438 \u0432\u0435\u043b\u043e\u0441\u0438\u043f\u0435\u0434\u0430\" \/>\n<meta property=\"og:description\" content=\"\u0411\u043e\u043b\u0442\u044b \u0434\u043b\u044f \u043a\u0440\u0435\u043f\u043b\u0435\u043d\u0438\u044f \u0442\u043e\u0440\u043c\u043e\u0437\u043d\u043e\u0433\u043e \u0434\u0438\u0441\u043a\u0430 \u044d\u043b\u0435\u043a\u0442\u0440\u043e\u0441\u0430\u043c\u043e\u043a\u0430\u0442\u0430\/\u0432\u0435\u043b\u043e\u0441\u0438\u043f\u0435\u0434\u0430. \u0412 \u043a\u043e\u043c\u043f\u043b\u0435\u043a\u0442\u0435 5 \u0431\u043e\u043b\u0442\u043e\u0432\" \/>\n<meta property=\"og:url\" content=\"https:\/\/www.xn--tuksimaailm-ffb.ee\/ru\/\u043f\u0440\u043e\u0434\u0443\u043a\u0442\/%d0%b1%d0%be%d0%bb%d1%82%d1%8b-%d0%b4%d0%bb%d1%8f-%d1%82%d0%be%d1%80%d0%bc%d0%be%d0%b7%d0%bd%d0%be%d0%b3%d0%be-%d0%b4%d0%b8%d0%ba%d0%b0\/\" \/>\n<meta property=\"og:site_name\" content=\"T\u00f5uksimaailm\" \/>\n<meta property=\"article:publisher\" content=\"https:\/\/www.facebook.com\/touksimaailm\/\" \/>\n<meta property=\"article:modified_time\" content=\"2024-11-15T14:10:35+00:00\" \/>\n<meta property=\"og:image\" content=\"https:\/\/www.xn--tuksimaailm-ffb.ee\/wp-content\/uploads\/2023\/01\/6-polti-pidurikettale.jpg\" \/>\n\t<meta property=\"og:image:width\" content=\"447\" \/>\n\t<meta property=\"og:image:height\" content=\"503\" \/>\n\t<meta property=\"og:image:type\" content=\"image\/jpeg\" \/>\n<meta name=\"twitter:card\" content=\"summary_large_image\" \/>\n<meta name=\"twitter:label1\" content=\"\u0414\u043e\u0441\u0442\u0443\u043f\u043d\u043e\u0441\u0442\u044c\" \/>\n\t<meta name=\"twitter:data1\" content=\"\u0412 \u043d\u0430\u043b\u0438\u0447\u0438\u0438\" \/>\n<meta property=\"og:availability\" content=\"instock\" \/>\n<meta property=\"product:availability\" content=\"instock\" \/>\n<meta property=\"product:condition\" content=\"new\" \/>\n<!-- \/ Yoast SEO Premium plugin. -->","yoast_head_json":{"title":"\u0431\u043e\u043b\u0442\u044b \u0442\u043e\u0440\u043c\u043e\u0437\u043d\u043e\u0433\u043e \u0440\u043e\u0442\u043e\u0440\u0430 \u0434\u043b\u044f \u044d\u043b\u0435\u043a\u0442\u0440\u043e\u0441\u0430\u043c\u043e\u043a\u0430\u0442\u0430 \u0438\u043b\u0438 \u0432\u0435\u043b\u043e\u0441\u0438\u043f\u0435\u0434\u0430 | T\u00f5uksimaailm","description":"\u0411\u043e\u043b\u0442\u044b \u0434\u043b\u044f \u043a\u0440\u0435\u043f\u043b\u0435\u043d\u0438\u044f \u0442\u043e\u0440\u043c\u043e\u0437\u043d\u043e\u0433\u043e \u0434\u0438\u0441\u043a\u0430 \u044d\u043b\u0435\u043a\u0442\u0440\u043e\u0441\u0430\u043c\u043e\u043a\u0430\u0442\u0430\/\u0432\u0435\u043b\u043e\u0441\u0438\u043f\u0435\u0434\u0430. \u0412 \u043a\u043e\u043c\u043f\u043b\u0435\u043a\u0442\u0435 5 \u0431\u043e\u043b\u0442\u043e\u0432","robots":{"index":"index","follow":"follow","max-snippet":"max-snippet:-1","max-image-preview":"max-image-preview:large","max-video-preview":"max-video-preview:-1"},"canonical":"https:\/\/www.xn--tuksimaailm-ffb.ee\/ru\/\u043f\u0440\u043e\u0434\u0443\u043a\u0442\/%d0%b1%d0%be%d0%bb%d1%82%d1%8b-%d0%b4%d0%bb%d1%8f-%d1%82%d0%be%d1%80%d0%bc%d0%be%d0%b7%d0%bd%d0%be%d0%b3%d0%be-%d0%b4%d0%b8%d0%ba%d0%b0\/","og_locale":"ru_RU","og_type":"article","og_title":"\u0431\u043e\u043b\u0442\u044b \u0442\u043e\u0440\u043c\u043e\u0437\u043d\u043e\u0433\u043e \u0440\u043e\u0442\u043e\u0440\u0430 \u0434\u043b\u044f \u044d\u043b\u0435\u043a\u0442\u0440\u043e\u0441\u0430\u043c\u043e\u043a\u0430\u0442\u0430 \u0438\u043b\u0438 \u0432\u0435\u043b\u043e\u0441\u0438\u043f\u0435\u0434\u0430","og_description":"\u0411\u043e\u043b\u0442\u044b \u0434\u043b\u044f \u043a\u0440\u0435\u043f\u043b\u0435\u043d\u0438\u044f \u0442\u043e\u0440\u043c\u043e\u0437\u043d\u043e\u0433\u043e \u0434\u0438\u0441\u043a\u0430 \u044d\u043b\u0435\u043a\u0442\u0440\u043e\u0441\u0430\u043c\u043e\u043a\u0430\u0442\u0430\/\u0432\u0435\u043b\u043e\u0441\u0438\u043f\u0435\u0434\u0430. \u0412 \u043a\u043e\u043c\u043f\u043b\u0435\u043a\u0442\u0435 5 \u0431\u043e\u043b\u0442\u043e\u0432","og_url":"https:\/\/www.xn--tuksimaailm-ffb.ee\/ru\/\u043f\u0440\u043e\u0434\u0443\u043a\u0442\/%d0%b1%d0%be%d0%bb%d1%82%d1%8b-%d0%b4%d0%bb%d1%8f-%d1%82%d0%be%d1%80%d0%bc%d0%be%d0%b7%d0%bd%d0%be%d0%b3%d0%be-%d0%b4%d0%b8%d0%ba%d0%b0\/","og_site_name":"T\u00f5uksimaailm","article_publisher":"https:\/\/www.facebook.com\/touksimaailm\/","article_modified_time":"2024-11-15T14:10:35+00:00","og_image":[{"width":447,"height":503,"url":"https:\/\/www.xn--tuksimaailm-ffb.ee\/wp-content\/uploads\/2023\/01\/6-polti-pidurikettale.jpg","type":"image\/jpeg"}],"twitter_card":"summary_large_image","twitter_misc":{"\u0414\u043e\u0441\u0442\u0443\u043f\u043d\u043e\u0441\u0442\u044c":"\u0412 \u043d\u0430\u043b\u0438\u0447\u0438\u0438"},"schema":{"@context":"https:\/\/schema.org","@graph":[{"@type":"WebPage","@id":"https:\/\/www.xn--tuksimaailm-ffb.ee\/ru\/\u043f\u0440\u043e\u0434\u0443\u043a\u0442\/%d0%b1%d0%be%d0%bb%d1%82%d1%8b-%d0%b4%d0%bb%d1%8f-%d1%82%d0%be%d1%80%d0%bc%d0%be%d0%b7%d0%bd%d0%be%d0%b3%d0%be-%d0%b4%d0%b8%d0%ba%d0%b0\/","url":"https:\/\/www.xn--tuksimaailm-ffb.ee\/ru\/\u043f\u0440\u043e\u0434\u0443\u043a\u0442\/%d0%b1%d0%be%d0%bb%d1%82%d1%8b-%d0%b4%d0%bb%d1%8f-%d1%82%d0%be%d1%80%d0%bc%d0%be%d0%b7%d0%bd%d0%be%d0%b3%d0%be-%d0%b4%d0%b8%d0%ba%d0%b0\/","name":"\u0431\u043e\u043b\u0442\u044b \u0442\u043e\u0440\u043c\u043e\u0437\u043d\u043e\u0433\u043e \u0440\u043e\u0442\u043e\u0440\u0430 \u0434\u043b\u044f \u044d\u043b\u0435\u043a\u0442\u0440\u043e\u0441\u0430\u043c\u043e\u043a\u0430\u0442\u0430 \u0438\u043b\u0438 \u0432\u0435\u043b\u043e\u0441\u0438\u043f\u0435\u0434\u0430 | T\u00f5uksimaailm","isPartOf":{"@id":"https:\/\/www.xn--tuksimaailm-ffb.ee\/ru\/#website"},"primaryImageOfPage":{"@id":"https:\/\/www.xn--tuksimaailm-ffb.ee\/ru\/\u043f\u0440\u043e\u0434\u0443\u043a\u0442\/%d0%b1%d0%be%d0%bb%d1%82%d1%8b-%d0%b4%d0%bb%d1%8f-%d1%82%d0%be%d1%80%d0%bc%d0%be%d0%b7%d0%bd%d0%be%d0%b3%d0%be-%d0%b4%d0%b8%d0%ba%d0%b0\/#primaryimage"},"image":{"@id":"https:\/\/www.xn--tuksimaailm-ffb.ee\/ru\/\u043f\u0440\u043e\u0434\u0443\u043a\u0442\/%d0%b1%d0%be%d0%bb%d1%82%d1%8b-%d0%b4%d0%bb%d1%8f-%d1%82%d0%be%d1%80%d0%bc%d0%be%d0%b7%d0%bd%d0%be%d0%b3%d0%be-%d0%b4%d0%b8%d0%ba%d0%b0\/#primaryimage"},"thumbnailUrl":"https:\/\/www.xn--tuksimaailm-ffb.ee\/wp-content\/uploads\/2023\/01\/Screenshot-2026-01-03-164459.webp","datePublished":"2023-01-27T18:26:31+00:00","dateModified":"2024-11-15T14:10:35+00:00","description":"\u0411\u043e\u043b\u0442\u044b \u0434\u043b\u044f \u043a\u0440\u0435\u043f\u043b\u0435\u043d\u0438\u044f \u0442\u043e\u0440\u043c\u043e\u0437\u043d\u043e\u0433\u043e \u0434\u0438\u0441\u043a\u0430 \u044d\u043b\u0435\u043a\u0442\u0440\u043e\u0441\u0430\u043c\u043e\u043a\u0430\u0442\u0430\/\u0432\u0435\u043b\u043e\u0441\u0438\u043f\u0435\u0434\u0430. \u0412 \u043a\u043e\u043c\u043f\u043b\u0435\u043a\u0442\u0435 5 \u0431\u043e\u043b\u0442\u043e\u0432","breadcrumb":{"@id":"https:\/\/www.xn--tuksimaailm-ffb.ee\/ru\/\u043f\u0440\u043e\u0434\u0443\u043a\u0442\/%d0%b1%d0%be%d0%bb%d1%82%d1%8b-%d0%b4%d0%bb%d1%8f-%d1%82%d0%be%d1%80%d0%bc%d0%be%d0%b7%d0%bd%d0%be%d0%b3%d0%be-%d0%b4%d0%b8%d0%ba%d0%b0\/#breadcrumb"},"inLanguage":"ru-RU","potentialAction":[{"@type":"ReadAction","target":["https:\/\/www.xn--tuksimaailm-ffb.ee\/ru\/\u043f\u0440\u043e\u0434\u0443\u043a\u0442\/%d0%b1%d0%be%d0%bb%d1%82%d1%8b-%d0%b4%d0%bb%d1%8f-%d1%82%d0%be%d1%80%d0%bc%d0%be%d0%b7%d0%bd%d0%be%d0%b3%d0%be-%d0%b4%d0%b8%d0%ba%d0%b0\/"]}]},{"@type":"ImageObject","inLanguage":"ru-RU","@id":"https:\/\/www.xn--tuksimaailm-ffb.ee\/ru\/\u043f\u0440\u043e\u0434\u0443\u043a\u0442\/%d0%b1%d0%be%d0%bb%d1%82%d1%8b-%d0%b4%d0%bb%d1%8f-%d1%82%d0%be%d1%80%d0%bc%d0%be%d0%b7%d0%bd%d0%be%d0%b3%d0%be-%d0%b4%d0%b8%d0%ba%d0%b0\/#primaryimage","url":"https:\/\/www.xn--tuksimaailm-ffb.ee\/wp-content\/uploads\/2023\/01\/Screenshot-2026-01-03-164459.webp","contentUrl":"https:\/\/www.xn--tuksimaailm-ffb.ee\/wp-content\/uploads\/2023\/01\/Screenshot-2026-01-03-164459.webp","width":1108,"height":952,"caption":"Elektrit\u00f5ukeratta jalgratta piduriketta rootori poldid"},{"@type":"BreadcrumbList","@id":"https:\/\/www.xn--tuksimaailm-ffb.ee\/ru\/\u043f\u0440\u043e\u0434\u0443\u043a\u0442\/%d0%b1%d0%be%d0%bb%d1%82%d1%8b-%d0%b4%d0%bb%d1%8f-%d1%82%d0%be%d1%80%d0%bc%d0%be%d0%b7%d0%bd%d0%be%d0%b3%d0%be-%d0%b4%d0%b8%d0%ba%d0%b0\/#breadcrumb","itemListElement":[{"@type":"ListItem","position":1,"name":"Home","item":"https:\/\/www.xn--tuksimaailm-ffb.ee\/ru\/frontpage\/"},{"@type":"ListItem","position":2,"name":"\u041c\u0410\u0413\u0410\u0417\u0418\u041d","item":"https:\/\/www.xn--tuksimaailm-ffb.ee\/elektritoukerataste-pood\/"},{"@type":"ListItem","position":3,"name":"\u0431\u043e\u043b\u0442\u044b \u0442\u043e\u0440\u043c\u043e\u0437\u043d\u043e\u0433\u043e \u0440\u043e\u0442\u043e\u0440\u0430 \u0434\u043b\u044f \u044d\u043b\u0435\u043a\u0442\u0440\u043e\u0441\u0430\u043c\u043e\u043a\u0430\u0442\u0430 \u0438\u043b\u0438 \u0432\u0435\u043b\u043e\u0441\u0438\u043f\u0435\u0434\u0430"}]},{"@type":"WebSite","@id":"https:\/\/www.xn--tuksimaailm-ffb.ee\/ru\/#website","url":"https:\/\/www.xn--tuksimaailm-ffb.ee\/ru\/","name":"T\u00f5uksimaailm","description":"Elektrit\u00f5ukerataste m\u00fc\u00fck, remont ja rent","publisher":{"@id":"https:\/\/www.xn--tuksimaailm-ffb.ee\/ru\/#organization"},"potentialAction":[{"@type":"SearchAction","target":{"@type":"EntryPoint","urlTemplate":"https:\/\/www.xn--tuksimaailm-ffb.ee\/ru\/?s={search_term_string}"},"query-input":{"@type":"PropertyValueSpecification","valueRequired":true,"valueName":"search_term_string"}}],"inLanguage":"ru-RU"},{"@type":"Organization","@id":"https:\/\/www.xn--tuksimaailm-ffb.ee\/ru\/#organization","name":"T\u00f5uksimaailm","url":"https:\/\/www.xn--tuksimaailm-ffb.ee\/ru\/","logo":{"@type":"ImageObject","inLanguage":"ru-RU","@id":"https:\/\/www.xn--tuksimaailm-ffb.ee\/ru\/#\/schema\/logo\/image\/","url":"https:\/\/www.xn--tuksimaailm-ffb.ee\/wp-content\/uploads\/2020\/01\/logoz-e1579792875517.png","contentUrl":"https:\/\/www.xn--tuksimaailm-ffb.ee\/wp-content\/uploads\/2020\/01\/logoz-e1579792875517.png","width":250,"height":250,"caption":"T\u00f5uksimaailm"},"image":{"@id":"https:\/\/www.xn--tuksimaailm-ffb.ee\/ru\/#\/schema\/logo\/image\/"},"sameAs":["https:\/\/www.facebook.com\/touksimaailm\/","https:\/\/www.instagram.com\/touksimaailm_\/","https:\/\/www.youtube.com\/channel\/UC18ml0EKIDLP1xGuQjFzcXQ"]}]},"og_availability":"instock","product_availability":"instock","product_condition":"new"},"jetpack_sharing_enabled":true,"_links":{"self":[{"href":"https:\/\/www.xn--tuksimaailm-ffb.ee\/ru\/wp-json\/wp\/v2\/product\/33960","targetHints":{"allow":["GET"]}}],"collection":[{"href":"https:\/\/www.xn--tuksimaailm-ffb.ee\/ru\/wp-json\/wp\/v2\/product"}],"about":[{"href":"https:\/\/www.xn--tuksimaailm-ffb.ee\/ru\/wp-json\/wp\/v2\/types\/product"}],"wp:featuredmedia":[{"embeddable":true,"href":"https:\/\/www.xn--tuksimaailm-ffb.ee\/ru\/wp-json\/wp\/v2\/media\/72205"}],"wp:attachment":[{"href":"https:\/\/www.xn--tuksimaailm-ffb.ee\/ru\/wp-json\/wp\/v2\/media?parent=33960"}],"wp:term":[{"taxonomy":"product_brand","embeddable":true,"href":"https:\/\/www.xn--tuksimaailm-ffb.ee\/ru\/wp-json\/wp\/v2\/product_brand?post=33960"},{"taxonomy":"product_cat","embeddable":true,"href":"https:\/\/www.xn--tuksimaailm-ffb.ee\/ru\/wp-json\/wp\/v2\/product_cat?post=33960"},{"taxonomy":"product_tag","embeddable":true,"href":"https:\/\/www.xn--tuksimaailm-ffb.ee\/ru\/wp-json\/wp\/v2\/product_tag?post=33960"},{"taxonomy":"filter_elektritoukeratas","embeddable":true,"href":"https:\/\/www.xn--tuksimaailm-ffb.ee\/ru\/wp-json\/wp\/v2\/filter_elektritoukeratas?post=33960"}],"curies":[{"name":"wp","href":"https:\/\/api.w.org\/{rel}","templated":true}]}}