{"id":33961,"date":"2023-01-22T17:50:38","date_gmt":"2023-01-22T14:50:38","guid":{"rendered":"http:\/\/www.xn--tuksimaailm-ffb.ee\/shop\/%d0%bd%d0%b8%d0%ba%d0%b5%d0%bb%d0%b5%d0%b2%d0%b0%d1%8f-%d0%bf%d0%bb%d0%b0%d1%81%d1%82%d0%b8%d0%bd%d0%b0-%d0%b4%d0%bb%d1%8f-%d1%81%d0%b2%d0%b0%d1%80%d0%ba%d0%b8-%d1%8f%d1%87%d0%b5%d0%b5%d0%ba\/"},"modified":"2024-11-15T17:10:24","modified_gmt":"2024-11-15T14:10:24","slug":"%d0%bd%d0%b8%d0%ba%d0%b5%d0%bb%d0%b5%d0%b2%d0%b0%d1%8f-%d0%bf%d0%bb%d0%b0%d1%81%d1%82%d0%b8%d0%bd%d0%b0-%d0%b4%d0%bb%d1%8f-%d1%81%d0%b2%d0%b0%d1%80%d0%ba%d0%b8-%d1%8f%d1%87%d0%b5%d0%b5%d0%ba","status":"publish","type":"product","link":"https:\/\/www.xn--tuksimaailm-ffb.ee\/ru\/\u043f\u0440\u043e\u0434\u0443\u043a\u0442\/%d0%bd%d0%b8%d0%ba%d0%b5%d0%bb%d0%b5%d0%b2%d0%b0%d1%8f-%d0%bf%d0%bb%d0%b0%d1%81%d1%82%d0%b8%d0%bd%d0%b0-%d0%b4%d0%bb%d1%8f-%d1%81%d0%b2%d0%b0%d1%80%d0%ba%d0%b8-%d1%8f%d1%87%d0%b5%d0%b5%d0%ba\/","title":{"rendered":"\u043d\u0438\u043a\u0435\u043b\u0435\u0432\u0430\u044f \u043f\u043b\u0430\u0441\u0442\u0438\u043d\u0430 \u0434\u043b\u044f \u0441\u0432\u0430\u0440\u043a\u0438 \u044f\u0447\u0435\u0435\u043a \u0430\u043a\u043a\u0443\u043c\u0443\u043b\u044f\u0442\u043e\u0440\u0430"},"content":{"rendered":"<div class=\"page\" style=\"caret-color: #000000; color: #000000;\" title=\"Page 58\">\n<div class=\"section\">\n<div class=\"layoutArea\">\n<div class=\"column\">\n<p><span style=\"font-size: 13pt; color: #666666;\">\u041d\u0438\u043a\u0435\u043b\u0435\u0432\u0430\u044f \u043f\u043e\u043b\u043e\u0441\u0430 (\u0442\u0430\u043a\u0436\u0435 \u043d\u0438\u043a\u0435\u043b\u0438\u0440\u043e\u0432\u0430\u043d\u043d\u0430\u044f \u043f\u043b\u0430\u0441\u0442\u0438\u043d\u0430\/\u043b\u0438\u0441\u0442\/\u043f\u043e\u043b\u043e\u0441\u0430) \u0434\u043b\u044f \u0441\u0432\u0430\u0440\u043a\u0438 \u0430\u043a\u043a\u0443\u043c\u0443\u043b\u044f\u0442\u043e\u0440\u043d\u044b\u0445 \u043c\u043e\u0434\u0443\u043b\u0435\u0438\u0306 (\u044f\u0447\u0435\u0435\u043a) \u043c\u0435\u0436\u0434\u0443 \u0441\u043e\u0431\u043e\u0438\u0306 \u0438 \u0438\u0437\u0433\u043e\u0442\u043e\u0432\u043b\u0435\u043d\u0438\u044f \u0430\u043a\u043a\u0443\u043c\u0443\u043b\u044f\u0442\u043e\u0440\u043d\u043e\u0433\u043e \u0431\u043b\u043e\u043a\u0430 \u0438\u0437 \u044f\u0447\u0435\u0435\u043a. \u041f\u0440\u0438\u043c\u0435\u043d\u044f\u0435\u0442\u0441\u044f \u0432 \u0430\u043a\u043a\u0443\u043c\u0443\u043b\u044f\u0442\u043e\u0440\u043d\u044b\u0445 \u0431\u0430\u0442\u0430\u0440\u0435\u044f\u0445 \u044d\u043b\u0435\u043a\u0442\u0440\u043e\u0441\u0430\u043c\u043e\u043a\u0430\u0442\u043e\u0432\/\u0432\u0435\u043b\u043e\u0441\u0438\u043f\u0435\u0434\u043e\u0432. \u041f\u043e\u0434\u0445\u043e\u0434\u0438\u0442 \u0434\u043b\u044f \u0441\u0432\u0430\u0440\u043a\u0438 \u0430\u043a\u043a\u0443\u043c\u0443\u043b\u044f\u0442\u043e\u0440\u043d\u044b\u0445 \u043c\u043e\u0434\u0443\u043b\u0435\u0438\u0306 \u0444\u043e\u0440\u043c\u0430\u0442\u043e\u0432 18650 \u0438 21700. \u0414\u043b\u0438\u043d\u0430 \u043d\u0438\u043a\u0435\u043b\u0435\u0432\u043e\u0438\u0306 \u043f\u043e\u043b\u043e\u0441\u044b \u0441\u043e\u0441\u0442\u0430\u0432\u043b\u044f\u0435\u0442 1 \u043c\u0435\u0442\u0440 (1 \u043c), \u0434\u043e\u0441\u0442\u0443\u043f\u043d\u044b \u0441\u043b\u0435\u0434\u0443\u044e\u0449\u0438\u0435 \u0432\u0430\u0440\u0438\u0430\u043d\u0442\u044b:<\/span><\/p>\n<p><span style=\"font-size: 13pt; color: #666666;\">1) \u0448\u0438\u0440\u0438\u043d\u0430 7 \u043c\u043c \u0438 \u0442\u043e\u043b\u0449\u0438\u043d\u0430 0,2 \u043c\u043c, 2) \u0448\u0438\u0440\u0438\u043d\u0430 7 \u043c\u043c \u0438 \u0442\u043e\u043b\u0449\u0438\u043d\u0430 0,3 \u043c\u043c, 3) \u0448\u0438\u0440\u0438\u043d\u0430 15 \u043c\u043c \u0438 \u0442\u043e\u043b\u0449\u0438\u043d\u0430 0,3 \u043c\u043c.<\/span><\/p>\n<\/div>\n<\/div>\n<\/div>\n<\/div>\n<p>1) \u0448\u0438\u0440\u0438\u043d\u0430\u00a0<strong>7mm<\/strong> ja \u0442\u043e\u043b\u0449\u0438\u043d\u0430\u00a0<strong>0.2mm<\/strong>,<strong><br \/><\/strong>2) \u0448\u0438\u0440\u0438\u043d\u0430\u00a0<strong>7mm<\/strong> ja \u0442\u043e\u043b\u0449\u0438\u043d\u0430\u00a0<strong>0.3mm<\/strong>,<strong><br \/><\/strong>3) \u0448\u0438\u0440\u0438\u043d\u0430\u00a0<strong>15mm<\/strong> ja \u0442\u043e\u043b\u0449\u0438\u043d\u0430\u00a0<strong>0.3mm<\/strong>.<\/p>\n","protected":false},"excerpt":{"rendered":"<p>\u041d\u0438\u043a\u0435\u043b\u0435\u0432\u0430\u044f \u043f\u043e\u043b\u043e\u0441\u0430 (\u0442\u0430\u043a\u0436\u0435 \u043d\u0438\u043a\u0435\u043b\u0438\u0440\u043e\u0432\u0430\u043d\u043d\u0430\u044f \u043f\u043b\u0430\u0441\u0442\u0438\u043d\u0430\/\u043b\u0438\u0441\u0442\/\u043f\u043e\u043b\u043e\u0441\u0430) \u0434\u043b\u044f \u0441\u0432\u0430\u0440\u043a\u0438 \u0430\u043a\u043a\u0443\u043c\u0443\u043b\u044f\u0442\u043e\u0440\u043d\u044b\u0445 \u043c\u043e\u0434\u0443\u043b\u0435\u0438\u0306 (\u044f\u0447\u0435\u0435\u043a) \u043c\u0435\u0436\u0434\u0443 \u0441\u043e\u0431\u043e\u0438\u0306 \u0438 \u0438\u0437\u0433\u043e\u0442\u043e\u0432\u043b\u0435\u043d\u0438\u044f \u0430\u043a\u043a\u0443\u043c\u0443\u043b\u044f\u0442\u043e\u0440\u043d\u043e\u0433\u043e \u0431\u043b\u043e\u043a\u0430 \u0438\u0437 \u044f\u0447\u0435\u0435\u043a. \u041f\u0440\u0438\u043c\u0435\u043d\u044f\u0435\u0442\u0441\u044f \u0432 \u0430\u043a\u043a\u0443\u043c\u0443\u043b\u044f\u0442\u043e\u0440\u043d\u044b\u0445 \u0431\u0430\u0442\u0430\u0440\u0435\u044f\u0445 \u044d\u043b\u0435\u043a\u0442\u0440\u043e\u0441\u0430\u043c\u043e\u043a\u0430\u0442\u043e\u0432\/\u0432\u0435\u043b\u043e\u0441\u0438\u043f\u0435\u0434\u043e\u0432. \u041f\u043e\u0434\u0445\u043e\u0434\u0438\u0442 \u0434\u043b\u044f \u0441\u0432\u0430\u0440\u043a\u0438 \u0430\u043a\u043a\u0443\u043c\u0443\u043b\u044f\u0442\u043e\u0440\u043d\u044b\u0445 \u043c\u043e\u0434\u0443\u043b\u0435\u0438\u0306 \u0444\u043e\u0440\u043c\u0430\u0442\u043e\u0432 18650 \u0438 21700. \u0414\u043b\u0438\u043d\u0430 \u043d\u0438\u043a\u0435\u043b\u0435\u0432\u043e\u0438\u0306 \u043f\u043e\u043b\u043e\u0441\u044b \u0441\u043e\u0441\u0442\u0430\u0432\u043b\u044f\u0435\u0442 1 \u043c\u0435\u0442\u0440 (1 \u043c), \u0434\u043e\u0441\u0442\u0443\u043f\u043d\u044b \u0441\u043b\u0435\u0434\u0443\u044e\u0449\u0438\u0435 \u0432\u0430\u0440\u0438\u0430\u043d\u0442\u044b: 1) \u0448\u0438\u0440\u0438\u043d\u0430 7 \u043c\u043c \u0438 \u0442\u043e\u043b\u0449\u0438\u043d\u0430 0,2 &hellip;<\/p>\n","protected":false},"featured_media":28900,"template":"","meta":[],"product_brand":[],"product_cat":[757],"product_tag":[],"filter_elektritoukeratas":[],"class_list":{"0":"post-33961","1":"product","2":"type-product","3":"status-publish","4":"has-post-thumbnail","6":"product_cat-757","7":"pa_tootetuup-universaalsed-elektritoukeratta-varuosad-ru","9":"first","10":"instock","11":"taxable","12":"shipping-taxable","13":"purchasable","14":"product-type-variable"},"yoast_head":"<!-- This site is optimized with the Yoast SEO Premium plugin v26.8 (Yoast SEO v27.5) - https:\/\/yoast.com\/product\/yoast-seo-premium-wordpress\/ -->\n<title>\u043d\u0438\u043a\u0435\u043b\u0435\u0432\u0430\u044f \u043f\u043b\u0430\u0441\u0442\u0438\u043d\u0430 \u0434\u043b\u044f \u0441\u0432\u0430\u0440\u043a\u0438 \u044f\u0447\u0435\u0435\u043a \u0430\u043a\u043a\u0443\u043c\u0443\u043b\u044f\u0442\u043e\u0440\u0430 | T\u00f5uksimaailm<\/title>\n<meta name=\"description\" content=\"\u043d\u0438\u043a\u0435\u043b\u0435\u0432\u0430\u044f \u043f\u043b\u0430\u0441\u0442\u0438\u043d\u0430 \u0434\u043b\u044f \u0441\u0432\u0430\u0440\u043a\u0438 \u0430\u043a\u043a\u0443\u043c\u0443\u043b\u044f\u0442\u043e\u0440\u043e\u0432 18650\/20700\/21700\/26650 \u044d\u043b\u0435\u043a\u0442\u0440\u043e\u0441\u0430\u043c\u043e\u043a\u0430\u0442\" \/>\n<meta name=\"robots\" content=\"index, follow, max-snippet:-1, max-image-preview:large, max-video-preview:-1\" \/>\n<link rel=\"canonical\" href=\"https:\/\/www.xn--tuksimaailm-ffb.ee\/ru\/\u043f\u0440\u043e\u0434\u0443\u043a\u0442\/%d0%bd%d0%b8%d0%ba%d0%b5%d0%bb%d0%b5%d0%b2%d0%b0%d1%8f-%d0%bf%d0%bb%d0%b0%d1%81%d1%82%d0%b8%d0%bd%d0%b0-%d0%b4%d0%bb%d1%8f-%d1%81%d0%b2%d0%b0%d1%80%d0%ba%d0%b8-%d1%8f%d1%87%d0%b5%d0%b5%d0%ba\/\" \/>\n<meta property=\"og:locale\" content=\"ru_RU\" \/>\n<meta property=\"og:type\" content=\"article\" \/>\n<meta property=\"og:title\" content=\"\u043d\u0438\u043a\u0435\u043b\u0435\u0432\u0430\u044f \u043f\u043b\u0430\u0441\u0442\u0438\u043d\u0430 \u0434\u043b\u044f \u0441\u0432\u0430\u0440\u043a\u0438 \u044f\u0447\u0435\u0435\u043a \u0430\u043a\u043a\u0443\u043c\u0443\u043b\u044f\u0442\u043e\u0440\u0430\" \/>\n<meta property=\"og:description\" content=\"\u043d\u0438\u043a\u0435\u043b\u0435\u0432\u0430\u044f \u043f\u043b\u0430\u0441\u0442\u0438\u043d\u0430 \u0434\u043b\u044f \u0441\u0432\u0430\u0440\u043a\u0438 \u0430\u043a\u043a\u0443\u043c\u0443\u043b\u044f\u0442\u043e\u0440\u043e\u0432 18650\/20700\/21700\/26650 \u044d\u043b\u0435\u043a\u0442\u0440\u043e\u0441\u0430\u043c\u043e\u043a\u0430\u0442\" \/>\n<meta property=\"og:url\" content=\"https:\/\/www.xn--tuksimaailm-ffb.ee\/ru\/\u043f\u0440\u043e\u0434\u0443\u043a\u0442\/%d0%bd%d0%b8%d0%ba%d0%b5%d0%bb%d0%b5%d0%b2%d0%b0%d1%8f-%d0%bf%d0%bb%d0%b0%d1%81%d1%82%d0%b8%d0%bd%d0%b0-%d0%b4%d0%bb%d1%8f-%d1%81%d0%b2%d0%b0%d1%80%d0%ba%d0%b8-%d1%8f%d1%87%d0%b5%d0%b5%d0%ba\/\" \/>\n<meta property=\"og:site_name\" content=\"T\u00f5uksimaailm\" \/>\n<meta property=\"article:publisher\" content=\"https:\/\/www.facebook.com\/touksimaailm\/\" \/>\n<meta property=\"article:modified_time\" content=\"2024-11-15T14:10:24+00:00\" \/>\n<meta property=\"og:image\" content=\"https:\/\/www.xn--tuksimaailm-ffb.ee\/wp-content\/uploads\/2023\/01\/nikkelriba.jpg\" \/>\n\t<meta property=\"og:image:width\" content=\"308\" \/>\n\t<meta property=\"og:image:height\" content=\"498\" \/>\n\t<meta property=\"og:image:type\" content=\"image\/jpeg\" \/>\n<meta name=\"twitter:card\" content=\"summary_large_image\" \/>\n<meta name=\"twitter:label1\" content=\"\u0414\u043e\u0441\u0442\u0443\u043f\u043d\u043e\u0441\u0442\u044c\" \/>\n\t<meta name=\"twitter:data1\" content=\"\u0412 \u043d\u0430\u043b\u0438\u0447\u0438\u0438\" \/>\n<meta property=\"og:availability\" content=\"instock\" \/>\n<meta property=\"product:availability\" content=\"instock\" \/>\n<meta property=\"product:condition\" content=\"new\" \/>\n<!-- \/ Yoast SEO Premium plugin. -->","yoast_head_json":{"title":"\u043d\u0438\u043a\u0435\u043b\u0435\u0432\u0430\u044f \u043f\u043b\u0430\u0441\u0442\u0438\u043d\u0430 \u0434\u043b\u044f \u0441\u0432\u0430\u0440\u043a\u0438 \u044f\u0447\u0435\u0435\u043a \u0430\u043a\u043a\u0443\u043c\u0443\u043b\u044f\u0442\u043e\u0440\u0430 | T\u00f5uksimaailm","description":"\u043d\u0438\u043a\u0435\u043b\u0435\u0432\u0430\u044f \u043f\u043b\u0430\u0441\u0442\u0438\u043d\u0430 \u0434\u043b\u044f \u0441\u0432\u0430\u0440\u043a\u0438 \u0430\u043a\u043a\u0443\u043c\u0443\u043b\u044f\u0442\u043e\u0440\u043e\u0432 18650\/20700\/21700\/26650 \u044d\u043b\u0435\u043a\u0442\u0440\u043e\u0441\u0430\u043c\u043e\u043a\u0430\u0442","robots":{"index":"index","follow":"follow","max-snippet":"max-snippet:-1","max-image-preview":"max-image-preview:large","max-video-preview":"max-video-preview:-1"},"canonical":"https:\/\/www.xn--tuksimaailm-ffb.ee\/ru\/\u043f\u0440\u043e\u0434\u0443\u043a\u0442\/%d0%bd%d0%b8%d0%ba%d0%b5%d0%bb%d0%b5%d0%b2%d0%b0%d1%8f-%d0%bf%d0%bb%d0%b0%d1%81%d1%82%d0%b8%d0%bd%d0%b0-%d0%b4%d0%bb%d1%8f-%d1%81%d0%b2%d0%b0%d1%80%d0%ba%d0%b8-%d1%8f%d1%87%d0%b5%d0%b5%d0%ba\/","og_locale":"ru_RU","og_type":"article","og_title":"\u043d\u0438\u043a\u0435\u043b\u0435\u0432\u0430\u044f \u043f\u043b\u0430\u0441\u0442\u0438\u043d\u0430 \u0434\u043b\u044f \u0441\u0432\u0430\u0440\u043a\u0438 \u044f\u0447\u0435\u0435\u043a \u0430\u043a\u043a\u0443\u043c\u0443\u043b\u044f\u0442\u043e\u0440\u0430","og_description":"\u043d\u0438\u043a\u0435\u043b\u0435\u0432\u0430\u044f \u043f\u043b\u0430\u0441\u0442\u0438\u043d\u0430 \u0434\u043b\u044f \u0441\u0432\u0430\u0440\u043a\u0438 \u0430\u043a\u043a\u0443\u043c\u0443\u043b\u044f\u0442\u043e\u0440\u043e\u0432 18650\/20700\/21700\/26650 \u044d\u043b\u0435\u043a\u0442\u0440\u043e\u0441\u0430\u043c\u043e\u043a\u0430\u0442","og_url":"https:\/\/www.xn--tuksimaailm-ffb.ee\/ru\/\u043f\u0440\u043e\u0434\u0443\u043a\u0442\/%d0%bd%d0%b8%d0%ba%d0%b5%d0%bb%d0%b5%d0%b2%d0%b0%d1%8f-%d0%bf%d0%bb%d0%b0%d1%81%d1%82%d0%b8%d0%bd%d0%b0-%d0%b4%d0%bb%d1%8f-%d1%81%d0%b2%d0%b0%d1%80%d0%ba%d0%b8-%d1%8f%d1%87%d0%b5%d0%b5%d0%ba\/","og_site_name":"T\u00f5uksimaailm","article_publisher":"https:\/\/www.facebook.com\/touksimaailm\/","article_modified_time":"2024-11-15T14:10:24+00:00","og_image":[{"width":308,"height":498,"url":"https:\/\/www.xn--tuksimaailm-ffb.ee\/wp-content\/uploads\/2023\/01\/nikkelriba.jpg","type":"image\/jpeg"}],"twitter_card":"summary_large_image","twitter_misc":{"\u0414\u043e\u0441\u0442\u0443\u043f\u043d\u043e\u0441\u0442\u044c":"\u0412 \u043d\u0430\u043b\u0438\u0447\u0438\u0438"},"schema":{"@context":"https:\/\/schema.org","@graph":[{"@type":"WebPage","@id":"https:\/\/www.xn--tuksimaailm-ffb.ee\/ru\/\u043f\u0440\u043e\u0434\u0443\u043a\u0442\/%d0%bd%d0%b8%d0%ba%d0%b5%d0%bb%d0%b5%d0%b2%d0%b0%d1%8f-%d0%bf%d0%bb%d0%b0%d1%81%d1%82%d0%b8%d0%bd%d0%b0-%d0%b4%d0%bb%d1%8f-%d1%81%d0%b2%d0%b0%d1%80%d0%ba%d0%b8-%d1%8f%d1%87%d0%b5%d0%b5%d0%ba\/","url":"https:\/\/www.xn--tuksimaailm-ffb.ee\/ru\/\u043f\u0440\u043e\u0434\u0443\u043a\u0442\/%d0%bd%d0%b8%d0%ba%d0%b5%d0%bb%d0%b5%d0%b2%d0%b0%d1%8f-%d0%bf%d0%bb%d0%b0%d1%81%d1%82%d0%b8%d0%bd%d0%b0-%d0%b4%d0%bb%d1%8f-%d1%81%d0%b2%d0%b0%d1%80%d0%ba%d0%b8-%d1%8f%d1%87%d0%b5%d0%b5%d0%ba\/","name":"\u043d\u0438\u043a\u0435\u043b\u0435\u0432\u0430\u044f \u043f\u043b\u0430\u0441\u0442\u0438\u043d\u0430 \u0434\u043b\u044f \u0441\u0432\u0430\u0440\u043a\u0438 \u044f\u0447\u0435\u0435\u043a \u0430\u043a\u043a\u0443\u043c\u0443\u043b\u044f\u0442\u043e\u0440\u0430 | T\u00f5uksimaailm","isPartOf":{"@id":"https:\/\/www.xn--tuksimaailm-ffb.ee\/ru\/#website"},"primaryImageOfPage":{"@id":"https:\/\/www.xn--tuksimaailm-ffb.ee\/ru\/\u043f\u0440\u043e\u0434\u0443\u043a\u0442\/%d0%bd%d0%b8%d0%ba%d0%b5%d0%bb%d0%b5%d0%b2%d0%b0%d1%8f-%d0%bf%d0%bb%d0%b0%d1%81%d1%82%d0%b8%d0%bd%d0%b0-%d0%b4%d0%bb%d1%8f-%d1%81%d0%b2%d0%b0%d1%80%d0%ba%d0%b8-%d1%8f%d1%87%d0%b5%d0%b5%d0%ba\/#primaryimage"},"image":{"@id":"https:\/\/www.xn--tuksimaailm-ffb.ee\/ru\/\u043f\u0440\u043e\u0434\u0443\u043a\u0442\/%d0%bd%d0%b8%d0%ba%d0%b5%d0%bb%d0%b5%d0%b2%d0%b0%d1%8f-%d0%bf%d0%bb%d0%b0%d1%81%d1%82%d0%b8%d0%bd%d0%b0-%d0%b4%d0%bb%d1%8f-%d1%81%d0%b2%d0%b0%d1%80%d0%ba%d0%b8-%d1%8f%d1%87%d0%b5%d0%b5%d0%ba\/#primaryimage"},"thumbnailUrl":"https:\/\/www.xn--tuksimaailm-ffb.ee\/wp-content\/uploads\/2023\/01\/nikkelriba.jpg","datePublished":"2023-01-22T14:50:38+00:00","dateModified":"2024-11-15T14:10:24+00:00","description":"\u043d\u0438\u043a\u0435\u043b\u0435\u0432\u0430\u044f \u043f\u043b\u0430\u0441\u0442\u0438\u043d\u0430 \u0434\u043b\u044f \u0441\u0432\u0430\u0440\u043a\u0438 \u0430\u043a\u043a\u0443\u043c\u0443\u043b\u044f\u0442\u043e\u0440\u043e\u0432 18650\/20700\/21700\/26650 \u044d\u043b\u0435\u043a\u0442\u0440\u043e\u0441\u0430\u043c\u043e\u043a\u0430\u0442","breadcrumb":{"@id":"https:\/\/www.xn--tuksimaailm-ffb.ee\/ru\/\u043f\u0440\u043e\u0434\u0443\u043a\u0442\/%d0%bd%d0%b8%d0%ba%d0%b5%d0%bb%d0%b5%d0%b2%d0%b0%d1%8f-%d0%bf%d0%bb%d0%b0%d1%81%d1%82%d0%b8%d0%bd%d0%b0-%d0%b4%d0%bb%d1%8f-%d1%81%d0%b2%d0%b0%d1%80%d0%ba%d0%b8-%d1%8f%d1%87%d0%b5%d0%b5%d0%ba\/#breadcrumb"},"inLanguage":"ru-RU","potentialAction":[{"@type":"ReadAction","target":["https:\/\/www.xn--tuksimaailm-ffb.ee\/ru\/\u043f\u0440\u043e\u0434\u0443\u043a\u0442\/%d0%bd%d0%b8%d0%ba%d0%b5%d0%bb%d0%b5%d0%b2%d0%b0%d1%8f-%d0%bf%d0%bb%d0%b0%d1%81%d1%82%d0%b8%d0%bd%d0%b0-%d0%b4%d0%bb%d1%8f-%d1%81%d0%b2%d0%b0%d1%80%d0%ba%d0%b8-%d1%8f%d1%87%d0%b5%d0%b5%d0%ba\/"]}]},{"@type":"ImageObject","inLanguage":"ru-RU","@id":"https:\/\/www.xn--tuksimaailm-ffb.ee\/ru\/\u043f\u0440\u043e\u0434\u0443\u043a\u0442\/%d0%bd%d0%b8%d0%ba%d0%b5%d0%bb%d0%b5%d0%b2%d0%b0%d1%8f-%d0%bf%d0%bb%d0%b0%d1%81%d1%82%d0%b8%d0%bd%d0%b0-%d0%b4%d0%bb%d1%8f-%d1%81%d0%b2%d0%b0%d1%80%d0%ba%d0%b8-%d1%8f%d1%87%d0%b5%d0%b5%d0%ba\/#primaryimage","url":"https:\/\/www.xn--tuksimaailm-ffb.ee\/wp-content\/uploads\/2023\/01\/nikkelriba.jpg","contentUrl":"https:\/\/www.xn--tuksimaailm-ffb.ee\/wp-content\/uploads\/2023\/01\/nikkelriba.jpg","width":308,"height":498,"caption":"\u043d\u0438\u043a\u0435\u043b\u0435\u0432\u0430\u044f \u043f\u043b\u0430\u0441\u0442\u0438\u043d\u0430 \u0434\u043b\u044f \u0441\u0432\u0430\u0440\u043a\u0438 \u0430\u043a\u043a\u0443\u043c\u0443\u043b\u044f\u0442\u043e\u0440\u043e\u0432 18650\/20700\/21700\/26650 \u044d\u043b\u0435\u043a\u0442\u0440\u043e\u0441\u0430\u043c\u043e\u043a\u0430\u0442"},{"@type":"BreadcrumbList","@id":"https:\/\/www.xn--tuksimaailm-ffb.ee\/ru\/\u043f\u0440\u043e\u0434\u0443\u043a\u0442\/%d0%bd%d0%b8%d0%ba%d0%b5%d0%bb%d0%b5%d0%b2%d0%b0%d1%8f-%d0%bf%d0%bb%d0%b0%d1%81%d1%82%d0%b8%d0%bd%d0%b0-%d0%b4%d0%bb%d1%8f-%d1%81%d0%b2%d0%b0%d1%80%d0%ba%d0%b8-%d1%8f%d1%87%d0%b5%d0%b5%d0%ba\/#breadcrumb","itemListElement":[{"@type":"ListItem","position":1,"name":"Home","item":"https:\/\/www.xn--tuksimaailm-ffb.ee\/ru\/frontpage\/"},{"@type":"ListItem","position":2,"name":"\u041c\u0410\u0413\u0410\u0417\u0418\u041d","item":"https:\/\/www.xn--tuksimaailm-ffb.ee\/elektritoukerataste-pood\/"},{"@type":"ListItem","position":3,"name":"\u043d\u0438\u043a\u0435\u043b\u0435\u0432\u0430\u044f \u043f\u043b\u0430\u0441\u0442\u0438\u043d\u0430 \u0434\u043b\u044f \u0441\u0432\u0430\u0440\u043a\u0438 \u044f\u0447\u0435\u0435\u043a \u0430\u043a\u043a\u0443\u043c\u0443\u043b\u044f\u0442\u043e\u0440\u0430"}]},{"@type":"WebSite","@id":"https:\/\/www.xn--tuksimaailm-ffb.ee\/ru\/#website","url":"https:\/\/www.xn--tuksimaailm-ffb.ee\/ru\/","name":"T\u00f5uksimaailm","description":"Elektrit\u00f5ukerataste m\u00fc\u00fck, remont ja rent","publisher":{"@id":"https:\/\/www.xn--tuksimaailm-ffb.ee\/ru\/#organization"},"potentialAction":[{"@type":"SearchAction","target":{"@type":"EntryPoint","urlTemplate":"https:\/\/www.xn--tuksimaailm-ffb.ee\/ru\/?s={search_term_string}"},"query-input":{"@type":"PropertyValueSpecification","valueRequired":true,"valueName":"search_term_string"}}],"inLanguage":"ru-RU"},{"@type":"Organization","@id":"https:\/\/www.xn--tuksimaailm-ffb.ee\/ru\/#organization","name":"T\u00f5uksimaailm","url":"https:\/\/www.xn--tuksimaailm-ffb.ee\/ru\/","logo":{"@type":"ImageObject","inLanguage":"ru-RU","@id":"https:\/\/www.xn--tuksimaailm-ffb.ee\/ru\/#\/schema\/logo\/image\/","url":"https:\/\/www.xn--tuksimaailm-ffb.ee\/wp-content\/uploads\/2020\/01\/logoz-e1579792875517.png","contentUrl":"https:\/\/www.xn--tuksimaailm-ffb.ee\/wp-content\/uploads\/2020\/01\/logoz-e1579792875517.png","width":250,"height":250,"caption":"T\u00f5uksimaailm"},"image":{"@id":"https:\/\/www.xn--tuksimaailm-ffb.ee\/ru\/#\/schema\/logo\/image\/"},"sameAs":["https:\/\/www.facebook.com\/touksimaailm\/","https:\/\/www.instagram.com\/touksimaailm_\/","https:\/\/www.youtube.com\/channel\/UC18ml0EKIDLP1xGuQjFzcXQ"]}]},"og_availability":"instock","product_availability":"instock","product_condition":"new"},"jetpack_sharing_enabled":true,"_links":{"self":[{"href":"https:\/\/www.xn--tuksimaailm-ffb.ee\/ru\/wp-json\/wp\/v2\/product\/33961","targetHints":{"allow":["GET"]}}],"collection":[{"href":"https:\/\/www.xn--tuksimaailm-ffb.ee\/ru\/wp-json\/wp\/v2\/product"}],"about":[{"href":"https:\/\/www.xn--tuksimaailm-ffb.ee\/ru\/wp-json\/wp\/v2\/types\/product"}],"wp:featuredmedia":[{"embeddable":true,"href":"https:\/\/www.xn--tuksimaailm-ffb.ee\/ru\/wp-json\/wp\/v2\/media\/28900"}],"wp:attachment":[{"href":"https:\/\/www.xn--tuksimaailm-ffb.ee\/ru\/wp-json\/wp\/v2\/media?parent=33961"}],"wp:term":[{"taxonomy":"product_brand","embeddable":true,"href":"https:\/\/www.xn--tuksimaailm-ffb.ee\/ru\/wp-json\/wp\/v2\/product_brand?post=33961"},{"taxonomy":"product_cat","embeddable":true,"href":"https:\/\/www.xn--tuksimaailm-ffb.ee\/ru\/wp-json\/wp\/v2\/product_cat?post=33961"},{"taxonomy":"product_tag","embeddable":true,"href":"https:\/\/www.xn--tuksimaailm-ffb.ee\/ru\/wp-json\/wp\/v2\/product_tag?post=33961"},{"taxonomy":"filter_elektritoukeratas","embeddable":true,"href":"https:\/\/www.xn--tuksimaailm-ffb.ee\/ru\/wp-json\/wp\/v2\/filter_elektritoukeratas?post=33961"}],"curies":[{"name":"wp","href":"https:\/\/api.w.org\/{rel}","templated":true}]}}