{"id":33965,"date":"2023-01-22T16:56:30","date_gmt":"2023-01-22T14:56:30","guid":{"rendered":"http:\/\/www.xn--tuksimaailm-ffb.ee\/shop\/%d0%bf%d0%be%d0%ba%d1%80%d1%8b%d1%88%d0%ba%d0%b0-%d1%86%d0%b5%d0%bb%d1%8c%d0%bd%d0%b0%d1%8f-10x3-%d1%8d%d0%bb%d0%b5%d0%ba%d1%82%d1%80%d0%be%d1%81%d0%b0%d0%bc%d0%be%d0%ba%d0%b0%d1%82\/"},"modified":"2023-01-22T16:56:30","modified_gmt":"2023-01-22T14:56:30","slug":"%d0%bf%d0%be%d0%ba%d1%80%d1%8b%d1%88%d0%ba%d0%b0-%d1%86%d0%b5%d0%bb%d1%8c%d0%bd%d0%b0%d1%8f-10x3-%d1%8d%d0%bb%d0%b5%d0%ba%d1%82%d1%80%d0%be%d1%81%d0%b0%d0%bc%d0%be%d0%ba%d0%b0%d1%82","status":"publish","type":"product","link":"https:\/\/www.xn--tuksimaailm-ffb.ee\/ru\/\u043f\u0440\u043e\u0434\u0443\u043a\u0442\/%d0%bf%d0%be%d0%ba%d1%80%d1%8b%d1%88%d0%ba%d0%b0-%d1%86%d0%b5%d0%bb%d1%8c%d0%bd%d0%b0%d1%8f-10x3-%d1%8d%d0%bb%d0%b5%d0%ba%d1%82%d1%80%d0%be%d1%81%d0%b0%d0%bc%d0%be%d0%ba%d0%b0%d1%82\/","title":{"rendered":"\u0426\u0435\u043b\u044c\u043d\u0430\u044f \u043f\u043e\u043a\u0440\u044b\u0448\u043a\u0430 10x3.0\u201d"},"content":{"rendered":"<p>\u0426\u0435\u043b\u044c\u043d\u0430\u044f \u043f\u043e\u043a\u0440\u044b\u0448\u043a\u0430 10x3.0\u201d<\/p>\n","protected":false},"excerpt":{"rendered":"<p>\u0426\u0435\u043b\u044c\u043d\u0430\u044f \u043f\u043e\u043a\u0440\u044b\u0448\u043a\u0430 10x3.0\u201d<\/p>\n","protected":false},"featured_media":55954,"template":"","meta":[],"product_brand":[],"product_cat":[757],"product_tag":[],"filter_elektritoukeratas":[2730,2732,2610,2705,2706,2714,2715,2712,2713,2720,2726,2724,2679,2671,2672,2670,2673,2674,2668,2740,2755,2646,2750],"class_list":{"0":"post-33965","1":"product","2":"type-product","3":"status-publish","4":"has-post-thumbnail","6":"product_cat-757","7":"pa_tootetuup-taisrehvid-kargrehvid-ru","8":"filter_elektritoukeratas-ft_dualtron_eagle","9":"filter_elektritoukeratas-ft_dualtron_spider","10":"filter_elektritoukeratas-ft_dualtron_victor","11":"filter_elektritoukeratas-ft_gpad_foxen","12":"filter_elektritoukeratas-ft_gpad_storm","13":"filter_elektritoukeratas-ft_inokim_ox_eco_hero_super","14":"filter_elektritoukeratas-ft_inokim_oxo","15":"filter_elektritoukeratas-ft_inokim_quick_3_hero_super","16":"filter_elektritoukeratas-ft_inokim_quick_4_hero_super","17":"filter_elektritoukeratas-ft_joyor_s5_s10-s_s_pro","18":"filter_elektritoukeratas-ft_kaabo_mantis_10","19":"filter_elektritoukeratas-ft_kaabo_skywalker","20":"filter_elektritoukeratas-ft_kugoo_g1","21":"filter_elektritoukeratas-ft_kugoo_g2","22":"filter_elektritoukeratas-ft_kugoo_g2_master","23":"filter_elektritoukeratas-ft_kugoo_g2_max","24":"filter_elektritoukeratas-ft_kugoo_g3","25":"filter_elektritoukeratas-ft_kugoo_g3_pro","26":"filter_elektritoukeratas-ft_kugoo_m4_m4_pro","27":"filter_elektritoukeratas-ft_nanrobot_d4_plus","28":"filter_elektritoukeratas-ft_techlife_x7_x7_lite_x7s","29":"filter_elektritoukeratas-ft_vsett_10_plus","30":"filter_elektritoukeratas-ft_zero_10x","32":"first","33":"instock","34":"taxable","35":"shipping-taxable","36":"purchasable","37":"product-type-simple"},"yoast_head":"<!-- This site is optimized with the Yoast SEO Premium plugin v26.8 (Yoast SEO v27.5) - https:\/\/yoast.com\/product\/yoast-seo-premium-wordpress\/ -->\n<title>\u0426\u0435\u043b\u044c\u043d\u0430\u044f \u043f\u043e\u043a\u0440\u044b\u0448\u043a\u0430 10x3.0\u201d &#8212; T\u00f5uksimaailm<\/title>\n<meta name=\"description\" content=\"\u0446\u0435\u043b\u044c\u043d\u0430\u044f \u043f\u043e\u043a\u0440\u044b\u0448\u043a\u0430 \u0434\u043b\u044f \u044d\u043b\u0435\u043a\u0442\u0440\u043e\u0441\u0430\u043c\u043e\u043a\u0430\u0442\u0430 10x3.0\u201d\" \/>\n<meta name=\"robots\" content=\"index, follow, max-snippet:-1, max-image-preview:large, max-video-preview:-1\" \/>\n<link rel=\"canonical\" href=\"https:\/\/www.xn--tuksimaailm-ffb.ee\/ru\/\u043f\u0440\u043e\u0434\u0443\u043a\u0442\/%d0%bf%d0%be%d0%ba%d1%80%d1%8b%d1%88%d0%ba%d0%b0-%d1%86%d0%b5%d0%bb%d1%8c%d0%bd%d0%b0%d1%8f-10x3-%d1%8d%d0%bb%d0%b5%d0%ba%d1%82%d1%80%d0%be%d1%81%d0%b0%d0%bc%d0%be%d0%ba%d0%b0%d1%82\/\" \/>\n<meta property=\"og:locale\" content=\"ru_RU\" \/>\n<meta property=\"og:type\" content=\"article\" \/>\n<meta property=\"og:title\" content=\"\u0426\u0435\u043b\u044c\u043d\u0430\u044f \u043f\u043e\u043a\u0440\u044b\u0448\u043a\u0430 10x3.0\u201d\" \/>\n<meta property=\"og:description\" content=\"\u0446\u0435\u043b\u044c\u043d\u0430\u044f \u043f\u043e\u043a\u0440\u044b\u0448\u043a\u0430 \u0434\u043b\u044f \u044d\u043b\u0435\u043a\u0442\u0440\u043e\u0441\u0430\u043c\u043e\u043a\u0430\u0442\u0430 10x3.0\u201d\" \/>\n<meta property=\"og:url\" content=\"https:\/\/www.xn--tuksimaailm-ffb.ee\/ru\/\u043f\u0440\u043e\u0434\u0443\u043a\u0442\/%d0%bf%d0%be%d0%ba%d1%80%d1%8b%d1%88%d0%ba%d0%b0-%d1%86%d0%b5%d0%bb%d1%8c%d0%bd%d0%b0%d1%8f-10x3-%d1%8d%d0%bb%d0%b5%d0%ba%d1%82%d1%80%d0%be%d1%81%d0%b0%d0%bc%d0%be%d0%ba%d0%b0%d1%82\/\" \/>\n<meta property=\"og:site_name\" content=\"T\u00f5uksimaailm\" \/>\n<meta property=\"article:publisher\" content=\"https:\/\/www.facebook.com\/touksimaailm\/\" \/>\n<meta property=\"og:image\" content=\"https:\/\/www.xn--tuksimaailm-ffb.ee\/wp-content\/uploads\/2023\/01\/Screenshot-2025-01-29-121100.webp\" \/>\n\t<meta property=\"og:image:width\" content=\"1111\" \/>\n\t<meta property=\"og:image:height\" content=\"1019\" \/>\n\t<meta property=\"og:image:type\" content=\"image\/webp\" \/>\n<meta name=\"twitter:card\" content=\"summary_large_image\" \/>\n<meta name=\"twitter:label1\" content=\"\u0426\u0435\u043d\u0430\" \/>\n\t<meta name=\"twitter:data1\" content=\"&euro;89.00\" \/>\n\t<meta name=\"twitter:label2\" content=\"\u0414\u043e\u0441\u0442\u0443\u043f\u043d\u043e\u0441\u0442\u044c\" \/>\n\t<meta name=\"twitter:data2\" content=\"\u0412 \u043d\u0430\u043b\u0438\u0447\u0438\u0438\" \/>\n<meta property=\"product:price:amount\" content=\"89.00\" \/>\n<meta property=\"product:price:currency\" content=\"EUR\" \/>\n<meta property=\"og:availability\" content=\"instock\" \/>\n<meta property=\"product:availability\" content=\"instock\" \/>\n<meta property=\"product:condition\" content=\"new\" \/>\n<!-- \/ Yoast SEO Premium plugin. -->","yoast_head_json":{"title":"\u0426\u0435\u043b\u044c\u043d\u0430\u044f \u043f\u043e\u043a\u0440\u044b\u0448\u043a\u0430 10x3.0\u201d &#8212; T\u00f5uksimaailm","description":"\u0446\u0435\u043b\u044c\u043d\u0430\u044f \u043f\u043e\u043a\u0440\u044b\u0448\u043a\u0430 \u0434\u043b\u044f \u044d\u043b\u0435\u043a\u0442\u0440\u043e\u0441\u0430\u043c\u043e\u043a\u0430\u0442\u0430 10x3.0\u201d","robots":{"index":"index","follow":"follow","max-snippet":"max-snippet:-1","max-image-preview":"max-image-preview:large","max-video-preview":"max-video-preview:-1"},"canonical":"https:\/\/www.xn--tuksimaailm-ffb.ee\/ru\/\u043f\u0440\u043e\u0434\u0443\u043a\u0442\/%d0%bf%d0%be%d0%ba%d1%80%d1%8b%d1%88%d0%ba%d0%b0-%d1%86%d0%b5%d0%bb%d1%8c%d0%bd%d0%b0%d1%8f-10x3-%d1%8d%d0%bb%d0%b5%d0%ba%d1%82%d1%80%d0%be%d1%81%d0%b0%d0%bc%d0%be%d0%ba%d0%b0%d1%82\/","og_locale":"ru_RU","og_type":"article","og_title":"\u0426\u0435\u043b\u044c\u043d\u0430\u044f \u043f\u043e\u043a\u0440\u044b\u0448\u043a\u0430 10x3.0\u201d","og_description":"\u0446\u0435\u043b\u044c\u043d\u0430\u044f \u043f\u043e\u043a\u0440\u044b\u0448\u043a\u0430 \u0434\u043b\u044f \u044d\u043b\u0435\u043a\u0442\u0440\u043e\u0441\u0430\u043c\u043e\u043a\u0430\u0442\u0430 10x3.0\u201d","og_url":"https:\/\/www.xn--tuksimaailm-ffb.ee\/ru\/\u043f\u0440\u043e\u0434\u0443\u043a\u0442\/%d0%bf%d0%be%d0%ba%d1%80%d1%8b%d1%88%d0%ba%d0%b0-%d1%86%d0%b5%d0%bb%d1%8c%d0%bd%d0%b0%d1%8f-10x3-%d1%8d%d0%bb%d0%b5%d0%ba%d1%82%d1%80%d0%be%d1%81%d0%b0%d0%bc%d0%be%d0%ba%d0%b0%d1%82\/","og_site_name":"T\u00f5uksimaailm","article_publisher":"https:\/\/www.facebook.com\/touksimaailm\/","og_image":[{"width":1111,"height":1019,"url":"https:\/\/www.xn--tuksimaailm-ffb.ee\/wp-content\/uploads\/2023\/01\/Screenshot-2025-01-29-121100.webp","type":"image\/webp"}],"twitter_card":"summary_large_image","twitter_misc":{"\u0426\u0435\u043d\u0430":"&euro;89.00","\u0414\u043e\u0441\u0442\u0443\u043f\u043d\u043e\u0441\u0442\u044c":"\u0412 \u043d\u0430\u043b\u0438\u0447\u0438\u0438"},"schema":{"@context":"https:\/\/schema.org","@graph":[{"@type":"WebPage","@id":"https:\/\/www.xn--tuksimaailm-ffb.ee\/ru\/\u043f\u0440\u043e\u0434\u0443\u043a\u0442\/%d0%bf%d0%be%d0%ba%d1%80%d1%8b%d1%88%d0%ba%d0%b0-%d1%86%d0%b5%d0%bb%d1%8c%d0%bd%d0%b0%d1%8f-10x3-%d1%8d%d0%bb%d0%b5%d0%ba%d1%82%d1%80%d0%be%d1%81%d0%b0%d0%bc%d0%be%d0%ba%d0%b0%d1%82\/","url":"https:\/\/www.xn--tuksimaailm-ffb.ee\/ru\/\u043f\u0440\u043e\u0434\u0443\u043a\u0442\/%d0%bf%d0%be%d0%ba%d1%80%d1%8b%d1%88%d0%ba%d0%b0-%d1%86%d0%b5%d0%bb%d1%8c%d0%bd%d0%b0%d1%8f-10x3-%d1%8d%d0%bb%d0%b5%d0%ba%d1%82%d1%80%d0%be%d1%81%d0%b0%d0%bc%d0%be%d0%ba%d0%b0%d1%82\/","name":"\u0426\u0435\u043b\u044c\u043d\u0430\u044f \u043f\u043e\u043a\u0440\u044b\u0448\u043a\u0430 10x3.0\u201d &#8212; T\u00f5uksimaailm","isPartOf":{"@id":"https:\/\/www.xn--tuksimaailm-ffb.ee\/ru\/#website"},"primaryImageOfPage":{"@id":"https:\/\/www.xn--tuksimaailm-ffb.ee\/ru\/\u043f\u0440\u043e\u0434\u0443\u043a\u0442\/%d0%bf%d0%be%d0%ba%d1%80%d1%8b%d1%88%d0%ba%d0%b0-%d1%86%d0%b5%d0%bb%d1%8c%d0%bd%d0%b0%d1%8f-10x3-%d1%8d%d0%bb%d0%b5%d0%ba%d1%82%d1%80%d0%be%d1%81%d0%b0%d0%bc%d0%be%d0%ba%d0%b0%d1%82\/#primaryimage"},"image":{"@id":"https:\/\/www.xn--tuksimaailm-ffb.ee\/ru\/\u043f\u0440\u043e\u0434\u0443\u043a\u0442\/%d0%bf%d0%be%d0%ba%d1%80%d1%8b%d1%88%d0%ba%d0%b0-%d1%86%d0%b5%d0%bb%d1%8c%d0%bd%d0%b0%d1%8f-10x3-%d1%8d%d0%bb%d0%b5%d0%ba%d1%82%d1%80%d0%be%d1%81%d0%b0%d0%bc%d0%be%d0%ba%d0%b0%d1%82\/#primaryimage"},"thumbnailUrl":"https:\/\/www.xn--tuksimaailm-ffb.ee\/wp-content\/uploads\/2023\/01\/Screenshot-2025-01-29-121100.webp","datePublished":"2023-01-22T14:56:30+00:00","description":"\u0446\u0435\u043b\u044c\u043d\u0430\u044f \u043f\u043e\u043a\u0440\u044b\u0448\u043a\u0430 \u0434\u043b\u044f \u044d\u043b\u0435\u043a\u0442\u0440\u043e\u0441\u0430\u043c\u043e\u043a\u0430\u0442\u0430 10x3.0\u201d","breadcrumb":{"@id":"https:\/\/www.xn--tuksimaailm-ffb.ee\/ru\/\u043f\u0440\u043e\u0434\u0443\u043a\u0442\/%d0%bf%d0%be%d0%ba%d1%80%d1%8b%d1%88%d0%ba%d0%b0-%d1%86%d0%b5%d0%bb%d1%8c%d0%bd%d0%b0%d1%8f-10x3-%d1%8d%d0%bb%d0%b5%d0%ba%d1%82%d1%80%d0%be%d1%81%d0%b0%d0%bc%d0%be%d0%ba%d0%b0%d1%82\/#breadcrumb"},"inLanguage":"ru-RU","potentialAction":[{"@type":"ReadAction","target":["https:\/\/www.xn--tuksimaailm-ffb.ee\/ru\/\u043f\u0440\u043e\u0434\u0443\u043a\u0442\/%d0%bf%d0%be%d0%ba%d1%80%d1%8b%d1%88%d0%ba%d0%b0-%d1%86%d0%b5%d0%bb%d1%8c%d0%bd%d0%b0%d1%8f-10x3-%d1%8d%d0%bb%d0%b5%d0%ba%d1%82%d1%80%d0%be%d1%81%d0%b0%d0%bc%d0%be%d0%ba%d0%b0%d1%82\/"]}]},{"@type":"ImageObject","inLanguage":"ru-RU","@id":"https:\/\/www.xn--tuksimaailm-ffb.ee\/ru\/\u043f\u0440\u043e\u0434\u0443\u043a\u0442\/%d0%bf%d0%be%d0%ba%d1%80%d1%8b%d1%88%d0%ba%d0%b0-%d1%86%d0%b5%d0%bb%d1%8c%d0%bd%d0%b0%d1%8f-10x3-%d1%8d%d0%bb%d0%b5%d0%ba%d1%82%d1%80%d0%be%d1%81%d0%b0%d0%bc%d0%be%d0%ba%d0%b0%d1%82\/#primaryimage","url":"https:\/\/www.xn--tuksimaailm-ffb.ee\/wp-content\/uploads\/2023\/01\/Screenshot-2025-01-29-121100.webp","contentUrl":"https:\/\/www.xn--tuksimaailm-ffb.ee\/wp-content\/uploads\/2023\/01\/Screenshot-2025-01-29-121100.webp","width":1111,"height":1019,"caption":"Elektrit\u00f5ukeratta t\u00e4isrehv maastiku 10x3.0\u201d"},{"@type":"BreadcrumbList","@id":"https:\/\/www.xn--tuksimaailm-ffb.ee\/ru\/\u043f\u0440\u043e\u0434\u0443\u043a\u0442\/%d0%bf%d0%be%d0%ba%d1%80%d1%8b%d1%88%d0%ba%d0%b0-%d1%86%d0%b5%d0%bb%d1%8c%d0%bd%d0%b0%d1%8f-10x3-%d1%8d%d0%bb%d0%b5%d0%ba%d1%82%d1%80%d0%be%d1%81%d0%b0%d0%bc%d0%be%d0%ba%d0%b0%d1%82\/#breadcrumb","itemListElement":[{"@type":"ListItem","position":1,"name":"Home","item":"https:\/\/www.xn--tuksimaailm-ffb.ee\/ru\/frontpage\/"},{"@type":"ListItem","position":2,"name":"\u041c\u0410\u0413\u0410\u0417\u0418\u041d","item":"https:\/\/www.xn--tuksimaailm-ffb.ee\/elektritoukerataste-pood\/"},{"@type":"ListItem","position":3,"name":"\u0426\u0435\u043b\u044c\u043d\u0430\u044f \u043f\u043e\u043a\u0440\u044b\u0448\u043a\u0430 10x3.0\u201d"}]},{"@type":"WebSite","@id":"https:\/\/www.xn--tuksimaailm-ffb.ee\/ru\/#website","url":"https:\/\/www.xn--tuksimaailm-ffb.ee\/ru\/","name":"T\u00f5uksimaailm","description":"Elektrit\u00f5ukerataste m\u00fc\u00fck, remont ja rent","publisher":{"@id":"https:\/\/www.xn--tuksimaailm-ffb.ee\/ru\/#organization"},"potentialAction":[{"@type":"SearchAction","target":{"@type":"EntryPoint","urlTemplate":"https:\/\/www.xn--tuksimaailm-ffb.ee\/ru\/?s={search_term_string}"},"query-input":{"@type":"PropertyValueSpecification","valueRequired":true,"valueName":"search_term_string"}}],"inLanguage":"ru-RU"},{"@type":"Organization","@id":"https:\/\/www.xn--tuksimaailm-ffb.ee\/ru\/#organization","name":"T\u00f5uksimaailm","url":"https:\/\/www.xn--tuksimaailm-ffb.ee\/ru\/","logo":{"@type":"ImageObject","inLanguage":"ru-RU","@id":"https:\/\/www.xn--tuksimaailm-ffb.ee\/ru\/#\/schema\/logo\/image\/","url":"https:\/\/www.xn--tuksimaailm-ffb.ee\/wp-content\/uploads\/2020\/01\/logoz-e1579792875517.png","contentUrl":"https:\/\/www.xn--tuksimaailm-ffb.ee\/wp-content\/uploads\/2020\/01\/logoz-e1579792875517.png","width":250,"height":250,"caption":"T\u00f5uksimaailm"},"image":{"@id":"https:\/\/www.xn--tuksimaailm-ffb.ee\/ru\/#\/schema\/logo\/image\/"},"sameAs":["https:\/\/www.facebook.com\/touksimaailm\/","https:\/\/www.instagram.com\/touksimaailm_\/","https:\/\/www.youtube.com\/channel\/UC18ml0EKIDLP1xGuQjFzcXQ"]}]},"product_price_amount":"89.00","product_price_currency":"EUR","og_availability":"instock","product_availability":"instock","product_condition":"new"},"jetpack_sharing_enabled":true,"_links":{"self":[{"href":"https:\/\/www.xn--tuksimaailm-ffb.ee\/ru\/wp-json\/wp\/v2\/product\/33965","targetHints":{"allow":["GET"]}}],"collection":[{"href":"https:\/\/www.xn--tuksimaailm-ffb.ee\/ru\/wp-json\/wp\/v2\/product"}],"about":[{"href":"https:\/\/www.xn--tuksimaailm-ffb.ee\/ru\/wp-json\/wp\/v2\/types\/product"}],"wp:featuredmedia":[{"embeddable":true,"href":"https:\/\/www.xn--tuksimaailm-ffb.ee\/ru\/wp-json\/wp\/v2\/media\/55954"}],"wp:attachment":[{"href":"https:\/\/www.xn--tuksimaailm-ffb.ee\/ru\/wp-json\/wp\/v2\/media?parent=33965"}],"wp:term":[{"taxonomy":"product_brand","embeddable":true,"href":"https:\/\/www.xn--tuksimaailm-ffb.ee\/ru\/wp-json\/wp\/v2\/product_brand?post=33965"},{"taxonomy":"product_cat","embeddable":true,"href":"https:\/\/www.xn--tuksimaailm-ffb.ee\/ru\/wp-json\/wp\/v2\/product_cat?post=33965"},{"taxonomy":"product_tag","embeddable":true,"href":"https:\/\/www.xn--tuksimaailm-ffb.ee\/ru\/wp-json\/wp\/v2\/product_tag?post=33965"},{"taxonomy":"filter_elektritoukeratas","embeddable":true,"href":"https:\/\/www.xn--tuksimaailm-ffb.ee\/ru\/wp-json\/wp\/v2\/filter_elektritoukeratas?post=33965"}],"curies":[{"name":"wp","href":"https:\/\/api.w.org\/{rel}","templated":true}]}}