{"id":35140,"date":"2023-01-10T13:27:39","date_gmt":"2023-01-10T10:27:39","guid":{"rendered":"http:\/\/www.xn--tuksimaailm-ffb.ee\/shop\/%d0%ba%d0%b0%d0%b1%d0%b5%d0%bb%d1%8c-2-%d0%b6%d0%b8%d0%bb%d1%8b-%d1%87%d0%b5%d1%80%d0%bd%d1%8b%d0%b9-%d0%ba%d1%80%d0%b0%d1%81%d0%bd%d1%8b%d0%b9-12-14-20-awg\/"},"modified":"2024-11-15T18:24:43","modified_gmt":"2024-11-15T15:24:43","slug":"%d0%ba%d0%b0%d0%b1%d0%b5%d0%bb%d1%8c-2-%d0%b6%d0%b8%d0%bb%d1%8b-%d1%87%d0%b5%d1%80%d0%bd%d1%8b%d0%b9-%d0%ba%d1%80%d0%b0%d1%81%d0%bd%d1%8b%d0%b9-12-14-20-awg","status":"publish","type":"product","link":"https:\/\/www.xn--tuksimaailm-ffb.ee\/ru\/\u043f\u0440\u043e\u0434\u0443\u043a\u0442\/%d0%ba%d0%b0%d0%b1%d0%b5%d0%bb%d1%8c-2-%d0%b6%d0%b8%d0%bb%d1%8b-%d1%87%d0%b5%d1%80%d0%bd%d1%8b%d0%b9-%d0%ba%d1%80%d0%b0%d1%81%d0%bd%d1%8b%d0%b9-12-14-20-awg\/","title":{"rendered":"\u043a\u0430\u0431\u0435\u043b\u044c 2 \u0436\u0438\u043b\u044b \u0447\u0435\u0440\u043d\u044b\u0439+\u043a\u0440\u0430\u0441\u043d\u044b\u0439 12-20awg"},"content":{"rendered":"<p>2\u0445 \u0436\u0438\u043b\u044c\u043d\u044b\u0439 \u043a\u0430\u0431\u0435\u043b\u044c \u0447\u0435\u0440\u043d\u044b\u0439 + \u043a\u0440\u0430\u0441\u043d\u044b\u0439 12awg, 14awg, 16awg, 18awg \u0438\u043b\u0438 20awg.<\/p>\n<p>\u0432 \u043f\u0440\u043e\u0434\u0430\u0436\u0435 \u043f\u043e \u043c\u0435\u0442\u0440\u0443<\/p>\n","protected":false},"excerpt":{"rendered":"<p>\u0432 \u043f\u0440\u043e\u0434\u0430\u0436\u0435 \u043f\u043e 1 \u043c\u0435\u0442\u0440\u0443<\/p>\n","protected":false},"featured_media":27490,"template":"","meta":[],"product_brand":[],"product_cat":[757],"product_tag":[1530],"filter_elektritoukeratas":[2685,2689,2688,2686,2687,2730,2733,2732,2736,2734,2735,2610,2737,2700,2707,2705,2704,2701,2703,2706,2702,2696,2697,2698,2699,2708,2711,2709,2714,2715,2712,2713,2716,2719,2718,2721,2720,2717,2722,2723,2726,2725,2727,2724,2728,2605,2681,2678,2679,2680,2671,2672,2670,2669,2673,2674,2675,2676,2668,2677,2649,2650,2651,2682,2683,2684,2609,2731,2729,2738,2740,2741,2739,2743,2742,2744,2626,2639,2636,2635,2640,2641,2644,2638,2637,2643,2642,2752,2753,2754,2755,2756,2690,2694,2695,2693,2691,2692,2601,2646,2602,2645,2648,2647,2607,2613,2619,2622,2612,2745,2748,2750,2751,2746,2749,2747],"class_list":{"0":"post-35140","1":"product","2":"type-product","3":"status-publish","4":"has-post-thumbnail","6":"product_cat-757","7":"product_tag-universaalsed-elektritoukeratta-varuosad-ru","8":"pa_size-12awg-ru","9":"pa_size-14awg-ru","10":"pa_size-16awg-ru","11":"pa_size-18awg-ru","12":"pa_size-20awg-ru","13":"pa_tootetuup-universaalsed-elektritoukeratta-varuosad-ru","14":"filter_elektritoukeratas-ft_blaupunkt","15":"filter_elektritoukeratas-ft_blaupunkt_erl814","16":"filter_elektritoukeratas-ft_blaupunkt_esc608","17":"filter_elektritoukeratas-ft_blaupunkt_esc808","18":"filter_elektritoukeratas-ft_blaupunkt_esc910","19":"filter_elektritoukeratas-ft_dualtron_eagle","20":"filter_elektritoukeratas-ft_dualtron_mini","21":"filter_elektritoukeratas-ft_dualtron_spider","22":"filter_elektritoukeratas-ft_dualtron_storm","23":"filter_elektritoukeratas-ft_dualtron_thunder","24":"filter_elektritoukeratas-ft_dualtron_ultra","25":"filter_elektritoukeratas-ft_dualtron_victor","26":"filter_elektritoukeratas-ft_dualtron_x_x2","27":"filter_elektritoukeratas-ft_gpad","28":"filter_elektritoukeratas-ft_gpad_f3_max","29":"filter_elektritoukeratas-ft_gpad_foxen","30":"filter_elektritoukeratas-ft_gpad_joyride","31":"filter_elektritoukeratas-ft_gpad_lite_lite_max","32":"filter_elektritoukeratas-ft_gpad_retro","33":"filter_elektritoukeratas-ft_gpad_storm","34":"filter_elektritoukeratas-ft_gpad_svan","35":"filter_elektritoukeratas-ft_hx","36":"filter_elektritoukeratas-ft_hx_x7","37":"filter_elektritoukeratas-ft_hx_x8","38":"filter_elektritoukeratas-ft_hx_x9_max_x9_plus","39":"filter_elektritoukeratas-ft_inokim","40":"filter_elektritoukeratas-ft_inokim_light_2_max_super","41":"filter_elektritoukeratas-ft_inokim_light_hero_2_hero","42":"filter_elektritoukeratas-ft_inokim_ox_eco_hero_super","43":"filter_elektritoukeratas-ft_inokim_oxo","44":"filter_elektritoukeratas-ft_inokim_quick_3_hero_super","45":"filter_elektritoukeratas-ft_inokim_quick_4_hero_super","46":"filter_elektritoukeratas-ft_joyor","47":"filter_elektritoukeratas-ft_joyor_a1_a3_a5","48":"filter_elektritoukeratas-ft_joyor_f1_f3_f5s","49":"filter_elektritoukeratas-ft_joyor_g5_g5s","50":"filter_elektritoukeratas-ft_joyor_s5_s10-s_s_pro","51":"filter_elektritoukeratas-ft_joyor_x1_x5s","52":"filter_elektritoukeratas-ft_joyor_y10_y6_s_y5s","53":"filter_elektritoukeratas-ft_kaabo","54":"filter_elektritoukeratas-ft_kaabo_mantis_10","55":"filter_elektritoukeratas-ft_kaabo_mantis_8","56":"filter_elektritoukeratas-ft_kaabo_mantis_king_gt","57":"filter_elektritoukeratas-ft_kaabo_skywalker","58":"filter_elektritoukeratas-ft_kaabo_wolf","59":"filter_elektritoukeratas-ft_kugoo_kukirin","60":"filter_elektritoukeratas-ft_kugoo_c1_c1_pro","61":"filter_elektritoukeratas-ft_kugoo_g_booster","62":"filter_elektritoukeratas-ft_kugoo_g1","63":"filter_elektritoukeratas-ft_kugoo_g1_pro","64":"filter_elektritoukeratas-ft_kugoo_g2","65":"filter_elektritoukeratas-ft_kugoo_g2_master","66":"filter_elektritoukeratas-ft_kugoo_g2_max","67":"filter_elektritoukeratas-ft_kugoo_g2_pro","68":"filter_elektritoukeratas-ft_kugoo_g3","69":"filter_elektritoukeratas-ft_kugoo_g3_pro","70":"filter_elektritoukeratas-ft_kugoo_g4","71":"filter_elektritoukeratas-ft_kugoo_g4_max","72":"filter_elektritoukeratas-ft_kugoo_m4_m4_pro","73":"filter_elektritoukeratas-ft_kugoo_m5_pro","74":"filter_elektritoukeratas-ft_kugoo_s1_s1_plus_s1_pro_s1_max","75":"filter_elektritoukeratas-ft_kugoo_s2_s2_pro","76":"filter_elektritoukeratas-ft_kugoo_s3_s3_plus_s3_pro","77":"filter_elektritoukeratas-ft_kugoo_v1_v1_pro","78":"filter_elektritoukeratas-ft_kugoo_v2","79":"filter_elektritoukeratas-ft_kugoo_v3","80":"filter_elektritoukeratas-ft_-minimotors_dualtron","81":"filter_elektritoukeratas-ft_minimotors_speedway_4_5","82":"filter_elektritoukeratas-ft_minimotors_speedway_leger","83":"filter_elektritoukeratas-ft_nanrobot","84":"filter_elektritoukeratas-ft_nanrobot_d4_plus","85":"filter_elektritoukeratas-ft_nanrobot_d6_plus","86":"filter_elektritoukeratas-ft_nanrobot_lightning","87":"filter_elektritoukeratas-ft_nanrobot_ls7plus","88":"filter_elektritoukeratas-ft_nanrobot_n6","89":"filter_elektritoukeratas-ft_nanrobot_x_spark","90":"filter_elektritoukeratas-ft_segway","91":"filter_elektritoukeratas-ft_segway_ninebot_d18e_d28e_d38e","92":"filter_elektritoukeratas-ft_segway_ninebot_e22e_e35e_e45e","93":"filter_elektritoukeratas-ft_segway_ninebot_es1_es2_es4","94":"filter_elektritoukeratas-ft_segway_ninebot_f20d_f25e_ii_f30d_f40d_f40d_ii","95":"filter_elektritoukeratas-ft_segway_ninebot_f65_f65i","96":"filter_elektritoukeratas-ft_segway_ninebot_gt1e_gt1d_gt2p","97":"filter_elektritoukeratas-ft_segway_ninebot_max_g2e_g65","98":"filter_elektritoukeratas-ft_segway_ninebot_max_g30p_g30le_g30e_ii_g30lp_ii","99":"filter_elektritoukeratas-ft_segway_ninebot_p100s_p100se","100":"filter_elektritoukeratas-ft_segway_ninebot_p65e_p65i","101":"filter_elektritoukeratas-ft_techlife","102":"filter_elektritoukeratas-ft_techlife_x5_x5s","103":"filter_elektritoukeratas-ft_techlife_x6","104":"filter_elektritoukeratas-ft_techlife_x7_x7_lite_x7s","105":"filter_elektritoukeratas-ft_techlife_x8_x8s","106":"filter_elektritoukeratas-ft_velt","107":"filter_elektritoukeratas-ft_velt_smart_eco","108":"filter_elektritoukeratas-ft_velt_smart_pro","109":"filter_elektritoukeratas-ft_velt_smart_x7","110":"filter_elektritoukeratas-ft_velt_smart_x8","111":"filter_elektritoukeratas-ft_velt_smart_x8_pro","112":"filter_elektritoukeratas-ft_vsett","113":"filter_elektritoukeratas-ft_vsett_10_plus","114":"filter_elektritoukeratas-ft_vsett_11_plus","115":"filter_elektritoukeratas-ft_vsett_11_plus_super","116":"filter_elektritoukeratas-ft_vsett_8_8_plus","117":"filter_elektritoukeratas-ft_vsett_9_9_plus","118":"filter_elektritoukeratas-ft_xiaomi","119":"filter_elektritoukeratas-ft_xiaomi_1s_mi3_pro_2_3_lite","120":"filter_elektritoukeratas-ft_xiaomi_4_4_lite_4_pro","121":"filter_elektritoukeratas-ft_xiaomi_4_ultra","122":"filter_elektritoukeratas-ft_xiaomi_m365_m365_pro_essential","123":"filter_elektritoukeratas-ft_zero","124":"filter_elektritoukeratas-ft_zero_10","125":"filter_elektritoukeratas-ft_zero_10x","126":"filter_elektritoukeratas-ft_zero_11x","127":"filter_elektritoukeratas-ft_zero_8","128":"filter_elektritoukeratas-ft_zero_8x_compact","129":"filter_elektritoukeratas-ft_zero_9","131":"first","132":"instock","133":"taxable","134":"shipping-taxable","135":"purchasable","136":"product-type-variable"},"yoast_head":"<!-- This site is optimized with the Yoast SEO Premium plugin v26.8 (Yoast SEO v27.5) - https:\/\/yoast.com\/product\/yoast-seo-premium-wordpress\/ -->\n<title>\u043a\u0430\u0431\u0435\u043b\u044c 2 \u0436\u0438\u043b\u044b \u0447\u0435\u0440\u043d\u044b\u0439+\u043a\u0440\u0430\u0441\u043d\u044b\u0439 12-20awg &#8212; T\u00f5uksimaailm<\/title>\n<meta name=\"description\" content=\"2\u0445 \u0436\u0438\u043b\u044c\u043d\u044b\u0439 \u043a\u0430\u0431\u0435\u043b\u044c \u0447\u0435\u0440\u043d\u044b\u0439 + \u043a\u0440\u0430\u0441\u043d\u044b\u0439 12awg, 14awg, 16awg, 18awg \u0438\u043b\u0438 20awg.\" \/>\n<meta name=\"robots\" content=\"index, follow, max-snippet:-1, max-image-preview:large, max-video-preview:-1\" \/>\n<link rel=\"canonical\" href=\"https:\/\/www.xn--tuksimaailm-ffb.ee\/ru\/\u043f\u0440\u043e\u0434\u0443\u043a\u0442\/%d0%ba%d0%b0%d0%b1%d0%b5%d0%bb%d1%8c-2-%d0%b6%d0%b8%d0%bb%d1%8b-%d1%87%d0%b5%d1%80%d0%bd%d1%8b%d0%b9-%d0%ba%d1%80%d0%b0%d1%81%d0%bd%d1%8b%d0%b9-12-14-20-awg\/\" \/>\n<meta property=\"og:locale\" content=\"ru_RU\" \/>\n<meta property=\"og:type\" content=\"article\" \/>\n<meta property=\"og:title\" content=\"\u043a\u0430\u0431\u0435\u043b\u044c 2 \u0436\u0438\u043b\u044b \u0447\u0435\u0440\u043d\u044b\u0439+\u043a\u0440\u0430\u0441\u043d\u044b\u0439 12-20awg\" \/>\n<meta property=\"og:description\" content=\"2\u0445 \u0436\u0438\u043b\u044c\u043d\u044b\u0439 \u043a\u0430\u0431\u0435\u043b\u044c \u0447\u0435\u0440\u043d\u044b\u0439 + \u043a\u0440\u0430\u0441\u043d\u044b\u0439 12awg, 14awg, 16awg, 18awg \u0438\u043b\u0438 20awg.\" \/>\n<meta property=\"og:url\" content=\"https:\/\/www.xn--tuksimaailm-ffb.ee\/ru\/\u043f\u0440\u043e\u0434\u0443\u043a\u0442\/%d0%ba%d0%b0%d0%b1%d0%b5%d0%bb%d1%8c-2-%d0%b6%d0%b8%d0%bb%d1%8b-%d1%87%d0%b5%d1%80%d0%bd%d1%8b%d0%b9-%d0%ba%d1%80%d0%b0%d1%81%d0%bd%d1%8b%d0%b9-12-14-20-awg\/\" \/>\n<meta property=\"og:site_name\" content=\"T\u00f5uksimaailm\" \/>\n<meta property=\"article:publisher\" content=\"https:\/\/www.facebook.com\/touksimaailm\/\" \/>\n<meta property=\"article:modified_time\" content=\"2024-11-15T15:24:43+00:00\" \/>\n<meta property=\"og:image\" content=\"https:\/\/www.xn--tuksimaailm-ffb.ee\/wp-content\/uploads\/2023\/01\/2-sooneline-kaabel-juhe-must-punane-12-14-16-AWG.jpg\" \/>\n\t<meta property=\"og:image:width\" content=\"1070\" \/>\n\t<meta property=\"og:image:height\" content=\"1008\" \/>\n\t<meta property=\"og:image:type\" content=\"image\/jpeg\" \/>\n<meta name=\"twitter:card\" content=\"summary_large_image\" \/>\n<meta name=\"twitter:label1\" content=\"\u0414\u043e\u0441\u0442\u0443\u043f\u043d\u043e\u0441\u0442\u044c\" \/>\n\t<meta name=\"twitter:data1\" content=\"\u0412 \u043d\u0430\u043b\u0438\u0447\u0438\u0438\" \/>\n<meta property=\"og:availability\" content=\"instock\" \/>\n<meta property=\"product:availability\" content=\"instock\" \/>\n<meta property=\"product:condition\" content=\"new\" \/>\n<!-- \/ Yoast SEO Premium plugin. -->","yoast_head_json":{"title":"\u043a\u0430\u0431\u0435\u043b\u044c 2 \u0436\u0438\u043b\u044b \u0447\u0435\u0440\u043d\u044b\u0439+\u043a\u0440\u0430\u0441\u043d\u044b\u0439 12-20awg &#8212; T\u00f5uksimaailm","description":"2\u0445 \u0436\u0438\u043b\u044c\u043d\u044b\u0439 \u043a\u0430\u0431\u0435\u043b\u044c \u0447\u0435\u0440\u043d\u044b\u0439 + \u043a\u0440\u0430\u0441\u043d\u044b\u0439 12awg, 14awg, 16awg, 18awg \u0438\u043b\u0438 20awg.","robots":{"index":"index","follow":"follow","max-snippet":"max-snippet:-1","max-image-preview":"max-image-preview:large","max-video-preview":"max-video-preview:-1"},"canonical":"https:\/\/www.xn--tuksimaailm-ffb.ee\/ru\/\u043f\u0440\u043e\u0434\u0443\u043a\u0442\/%d0%ba%d0%b0%d0%b1%d0%b5%d0%bb%d1%8c-2-%d0%b6%d0%b8%d0%bb%d1%8b-%d1%87%d0%b5%d1%80%d0%bd%d1%8b%d0%b9-%d0%ba%d1%80%d0%b0%d1%81%d0%bd%d1%8b%d0%b9-12-14-20-awg\/","og_locale":"ru_RU","og_type":"article","og_title":"\u043a\u0430\u0431\u0435\u043b\u044c 2 \u0436\u0438\u043b\u044b \u0447\u0435\u0440\u043d\u044b\u0439+\u043a\u0440\u0430\u0441\u043d\u044b\u0439 12-20awg","og_description":"2\u0445 \u0436\u0438\u043b\u044c\u043d\u044b\u0439 \u043a\u0430\u0431\u0435\u043b\u044c \u0447\u0435\u0440\u043d\u044b\u0439 + \u043a\u0440\u0430\u0441\u043d\u044b\u0439 12awg, 14awg, 16awg, 18awg \u0438\u043b\u0438 20awg.","og_url":"https:\/\/www.xn--tuksimaailm-ffb.ee\/ru\/\u043f\u0440\u043e\u0434\u0443\u043a\u0442\/%d0%ba%d0%b0%d0%b1%d0%b5%d0%bb%d1%8c-2-%d0%b6%d0%b8%d0%bb%d1%8b-%d1%87%d0%b5%d1%80%d0%bd%d1%8b%d0%b9-%d0%ba%d1%80%d0%b0%d1%81%d0%bd%d1%8b%d0%b9-12-14-20-awg\/","og_site_name":"T\u00f5uksimaailm","article_publisher":"https:\/\/www.facebook.com\/touksimaailm\/","article_modified_time":"2024-11-15T15:24:43+00:00","og_image":[{"width":1070,"height":1008,"url":"https:\/\/www.xn--tuksimaailm-ffb.ee\/wp-content\/uploads\/2023\/01\/2-sooneline-kaabel-juhe-must-punane-12-14-16-AWG.jpg","type":"image\/jpeg"}],"twitter_card":"summary_large_image","twitter_misc":{"\u0414\u043e\u0441\u0442\u0443\u043f\u043d\u043e\u0441\u0442\u044c":"\u0412 \u043d\u0430\u043b\u0438\u0447\u0438\u0438"},"schema":{"@context":"https:\/\/schema.org","@graph":[{"@type":"WebPage","@id":"https:\/\/www.xn--tuksimaailm-ffb.ee\/ru\/\u043f\u0440\u043e\u0434\u0443\u043a\u0442\/%d0%ba%d0%b0%d0%b1%d0%b5%d0%bb%d1%8c-2-%d0%b6%d0%b8%d0%bb%d1%8b-%d1%87%d0%b5%d1%80%d0%bd%d1%8b%d0%b9-%d0%ba%d1%80%d0%b0%d1%81%d0%bd%d1%8b%d0%b9-12-14-20-awg\/","url":"https:\/\/www.xn--tuksimaailm-ffb.ee\/ru\/\u043f\u0440\u043e\u0434\u0443\u043a\u0442\/%d0%ba%d0%b0%d0%b1%d0%b5%d0%bb%d1%8c-2-%d0%b6%d0%b8%d0%bb%d1%8b-%d1%87%d0%b5%d1%80%d0%bd%d1%8b%d0%b9-%d0%ba%d1%80%d0%b0%d1%81%d0%bd%d1%8b%d0%b9-12-14-20-awg\/","name":"\u043a\u0430\u0431\u0435\u043b\u044c 2 \u0436\u0438\u043b\u044b \u0447\u0435\u0440\u043d\u044b\u0439+\u043a\u0440\u0430\u0441\u043d\u044b\u0439 12-20awg &#8212; T\u00f5uksimaailm","isPartOf":{"@id":"https:\/\/www.xn--tuksimaailm-ffb.ee\/ru\/#website"},"primaryImageOfPage":{"@id":"https:\/\/www.xn--tuksimaailm-ffb.ee\/ru\/\u043f\u0440\u043e\u0434\u0443\u043a\u0442\/%d0%ba%d0%b0%d0%b1%d0%b5%d0%bb%d1%8c-2-%d0%b6%d0%b8%d0%bb%d1%8b-%d1%87%d0%b5%d1%80%d0%bd%d1%8b%d0%b9-%d0%ba%d1%80%d0%b0%d1%81%d0%bd%d1%8b%d0%b9-12-14-20-awg\/#primaryimage"},"image":{"@id":"https:\/\/www.xn--tuksimaailm-ffb.ee\/ru\/\u043f\u0440\u043e\u0434\u0443\u043a\u0442\/%d0%ba%d0%b0%d0%b1%d0%b5%d0%bb%d1%8c-2-%d0%b6%d0%b8%d0%bb%d1%8b-%d1%87%d0%b5%d1%80%d0%bd%d1%8b%d0%b9-%d0%ba%d1%80%d0%b0%d1%81%d0%bd%d1%8b%d0%b9-12-14-20-awg\/#primaryimage"},"thumbnailUrl":"https:\/\/www.xn--tuksimaailm-ffb.ee\/wp-content\/uploads\/2023\/01\/2-sooneline-kaabel-juhe-must-punane-12-14-16-AWG.jpg","datePublished":"2023-01-10T10:27:39+00:00","dateModified":"2024-11-15T15:24:43+00:00","description":"2\u0445 \u0436\u0438\u043b\u044c\u043d\u044b\u0439 \u043a\u0430\u0431\u0435\u043b\u044c \u0447\u0435\u0440\u043d\u044b\u0439 + \u043a\u0440\u0430\u0441\u043d\u044b\u0439 12awg, 14awg, 16awg, 18awg \u0438\u043b\u0438 20awg.","breadcrumb":{"@id":"https:\/\/www.xn--tuksimaailm-ffb.ee\/ru\/\u043f\u0440\u043e\u0434\u0443\u043a\u0442\/%d0%ba%d0%b0%d0%b1%d0%b5%d0%bb%d1%8c-2-%d0%b6%d0%b8%d0%bb%d1%8b-%d1%87%d0%b5%d1%80%d0%bd%d1%8b%d0%b9-%d0%ba%d1%80%d0%b0%d1%81%d0%bd%d1%8b%d0%b9-12-14-20-awg\/#breadcrumb"},"inLanguage":"ru-RU","potentialAction":[{"@type":"ReadAction","target":["https:\/\/www.xn--tuksimaailm-ffb.ee\/ru\/\u043f\u0440\u043e\u0434\u0443\u043a\u0442\/%d0%ba%d0%b0%d0%b1%d0%b5%d0%bb%d1%8c-2-%d0%b6%d0%b8%d0%bb%d1%8b-%d1%87%d0%b5%d1%80%d0%bd%d1%8b%d0%b9-%d0%ba%d1%80%d0%b0%d1%81%d0%bd%d1%8b%d0%b9-12-14-20-awg\/"]}]},{"@type":"ImageObject","inLanguage":"ru-RU","@id":"https:\/\/www.xn--tuksimaailm-ffb.ee\/ru\/\u043f\u0440\u043e\u0434\u0443\u043a\u0442\/%d0%ba%d0%b0%d0%b1%d0%b5%d0%bb%d1%8c-2-%d0%b6%d0%b8%d0%bb%d1%8b-%d1%87%d0%b5%d1%80%d0%bd%d1%8b%d0%b9-%d0%ba%d1%80%d0%b0%d1%81%d0%bd%d1%8b%d0%b9-12-14-20-awg\/#primaryimage","url":"https:\/\/www.xn--tuksimaailm-ffb.ee\/wp-content\/uploads\/2023\/01\/2-sooneline-kaabel-juhe-must-punane-12-14-16-AWG.jpg","contentUrl":"https:\/\/www.xn--tuksimaailm-ffb.ee\/wp-content\/uploads\/2023\/01\/2-sooneline-kaabel-juhe-must-punane-12-14-16-AWG.jpg","width":1070,"height":1008,"caption":"\u043a\u0430\u0431\u0435\u043b\u044c 2 \u0436\u0438\u043b\u044b \u0447\u0435\u0440\u043d\u044b\u0439+\u043a\u0440\u0430\u0441\u043d\u044b\u0439 12 14 16 20 awg 1"},{"@type":"BreadcrumbList","@id":"https:\/\/www.xn--tuksimaailm-ffb.ee\/ru\/\u043f\u0440\u043e\u0434\u0443\u043a\u0442\/%d0%ba%d0%b0%d0%b1%d0%b5%d0%bb%d1%8c-2-%d0%b6%d0%b8%d0%bb%d1%8b-%d1%87%d0%b5%d1%80%d0%bd%d1%8b%d0%b9-%d0%ba%d1%80%d0%b0%d1%81%d0%bd%d1%8b%d0%b9-12-14-20-awg\/#breadcrumb","itemListElement":[{"@type":"ListItem","position":1,"name":"Home","item":"https:\/\/www.xn--tuksimaailm-ffb.ee\/ru\/frontpage\/"},{"@type":"ListItem","position":2,"name":"\u041c\u0410\u0413\u0410\u0417\u0418\u041d","item":"https:\/\/www.xn--tuksimaailm-ffb.ee\/elektritoukerataste-pood\/"},{"@type":"ListItem","position":3,"name":"\u043a\u0430\u0431\u0435\u043b\u044c 2 \u0436\u0438\u043b\u044b \u0447\u0435\u0440\u043d\u044b\u0439+\u043a\u0440\u0430\u0441\u043d\u044b\u0439 12-20awg"}]},{"@type":"WebSite","@id":"https:\/\/www.xn--tuksimaailm-ffb.ee\/ru\/#website","url":"https:\/\/www.xn--tuksimaailm-ffb.ee\/ru\/","name":"T\u00f5uksimaailm","description":"Elektrit\u00f5ukerataste m\u00fc\u00fck, remont ja rent","publisher":{"@id":"https:\/\/www.xn--tuksimaailm-ffb.ee\/ru\/#organization"},"potentialAction":[{"@type":"SearchAction","target":{"@type":"EntryPoint","urlTemplate":"https:\/\/www.xn--tuksimaailm-ffb.ee\/ru\/?s={search_term_string}"},"query-input":{"@type":"PropertyValueSpecification","valueRequired":true,"valueName":"search_term_string"}}],"inLanguage":"ru-RU"},{"@type":"Organization","@id":"https:\/\/www.xn--tuksimaailm-ffb.ee\/ru\/#organization","name":"T\u00f5uksimaailm","url":"https:\/\/www.xn--tuksimaailm-ffb.ee\/ru\/","logo":{"@type":"ImageObject","inLanguage":"ru-RU","@id":"https:\/\/www.xn--tuksimaailm-ffb.ee\/ru\/#\/schema\/logo\/image\/","url":"https:\/\/www.xn--tuksimaailm-ffb.ee\/wp-content\/uploads\/2020\/01\/logoz-e1579792875517.png","contentUrl":"https:\/\/www.xn--tuksimaailm-ffb.ee\/wp-content\/uploads\/2020\/01\/logoz-e1579792875517.png","width":250,"height":250,"caption":"T\u00f5uksimaailm"},"image":{"@id":"https:\/\/www.xn--tuksimaailm-ffb.ee\/ru\/#\/schema\/logo\/image\/"},"sameAs":["https:\/\/www.facebook.com\/touksimaailm\/","https:\/\/www.instagram.com\/touksimaailm_\/","https:\/\/www.youtube.com\/channel\/UC18ml0EKIDLP1xGuQjFzcXQ"]}]},"og_availability":"instock","product_availability":"instock","product_condition":"new"},"jetpack_sharing_enabled":true,"_links":{"self":[{"href":"https:\/\/www.xn--tuksimaailm-ffb.ee\/ru\/wp-json\/wp\/v2\/product\/35140","targetHints":{"allow":["GET"]}}],"collection":[{"href":"https:\/\/www.xn--tuksimaailm-ffb.ee\/ru\/wp-json\/wp\/v2\/product"}],"about":[{"href":"https:\/\/www.xn--tuksimaailm-ffb.ee\/ru\/wp-json\/wp\/v2\/types\/product"}],"wp:featuredmedia":[{"embeddable":true,"href":"https:\/\/www.xn--tuksimaailm-ffb.ee\/ru\/wp-json\/wp\/v2\/media\/27490"}],"wp:attachment":[{"href":"https:\/\/www.xn--tuksimaailm-ffb.ee\/ru\/wp-json\/wp\/v2\/media?parent=35140"}],"wp:term":[{"taxonomy":"product_brand","embeddable":true,"href":"https:\/\/www.xn--tuksimaailm-ffb.ee\/ru\/wp-json\/wp\/v2\/product_brand?post=35140"},{"taxonomy":"product_cat","embeddable":true,"href":"https:\/\/www.xn--tuksimaailm-ffb.ee\/ru\/wp-json\/wp\/v2\/product_cat?post=35140"},{"taxonomy":"product_tag","embeddable":true,"href":"https:\/\/www.xn--tuksimaailm-ffb.ee\/ru\/wp-json\/wp\/v2\/product_tag?post=35140"},{"taxonomy":"filter_elektritoukeratas","embeddable":true,"href":"https:\/\/www.xn--tuksimaailm-ffb.ee\/ru\/wp-json\/wp\/v2\/filter_elektritoukeratas?post=35140"}],"curies":[{"name":"wp","href":"https:\/\/api.w.org\/{rel}","templated":true}]}}