{"id":50067,"date":"2024-01-03T20:09:14","date_gmt":"2024-01-03T17:09:14","guid":{"rendered":"http:\/\/www.xn--tuksimaailm-ffb.ee\/shop\/%d0%b1%d0%b5%d1%81%d0%ba%d0%b0%d0%bc%d0%b5%d1%80%d0%bd%d0%b0%d1%8f-%d1%88%d0%b8%d0%bd%d0%b0-niu-kqi3-9-5x2-50\/"},"modified":"2024-01-03T20:09:14","modified_gmt":"2024-01-03T17:09:14","slug":"%d0%b1%d0%b5%d1%81%d0%ba%d0%b0%d0%bc%d0%b5%d1%80%d0%bd%d0%b0%d1%8f-%d1%88%d0%b8%d0%bd%d0%b0-niu-kqi3-9-5x2-50","status":"publish","type":"product","link":"https:\/\/www.xn--tuksimaailm-ffb.ee\/ru\/\u043f\u0440\u043e\u0434\u0443\u043a\u0442\/%d0%b1%d0%b5%d1%81%d0%ba%d0%b0%d0%bc%d0%b5%d1%80%d0%bd%d0%b0%d1%8f-%d1%88%d0%b8%d0%bd%d0%b0-niu-kqi3-9-5x2-50\/","title":{"rendered":"\u0411\u0435\u0441\u043a\u0430\u043c\u0435\u0440\u043d\u0430\u044f \u0448\u0438\u043d\u0430 NIU KQi3 9.5x2.50\u00bb"},"content":{"rendered":"<p>\u0411\u0435\u0441\u043a\u0430\u043c\u0435\u0440\u043d\u0430\u044f \u0448\u0438\u043d\u0430 Niu Kqi3 9,5x2,50\u00bb (\u0431\u0435\u0437 \u0432\u043d\u0443\u0442\u0440\u0435\u043d\u043d\u0435\u0439 \u0442\u0440\u0443\u0431\u043a\u0438). \u041f\u043e\u0434\u0445\u043e\u0434\u0438\u0442 \u0434\u043b\u044f <a href=\"http:\/\/www.xn--tuksimaailm-ffb.ee\/shop\/niu-kqi-3-pro-elektritoukeratas\">Niu Kqi3 Pro, <\/a><a href=\"http:\/\/www.xn--tuksimaailm-ffb.ee\/shop\/niu-kqi-3-sport-elektritoukeratas\/\">Niu Kqi3 Sport<\/a><a href=\"http:\/\/www.xn--tuksimaailm-ffb.ee\/shop\/niu-kqi-3-pro-elektritoukeratas\">, <\/a><a href=\"http:\/\/www.xn--tuksimaailm-ffb.ee\/shop\/niu-kqi3-max-elektritoukeratas\/\">Niu Kqi3 Max<\/a>, \u0442\u0430\u043a\u0436\u0435 \u043f\u043e\u0434\u0445\u043e\u0434\u0438\u0442 \u0434\u043b\u044f \u0432\u0441\u0435\u0445 \u0434\u0440\u0443\u0433\u0438\u0445 \u044d\u043b\u0435\u043a\u0442\u0440\u043e\u0441\u043a\u0443\u0442\u0435\u0440\u043e\u0432 \u0441 \u0440\u0430\u0437\u043c\u0435\u0440\u043e\u043c \u0448\u0438\u043d\u044b 9.5x2.50\u00ab.\u0414\u043b\u044f \u0431\u0435\u0441\u043a\u0430\u043c\u0435\u0440\u043d\u043e\u0439 \u0448\u0438\u043d\u044b Niu Kqi3 9.5x2.50\u00bb \u0442\u0440\u0435\u0431\u0443\u0435\u0442\u0441\u044f <a href=\"https:\/\/www.hobisport.ee\/index.php\/tehnikateemad\/mis-vahe-on-tubeless-ja-tavalisel-poeial-jooksul\">\u0431\u0435\u0441\u043a\u0430\u043c\u0435\u0440\u043d\u044b\u0439<\/a> \u043e\u0431\u043e\u0434. \u041f\u043e\u0441\u043a\u043e\u043b\u044c\u043a\u0443 \u044d\u043b\u0435\u043a\u0442\u0440\u0438\u0447\u0435\u0441\u043a\u0438\u0435 \u0441\u0430\u043c\u043e\u043a\u0430\u0442\u044b \u043e\u0441\u043e\u0431\u0435\u043d\u043d\u043e \u043f\u043e\u0434\u0432\u0435\u0440\u0436\u0435\u043d\u044b \u043f\u0440\u043e\u043a\u043e\u043b\u0430\u043c \u0438\u0437-\u0437\u0430 \u043c\u0430\u043b\u043e\u0433\u043e \u043e\u0431\u044a\u0435\u043c\u0430 \u0432\u043e\u0437\u0434\u0443\u0445\u0430 \u0432 \u0448\u0438\u043d\u0430\u0445, \u043c\u044b \u0440\u0435\u043a\u043e\u043c\u0435\u043d\u0434\u0443\u0435\u043c \u043f\u0440\u043e\u0432\u0435\u0440\u044f\u0442\u044c \u0434\u0430\u0432\u043b\u0435\u043d\u0438\u0435 \u0432 \u0448\u0438\u043d\u0430\u0445 \u043a\u0430\u0436\u0434\u044b\u0435 2 \u043d\u0435\u0434\u0435\u043b\u0438 \u0438\u043b\u0438 \u043f\u0435\u0440\u0435\u0434 \u043a\u0430\u0436\u0434\u043e\u0439 \u043f\u043e\u0435\u0437\u0434\u043a\u043e\u0439, \u0435\u0441\u043b\u0438 \u0441\u0430\u043c\u043e\u043a\u0430\u0442 \u0438\u0441\u043f\u043e\u043b\u044c\u0437\u0443\u0435\u0442\u0441\u044f \u0440\u0435\u0436\u0435. \u041f\u0440\u0438 \u043d\u0430\u043a\u0430\u0447\u0438\u0432\u0430\u043d\u0438\u0438 \u0448\u0438\u043d \u043c\u044b \u043d\u0430\u0441\u0442\u043e\u044f\u0442\u0435\u043b\u044c\u043d\u043e \u0440\u0435\u043a\u043e\u043c\u0435\u043d\u0434\u0443\u0435\u043c \u0438\u0441\u043f\u043e\u043b\u044c\u0437\u043e\u0432\u0430\u0442\u044c <a href=\"http:\/\/www.xn--tuksimaailm-ffb.ee\/tootekategooria\/lisavarustus\/\">\u043c\u0430\u043d\u043e\u043c\u0435\u0442\u0440\u0438\u0447\u0435\u0441\u043a\u0438\u0435 \u043d\u0430\u0441\u043e\u0441\u044b<\/a>, \u0447\u0442\u043e\u0431\u044b \u043e\u0431\u0435\u0441\u043f\u0435\u0447\u0438\u0442\u044c \u0442\u043e\u0447\u043d\u043e\u0435 \u0434\u0430\u0432\u043b\u0435\u043d\u0438\u0435 \u0432 \u0448\u0438\u043d\u0430\u0445, \u0440\u0435\u043a\u043e\u043c\u0435\u043d\u0434\u043e\u0432\u0430\u043d\u043d\u043e\u0435 \u043f\u0440\u043e\u0438\u0437\u0432\u043e\u0434\u0438\u0442\u0435\u043b\u0435\u043c \u044d\u043b\u0435\u043a\u0442\u0440\u043e\u0441\u043a\u0443\u0442\u0435\u0440\u0430.<\/p>\n<p>\u0415\u0441\u043b\u0438 \u0432\u0430\u0448\u0435\u043c\u0443 \u044d\u043b\u0435\u043a\u0442\u0440\u043e\u0441\u043a\u0443\u0442\u0435\u0440\u0443 \u0442\u0440\u0435\u0431\u0443\u0435\u0442\u0441\u044f \u0440\u0435\u043c\u043e\u043d\u0442 \u0438\u043b\u0438 \u0432\u043d\u0435\u0448\u043d\u044f\u044f \u0437\u0430\u043c\u0435\u043d\u0430 \u0448\u0438\u043d, \u043d\u0430\u0448\u0430 \u0441\u043f\u0435\u0446\u0438\u0430\u043b\u0438\u0437\u0438\u0440\u043e\u0432\u0430\u043d\u043d\u0430\u044f <a href=\"http:\/\/www.xn--tuksimaailm-ffb.ee\/elektrilise-toukeratta-remont\/\">\u043c\u0430\u0441\u0442\u0435\u0440\u0441\u043a\u0430\u044f \u043f\u043e<\/a> \u0440\u0435\u043c\u043e\u043d\u0442\u0443 \u044d\u043b\u0435\u043a\u0442\u0440\u043e\u0441\u043a\u0443\u0442\u0435\u0440\u043e\u0432 \u043c\u043e\u0436\u0435\u0442 \u0432\u0430\u043c \u043f\u043e\u043c\u043e\u0447\u044c. \u041c\u044b \u0442\u0430\u043a\u0436\u0435 \u0432\u044b\u043f\u043e\u043b\u043d\u044f\u0435\u043c \u0437\u0430\u043c\u0435\u043d\u0443 \u0448\u0438\u043d \u0432 \u0440\u0435\u0436\u0438\u043c\u0435 \u043e\u0436\u0438\u0434\u0430\u043d\u0438\u044f. \u041f\u043e\u0434\u0440\u043e\u0431\u043d\u0435\u0435 \u043e \u0437\u0430\u043c\u0435\u043d\u0435 \u0448\u0438\u043d \u0434\u043b\u044f \u044d\u043b\u0435\u043a\u0442\u0440\u043e\u0441\u043a\u0443\u0442\u0435\u0440\u043e\u0432 \u0432\u044b \u043c\u043e\u0436\u0435\u0442\u0435 \u043f\u0440\u043e\u0447\u0438\u0442\u0430\u0442\u044c \u0432 \u043d\u0430\u0448\u0435\u043c <a href=\"http:\/\/www.xn--tuksimaailm-ffb.ee\/elektritoukeratta-rehvivahetus\/\">\u0431\u043b\u043e\u0433\u0435<\/a>.<\/p>\n","protected":false},"excerpt":{"rendered":"<p>\u0411\u0435\u0441\u043a\u0430\u043c\u0435\u0440\u043d\u0430\u044f \u0448\u0438\u043d\u0430 Niu Kqi3 9,5x2,50\u00bb (\u0431\u0435\u0437 \u0432\u043d\u0443\u0442\u0440\u0435\u043d\u043d\u0435\u0439 \u0442\u0440\u0443\u0431\u043a\u0438). \u041f\u043e\u0434\u0445\u043e\u0434\u0438\u0442 \u0434\u043b\u044f Niu Kqi3 Pro, Niu Kqi3 Sport, Niu Kqi3 Max, \u0442\u0430\u043a\u0436\u0435 \u043f\u043e\u0434\u0445\u043e\u0434\u0438\u0442 \u0434\u043b\u044f \u0432\u0441\u0435\u0445 \u0434\u0440\u0443\u0433\u0438\u0445 \u044d\u043b\u0435\u043a\u0442\u0440\u043e\u0441\u043a\u0443\u0442\u0435\u0440\u043e\u0432 \u0441 \u0440\u0430\u0437\u043c\u0435\u0440\u043e\u043c \u0448\u0438\u043d\u044b 9.5x2.50\u00ab.\u0414\u043b\u044f \u0431\u0435\u0441\u043a\u0430\u043c\u0435\u0440\u043d\u043e\u0439 \u0448\u0438\u043d\u044b Niu Kqi3 9.5x2.50\u00bb \u0442\u0440\u0435\u0431\u0443\u0435\u0442\u0441\u044f \u0431\u0435\u0441\u043a\u0430\u043c\u0435\u0440\u043d\u044b\u0439 \u043e\u0431\u043e\u0434. \u041f\u043e\u0441\u043a\u043e\u043b\u044c\u043a\u0443 \u044d\u043b\u0435\u043a\u0442\u0440\u0438\u0447\u0435\u0441\u043a\u0438\u0435 \u0441\u0430\u043c\u043e\u043a\u0430\u0442\u044b \u043e\u0441\u043e\u0431\u0435\u043d\u043d\u043e \u043f\u043e\u0434\u0432\u0435\u0440\u0436\u0435\u043d\u044b \u043f\u0440\u043e\u043a\u043e\u043b\u0430\u043c \u0438\u0437-\u0437\u0430 \u043c\u0430\u043b\u043e\u0433\u043e \u043e\u0431\u044a\u0435\u043c\u0430 \u0432\u043e\u0437\u0434\u0443\u0445\u0430 \u0432 \u0448\u0438\u043d\u0430\u0445, \u043c\u044b &hellip;<\/p>\n","protected":false},"featured_media":40362,"template":"","meta":[],"product_brand":[],"product_cat":[757],"product_tag":[1562],"filter_elektritoukeratas":[3291],"class_list":{"0":"post-50067","1":"product","2":"type-product","3":"status-publish","4":"has-post-thumbnail","6":"product_cat-757","7":"product_tag-rehvid-ru","8":"pa_tootetuup-rehvid-ru","9":"filter_elektritoukeratas-ft_niu_kqi3_pro_sport_max","11":"first","12":"instock","13":"taxable","14":"shipping-taxable","15":"purchasable","16":"product-type-variable"},"yoast_head":"<!-- This site is optimized with the Yoast SEO Premium plugin v26.8 (Yoast SEO v27.5) - https:\/\/yoast.com\/product\/yoast-seo-premium-wordpress\/ -->\n<title>\u0411\u0435\u0441\u043a\u0430\u043c\u0435\u0440\u043d\u0430\u044f \u0448\u0438\u043d\u0430 NIU KQi3 9.5x2.50\u00bb &#8212; T\u00f5uksimaailm<\/title>\n<meta name=\"robots\" content=\"index, follow, max-snippet:-1, max-image-preview:large, max-video-preview:-1\" \/>\n<link rel=\"canonical\" href=\"https:\/\/www.xn--tuksimaailm-ffb.ee\/ru\/\u043f\u0440\u043e\u0434\u0443\u043a\u0442\/%d0%b1%d0%b5%d1%81%d0%ba%d0%b0%d0%bc%d0%b5%d1%80%d0%bd%d0%b0%d1%8f-%d1%88%d0%b8%d0%bd%d0%b0-niu-kqi3-9-5x2-50\/\" \/>\n<meta property=\"og:locale\" content=\"ru_RU\" \/>\n<meta property=\"og:type\" content=\"article\" \/>\n<meta property=\"og:title\" content=\"\u0411\u0435\u0441\u043a\u0430\u043c\u0435\u0440\u043d\u0430\u044f \u0448\u0438\u043d\u0430 NIU KQi3 9.5x2.50\u00bb\" \/>\n<meta property=\"og:description\" content=\"\u0411\u0435\u0441\u043a\u0430\u043c\u0435\u0440\u043d\u0430\u044f \u0448\u0438\u043d\u0430 Niu Kqi3 9,5x2,50\u00bb (\u0431\u0435\u0437 \u0432\u043d\u0443\u0442\u0440\u0435\u043d\u043d\u0435\u0439 \u0442\u0440\u0443\u0431\u043a\u0438). \u041f\u043e\u0434\u0445\u043e\u0434\u0438\u0442 \u0434\u043b\u044f Niu Kqi3 Pro, Niu Kqi3 Sport, Niu Kqi3 Max, \u0442\u0430\u043a\u0436\u0435 \u043f\u043e\u0434\u0445\u043e\u0434\u0438\u0442 \u0434\u043b\u044f \u0432\u0441\u0435\u0445 \u0434\u0440\u0443\u0433\u0438\u0445 \u044d\u043b\u0435\u043a\u0442\u0440\u043e\u0441\u043a\u0443\u0442\u0435\u0440\u043e\u0432 \u0441 \u0440\u0430\u0437\u043c\u0435\u0440\u043e\u043c \u0448\u0438\u043d\u044b 9.5x2.50\u00ab.\u0414\u043b\u044f \u0431\u0435\u0441\u043a\u0430\u043c\u0435\u0440\u043d\u043e\u0439 \u0448\u0438\u043d\u044b Niu Kqi3 9.5x2.50\u00bb \u0442\u0440\u0435\u0431\u0443\u0435\u0442\u0441\u044f \u0431\u0435\u0441\u043a\u0430\u043c\u0435\u0440\u043d\u044b\u0439 \u043e\u0431\u043e\u0434. \u041f\u043e\u0441\u043a\u043e\u043b\u044c\u043a\u0443 \u044d\u043b\u0435\u043a\u0442\u0440\u0438\u0447\u0435\u0441\u043a\u0438\u0435 \u0441\u0430\u043c\u043e\u043a\u0430\u0442\u044b \u043e\u0441\u043e\u0431\u0435\u043d\u043d\u043e \u043f\u043e\u0434\u0432\u0435\u0440\u0436\u0435\u043d\u044b \u043f\u0440\u043e\u043a\u043e\u043b\u0430\u043c \u0438\u0437-\u0437\u0430 \u043c\u0430\u043b\u043e\u0433\u043e \u043e\u0431\u044a\u0435\u043c\u0430 \u0432\u043e\u0437\u0434\u0443\u0445\u0430 \u0432 \u0448\u0438\u043d\u0430\u0445, \u043c\u044b &hellip;\" \/>\n<meta property=\"og:url\" content=\"https:\/\/www.xn--tuksimaailm-ffb.ee\/ru\/\u043f\u0440\u043e\u0434\u0443\u043a\u0442\/%d0%b1%d0%b5%d1%81%d0%ba%d0%b0%d0%bc%d0%b5%d1%80%d0%bd%d0%b0%d1%8f-%d1%88%d0%b8%d0%bd%d0%b0-niu-kqi3-9-5x2-50\/\" \/>\n<meta property=\"og:site_name\" content=\"T\u00f5uksimaailm\" \/>\n<meta property=\"article:publisher\" content=\"https:\/\/www.facebook.com\/touksimaailm\/\" \/>\n<meta property=\"og:image\" content=\"https:\/\/www.xn--tuksimaailm-ffb.ee\/wp-content\/uploads\/2024\/01\/Screenshot-2024-01-04-202033.png\" \/>\n\t<meta property=\"og:image:width\" content=\"542\" \/>\n\t<meta property=\"og:image:height\" content=\"493\" \/>\n\t<meta property=\"og:image:type\" content=\"image\/png\" \/>\n<meta name=\"twitter:card\" content=\"summary_large_image\" \/>\n<meta name=\"twitter:label1\" content=\"\u0414\u043e\u0441\u0442\u0443\u043f\u043d\u043e\u0441\u0442\u044c\" \/>\n\t<meta name=\"twitter:data1\" content=\"\u0412 \u043d\u0430\u043b\u0438\u0447\u0438\u0438\" \/>\n<meta property=\"og:availability\" content=\"instock\" \/>\n<meta property=\"product:availability\" content=\"instock\" \/>\n<meta property=\"product:condition\" content=\"new\" \/>\n<!-- \/ Yoast SEO Premium plugin. -->","yoast_head_json":{"title":"\u0411\u0435\u0441\u043a\u0430\u043c\u0435\u0440\u043d\u0430\u044f \u0448\u0438\u043d\u0430 NIU KQi3 9.5x2.50\u00bb &#8212; T\u00f5uksimaailm","robots":{"index":"index","follow":"follow","max-snippet":"max-snippet:-1","max-image-preview":"max-image-preview:large","max-video-preview":"max-video-preview:-1"},"canonical":"https:\/\/www.xn--tuksimaailm-ffb.ee\/ru\/\u043f\u0440\u043e\u0434\u0443\u043a\u0442\/%d0%b1%d0%b5%d1%81%d0%ba%d0%b0%d0%bc%d0%b5%d1%80%d0%bd%d0%b0%d1%8f-%d1%88%d0%b8%d0%bd%d0%b0-niu-kqi3-9-5x2-50\/","og_locale":"ru_RU","og_type":"article","og_title":"\u0411\u0435\u0441\u043a\u0430\u043c\u0435\u0440\u043d\u0430\u044f \u0448\u0438\u043d\u0430 NIU KQi3 9.5x2.50\u00bb","og_description":"\u0411\u0435\u0441\u043a\u0430\u043c\u0435\u0440\u043d\u0430\u044f \u0448\u0438\u043d\u0430 Niu Kqi3 9,5x2,50\u00bb (\u0431\u0435\u0437 \u0432\u043d\u0443\u0442\u0440\u0435\u043d\u043d\u0435\u0439 \u0442\u0440\u0443\u0431\u043a\u0438). \u041f\u043e\u0434\u0445\u043e\u0434\u0438\u0442 \u0434\u043b\u044f Niu Kqi3 Pro, Niu Kqi3 Sport, Niu Kqi3 Max, \u0442\u0430\u043a\u0436\u0435 \u043f\u043e\u0434\u0445\u043e\u0434\u0438\u0442 \u0434\u043b\u044f \u0432\u0441\u0435\u0445 \u0434\u0440\u0443\u0433\u0438\u0445 \u044d\u043b\u0435\u043a\u0442\u0440\u043e\u0441\u043a\u0443\u0442\u0435\u0440\u043e\u0432 \u0441 \u0440\u0430\u0437\u043c\u0435\u0440\u043e\u043c \u0448\u0438\u043d\u044b 9.5x2.50\u00ab.\u0414\u043b\u044f \u0431\u0435\u0441\u043a\u0430\u043c\u0435\u0440\u043d\u043e\u0439 \u0448\u0438\u043d\u044b Niu Kqi3 9.5x2.50\u00bb \u0442\u0440\u0435\u0431\u0443\u0435\u0442\u0441\u044f \u0431\u0435\u0441\u043a\u0430\u043c\u0435\u0440\u043d\u044b\u0439 \u043e\u0431\u043e\u0434. \u041f\u043e\u0441\u043a\u043e\u043b\u044c\u043a\u0443 \u044d\u043b\u0435\u043a\u0442\u0440\u0438\u0447\u0435\u0441\u043a\u0438\u0435 \u0441\u0430\u043c\u043e\u043a\u0430\u0442\u044b \u043e\u0441\u043e\u0431\u0435\u043d\u043d\u043e \u043f\u043e\u0434\u0432\u0435\u0440\u0436\u0435\u043d\u044b \u043f\u0440\u043e\u043a\u043e\u043b\u0430\u043c \u0438\u0437-\u0437\u0430 \u043c\u0430\u043b\u043e\u0433\u043e \u043e\u0431\u044a\u0435\u043c\u0430 \u0432\u043e\u0437\u0434\u0443\u0445\u0430 \u0432 \u0448\u0438\u043d\u0430\u0445, \u043c\u044b &hellip;","og_url":"https:\/\/www.xn--tuksimaailm-ffb.ee\/ru\/\u043f\u0440\u043e\u0434\u0443\u043a\u0442\/%d0%b1%d0%b5%d1%81%d0%ba%d0%b0%d0%bc%d0%b5%d1%80%d0%bd%d0%b0%d1%8f-%d1%88%d0%b8%d0%bd%d0%b0-niu-kqi3-9-5x2-50\/","og_site_name":"T\u00f5uksimaailm","article_publisher":"https:\/\/www.facebook.com\/touksimaailm\/","og_image":[{"width":542,"height":493,"url":"https:\/\/www.xn--tuksimaailm-ffb.ee\/wp-content\/uploads\/2024\/01\/Screenshot-2024-01-04-202033.png","type":"image\/png"}],"twitter_card":"summary_large_image","twitter_misc":{"\u0414\u043e\u0441\u0442\u0443\u043f\u043d\u043e\u0441\u0442\u044c":"\u0412 \u043d\u0430\u043b\u0438\u0447\u0438\u0438"},"schema":{"@context":"https:\/\/schema.org","@graph":[{"@type":"WebPage","@id":"https:\/\/www.xn--tuksimaailm-ffb.ee\/ru\/\u043f\u0440\u043e\u0434\u0443\u043a\u0442\/%d0%b1%d0%b5%d1%81%d0%ba%d0%b0%d0%bc%d0%b5%d1%80%d0%bd%d0%b0%d1%8f-%d1%88%d0%b8%d0%bd%d0%b0-niu-kqi3-9-5x2-50\/","url":"https:\/\/www.xn--tuksimaailm-ffb.ee\/ru\/\u043f\u0440\u043e\u0434\u0443\u043a\u0442\/%d0%b1%d0%b5%d1%81%d0%ba%d0%b0%d0%bc%d0%b5%d1%80%d0%bd%d0%b0%d1%8f-%d1%88%d0%b8%d0%bd%d0%b0-niu-kqi3-9-5x2-50\/","name":"\u0411\u0435\u0441\u043a\u0430\u043c\u0435\u0440\u043d\u0430\u044f \u0448\u0438\u043d\u0430 NIU KQi3 9.5x2.50\u00bb &#8212; T\u00f5uksimaailm","isPartOf":{"@id":"https:\/\/www.xn--tuksimaailm-ffb.ee\/ru\/#website"},"primaryImageOfPage":{"@id":"https:\/\/www.xn--tuksimaailm-ffb.ee\/ru\/\u043f\u0440\u043e\u0434\u0443\u043a\u0442\/%d0%b1%d0%b5%d1%81%d0%ba%d0%b0%d0%bc%d0%b5%d1%80%d0%bd%d0%b0%d1%8f-%d1%88%d0%b8%d0%bd%d0%b0-niu-kqi3-9-5x2-50\/#primaryimage"},"image":{"@id":"https:\/\/www.xn--tuksimaailm-ffb.ee\/ru\/\u043f\u0440\u043e\u0434\u0443\u043a\u0442\/%d0%b1%d0%b5%d1%81%d0%ba%d0%b0%d0%bc%d0%b5%d1%80%d0%bd%d0%b0%d1%8f-%d1%88%d0%b8%d0%bd%d0%b0-niu-kqi3-9-5x2-50\/#primaryimage"},"thumbnailUrl":"https:\/\/www.xn--tuksimaailm-ffb.ee\/wp-content\/uploads\/2024\/01\/Screenshot-2024-01-04-202033.png","datePublished":"2024-01-03T17:09:14+00:00","breadcrumb":{"@id":"https:\/\/www.xn--tuksimaailm-ffb.ee\/ru\/\u043f\u0440\u043e\u0434\u0443\u043a\u0442\/%d0%b1%d0%b5%d1%81%d0%ba%d0%b0%d0%bc%d0%b5%d1%80%d0%bd%d0%b0%d1%8f-%d1%88%d0%b8%d0%bd%d0%b0-niu-kqi3-9-5x2-50\/#breadcrumb"},"inLanguage":"ru-RU","potentialAction":[{"@type":"ReadAction","target":["https:\/\/www.xn--tuksimaailm-ffb.ee\/ru\/\u043f\u0440\u043e\u0434\u0443\u043a\u0442\/%d0%b1%d0%b5%d1%81%d0%ba%d0%b0%d0%bc%d0%b5%d1%80%d0%bd%d0%b0%d1%8f-%d1%88%d0%b8%d0%bd%d0%b0-niu-kqi3-9-5x2-50\/"]}]},{"@type":"ImageObject","inLanguage":"ru-RU","@id":"https:\/\/www.xn--tuksimaailm-ffb.ee\/ru\/\u043f\u0440\u043e\u0434\u0443\u043a\u0442\/%d0%b1%d0%b5%d1%81%d0%ba%d0%b0%d0%bc%d0%b5%d1%80%d0%bd%d0%b0%d1%8f-%d1%88%d0%b8%d0%bd%d0%b0-niu-kqi3-9-5x2-50\/#primaryimage","url":"https:\/\/www.xn--tuksimaailm-ffb.ee\/wp-content\/uploads\/2024\/01\/Screenshot-2024-01-04-202033.png","contentUrl":"https:\/\/www.xn--tuksimaailm-ffb.ee\/wp-content\/uploads\/2024\/01\/Screenshot-2024-01-04-202033.png","width":542,"height":493,"caption":"Niu Kqi3 tubeless rehv 9.5x2.50\""},{"@type":"BreadcrumbList","@id":"https:\/\/www.xn--tuksimaailm-ffb.ee\/ru\/\u043f\u0440\u043e\u0434\u0443\u043a\u0442\/%d0%b1%d0%b5%d1%81%d0%ba%d0%b0%d0%bc%d0%b5%d1%80%d0%bd%d0%b0%d1%8f-%d1%88%d0%b8%d0%bd%d0%b0-niu-kqi3-9-5x2-50\/#breadcrumb","itemListElement":[{"@type":"ListItem","position":1,"name":"Home","item":"https:\/\/www.xn--tuksimaailm-ffb.ee\/ru\/frontpage\/"},{"@type":"ListItem","position":2,"name":"\u041c\u0410\u0413\u0410\u0417\u0418\u041d","item":"https:\/\/www.xn--tuksimaailm-ffb.ee\/elektritoukerataste-pood\/"},{"@type":"ListItem","position":3,"name":"\u0411\u0435\u0441\u043a\u0430\u043c\u0435\u0440\u043d\u0430\u044f \u0448\u0438\u043d\u0430 NIU KQi3 9.5x2.50\u00bb"}]},{"@type":"WebSite","@id":"https:\/\/www.xn--tuksimaailm-ffb.ee\/ru\/#website","url":"https:\/\/www.xn--tuksimaailm-ffb.ee\/ru\/","name":"T\u00f5uksimaailm","description":"Elektrit\u00f5ukerataste m\u00fc\u00fck, remont ja rent","publisher":{"@id":"https:\/\/www.xn--tuksimaailm-ffb.ee\/ru\/#organization"},"potentialAction":[{"@type":"SearchAction","target":{"@type":"EntryPoint","urlTemplate":"https:\/\/www.xn--tuksimaailm-ffb.ee\/ru\/?s={search_term_string}"},"query-input":{"@type":"PropertyValueSpecification","valueRequired":true,"valueName":"search_term_string"}}],"inLanguage":"ru-RU"},{"@type":"Organization","@id":"https:\/\/www.xn--tuksimaailm-ffb.ee\/ru\/#organization","name":"T\u00f5uksimaailm","url":"https:\/\/www.xn--tuksimaailm-ffb.ee\/ru\/","logo":{"@type":"ImageObject","inLanguage":"ru-RU","@id":"https:\/\/www.xn--tuksimaailm-ffb.ee\/ru\/#\/schema\/logo\/image\/","url":"https:\/\/www.xn--tuksimaailm-ffb.ee\/wp-content\/uploads\/2020\/01\/logoz-e1579792875517.png","contentUrl":"https:\/\/www.xn--tuksimaailm-ffb.ee\/wp-content\/uploads\/2020\/01\/logoz-e1579792875517.png","width":250,"height":250,"caption":"T\u00f5uksimaailm"},"image":{"@id":"https:\/\/www.xn--tuksimaailm-ffb.ee\/ru\/#\/schema\/logo\/image\/"},"sameAs":["https:\/\/www.facebook.com\/touksimaailm\/","https:\/\/www.instagram.com\/touksimaailm_\/","https:\/\/www.youtube.com\/channel\/UC18ml0EKIDLP1xGuQjFzcXQ"]}]},"og_availability":"instock","product_availability":"instock","product_condition":"new"},"jetpack_sharing_enabled":true,"_links":{"self":[{"href":"https:\/\/www.xn--tuksimaailm-ffb.ee\/ru\/wp-json\/wp\/v2\/product\/50067","targetHints":{"allow":["GET"]}}],"collection":[{"href":"https:\/\/www.xn--tuksimaailm-ffb.ee\/ru\/wp-json\/wp\/v2\/product"}],"about":[{"href":"https:\/\/www.xn--tuksimaailm-ffb.ee\/ru\/wp-json\/wp\/v2\/types\/product"}],"wp:featuredmedia":[{"embeddable":true,"href":"https:\/\/www.xn--tuksimaailm-ffb.ee\/ru\/wp-json\/wp\/v2\/media\/40362"}],"wp:attachment":[{"href":"https:\/\/www.xn--tuksimaailm-ffb.ee\/ru\/wp-json\/wp\/v2\/media?parent=50067"}],"wp:term":[{"taxonomy":"product_brand","embeddable":true,"href":"https:\/\/www.xn--tuksimaailm-ffb.ee\/ru\/wp-json\/wp\/v2\/product_brand?post=50067"},{"taxonomy":"product_cat","embeddable":true,"href":"https:\/\/www.xn--tuksimaailm-ffb.ee\/ru\/wp-json\/wp\/v2\/product_cat?post=50067"},{"taxonomy":"product_tag","embeddable":true,"href":"https:\/\/www.xn--tuksimaailm-ffb.ee\/ru\/wp-json\/wp\/v2\/product_tag?post=50067"},{"taxonomy":"filter_elektritoukeratas","embeddable":true,"href":"https:\/\/www.xn--tuksimaailm-ffb.ee\/ru\/wp-json\/wp\/v2\/filter_elektritoukeratas?post=50067"}],"curies":[{"name":"wp","href":"https:\/\/api.w.org\/{rel}","templated":true}]}}