{"id":50178,"date":"2023-01-07T17:13:24","date_gmt":"2023-01-07T14:13:24","guid":{"rendered":"http:\/\/www.xn--tuksimaailm-ffb.ee\/shop\/%d1%8d%d0%bb%d0%b5%d0%ba%d1%82%d1%80%d0%b8%d1%87%d0%b5%d1%81%d0%ba%d0%b8%d0%b9-%d1%81%d0%ba%d1%83%d1%82%d0%b5%d1%80-%d0%ba%d0%be%d0%bb%d0%b5%d1%81%d0%b0-%d0%b1%d0%b0%d0%bb%d0%b0%d0%bd%d1%81%d0%b8\/"},"modified":"2023-01-07T17:13:24","modified_gmt":"2023-01-07T14:13:24","slug":"%d1%8d%d0%bb%d0%b5%d0%ba%d1%82%d1%80%d0%b8%d1%87%d0%b5%d1%81%d0%ba%d0%b8%d0%b9-%d1%81%d0%ba%d1%83%d1%82%d0%b5%d1%80-%d0%ba%d0%be%d0%bb%d0%b5%d1%81%d0%b0-%d0%b1%d0%b0%d0%bb%d0%b0%d0%bd%d1%81%d0%b8","status":"publish","type":"product","link":"https:\/\/www.xn--tuksimaailm-ffb.ee\/ru\/\u043f\u0440\u043e\u0434\u0443\u043a\u0442\/%d1%8d%d0%bb%d0%b5%d0%ba%d1%82%d1%80%d0%b8%d1%87%d0%b5%d1%81%d0%ba%d0%b8%d0%b9-%d1%81%d0%ba%d1%83%d1%82%d0%b5%d1%80-%d0%ba%d0%be%d0%bb%d0%b5%d1%81%d0%b0-%d0%b1%d0%b0%d0%bb%d0%b0%d0%bd%d1%81%d0%b8\/","title":{"rendered":"\u042d\u043b\u0435\u043a\u0442\u0440\u0438\u0447\u0435\u0441\u043a\u0438\u0439 \u0441\u043a\u0443\u0442\u0435\u0440 \u043a\u043e\u043b\u0435\u0441\u0430 \u0431\u0430\u043b\u0430\u043d\u0441\u0438\u0440\u043e\u0432\u043a\u0438 \u0433\u0440\u0443\u0437\u044b 5g"},"content":{"rendered":"<p>\u0413\u0440\u0443\u0437\u0438\u043a\u0438 \u0434\u043b\u044f \u0431\u0430\u043b\u0430\u043d\u0441\u0438\u0440\u043e\u0432\u043a\u0438 \u043a\u043e\u043b\u0435\u0441 \u044d\u043b\u0435\u043a\u0442\u0440\u0438\u0447\u0435\u0441\u043a\u0438\u0445 \u0441\u043a\u0443\u0442\u0435\u0440\u043e\u0432 5\u0433. \u0427\u0435\u0440\u043d\u044b\u0435, \u043e\u0446\u0438\u043d\u043a\u043e\u0432\u0430\u043d\u043d\u044b\u0435, \u0436\u0435\u043b\u0435\u0437\u043d\u044b\u0435. \u041d\u0430\u0431\u043e\u0440 \u0438\u0437 12 \u0433\u0440\u0443\u0437\u0438\u043a\u043e\u0432 \u043f\u043e 5 \u0433.<\/p>\n","protected":false},"excerpt":{"rendered":"<p>\u0427\u0435\u0440\u043d\u0430\u044f, \u043e\u0446\u0438\u043d\u043a\u043e\u0432\u0430\u043d\u043d\u0430\u044f, \u0436\u0435\u043b\u0435\u0437\u043d\u0430\u044f \u0441\u0442\u0430\u043b\u044c<\/p>\n","protected":false},"featured_media":27085,"template":"","meta":[],"product_brand":[],"product_cat":[757],"product_tag":[1530],"filter_elektritoukeratas":[2685,2689,2688,2686,2687,2730,2733,2732,2736,2734,2735,2610,2737,2700,2707,2705,2704,2701,2703,2706,2702,2696,2697,2698,2699,2708,2711,2709,2714,2715,2712,2713,2716,2719,2718,2721,2720,2717,2722,2723,2726,2725,2727,2724,2728,2605,2681,2678,2679,2680,2671,2672,2670,2669,2673,2674,2675,2676,2668,2677,2649,2650,2651,2682,2683,2684,2609,2731,2729,2738,2740,2741,2739,2743,2742,2744,2626,2639,2636,2635,2640,2641,2644,2638,2637,2643,2642,2752,2753,2754,2755,2756,2690,2694,2695,2693,2691,2692,2601,2646,2602,2645,2648,2647,2607,2613,2619,2622,2612,2745,2748,2750,2751,2746,2749,2747],"class_list":{"0":"post-50178","1":"product","2":"type-product","3":"status-publish","4":"has-post-thumbnail","6":"product_cat-757","7":"product_tag-universaalsed-elektritoukeratta-varuosad-ru","8":"pa_tootetuup-universaalsed-elektritoukeratta-varuosad-ru","9":"filter_elektritoukeratas-ft_blaupunkt","10":"filter_elektritoukeratas-ft_blaupunkt_erl814","11":"filter_elektritoukeratas-ft_blaupunkt_esc608","12":"filter_elektritoukeratas-ft_blaupunkt_esc808","13":"filter_elektritoukeratas-ft_blaupunkt_esc910","14":"filter_elektritoukeratas-ft_dualtron_eagle","15":"filter_elektritoukeratas-ft_dualtron_mini","16":"filter_elektritoukeratas-ft_dualtron_spider","17":"filter_elektritoukeratas-ft_dualtron_storm","18":"filter_elektritoukeratas-ft_dualtron_thunder","19":"filter_elektritoukeratas-ft_dualtron_ultra","20":"filter_elektritoukeratas-ft_dualtron_victor","21":"filter_elektritoukeratas-ft_dualtron_x_x2","22":"filter_elektritoukeratas-ft_gpad","23":"filter_elektritoukeratas-ft_gpad_f3_max","24":"filter_elektritoukeratas-ft_gpad_foxen","25":"filter_elektritoukeratas-ft_gpad_joyride","26":"filter_elektritoukeratas-ft_gpad_lite_lite_max","27":"filter_elektritoukeratas-ft_gpad_retro","28":"filter_elektritoukeratas-ft_gpad_storm","29":"filter_elektritoukeratas-ft_gpad_svan","30":"filter_elektritoukeratas-ft_hx","31":"filter_elektritoukeratas-ft_hx_x7","32":"filter_elektritoukeratas-ft_hx_x8","33":"filter_elektritoukeratas-ft_hx_x9_max_x9_plus","34":"filter_elektritoukeratas-ft_inokim","35":"filter_elektritoukeratas-ft_inokim_light_2_max_super","36":"filter_elektritoukeratas-ft_inokim_light_hero_2_hero","37":"filter_elektritoukeratas-ft_inokim_ox_eco_hero_super","38":"filter_elektritoukeratas-ft_inokim_oxo","39":"filter_elektritoukeratas-ft_inokim_quick_3_hero_super","40":"filter_elektritoukeratas-ft_inokim_quick_4_hero_super","41":"filter_elektritoukeratas-ft_joyor","42":"filter_elektritoukeratas-ft_joyor_a1_a3_a5","43":"filter_elektritoukeratas-ft_joyor_f1_f3_f5s","44":"filter_elektritoukeratas-ft_joyor_g5_g5s","45":"filter_elektritoukeratas-ft_joyor_s5_s10-s_s_pro","46":"filter_elektritoukeratas-ft_joyor_x1_x5s","47":"filter_elektritoukeratas-ft_joyor_y10_y6_s_y5s","48":"filter_elektritoukeratas-ft_kaabo","49":"filter_elektritoukeratas-ft_kaabo_mantis_10","50":"filter_elektritoukeratas-ft_kaabo_mantis_8","51":"filter_elektritoukeratas-ft_kaabo_mantis_king_gt","52":"filter_elektritoukeratas-ft_kaabo_skywalker","53":"filter_elektritoukeratas-ft_kaabo_wolf","54":"filter_elektritoukeratas-ft_kugoo_kukirin","55":"filter_elektritoukeratas-ft_kugoo_c1_c1_pro","56":"filter_elektritoukeratas-ft_kugoo_g_booster","57":"filter_elektritoukeratas-ft_kugoo_g1","58":"filter_elektritoukeratas-ft_kugoo_g1_pro","59":"filter_elektritoukeratas-ft_kugoo_g2","60":"filter_elektritoukeratas-ft_kugoo_g2_master","61":"filter_elektritoukeratas-ft_kugoo_g2_max","62":"filter_elektritoukeratas-ft_kugoo_g2_pro","63":"filter_elektritoukeratas-ft_kugoo_g3","64":"filter_elektritoukeratas-ft_kugoo_g3_pro","65":"filter_elektritoukeratas-ft_kugoo_g4","66":"filter_elektritoukeratas-ft_kugoo_g4_max","67":"filter_elektritoukeratas-ft_kugoo_m4_m4_pro","68":"filter_elektritoukeratas-ft_kugoo_m5_pro","69":"filter_elektritoukeratas-ft_kugoo_s1_s1_plus_s1_pro_s1_max","70":"filter_elektritoukeratas-ft_kugoo_s2_s2_pro","71":"filter_elektritoukeratas-ft_kugoo_s3_s3_plus_s3_pro","72":"filter_elektritoukeratas-ft_kugoo_v1_v1_pro","73":"filter_elektritoukeratas-ft_kugoo_v2","74":"filter_elektritoukeratas-ft_kugoo_v3","75":"filter_elektritoukeratas-ft_-minimotors_dualtron","76":"filter_elektritoukeratas-ft_minimotors_speedway_4_5","77":"filter_elektritoukeratas-ft_minimotors_speedway_leger","78":"filter_elektritoukeratas-ft_nanrobot","79":"filter_elektritoukeratas-ft_nanrobot_d4_plus","80":"filter_elektritoukeratas-ft_nanrobot_d6_plus","81":"filter_elektritoukeratas-ft_nanrobot_lightning","82":"filter_elektritoukeratas-ft_nanrobot_ls7plus","83":"filter_elektritoukeratas-ft_nanrobot_n6","84":"filter_elektritoukeratas-ft_nanrobot_x_spark","85":"filter_elektritoukeratas-ft_segway","86":"filter_elektritoukeratas-ft_segway_ninebot_d18e_d28e_d38e","87":"filter_elektritoukeratas-ft_segway_ninebot_e22e_e35e_e45e","88":"filter_elektritoukeratas-ft_segway_ninebot_es1_es2_es4","89":"filter_elektritoukeratas-ft_segway_ninebot_f20d_f25e_ii_f30d_f40d_f40d_ii","90":"filter_elektritoukeratas-ft_segway_ninebot_f65_f65i","91":"filter_elektritoukeratas-ft_segway_ninebot_gt1e_gt1d_gt2p","92":"filter_elektritoukeratas-ft_segway_ninebot_max_g2e_g65","93":"filter_elektritoukeratas-ft_segway_ninebot_max_g30p_g30le_g30e_ii_g30lp_ii","94":"filter_elektritoukeratas-ft_segway_ninebot_p100s_p100se","95":"filter_elektritoukeratas-ft_segway_ninebot_p65e_p65i","96":"filter_elektritoukeratas-ft_techlife","97":"filter_elektritoukeratas-ft_techlife_x5_x5s","98":"filter_elektritoukeratas-ft_techlife_x6","99":"filter_elektritoukeratas-ft_techlife_x7_x7_lite_x7s","100":"filter_elektritoukeratas-ft_techlife_x8_x8s","101":"filter_elektritoukeratas-ft_velt","102":"filter_elektritoukeratas-ft_velt_smart_eco","103":"filter_elektritoukeratas-ft_velt_smart_pro","104":"filter_elektritoukeratas-ft_velt_smart_x7","105":"filter_elektritoukeratas-ft_velt_smart_x8","106":"filter_elektritoukeratas-ft_velt_smart_x8_pro","107":"filter_elektritoukeratas-ft_vsett","108":"filter_elektritoukeratas-ft_vsett_10_plus","109":"filter_elektritoukeratas-ft_vsett_11_plus","110":"filter_elektritoukeratas-ft_vsett_11_plus_super","111":"filter_elektritoukeratas-ft_vsett_8_8_plus","112":"filter_elektritoukeratas-ft_vsett_9_9_plus","113":"filter_elektritoukeratas-ft_xiaomi","114":"filter_elektritoukeratas-ft_xiaomi_1s_mi3_pro_2_3_lite","115":"filter_elektritoukeratas-ft_xiaomi_4_4_lite_4_pro","116":"filter_elektritoukeratas-ft_xiaomi_4_ultra","117":"filter_elektritoukeratas-ft_xiaomi_m365_m365_pro_essential","118":"filter_elektritoukeratas-ft_zero","119":"filter_elektritoukeratas-ft_zero_10","120":"filter_elektritoukeratas-ft_zero_10x","121":"filter_elektritoukeratas-ft_zero_11x","122":"filter_elektritoukeratas-ft_zero_8","123":"filter_elektritoukeratas-ft_zero_8x_compact","124":"filter_elektritoukeratas-ft_zero_9","126":"first","127":"instock","128":"taxable","129":"shipping-taxable","130":"purchasable","131":"product-type-simple"},"yoast_head":"<!-- This site is optimized with the Yoast SEO Premium plugin v26.8 (Yoast SEO v27.5) - https:\/\/yoast.com\/product\/yoast-seo-premium-wordpress\/ -->\n<title>\u042d\u043b\u0435\u043a\u0442\u0440\u0438\u0447\u0435\u0441\u043a\u0438\u0439 \u0441\u043a\u0443\u0442\u0435\u0440 \u043a\u043e\u043b\u0435\u0441\u0430 \u0431\u0430\u043b\u0430\u043d\u0441\u0438\u0440\u043e\u0432\u043a\u0438 \u0433\u0440\u0443\u0437\u044b 5g &#8212; T\u00f5uksimaailm<\/title>\n<meta name=\"robots\" content=\"index, follow, max-snippet:-1, max-image-preview:large, max-video-preview:-1\" \/>\n<link rel=\"canonical\" href=\"https:\/\/www.xn--tuksimaailm-ffb.ee\/ru\/\u043f\u0440\u043e\u0434\u0443\u043a\u0442\/%d1%8d%d0%bb%d0%b5%d0%ba%d1%82%d1%80%d0%b8%d1%87%d0%b5%d1%81%d0%ba%d0%b8%d0%b9-%d1%81%d0%ba%d1%83%d1%82%d0%b5%d1%80-%d0%ba%d0%be%d0%bb%d0%b5%d1%81%d0%b0-%d0%b1%d0%b0%d0%bb%d0%b0%d0%bd%d1%81%d0%b8\/\" \/>\n<meta property=\"og:locale\" content=\"ru_RU\" \/>\n<meta property=\"og:type\" content=\"article\" \/>\n<meta property=\"og:title\" content=\"\u042d\u043b\u0435\u043a\u0442\u0440\u0438\u0447\u0435\u0441\u043a\u0438\u0439 \u0441\u043a\u0443\u0442\u0435\u0440 \u043a\u043e\u043b\u0435\u0441\u0430 \u0431\u0430\u043b\u0430\u043d\u0441\u0438\u0440\u043e\u0432\u043a\u0438 \u0433\u0440\u0443\u0437\u044b 5g\" \/>\n<meta property=\"og:description\" content=\"\u0427\u0435\u0440\u043d\u0430\u044f, \u043e\u0446\u0438\u043d\u043a\u043e\u0432\u0430\u043d\u043d\u0430\u044f, \u0436\u0435\u043b\u0435\u0437\u043d\u0430\u044f \u0441\u0442\u0430\u043b\u044c\" \/>\n<meta property=\"og:url\" content=\"https:\/\/www.xn--tuksimaailm-ffb.ee\/ru\/\u043f\u0440\u043e\u0434\u0443\u043a\u0442\/%d1%8d%d0%bb%d0%b5%d0%ba%d1%82%d1%80%d0%b8%d1%87%d0%b5%d1%81%d0%ba%d0%b8%d0%b9-%d1%81%d0%ba%d1%83%d1%82%d0%b5%d1%80-%d0%ba%d0%be%d0%bb%d0%b5%d1%81%d0%b0-%d0%b1%d0%b0%d0%bb%d0%b0%d0%bd%d1%81%d0%b8\/\" \/>\n<meta property=\"og:site_name\" content=\"T\u00f5uksimaailm\" \/>\n<meta property=\"article:publisher\" content=\"https:\/\/www.facebook.com\/touksimaailm\/\" \/>\n<meta property=\"og:image\" content=\"https:\/\/www.xn--tuksimaailm-ffb.ee\/wp-content\/uploads\/2023\/01\/Elektritoukeratta-ratta-balansseerimise-raskused-5g.png\" \/>\n\t<meta property=\"og:image:width\" content=\"499\" \/>\n\t<meta property=\"og:image:height\" content=\"500\" \/>\n\t<meta property=\"og:image:type\" content=\"image\/png\" \/>\n<meta name=\"twitter:card\" content=\"summary_large_image\" \/>\n<meta name=\"twitter:label1\" content=\"\u0426\u0435\u043d\u0430\" \/>\n\t<meta name=\"twitter:data1\" content=\"&euro;35.00\" \/>\n\t<meta name=\"twitter:label2\" content=\"\u0414\u043e\u0441\u0442\u0443\u043f\u043d\u043e\u0441\u0442\u044c\" \/>\n\t<meta name=\"twitter:data2\" content=\"\u0412 \u043d\u0430\u043b\u0438\u0447\u0438\u0438\" \/>\n<meta property=\"product:price:amount\" content=\"35.00\" \/>\n<meta property=\"product:price:currency\" content=\"EUR\" \/>\n<meta property=\"og:availability\" content=\"instock\" \/>\n<meta property=\"product:availability\" content=\"instock\" \/>\n<meta property=\"product:condition\" content=\"new\" \/>\n<!-- \/ Yoast SEO Premium plugin. -->","yoast_head_json":{"title":"\u042d\u043b\u0435\u043a\u0442\u0440\u0438\u0447\u0435\u0441\u043a\u0438\u0439 \u0441\u043a\u0443\u0442\u0435\u0440 \u043a\u043e\u043b\u0435\u0441\u0430 \u0431\u0430\u043b\u0430\u043d\u0441\u0438\u0440\u043e\u0432\u043a\u0438 \u0433\u0440\u0443\u0437\u044b 5g &#8212; T\u00f5uksimaailm","robots":{"index":"index","follow":"follow","max-snippet":"max-snippet:-1","max-image-preview":"max-image-preview:large","max-video-preview":"max-video-preview:-1"},"canonical":"https:\/\/www.xn--tuksimaailm-ffb.ee\/ru\/\u043f\u0440\u043e\u0434\u0443\u043a\u0442\/%d1%8d%d0%bb%d0%b5%d0%ba%d1%82%d1%80%d0%b8%d1%87%d0%b5%d1%81%d0%ba%d0%b8%d0%b9-%d1%81%d0%ba%d1%83%d1%82%d0%b5%d1%80-%d0%ba%d0%be%d0%bb%d0%b5%d1%81%d0%b0-%d0%b1%d0%b0%d0%bb%d0%b0%d0%bd%d1%81%d0%b8\/","og_locale":"ru_RU","og_type":"article","og_title":"\u042d\u043b\u0435\u043a\u0442\u0440\u0438\u0447\u0435\u0441\u043a\u0438\u0439 \u0441\u043a\u0443\u0442\u0435\u0440 \u043a\u043e\u043b\u0435\u0441\u0430 \u0431\u0430\u043b\u0430\u043d\u0441\u0438\u0440\u043e\u0432\u043a\u0438 \u0433\u0440\u0443\u0437\u044b 5g","og_description":"\u0427\u0435\u0440\u043d\u0430\u044f, \u043e\u0446\u0438\u043d\u043a\u043e\u0432\u0430\u043d\u043d\u0430\u044f, \u0436\u0435\u043b\u0435\u0437\u043d\u0430\u044f \u0441\u0442\u0430\u043b\u044c","og_url":"https:\/\/www.xn--tuksimaailm-ffb.ee\/ru\/\u043f\u0440\u043e\u0434\u0443\u043a\u0442\/%d1%8d%d0%bb%d0%b5%d0%ba%d1%82%d1%80%d0%b8%d1%87%d0%b5%d1%81%d0%ba%d0%b8%d0%b9-%d1%81%d0%ba%d1%83%d1%82%d0%b5%d1%80-%d0%ba%d0%be%d0%bb%d0%b5%d1%81%d0%b0-%d0%b1%d0%b0%d0%bb%d0%b0%d0%bd%d1%81%d0%b8\/","og_site_name":"T\u00f5uksimaailm","article_publisher":"https:\/\/www.facebook.com\/touksimaailm\/","og_image":[{"width":499,"height":500,"url":"https:\/\/www.xn--tuksimaailm-ffb.ee\/wp-content\/uploads\/2023\/01\/Elektritoukeratta-ratta-balansseerimise-raskused-5g.png","type":"image\/png"}],"twitter_card":"summary_large_image","twitter_misc":{"\u0426\u0435\u043d\u0430":"&euro;35.00","\u0414\u043e\u0441\u0442\u0443\u043f\u043d\u043e\u0441\u0442\u044c":"\u0412 \u043d\u0430\u043b\u0438\u0447\u0438\u0438"},"schema":{"@context":"https:\/\/schema.org","@graph":[{"@type":"WebPage","@id":"https:\/\/www.xn--tuksimaailm-ffb.ee\/ru\/\u043f\u0440\u043e\u0434\u0443\u043a\u0442\/%d1%8d%d0%bb%d0%b5%d0%ba%d1%82%d1%80%d0%b8%d1%87%d0%b5%d1%81%d0%ba%d0%b8%d0%b9-%d1%81%d0%ba%d1%83%d1%82%d0%b5%d1%80-%d0%ba%d0%be%d0%bb%d0%b5%d1%81%d0%b0-%d0%b1%d0%b0%d0%bb%d0%b0%d0%bd%d1%81%d0%b8\/","url":"https:\/\/www.xn--tuksimaailm-ffb.ee\/ru\/\u043f\u0440\u043e\u0434\u0443\u043a\u0442\/%d1%8d%d0%bb%d0%b5%d0%ba%d1%82%d1%80%d0%b8%d1%87%d0%b5%d1%81%d0%ba%d0%b8%d0%b9-%d1%81%d0%ba%d1%83%d1%82%d0%b5%d1%80-%d0%ba%d0%be%d0%bb%d0%b5%d1%81%d0%b0-%d0%b1%d0%b0%d0%bb%d0%b0%d0%bd%d1%81%d0%b8\/","name":"\u042d\u043b\u0435\u043a\u0442\u0440\u0438\u0447\u0435\u0441\u043a\u0438\u0439 \u0441\u043a\u0443\u0442\u0435\u0440 \u043a\u043e\u043b\u0435\u0441\u0430 \u0431\u0430\u043b\u0430\u043d\u0441\u0438\u0440\u043e\u0432\u043a\u0438 \u0433\u0440\u0443\u0437\u044b 5g &#8212; T\u00f5uksimaailm","isPartOf":{"@id":"https:\/\/www.xn--tuksimaailm-ffb.ee\/ru\/#website"},"primaryImageOfPage":{"@id":"https:\/\/www.xn--tuksimaailm-ffb.ee\/ru\/\u043f\u0440\u043e\u0434\u0443\u043a\u0442\/%d1%8d%d0%bb%d0%b5%d0%ba%d1%82%d1%80%d0%b8%d1%87%d0%b5%d1%81%d0%ba%d0%b8%d0%b9-%d1%81%d0%ba%d1%83%d1%82%d0%b5%d1%80-%d0%ba%d0%be%d0%bb%d0%b5%d1%81%d0%b0-%d0%b1%d0%b0%d0%bb%d0%b0%d0%bd%d1%81%d0%b8\/#primaryimage"},"image":{"@id":"https:\/\/www.xn--tuksimaailm-ffb.ee\/ru\/\u043f\u0440\u043e\u0434\u0443\u043a\u0442\/%d1%8d%d0%bb%d0%b5%d0%ba%d1%82%d1%80%d0%b8%d1%87%d0%b5%d1%81%d0%ba%d0%b8%d0%b9-%d1%81%d0%ba%d1%83%d1%82%d0%b5%d1%80-%d0%ba%d0%be%d0%bb%d0%b5%d1%81%d0%b0-%d0%b1%d0%b0%d0%bb%d0%b0%d0%bd%d1%81%d0%b8\/#primaryimage"},"thumbnailUrl":"https:\/\/www.xn--tuksimaailm-ffb.ee\/wp-content\/uploads\/2023\/01\/Elektritoukeratta-ratta-balansseerimise-raskused-5g.png","datePublished":"2023-01-07T14:13:24+00:00","breadcrumb":{"@id":"https:\/\/www.xn--tuksimaailm-ffb.ee\/ru\/\u043f\u0440\u043e\u0434\u0443\u043a\u0442\/%d1%8d%d0%bb%d0%b5%d0%ba%d1%82%d1%80%d0%b8%d1%87%d0%b5%d1%81%d0%ba%d0%b8%d0%b9-%d1%81%d0%ba%d1%83%d1%82%d0%b5%d1%80-%d0%ba%d0%be%d0%bb%d0%b5%d1%81%d0%b0-%d0%b1%d0%b0%d0%bb%d0%b0%d0%bd%d1%81%d0%b8\/#breadcrumb"},"inLanguage":"ru-RU","potentialAction":[{"@type":"ReadAction","target":["https:\/\/www.xn--tuksimaailm-ffb.ee\/ru\/\u043f\u0440\u043e\u0434\u0443\u043a\u0442\/%d1%8d%d0%bb%d0%b5%d0%ba%d1%82%d1%80%d0%b8%d1%87%d0%b5%d1%81%d0%ba%d0%b8%d0%b9-%d1%81%d0%ba%d1%83%d1%82%d0%b5%d1%80-%d0%ba%d0%be%d0%bb%d0%b5%d1%81%d0%b0-%d0%b1%d0%b0%d0%bb%d0%b0%d0%bd%d1%81%d0%b8\/"]}]},{"@type":"ImageObject","inLanguage":"ru-RU","@id":"https:\/\/www.xn--tuksimaailm-ffb.ee\/ru\/\u043f\u0440\u043e\u0434\u0443\u043a\u0442\/%d1%8d%d0%bb%d0%b5%d0%ba%d1%82%d1%80%d0%b8%d1%87%d0%b5%d1%81%d0%ba%d0%b8%d0%b9-%d1%81%d0%ba%d1%83%d1%82%d0%b5%d1%80-%d0%ba%d0%be%d0%bb%d0%b5%d1%81%d0%b0-%d0%b1%d0%b0%d0%bb%d0%b0%d0%bd%d1%81%d0%b8\/#primaryimage","url":"https:\/\/www.xn--tuksimaailm-ffb.ee\/wp-content\/uploads\/2023\/01\/Elektritoukeratta-ratta-balansseerimise-raskused-5g.png","contentUrl":"https:\/\/www.xn--tuksimaailm-ffb.ee\/wp-content\/uploads\/2023\/01\/Elektritoukeratta-ratta-balansseerimise-raskused-5g.png","width":499,"height":500,"caption":"Elektrit\u00f5ukeratta ratta balansseerimise raskused 5g"},{"@type":"BreadcrumbList","@id":"https:\/\/www.xn--tuksimaailm-ffb.ee\/ru\/\u043f\u0440\u043e\u0434\u0443\u043a\u0442\/%d1%8d%d0%bb%d0%b5%d0%ba%d1%82%d1%80%d0%b8%d1%87%d0%b5%d1%81%d0%ba%d0%b8%d0%b9-%d1%81%d0%ba%d1%83%d1%82%d0%b5%d1%80-%d0%ba%d0%be%d0%bb%d0%b5%d1%81%d0%b0-%d0%b1%d0%b0%d0%bb%d0%b0%d0%bd%d1%81%d0%b8\/#breadcrumb","itemListElement":[{"@type":"ListItem","position":1,"name":"Home","item":"https:\/\/www.xn--tuksimaailm-ffb.ee\/ru\/frontpage\/"},{"@type":"ListItem","position":2,"name":"\u041c\u0410\u0413\u0410\u0417\u0418\u041d","item":"https:\/\/www.xn--tuksimaailm-ffb.ee\/elektritoukerataste-pood\/"},{"@type":"ListItem","position":3,"name":"\u042d\u043b\u0435\u043a\u0442\u0440\u0438\u0447\u0435\u0441\u043a\u0438\u0439 \u0441\u043a\u0443\u0442\u0435\u0440 \u043a\u043e\u043b\u0435\u0441\u0430 \u0431\u0430\u043b\u0430\u043d\u0441\u0438\u0440\u043e\u0432\u043a\u0438 \u0433\u0440\u0443\u0437\u044b 5g"}]},{"@type":"WebSite","@id":"https:\/\/www.xn--tuksimaailm-ffb.ee\/ru\/#website","url":"https:\/\/www.xn--tuksimaailm-ffb.ee\/ru\/","name":"T\u00f5uksimaailm","description":"Elektrit\u00f5ukerataste m\u00fc\u00fck, remont ja rent","publisher":{"@id":"https:\/\/www.xn--tuksimaailm-ffb.ee\/ru\/#organization"},"potentialAction":[{"@type":"SearchAction","target":{"@type":"EntryPoint","urlTemplate":"https:\/\/www.xn--tuksimaailm-ffb.ee\/ru\/?s={search_term_string}"},"query-input":{"@type":"PropertyValueSpecification","valueRequired":true,"valueName":"search_term_string"}}],"inLanguage":"ru-RU"},{"@type":"Organization","@id":"https:\/\/www.xn--tuksimaailm-ffb.ee\/ru\/#organization","name":"T\u00f5uksimaailm","url":"https:\/\/www.xn--tuksimaailm-ffb.ee\/ru\/","logo":{"@type":"ImageObject","inLanguage":"ru-RU","@id":"https:\/\/www.xn--tuksimaailm-ffb.ee\/ru\/#\/schema\/logo\/image\/","url":"https:\/\/www.xn--tuksimaailm-ffb.ee\/wp-content\/uploads\/2020\/01\/logoz-e1579792875517.png","contentUrl":"https:\/\/www.xn--tuksimaailm-ffb.ee\/wp-content\/uploads\/2020\/01\/logoz-e1579792875517.png","width":250,"height":250,"caption":"T\u00f5uksimaailm"},"image":{"@id":"https:\/\/www.xn--tuksimaailm-ffb.ee\/ru\/#\/schema\/logo\/image\/"},"sameAs":["https:\/\/www.facebook.com\/touksimaailm\/","https:\/\/www.instagram.com\/touksimaailm_\/","https:\/\/www.youtube.com\/channel\/UC18ml0EKIDLP1xGuQjFzcXQ"]}]},"product_price_amount":"35.00","product_price_currency":"EUR","og_availability":"instock","product_availability":"instock","product_condition":"new"},"jetpack_sharing_enabled":true,"_links":{"self":[{"href":"https:\/\/www.xn--tuksimaailm-ffb.ee\/ru\/wp-json\/wp\/v2\/product\/50178","targetHints":{"allow":["GET"]}}],"collection":[{"href":"https:\/\/www.xn--tuksimaailm-ffb.ee\/ru\/wp-json\/wp\/v2\/product"}],"about":[{"href":"https:\/\/www.xn--tuksimaailm-ffb.ee\/ru\/wp-json\/wp\/v2\/types\/product"}],"wp:featuredmedia":[{"embeddable":true,"href":"https:\/\/www.xn--tuksimaailm-ffb.ee\/ru\/wp-json\/wp\/v2\/media\/27085"}],"wp:attachment":[{"href":"https:\/\/www.xn--tuksimaailm-ffb.ee\/ru\/wp-json\/wp\/v2\/media?parent=50178"}],"wp:term":[{"taxonomy":"product_brand","embeddable":true,"href":"https:\/\/www.xn--tuksimaailm-ffb.ee\/ru\/wp-json\/wp\/v2\/product_brand?post=50178"},{"taxonomy":"product_cat","embeddable":true,"href":"https:\/\/www.xn--tuksimaailm-ffb.ee\/ru\/wp-json\/wp\/v2\/product_cat?post=50178"},{"taxonomy":"product_tag","embeddable":true,"href":"https:\/\/www.xn--tuksimaailm-ffb.ee\/ru\/wp-json\/wp\/v2\/product_tag?post=50178"},{"taxonomy":"filter_elektritoukeratas","embeddable":true,"href":"https:\/\/www.xn--tuksimaailm-ffb.ee\/ru\/wp-json\/wp\/v2\/filter_elektritoukeratas?post=50178"}],"curies":[{"name":"wp","href":"https:\/\/api.w.org\/{rel}","templated":true}]}}