{"id":50268,"date":"2023-01-07T15:45:22","date_gmt":"2023-01-07T12:45:22","guid":{"rendered":"http:\/\/www.xn--tuksimaailm-ffb.ee\/shop\/%d1%82%d0%b5%d1%80%d0%bc%d0%be%d0%bd%d0%b0%d1%81%d0%b0%d0%b4%d0%ba%d0%b0-%d0%b4%d0%bb%d1%8f-%d0%b0%d0%ba%d0%ba%d1%83%d0%bc%d1%83%d0%bb%d1%8f%d1%82%d0%be%d1%80%d0%be%d0%b2-%d1%82%d0%b5%d1%80%d0%bc\/"},"modified":"2023-01-07T15:45:22","modified_gmt":"2023-01-07T12:45:22","slug":"%d1%82%d0%b5%d1%80%d0%bc%d0%be%d0%bd%d0%b0%d1%81%d0%b0%d0%b4%d0%ba%d0%b0-%d0%b4%d0%bb%d1%8f-%d0%b0%d0%ba%d0%ba%d1%83%d0%bc%d1%83%d0%bb%d1%8f%d1%82%d0%be%d1%80%d0%be%d0%b2-%d1%82%d0%b5%d1%80%d0%bc","status":"publish","type":"product","link":"https:\/\/www.xn--tuksimaailm-ffb.ee\/ru\/\u043f\u0440\u043e\u0434\u0443\u043a\u0442\/%d1%82%d0%b5%d1%80%d0%bc%d0%be%d0%bd%d0%b0%d1%81%d0%b0%d0%b4%d0%ba%d0%b0-%d0%b4%d0%bb%d1%8f-%d0%b0%d0%ba%d0%ba%d1%83%d0%bc%d1%83%d0%bb%d1%8f%d1%82%d0%be%d1%80%d0%be%d0%b2-%d1%82%d0%b5%d1%80%d0%bc\/","title":{"rendered":"\u0422\u0435\u0440\u043c\u043e\u043d\u0430\u0441\u0430\u0434\u043a\u0430 \u0434\u043b\u044f \u0430\u043a\u043a\u0443\u043c\u0443\u043b\u044f\u0442\u043e\u0440\u043e\u0432 \u0422\u0435\u0440\u043c\u043e\u0443\u0441\u0430\u0434\u043e\u0447\u043d\u0430\u044f \u043e\u0431\u043e\u043b\u043e\u0447\u043a\u0430 \u0434\u043b\u044f \u0430\u043a\u043a\u0443\u043c\u0443\u043b\u044f\u0442\u043e\u0440\u043e\u0432"},"content":{"rendered":"<p>\u0422\u0435\u0440\u043c\u043e\u0443\u0441\u0430\u0434\u043e\u0447\u043d\u044b\u0439 \u0440\u0443\u043a\u0430\u0432 \u0434\u043b\u044f \u0430\u043a\u043a\u0443\u043c\u0443\u043b\u044f\u0442\u043e\u0440\u043e\u0432 \/ \u0437\u0430\u0449\u0438\u0442\u043d\u0430\u044f \u043f\u043b\u0435\u043d\u043a\u0430 \u0434\u043b\u044f \u0430\u043a\u043a\u0443\u043c\u0443\u043b\u044f\u0442\u043e\u0440\u043e\u0432, \u0448\u0438\u0440\u0438\u043d\u0430 130-350 \u043c\u043c. \u0427\u0435\u0440\u043d\u044b\u0439 \u0446\u0432\u0435\u0442, \u043a\u043e\u043b\u0438\u0447\u0435\u0441\u0442\u0432\u043e \u0432 \u043c\u0435\u0442\u0440\u0430\u0445.<\/p>\n","protected":false},"excerpt":{"rendered":"<p>\u00a0\u0422\u0435\u0440\u043c\u043e\u0441\u0435\u0440\u0430\u044f \u043c\u0430\u043d\u0442\u0438\u044f \u0447\u0435\u0440\u043d\u043e\u0433\u043e \u0446\u0432\u0435\u0442\u0430, \u0446\u0435\u043d\u0430 \u0437\u0430 1 \u043c.<\/p>\n<p>\u00a0<\/p>\n","protected":false},"featured_media":26888,"template":"","meta":[],"product_brand":[],"product_cat":[757],"product_tag":[],"filter_elektritoukeratas":[2685,2689,2688,2686,2687,2730,2733,2732,2736,2734,2735,2610,2737,2700,2707,2705,2704,2701,2703,2706,2702,2696,2697,2698,2699,2708,2711,2709,2714,2715,2712,2713,2716,2719,2718,2721,2720,2717,2722,2723,2726,2725,2727,2724,2728,2605,2681,2678,2679,2680,2671,2672,2670,2669,2673,2674,2675,2676,2668,2677,2649,2650,2651,2682,2683,2684,2609,2731,2729,2738,2740,2741,2739,2743,2742,2744,2626,2639,2636,2635,2640,2641,2644,2638,2637,2643,2642,2752,2753,2754,2755,2756,2690,2694,2695,2693,2691,2692,2601,2646,2602,2645,2648,2647,2607,2613,2619,2622,2612,2745,2748,2750,2751,2746,2749,2747],"class_list":{"0":"post-50268","1":"product","2":"type-product","3":"status-publish","4":"has-post-thumbnail","6":"product_cat-757","7":"pa_tootetuup-universaalsed-elektritoukeratta-varuosad-ru","8":"filter_elektritoukeratas-ft_blaupunkt","9":"filter_elektritoukeratas-ft_blaupunkt_erl814","10":"filter_elektritoukeratas-ft_blaupunkt_esc608","11":"filter_elektritoukeratas-ft_blaupunkt_esc808","12":"filter_elektritoukeratas-ft_blaupunkt_esc910","13":"filter_elektritoukeratas-ft_dualtron_eagle","14":"filter_elektritoukeratas-ft_dualtron_mini","15":"filter_elektritoukeratas-ft_dualtron_spider","16":"filter_elektritoukeratas-ft_dualtron_storm","17":"filter_elektritoukeratas-ft_dualtron_thunder","18":"filter_elektritoukeratas-ft_dualtron_ultra","19":"filter_elektritoukeratas-ft_dualtron_victor","20":"filter_elektritoukeratas-ft_dualtron_x_x2","21":"filter_elektritoukeratas-ft_gpad","22":"filter_elektritoukeratas-ft_gpad_f3_max","23":"filter_elektritoukeratas-ft_gpad_foxen","24":"filter_elektritoukeratas-ft_gpad_joyride","25":"filter_elektritoukeratas-ft_gpad_lite_lite_max","26":"filter_elektritoukeratas-ft_gpad_retro","27":"filter_elektritoukeratas-ft_gpad_storm","28":"filter_elektritoukeratas-ft_gpad_svan","29":"filter_elektritoukeratas-ft_hx","30":"filter_elektritoukeratas-ft_hx_x7","31":"filter_elektritoukeratas-ft_hx_x8","32":"filter_elektritoukeratas-ft_hx_x9_max_x9_plus","33":"filter_elektritoukeratas-ft_inokim","34":"filter_elektritoukeratas-ft_inokim_light_2_max_super","35":"filter_elektritoukeratas-ft_inokim_light_hero_2_hero","36":"filter_elektritoukeratas-ft_inokim_ox_eco_hero_super","37":"filter_elektritoukeratas-ft_inokim_oxo","38":"filter_elektritoukeratas-ft_inokim_quick_3_hero_super","39":"filter_elektritoukeratas-ft_inokim_quick_4_hero_super","40":"filter_elektritoukeratas-ft_joyor","41":"filter_elektritoukeratas-ft_joyor_a1_a3_a5","42":"filter_elektritoukeratas-ft_joyor_f1_f3_f5s","43":"filter_elektritoukeratas-ft_joyor_g5_g5s","44":"filter_elektritoukeratas-ft_joyor_s5_s10-s_s_pro","45":"filter_elektritoukeratas-ft_joyor_x1_x5s","46":"filter_elektritoukeratas-ft_joyor_y10_y6_s_y5s","47":"filter_elektritoukeratas-ft_kaabo","48":"filter_elektritoukeratas-ft_kaabo_mantis_10","49":"filter_elektritoukeratas-ft_kaabo_mantis_8","50":"filter_elektritoukeratas-ft_kaabo_mantis_king_gt","51":"filter_elektritoukeratas-ft_kaabo_skywalker","52":"filter_elektritoukeratas-ft_kaabo_wolf","53":"filter_elektritoukeratas-ft_kugoo_kukirin","54":"filter_elektritoukeratas-ft_kugoo_c1_c1_pro","55":"filter_elektritoukeratas-ft_kugoo_g_booster","56":"filter_elektritoukeratas-ft_kugoo_g1","57":"filter_elektritoukeratas-ft_kugoo_g1_pro","58":"filter_elektritoukeratas-ft_kugoo_g2","59":"filter_elektritoukeratas-ft_kugoo_g2_master","60":"filter_elektritoukeratas-ft_kugoo_g2_max","61":"filter_elektritoukeratas-ft_kugoo_g2_pro","62":"filter_elektritoukeratas-ft_kugoo_g3","63":"filter_elektritoukeratas-ft_kugoo_g3_pro","64":"filter_elektritoukeratas-ft_kugoo_g4","65":"filter_elektritoukeratas-ft_kugoo_g4_max","66":"filter_elektritoukeratas-ft_kugoo_m4_m4_pro","67":"filter_elektritoukeratas-ft_kugoo_m5_pro","68":"filter_elektritoukeratas-ft_kugoo_s1_s1_plus_s1_pro_s1_max","69":"filter_elektritoukeratas-ft_kugoo_s2_s2_pro","70":"filter_elektritoukeratas-ft_kugoo_s3_s3_plus_s3_pro","71":"filter_elektritoukeratas-ft_kugoo_v1_v1_pro","72":"filter_elektritoukeratas-ft_kugoo_v2","73":"filter_elektritoukeratas-ft_kugoo_v3","74":"filter_elektritoukeratas-ft_-minimotors_dualtron","75":"filter_elektritoukeratas-ft_minimotors_speedway_4_5","76":"filter_elektritoukeratas-ft_minimotors_speedway_leger","77":"filter_elektritoukeratas-ft_nanrobot","78":"filter_elektritoukeratas-ft_nanrobot_d4_plus","79":"filter_elektritoukeratas-ft_nanrobot_d6_plus","80":"filter_elektritoukeratas-ft_nanrobot_lightning","81":"filter_elektritoukeratas-ft_nanrobot_ls7plus","82":"filter_elektritoukeratas-ft_nanrobot_n6","83":"filter_elektritoukeratas-ft_nanrobot_x_spark","84":"filter_elektritoukeratas-ft_segway","85":"filter_elektritoukeratas-ft_segway_ninebot_d18e_d28e_d38e","86":"filter_elektritoukeratas-ft_segway_ninebot_e22e_e35e_e45e","87":"filter_elektritoukeratas-ft_segway_ninebot_es1_es2_es4","88":"filter_elektritoukeratas-ft_segway_ninebot_f20d_f25e_ii_f30d_f40d_f40d_ii","89":"filter_elektritoukeratas-ft_segway_ninebot_f65_f65i","90":"filter_elektritoukeratas-ft_segway_ninebot_gt1e_gt1d_gt2p","91":"filter_elektritoukeratas-ft_segway_ninebot_max_g2e_g65","92":"filter_elektritoukeratas-ft_segway_ninebot_max_g30p_g30le_g30e_ii_g30lp_ii","93":"filter_elektritoukeratas-ft_segway_ninebot_p100s_p100se","94":"filter_elektritoukeratas-ft_segway_ninebot_p65e_p65i","95":"filter_elektritoukeratas-ft_techlife","96":"filter_elektritoukeratas-ft_techlife_x5_x5s","97":"filter_elektritoukeratas-ft_techlife_x6","98":"filter_elektritoukeratas-ft_techlife_x7_x7_lite_x7s","99":"filter_elektritoukeratas-ft_techlife_x8_x8s","100":"filter_elektritoukeratas-ft_velt","101":"filter_elektritoukeratas-ft_velt_smart_eco","102":"filter_elektritoukeratas-ft_velt_smart_pro","103":"filter_elektritoukeratas-ft_velt_smart_x7","104":"filter_elektritoukeratas-ft_velt_smart_x8","105":"filter_elektritoukeratas-ft_velt_smart_x8_pro","106":"filter_elektritoukeratas-ft_vsett","107":"filter_elektritoukeratas-ft_vsett_10_plus","108":"filter_elektritoukeratas-ft_vsett_11_plus","109":"filter_elektritoukeratas-ft_vsett_11_plus_super","110":"filter_elektritoukeratas-ft_vsett_8_8_plus","111":"filter_elektritoukeratas-ft_vsett_9_9_plus","112":"filter_elektritoukeratas-ft_xiaomi","113":"filter_elektritoukeratas-ft_xiaomi_1s_mi3_pro_2_3_lite","114":"filter_elektritoukeratas-ft_xiaomi_4_4_lite_4_pro","115":"filter_elektritoukeratas-ft_xiaomi_4_ultra","116":"filter_elektritoukeratas-ft_xiaomi_m365_m365_pro_essential","117":"filter_elektritoukeratas-ft_zero","118":"filter_elektritoukeratas-ft_zero_10","119":"filter_elektritoukeratas-ft_zero_10x","120":"filter_elektritoukeratas-ft_zero_11x","121":"filter_elektritoukeratas-ft_zero_8","122":"filter_elektritoukeratas-ft_zero_8x_compact","123":"filter_elektritoukeratas-ft_zero_9","125":"first","126":"instock","127":"taxable","128":"shipping-taxable","129":"purchasable","130":"product-type-variable"},"yoast_head":"<!-- This site is optimized with the Yoast SEO Premium plugin v26.8 (Yoast SEO v27.5) - https:\/\/yoast.com\/product\/yoast-seo-premium-wordpress\/ -->\n<title>\u0422\u0435\u0440\u043c\u043e\u043d\u0430\u0441\u0430\u0434\u043a\u0430 \u0434\u043b\u044f \u0430\u043a\u043a\u0443\u043c\u0443\u043b\u044f\u0442\u043e\u0440\u043e\u0432 \u0422\u0435\u0440\u043c\u043e\u0443\u0441\u0430\u0434\u043e\u0447\u043d\u0430\u044f \u043e\u0431\u043e\u043b\u043e\u0447\u043a\u0430 \u0434\u043b\u044f \u0430\u043a\u043a\u0443\u043c\u0443\u043b\u044f\u0442\u043e\u0440\u043e\u0432 &#8212; T\u00f5uksimaailm<\/title>\n<meta name=\"robots\" content=\"index, follow, max-snippet:-1, max-image-preview:large, max-video-preview:-1\" \/>\n<link rel=\"canonical\" href=\"https:\/\/www.xn--tuksimaailm-ffb.ee\/ru\/\u043f\u0440\u043e\u0434\u0443\u043a\u0442\/%d1%82%d0%b5%d1%80%d0%bc%d0%be%d0%bd%d0%b0%d1%81%d0%b0%d0%b4%d0%ba%d0%b0-%d0%b4%d0%bb%d1%8f-%d0%b0%d0%ba%d0%ba%d1%83%d0%bc%d1%83%d0%bb%d1%8f%d1%82%d0%be%d1%80%d0%be%d0%b2-%d1%82%d0%b5%d1%80%d0%bc\/\" \/>\n<meta property=\"og:locale\" content=\"ru_RU\" \/>\n<meta property=\"og:type\" content=\"article\" \/>\n<meta property=\"og:title\" content=\"\u0422\u0435\u0440\u043c\u043e\u043d\u0430\u0441\u0430\u0434\u043a\u0430 \u0434\u043b\u044f \u0430\u043a\u043a\u0443\u043c\u0443\u043b\u044f\u0442\u043e\u0440\u043e\u0432 \u0422\u0435\u0440\u043c\u043e\u0443\u0441\u0430\u0434\u043e\u0447\u043d\u0430\u044f \u043e\u0431\u043e\u043b\u043e\u0447\u043a\u0430 \u0434\u043b\u044f \u0430\u043a\u043a\u0443\u043c\u0443\u043b\u044f\u0442\u043e\u0440\u043e\u0432\" \/>\n<meta property=\"og:description\" content=\"\u00a0\u0422\u0435\u0440\u043c\u043e\u0441\u0435\u0440\u0430\u044f \u043c\u0430\u043d\u0442\u0438\u044f \u0447\u0435\u0440\u043d\u043e\u0433\u043e \u0446\u0432\u0435\u0442\u0430, \u0446\u0435\u043d\u0430 \u0437\u0430 1 \u043c.\u00a0\" \/>\n<meta property=\"og:url\" content=\"https:\/\/www.xn--tuksimaailm-ffb.ee\/ru\/\u043f\u0440\u043e\u0434\u0443\u043a\u0442\/%d1%82%d0%b5%d1%80%d0%bc%d0%be%d0%bd%d0%b0%d1%81%d0%b0%d0%b4%d0%ba%d0%b0-%d0%b4%d0%bb%d1%8f-%d0%b0%d0%ba%d0%ba%d1%83%d0%bc%d1%83%d0%bb%d1%8f%d1%82%d0%be%d1%80%d0%be%d0%b2-%d1%82%d0%b5%d1%80%d0%bc\/\" \/>\n<meta property=\"og:site_name\" content=\"T\u00f5uksimaailm\" \/>\n<meta property=\"article:publisher\" content=\"https:\/\/www.facebook.com\/touksimaailm\/\" \/>\n<meta property=\"og:image\" content=\"https:\/\/www.XN--TUKSIMAAILM-FFB.EE\/wp-content\/uploads\/2023\/01\/Aku-termoruus-termokahanev-ruu-kest-akudele.png\" \/>\n\t<meta property=\"og:image:width\" content=\"1034\" \/>\n\t<meta property=\"og:image:height\" content=\"852\" \/>\n\t<meta property=\"og:image:type\" content=\"image\/png\" \/>\n<meta name=\"twitter:card\" content=\"summary_large_image\" \/>\n<meta name=\"twitter:label1\" content=\"\u0414\u043e\u0441\u0442\u0443\u043f\u043d\u043e\u0441\u0442\u044c\" \/>\n\t<meta name=\"twitter:data1\" content=\"\u0412 \u043d\u0430\u043b\u0438\u0447\u0438\u0438\" \/>\n<meta property=\"og:availability\" content=\"instock\" \/>\n<meta property=\"product:availability\" content=\"instock\" \/>\n<meta property=\"product:condition\" content=\"new\" \/>\n<!-- \/ Yoast SEO Premium plugin. -->","yoast_head_json":{"title":"\u0422\u0435\u0440\u043c\u043e\u043d\u0430\u0441\u0430\u0434\u043a\u0430 \u0434\u043b\u044f \u0430\u043a\u043a\u0443\u043c\u0443\u043b\u044f\u0442\u043e\u0440\u043e\u0432 \u0422\u0435\u0440\u043c\u043e\u0443\u0441\u0430\u0434\u043e\u0447\u043d\u0430\u044f \u043e\u0431\u043e\u043b\u043e\u0447\u043a\u0430 \u0434\u043b\u044f \u0430\u043a\u043a\u0443\u043c\u0443\u043b\u044f\u0442\u043e\u0440\u043e\u0432 &#8212; T\u00f5uksimaailm","robots":{"index":"index","follow":"follow","max-snippet":"max-snippet:-1","max-image-preview":"max-image-preview:large","max-video-preview":"max-video-preview:-1"},"canonical":"https:\/\/www.xn--tuksimaailm-ffb.ee\/ru\/\u043f\u0440\u043e\u0434\u0443\u043a\u0442\/%d1%82%d0%b5%d1%80%d0%bc%d0%be%d0%bd%d0%b0%d1%81%d0%b0%d0%b4%d0%ba%d0%b0-%d0%b4%d0%bb%d1%8f-%d0%b0%d0%ba%d0%ba%d1%83%d0%bc%d1%83%d0%bb%d1%8f%d1%82%d0%be%d1%80%d0%be%d0%b2-%d1%82%d0%b5%d1%80%d0%bc\/","og_locale":"ru_RU","og_type":"article","og_title":"\u0422\u0435\u0440\u043c\u043e\u043d\u0430\u0441\u0430\u0434\u043a\u0430 \u0434\u043b\u044f \u0430\u043a\u043a\u0443\u043c\u0443\u043b\u044f\u0442\u043e\u0440\u043e\u0432 \u0422\u0435\u0440\u043c\u043e\u0443\u0441\u0430\u0434\u043e\u0447\u043d\u0430\u044f \u043e\u0431\u043e\u043b\u043e\u0447\u043a\u0430 \u0434\u043b\u044f \u0430\u043a\u043a\u0443\u043c\u0443\u043b\u044f\u0442\u043e\u0440\u043e\u0432","og_description":"\u00a0\u0422\u0435\u0440\u043c\u043e\u0441\u0435\u0440\u0430\u044f \u043c\u0430\u043d\u0442\u0438\u044f \u0447\u0435\u0440\u043d\u043e\u0433\u043e \u0446\u0432\u0435\u0442\u0430, \u0446\u0435\u043d\u0430 \u0437\u0430 1 \u043c.\u00a0","og_url":"https:\/\/www.xn--tuksimaailm-ffb.ee\/ru\/\u043f\u0440\u043e\u0434\u0443\u043a\u0442\/%d1%82%d0%b5%d1%80%d0%bc%d0%be%d0%bd%d0%b0%d1%81%d0%b0%d0%b4%d0%ba%d0%b0-%d0%b4%d0%bb%d1%8f-%d0%b0%d0%ba%d0%ba%d1%83%d0%bc%d1%83%d0%bb%d1%8f%d1%82%d0%be%d1%80%d0%be%d0%b2-%d1%82%d0%b5%d1%80%d0%bc\/","og_site_name":"T\u00f5uksimaailm","article_publisher":"https:\/\/www.facebook.com\/touksimaailm\/","og_image":[{"width":1034,"height":852,"url":"https:\/\/www.XN--TUKSIMAAILM-FFB.EE\/wp-content\/uploads\/2023\/01\/Aku-termoruus-termokahanev-ruu-kest-akudele.png","type":"image\/png"}],"twitter_card":"summary_large_image","twitter_misc":{"\u0414\u043e\u0441\u0442\u0443\u043f\u043d\u043e\u0441\u0442\u044c":"\u0412 \u043d\u0430\u043b\u0438\u0447\u0438\u0438"},"schema":{"@context":"https:\/\/schema.org","@graph":[{"@type":"WebPage","@id":"https:\/\/www.xn--tuksimaailm-ffb.ee\/ru\/\u043f\u0440\u043e\u0434\u0443\u043a\u0442\/%d1%82%d0%b5%d1%80%d0%bc%d0%be%d0%bd%d0%b0%d1%81%d0%b0%d0%b4%d0%ba%d0%b0-%d0%b4%d0%bb%d1%8f-%d0%b0%d0%ba%d0%ba%d1%83%d0%bc%d1%83%d0%bb%d1%8f%d1%82%d0%be%d1%80%d0%be%d0%b2-%d1%82%d0%b5%d1%80%d0%bc\/","url":"https:\/\/www.xn--tuksimaailm-ffb.ee\/ru\/\u043f\u0440\u043e\u0434\u0443\u043a\u0442\/%d1%82%d0%b5%d1%80%d0%bc%d0%be%d0%bd%d0%b0%d1%81%d0%b0%d0%b4%d0%ba%d0%b0-%d0%b4%d0%bb%d1%8f-%d0%b0%d0%ba%d0%ba%d1%83%d0%bc%d1%83%d0%bb%d1%8f%d1%82%d0%be%d1%80%d0%be%d0%b2-%d1%82%d0%b5%d1%80%d0%bc\/","name":"\u0422\u0435\u0440\u043c\u043e\u043d\u0430\u0441\u0430\u0434\u043a\u0430 \u0434\u043b\u044f \u0430\u043a\u043a\u0443\u043c\u0443\u043b\u044f\u0442\u043e\u0440\u043e\u0432 \u0422\u0435\u0440\u043c\u043e\u0443\u0441\u0430\u0434\u043e\u0447\u043d\u0430\u044f \u043e\u0431\u043e\u043b\u043e\u0447\u043a\u0430 \u0434\u043b\u044f \u0430\u043a\u043a\u0443\u043c\u0443\u043b\u044f\u0442\u043e\u0440\u043e\u0432 &#8212; T\u00f5uksimaailm","isPartOf":{"@id":"https:\/\/www.xn--tuksimaailm-ffb.ee\/ru\/#website"},"primaryImageOfPage":{"@id":"https:\/\/www.xn--tuksimaailm-ffb.ee\/ru\/\u043f\u0440\u043e\u0434\u0443\u043a\u0442\/%d1%82%d0%b5%d1%80%d0%bc%d0%be%d0%bd%d0%b0%d1%81%d0%b0%d0%b4%d0%ba%d0%b0-%d0%b4%d0%bb%d1%8f-%d0%b0%d0%ba%d0%ba%d1%83%d0%bc%d1%83%d0%bb%d1%8f%d1%82%d0%be%d1%80%d0%be%d0%b2-%d1%82%d0%b5%d1%80%d0%bc\/#primaryimage"},"image":{"@id":"https:\/\/www.xn--tuksimaailm-ffb.ee\/ru\/\u043f\u0440\u043e\u0434\u0443\u043a\u0442\/%d1%82%d0%b5%d1%80%d0%bc%d0%be%d0%bd%d0%b0%d1%81%d0%b0%d0%b4%d0%ba%d0%b0-%d0%b4%d0%bb%d1%8f-%d0%b0%d0%ba%d0%ba%d1%83%d0%bc%d1%83%d0%bb%d1%8f%d1%82%d0%be%d1%80%d0%be%d0%b2-%d1%82%d0%b5%d1%80%d0%bc\/#primaryimage"},"thumbnailUrl":"https:\/\/www.xn--tuksimaailm-ffb.ee\/wp-content\/uploads\/2023\/01\/Aku-termoruus-termokahanev-ruu-kest-akudele.png","datePublished":"2023-01-07T12:45:22+00:00","breadcrumb":{"@id":"https:\/\/www.xn--tuksimaailm-ffb.ee\/ru\/\u043f\u0440\u043e\u0434\u0443\u043a\u0442\/%d1%82%d0%b5%d1%80%d0%bc%d0%be%d0%bd%d0%b0%d1%81%d0%b0%d0%b4%d0%ba%d0%b0-%d0%b4%d0%bb%d1%8f-%d0%b0%d0%ba%d0%ba%d1%83%d0%bc%d1%83%d0%bb%d1%8f%d1%82%d0%be%d1%80%d0%be%d0%b2-%d1%82%d0%b5%d1%80%d0%bc\/#breadcrumb"},"inLanguage":"ru-RU","potentialAction":[{"@type":"ReadAction","target":["https:\/\/www.xn--tuksimaailm-ffb.ee\/ru\/\u043f\u0440\u043e\u0434\u0443\u043a\u0442\/%d1%82%d0%b5%d1%80%d0%bc%d0%be%d0%bd%d0%b0%d1%81%d0%b0%d0%b4%d0%ba%d0%b0-%d0%b4%d0%bb%d1%8f-%d0%b0%d0%ba%d0%ba%d1%83%d0%bc%d1%83%d0%bb%d1%8f%d1%82%d0%be%d1%80%d0%be%d0%b2-%d1%82%d0%b5%d1%80%d0%bc\/"]}]},{"@type":"ImageObject","inLanguage":"ru-RU","@id":"https:\/\/www.xn--tuksimaailm-ffb.ee\/ru\/\u043f\u0440\u043e\u0434\u0443\u043a\u0442\/%d1%82%d0%b5%d1%80%d0%bc%d0%be%d0%bd%d0%b0%d1%81%d0%b0%d0%b4%d0%ba%d0%b0-%d0%b4%d0%bb%d1%8f-%d0%b0%d0%ba%d0%ba%d1%83%d0%bc%d1%83%d0%bb%d1%8f%d1%82%d0%be%d1%80%d0%be%d0%b2-%d1%82%d0%b5%d1%80%d0%bc\/#primaryimage","url":"https:\/\/www.xn--tuksimaailm-ffb.ee\/wp-content\/uploads\/2023\/01\/Aku-termoruus-termokahanev-ruu-kest-akudele.png","contentUrl":"https:\/\/www.xn--tuksimaailm-ffb.ee\/wp-content\/uploads\/2023\/01\/Aku-termoruus-termokahanev-ruu-kest-akudele.png","width":1034,"height":852,"caption":"Aku termor\u00fc\u00fcs termokahanev r\u00fc\u00fc kest akudele"},{"@type":"BreadcrumbList","@id":"https:\/\/www.xn--tuksimaailm-ffb.ee\/ru\/\u043f\u0440\u043e\u0434\u0443\u043a\u0442\/%d1%82%d0%b5%d1%80%d0%bc%d0%be%d0%bd%d0%b0%d1%81%d0%b0%d0%b4%d0%ba%d0%b0-%d0%b4%d0%bb%d1%8f-%d0%b0%d0%ba%d0%ba%d1%83%d0%bc%d1%83%d0%bb%d1%8f%d1%82%d0%be%d1%80%d0%be%d0%b2-%d1%82%d0%b5%d1%80%d0%bc\/#breadcrumb","itemListElement":[{"@type":"ListItem","position":1,"name":"Home","item":"https:\/\/www.xn--tuksimaailm-ffb.ee\/ru\/frontpage\/"},{"@type":"ListItem","position":2,"name":"\u041c\u0410\u0413\u0410\u0417\u0418\u041d","item":"https:\/\/www.xn--tuksimaailm-ffb.ee\/elektritoukerataste-pood\/"},{"@type":"ListItem","position":3,"name":"\u0422\u0435\u0440\u043c\u043e\u043d\u0430\u0441\u0430\u0434\u043a\u0430 \u0434\u043b\u044f \u0430\u043a\u043a\u0443\u043c\u0443\u043b\u044f\u0442\u043e\u0440\u043e\u0432 \u0422\u0435\u0440\u043c\u043e\u0443\u0441\u0430\u0434\u043e\u0447\u043d\u0430\u044f \u043e\u0431\u043e\u043b\u043e\u0447\u043a\u0430 \u0434\u043b\u044f \u0430\u043a\u043a\u0443\u043c\u0443\u043b\u044f\u0442\u043e\u0440\u043e\u0432"}]},{"@type":"WebSite","@id":"https:\/\/www.xn--tuksimaailm-ffb.ee\/ru\/#website","url":"https:\/\/www.xn--tuksimaailm-ffb.ee\/ru\/","name":"T\u00f5uksimaailm","description":"Elektrit\u00f5ukerataste m\u00fc\u00fck, remont ja rent","publisher":{"@id":"https:\/\/www.xn--tuksimaailm-ffb.ee\/ru\/#organization"},"potentialAction":[{"@type":"SearchAction","target":{"@type":"EntryPoint","urlTemplate":"https:\/\/www.xn--tuksimaailm-ffb.ee\/ru\/?s={search_term_string}"},"query-input":{"@type":"PropertyValueSpecification","valueRequired":true,"valueName":"search_term_string"}}],"inLanguage":"ru-RU"},{"@type":"Organization","@id":"https:\/\/www.xn--tuksimaailm-ffb.ee\/ru\/#organization","name":"T\u00f5uksimaailm","url":"https:\/\/www.xn--tuksimaailm-ffb.ee\/ru\/","logo":{"@type":"ImageObject","inLanguage":"ru-RU","@id":"https:\/\/www.xn--tuksimaailm-ffb.ee\/ru\/#\/schema\/logo\/image\/","url":"https:\/\/www.xn--tuksimaailm-ffb.ee\/wp-content\/uploads\/2020\/01\/logoz-e1579792875517.png","contentUrl":"https:\/\/www.xn--tuksimaailm-ffb.ee\/wp-content\/uploads\/2020\/01\/logoz-e1579792875517.png","width":250,"height":250,"caption":"T\u00f5uksimaailm"},"image":{"@id":"https:\/\/www.xn--tuksimaailm-ffb.ee\/ru\/#\/schema\/logo\/image\/"},"sameAs":["https:\/\/www.facebook.com\/touksimaailm\/","https:\/\/www.instagram.com\/touksimaailm_\/","https:\/\/www.youtube.com\/channel\/UC18ml0EKIDLP1xGuQjFzcXQ"]}]},"og_availability":"instock","product_availability":"instock","product_condition":"new"},"jetpack_sharing_enabled":true,"_links":{"self":[{"href":"https:\/\/www.xn--tuksimaailm-ffb.ee\/ru\/wp-json\/wp\/v2\/product\/50268","targetHints":{"allow":["GET"]}}],"collection":[{"href":"https:\/\/www.xn--tuksimaailm-ffb.ee\/ru\/wp-json\/wp\/v2\/product"}],"about":[{"href":"https:\/\/www.xn--tuksimaailm-ffb.ee\/ru\/wp-json\/wp\/v2\/types\/product"}],"wp:featuredmedia":[{"embeddable":true,"href":"https:\/\/www.xn--tuksimaailm-ffb.ee\/ru\/wp-json\/wp\/v2\/media\/26888"}],"wp:attachment":[{"href":"https:\/\/www.xn--tuksimaailm-ffb.ee\/ru\/wp-json\/wp\/v2\/media?parent=50268"}],"wp:term":[{"taxonomy":"product_brand","embeddable":true,"href":"https:\/\/www.xn--tuksimaailm-ffb.ee\/ru\/wp-json\/wp\/v2\/product_brand?post=50268"},{"taxonomy":"product_cat","embeddable":true,"href":"https:\/\/www.xn--tuksimaailm-ffb.ee\/ru\/wp-json\/wp\/v2\/product_cat?post=50268"},{"taxonomy":"product_tag","embeddable":true,"href":"https:\/\/www.xn--tuksimaailm-ffb.ee\/ru\/wp-json\/wp\/v2\/product_tag?post=50268"},{"taxonomy":"filter_elektritoukeratas","embeddable":true,"href":"https:\/\/www.xn--tuksimaailm-ffb.ee\/ru\/wp-json\/wp\/v2\/filter_elektritoukeratas?post=50268"}],"curies":[{"name":"wp","href":"https:\/\/api.w.org\/{rel}","templated":true}]}}