{"id":50430,"date":"2023-01-06T19:28:30","date_gmt":"2023-01-06T16:28:30","guid":{"rendered":"http:\/\/www.xn--tuksimaailm-ffb.ee\/shop\/%d0%bc%d0%be%d0%b4%d1%83%d0%bb%d1%8c-%d1%83%d0%bf%d1%80%d0%b0%d0%b2%d0%bb%d0%b5%d0%bd%d0%b8%d1%8f-%d0%bc%d0%b0%d1%82%d0%b5%d1%80%d0%b8%d0%bd%d1%81%d0%ba%d0%be%d0%b9-%d0%bf%d0%bb%d0%b0%d1%82%d0%be\/"},"modified":"2024-11-20T15:56:15","modified_gmt":"2024-11-20T12:56:15","slug":"%d0%bc%d0%be%d0%b4%d1%83%d0%bb%d1%8c-%d1%83%d0%bf%d1%80%d0%b0%d0%b2%d0%bb%d0%b5%d0%bd%d0%b8%d1%8f-%d0%bc%d0%b0%d1%82%d0%b5%d1%80%d0%b8%d0%bd%d1%81%d0%ba%d0%be%d0%b9-%d0%bf%d0%bb%d0%b0%d1%82%d0%be","status":"publish","type":"product","link":"https:\/\/www.xn--tuksimaailm-ffb.ee\/ru\/\u043f\u0440\u043e\u0434\u0443\u043a\u0442\/%d0%bc%d0%be%d0%b4%d1%83%d0%bb%d1%8c-%d1%83%d0%bf%d1%80%d0%b0%d0%b2%d0%bb%d0%b5%d0%bd%d0%b8%d1%8f-%d0%bc%d0%b0%d1%82%d0%b5%d1%80%d0%b8%d0%bd%d1%81%d0%ba%d0%be%d0%b9-%d0%bf%d0%bb%d0%b0%d1%82%d0%be\/","title":{"rendered":"\u041c\u043e\u0434\u0443\u043b\u044c \u0443\u043f\u0440\u0430\u0432\u043b\u0435\u043d\u0438\u044f \u043c\u0430\u0442\u0435\u0440\u0438\u043d\u0441\u043a\u043e\u0439 \u043f\u043b\u0430\u0442\u043e\u0439 \u043a\u043e\u043d\u0442\u0440\u043e\u043b\u043b\u0435\u0440\u0430 Blaupunkt ERL814"},"content":{"rendered":"<p>\u041a\u043e\u043d\u0442\u0440\u043e\u043b\u043b\u0435\u0440 \/ \u043c\u0430\u0442\u0435\u0440\u0438\u043d\u0441\u043a\u0430\u044f \u043f\u043b\u0430\u0442\u0430 \/ \u043c\u043e\u0434\u0443\u043b\u044c \u0443\u043f\u0440\u0430\u0432\u043b\u0435\u043d\u0438\u044f, \u043f\u043e\u0434\u0445\u043e\u0434\u0438\u0442 \u0434\u043b\u044f \u044d\u043b\u0435\u043a\u0442\u0440\u043e\u0441\u043a\u0443\u0442\u0435\u0440\u0430 Blaupunkt ERL814.<\/p>\n","protected":false},"excerpt":{"rendered":"<p><br data-mce-bogus=\"1\"><\/p>\n","protected":false},"featured_media":26706,"template":"","meta":[],"product_brand":[],"product_cat":[757],"product_tag":[],"filter_elektritoukeratas":[2689],"class_list":{"0":"post-50430","1":"product","2":"type-product","3":"status-publish","4":"has-post-thumbnail","6":"product_cat-757","7":"filter_elektritoukeratas-ft_blaupunkt_erl814","9":"first","10":"instock","11":"taxable","12":"shipping-taxable","13":"purchasable","14":"product-type-simple"},"yoast_head":"<!-- This site is optimized with the Yoast SEO Premium plugin v26.8 (Yoast SEO v27.3) - https:\/\/yoast.com\/product\/yoast-seo-premium-wordpress\/ -->\n<title>\u041c\u043e\u0434\u0443\u043b\u044c \u0443\u043f\u0440\u0430\u0432\u043b\u0435\u043d\u0438\u044f \u043c\u0430\u0442\u0435\u0440\u0438\u043d\u0441\u043a\u043e\u0439 \u043f\u043b\u0430\u0442\u043e\u0439 \u043a\u043e\u043d\u0442\u0440\u043e\u043b\u043b\u0435\u0440\u0430 Blaupunkt ERL814 &#8212; T\u00f5uksimaailm<\/title>\n<meta name=\"robots\" content=\"index, follow, max-snippet:-1, max-image-preview:large, max-video-preview:-1\" \/>\n<link rel=\"canonical\" href=\"https:\/\/www.xn--tuksimaailm-ffb.ee\/ru\/\u043f\u0440\u043e\u0434\u0443\u043a\u0442\/%d0%bc%d0%be%d0%b4%d1%83%d0%bb%d1%8c-%d1%83%d0%bf%d1%80%d0%b0%d0%b2%d0%bb%d0%b5%d0%bd%d0%b8%d1%8f-%d0%bc%d0%b0%d1%82%d0%b5%d1%80%d0%b8%d0%bd%d1%81%d0%ba%d0%be%d0%b9-%d0%bf%d0%bb%d0%b0%d1%82%d0%be\/\" \/>\n<meta property=\"og:locale\" content=\"ru_RU\" \/>\n<meta property=\"og:type\" content=\"article\" \/>\n<meta property=\"og:title\" content=\"\u041c\u043e\u0434\u0443\u043b\u044c \u0443\u043f\u0440\u0430\u0432\u043b\u0435\u043d\u0438\u044f \u043c\u0430\u0442\u0435\u0440\u0438\u043d\u0441\u043a\u043e\u0439 \u043f\u043b\u0430\u0442\u043e\u0439 \u043a\u043e\u043d\u0442\u0440\u043e\u043b\u043b\u0435\u0440\u0430 Blaupunkt ERL814\" \/>\n<meta property=\"og:url\" content=\"https:\/\/www.xn--tuksimaailm-ffb.ee\/ru\/\u043f\u0440\u043e\u0434\u0443\u043a\u0442\/%d0%bc%d0%be%d0%b4%d1%83%d0%bb%d1%8c-%d1%83%d0%bf%d1%80%d0%b0%d0%b2%d0%bb%d0%b5%d0%bd%d0%b8%d1%8f-%d0%bc%d0%b0%d1%82%d0%b5%d1%80%d0%b8%d0%bd%d1%81%d0%ba%d0%be%d0%b9-%d0%bf%d0%bb%d0%b0%d1%82%d0%be\/\" \/>\n<meta property=\"og:site_name\" content=\"T\u00f5uksimaailm\" \/>\n<meta property=\"article:publisher\" content=\"https:\/\/www.facebook.com\/touksimaailm\/\" \/>\n<meta property=\"article:modified_time\" content=\"2024-11-20T12:56:15+00:00\" \/>\n<meta property=\"og:image\" content=\"https:\/\/www.xn--tuksimaailm-ffb.ee\/wp-content\/uploads\/2023\/01\/Kontroller-emaplaat-juhtmoodul-Blaupunkt-ERL814.png\" \/>\n\t<meta property=\"og:image:width\" content=\"433\" \/>\n\t<meta property=\"og:image:height\" content=\"577\" \/>\n\t<meta property=\"og:image:type\" content=\"image\/png\" \/>\n<meta name=\"twitter:card\" content=\"summary_large_image\" \/>\n<meta name=\"twitter:label1\" content=\"\u0426\u0435\u043d\u0430\" \/>\n\t<meta name=\"twitter:data1\" content=\"&euro;129.50\" \/>\n\t<meta name=\"twitter:label2\" content=\"\u0414\u043e\u0441\u0442\u0443\u043f\u043d\u043e\u0441\u0442\u044c\" \/>\n\t<meta name=\"twitter:data2\" content=\"\u0412 \u043d\u0430\u043b\u0438\u0447\u0438\u0438\" \/>\n<meta property=\"product:price:amount\" content=\"129.50\" \/>\n<meta property=\"product:price:currency\" content=\"EUR\" \/>\n<meta property=\"og:availability\" content=\"instock\" \/>\n<meta property=\"product:availability\" content=\"instock\" \/>\n<meta property=\"product:condition\" content=\"new\" \/>\n<!-- \/ Yoast SEO Premium plugin. -->","yoast_head_json":{"title":"\u041c\u043e\u0434\u0443\u043b\u044c \u0443\u043f\u0440\u0430\u0432\u043b\u0435\u043d\u0438\u044f \u043c\u0430\u0442\u0435\u0440\u0438\u043d\u0441\u043a\u043e\u0439 \u043f\u043b\u0430\u0442\u043e\u0439 \u043a\u043e\u043d\u0442\u0440\u043e\u043b\u043b\u0435\u0440\u0430 Blaupunkt ERL814 &#8212; T\u00f5uksimaailm","robots":{"index":"index","follow":"follow","max-snippet":"max-snippet:-1","max-image-preview":"max-image-preview:large","max-video-preview":"max-video-preview:-1"},"canonical":"https:\/\/www.xn--tuksimaailm-ffb.ee\/ru\/\u043f\u0440\u043e\u0434\u0443\u043a\u0442\/%d0%bc%d0%be%d0%b4%d1%83%d0%bb%d1%8c-%d1%83%d0%bf%d1%80%d0%b0%d0%b2%d0%bb%d0%b5%d0%bd%d0%b8%d1%8f-%d0%bc%d0%b0%d1%82%d0%b5%d1%80%d0%b8%d0%bd%d1%81%d0%ba%d0%be%d0%b9-%d0%bf%d0%bb%d0%b0%d1%82%d0%be\/","og_locale":"ru_RU","og_type":"article","og_title":"\u041c\u043e\u0434\u0443\u043b\u044c \u0443\u043f\u0440\u0430\u0432\u043b\u0435\u043d\u0438\u044f \u043c\u0430\u0442\u0435\u0440\u0438\u043d\u0441\u043a\u043e\u0439 \u043f\u043b\u0430\u0442\u043e\u0439 \u043a\u043e\u043d\u0442\u0440\u043e\u043b\u043b\u0435\u0440\u0430 Blaupunkt ERL814","og_url":"https:\/\/www.xn--tuksimaailm-ffb.ee\/ru\/\u043f\u0440\u043e\u0434\u0443\u043a\u0442\/%d0%bc%d0%be%d0%b4%d1%83%d0%bb%d1%8c-%d1%83%d0%bf%d1%80%d0%b0%d0%b2%d0%bb%d0%b5%d0%bd%d0%b8%d1%8f-%d0%bc%d0%b0%d1%82%d0%b5%d1%80%d0%b8%d0%bd%d1%81%d0%ba%d0%be%d0%b9-%d0%bf%d0%bb%d0%b0%d1%82%d0%be\/","og_site_name":"T\u00f5uksimaailm","article_publisher":"https:\/\/www.facebook.com\/touksimaailm\/","article_modified_time":"2024-11-20T12:56:15+00:00","og_image":[{"width":433,"height":577,"url":"https:\/\/www.xn--tuksimaailm-ffb.ee\/wp-content\/uploads\/2023\/01\/Kontroller-emaplaat-juhtmoodul-Blaupunkt-ERL814.png","type":"image\/png"}],"twitter_card":"summary_large_image","twitter_misc":{"\u0426\u0435\u043d\u0430":"&euro;129.50","\u0414\u043e\u0441\u0442\u0443\u043f\u043d\u043e\u0441\u0442\u044c":"\u0412 \u043d\u0430\u043b\u0438\u0447\u0438\u0438"},"schema":{"@context":"https:\/\/schema.org","@graph":[{"@type":"WebPage","@id":"https:\/\/www.xn--tuksimaailm-ffb.ee\/ru\/\u043f\u0440\u043e\u0434\u0443\u043a\u0442\/%d0%bc%d0%be%d0%b4%d1%83%d0%bb%d1%8c-%d1%83%d0%bf%d1%80%d0%b0%d0%b2%d0%bb%d0%b5%d0%bd%d0%b8%d1%8f-%d0%bc%d0%b0%d1%82%d0%b5%d1%80%d0%b8%d0%bd%d1%81%d0%ba%d0%be%d0%b9-%d0%bf%d0%bb%d0%b0%d1%82%d0%be\/","url":"https:\/\/www.xn--tuksimaailm-ffb.ee\/ru\/\u043f\u0440\u043e\u0434\u0443\u043a\u0442\/%d0%bc%d0%be%d0%b4%d1%83%d0%bb%d1%8c-%d1%83%d0%bf%d1%80%d0%b0%d0%b2%d0%bb%d0%b5%d0%bd%d0%b8%d1%8f-%d0%bc%d0%b0%d1%82%d0%b5%d1%80%d0%b8%d0%bd%d1%81%d0%ba%d0%be%d0%b9-%d0%bf%d0%bb%d0%b0%d1%82%d0%be\/","name":"\u041c\u043e\u0434\u0443\u043b\u044c \u0443\u043f\u0440\u0430\u0432\u043b\u0435\u043d\u0438\u044f \u043c\u0430\u0442\u0435\u0440\u0438\u043d\u0441\u043a\u043e\u0439 \u043f\u043b\u0430\u0442\u043e\u0439 \u043a\u043e\u043d\u0442\u0440\u043e\u043b\u043b\u0435\u0440\u0430 Blaupunkt ERL814 &#8212; T\u00f5uksimaailm","isPartOf":{"@id":"https:\/\/www.xn--tuksimaailm-ffb.ee\/ru\/#website"},"primaryImageOfPage":{"@id":"https:\/\/www.xn--tuksimaailm-ffb.ee\/ru\/\u043f\u0440\u043e\u0434\u0443\u043a\u0442\/%d0%bc%d0%be%d0%b4%d1%83%d0%bb%d1%8c-%d1%83%d0%bf%d1%80%d0%b0%d0%b2%d0%bb%d0%b5%d0%bd%d0%b8%d1%8f-%d0%bc%d0%b0%d1%82%d0%b5%d1%80%d0%b8%d0%bd%d1%81%d0%ba%d0%be%d0%b9-%d0%bf%d0%bb%d0%b0%d1%82%d0%be\/#primaryimage"},"image":{"@id":"https:\/\/www.xn--tuksimaailm-ffb.ee\/ru\/\u043f\u0440\u043e\u0434\u0443\u043a\u0442\/%d0%bc%d0%be%d0%b4%d1%83%d0%bb%d1%8c-%d1%83%d0%bf%d1%80%d0%b0%d0%b2%d0%bb%d0%b5%d0%bd%d0%b8%d1%8f-%d0%bc%d0%b0%d1%82%d0%b5%d1%80%d0%b8%d0%bd%d1%81%d0%ba%d0%be%d0%b9-%d0%bf%d0%bb%d0%b0%d1%82%d0%be\/#primaryimage"},"thumbnailUrl":"https:\/\/www.xn--tuksimaailm-ffb.ee\/wp-content\/uploads\/2023\/01\/Kontroller-emaplaat-juhtmoodul-Blaupunkt-ERL814.png","datePublished":"2023-01-06T16:28:30+00:00","dateModified":"2024-11-20T12:56:15+00:00","breadcrumb":{"@id":"https:\/\/www.xn--tuksimaailm-ffb.ee\/ru\/\u043f\u0440\u043e\u0434\u0443\u043a\u0442\/%d0%bc%d0%be%d0%b4%d1%83%d0%bb%d1%8c-%d1%83%d0%bf%d1%80%d0%b0%d0%b2%d0%bb%d0%b5%d0%bd%d0%b8%d1%8f-%d0%bc%d0%b0%d1%82%d0%b5%d1%80%d0%b8%d0%bd%d1%81%d0%ba%d0%be%d0%b9-%d0%bf%d0%bb%d0%b0%d1%82%d0%be\/#breadcrumb"},"inLanguage":"ru-RU","potentialAction":[{"@type":"ReadAction","target":["https:\/\/www.xn--tuksimaailm-ffb.ee\/ru\/\u043f\u0440\u043e\u0434\u0443\u043a\u0442\/%d0%bc%d0%be%d0%b4%d1%83%d0%bb%d1%8c-%d1%83%d0%bf%d1%80%d0%b0%d0%b2%d0%bb%d0%b5%d0%bd%d0%b8%d1%8f-%d0%bc%d0%b0%d1%82%d0%b5%d1%80%d0%b8%d0%bd%d1%81%d0%ba%d0%be%d0%b9-%d0%bf%d0%bb%d0%b0%d1%82%d0%be\/"]}]},{"@type":"ImageObject","inLanguage":"ru-RU","@id":"https:\/\/www.xn--tuksimaailm-ffb.ee\/ru\/\u043f\u0440\u043e\u0434\u0443\u043a\u0442\/%d0%bc%d0%be%d0%b4%d1%83%d0%bb%d1%8c-%d1%83%d0%bf%d1%80%d0%b0%d0%b2%d0%bb%d0%b5%d0%bd%d0%b8%d1%8f-%d0%bc%d0%b0%d1%82%d0%b5%d1%80%d0%b8%d0%bd%d1%81%d0%ba%d0%be%d0%b9-%d0%bf%d0%bb%d0%b0%d1%82%d0%be\/#primaryimage","url":"https:\/\/www.xn--tuksimaailm-ffb.ee\/wp-content\/uploads\/2023\/01\/Kontroller-emaplaat-juhtmoodul-Blaupunkt-ERL814.png","contentUrl":"https:\/\/www.xn--tuksimaailm-ffb.ee\/wp-content\/uploads\/2023\/01\/Kontroller-emaplaat-juhtmoodul-Blaupunkt-ERL814.png","width":433,"height":577,"caption":"Kontroller emaplaat juhtmoodul Blaupunkt ERL814"},{"@type":"BreadcrumbList","@id":"https:\/\/www.xn--tuksimaailm-ffb.ee\/ru\/\u043f\u0440\u043e\u0434\u0443\u043a\u0442\/%d0%bc%d0%be%d0%b4%d1%83%d0%bb%d1%8c-%d1%83%d0%bf%d1%80%d0%b0%d0%b2%d0%bb%d0%b5%d0%bd%d0%b8%d1%8f-%d0%bc%d0%b0%d1%82%d0%b5%d1%80%d0%b8%d0%bd%d1%81%d0%ba%d0%be%d0%b9-%d0%bf%d0%bb%d0%b0%d1%82%d0%be\/#breadcrumb","itemListElement":[{"@type":"ListItem","position":1,"name":"Home","item":"https:\/\/www.xn--tuksimaailm-ffb.ee\/ru\/frontpage\/"},{"@type":"ListItem","position":2,"name":"\u041c\u0410\u0413\u0410\u0417\u0418\u041d","item":"https:\/\/www.xn--tuksimaailm-ffb.ee\/elektritoukerataste-pood\/"},{"@type":"ListItem","position":3,"name":"\u041c\u043e\u0434\u0443\u043b\u044c \u0443\u043f\u0440\u0430\u0432\u043b\u0435\u043d\u0438\u044f \u043c\u0430\u0442\u0435\u0440\u0438\u043d\u0441\u043a\u043e\u0439 \u043f\u043b\u0430\u0442\u043e\u0439 \u043a\u043e\u043d\u0442\u0440\u043e\u043b\u043b\u0435\u0440\u0430 Blaupunkt ERL814"}]},{"@type":"WebSite","@id":"https:\/\/www.xn--tuksimaailm-ffb.ee\/ru\/#website","url":"https:\/\/www.xn--tuksimaailm-ffb.ee\/ru\/","name":"T\u00f5uksimaailm","description":"Elektrit\u00f5ukerataste m\u00fc\u00fck, remont ja rent","publisher":{"@id":"https:\/\/www.xn--tuksimaailm-ffb.ee\/ru\/#organization"},"potentialAction":[{"@type":"SearchAction","target":{"@type":"EntryPoint","urlTemplate":"https:\/\/www.xn--tuksimaailm-ffb.ee\/ru\/?s={search_term_string}"},"query-input":{"@type":"PropertyValueSpecification","valueRequired":true,"valueName":"search_term_string"}}],"inLanguage":"ru-RU"},{"@type":"Organization","@id":"https:\/\/www.xn--tuksimaailm-ffb.ee\/ru\/#organization","name":"T\u00f5uksimaailm","url":"https:\/\/www.xn--tuksimaailm-ffb.ee\/ru\/","logo":{"@type":"ImageObject","inLanguage":"ru-RU","@id":"https:\/\/www.xn--tuksimaailm-ffb.ee\/ru\/#\/schema\/logo\/image\/","url":"https:\/\/www.xn--tuksimaailm-ffb.ee\/wp-content\/uploads\/2020\/01\/logoz-e1579792875517.png","contentUrl":"https:\/\/www.xn--tuksimaailm-ffb.ee\/wp-content\/uploads\/2020\/01\/logoz-e1579792875517.png","width":250,"height":250,"caption":"T\u00f5uksimaailm"},"image":{"@id":"https:\/\/www.xn--tuksimaailm-ffb.ee\/ru\/#\/schema\/logo\/image\/"},"sameAs":["https:\/\/www.facebook.com\/touksimaailm\/","https:\/\/www.instagram.com\/touksimaailm_\/","https:\/\/www.youtube.com\/channel\/UC18ml0EKIDLP1xGuQjFzcXQ"]}]},"product_price_amount":"129.50","product_price_currency":"EUR","og_availability":"instock","product_availability":"instock","product_condition":"new"},"jetpack_sharing_enabled":true,"_links":{"self":[{"href":"https:\/\/www.xn--tuksimaailm-ffb.ee\/ru\/wp-json\/wp\/v2\/product\/50430","targetHints":{"allow":["GET"]}}],"collection":[{"href":"https:\/\/www.xn--tuksimaailm-ffb.ee\/ru\/wp-json\/wp\/v2\/product"}],"about":[{"href":"https:\/\/www.xn--tuksimaailm-ffb.ee\/ru\/wp-json\/wp\/v2\/types\/product"}],"wp:featuredmedia":[{"embeddable":true,"href":"https:\/\/www.xn--tuksimaailm-ffb.ee\/ru\/wp-json\/wp\/v2\/media\/26706"}],"wp:attachment":[{"href":"https:\/\/www.xn--tuksimaailm-ffb.ee\/ru\/wp-json\/wp\/v2\/media?parent=50430"}],"wp:term":[{"taxonomy":"product_brand","embeddable":true,"href":"https:\/\/www.xn--tuksimaailm-ffb.ee\/ru\/wp-json\/wp\/v2\/product_brand?post=50430"},{"taxonomy":"product_cat","embeddable":true,"href":"https:\/\/www.xn--tuksimaailm-ffb.ee\/ru\/wp-json\/wp\/v2\/product_cat?post=50430"},{"taxonomy":"product_tag","embeddable":true,"href":"https:\/\/www.xn--tuksimaailm-ffb.ee\/ru\/wp-json\/wp\/v2\/product_tag?post=50430"},{"taxonomy":"filter_elektritoukeratas","embeddable":true,"href":"https:\/\/www.xn--tuksimaailm-ffb.ee\/ru\/wp-json\/wp\/v2\/filter_elektritoukeratas?post=50430"}],"curies":[{"name":"wp","href":"https:\/\/api.w.org\/{rel}","templated":true}]}}