{"id":50455,"date":"2023-01-04T16:48:31","date_gmt":"2023-01-04T13:48:31","guid":{"rendered":"http:\/\/www.xn--tuksimaailm-ffb.ee\/shop\/%d1%82%d0%be%d1%80%d0%bc%d0%be%d0%b7%d0%bd%d1%8b%d0%b5-%d0%ba%d0%be%d0%bb%d0%be%d0%b4%d0%ba%d0%b8-%d0%bf%d0%be%d0%bb%d1%83%d0%bc%d0%b5%d1%82%d0%b0%d0%bb%d0%bb%d0%b8%d1%87%d0%b5%d1%81%d0%ba%d0%b8%d0%b5\/"},"modified":"2023-01-04T16:48:31","modified_gmt":"2023-01-04T13:48:31","slug":"%d1%82%d0%be%d1%80%d0%bc%d0%be%d0%b7%d0%bd%d1%8b%d0%b5-%d0%ba%d0%be%d0%bb%d0%be%d0%b4%d0%ba%d0%b8-%d0%bf%d0%be%d0%bb%d1%83%d0%bc%d0%b5%d1%82%d0%b0%d0%bb%d0%bb%d0%b8%d1%87%d0%b5%d1%81%d0%ba%d0%b8%d0%b5","status":"publish","type":"product","link":"https:\/\/www.xn--tuksimaailm-ffb.ee\/ru\/\u043f\u0440\u043e\u0434\u0443\u043a\u0442\/%d1%82%d0%be%d1%80%d0%bc%d0%be%d0%b7%d0%bd%d1%8b%d0%b5-%d0%ba%d0%be%d0%bb%d0%be%d0%b4%d0%ba%d0%b8-%d0%bf%d0%be%d0%bb%d1%83%d0%bc%d0%b5%d1%82%d0%b0%d0%bb%d0%bb%d0%b8%d1%87%d0%b5%d1%81%d0%ba%d0%b8%d0%b5\/","title":{"rendered":"\u0422\u043e\u0440\u043c\u043e\u0437\u043d\u044b\u0435 \u043a\u043e\u043b\u043e\u0434\u043a\u0438 \u043f\u043e\u043b\u0443\u043c\u0435\u0442\u0430\u043b\u043b\u0438\u0447\u0435\u0441\u043a\u0438\u0435 30,9x35,1 \u043c\u043c (A+)"},"content":{"rendered":"<p>\u0422\u043e\u0440\u043c\u043e\u0437\u043d\u044b\u0435 \u043a\u043e\u043b\u043e\u0434\u043a\u0438 \u0434\u043b\u044f \u044d\u043b\u0435\u043a\u0442\u0440\u043e\u0441\u043a\u0443\u0442\u0435\u0440\u043e\u0432 \u0438\u043b\u0438 \u044d\u043b\u0435\u043a\u0442\u0440\u043e\u0432\u0435\u043b\u043e\u0441\u0438\u043f\u0435\u0434\u043e\u0432, \u043f\u043e\u043b\u0443\u043c\u0435\u0442\u0430\u043b\u043b\u0438\u0447\u0435\u0441\u043a\u0438\u0439 \u043c\u0430\u0442\u0435\u0440\u0438\u0430\u043b. \u0420\u0430\u0437\u043c\u0435\u0440\u044b 30,9x35,1 \u043c\u043c.<\/p>\n","protected":false},"excerpt":{"rendered":"<p>\u0422\u043e\u0440\u043c\u043e\u0437\u043d\u044b\u0435 \u043a\u043e\u043b\u043e\u0434\u043a\u0438 \u0434\u043b\u044f \u044d\u043b\u0435\u043a\u0442\u0440\u043e\u0441\u043a\u0443\u0442\u0435\u0440\u043e\u0432 \u0438\u043b\u0438 \u044d\u043b\u0435\u043a\u0442\u0440\u043e\u0432\u0435\u043b\u043e\u0441\u0438\u043f\u0435\u0434\u043e\u0432, \u043f\u043e\u043b\u0443\u043c\u0435\u0442\u0430\u043b\u043b\u0438\u0447\u0435\u0441\u043a\u0438\u0439 \u043c\u0430\u0442\u0435\u0440\u0438\u0430\u043b. \u0420\u0430\u0437\u043c\u0435\u0440\u044b 30,9x35,1 \u043c\u043c.<\/p>\n","protected":false},"featured_media":26271,"template":"","meta":[],"product_brand":[],"product_cat":[757],"product_tag":[1558,1530],"filter_elektritoukeratas":[2732,2736,2734,2735,2610,2706,2715,2720,2722,2726,2727,2728,2741,2739,2743,2742,2646,2602,2645],"class_list":{"0":"post-50455","1":"product","2":"type-product","3":"status-publish","4":"has-post-thumbnail","6":"product_cat-757","7":"product_tag-piduriklotsid","8":"product_tag-universaalsed-elektritoukeratta-varuosad-ru","9":"pa_tootetuup-piduriklotsid-ru","10":"pa_tootetuup-universaalsed-elektritoukeratta-varuosad-ru","11":"filter_elektritoukeratas-ft_dualtron_spider","12":"filter_elektritoukeratas-ft_dualtron_storm","13":"filter_elektritoukeratas-ft_dualtron_thunder","14":"filter_elektritoukeratas-ft_dualtron_ultra","15":"filter_elektritoukeratas-ft_dualtron_victor","16":"filter_elektritoukeratas-ft_gpad_storm","17":"filter_elektritoukeratas-ft_inokim_oxo","18":"filter_elektritoukeratas-ft_joyor_s5_s10-s_s_pro","19":"filter_elektritoukeratas-ft_joyor_y10_y6_s_y5s","20":"filter_elektritoukeratas-ft_kaabo_mantis_10","21":"filter_elektritoukeratas-ft_kaabo_mantis_king_gt","22":"filter_elektritoukeratas-ft_kaabo_wolf","23":"filter_elektritoukeratas-ft_nanrobot_d6_plus","24":"filter_elektritoukeratas-ft_nanrobot_lightning","25":"filter_elektritoukeratas-ft_nanrobot_ls7plus","26":"filter_elektritoukeratas-ft_nanrobot_n6","27":"filter_elektritoukeratas-ft_vsett_10_plus","28":"filter_elektritoukeratas-ft_vsett_11_plus","29":"filter_elektritoukeratas-ft_vsett_11_plus_super","31":"first","32":"instock","33":"taxable","34":"shipping-taxable","35":"purchasable","36":"product-type-simple"},"yoast_head":"<!-- This site is optimized with the Yoast SEO Premium plugin v26.8 (Yoast SEO v27.5) - https:\/\/yoast.com\/product\/yoast-seo-premium-wordpress\/ -->\n<title>\u0422\u043e\u0440\u043c\u043e\u0437\u043d\u044b\u0435 \u043a\u043e\u043b\u043e\u0434\u043a\u0438 \u043f\u043e\u043b\u0443\u043c\u0435\u0442\u0430\u043b\u043b\u0438\u0447\u0435\u0441\u043a\u0438\u0435 30,9x35,1 \u043c\u043c (A+) &#8212; T\u00f5uksimaailm<\/title>\n<meta name=\"robots\" content=\"index, follow, max-snippet:-1, max-image-preview:large, max-video-preview:-1\" \/>\n<link rel=\"canonical\" href=\"https:\/\/www.xn--tuksimaailm-ffb.ee\/ru\/\u043f\u0440\u043e\u0434\u0443\u043a\u0442\/%d1%82%d0%be%d1%80%d0%bc%d0%be%d0%b7%d0%bd%d1%8b%d0%b5-%d0%ba%d0%be%d0%bb%d0%be%d0%b4%d0%ba%d0%b8-%d0%bf%d0%be%d0%bb%d1%83%d0%bc%d0%b5%d1%82%d0%b0%d0%bb%d0%bb%d0%b8%d1%87%d0%b5%d1%81%d0%ba%d0%b8%d0%b5\/\" \/>\n<meta property=\"og:locale\" content=\"ru_RU\" \/>\n<meta property=\"og:type\" content=\"article\" \/>\n<meta property=\"og:title\" content=\"\u0422\u043e\u0440\u043c\u043e\u0437\u043d\u044b\u0435 \u043a\u043e\u043b\u043e\u0434\u043a\u0438 \u043f\u043e\u043b\u0443\u043c\u0435\u0442\u0430\u043b\u043b\u0438\u0447\u0435\u0441\u043a\u0438\u0435 30,9x35,1 \u043c\u043c (A+)\" \/>\n<meta property=\"og:description\" content=\"\u0422\u043e\u0440\u043c\u043e\u0437\u043d\u044b\u0435 \u043a\u043e\u043b\u043e\u0434\u043a\u0438 \u0434\u043b\u044f \u044d\u043b\u0435\u043a\u0442\u0440\u043e\u0441\u043a\u0443\u0442\u0435\u0440\u043e\u0432 \u0438\u043b\u0438 \u044d\u043b\u0435\u043a\u0442\u0440\u043e\u0432\u0435\u043b\u043e\u0441\u0438\u043f\u0435\u0434\u043e\u0432, \u043f\u043e\u043b\u0443\u043c\u0435\u0442\u0430\u043b\u043b\u0438\u0447\u0435\u0441\u043a\u0438\u0439 \u043c\u0430\u0442\u0435\u0440\u0438\u0430\u043b. \u0420\u0430\u0437\u043c\u0435\u0440\u044b 30,9x35,1 \u043c\u043c.\" \/>\n<meta property=\"og:url\" content=\"https:\/\/www.xn--tuksimaailm-ffb.ee\/ru\/\u043f\u0440\u043e\u0434\u0443\u043a\u0442\/%d1%82%d0%be%d1%80%d0%bc%d0%be%d0%b7%d0%bd%d1%8b%d0%b5-%d0%ba%d0%be%d0%bb%d0%be%d0%b4%d0%ba%d0%b8-%d0%bf%d0%be%d0%bb%d1%83%d0%bc%d0%b5%d1%82%d0%b0%d0%bb%d0%bb%d0%b8%d1%87%d0%b5%d1%81%d0%ba%d0%b8%d0%b5\/\" \/>\n<meta property=\"og:site_name\" content=\"T\u00f5uksimaailm\" \/>\n<meta property=\"article:publisher\" content=\"https:\/\/www.facebook.com\/touksimaailm\/\" \/>\n<meta property=\"og:image\" content=\"https:\/\/www.xn--tuksimaailm-ffb.ee\/wp-content\/uploads\/2023\/01\/Piduriklotsid-pool-metall-30.9x35.1mm-A.jpeg\" \/>\n\t<meta property=\"og:image:width\" content=\"1000\" \/>\n\t<meta property=\"og:image:height\" content=\"1000\" \/>\n\t<meta property=\"og:image:type\" content=\"image\/jpeg\" \/>\n<meta name=\"twitter:card\" content=\"summary_large_image\" \/>\n<meta name=\"twitter:label1\" content=\"\u0426\u0435\u043d\u0430\" \/>\n\t<meta name=\"twitter:data1\" content=\"&euro;9.50\" \/>\n\t<meta name=\"twitter:label2\" content=\"\u0414\u043e\u0441\u0442\u0443\u043f\u043d\u043e\u0441\u0442\u044c\" \/>\n\t<meta name=\"twitter:data2\" content=\"\u0412 \u043d\u0430\u043b\u0438\u0447\u0438\u0438\" \/>\n<meta property=\"product:price:amount\" content=\"9.50\" \/>\n<meta property=\"product:price:currency\" content=\"EUR\" \/>\n<meta property=\"og:availability\" content=\"instock\" \/>\n<meta property=\"product:availability\" content=\"instock\" \/>\n<meta property=\"product:condition\" content=\"new\" \/>\n<!-- \/ Yoast SEO Premium plugin. -->","yoast_head_json":{"title":"\u0422\u043e\u0440\u043c\u043e\u0437\u043d\u044b\u0435 \u043a\u043e\u043b\u043e\u0434\u043a\u0438 \u043f\u043e\u043b\u0443\u043c\u0435\u0442\u0430\u043b\u043b\u0438\u0447\u0435\u0441\u043a\u0438\u0435 30,9x35,1 \u043c\u043c (A+) &#8212; T\u00f5uksimaailm","robots":{"index":"index","follow":"follow","max-snippet":"max-snippet:-1","max-image-preview":"max-image-preview:large","max-video-preview":"max-video-preview:-1"},"canonical":"https:\/\/www.xn--tuksimaailm-ffb.ee\/ru\/\u043f\u0440\u043e\u0434\u0443\u043a\u0442\/%d1%82%d0%be%d1%80%d0%bc%d0%be%d0%b7%d0%bd%d1%8b%d0%b5-%d0%ba%d0%be%d0%bb%d0%be%d0%b4%d0%ba%d0%b8-%d0%bf%d0%be%d0%bb%d1%83%d0%bc%d0%b5%d1%82%d0%b0%d0%bb%d0%bb%d0%b8%d1%87%d0%b5%d1%81%d0%ba%d0%b8%d0%b5\/","og_locale":"ru_RU","og_type":"article","og_title":"\u0422\u043e\u0440\u043c\u043e\u0437\u043d\u044b\u0435 \u043a\u043e\u043b\u043e\u0434\u043a\u0438 \u043f\u043e\u043b\u0443\u043c\u0435\u0442\u0430\u043b\u043b\u0438\u0447\u0435\u0441\u043a\u0438\u0435 30,9x35,1 \u043c\u043c (A+)","og_description":"\u0422\u043e\u0440\u043c\u043e\u0437\u043d\u044b\u0435 \u043a\u043e\u043b\u043e\u0434\u043a\u0438 \u0434\u043b\u044f \u044d\u043b\u0435\u043a\u0442\u0440\u043e\u0441\u043a\u0443\u0442\u0435\u0440\u043e\u0432 \u0438\u043b\u0438 \u044d\u043b\u0435\u043a\u0442\u0440\u043e\u0432\u0435\u043b\u043e\u0441\u0438\u043f\u0435\u0434\u043e\u0432, \u043f\u043e\u043b\u0443\u043c\u0435\u0442\u0430\u043b\u043b\u0438\u0447\u0435\u0441\u043a\u0438\u0439 \u043c\u0430\u0442\u0435\u0440\u0438\u0430\u043b. \u0420\u0430\u0437\u043c\u0435\u0440\u044b 30,9x35,1 \u043c\u043c.","og_url":"https:\/\/www.xn--tuksimaailm-ffb.ee\/ru\/\u043f\u0440\u043e\u0434\u0443\u043a\u0442\/%d1%82%d0%be%d1%80%d0%bc%d0%be%d0%b7%d0%bd%d1%8b%d0%b5-%d0%ba%d0%be%d0%bb%d0%be%d0%b4%d0%ba%d0%b8-%d0%bf%d0%be%d0%bb%d1%83%d0%bc%d0%b5%d1%82%d0%b0%d0%bb%d0%bb%d0%b8%d1%87%d0%b5%d1%81%d0%ba%d0%b8%d0%b5\/","og_site_name":"T\u00f5uksimaailm","article_publisher":"https:\/\/www.facebook.com\/touksimaailm\/","og_image":[{"width":1000,"height":1000,"url":"https:\/\/www.xn--tuksimaailm-ffb.ee\/wp-content\/uploads\/2023\/01\/Piduriklotsid-pool-metall-30.9x35.1mm-A.jpeg","type":"image\/jpeg"}],"twitter_card":"summary_large_image","twitter_misc":{"\u0426\u0435\u043d\u0430":"&euro;9.50","\u0414\u043e\u0441\u0442\u0443\u043f\u043d\u043e\u0441\u0442\u044c":"\u0412 \u043d\u0430\u043b\u0438\u0447\u0438\u0438"},"schema":{"@context":"https:\/\/schema.org","@graph":[{"@type":"WebPage","@id":"https:\/\/www.xn--tuksimaailm-ffb.ee\/ru\/\u043f\u0440\u043e\u0434\u0443\u043a\u0442\/%d1%82%d0%be%d1%80%d0%bc%d0%be%d0%b7%d0%bd%d1%8b%d0%b5-%d0%ba%d0%be%d0%bb%d0%be%d0%b4%d0%ba%d0%b8-%d0%bf%d0%be%d0%bb%d1%83%d0%bc%d0%b5%d1%82%d0%b0%d0%bb%d0%bb%d0%b8%d1%87%d0%b5%d1%81%d0%ba%d0%b8%d0%b5\/","url":"https:\/\/www.xn--tuksimaailm-ffb.ee\/ru\/\u043f\u0440\u043e\u0434\u0443\u043a\u0442\/%d1%82%d0%be%d1%80%d0%bc%d0%be%d0%b7%d0%bd%d1%8b%d0%b5-%d0%ba%d0%be%d0%bb%d0%be%d0%b4%d0%ba%d0%b8-%d0%bf%d0%be%d0%bb%d1%83%d0%bc%d0%b5%d1%82%d0%b0%d0%bb%d0%bb%d0%b8%d1%87%d0%b5%d1%81%d0%ba%d0%b8%d0%b5\/","name":"\u0422\u043e\u0440\u043c\u043e\u0437\u043d\u044b\u0435 \u043a\u043e\u043b\u043e\u0434\u043a\u0438 \u043f\u043e\u043b\u0443\u043c\u0435\u0442\u0430\u043b\u043b\u0438\u0447\u0435\u0441\u043a\u0438\u0435 30,9x35,1 \u043c\u043c (A+) &#8212; T\u00f5uksimaailm","isPartOf":{"@id":"https:\/\/www.xn--tuksimaailm-ffb.ee\/ru\/#website"},"primaryImageOfPage":{"@id":"https:\/\/www.xn--tuksimaailm-ffb.ee\/ru\/\u043f\u0440\u043e\u0434\u0443\u043a\u0442\/%d1%82%d0%be%d1%80%d0%bc%d0%be%d0%b7%d0%bd%d1%8b%d0%b5-%d0%ba%d0%be%d0%bb%d0%be%d0%b4%d0%ba%d0%b8-%d0%bf%d0%be%d0%bb%d1%83%d0%bc%d0%b5%d1%82%d0%b0%d0%bb%d0%bb%d0%b8%d1%87%d0%b5%d1%81%d0%ba%d0%b8%d0%b5\/#primaryimage"},"image":{"@id":"https:\/\/www.xn--tuksimaailm-ffb.ee\/ru\/\u043f\u0440\u043e\u0434\u0443\u043a\u0442\/%d1%82%d0%be%d1%80%d0%bc%d0%be%d0%b7%d0%bd%d1%8b%d0%b5-%d0%ba%d0%be%d0%bb%d0%be%d0%b4%d0%ba%d0%b8-%d0%bf%d0%be%d0%bb%d1%83%d0%bc%d0%b5%d1%82%d0%b0%d0%bb%d0%bb%d0%b8%d1%87%d0%b5%d1%81%d0%ba%d0%b8%d0%b5\/#primaryimage"},"thumbnailUrl":"https:\/\/www.xn--tuksimaailm-ffb.ee\/wp-content\/uploads\/2023\/01\/Piduriklotsid-pool-metall-30.9x35.1mm-A.jpeg","datePublished":"2023-01-04T13:48:31+00:00","breadcrumb":{"@id":"https:\/\/www.xn--tuksimaailm-ffb.ee\/ru\/\u043f\u0440\u043e\u0434\u0443\u043a\u0442\/%d1%82%d0%be%d1%80%d0%bc%d0%be%d0%b7%d0%bd%d1%8b%d0%b5-%d0%ba%d0%be%d0%bb%d0%be%d0%b4%d0%ba%d0%b8-%d0%bf%d0%be%d0%bb%d1%83%d0%bc%d0%b5%d1%82%d0%b0%d0%bb%d0%bb%d0%b8%d1%87%d0%b5%d1%81%d0%ba%d0%b8%d0%b5\/#breadcrumb"},"inLanguage":"ru-RU","potentialAction":[{"@type":"ReadAction","target":["https:\/\/www.xn--tuksimaailm-ffb.ee\/ru\/\u043f\u0440\u043e\u0434\u0443\u043a\u0442\/%d1%82%d0%be%d1%80%d0%bc%d0%be%d0%b7%d0%bd%d1%8b%d0%b5-%d0%ba%d0%be%d0%bb%d0%be%d0%b4%d0%ba%d0%b8-%d0%bf%d0%be%d0%bb%d1%83%d0%bc%d0%b5%d1%82%d0%b0%d0%bb%d0%bb%d0%b8%d1%87%d0%b5%d1%81%d0%ba%d0%b8%d0%b5\/"]}]},{"@type":"ImageObject","inLanguage":"ru-RU","@id":"https:\/\/www.xn--tuksimaailm-ffb.ee\/ru\/\u043f\u0440\u043e\u0434\u0443\u043a\u0442\/%d1%82%d0%be%d1%80%d0%bc%d0%be%d0%b7%d0%bd%d1%8b%d0%b5-%d0%ba%d0%be%d0%bb%d0%be%d0%b4%d0%ba%d0%b8-%d0%bf%d0%be%d0%bb%d1%83%d0%bc%d0%b5%d1%82%d0%b0%d0%bb%d0%bb%d0%b8%d1%87%d0%b5%d1%81%d0%ba%d0%b8%d0%b5\/#primaryimage","url":"https:\/\/www.xn--tuksimaailm-ffb.ee\/wp-content\/uploads\/2023\/01\/Piduriklotsid-pool-metall-30.9x35.1mm-A.jpeg","contentUrl":"https:\/\/www.xn--tuksimaailm-ffb.ee\/wp-content\/uploads\/2023\/01\/Piduriklotsid-pool-metall-30.9x35.1mm-A.jpeg","width":1000,"height":1000,"caption":"Piduriklotsid pool-metall 30,9x35,1mm (A+)"},{"@type":"BreadcrumbList","@id":"https:\/\/www.xn--tuksimaailm-ffb.ee\/ru\/\u043f\u0440\u043e\u0434\u0443\u043a\u0442\/%d1%82%d0%be%d1%80%d0%bc%d0%be%d0%b7%d0%bd%d1%8b%d0%b5-%d0%ba%d0%be%d0%bb%d0%be%d0%b4%d0%ba%d0%b8-%d0%bf%d0%be%d0%bb%d1%83%d0%bc%d0%b5%d1%82%d0%b0%d0%bb%d0%bb%d0%b8%d1%87%d0%b5%d1%81%d0%ba%d0%b8%d0%b5\/#breadcrumb","itemListElement":[{"@type":"ListItem","position":1,"name":"Home","item":"https:\/\/www.xn--tuksimaailm-ffb.ee\/ru\/frontpage\/"},{"@type":"ListItem","position":2,"name":"\u041c\u0410\u0413\u0410\u0417\u0418\u041d","item":"https:\/\/www.xn--tuksimaailm-ffb.ee\/elektritoukerataste-pood\/"},{"@type":"ListItem","position":3,"name":"\u0422\u043e\u0440\u043c\u043e\u0437\u043d\u044b\u0435 \u043a\u043e\u043b\u043e\u0434\u043a\u0438 \u043f\u043e\u043b\u0443\u043c\u0435\u0442\u0430\u043b\u043b\u0438\u0447\u0435\u0441\u043a\u0438\u0435 30,9x35,1 \u043c\u043c (A+)"}]},{"@type":"WebSite","@id":"https:\/\/www.xn--tuksimaailm-ffb.ee\/ru\/#website","url":"https:\/\/www.xn--tuksimaailm-ffb.ee\/ru\/","name":"T\u00f5uksimaailm","description":"Elektrit\u00f5ukerataste m\u00fc\u00fck, remont ja rent","publisher":{"@id":"https:\/\/www.xn--tuksimaailm-ffb.ee\/ru\/#organization"},"potentialAction":[{"@type":"SearchAction","target":{"@type":"EntryPoint","urlTemplate":"https:\/\/www.xn--tuksimaailm-ffb.ee\/ru\/?s={search_term_string}"},"query-input":{"@type":"PropertyValueSpecification","valueRequired":true,"valueName":"search_term_string"}}],"inLanguage":"ru-RU"},{"@type":"Organization","@id":"https:\/\/www.xn--tuksimaailm-ffb.ee\/ru\/#organization","name":"T\u00f5uksimaailm","url":"https:\/\/www.xn--tuksimaailm-ffb.ee\/ru\/","logo":{"@type":"ImageObject","inLanguage":"ru-RU","@id":"https:\/\/www.xn--tuksimaailm-ffb.ee\/ru\/#\/schema\/logo\/image\/","url":"https:\/\/www.xn--tuksimaailm-ffb.ee\/wp-content\/uploads\/2020\/01\/logoz-e1579792875517.png","contentUrl":"https:\/\/www.xn--tuksimaailm-ffb.ee\/wp-content\/uploads\/2020\/01\/logoz-e1579792875517.png","width":250,"height":250,"caption":"T\u00f5uksimaailm"},"image":{"@id":"https:\/\/www.xn--tuksimaailm-ffb.ee\/ru\/#\/schema\/logo\/image\/"},"sameAs":["https:\/\/www.facebook.com\/touksimaailm\/","https:\/\/www.instagram.com\/touksimaailm_\/","https:\/\/www.youtube.com\/channel\/UC18ml0EKIDLP1xGuQjFzcXQ"]}]},"product_price_amount":"9.50","product_price_currency":"EUR","og_availability":"instock","product_availability":"instock","product_condition":"new"},"jetpack_sharing_enabled":true,"_links":{"self":[{"href":"https:\/\/www.xn--tuksimaailm-ffb.ee\/ru\/wp-json\/wp\/v2\/product\/50455","targetHints":{"allow":["GET"]}}],"collection":[{"href":"https:\/\/www.xn--tuksimaailm-ffb.ee\/ru\/wp-json\/wp\/v2\/product"}],"about":[{"href":"https:\/\/www.xn--tuksimaailm-ffb.ee\/ru\/wp-json\/wp\/v2\/types\/product"}],"wp:featuredmedia":[{"embeddable":true,"href":"https:\/\/www.xn--tuksimaailm-ffb.ee\/ru\/wp-json\/wp\/v2\/media\/26271"}],"wp:attachment":[{"href":"https:\/\/www.xn--tuksimaailm-ffb.ee\/ru\/wp-json\/wp\/v2\/media?parent=50455"}],"wp:term":[{"taxonomy":"product_brand","embeddable":true,"href":"https:\/\/www.xn--tuksimaailm-ffb.ee\/ru\/wp-json\/wp\/v2\/product_brand?post=50455"},{"taxonomy":"product_cat","embeddable":true,"href":"https:\/\/www.xn--tuksimaailm-ffb.ee\/ru\/wp-json\/wp\/v2\/product_cat?post=50455"},{"taxonomy":"product_tag","embeddable":true,"href":"https:\/\/www.xn--tuksimaailm-ffb.ee\/ru\/wp-json\/wp\/v2\/product_tag?post=50455"},{"taxonomy":"filter_elektritoukeratas","embeddable":true,"href":"https:\/\/www.xn--tuksimaailm-ffb.ee\/ru\/wp-json\/wp\/v2\/filter_elektritoukeratas?post=50455"}],"curies":[{"name":"wp","href":"https:\/\/api.w.org\/{rel}","templated":true}]}}