{"id":50523,"date":"2023-01-04T14:29:26","date_gmt":"2023-01-04T12:29:26","guid":{"rendered":"http:\/\/www.xn--tuksimaailm-ffb.ee\/shop\/%d0%b7%d0%b0%d0%b6%d0%b8%d0%bc-%d0%b4%d0%bb%d1%8f-%d0%ba%d1%80%d0%b5%d0%bf%d0%bb%d0%b5%d0%bd%d0%b8%d1%8f-%d1%88%d1%82%d0%b0%d0%bd%d0%b3%d0%b8-monorim-xiaomi-mi-rigid\/"},"modified":"2023-01-04T14:29:26","modified_gmt":"2023-01-04T11:29:26","slug":"%d0%b7%d0%b0%d0%b6%d0%b8%d0%bc-%d0%b4%d0%bb%d1%8f-%d0%ba%d1%80%d0%b5%d0%bf%d0%bb%d0%b5%d0%bd%d0%b8%d1%8f-%d1%88%d1%82%d0%b0%d0%bd%d0%b3%d0%b8-monorim-xiaomi-mi-rigid","status":"publish","type":"product","link":"https:\/\/www.xn--tuksimaailm-ffb.ee\/ru\/\u043f\u0440\u043e\u0434\u0443\u043a\u0442\/%d0%b7%d0%b0%d0%b6%d0%b8%d0%bc-%d0%b4%d0%bb%d1%8f-%d0%ba%d1%80%d0%b5%d0%bf%d0%bb%d0%b5%d0%bd%d0%b8%d1%8f-%d1%88%d1%82%d0%b0%d0%bd%d0%b3%d0%b8-monorim-xiaomi-mi-rigid\/","title":{"rendered":"\u0417\u0430\u0436\u0438\u043c \u0434\u043b\u044f \u043a\u0440\u0435\u043f\u043b\u0435\u043d\u0438\u044f \u0448\u0442\u0430\u043d\u0433\u0438 Monorim Xiaomi Mi Rigid"},"content":{"rendered":"<p>\u0417\u0430\u0436\u0438\u043c \u0434\u043b\u044f \u0444\u0438\u043a\u0441\u0430\u0446\u0438\u0438 \u0441\u0442\u0440\u0435\u043b\u044b (\u0442\u0440\u0443\u0431\u043a\u0438 \u043e\u0431\u044a\u0435\u043a\u0442\u0438\u0432\u0430) \u043e\u0442 \u0431\u0440\u0435\u043d\u0434\u0430 Monorim, \u043f\u043e\u0434\u0445\u043e\u0434\u0438\u0442 \u0434\u043b\u044f \u044d\u043b\u0435\u043a\u0442\u0440\u043e\u0441\u043a\u0443\u0442\u0435\u0440\u0430 Xiaomi 1S, Pro 2, Mi Electric Scooter 3 (\u0442\u0430\u043a\u0436\u0435 Lite), Essential.<\/p>\n","protected":false},"excerpt":{"rendered":"<p>\u0417\u0430\u0436\u0438\u043c \u0434\u043b\u044f \u0444\u0438\u043a\u0441\u0430\u0446\u0438\u0438 \u0441\u0442\u0440\u0435\u043b\u044b (\u0442\u0440\u0443\u0431\u043a\u0438 \u043e\u0431\u044a\u0435\u043a\u0442\u0438\u0432\u0430) \u043e\u0442 \u0431\u0440\u0435\u043d\u0434\u0430 Monorim, \u043f\u043e\u0434\u0445\u043e\u0434\u0438\u0442 \u0434\u043b\u044f \u044d\u043b\u0435\u043a\u0442\u0440\u043e\u0441\u043a\u0443\u0442\u0435\u0440\u0430 Xiaomi 1S, Pro 2, Mi Electric Scooter 3 (\u0442\u0430\u043a\u0436\u0435 Lite), Essential.<\/p>\n","protected":false},"featured_media":26091,"template":"","meta":[],"product_brand":[],"product_cat":[756,757],"product_tag":[1519],"filter_elektritoukeratas":[],"class_list":{"0":"post-50523","1":"product","2":"type-product","3":"status-publish","4":"has-post-thumbnail","6":"product_cat-756","7":"product_cat-757","8":"product_tag-xiaomi-varuosad-ru","10":"first","11":"onbackorder","12":"taxable","13":"shipping-taxable","14":"purchasable","15":"product-type-simple"},"yoast_head":"<!-- This site is optimized with the Yoast SEO Premium plugin v26.8 (Yoast SEO v27.5) - https:\/\/yoast.com\/product\/yoast-seo-premium-wordpress\/ -->\n<title>\u0417\u0430\u0436\u0438\u043c \u0434\u043b\u044f \u043a\u0440\u0435\u043f\u043b\u0435\u043d\u0438\u044f \u0448\u0442\u0430\u043d\u0433\u0438 Monorim Xiaomi Mi Rigid &#8212; T\u00f5uksimaailm<\/title>\n<meta name=\"robots\" content=\"index, follow, max-snippet:-1, max-image-preview:large, max-video-preview:-1\" \/>\n<link rel=\"canonical\" href=\"https:\/\/www.xn--tuksimaailm-ffb.ee\/ru\/\u043f\u0440\u043e\u0434\u0443\u043a\u0442\/%d0%b7%d0%b0%d0%b6%d0%b8%d0%bc-%d0%b4%d0%bb%d1%8f-%d0%ba%d1%80%d0%b5%d0%bf%d0%bb%d0%b5%d0%bd%d0%b8%d1%8f-%d1%88%d1%82%d0%b0%d0%bd%d0%b3%d0%b8-monorim-xiaomi-mi-rigid\/\" \/>\n<meta property=\"og:locale\" content=\"ru_RU\" \/>\n<meta property=\"og:type\" content=\"article\" \/>\n<meta property=\"og:title\" content=\"\u0417\u0430\u0436\u0438\u043c \u0434\u043b\u044f \u043a\u0440\u0435\u043f\u043b\u0435\u043d\u0438\u044f \u0448\u0442\u0430\u043d\u0433\u0438 Monorim Xiaomi Mi Rigid\" \/>\n<meta property=\"og:description\" content=\"\u0417\u0430\u0436\u0438\u043c \u0434\u043b\u044f \u0444\u0438\u043a\u0441\u0430\u0446\u0438\u0438 \u0441\u0442\u0440\u0435\u043b\u044b (\u0442\u0440\u0443\u0431\u043a\u0438 \u043e\u0431\u044a\u0435\u043a\u0442\u0438\u0432\u0430) \u043e\u0442 \u0431\u0440\u0435\u043d\u0434\u0430 Monorim, \u043f\u043e\u0434\u0445\u043e\u0434\u0438\u0442 \u0434\u043b\u044f \u044d\u043b\u0435\u043a\u0442\u0440\u043e\u0441\u043a\u0443\u0442\u0435\u0440\u0430 Xiaomi 1S, Pro 2, Mi Electric Scooter 3 (\u0442\u0430\u043a\u0436\u0435 Lite), Essential.\" \/>\n<meta property=\"og:url\" content=\"https:\/\/www.xn--tuksimaailm-ffb.ee\/ru\/\u043f\u0440\u043e\u0434\u0443\u043a\u0442\/%d0%b7%d0%b0%d0%b6%d0%b8%d0%bc-%d0%b4%d0%bb%d1%8f-%d0%ba%d1%80%d0%b5%d0%bf%d0%bb%d0%b5%d0%bd%d0%b8%d1%8f-%d1%88%d1%82%d0%b0%d0%bd%d0%b3%d0%b8-monorim-xiaomi-mi-rigid\/\" \/>\n<meta property=\"og:site_name\" content=\"T\u00f5uksimaailm\" \/>\n<meta property=\"article:publisher\" content=\"https:\/\/www.facebook.com\/touksimaailm\/\" \/>\n<meta property=\"og:image\" content=\"https:\/\/www.xn--tuksimaailm-ffb.ee\/wp-content\/uploads\/2023\/01\/Monorim-poomi-fikseerimise-klamber-Xiaomi-1S-Mi-3.jpeg\" \/>\n\t<meta property=\"og:image:width\" content=\"225\" \/>\n\t<meta property=\"og:image:height\" content=\"225\" \/>\n\t<meta property=\"og:image:type\" content=\"image\/jpeg\" \/>\n<meta name=\"twitter:card\" content=\"summary_large_image\" \/>\n<meta name=\"twitter:label1\" content=\"\u0426\u0435\u043d\u0430\" \/>\n\t<meta name=\"twitter:data1\" content=\"&euro;49.50\" \/>\n\t<meta name=\"twitter:label2\" content=\"\u0414\u043e\u0441\u0442\u0443\u043f\u043d\u043e\u0441\u0442\u044c\" \/>\n\t<meta name=\"twitter:data2\" content=\"\u041d\u0430 \u0437\u0430\u043a\u0430\u0437\" \/>\n<meta property=\"product:price:amount\" content=\"49.50\" \/>\n<meta property=\"product:price:currency\" content=\"EUR\" \/>\n<meta property=\"og:availability\" content=\"backorder\" \/>\n<meta property=\"product:availability\" content=\"available for order\" \/>\n<meta property=\"product:condition\" content=\"new\" \/>\n<!-- \/ Yoast SEO Premium plugin. -->","yoast_head_json":{"title":"\u0417\u0430\u0436\u0438\u043c \u0434\u043b\u044f \u043a\u0440\u0435\u043f\u043b\u0435\u043d\u0438\u044f \u0448\u0442\u0430\u043d\u0433\u0438 Monorim Xiaomi Mi Rigid &#8212; T\u00f5uksimaailm","robots":{"index":"index","follow":"follow","max-snippet":"max-snippet:-1","max-image-preview":"max-image-preview:large","max-video-preview":"max-video-preview:-1"},"canonical":"https:\/\/www.xn--tuksimaailm-ffb.ee\/ru\/\u043f\u0440\u043e\u0434\u0443\u043a\u0442\/%d0%b7%d0%b0%d0%b6%d0%b8%d0%bc-%d0%b4%d0%bb%d1%8f-%d0%ba%d1%80%d0%b5%d0%bf%d0%bb%d0%b5%d0%bd%d0%b8%d1%8f-%d1%88%d1%82%d0%b0%d0%bd%d0%b3%d0%b8-monorim-xiaomi-mi-rigid\/","og_locale":"ru_RU","og_type":"article","og_title":"\u0417\u0430\u0436\u0438\u043c \u0434\u043b\u044f \u043a\u0440\u0435\u043f\u043b\u0435\u043d\u0438\u044f \u0448\u0442\u0430\u043d\u0433\u0438 Monorim Xiaomi Mi Rigid","og_description":"\u0417\u0430\u0436\u0438\u043c \u0434\u043b\u044f \u0444\u0438\u043a\u0441\u0430\u0446\u0438\u0438 \u0441\u0442\u0440\u0435\u043b\u044b (\u0442\u0440\u0443\u0431\u043a\u0438 \u043e\u0431\u044a\u0435\u043a\u0442\u0438\u0432\u0430) \u043e\u0442 \u0431\u0440\u0435\u043d\u0434\u0430 Monorim, \u043f\u043e\u0434\u0445\u043e\u0434\u0438\u0442 \u0434\u043b\u044f \u044d\u043b\u0435\u043a\u0442\u0440\u043e\u0441\u043a\u0443\u0442\u0435\u0440\u0430 Xiaomi 1S, Pro 2, Mi Electric Scooter 3 (\u0442\u0430\u043a\u0436\u0435 Lite), Essential.","og_url":"https:\/\/www.xn--tuksimaailm-ffb.ee\/ru\/\u043f\u0440\u043e\u0434\u0443\u043a\u0442\/%d0%b7%d0%b0%d0%b6%d0%b8%d0%bc-%d0%b4%d0%bb%d1%8f-%d0%ba%d1%80%d0%b5%d0%bf%d0%bb%d0%b5%d0%bd%d0%b8%d1%8f-%d1%88%d1%82%d0%b0%d0%bd%d0%b3%d0%b8-monorim-xiaomi-mi-rigid\/","og_site_name":"T\u00f5uksimaailm","article_publisher":"https:\/\/www.facebook.com\/touksimaailm\/","og_image":[{"width":225,"height":225,"url":"https:\/\/www.xn--tuksimaailm-ffb.ee\/wp-content\/uploads\/2023\/01\/Monorim-poomi-fikseerimise-klamber-Xiaomi-1S-Mi-3.jpeg","type":"image\/jpeg"}],"twitter_card":"summary_large_image","twitter_misc":{"\u0426\u0435\u043d\u0430":"&euro;49.50","\u0414\u043e\u0441\u0442\u0443\u043f\u043d\u043e\u0441\u0442\u044c":"\u041d\u0430 \u0437\u0430\u043a\u0430\u0437"},"schema":{"@context":"https:\/\/schema.org","@graph":[{"@type":"WebPage","@id":"https:\/\/www.xn--tuksimaailm-ffb.ee\/ru\/\u043f\u0440\u043e\u0434\u0443\u043a\u0442\/%d0%b7%d0%b0%d0%b6%d0%b8%d0%bc-%d0%b4%d0%bb%d1%8f-%d0%ba%d1%80%d0%b5%d0%bf%d0%bb%d0%b5%d0%bd%d0%b8%d1%8f-%d1%88%d1%82%d0%b0%d0%bd%d0%b3%d0%b8-monorim-xiaomi-mi-rigid\/","url":"https:\/\/www.xn--tuksimaailm-ffb.ee\/ru\/\u043f\u0440\u043e\u0434\u0443\u043a\u0442\/%d0%b7%d0%b0%d0%b6%d0%b8%d0%bc-%d0%b4%d0%bb%d1%8f-%d0%ba%d1%80%d0%b5%d0%bf%d0%bb%d0%b5%d0%bd%d0%b8%d1%8f-%d1%88%d1%82%d0%b0%d0%bd%d0%b3%d0%b8-monorim-xiaomi-mi-rigid\/","name":"\u0417\u0430\u0436\u0438\u043c \u0434\u043b\u044f \u043a\u0440\u0435\u043f\u043b\u0435\u043d\u0438\u044f \u0448\u0442\u0430\u043d\u0433\u0438 Monorim Xiaomi Mi Rigid &#8212; T\u00f5uksimaailm","isPartOf":{"@id":"https:\/\/www.xn--tuksimaailm-ffb.ee\/ru\/#website"},"primaryImageOfPage":{"@id":"https:\/\/www.xn--tuksimaailm-ffb.ee\/ru\/\u043f\u0440\u043e\u0434\u0443\u043a\u0442\/%d0%b7%d0%b0%d0%b6%d0%b8%d0%bc-%d0%b4%d0%bb%d1%8f-%d0%ba%d1%80%d0%b5%d0%bf%d0%bb%d0%b5%d0%bd%d0%b8%d1%8f-%d1%88%d1%82%d0%b0%d0%bd%d0%b3%d0%b8-monorim-xiaomi-mi-rigid\/#primaryimage"},"image":{"@id":"https:\/\/www.xn--tuksimaailm-ffb.ee\/ru\/\u043f\u0440\u043e\u0434\u0443\u043a\u0442\/%d0%b7%d0%b0%d0%b6%d0%b8%d0%bc-%d0%b4%d0%bb%d1%8f-%d0%ba%d1%80%d0%b5%d0%bf%d0%bb%d0%b5%d0%bd%d0%b8%d1%8f-%d1%88%d1%82%d0%b0%d0%bd%d0%b3%d0%b8-monorim-xiaomi-mi-rigid\/#primaryimage"},"thumbnailUrl":"https:\/\/www.xn--tuksimaailm-ffb.ee\/wp-content\/uploads\/2023\/01\/Monorim-poomi-fikseerimise-klamber-Xiaomi-1S-Mi-3.jpeg","datePublished":"2023-01-04T12:29:26+00:00","breadcrumb":{"@id":"https:\/\/www.xn--tuksimaailm-ffb.ee\/ru\/\u043f\u0440\u043e\u0434\u0443\u043a\u0442\/%d0%b7%d0%b0%d0%b6%d0%b8%d0%bc-%d0%b4%d0%bb%d1%8f-%d0%ba%d1%80%d0%b5%d0%bf%d0%bb%d0%b5%d0%bd%d0%b8%d1%8f-%d1%88%d1%82%d0%b0%d0%bd%d0%b3%d0%b8-monorim-xiaomi-mi-rigid\/#breadcrumb"},"inLanguage":"ru-RU","potentialAction":[{"@type":"ReadAction","target":["https:\/\/www.xn--tuksimaailm-ffb.ee\/ru\/\u043f\u0440\u043e\u0434\u0443\u043a\u0442\/%d0%b7%d0%b0%d0%b6%d0%b8%d0%bc-%d0%b4%d0%bb%d1%8f-%d0%ba%d1%80%d0%b5%d0%bf%d0%bb%d0%b5%d0%bd%d0%b8%d1%8f-%d1%88%d1%82%d0%b0%d0%bd%d0%b3%d0%b8-monorim-xiaomi-mi-rigid\/"]}]},{"@type":"ImageObject","inLanguage":"ru-RU","@id":"https:\/\/www.xn--tuksimaailm-ffb.ee\/ru\/\u043f\u0440\u043e\u0434\u0443\u043a\u0442\/%d0%b7%d0%b0%d0%b6%d0%b8%d0%bc-%d0%b4%d0%bb%d1%8f-%d0%ba%d1%80%d0%b5%d0%bf%d0%bb%d0%b5%d0%bd%d0%b8%d1%8f-%d1%88%d1%82%d0%b0%d0%bd%d0%b3%d0%b8-monorim-xiaomi-mi-rigid\/#primaryimage","url":"https:\/\/www.xn--tuksimaailm-ffb.ee\/wp-content\/uploads\/2023\/01\/Monorim-poomi-fikseerimise-klamber-Xiaomi-1S-Mi-3.jpeg","contentUrl":"https:\/\/www.xn--tuksimaailm-ffb.ee\/wp-content\/uploads\/2023\/01\/Monorim-poomi-fikseerimise-klamber-Xiaomi-1S-Mi-3.jpeg","width":225,"height":225,"caption":"Monorim poomi fikseerimise klamber Xiaomi 1S Mi 3"},{"@type":"BreadcrumbList","@id":"https:\/\/www.xn--tuksimaailm-ffb.ee\/ru\/\u043f\u0440\u043e\u0434\u0443\u043a\u0442\/%d0%b7%d0%b0%d0%b6%d0%b8%d0%bc-%d0%b4%d0%bb%d1%8f-%d0%ba%d1%80%d0%b5%d0%bf%d0%bb%d0%b5%d0%bd%d0%b8%d1%8f-%d1%88%d1%82%d0%b0%d0%bd%d0%b3%d0%b8-monorim-xiaomi-mi-rigid\/#breadcrumb","itemListElement":[{"@type":"ListItem","position":1,"name":"Home","item":"https:\/\/www.xn--tuksimaailm-ffb.ee\/ru\/frontpage\/"},{"@type":"ListItem","position":2,"name":"\u041c\u0410\u0413\u0410\u0417\u0418\u041d","item":"https:\/\/www.xn--tuksimaailm-ffb.ee\/elektritoukerataste-pood\/"},{"@type":"ListItem","position":3,"name":"\u0417\u0430\u0436\u0438\u043c \u0434\u043b\u044f \u043a\u0440\u0435\u043f\u043b\u0435\u043d\u0438\u044f \u0448\u0442\u0430\u043d\u0433\u0438 Monorim Xiaomi Mi Rigid"}]},{"@type":"WebSite","@id":"https:\/\/www.xn--tuksimaailm-ffb.ee\/ru\/#website","url":"https:\/\/www.xn--tuksimaailm-ffb.ee\/ru\/","name":"T\u00f5uksimaailm","description":"Elektrit\u00f5ukerataste m\u00fc\u00fck, remont ja rent","publisher":{"@id":"https:\/\/www.xn--tuksimaailm-ffb.ee\/ru\/#organization"},"potentialAction":[{"@type":"SearchAction","target":{"@type":"EntryPoint","urlTemplate":"https:\/\/www.xn--tuksimaailm-ffb.ee\/ru\/?s={search_term_string}"},"query-input":{"@type":"PropertyValueSpecification","valueRequired":true,"valueName":"search_term_string"}}],"inLanguage":"ru-RU"},{"@type":"Organization","@id":"https:\/\/www.xn--tuksimaailm-ffb.ee\/ru\/#organization","name":"T\u00f5uksimaailm","url":"https:\/\/www.xn--tuksimaailm-ffb.ee\/ru\/","logo":{"@type":"ImageObject","inLanguage":"ru-RU","@id":"https:\/\/www.xn--tuksimaailm-ffb.ee\/ru\/#\/schema\/logo\/image\/","url":"https:\/\/www.xn--tuksimaailm-ffb.ee\/wp-content\/uploads\/2020\/01\/logoz-e1579792875517.png","contentUrl":"https:\/\/www.xn--tuksimaailm-ffb.ee\/wp-content\/uploads\/2020\/01\/logoz-e1579792875517.png","width":250,"height":250,"caption":"T\u00f5uksimaailm"},"image":{"@id":"https:\/\/www.xn--tuksimaailm-ffb.ee\/ru\/#\/schema\/logo\/image\/"},"sameAs":["https:\/\/www.facebook.com\/touksimaailm\/","https:\/\/www.instagram.com\/touksimaailm_\/","https:\/\/www.youtube.com\/channel\/UC18ml0EKIDLP1xGuQjFzcXQ"]}]},"product_price_amount":"49.50","product_price_currency":"EUR","og_availability":"backorder","product_availability":"available for order","product_condition":"new"},"jetpack_sharing_enabled":true,"_links":{"self":[{"href":"https:\/\/www.xn--tuksimaailm-ffb.ee\/ru\/wp-json\/wp\/v2\/product\/50523","targetHints":{"allow":["GET"]}}],"collection":[{"href":"https:\/\/www.xn--tuksimaailm-ffb.ee\/ru\/wp-json\/wp\/v2\/product"}],"about":[{"href":"https:\/\/www.xn--tuksimaailm-ffb.ee\/ru\/wp-json\/wp\/v2\/types\/product"}],"wp:featuredmedia":[{"embeddable":true,"href":"https:\/\/www.xn--tuksimaailm-ffb.ee\/ru\/wp-json\/wp\/v2\/media\/26091"}],"wp:attachment":[{"href":"https:\/\/www.xn--tuksimaailm-ffb.ee\/ru\/wp-json\/wp\/v2\/media?parent=50523"}],"wp:term":[{"taxonomy":"product_brand","embeddable":true,"href":"https:\/\/www.xn--tuksimaailm-ffb.ee\/ru\/wp-json\/wp\/v2\/product_brand?post=50523"},{"taxonomy":"product_cat","embeddable":true,"href":"https:\/\/www.xn--tuksimaailm-ffb.ee\/ru\/wp-json\/wp\/v2\/product_cat?post=50523"},{"taxonomy":"product_tag","embeddable":true,"href":"https:\/\/www.xn--tuksimaailm-ffb.ee\/ru\/wp-json\/wp\/v2\/product_tag?post=50523"},{"taxonomy":"filter_elektritoukeratas","embeddable":true,"href":"https:\/\/www.xn--tuksimaailm-ffb.ee\/ru\/wp-json\/wp\/v2\/filter_elektritoukeratas?post=50523"}],"curies":[{"name":"wp","href":"https:\/\/api.w.org\/{rel}","templated":true}]}}