{"id":50554,"date":"2023-01-02T19:22:48","date_gmt":"2023-01-02T17:22:48","guid":{"rendered":"http:\/\/www.xn--tuksimaailm-ffb.ee\/shop\/%d1%8d%d0%ba%d1%80%d0%b0%d0%bd-%d0%b4%d0%b8%d1%81%d0%bf%d0%bb%d0%b5%d1%8f-kugoo-s1-s3-%d1%8d%d0%bb%d0%b5%d0%ba%d1%82%d1%80%d0%b8%d1%87%d0%b5%d1%81%d0%ba%d0%b8%d0%b9-%d1%81%d0%ba%d1%83%d1%82%d0%b5\/"},"modified":"2023-01-02T19:22:48","modified_gmt":"2023-01-02T16:22:48","slug":"%d1%8d%d0%ba%d1%80%d0%b0%d0%bd-%d0%b4%d0%b8%d1%81%d0%bf%d0%bb%d0%b5%d1%8f-kugoo-s1-s3-%d1%8d%d0%bb%d0%b5%d0%ba%d1%82%d1%80%d0%b8%d1%87%d0%b5%d1%81%d0%ba%d0%b8%d0%b9-%d1%81%d0%ba%d1%83%d1%82%d0%b5","status":"publish","type":"product","link":"https:\/\/www.xn--tuksimaailm-ffb.ee\/ru\/\u043f\u0440\u043e\u0434\u0443\u043a\u0442\/%d1%8d%d0%ba%d1%80%d0%b0%d0%bd-%d0%b4%d0%b8%d1%81%d0%bf%d0%bb%d0%b5%d1%8f-kugoo-s1-s3-%d1%8d%d0%bb%d0%b5%d0%ba%d1%82%d1%80%d0%b8%d1%87%d0%b5%d1%81%d0%ba%d0%b8%d0%b9-%d1%81%d0%ba%d1%83%d1%82%d0%b5\/","title":{"rendered":"\u042d\u043a\u0440\u0430\u043d \u0434\u0438\u0441\u043f\u043b\u0435\u044f Kugoo S1 S3 \u044d\u043b\u0435\u043a\u0442\u0440\u0438\u0447\u0435\u0441\u043a\u0438\u0439 \u0441\u043a\u0443\u0442\u0435\u0440 V2"},"content":{"rendered":"<p>\u0414\u0438\u0441\u043f\u043b\u0435\u0439 (\u0442\u0430\u043a\u0436\u0435 \u044d\u043a\u0440\u0430\u043d, \u043f\u0430\u043d\u0435\u043b\u044c \u0443\u043f\u0440\u0430\u0432\u043b\u0435\u043d\u0438\u044f), \u043f\u043e\u0434\u0445\u043e\u0434\u0438\u0442 \u0434\u043b\u044f \u044d\u043b\u0435\u043a\u0442\u0440\u043e\u0441\u043a\u0443\u0442\u0435\u0440\u0430 Kugoo S1 \u0438 S3, V2 \u0431\u043e\u043b\u0435\u0435 \u043d\u043e\u0432\u043e\u0439 \u0432\u0435\u0440\u0441\u0438\u0438.<\/p>\n","protected":false},"excerpt":{"rendered":"<p>\u0414\u0438\u0441\u043f\u043b\u0435\u0439 (\u0442\u0430\u043a\u0436\u0435 \u044d\u043a\u0440\u0430\u043d, \u043f\u0430\u043d\u0435\u043b\u044c \u0443\u043f\u0440\u0430\u0432\u043b\u0435\u043d\u0438\u044f), \u043f\u043e\u0434\u0445\u043e\u0434\u0438\u0442 \u0434\u043b\u044f \u044d\u043b\u0435\u043a\u0442\u0440\u043e\u0441\u043a\u0443\u0442\u0435\u0440\u0430 Kugoo S1 \u0438 S3, V2 \u0431\u043e\u043b\u0435\u0435 \u043d\u043e\u0432\u043e\u0439 \u0432\u0435\u0440\u0441\u0438\u0438.<\/p>\n","protected":false},"featured_media":25912,"template":"","meta":[],"product_brand":[],"product_cat":[757],"product_tag":[],"filter_elektritoukeratas":[2649,2651],"class_list":{"0":"post-50554","1":"product","2":"type-product","3":"status-publish","4":"has-post-thumbnail","6":"product_cat-757","7":"filter_elektritoukeratas-ft_kugoo_s1_s1_plus_s1_pro_s1_max","8":"filter_elektritoukeratas-ft_kugoo_s3_s3_plus_s3_pro","10":"first","11":"instock","12":"taxable","13":"shipping-taxable","14":"purchasable","15":"product-type-simple"},"yoast_head":"<!-- This site is optimized with the Yoast SEO Premium plugin v26.8 (Yoast SEO v27.3) - https:\/\/yoast.com\/product\/yoast-seo-premium-wordpress\/ -->\n<title>\u042d\u043a\u0440\u0430\u043d \u0434\u0438\u0441\u043f\u043b\u0435\u044f Kugoo S1 S3 \u044d\u043b\u0435\u043a\u0442\u0440\u0438\u0447\u0435\u0441\u043a\u0438\u0439 \u0441\u043a\u0443\u0442\u0435\u0440 V2 &#8212; T\u00f5uksimaailm<\/title>\n<meta name=\"robots\" content=\"index, follow, max-snippet:-1, max-image-preview:large, max-video-preview:-1\" \/>\n<link rel=\"canonical\" href=\"https:\/\/www.xn--tuksimaailm-ffb.ee\/ru\/\u043f\u0440\u043e\u0434\u0443\u043a\u0442\/%d1%8d%d0%ba%d1%80%d0%b0%d0%bd-%d0%b4%d0%b8%d1%81%d0%bf%d0%bb%d0%b5%d1%8f-kugoo-s1-s3-%d1%8d%d0%bb%d0%b5%d0%ba%d1%82%d1%80%d0%b8%d1%87%d0%b5%d1%81%d0%ba%d0%b8%d0%b9-%d1%81%d0%ba%d1%83%d1%82%d0%b5\/\" \/>\n<meta property=\"og:locale\" content=\"ru_RU\" \/>\n<meta property=\"og:type\" content=\"article\" \/>\n<meta property=\"og:title\" content=\"\u042d\u043a\u0440\u0430\u043d \u0434\u0438\u0441\u043f\u043b\u0435\u044f Kugoo S1 S3 \u044d\u043b\u0435\u043a\u0442\u0440\u0438\u0447\u0435\u0441\u043a\u0438\u0439 \u0441\u043a\u0443\u0442\u0435\u0440 V2\" \/>\n<meta property=\"og:description\" content=\"\u0414\u0438\u0441\u043f\u043b\u0435\u0439 (\u0442\u0430\u043a\u0436\u0435 \u044d\u043a\u0440\u0430\u043d, \u043f\u0430\u043d\u0435\u043b\u044c \u0443\u043f\u0440\u0430\u0432\u043b\u0435\u043d\u0438\u044f), \u043f\u043e\u0434\u0445\u043e\u0434\u0438\u0442 \u0434\u043b\u044f \u044d\u043b\u0435\u043a\u0442\u0440\u043e\u0441\u043a\u0443\u0442\u0435\u0440\u0430 Kugoo S1 \u0438 S3, V2 \u0431\u043e\u043b\u0435\u0435 \u043d\u043e\u0432\u043e\u0439 \u0432\u0435\u0440\u0441\u0438\u0438.\" \/>\n<meta property=\"og:url\" content=\"https:\/\/www.xn--tuksimaailm-ffb.ee\/ru\/\u043f\u0440\u043e\u0434\u0443\u043a\u0442\/%d1%8d%d0%ba%d1%80%d0%b0%d0%bd-%d0%b4%d0%b8%d1%81%d0%bf%d0%bb%d0%b5%d1%8f-kugoo-s1-s3-%d1%8d%d0%bb%d0%b5%d0%ba%d1%82%d1%80%d0%b8%d1%87%d0%b5%d1%81%d0%ba%d0%b8%d0%b9-%d1%81%d0%ba%d1%83%d1%82%d0%b5\/\" \/>\n<meta property=\"og:site_name\" content=\"T\u00f5uksimaailm\" \/>\n<meta property=\"article:publisher\" content=\"https:\/\/www.facebook.com\/touksimaailm\/\" \/>\n<meta property=\"og:image\" content=\"https:\/\/www.xn--tuksimaailm-ffb.ee\/wp-content\/uploads\/2023\/01\/Display-ekraan-Kugoo-S1-S3-elektritoukeratas-V2.webp\" \/>\n\t<meta property=\"og:image:width\" content=\"1920\" \/>\n\t<meta property=\"og:image:height\" content=\"1440\" \/>\n\t<meta property=\"og:image:type\" content=\"image\/webp\" \/>\n<meta name=\"twitter:card\" content=\"summary_large_image\" \/>\n<meta name=\"twitter:label1\" content=\"\u0426\u0435\u043d\u0430\" \/>\n\t<meta name=\"twitter:data1\" content=\"&euro;55.00\" \/>\n\t<meta name=\"twitter:label2\" content=\"\u0414\u043e\u0441\u0442\u0443\u043f\u043d\u043e\u0441\u0442\u044c\" \/>\n\t<meta name=\"twitter:data2\" content=\"\u0412 \u043d\u0430\u043b\u0438\u0447\u0438\u0438\" \/>\n<meta property=\"product:price:amount\" content=\"55.00\" \/>\n<meta property=\"product:price:currency\" content=\"EUR\" \/>\n<meta property=\"og:availability\" content=\"instock\" \/>\n<meta property=\"product:availability\" content=\"instock\" \/>\n<meta property=\"product:condition\" content=\"new\" \/>\n<!-- \/ Yoast SEO Premium plugin. -->","yoast_head_json":{"title":"\u042d\u043a\u0440\u0430\u043d \u0434\u0438\u0441\u043f\u043b\u0435\u044f Kugoo S1 S3 \u044d\u043b\u0435\u043a\u0442\u0440\u0438\u0447\u0435\u0441\u043a\u0438\u0439 \u0441\u043a\u0443\u0442\u0435\u0440 V2 &#8212; T\u00f5uksimaailm","robots":{"index":"index","follow":"follow","max-snippet":"max-snippet:-1","max-image-preview":"max-image-preview:large","max-video-preview":"max-video-preview:-1"},"canonical":"https:\/\/www.xn--tuksimaailm-ffb.ee\/ru\/\u043f\u0440\u043e\u0434\u0443\u043a\u0442\/%d1%8d%d0%ba%d1%80%d0%b0%d0%bd-%d0%b4%d0%b8%d1%81%d0%bf%d0%bb%d0%b5%d1%8f-kugoo-s1-s3-%d1%8d%d0%bb%d0%b5%d0%ba%d1%82%d1%80%d0%b8%d1%87%d0%b5%d1%81%d0%ba%d0%b8%d0%b9-%d1%81%d0%ba%d1%83%d1%82%d0%b5\/","og_locale":"ru_RU","og_type":"article","og_title":"\u042d\u043a\u0440\u0430\u043d \u0434\u0438\u0441\u043f\u043b\u0435\u044f Kugoo S1 S3 \u044d\u043b\u0435\u043a\u0442\u0440\u0438\u0447\u0435\u0441\u043a\u0438\u0439 \u0441\u043a\u0443\u0442\u0435\u0440 V2","og_description":"\u0414\u0438\u0441\u043f\u043b\u0435\u0439 (\u0442\u0430\u043a\u0436\u0435 \u044d\u043a\u0440\u0430\u043d, \u043f\u0430\u043d\u0435\u043b\u044c \u0443\u043f\u0440\u0430\u0432\u043b\u0435\u043d\u0438\u044f), \u043f\u043e\u0434\u0445\u043e\u0434\u0438\u0442 \u0434\u043b\u044f \u044d\u043b\u0435\u043a\u0442\u0440\u043e\u0441\u043a\u0443\u0442\u0435\u0440\u0430 Kugoo S1 \u0438 S3, V2 \u0431\u043e\u043b\u0435\u0435 \u043d\u043e\u0432\u043e\u0439 \u0432\u0435\u0440\u0441\u0438\u0438.","og_url":"https:\/\/www.xn--tuksimaailm-ffb.ee\/ru\/\u043f\u0440\u043e\u0434\u0443\u043a\u0442\/%d1%8d%d0%ba%d1%80%d0%b0%d0%bd-%d0%b4%d0%b8%d1%81%d0%bf%d0%bb%d0%b5%d1%8f-kugoo-s1-s3-%d1%8d%d0%bb%d0%b5%d0%ba%d1%82%d1%80%d0%b8%d1%87%d0%b5%d1%81%d0%ba%d0%b8%d0%b9-%d1%81%d0%ba%d1%83%d1%82%d0%b5\/","og_site_name":"T\u00f5uksimaailm","article_publisher":"https:\/\/www.facebook.com\/touksimaailm\/","og_image":[{"width":1920,"height":1440,"url":"https:\/\/www.xn--tuksimaailm-ffb.ee\/wp-content\/uploads\/2023\/01\/Display-ekraan-Kugoo-S1-S3-elektritoukeratas-V2.webp","type":"image\/webp"}],"twitter_card":"summary_large_image","twitter_misc":{"\u0426\u0435\u043d\u0430":"&euro;55.00","\u0414\u043e\u0441\u0442\u0443\u043f\u043d\u043e\u0441\u0442\u044c":"\u0412 \u043d\u0430\u043b\u0438\u0447\u0438\u0438"},"schema":{"@context":"https:\/\/schema.org","@graph":[{"@type":"WebPage","@id":"https:\/\/www.xn--tuksimaailm-ffb.ee\/ru\/\u043f\u0440\u043e\u0434\u0443\u043a\u0442\/%d1%8d%d0%ba%d1%80%d0%b0%d0%bd-%d0%b4%d0%b8%d1%81%d0%bf%d0%bb%d0%b5%d1%8f-kugoo-s1-s3-%d1%8d%d0%bb%d0%b5%d0%ba%d1%82%d1%80%d0%b8%d1%87%d0%b5%d1%81%d0%ba%d0%b8%d0%b9-%d1%81%d0%ba%d1%83%d1%82%d0%b5\/","url":"https:\/\/www.xn--tuksimaailm-ffb.ee\/ru\/\u043f\u0440\u043e\u0434\u0443\u043a\u0442\/%d1%8d%d0%ba%d1%80%d0%b0%d0%bd-%d0%b4%d0%b8%d1%81%d0%bf%d0%bb%d0%b5%d1%8f-kugoo-s1-s3-%d1%8d%d0%bb%d0%b5%d0%ba%d1%82%d1%80%d0%b8%d1%87%d0%b5%d1%81%d0%ba%d0%b8%d0%b9-%d1%81%d0%ba%d1%83%d1%82%d0%b5\/","name":"\u042d\u043a\u0440\u0430\u043d \u0434\u0438\u0441\u043f\u043b\u0435\u044f Kugoo S1 S3 \u044d\u043b\u0435\u043a\u0442\u0440\u0438\u0447\u0435\u0441\u043a\u0438\u0439 \u0441\u043a\u0443\u0442\u0435\u0440 V2 &#8212; T\u00f5uksimaailm","isPartOf":{"@id":"https:\/\/www.xn--tuksimaailm-ffb.ee\/ru\/#website"},"primaryImageOfPage":{"@id":"https:\/\/www.xn--tuksimaailm-ffb.ee\/ru\/\u043f\u0440\u043e\u0434\u0443\u043a\u0442\/%d1%8d%d0%ba%d1%80%d0%b0%d0%bd-%d0%b4%d0%b8%d1%81%d0%bf%d0%bb%d0%b5%d1%8f-kugoo-s1-s3-%d1%8d%d0%bb%d0%b5%d0%ba%d1%82%d1%80%d0%b8%d1%87%d0%b5%d1%81%d0%ba%d0%b8%d0%b9-%d1%81%d0%ba%d1%83%d1%82%d0%b5\/#primaryimage"},"image":{"@id":"https:\/\/www.xn--tuksimaailm-ffb.ee\/ru\/\u043f\u0440\u043e\u0434\u0443\u043a\u0442\/%d1%8d%d0%ba%d1%80%d0%b0%d0%bd-%d0%b4%d0%b8%d1%81%d0%bf%d0%bb%d0%b5%d1%8f-kugoo-s1-s3-%d1%8d%d0%bb%d0%b5%d0%ba%d1%82%d1%80%d0%b8%d1%87%d0%b5%d1%81%d0%ba%d0%b8%d0%b9-%d1%81%d0%ba%d1%83%d1%82%d0%b5\/#primaryimage"},"thumbnailUrl":"https:\/\/www.xn--tuksimaailm-ffb.ee\/wp-content\/uploads\/2023\/01\/Display-ekraan-Kugoo-S1-S3-elektritoukeratas-V2.webp","datePublished":"2023-01-02T17:22:48+00:00","breadcrumb":{"@id":"https:\/\/www.xn--tuksimaailm-ffb.ee\/ru\/\u043f\u0440\u043e\u0434\u0443\u043a\u0442\/%d1%8d%d0%ba%d1%80%d0%b0%d0%bd-%d0%b4%d0%b8%d1%81%d0%bf%d0%bb%d0%b5%d1%8f-kugoo-s1-s3-%d1%8d%d0%bb%d0%b5%d0%ba%d1%82%d1%80%d0%b8%d1%87%d0%b5%d1%81%d0%ba%d0%b8%d0%b9-%d1%81%d0%ba%d1%83%d1%82%d0%b5\/#breadcrumb"},"inLanguage":"ru-RU","potentialAction":[{"@type":"ReadAction","target":["https:\/\/www.xn--tuksimaailm-ffb.ee\/ru\/\u043f\u0440\u043e\u0434\u0443\u043a\u0442\/%d1%8d%d0%ba%d1%80%d0%b0%d0%bd-%d0%b4%d0%b8%d1%81%d0%bf%d0%bb%d0%b5%d1%8f-kugoo-s1-s3-%d1%8d%d0%bb%d0%b5%d0%ba%d1%82%d1%80%d0%b8%d1%87%d0%b5%d1%81%d0%ba%d0%b8%d0%b9-%d1%81%d0%ba%d1%83%d1%82%d0%b5\/"]}]},{"@type":"ImageObject","inLanguage":"ru-RU","@id":"https:\/\/www.xn--tuksimaailm-ffb.ee\/ru\/\u043f\u0440\u043e\u0434\u0443\u043a\u0442\/%d1%8d%d0%ba%d1%80%d0%b0%d0%bd-%d0%b4%d0%b8%d1%81%d0%bf%d0%bb%d0%b5%d1%8f-kugoo-s1-s3-%d1%8d%d0%bb%d0%b5%d0%ba%d1%82%d1%80%d0%b8%d1%87%d0%b5%d1%81%d0%ba%d0%b8%d0%b9-%d1%81%d0%ba%d1%83%d1%82%d0%b5\/#primaryimage","url":"https:\/\/www.xn--tuksimaailm-ffb.ee\/wp-content\/uploads\/2023\/01\/Display-ekraan-Kugoo-S1-S3-elektritoukeratas-V2.webp","contentUrl":"https:\/\/www.xn--tuksimaailm-ffb.ee\/wp-content\/uploads\/2023\/01\/Display-ekraan-Kugoo-S1-S3-elektritoukeratas-V2.webp","width":1920,"height":1440,"caption":"Display ekraan Kugoo S1 S3 elektrit\u00f5ukeratas V2"},{"@type":"BreadcrumbList","@id":"https:\/\/www.xn--tuksimaailm-ffb.ee\/ru\/\u043f\u0440\u043e\u0434\u0443\u043a\u0442\/%d1%8d%d0%ba%d1%80%d0%b0%d0%bd-%d0%b4%d0%b8%d1%81%d0%bf%d0%bb%d0%b5%d1%8f-kugoo-s1-s3-%d1%8d%d0%bb%d0%b5%d0%ba%d1%82%d1%80%d0%b8%d1%87%d0%b5%d1%81%d0%ba%d0%b8%d0%b9-%d1%81%d0%ba%d1%83%d1%82%d0%b5\/#breadcrumb","itemListElement":[{"@type":"ListItem","position":1,"name":"Home","item":"https:\/\/www.xn--tuksimaailm-ffb.ee\/ru\/frontpage\/"},{"@type":"ListItem","position":2,"name":"\u041c\u0410\u0413\u0410\u0417\u0418\u041d","item":"https:\/\/www.xn--tuksimaailm-ffb.ee\/elektritoukerataste-pood\/"},{"@type":"ListItem","position":3,"name":"\u042d\u043a\u0440\u0430\u043d \u0434\u0438\u0441\u043f\u043b\u0435\u044f Kugoo S1 S3 \u044d\u043b\u0435\u043a\u0442\u0440\u0438\u0447\u0435\u0441\u043a\u0438\u0439 \u0441\u043a\u0443\u0442\u0435\u0440 V2"}]},{"@type":"WebSite","@id":"https:\/\/www.xn--tuksimaailm-ffb.ee\/ru\/#website","url":"https:\/\/www.xn--tuksimaailm-ffb.ee\/ru\/","name":"T\u00f5uksimaailm","description":"Elektrit\u00f5ukerataste m\u00fc\u00fck, remont ja rent","publisher":{"@id":"https:\/\/www.xn--tuksimaailm-ffb.ee\/ru\/#organization"},"potentialAction":[{"@type":"SearchAction","target":{"@type":"EntryPoint","urlTemplate":"https:\/\/www.xn--tuksimaailm-ffb.ee\/ru\/?s={search_term_string}"},"query-input":{"@type":"PropertyValueSpecification","valueRequired":true,"valueName":"search_term_string"}}],"inLanguage":"ru-RU"},{"@type":"Organization","@id":"https:\/\/www.xn--tuksimaailm-ffb.ee\/ru\/#organization","name":"T\u00f5uksimaailm","url":"https:\/\/www.xn--tuksimaailm-ffb.ee\/ru\/","logo":{"@type":"ImageObject","inLanguage":"ru-RU","@id":"https:\/\/www.xn--tuksimaailm-ffb.ee\/ru\/#\/schema\/logo\/image\/","url":"https:\/\/www.xn--tuksimaailm-ffb.ee\/wp-content\/uploads\/2020\/01\/logoz-e1579792875517.png","contentUrl":"https:\/\/www.xn--tuksimaailm-ffb.ee\/wp-content\/uploads\/2020\/01\/logoz-e1579792875517.png","width":250,"height":250,"caption":"T\u00f5uksimaailm"},"image":{"@id":"https:\/\/www.xn--tuksimaailm-ffb.ee\/ru\/#\/schema\/logo\/image\/"},"sameAs":["https:\/\/www.facebook.com\/touksimaailm\/","https:\/\/www.instagram.com\/touksimaailm_\/","https:\/\/www.youtube.com\/channel\/UC18ml0EKIDLP1xGuQjFzcXQ"]}]},"product_price_amount":"55.00","product_price_currency":"EUR","og_availability":"instock","product_availability":"instock","product_condition":"new"},"jetpack_sharing_enabled":true,"_links":{"self":[{"href":"https:\/\/www.xn--tuksimaailm-ffb.ee\/ru\/wp-json\/wp\/v2\/product\/50554","targetHints":{"allow":["GET"]}}],"collection":[{"href":"https:\/\/www.xn--tuksimaailm-ffb.ee\/ru\/wp-json\/wp\/v2\/product"}],"about":[{"href":"https:\/\/www.xn--tuksimaailm-ffb.ee\/ru\/wp-json\/wp\/v2\/types\/product"}],"wp:featuredmedia":[{"embeddable":true,"href":"https:\/\/www.xn--tuksimaailm-ffb.ee\/ru\/wp-json\/wp\/v2\/media\/25912"}],"wp:attachment":[{"href":"https:\/\/www.xn--tuksimaailm-ffb.ee\/ru\/wp-json\/wp\/v2\/media?parent=50554"}],"wp:term":[{"taxonomy":"product_brand","embeddable":true,"href":"https:\/\/www.xn--tuksimaailm-ffb.ee\/ru\/wp-json\/wp\/v2\/product_brand?post=50554"},{"taxonomy":"product_cat","embeddable":true,"href":"https:\/\/www.xn--tuksimaailm-ffb.ee\/ru\/wp-json\/wp\/v2\/product_cat?post=50554"},{"taxonomy":"product_tag","embeddable":true,"href":"https:\/\/www.xn--tuksimaailm-ffb.ee\/ru\/wp-json\/wp\/v2\/product_tag?post=50554"},{"taxonomy":"filter_elektritoukeratas","embeddable":true,"href":"https:\/\/www.xn--tuksimaailm-ffb.ee\/ru\/wp-json\/wp\/v2\/filter_elektritoukeratas?post=50554"}],"curies":[{"name":"wp","href":"https:\/\/api.w.org\/{rel}","templated":true}]}}