{"id":50618,"date":"2022-12-31T16:36:29","date_gmt":"2022-12-31T14:36:29","guid":{"rendered":"http:\/\/www.xn--tuksimaailm-ffb.ee\/shop\/%d0%bc%d0%b5%d1%85%d0%b0%d0%bd%d0%b8%d0%b7%d0%bc-%d1%84%d0%b8%d0%ba%d1%81%d0%b0%d1%86%d0%b8%d0%b8-%d1%80%d0%b0%d0%b7%d0%b2%d0%b0%d0%bb%d0%b0-xiaomi\/"},"modified":"2022-12-31T16:36:29","modified_gmt":"2022-12-31T13:36:29","slug":"%d0%bc%d0%b5%d1%85%d0%b0%d0%bd%d0%b8%d0%b7%d0%bc-%d1%84%d0%b8%d0%ba%d1%81%d0%b0%d1%86%d0%b8%d0%b8-%d1%80%d0%b0%d0%b7%d0%b2%d0%b0%d0%bb%d0%b0-xiaomi","status":"publish","type":"product","link":"https:\/\/www.xn--tuksimaailm-ffb.ee\/ru\/\u043f\u0440\u043e\u0434\u0443\u043a\u0442\/%d0%bc%d0%b5%d1%85%d0%b0%d0%bd%d0%b8%d0%b7%d0%bc-%d1%84%d0%b8%d0%ba%d1%81%d0%b0%d1%86%d0%b8%d0%b8-%d1%80%d0%b0%d0%b7%d0%b2%d0%b0%d0%bb%d0%b0-xiaomi\/","title":{"rendered":"\u041c\u0435\u0445\u0430\u043d\u0438\u0437\u043c \u0444\u0438\u043a\u0441\u0430\u0446\u0438\u0438 \u0440\u0430\u0437\u0432\u0430\u043b\u0430 Xiaomi"},"content":{"rendered":"<p>\u041c\u0435\u0445\u0430\u043d\u0438\u0437\u043c \u0444\u0438\u043a\u0441\u0430\u0446\u0438\u0438 \u0440\u0430\u0437\u0432\u0430\u043b\u0430 Xiaomi. \u0421 \u043f\u043e\u043c\u043e\u0449\u044c\u044e \u043c\u0435\u0445\u0430\u043d\u0438\u0437\u043c\u0430 \u0444\u0438\u043a\u0441\u0430\u0446\u0438\u0438 \u0440\u0430\u0437\u0432\u0430\u043b\u0438\u0432\u0430\u044e\u0449\u0435\u0439\u0441\u044f \u0447\u0430\u0441\u0442\u0438 \u043c\u043e\u0436\u043d\u043e \u0441\u043d\u044f\u0442\u044c \u0440\u0430\u0437\u0432\u0430\u043b\u0438\u0432\u0430\u044e\u0449\u0438\u0439\u0441\u044f \u0437\u0430\u0436\u0438\u043c \u0438 \u0435\u0433\u043e \u043a\u043e\u043d\u0441\u0442\u0440\u0443\u043a\u0446\u0438\u044e \u0438 \u0438\u0437\u0431\u0430\u0432\u0438\u0442\u044c\u0441\u044f \u043e\u0442 \u043f\u0440\u043e\u0432\u0438\u0441\u0430\u043d\u0438\u0439 \u0438 \u0449\u0435\u043b\u0447\u043a\u043e\u0432, \u0432\u044b\u0437\u0432\u0430\u043d\u043d\u044b\u0445 \u0443\u0441\u0442\u0430\u043b\u043e\u0441\u0442\u044c\u044e \u043c\u0435\u0445\u0430\u043d\u0438\u0437\u043c\u0430. \u0417\u0430\u0436\u0438\u043c \u043f\u043e\u0434\u0445\u043e\u0434\u0438\u0442 \u0434\u043b\u044f \u044d\u043b\u0435\u043a\u0442\u0440\u043e\u0441\u043a\u0443\u0442\u0435\u0440\u043e\u0432 Xiaomi 1S, Pro 2, M365, Mi Electric Scooter 3, Mi Essential \u0438 3 Lite.<\/p>\n","protected":false},"excerpt":{"rendered":"<p>\u041c\u0435\u0445\u0430\u043d\u0438\u0437\u043c \u0444\u0438\u043a\u0441\u0430\u0446\u0438\u0438 \u0440\u0430\u0437\u0432\u0430\u043b\u0430 Xiaomi. \u0421 \u043f\u043e\u043c\u043e\u0449\u044c\u044e \u043c\u0435\u0445\u0430\u043d\u0438\u0437\u043c\u0430 \u0444\u0438\u043a\u0441\u0430\u0446\u0438\u0438 \u0440\u0430\u0437\u0432\u0430\u043b\u0438\u0432\u0430\u044e\u0449\u0435\u0439\u0441\u044f \u0447\u0430\u0441\u0442\u0438 \u043c\u043e\u0436\u043d\u043e \u0441\u043d\u044f\u0442\u044c \u0440\u0430\u0437\u0432\u0430\u043b\u0438\u0432\u0430\u044e\u0449\u0438\u0439\u0441\u044f \u0437\u0430\u0436\u0438\u043c \u0438 \u0435\u0433\u043e \u043a\u043e\u043d\u0441\u0442\u0440\u0443\u043a\u0446\u0438\u044e \u0438 \u0438\u0437\u0431\u0430\u0432\u0438\u0442\u044c\u0441\u044f \u043e\u0442 \u043f\u0440\u043e\u0432\u0438\u0441\u0430\u043d\u0438\u0439 \u0438 \u0449\u0435\u043b\u0447\u043a\u043e\u0432, \u0432\u044b\u0437\u0432\u0430\u043d\u043d\u044b\u0445 \u0443\u0441\u0442\u0430\u043b\u043e\u0441\u0442\u044c\u044e \u043c\u0435\u0445\u0430\u043d\u0438\u0437\u043c\u0430. \u0417\u0430\u0436\u0438\u043c \u043f\u043e\u0434\u0445\u043e\u0434\u0438\u0442 \u0434\u043b\u044f \u044d\u043b\u0435\u043a\u0442\u0440\u043e\u0441\u043a\u0443\u0442\u0435\u0440\u043e\u0432 Xiaomi 1S, Pro 2, M365, Mi Electric Scooter 3, Mi Essential \u0438 3 Lite.<\/p>\n","protected":false},"featured_media":59479,"template":"","meta":[],"product_brand":[],"product_cat":[757],"product_tag":[1519],"filter_elektritoukeratas":[2613,2612],"class_list":{"0":"post-50618","1":"product","2":"type-product","3":"status-publish","4":"has-post-thumbnail","6":"product_cat-757","7":"product_tag-xiaomi-varuosad-ru","8":"filter_elektritoukeratas-ft_xiaomi_1s_mi3_pro_2_3_lite","9":"filter_elektritoukeratas-ft_xiaomi_m365_m365_pro_essential","11":"first","12":"onbackorder","13":"taxable","14":"shipping-taxable","15":"purchasable","16":"product-type-variable"},"yoast_head":"<!-- This site is optimized with the Yoast SEO Premium plugin v26.8 (Yoast SEO v27.5) - https:\/\/yoast.com\/product\/yoast-seo-premium-wordpress\/ -->\n<title>\u041c\u0435\u0445\u0430\u043d\u0438\u0437\u043c \u0444\u0438\u043a\u0441\u0430\u0446\u0438\u0438 \u0440\u0430\u0437\u0432\u0430\u043b\u0430 Xiaomi &#8212; T\u00f5uksimaailm<\/title>\n<meta name=\"robots\" content=\"index, follow, max-snippet:-1, max-image-preview:large, max-video-preview:-1\" \/>\n<link rel=\"canonical\" href=\"https:\/\/www.xn--tuksimaailm-ffb.ee\/ru\/\u043f\u0440\u043e\u0434\u0443\u043a\u0442\/%d0%bc%d0%b5%d1%85%d0%b0%d0%bd%d0%b8%d0%b7%d0%bc-%d1%84%d0%b8%d0%ba%d1%81%d0%b0%d1%86%d0%b8%d0%b8-%d1%80%d0%b0%d0%b7%d0%b2%d0%b0%d0%bb%d0%b0-xiaomi\/\" \/>\n<meta property=\"og:locale\" content=\"ru_RU\" \/>\n<meta property=\"og:type\" content=\"article\" \/>\n<meta property=\"og:title\" content=\"\u041c\u0435\u0445\u0430\u043d\u0438\u0437\u043c \u0444\u0438\u043a\u0441\u0430\u0446\u0438\u0438 \u0440\u0430\u0437\u0432\u0430\u043b\u0430 Xiaomi\" \/>\n<meta property=\"og:description\" content=\"\u041c\u0435\u0445\u0430\u043d\u0438\u0437\u043c \u0444\u0438\u043a\u0441\u0430\u0446\u0438\u0438 \u0440\u0430\u0437\u0432\u0430\u043b\u0430 Xiaomi. \u0421 \u043f\u043e\u043c\u043e\u0449\u044c\u044e \u043c\u0435\u0445\u0430\u043d\u0438\u0437\u043c\u0430 \u0444\u0438\u043a\u0441\u0430\u0446\u0438\u0438 \u0440\u0430\u0437\u0432\u0430\u043b\u0438\u0432\u0430\u044e\u0449\u0435\u0439\u0441\u044f \u0447\u0430\u0441\u0442\u0438 \u043c\u043e\u0436\u043d\u043e \u0441\u043d\u044f\u0442\u044c \u0440\u0430\u0437\u0432\u0430\u043b\u0438\u0432\u0430\u044e\u0449\u0438\u0439\u0441\u044f \u0437\u0430\u0436\u0438\u043c \u0438 \u0435\u0433\u043e \u043a\u043e\u043d\u0441\u0442\u0440\u0443\u043a\u0446\u0438\u044e \u0438 \u0438\u0437\u0431\u0430\u0432\u0438\u0442\u044c\u0441\u044f \u043e\u0442 \u043f\u0440\u043e\u0432\u0438\u0441\u0430\u043d\u0438\u0439 \u0438 \u0449\u0435\u043b\u0447\u043a\u043e\u0432, \u0432\u044b\u0437\u0432\u0430\u043d\u043d\u044b\u0445 \u0443\u0441\u0442\u0430\u043b\u043e\u0441\u0442\u044c\u044e \u043c\u0435\u0445\u0430\u043d\u0438\u0437\u043c\u0430. \u0417\u0430\u0436\u0438\u043c \u043f\u043e\u0434\u0445\u043e\u0434\u0438\u0442 \u0434\u043b\u044f \u044d\u043b\u0435\u043a\u0442\u0440\u043e\u0441\u043a\u0443\u0442\u0435\u0440\u043e\u0432 Xiaomi 1S, Pro 2, M365, Mi Electric Scooter 3, Mi Essential \u0438 3 Lite.\" \/>\n<meta property=\"og:url\" content=\"https:\/\/www.xn--tuksimaailm-ffb.ee\/ru\/\u043f\u0440\u043e\u0434\u0443\u043a\u0442\/%d0%bc%d0%b5%d1%85%d0%b0%d0%bd%d0%b8%d0%b7%d0%bc-%d1%84%d0%b8%d0%ba%d1%81%d0%b0%d1%86%d0%b8%d0%b8-%d1%80%d0%b0%d0%b7%d0%b2%d0%b0%d0%bb%d0%b0-xiaomi\/\" \/>\n<meta property=\"og:site_name\" content=\"T\u00f5uksimaailm\" \/>\n<meta property=\"article:publisher\" content=\"https:\/\/www.facebook.com\/touksimaailm\/\" \/>\n<meta property=\"og:image\" content=\"https:\/\/www.xn--tuksimaailm-ffb.ee\/wp-content\/uploads\/2022\/12\/Screenshot-2025-02-25-180115.webp\" \/>\n\t<meta property=\"og:image:width\" content=\"1020\" \/>\n\t<meta property=\"og:image:height\" content=\"732\" \/>\n\t<meta property=\"og:image:type\" content=\"image\/webp\" \/>\n<meta name=\"twitter:card\" content=\"summary_large_image\" \/>\n<meta name=\"twitter:label1\" content=\"\u0414\u043e\u0441\u0442\u0443\u043f\u043d\u043e\u0441\u0442\u044c\" \/>\n\t<meta name=\"twitter:data1\" content=\"\u041d\u0430 \u0437\u0430\u043a\u0430\u0437\" \/>\n<meta property=\"og:availability\" content=\"backorder\" \/>\n<meta property=\"product:availability\" content=\"available for order\" \/>\n<meta property=\"product:condition\" content=\"new\" \/>\n<!-- \/ Yoast SEO Premium plugin. -->","yoast_head_json":{"title":"\u041c\u0435\u0445\u0430\u043d\u0438\u0437\u043c \u0444\u0438\u043a\u0441\u0430\u0446\u0438\u0438 \u0440\u0430\u0437\u0432\u0430\u043b\u0430 Xiaomi &#8212; T\u00f5uksimaailm","robots":{"index":"index","follow":"follow","max-snippet":"max-snippet:-1","max-image-preview":"max-image-preview:large","max-video-preview":"max-video-preview:-1"},"canonical":"https:\/\/www.xn--tuksimaailm-ffb.ee\/ru\/\u043f\u0440\u043e\u0434\u0443\u043a\u0442\/%d0%bc%d0%b5%d1%85%d0%b0%d0%bd%d0%b8%d0%b7%d0%bc-%d1%84%d0%b8%d0%ba%d1%81%d0%b0%d1%86%d0%b8%d0%b8-%d1%80%d0%b0%d0%b7%d0%b2%d0%b0%d0%bb%d0%b0-xiaomi\/","og_locale":"ru_RU","og_type":"article","og_title":"\u041c\u0435\u0445\u0430\u043d\u0438\u0437\u043c \u0444\u0438\u043a\u0441\u0430\u0446\u0438\u0438 \u0440\u0430\u0437\u0432\u0430\u043b\u0430 Xiaomi","og_description":"\u041c\u0435\u0445\u0430\u043d\u0438\u0437\u043c \u0444\u0438\u043a\u0441\u0430\u0446\u0438\u0438 \u0440\u0430\u0437\u0432\u0430\u043b\u0430 Xiaomi. \u0421 \u043f\u043e\u043c\u043e\u0449\u044c\u044e \u043c\u0435\u0445\u0430\u043d\u0438\u0437\u043c\u0430 \u0444\u0438\u043a\u0441\u0430\u0446\u0438\u0438 \u0440\u0430\u0437\u0432\u0430\u043b\u0438\u0432\u0430\u044e\u0449\u0435\u0439\u0441\u044f \u0447\u0430\u0441\u0442\u0438 \u043c\u043e\u0436\u043d\u043e \u0441\u043d\u044f\u0442\u044c \u0440\u0430\u0437\u0432\u0430\u043b\u0438\u0432\u0430\u044e\u0449\u0438\u0439\u0441\u044f \u0437\u0430\u0436\u0438\u043c \u0438 \u0435\u0433\u043e \u043a\u043e\u043d\u0441\u0442\u0440\u0443\u043a\u0446\u0438\u044e \u0438 \u0438\u0437\u0431\u0430\u0432\u0438\u0442\u044c\u0441\u044f \u043e\u0442 \u043f\u0440\u043e\u0432\u0438\u0441\u0430\u043d\u0438\u0439 \u0438 \u0449\u0435\u043b\u0447\u043a\u043e\u0432, \u0432\u044b\u0437\u0432\u0430\u043d\u043d\u044b\u0445 \u0443\u0441\u0442\u0430\u043b\u043e\u0441\u0442\u044c\u044e \u043c\u0435\u0445\u0430\u043d\u0438\u0437\u043c\u0430. \u0417\u0430\u0436\u0438\u043c \u043f\u043e\u0434\u0445\u043e\u0434\u0438\u0442 \u0434\u043b\u044f \u044d\u043b\u0435\u043a\u0442\u0440\u043e\u0441\u043a\u0443\u0442\u0435\u0440\u043e\u0432 Xiaomi 1S, Pro 2, M365, Mi Electric Scooter 3, Mi Essential \u0438 3 Lite.","og_url":"https:\/\/www.xn--tuksimaailm-ffb.ee\/ru\/\u043f\u0440\u043e\u0434\u0443\u043a\u0442\/%d0%bc%d0%b5%d1%85%d0%b0%d0%bd%d0%b8%d0%b7%d0%bc-%d1%84%d0%b8%d0%ba%d1%81%d0%b0%d1%86%d0%b8%d0%b8-%d1%80%d0%b0%d0%b7%d0%b2%d0%b0%d0%bb%d0%b0-xiaomi\/","og_site_name":"T\u00f5uksimaailm","article_publisher":"https:\/\/www.facebook.com\/touksimaailm\/","og_image":[{"width":1020,"height":732,"url":"https:\/\/www.xn--tuksimaailm-ffb.ee\/wp-content\/uploads\/2022\/12\/Screenshot-2025-02-25-180115.webp","type":"image\/webp"}],"twitter_card":"summary_large_image","twitter_misc":{"\u0414\u043e\u0441\u0442\u0443\u043f\u043d\u043e\u0441\u0442\u044c":"\u041d\u0430 \u0437\u0430\u043a\u0430\u0437"},"schema":{"@context":"https:\/\/schema.org","@graph":[{"@type":"WebPage","@id":"https:\/\/www.xn--tuksimaailm-ffb.ee\/ru\/\u043f\u0440\u043e\u0434\u0443\u043a\u0442\/%d0%bc%d0%b5%d1%85%d0%b0%d0%bd%d0%b8%d0%b7%d0%bc-%d1%84%d0%b8%d0%ba%d1%81%d0%b0%d1%86%d0%b8%d0%b8-%d1%80%d0%b0%d0%b7%d0%b2%d0%b0%d0%bb%d0%b0-xiaomi\/","url":"https:\/\/www.xn--tuksimaailm-ffb.ee\/ru\/\u043f\u0440\u043e\u0434\u0443\u043a\u0442\/%d0%bc%d0%b5%d1%85%d0%b0%d0%bd%d0%b8%d0%b7%d0%bc-%d1%84%d0%b8%d0%ba%d1%81%d0%b0%d1%86%d0%b8%d0%b8-%d1%80%d0%b0%d0%b7%d0%b2%d0%b0%d0%bb%d0%b0-xiaomi\/","name":"\u041c\u0435\u0445\u0430\u043d\u0438\u0437\u043c \u0444\u0438\u043a\u0441\u0430\u0446\u0438\u0438 \u0440\u0430\u0437\u0432\u0430\u043b\u0430 Xiaomi &#8212; T\u00f5uksimaailm","isPartOf":{"@id":"https:\/\/www.xn--tuksimaailm-ffb.ee\/ru\/#website"},"primaryImageOfPage":{"@id":"https:\/\/www.xn--tuksimaailm-ffb.ee\/ru\/\u043f\u0440\u043e\u0434\u0443\u043a\u0442\/%d0%bc%d0%b5%d1%85%d0%b0%d0%bd%d0%b8%d0%b7%d0%bc-%d1%84%d0%b8%d0%ba%d1%81%d0%b0%d1%86%d0%b8%d0%b8-%d1%80%d0%b0%d0%b7%d0%b2%d0%b0%d0%bb%d0%b0-xiaomi\/#primaryimage"},"image":{"@id":"https:\/\/www.xn--tuksimaailm-ffb.ee\/ru\/\u043f\u0440\u043e\u0434\u0443\u043a\u0442\/%d0%bc%d0%b5%d1%85%d0%b0%d0%bd%d0%b8%d0%b7%d0%bc-%d1%84%d0%b8%d0%ba%d1%81%d0%b0%d1%86%d0%b8%d0%b8-%d1%80%d0%b0%d0%b7%d0%b2%d0%b0%d0%bb%d0%b0-xiaomi\/#primaryimage"},"thumbnailUrl":"https:\/\/www.xn--tuksimaailm-ffb.ee\/wp-content\/uploads\/2022\/12\/Screenshot-2025-02-25-180115.webp","datePublished":"2022-12-31T14:36:29+00:00","breadcrumb":{"@id":"https:\/\/www.xn--tuksimaailm-ffb.ee\/ru\/\u043f\u0440\u043e\u0434\u0443\u043a\u0442\/%d0%bc%d0%b5%d1%85%d0%b0%d0%bd%d0%b8%d0%b7%d0%bc-%d1%84%d0%b8%d0%ba%d1%81%d0%b0%d1%86%d0%b8%d0%b8-%d1%80%d0%b0%d0%b7%d0%b2%d0%b0%d0%bb%d0%b0-xiaomi\/#breadcrumb"},"inLanguage":"ru-RU","potentialAction":[{"@type":"ReadAction","target":["https:\/\/www.xn--tuksimaailm-ffb.ee\/ru\/\u043f\u0440\u043e\u0434\u0443\u043a\u0442\/%d0%bc%d0%b5%d1%85%d0%b0%d0%bd%d0%b8%d0%b7%d0%bc-%d1%84%d0%b8%d0%ba%d1%81%d0%b0%d1%86%d0%b8%d0%b8-%d1%80%d0%b0%d0%b7%d0%b2%d0%b0%d0%bb%d0%b0-xiaomi\/"]}]},{"@type":"ImageObject","inLanguage":"ru-RU","@id":"https:\/\/www.xn--tuksimaailm-ffb.ee\/ru\/\u043f\u0440\u043e\u0434\u0443\u043a\u0442\/%d0%bc%d0%b5%d1%85%d0%b0%d0%bd%d0%b8%d0%b7%d0%bc-%d1%84%d0%b8%d0%ba%d1%81%d0%b0%d1%86%d0%b8%d0%b8-%d1%80%d0%b0%d0%b7%d0%b2%d0%b0%d0%bb%d0%b0-xiaomi\/#primaryimage","url":"https:\/\/www.xn--tuksimaailm-ffb.ee\/wp-content\/uploads\/2022\/12\/Screenshot-2025-02-25-180115.webp","contentUrl":"https:\/\/www.xn--tuksimaailm-ffb.ee\/wp-content\/uploads\/2022\/12\/Screenshot-2025-02-25-180115.webp","width":1020,"height":732,"caption":"Xiaomi kokku murdmise fikseerimise mehhanism"},{"@type":"BreadcrumbList","@id":"https:\/\/www.xn--tuksimaailm-ffb.ee\/ru\/\u043f\u0440\u043e\u0434\u0443\u043a\u0442\/%d0%bc%d0%b5%d1%85%d0%b0%d0%bd%d0%b8%d0%b7%d0%bc-%d1%84%d0%b8%d0%ba%d1%81%d0%b0%d1%86%d0%b8%d0%b8-%d1%80%d0%b0%d0%b7%d0%b2%d0%b0%d0%bb%d0%b0-xiaomi\/#breadcrumb","itemListElement":[{"@type":"ListItem","position":1,"name":"Home","item":"https:\/\/www.xn--tuksimaailm-ffb.ee\/ru\/frontpage\/"},{"@type":"ListItem","position":2,"name":"\u041c\u0410\u0413\u0410\u0417\u0418\u041d","item":"https:\/\/www.xn--tuksimaailm-ffb.ee\/elektritoukerataste-pood\/"},{"@type":"ListItem","position":3,"name":"\u041c\u0435\u0445\u0430\u043d\u0438\u0437\u043c \u0444\u0438\u043a\u0441\u0430\u0446\u0438\u0438 \u0440\u0430\u0437\u0432\u0430\u043b\u0430 Xiaomi"}]},{"@type":"WebSite","@id":"https:\/\/www.xn--tuksimaailm-ffb.ee\/ru\/#website","url":"https:\/\/www.xn--tuksimaailm-ffb.ee\/ru\/","name":"T\u00f5uksimaailm","description":"Elektrit\u00f5ukerataste m\u00fc\u00fck, remont ja rent","publisher":{"@id":"https:\/\/www.xn--tuksimaailm-ffb.ee\/ru\/#organization"},"potentialAction":[{"@type":"SearchAction","target":{"@type":"EntryPoint","urlTemplate":"https:\/\/www.xn--tuksimaailm-ffb.ee\/ru\/?s={search_term_string}"},"query-input":{"@type":"PropertyValueSpecification","valueRequired":true,"valueName":"search_term_string"}}],"inLanguage":"ru-RU"},{"@type":"Organization","@id":"https:\/\/www.xn--tuksimaailm-ffb.ee\/ru\/#organization","name":"T\u00f5uksimaailm","url":"https:\/\/www.xn--tuksimaailm-ffb.ee\/ru\/","logo":{"@type":"ImageObject","inLanguage":"ru-RU","@id":"https:\/\/www.xn--tuksimaailm-ffb.ee\/ru\/#\/schema\/logo\/image\/","url":"https:\/\/www.xn--tuksimaailm-ffb.ee\/wp-content\/uploads\/2020\/01\/logoz-e1579792875517.png","contentUrl":"https:\/\/www.xn--tuksimaailm-ffb.ee\/wp-content\/uploads\/2020\/01\/logoz-e1579792875517.png","width":250,"height":250,"caption":"T\u00f5uksimaailm"},"image":{"@id":"https:\/\/www.xn--tuksimaailm-ffb.ee\/ru\/#\/schema\/logo\/image\/"},"sameAs":["https:\/\/www.facebook.com\/touksimaailm\/","https:\/\/www.instagram.com\/touksimaailm_\/","https:\/\/www.youtube.com\/channel\/UC18ml0EKIDLP1xGuQjFzcXQ"]}]},"og_availability":"backorder","product_availability":"available for order","product_condition":"new"},"jetpack_sharing_enabled":true,"_links":{"self":[{"href":"https:\/\/www.xn--tuksimaailm-ffb.ee\/ru\/wp-json\/wp\/v2\/product\/50618","targetHints":{"allow":["GET"]}}],"collection":[{"href":"https:\/\/www.xn--tuksimaailm-ffb.ee\/ru\/wp-json\/wp\/v2\/product"}],"about":[{"href":"https:\/\/www.xn--tuksimaailm-ffb.ee\/ru\/wp-json\/wp\/v2\/types\/product"}],"wp:featuredmedia":[{"embeddable":true,"href":"https:\/\/www.xn--tuksimaailm-ffb.ee\/ru\/wp-json\/wp\/v2\/media\/59479"}],"wp:attachment":[{"href":"https:\/\/www.xn--tuksimaailm-ffb.ee\/ru\/wp-json\/wp\/v2\/media?parent=50618"}],"wp:term":[{"taxonomy":"product_brand","embeddable":true,"href":"https:\/\/www.xn--tuksimaailm-ffb.ee\/ru\/wp-json\/wp\/v2\/product_brand?post=50618"},{"taxonomy":"product_cat","embeddable":true,"href":"https:\/\/www.xn--tuksimaailm-ffb.ee\/ru\/wp-json\/wp\/v2\/product_cat?post=50618"},{"taxonomy":"product_tag","embeddable":true,"href":"https:\/\/www.xn--tuksimaailm-ffb.ee\/ru\/wp-json\/wp\/v2\/product_tag?post=50618"},{"taxonomy":"filter_elektritoukeratas","embeddable":true,"href":"https:\/\/www.xn--tuksimaailm-ffb.ee\/ru\/wp-json\/wp\/v2\/filter_elektritoukeratas?post=50618"}],"curies":[{"name":"wp","href":"https:\/\/api.w.org\/{rel}","templated":true}]}}