{"id":50645,"date":"2022-12-30T20:26:24","date_gmt":"2022-12-30T18:26:24","guid":{"rendered":"http:\/\/www.xn--tuksimaailm-ffb.ee\/shop\/%d1%82%d0%b2%d0%b5%d1%80%d0%b4%d0%b0%d1%8f-%d1%88%d0%b8%d0%bd%d0%b0-85x2-%d1%81-%d1%80%d0%b0%d0%b7%d0%bd%d0%be%d1%86%d0%b2%d0%b5%d1%82%d0%bd%d1%8b%d0%bc%d0%b8-%d1%82%d0%be%d1%87%d0%ba%d0%b0\/"},"modified":"2022-12-30T20:26:24","modified_gmt":"2022-12-30T17:26:24","slug":"%d1%82%d0%b2%d0%b5%d1%80%d0%b4%d0%b0%d1%8f-%d1%88%d0%b8%d0%bd%d0%b0-85x2-%d1%81-%d1%80%d0%b0%d0%b7%d0%bd%d0%be%d1%86%d0%b2%d0%b5%d1%82%d0%bd%d1%8b%d0%bc%d0%b8-%d1%82%d0%be%d1%87%d0%ba%d0%b0","status":"publish","type":"product","link":"https:\/\/www.xn--tuksimaailm-ffb.ee\/ru\/\u043f\u0440\u043e\u0434\u0443\u043a\u0442\/%d1%82%d0%b2%d0%b5%d1%80%d0%b4%d0%b0%d1%8f-%d1%88%d0%b8%d0%bd%d0%b0-85x2-%d1%81-%d1%80%d0%b0%d0%b7%d0%bd%d0%be%d1%86%d0%b2%d0%b5%d1%82%d0%bd%d1%8b%d0%bc%d0%b8-%d1%82%d0%be%d1%87%d0%ba%d0%b0\/","title":{"rendered":"\u0422\u0432\u0435\u0440\u0434\u0430\u044f \u0448\u0438\u043d\u0430 8,5x2\u00bb \u0441 \u0440\u0430\u0437\u043d\u043e\u0446\u0432\u0435\u0442\u043d\u044b\u043c\u0438 \u0442\u043e\u0447\u043a\u0430\u043c\u0438 Xiaomi Pro 1S"},"content":{"rendered":"<p>\u0422\u0432\u0435\u0440\u0434\u0430\u044f \u0448\u0438\u043d\u0430 8,5x2\u00bb \u0441 \u0446\u0432\u0435\u0442\u043d\u044b\u043c\u0438 \u0442\u043e\u0447\u043a\u0430\u043c\u0438, \u043f\u043e\u0434\u0445\u043e\u0434\u0438\u0442 \u0434\u043b\u044f Xiaomi Pro 2, 1S, 4 Pro, Essential, Mi 3 (Lite). \u0422\u0430\u043a\u0436\u0435 \u043f\u043e\u0434\u0445\u043e\u0434\u0438\u0442 \u0434\u043b\u044f Gotrax GXL, Viron, Zeeclo \u0438 \u0432\u0441\u0435\u0445 \u043a\u043b\u043e\u043d\u043e\u0432\/\u043a\u043e\u043f\u0438\u0439 Xiaomi.<\/p>\n","protected":false},"excerpt":{"rendered":"<p>\u0422\u0432\u0435\u0440\u0434\u0430\u044f \u0448\u0438\u043d\u0430 8,5x2\u00bb \u0441 \u0446\u0432\u0435\u0442\u043d\u044b\u043c\u0438 \u0442\u043e\u0447\u043a\u0430\u043c\u0438, \u043f\u043e\u0434\u0445\u043e\u0434\u0438\u0442 \u0434\u043b\u044f Xiaomi Pro 2, 1S, 4 Pro, Essential, Mi 3 (Lite). \u0422\u0430\u043a\u0436\u0435 \u043f\u043e\u0434\u0445\u043e\u0434\u0438\u0442 \u0434\u043b\u044f Gotrax GXL, Viron, Zeeclo \u0438 \u0432\u0441\u0435\u0445 \u043a\u043b\u043e\u043d\u043e\u0432\/\u043a\u043e\u043f\u0438\u0439 Xiaomi.<\/p>\n","protected":false},"featured_media":21570,"template":"","meta":[],"product_brand":[],"product_cat":[757],"product_tag":[1519],"filter_elektritoukeratas":[2688,2686,2613,2612],"class_list":{"0":"post-50645","1":"product","2":"type-product","3":"status-publish","4":"has-post-thumbnail","6":"product_cat-757","7":"product_tag-xiaomi-varuosad-ru","8":"pa_tootetuup-taisrehvid-kargrehvid-ru","9":"filter_elektritoukeratas-ft_blaupunkt_esc608","10":"filter_elektritoukeratas-ft_blaupunkt_esc808","11":"filter_elektritoukeratas-ft_xiaomi_1s_mi3_pro_2_3_lite","12":"filter_elektritoukeratas-ft_xiaomi_m365_m365_pro_essential","14":"first","15":"instock","16":"taxable","17":"shipping-taxable","18":"purchasable","19":"product-type-variable"},"yoast_head":"<!-- This site is optimized with the Yoast SEO Premium plugin v26.8 (Yoast SEO v27.5) - https:\/\/yoast.com\/product\/yoast-seo-premium-wordpress\/ -->\n<title>\u0422\u0432\u0435\u0440\u0434\u0430\u044f \u0448\u0438\u043d\u0430 8,5x2\u00bb \u0441 \u0440\u0430\u0437\u043d\u043e\u0446\u0432\u0435\u0442\u043d\u044b\u043c\u0438 \u0442\u043e\u0447\u043a\u0430\u043c\u0438 Xiaomi Pro 1S &#8212; T\u00f5uksimaailm<\/title>\n<meta name=\"robots\" content=\"index, follow, max-snippet:-1, max-image-preview:large, max-video-preview:-1\" \/>\n<link rel=\"canonical\" href=\"https:\/\/www.xn--tuksimaailm-ffb.ee\/ru\/\u043f\u0440\u043e\u0434\u0443\u043a\u0442\/%d1%82%d0%b2%d0%b5%d1%80%d0%b4%d0%b0%d1%8f-%d1%88%d0%b8%d0%bd%d0%b0-85x2-%d1%81-%d1%80%d0%b0%d0%b7%d0%bd%d0%be%d1%86%d0%b2%d0%b5%d1%82%d0%bd%d1%8b%d0%bc%d0%b8-%d1%82%d0%be%d1%87%d0%ba%d0%b0\/\" \/>\n<meta property=\"og:locale\" content=\"ru_RU\" \/>\n<meta property=\"og:type\" content=\"article\" \/>\n<meta property=\"og:title\" content=\"\u0422\u0432\u0435\u0440\u0434\u0430\u044f \u0448\u0438\u043d\u0430 8,5x2\u00bb \u0441 \u0440\u0430\u0437\u043d\u043e\u0446\u0432\u0435\u0442\u043d\u044b\u043c\u0438 \u0442\u043e\u0447\u043a\u0430\u043c\u0438 Xiaomi Pro 1S\" \/>\n<meta property=\"og:description\" content=\"\u0422\u0432\u0435\u0440\u0434\u0430\u044f \u0448\u0438\u043d\u0430 8,5x2\u00bb \u0441 \u0446\u0432\u0435\u0442\u043d\u044b\u043c\u0438 \u0442\u043e\u0447\u043a\u0430\u043c\u0438, \u043f\u043e\u0434\u0445\u043e\u0434\u0438\u0442 \u0434\u043b\u044f Xiaomi Pro 2, 1S, 4 Pro, Essential, Mi 3 (Lite). \u0422\u0430\u043a\u0436\u0435 \u043f\u043e\u0434\u0445\u043e\u0434\u0438\u0442 \u0434\u043b\u044f Gotrax GXL, Viron, Zeeclo \u0438 \u0432\u0441\u0435\u0445 \u043a\u043b\u043e\u043d\u043e\u0432\/\u043a\u043e\u043f\u0438\u0439 Xiaomi.\" \/>\n<meta property=\"og:url\" content=\"https:\/\/www.xn--tuksimaailm-ffb.ee\/ru\/\u043f\u0440\u043e\u0434\u0443\u043a\u0442\/%d1%82%d0%b2%d0%b5%d1%80%d0%b4%d0%b0%d1%8f-%d1%88%d0%b8%d0%bd%d0%b0-85x2-%d1%81-%d1%80%d0%b0%d0%b7%d0%bd%d0%be%d1%86%d0%b2%d0%b5%d1%82%d0%bd%d1%8b%d0%bc%d0%b8-%d1%82%d0%be%d1%87%d0%ba%d0%b0\/\" \/>\n<meta property=\"og:site_name\" content=\"T\u00f5uksimaailm\" \/>\n<meta property=\"article:publisher\" content=\"https:\/\/www.facebook.com\/touksimaailm\/\" \/>\n<meta property=\"og:image\" content=\"https:\/\/www.xn--tuksimaailm-ffb.ee\/wp-content\/uploads\/2022\/12\/8.5x2-taisrehv-varviliste-tappidega-Xiaomi-Pro-1S-1.jpeg\" \/>\n\t<meta property=\"og:image:width\" content=\"1001\" \/>\n\t<meta property=\"og:image:height\" content=\"1001\" \/>\n\t<meta property=\"og:image:type\" content=\"image\/jpeg\" \/>\n<meta name=\"twitter:card\" content=\"summary_large_image\" \/>\n<meta name=\"twitter:label1\" content=\"\u0414\u043e\u0441\u0442\u0443\u043f\u043d\u043e\u0441\u0442\u044c\" \/>\n\t<meta name=\"twitter:data1\" content=\"\u0412 \u043d\u0430\u043b\u0438\u0447\u0438\u0438\" \/>\n<meta property=\"og:availability\" content=\"instock\" \/>\n<meta property=\"product:availability\" content=\"instock\" \/>\n<meta property=\"product:condition\" content=\"new\" \/>\n<!-- \/ Yoast SEO Premium plugin. -->","yoast_head_json":{"title":"\u0422\u0432\u0435\u0440\u0434\u0430\u044f \u0448\u0438\u043d\u0430 8,5x2\u00bb \u0441 \u0440\u0430\u0437\u043d\u043e\u0446\u0432\u0435\u0442\u043d\u044b\u043c\u0438 \u0442\u043e\u0447\u043a\u0430\u043c\u0438 Xiaomi Pro 1S &#8212; T\u00f5uksimaailm","robots":{"index":"index","follow":"follow","max-snippet":"max-snippet:-1","max-image-preview":"max-image-preview:large","max-video-preview":"max-video-preview:-1"},"canonical":"https:\/\/www.xn--tuksimaailm-ffb.ee\/ru\/\u043f\u0440\u043e\u0434\u0443\u043a\u0442\/%d1%82%d0%b2%d0%b5%d1%80%d0%b4%d0%b0%d1%8f-%d1%88%d0%b8%d0%bd%d0%b0-85x2-%d1%81-%d1%80%d0%b0%d0%b7%d0%bd%d0%be%d1%86%d0%b2%d0%b5%d1%82%d0%bd%d1%8b%d0%bc%d0%b8-%d1%82%d0%be%d1%87%d0%ba%d0%b0\/","og_locale":"ru_RU","og_type":"article","og_title":"\u0422\u0432\u0435\u0440\u0434\u0430\u044f \u0448\u0438\u043d\u0430 8,5x2\u00bb \u0441 \u0440\u0430\u0437\u043d\u043e\u0446\u0432\u0435\u0442\u043d\u044b\u043c\u0438 \u0442\u043e\u0447\u043a\u0430\u043c\u0438 Xiaomi Pro 1S","og_description":"\u0422\u0432\u0435\u0440\u0434\u0430\u044f \u0448\u0438\u043d\u0430 8,5x2\u00bb \u0441 \u0446\u0432\u0435\u0442\u043d\u044b\u043c\u0438 \u0442\u043e\u0447\u043a\u0430\u043c\u0438, \u043f\u043e\u0434\u0445\u043e\u0434\u0438\u0442 \u0434\u043b\u044f Xiaomi Pro 2, 1S, 4 Pro, Essential, Mi 3 (Lite). \u0422\u0430\u043a\u0436\u0435 \u043f\u043e\u0434\u0445\u043e\u0434\u0438\u0442 \u0434\u043b\u044f Gotrax GXL, Viron, Zeeclo \u0438 \u0432\u0441\u0435\u0445 \u043a\u043b\u043e\u043d\u043e\u0432\/\u043a\u043e\u043f\u0438\u0439 Xiaomi.","og_url":"https:\/\/www.xn--tuksimaailm-ffb.ee\/ru\/\u043f\u0440\u043e\u0434\u0443\u043a\u0442\/%d1%82%d0%b2%d0%b5%d1%80%d0%b4%d0%b0%d1%8f-%d1%88%d0%b8%d0%bd%d0%b0-85x2-%d1%81-%d1%80%d0%b0%d0%b7%d0%bd%d0%be%d1%86%d0%b2%d0%b5%d1%82%d0%bd%d1%8b%d0%bc%d0%b8-%d1%82%d0%be%d1%87%d0%ba%d0%b0\/","og_site_name":"T\u00f5uksimaailm","article_publisher":"https:\/\/www.facebook.com\/touksimaailm\/","og_image":[{"width":1001,"height":1001,"url":"https:\/\/www.xn--tuksimaailm-ffb.ee\/wp-content\/uploads\/2022\/12\/8.5x2-taisrehv-varviliste-tappidega-Xiaomi-Pro-1S-1.jpeg","type":"image\/jpeg"}],"twitter_card":"summary_large_image","twitter_misc":{"\u0414\u043e\u0441\u0442\u0443\u043f\u043d\u043e\u0441\u0442\u044c":"\u0412 \u043d\u0430\u043b\u0438\u0447\u0438\u0438"},"schema":{"@context":"https:\/\/schema.org","@graph":[{"@type":"WebPage","@id":"https:\/\/www.xn--tuksimaailm-ffb.ee\/ru\/\u043f\u0440\u043e\u0434\u0443\u043a\u0442\/%d1%82%d0%b2%d0%b5%d1%80%d0%b4%d0%b0%d1%8f-%d1%88%d0%b8%d0%bd%d0%b0-85x2-%d1%81-%d1%80%d0%b0%d0%b7%d0%bd%d0%be%d1%86%d0%b2%d0%b5%d1%82%d0%bd%d1%8b%d0%bc%d0%b8-%d1%82%d0%be%d1%87%d0%ba%d0%b0\/","url":"https:\/\/www.xn--tuksimaailm-ffb.ee\/ru\/\u043f\u0440\u043e\u0434\u0443\u043a\u0442\/%d1%82%d0%b2%d0%b5%d1%80%d0%b4%d0%b0%d1%8f-%d1%88%d0%b8%d0%bd%d0%b0-85x2-%d1%81-%d1%80%d0%b0%d0%b7%d0%bd%d0%be%d1%86%d0%b2%d0%b5%d1%82%d0%bd%d1%8b%d0%bc%d0%b8-%d1%82%d0%be%d1%87%d0%ba%d0%b0\/","name":"\u0422\u0432\u0435\u0440\u0434\u0430\u044f \u0448\u0438\u043d\u0430 8,5x2\u00bb \u0441 \u0440\u0430\u0437\u043d\u043e\u0446\u0432\u0435\u0442\u043d\u044b\u043c\u0438 \u0442\u043e\u0447\u043a\u0430\u043c\u0438 Xiaomi Pro 1S &#8212; T\u00f5uksimaailm","isPartOf":{"@id":"https:\/\/www.xn--tuksimaailm-ffb.ee\/ru\/#website"},"primaryImageOfPage":{"@id":"https:\/\/www.xn--tuksimaailm-ffb.ee\/ru\/\u043f\u0440\u043e\u0434\u0443\u043a\u0442\/%d1%82%d0%b2%d0%b5%d1%80%d0%b4%d0%b0%d1%8f-%d1%88%d0%b8%d0%bd%d0%b0-85x2-%d1%81-%d1%80%d0%b0%d0%b7%d0%bd%d0%be%d1%86%d0%b2%d0%b5%d1%82%d0%bd%d1%8b%d0%bc%d0%b8-%d1%82%d0%be%d1%87%d0%ba%d0%b0\/#primaryimage"},"image":{"@id":"https:\/\/www.xn--tuksimaailm-ffb.ee\/ru\/\u043f\u0440\u043e\u0434\u0443\u043a\u0442\/%d1%82%d0%b2%d0%b5%d1%80%d0%b4%d0%b0%d1%8f-%d1%88%d0%b8%d0%bd%d0%b0-85x2-%d1%81-%d1%80%d0%b0%d0%b7%d0%bd%d0%be%d1%86%d0%b2%d0%b5%d1%82%d0%bd%d1%8b%d0%bc%d0%b8-%d1%82%d0%be%d1%87%d0%ba%d0%b0\/#primaryimage"},"thumbnailUrl":"https:\/\/www.xn--tuksimaailm-ffb.ee\/wp-content\/uploads\/2022\/12\/8.5x2-taisrehv-varviliste-tappidega-Xiaomi-Pro-1S-1.jpeg","datePublished":"2022-12-30T18:26:24+00:00","breadcrumb":{"@id":"https:\/\/www.xn--tuksimaailm-ffb.ee\/ru\/\u043f\u0440\u043e\u0434\u0443\u043a\u0442\/%d1%82%d0%b2%d0%b5%d1%80%d0%b4%d0%b0%d1%8f-%d1%88%d0%b8%d0%bd%d0%b0-85x2-%d1%81-%d1%80%d0%b0%d0%b7%d0%bd%d0%be%d1%86%d0%b2%d0%b5%d1%82%d0%bd%d1%8b%d0%bc%d0%b8-%d1%82%d0%be%d1%87%d0%ba%d0%b0\/#breadcrumb"},"inLanguage":"ru-RU","potentialAction":[{"@type":"ReadAction","target":["https:\/\/www.xn--tuksimaailm-ffb.ee\/ru\/\u043f\u0440\u043e\u0434\u0443\u043a\u0442\/%d1%82%d0%b2%d0%b5%d1%80%d0%b4%d0%b0%d1%8f-%d1%88%d0%b8%d0%bd%d0%b0-85x2-%d1%81-%d1%80%d0%b0%d0%b7%d0%bd%d0%be%d1%86%d0%b2%d0%b5%d1%82%d0%bd%d1%8b%d0%bc%d0%b8-%d1%82%d0%be%d1%87%d0%ba%d0%b0\/"]}]},{"@type":"ImageObject","inLanguage":"ru-RU","@id":"https:\/\/www.xn--tuksimaailm-ffb.ee\/ru\/\u043f\u0440\u043e\u0434\u0443\u043a\u0442\/%d1%82%d0%b2%d0%b5%d1%80%d0%b4%d0%b0%d1%8f-%d1%88%d0%b8%d0%bd%d0%b0-85x2-%d1%81-%d1%80%d0%b0%d0%b7%d0%bd%d0%be%d1%86%d0%b2%d0%b5%d1%82%d0%bd%d1%8b%d0%bc%d0%b8-%d1%82%d0%be%d1%87%d0%ba%d0%b0\/#primaryimage","url":"https:\/\/www.xn--tuksimaailm-ffb.ee\/wp-content\/uploads\/2022\/12\/8.5x2-taisrehv-varviliste-tappidega-Xiaomi-Pro-1S-1.jpeg","contentUrl":"https:\/\/www.xn--tuksimaailm-ffb.ee\/wp-content\/uploads\/2022\/12\/8.5x2-taisrehv-varviliste-tappidega-Xiaomi-Pro-1S-1.jpeg","width":1001,"height":1001,"caption":"8.5x2\u201d t\u00e4isrehv v\u00e4rviliste t\u00e4ppidega Xiaomi Pro 1S"},{"@type":"BreadcrumbList","@id":"https:\/\/www.xn--tuksimaailm-ffb.ee\/ru\/\u043f\u0440\u043e\u0434\u0443\u043a\u0442\/%d1%82%d0%b2%d0%b5%d1%80%d0%b4%d0%b0%d1%8f-%d1%88%d0%b8%d0%bd%d0%b0-85x2-%d1%81-%d1%80%d0%b0%d0%b7%d0%bd%d0%be%d1%86%d0%b2%d0%b5%d1%82%d0%bd%d1%8b%d0%bc%d0%b8-%d1%82%d0%be%d1%87%d0%ba%d0%b0\/#breadcrumb","itemListElement":[{"@type":"ListItem","position":1,"name":"Home","item":"https:\/\/www.xn--tuksimaailm-ffb.ee\/ru\/frontpage\/"},{"@type":"ListItem","position":2,"name":"\u041c\u0410\u0413\u0410\u0417\u0418\u041d","item":"https:\/\/www.xn--tuksimaailm-ffb.ee\/elektritoukerataste-pood\/"},{"@type":"ListItem","position":3,"name":"\u0422\u0432\u0435\u0440\u0434\u0430\u044f \u0448\u0438\u043d\u0430 8,5x2\u00bb \u0441 \u0440\u0430\u0437\u043d\u043e\u0446\u0432\u0435\u0442\u043d\u044b\u043c\u0438 \u0442\u043e\u0447\u043a\u0430\u043c\u0438 Xiaomi Pro 1S"}]},{"@type":"WebSite","@id":"https:\/\/www.xn--tuksimaailm-ffb.ee\/ru\/#website","url":"https:\/\/www.xn--tuksimaailm-ffb.ee\/ru\/","name":"T\u00f5uksimaailm","description":"Elektrit\u00f5ukerataste m\u00fc\u00fck, remont ja rent","publisher":{"@id":"https:\/\/www.xn--tuksimaailm-ffb.ee\/ru\/#organization"},"potentialAction":[{"@type":"SearchAction","target":{"@type":"EntryPoint","urlTemplate":"https:\/\/www.xn--tuksimaailm-ffb.ee\/ru\/?s={search_term_string}"},"query-input":{"@type":"PropertyValueSpecification","valueRequired":true,"valueName":"search_term_string"}}],"inLanguage":"ru-RU"},{"@type":"Organization","@id":"https:\/\/www.xn--tuksimaailm-ffb.ee\/ru\/#organization","name":"T\u00f5uksimaailm","url":"https:\/\/www.xn--tuksimaailm-ffb.ee\/ru\/","logo":{"@type":"ImageObject","inLanguage":"ru-RU","@id":"https:\/\/www.xn--tuksimaailm-ffb.ee\/ru\/#\/schema\/logo\/image\/","url":"https:\/\/www.xn--tuksimaailm-ffb.ee\/wp-content\/uploads\/2020\/01\/logoz-e1579792875517.png","contentUrl":"https:\/\/www.xn--tuksimaailm-ffb.ee\/wp-content\/uploads\/2020\/01\/logoz-e1579792875517.png","width":250,"height":250,"caption":"T\u00f5uksimaailm"},"image":{"@id":"https:\/\/www.xn--tuksimaailm-ffb.ee\/ru\/#\/schema\/logo\/image\/"},"sameAs":["https:\/\/www.facebook.com\/touksimaailm\/","https:\/\/www.instagram.com\/touksimaailm_\/","https:\/\/www.youtube.com\/channel\/UC18ml0EKIDLP1xGuQjFzcXQ"]}]},"og_availability":"instock","product_availability":"instock","product_condition":"new"},"jetpack_sharing_enabled":true,"_links":{"self":[{"href":"https:\/\/www.xn--tuksimaailm-ffb.ee\/ru\/wp-json\/wp\/v2\/product\/50645","targetHints":{"allow":["GET"]}}],"collection":[{"href":"https:\/\/www.xn--tuksimaailm-ffb.ee\/ru\/wp-json\/wp\/v2\/product"}],"about":[{"href":"https:\/\/www.xn--tuksimaailm-ffb.ee\/ru\/wp-json\/wp\/v2\/types\/product"}],"wp:featuredmedia":[{"embeddable":true,"href":"https:\/\/www.xn--tuksimaailm-ffb.ee\/ru\/wp-json\/wp\/v2\/media\/21570"}],"wp:attachment":[{"href":"https:\/\/www.xn--tuksimaailm-ffb.ee\/ru\/wp-json\/wp\/v2\/media?parent=50645"}],"wp:term":[{"taxonomy":"product_brand","embeddable":true,"href":"https:\/\/www.xn--tuksimaailm-ffb.ee\/ru\/wp-json\/wp\/v2\/product_brand?post=50645"},{"taxonomy":"product_cat","embeddable":true,"href":"https:\/\/www.xn--tuksimaailm-ffb.ee\/ru\/wp-json\/wp\/v2\/product_cat?post=50645"},{"taxonomy":"product_tag","embeddable":true,"href":"https:\/\/www.xn--tuksimaailm-ffb.ee\/ru\/wp-json\/wp\/v2\/product_tag?post=50645"},{"taxonomy":"filter_elektritoukeratas","embeddable":true,"href":"https:\/\/www.xn--tuksimaailm-ffb.ee\/ru\/wp-json\/wp\/v2\/filter_elektritoukeratas?post=50645"}],"curies":[{"name":"wp","href":"https:\/\/api.w.org\/{rel}","templated":true}]}}