{"id":50653,"date":"2022-12-30T19:57:14","date_gmt":"2022-12-30T17:57:14","guid":{"rendered":"http:\/\/www.xn--tuksimaailm-ffb.ee\/shop\/%d1%86%d0%b5%d0%bb%d1%8c%d0%bd%d0%be%d0%bb%d0%b8%d1%82%d0%b0%d1%8f-%d1%88%d0%b8%d0%bd%d0%b0-10x2-125-%d1%81-%d1%86%d0%b2%d0%b5%d1%82%d0%bd%d1%8b%d0%bc%d0%b8-%d0%bf%d1%8f%d1%82%d0%bd%d0%b0%d0%bc%d0%b8\/"},"modified":"2022-12-30T19:57:14","modified_gmt":"2022-12-30T16:57:14","slug":"%d1%86%d0%b5%d0%bb%d1%8c%d0%bd%d0%be%d0%bb%d0%b8%d1%82%d0%b0%d1%8f-%d1%88%d0%b8%d0%bd%d0%b0-10x2-125-%d1%81-%d1%86%d0%b2%d0%b5%d1%82%d0%bd%d1%8b%d0%bc%d0%b8-%d0%bf%d1%8f%d1%82%d0%bd%d0%b0%d0%bc%d0%b8","status":"publish","type":"product","link":"https:\/\/www.xn--tuksimaailm-ffb.ee\/ru\/\u043f\u0440\u043e\u0434\u0443\u043a\u0442\/%d1%86%d0%b5%d0%bb%d1%8c%d0%bd%d0%be%d0%bb%d0%b8%d1%82%d0%b0%d1%8f-%d1%88%d0%b8%d0%bd%d0%b0-10x2-125-%d1%81-%d1%86%d0%b2%d0%b5%d1%82%d0%bd%d1%8b%d0%bc%d0%b8-%d0%bf%d1%8f%d1%82%d0%bd%d0%b0%d0%bc%d0%b8\/","title":{"rendered":"\u0426\u0435\u043b\u044c\u043d\u043e\u043b\u0438\u0442\u0430\u044f \u0448\u0438\u043d\u0430 10x2.125 \u0441 \u0446\u0432\u0435\u0442\u043d\u044b\u043c\u0438 \u043f\u044f\u0442\u043d\u0430\u043c\u0438 HX X7 X8"},"content":{"rendered":"<p>\u0426\u0435\u043b\u044c\u043d\u0430\u044f \u0448\u0438\u043d\u0430 10x2.125 \u0441 \u0446\u0432\u0435\u0442\u043d\u044b\u043c\u0438 \u0442\u043e\u0447\u043a\u0430\u043c\u0438, \u043f\u043e\u0434\u0445\u043e\u0434\u0438\u0442 \u0434\u043b\u044f \u044d\u043b\u0435\u043a\u0442\u0440\u043e\u0441\u0430\u043c\u043e\u043a\u0430\u0442\u043e\u0432 HX X7 \u0438 X8, Blaupunkt ESC808 \u0438 ESC910, Velt Smart Scooter.<\/p>\n","protected":false},"excerpt":{"rendered":"<p>\u0426\u0435\u043b\u044c\u043d\u0430\u044f \u0448\u0438\u043d\u0430 10x2.125 \u0441 \u0446\u0432\u0435\u0442\u043d\u044b\u043c\u0438 \u0442\u043e\u0447\u043a\u0430\u043c\u0438, \u043f\u043e\u0434\u0445\u043e\u0434\u0438\u0442 \u0434\u043b\u044f \u044d\u043b\u0435\u043a\u0442\u0440\u043e\u0441\u0430\u043c\u043e\u043a\u0430\u0442\u043e\u0432 HX X7 \u0438 X8, Blaupunkt ESC808 \u0438 ESC910, Velt Smart Scooter.<\/p>\n","protected":false},"featured_media":21550,"template":"","meta":[],"product_brand":[],"product_cat":[757],"product_tag":[],"filter_elektritoukeratas":[2686,2687,2730,2732,2610,2705,2704,2706,2697,2698,2714,2715,2712,2713,2721,2720,2717,2722,2726,2724,2679,2672,2670,2668,2740,2639,2755,2694,2695,2693,2691,2692,2646,2748,2750],"class_list":{"0":"post-50653","1":"product","2":"type-product","3":"status-publish","4":"has-post-thumbnail","6":"product_cat-757","7":"pa_tootetuup-taisrehvid-kargrehvid-ru","8":"filter_elektritoukeratas-ft_blaupunkt_esc808","9":"filter_elektritoukeratas-ft_blaupunkt_esc910","10":"filter_elektritoukeratas-ft_dualtron_eagle","11":"filter_elektritoukeratas-ft_dualtron_spider","12":"filter_elektritoukeratas-ft_dualtron_victor","13":"filter_elektritoukeratas-ft_gpad_foxen","14":"filter_elektritoukeratas-ft_gpad_joyride","15":"filter_elektritoukeratas-ft_gpad_storm","16":"filter_elektritoukeratas-ft_hx_x7","17":"filter_elektritoukeratas-ft_hx_x8","18":"filter_elektritoukeratas-ft_inokim_ox_eco_hero_super","19":"filter_elektritoukeratas-ft_inokim_oxo","20":"filter_elektritoukeratas-ft_inokim_quick_3_hero_super","21":"filter_elektritoukeratas-ft_inokim_quick_4_hero_super","22":"filter_elektritoukeratas-ft_joyor_g5_g5s","23":"filter_elektritoukeratas-ft_joyor_s5_s10-s_s_pro","24":"filter_elektritoukeratas-ft_joyor_x1_x5s","25":"filter_elektritoukeratas-ft_joyor_y10_y6_s_y5s","26":"filter_elektritoukeratas-ft_kaabo_mantis_10","27":"filter_elektritoukeratas-ft_kaabo_skywalker","28":"filter_elektritoukeratas-ft_kugoo_g1","29":"filter_elektritoukeratas-ft_kugoo_g2_master","30":"filter_elektritoukeratas-ft_kugoo_g2_max","31":"filter_elektritoukeratas-ft_kugoo_m4_m4_pro","32":"filter_elektritoukeratas-ft_nanrobot_d4_plus","33":"filter_elektritoukeratas-ft_segway_ninebot_d18e_d28e_d38e","34":"filter_elektritoukeratas-ft_techlife_x7_x7_lite_x7s","35":"filter_elektritoukeratas-ft_velt_smart_eco","36":"filter_elektritoukeratas-ft_velt_smart_pro","37":"filter_elektritoukeratas-ft_velt_smart_x7","38":"filter_elektritoukeratas-ft_velt_smart_x8","39":"filter_elektritoukeratas-ft_velt_smart_x8_pro","40":"filter_elektritoukeratas-ft_vsett_10_plus","41":"filter_elektritoukeratas-ft_zero_10","42":"filter_elektritoukeratas-ft_zero_10x","44":"first","45":"instock","46":"taxable","47":"shipping-taxable","48":"purchasable","49":"product-type-variable"},"yoast_head":"<!-- This site is optimized with the Yoast SEO Premium plugin v26.8 (Yoast SEO v27.5) - https:\/\/yoast.com\/product\/yoast-seo-premium-wordpress\/ -->\n<title>\u0426\u0435\u043b\u044c\u043d\u043e\u043b\u0438\u0442\u0430\u044f \u0448\u0438\u043d\u0430 10x2.125 \u0441 \u0446\u0432\u0435\u0442\u043d\u044b\u043c\u0438 \u043f\u044f\u0442\u043d\u0430\u043c\u0438 HX X7 X8 &#8212; T\u00f5uksimaailm<\/title>\n<meta name=\"robots\" content=\"index, follow, max-snippet:-1, max-image-preview:large, max-video-preview:-1\" \/>\n<link rel=\"canonical\" href=\"https:\/\/www.xn--tuksimaailm-ffb.ee\/ru\/\u043f\u0440\u043e\u0434\u0443\u043a\u0442\/%d1%86%d0%b5%d0%bb%d1%8c%d0%bd%d0%be%d0%bb%d0%b8%d1%82%d0%b0%d1%8f-%d1%88%d0%b8%d0%bd%d0%b0-10x2-125-%d1%81-%d1%86%d0%b2%d0%b5%d1%82%d0%bd%d1%8b%d0%bc%d0%b8-%d0%bf%d1%8f%d1%82%d0%bd%d0%b0%d0%bc%d0%b8\/\" \/>\n<meta property=\"og:locale\" content=\"ru_RU\" \/>\n<meta property=\"og:type\" content=\"article\" \/>\n<meta property=\"og:title\" content=\"\u0426\u0435\u043b\u044c\u043d\u043e\u043b\u0438\u0442\u0430\u044f \u0448\u0438\u043d\u0430 10x2.125 \u0441 \u0446\u0432\u0435\u0442\u043d\u044b\u043c\u0438 \u043f\u044f\u0442\u043d\u0430\u043c\u0438 HX X7 X8\" \/>\n<meta property=\"og:description\" content=\"\u0426\u0435\u043b\u044c\u043d\u0430\u044f \u0448\u0438\u043d\u0430 10x2.125 \u0441 \u0446\u0432\u0435\u0442\u043d\u044b\u043c\u0438 \u0442\u043e\u0447\u043a\u0430\u043c\u0438, \u043f\u043e\u0434\u0445\u043e\u0434\u0438\u0442 \u0434\u043b\u044f \u044d\u043b\u0435\u043a\u0442\u0440\u043e\u0441\u0430\u043c\u043e\u043a\u0430\u0442\u043e\u0432 HX X7 \u0438 X8, Blaupunkt ESC808 \u0438 ESC910, Velt Smart Scooter.\" \/>\n<meta property=\"og:url\" content=\"https:\/\/www.xn--tuksimaailm-ffb.ee\/ru\/\u043f\u0440\u043e\u0434\u0443\u043a\u0442\/%d1%86%d0%b5%d0%bb%d1%8c%d0%bd%d0%be%d0%bb%d0%b8%d1%82%d0%b0%d1%8f-%d1%88%d0%b8%d0%bd%d0%b0-10x2-125-%d1%81-%d1%86%d0%b2%d0%b5%d1%82%d0%bd%d1%8b%d0%bc%d0%b8-%d0%bf%d1%8f%d1%82%d0%bd%d0%b0%d0%bc%d0%b8\/\" \/>\n<meta property=\"og:site_name\" content=\"T\u00f5uksimaailm\" \/>\n<meta property=\"article:publisher\" content=\"https:\/\/www.facebook.com\/touksimaailm\/\" \/>\n<meta property=\"og:image\" content=\"https:\/\/www.xn--tuksimaailm-ffb.ee\/wp-content\/uploads\/2022\/12\/10x2.125-taisrehv-varviliste-tappidega-HX-X7-X8.png\" \/>\n\t<meta property=\"og:image:width\" content=\"1030\" \/>\n\t<meta property=\"og:image:height\" content=\"772\" \/>\n\t<meta property=\"og:image:type\" content=\"image\/png\" \/>\n<meta name=\"twitter:card\" content=\"summary_large_image\" \/>\n<meta name=\"twitter:label1\" content=\"\u0414\u043e\u0441\u0442\u0443\u043f\u043d\u043e\u0441\u0442\u044c\" \/>\n\t<meta name=\"twitter:data1\" content=\"\u0412 \u043d\u0430\u043b\u0438\u0447\u0438\u0438\" \/>\n<meta property=\"og:availability\" content=\"instock\" \/>\n<meta property=\"product:availability\" content=\"instock\" \/>\n<meta property=\"product:condition\" content=\"new\" \/>\n<!-- \/ Yoast SEO Premium plugin. -->","yoast_head_json":{"title":"\u0426\u0435\u043b\u044c\u043d\u043e\u043b\u0438\u0442\u0430\u044f \u0448\u0438\u043d\u0430 10x2.125 \u0441 \u0446\u0432\u0435\u0442\u043d\u044b\u043c\u0438 \u043f\u044f\u0442\u043d\u0430\u043c\u0438 HX X7 X8 &#8212; T\u00f5uksimaailm","robots":{"index":"index","follow":"follow","max-snippet":"max-snippet:-1","max-image-preview":"max-image-preview:large","max-video-preview":"max-video-preview:-1"},"canonical":"https:\/\/www.xn--tuksimaailm-ffb.ee\/ru\/\u043f\u0440\u043e\u0434\u0443\u043a\u0442\/%d1%86%d0%b5%d0%bb%d1%8c%d0%bd%d0%be%d0%bb%d0%b8%d1%82%d0%b0%d1%8f-%d1%88%d0%b8%d0%bd%d0%b0-10x2-125-%d1%81-%d1%86%d0%b2%d0%b5%d1%82%d0%bd%d1%8b%d0%bc%d0%b8-%d0%bf%d1%8f%d1%82%d0%bd%d0%b0%d0%bc%d0%b8\/","og_locale":"ru_RU","og_type":"article","og_title":"\u0426\u0435\u043b\u044c\u043d\u043e\u043b\u0438\u0442\u0430\u044f \u0448\u0438\u043d\u0430 10x2.125 \u0441 \u0446\u0432\u0435\u0442\u043d\u044b\u043c\u0438 \u043f\u044f\u0442\u043d\u0430\u043c\u0438 HX X7 X8","og_description":"\u0426\u0435\u043b\u044c\u043d\u0430\u044f \u0448\u0438\u043d\u0430 10x2.125 \u0441 \u0446\u0432\u0435\u0442\u043d\u044b\u043c\u0438 \u0442\u043e\u0447\u043a\u0430\u043c\u0438, \u043f\u043e\u0434\u0445\u043e\u0434\u0438\u0442 \u0434\u043b\u044f \u044d\u043b\u0435\u043a\u0442\u0440\u043e\u0441\u0430\u043c\u043e\u043a\u0430\u0442\u043e\u0432 HX X7 \u0438 X8, Blaupunkt ESC808 \u0438 ESC910, Velt Smart Scooter.","og_url":"https:\/\/www.xn--tuksimaailm-ffb.ee\/ru\/\u043f\u0440\u043e\u0434\u0443\u043a\u0442\/%d1%86%d0%b5%d0%bb%d1%8c%d0%bd%d0%be%d0%bb%d0%b8%d1%82%d0%b0%d1%8f-%d1%88%d0%b8%d0%bd%d0%b0-10x2-125-%d1%81-%d1%86%d0%b2%d0%b5%d1%82%d0%bd%d1%8b%d0%bc%d0%b8-%d0%bf%d1%8f%d1%82%d0%bd%d0%b0%d0%bc%d0%b8\/","og_site_name":"T\u00f5uksimaailm","article_publisher":"https:\/\/www.facebook.com\/touksimaailm\/","og_image":[{"width":1030,"height":772,"url":"https:\/\/www.xn--tuksimaailm-ffb.ee\/wp-content\/uploads\/2022\/12\/10x2.125-taisrehv-varviliste-tappidega-HX-X7-X8.png","type":"image\/png"}],"twitter_card":"summary_large_image","twitter_misc":{"\u0414\u043e\u0441\u0442\u0443\u043f\u043d\u043e\u0441\u0442\u044c":"\u0412 \u043d\u0430\u043b\u0438\u0447\u0438\u0438"},"schema":{"@context":"https:\/\/schema.org","@graph":[{"@type":"WebPage","@id":"https:\/\/www.xn--tuksimaailm-ffb.ee\/ru\/\u043f\u0440\u043e\u0434\u0443\u043a\u0442\/%d1%86%d0%b5%d0%bb%d1%8c%d0%bd%d0%be%d0%bb%d0%b8%d1%82%d0%b0%d1%8f-%d1%88%d0%b8%d0%bd%d0%b0-10x2-125-%d1%81-%d1%86%d0%b2%d0%b5%d1%82%d0%bd%d1%8b%d0%bc%d0%b8-%d0%bf%d1%8f%d1%82%d0%bd%d0%b0%d0%bc%d0%b8\/","url":"https:\/\/www.xn--tuksimaailm-ffb.ee\/ru\/\u043f\u0440\u043e\u0434\u0443\u043a\u0442\/%d1%86%d0%b5%d0%bb%d1%8c%d0%bd%d0%be%d0%bb%d0%b8%d1%82%d0%b0%d1%8f-%d1%88%d0%b8%d0%bd%d0%b0-10x2-125-%d1%81-%d1%86%d0%b2%d0%b5%d1%82%d0%bd%d1%8b%d0%bc%d0%b8-%d0%bf%d1%8f%d1%82%d0%bd%d0%b0%d0%bc%d0%b8\/","name":"\u0426\u0435\u043b\u044c\u043d\u043e\u043b\u0438\u0442\u0430\u044f \u0448\u0438\u043d\u0430 10x2.125 \u0441 \u0446\u0432\u0435\u0442\u043d\u044b\u043c\u0438 \u043f\u044f\u0442\u043d\u0430\u043c\u0438 HX X7 X8 &#8212; T\u00f5uksimaailm","isPartOf":{"@id":"https:\/\/www.xn--tuksimaailm-ffb.ee\/ru\/#website"},"primaryImageOfPage":{"@id":"https:\/\/www.xn--tuksimaailm-ffb.ee\/ru\/\u043f\u0440\u043e\u0434\u0443\u043a\u0442\/%d1%86%d0%b5%d0%bb%d1%8c%d0%bd%d0%be%d0%bb%d0%b8%d1%82%d0%b0%d1%8f-%d1%88%d0%b8%d0%bd%d0%b0-10x2-125-%d1%81-%d1%86%d0%b2%d0%b5%d1%82%d0%bd%d1%8b%d0%bc%d0%b8-%d0%bf%d1%8f%d1%82%d0%bd%d0%b0%d0%bc%d0%b8\/#primaryimage"},"image":{"@id":"https:\/\/www.xn--tuksimaailm-ffb.ee\/ru\/\u043f\u0440\u043e\u0434\u0443\u043a\u0442\/%d1%86%d0%b5%d0%bb%d1%8c%d0%bd%d0%be%d0%bb%d0%b8%d1%82%d0%b0%d1%8f-%d1%88%d0%b8%d0%bd%d0%b0-10x2-125-%d1%81-%d1%86%d0%b2%d0%b5%d1%82%d0%bd%d1%8b%d0%bc%d0%b8-%d0%bf%d1%8f%d1%82%d0%bd%d0%b0%d0%bc%d0%b8\/#primaryimage"},"thumbnailUrl":"https:\/\/www.xn--tuksimaailm-ffb.ee\/wp-content\/uploads\/2022\/12\/10x2.125-taisrehv-varviliste-tappidega-HX-X7-X8.png","datePublished":"2022-12-30T17:57:14+00:00","breadcrumb":{"@id":"https:\/\/www.xn--tuksimaailm-ffb.ee\/ru\/\u043f\u0440\u043e\u0434\u0443\u043a\u0442\/%d1%86%d0%b5%d0%bb%d1%8c%d0%bd%d0%be%d0%bb%d0%b8%d1%82%d0%b0%d1%8f-%d1%88%d0%b8%d0%bd%d0%b0-10x2-125-%d1%81-%d1%86%d0%b2%d0%b5%d1%82%d0%bd%d1%8b%d0%bc%d0%b8-%d0%bf%d1%8f%d1%82%d0%bd%d0%b0%d0%bc%d0%b8\/#breadcrumb"},"inLanguage":"ru-RU","potentialAction":[{"@type":"ReadAction","target":["https:\/\/www.xn--tuksimaailm-ffb.ee\/ru\/\u043f\u0440\u043e\u0434\u0443\u043a\u0442\/%d1%86%d0%b5%d0%bb%d1%8c%d0%bd%d0%be%d0%bb%d0%b8%d1%82%d0%b0%d1%8f-%d1%88%d0%b8%d0%bd%d0%b0-10x2-125-%d1%81-%d1%86%d0%b2%d0%b5%d1%82%d0%bd%d1%8b%d0%bc%d0%b8-%d0%bf%d1%8f%d1%82%d0%bd%d0%b0%d0%bc%d0%b8\/"]}]},{"@type":"ImageObject","inLanguage":"ru-RU","@id":"https:\/\/www.xn--tuksimaailm-ffb.ee\/ru\/\u043f\u0440\u043e\u0434\u0443\u043a\u0442\/%d1%86%d0%b5%d0%bb%d1%8c%d0%bd%d0%be%d0%bb%d0%b8%d1%82%d0%b0%d1%8f-%d1%88%d0%b8%d0%bd%d0%b0-10x2-125-%d1%81-%d1%86%d0%b2%d0%b5%d1%82%d0%bd%d1%8b%d0%bc%d0%b8-%d0%bf%d1%8f%d1%82%d0%bd%d0%b0%d0%bc%d0%b8\/#primaryimage","url":"https:\/\/www.xn--tuksimaailm-ffb.ee\/wp-content\/uploads\/2022\/12\/10x2.125-taisrehv-varviliste-tappidega-HX-X7-X8.png","contentUrl":"https:\/\/www.xn--tuksimaailm-ffb.ee\/wp-content\/uploads\/2022\/12\/10x2.125-taisrehv-varviliste-tappidega-HX-X7-X8.png","width":1030,"height":772,"caption":"10x2.125 t\u00e4isrehv v\u00e4rviliste t\u00e4ppidega HX X7 X8"},{"@type":"BreadcrumbList","@id":"https:\/\/www.xn--tuksimaailm-ffb.ee\/ru\/\u043f\u0440\u043e\u0434\u0443\u043a\u0442\/%d1%86%d0%b5%d0%bb%d1%8c%d0%bd%d0%be%d0%bb%d0%b8%d1%82%d0%b0%d1%8f-%d1%88%d0%b8%d0%bd%d0%b0-10x2-125-%d1%81-%d1%86%d0%b2%d0%b5%d1%82%d0%bd%d1%8b%d0%bc%d0%b8-%d0%bf%d1%8f%d1%82%d0%bd%d0%b0%d0%bc%d0%b8\/#breadcrumb","itemListElement":[{"@type":"ListItem","position":1,"name":"Home","item":"https:\/\/www.xn--tuksimaailm-ffb.ee\/ru\/frontpage\/"},{"@type":"ListItem","position":2,"name":"\u041c\u0410\u0413\u0410\u0417\u0418\u041d","item":"https:\/\/www.xn--tuksimaailm-ffb.ee\/elektritoukerataste-pood\/"},{"@type":"ListItem","position":3,"name":"\u0426\u0435\u043b\u044c\u043d\u043e\u043b\u0438\u0442\u0430\u044f \u0448\u0438\u043d\u0430 10x2.125 \u0441 \u0446\u0432\u0435\u0442\u043d\u044b\u043c\u0438 \u043f\u044f\u0442\u043d\u0430\u043c\u0438 HX X7 X8"}]},{"@type":"WebSite","@id":"https:\/\/www.xn--tuksimaailm-ffb.ee\/ru\/#website","url":"https:\/\/www.xn--tuksimaailm-ffb.ee\/ru\/","name":"T\u00f5uksimaailm","description":"Elektrit\u00f5ukerataste m\u00fc\u00fck, remont ja rent","publisher":{"@id":"https:\/\/www.xn--tuksimaailm-ffb.ee\/ru\/#organization"},"potentialAction":[{"@type":"SearchAction","target":{"@type":"EntryPoint","urlTemplate":"https:\/\/www.xn--tuksimaailm-ffb.ee\/ru\/?s={search_term_string}"},"query-input":{"@type":"PropertyValueSpecification","valueRequired":true,"valueName":"search_term_string"}}],"inLanguage":"ru-RU"},{"@type":"Organization","@id":"https:\/\/www.xn--tuksimaailm-ffb.ee\/ru\/#organization","name":"T\u00f5uksimaailm","url":"https:\/\/www.xn--tuksimaailm-ffb.ee\/ru\/","logo":{"@type":"ImageObject","inLanguage":"ru-RU","@id":"https:\/\/www.xn--tuksimaailm-ffb.ee\/ru\/#\/schema\/logo\/image\/","url":"https:\/\/www.xn--tuksimaailm-ffb.ee\/wp-content\/uploads\/2020\/01\/logoz-e1579792875517.png","contentUrl":"https:\/\/www.xn--tuksimaailm-ffb.ee\/wp-content\/uploads\/2020\/01\/logoz-e1579792875517.png","width":250,"height":250,"caption":"T\u00f5uksimaailm"},"image":{"@id":"https:\/\/www.xn--tuksimaailm-ffb.ee\/ru\/#\/schema\/logo\/image\/"},"sameAs":["https:\/\/www.facebook.com\/touksimaailm\/","https:\/\/www.instagram.com\/touksimaailm_\/","https:\/\/www.youtube.com\/channel\/UC18ml0EKIDLP1xGuQjFzcXQ"]}]},"og_availability":"instock","product_availability":"instock","product_condition":"new"},"jetpack_sharing_enabled":true,"_links":{"self":[{"href":"https:\/\/www.xn--tuksimaailm-ffb.ee\/ru\/wp-json\/wp\/v2\/product\/50653","targetHints":{"allow":["GET"]}}],"collection":[{"href":"https:\/\/www.xn--tuksimaailm-ffb.ee\/ru\/wp-json\/wp\/v2\/product"}],"about":[{"href":"https:\/\/www.xn--tuksimaailm-ffb.ee\/ru\/wp-json\/wp\/v2\/types\/product"}],"wp:featuredmedia":[{"embeddable":true,"href":"https:\/\/www.xn--tuksimaailm-ffb.ee\/ru\/wp-json\/wp\/v2\/media\/21550"}],"wp:attachment":[{"href":"https:\/\/www.xn--tuksimaailm-ffb.ee\/ru\/wp-json\/wp\/v2\/media?parent=50653"}],"wp:term":[{"taxonomy":"product_brand","embeddable":true,"href":"https:\/\/www.xn--tuksimaailm-ffb.ee\/ru\/wp-json\/wp\/v2\/product_brand?post=50653"},{"taxonomy":"product_cat","embeddable":true,"href":"https:\/\/www.xn--tuksimaailm-ffb.ee\/ru\/wp-json\/wp\/v2\/product_cat?post=50653"},{"taxonomy":"product_tag","embeddable":true,"href":"https:\/\/www.xn--tuksimaailm-ffb.ee\/ru\/wp-json\/wp\/v2\/product_tag?post=50653"},{"taxonomy":"filter_elektritoukeratas","embeddable":true,"href":"https:\/\/www.xn--tuksimaailm-ffb.ee\/ru\/wp-json\/wp\/v2\/filter_elektritoukeratas?post=50653"}],"curies":[{"name":"wp","href":"https:\/\/api.w.org\/{rel}","templated":true}]}}