{"id":50686,"date":"2022-12-29T12:57:04","date_gmt":"2022-12-29T10:57:04","guid":{"rendered":"http:\/\/www.xn--tuksimaailm-ffb.ee\/shop\/%d0%b7%d0%b0%d0%b4%d0%bd%d0%b8%d0%b9-%d0%b1%d1%80%d1%8b%d0%b7%d0%b3%d0%be%d0%b2%d0%b8%d0%ba-inokim-ox-oxo-%d1%81-%d0%b4%d0%b2%d1%83%d0%bc%d1%8f-%d0%be%d0%bf%d0%be%d1%80%d0%b0%d0%bc%d0%b8\/"},"modified":"2022-12-29T12:57:04","modified_gmt":"2022-12-29T09:57:04","slug":"%d0%b7%d0%b0%d0%b4%d0%bd%d0%b8%d0%b9-%d0%b1%d1%80%d1%8b%d0%b7%d0%b3%d0%be%d0%b2%d0%b8%d0%ba-inokim-ox-oxo-%d1%81-%d0%b4%d0%b2%d1%83%d0%bc%d1%8f-%d0%be%d0%bf%d0%be%d1%80%d0%b0%d0%bc%d0%b8","status":"publish","type":"product","link":"https:\/\/www.xn--tuksimaailm-ffb.ee\/ru\/\u043f\u0440\u043e\u0434\u0443\u043a\u0442\/%d0%b7%d0%b0%d0%b4%d0%bd%d0%b8%d0%b9-%d0%b1%d1%80%d1%8b%d0%b7%d0%b3%d0%be%d0%b2%d0%b8%d0%ba-inokim-ox-oxo-%d1%81-%d0%b4%d0%b2%d1%83%d0%bc%d1%8f-%d0%be%d0%bf%d0%be%d1%80%d0%b0%d0%bc%d0%b8\/","title":{"rendered":"\u0417\u0430\u0434\u043d\u0438\u0439 \u0431\u0440\u044b\u0437\u0433\u043e\u0432\u0438\u043a Inokim OX \/ OXO \u0441 \u0434\u0432\u0443\u043c\u044f \u043e\u043f\u043e\u0440\u0430\u043c\u0438"},"content":{"rendered":"<p>\u0417\u0430\u0434\u043d\u0438\u0439 \u0431\u0440\u044b\u0437\u0433\u043e\u0432\u0438\u043a (\u0437\u0430\u0434\u043d\u0438\u0439 \u0431\u0440\u044b\u0437\u0433\u043e\u0432\u0438\u043a \/ \u0431\u0440\u044b\u0437\u0433\u043e\u0432\u0438\u043a \/ \u0431\u0440\u044b\u0437\u0433\u043e\u0432\u0438\u043a \/ \u0431\u0440\u044b\u0437\u0433\u043e\u0432\u0438\u043a) \u0434\u043b\u044f \u044d\u043b\u0435\u043a\u0442\u0440\u043e\u0441\u0430\u043c\u043e\u043a\u0430\u0442\u0430 Inokim OX \/ OXO, \u043f\u043b\u0430\u0441\u0442\u0438\u043a, \u0447\u0435\u0440\u043d\u044b\u0439, \u0443\u0441\u0438\u043b\u0435\u043d \u0434\u0432\u0443\u043c\u044f \u043e\u043f\u043e\u0440\u0430\u043c\u0438, \u043d\u043e\u0432\u0430\u044f \u0432\u0435\u0440\u0441\u0438\u044f.  \u041e\u0440\u0438\u0433\u0438\u043d\u0430\u043b\u044c\u043d\u0430\u044f \u0437\u0430\u043f\u0447\u0430\u0441\u0442\u044c \u0417\u0430\u0434\u043d\u0438\u0439 \u0431\u0440\u044b\u0437\u0433\u043e\u0432\u0438\u043a \u0434\u043b\u044f \u044d\u043b\u0435\u043a\u0442\u0440\u043e\u0441\u0430\u043c\u043e\u043a\u0430\u0442\u0430 Inokim OX \/ OXO \u043e\u0434\u043d\u043e\u0437\u043d\u0430\u0447\u043d\u043e \u043f\u043e\u0434\u0445\u043e\u0434\u0438\u0442 \u0434\u043b\u044f \u0441\u043b\u0435\u0434\u0443\u044e\u0449\u0438\u0445 \u043f\u043e\u043f\u0443\u043b\u044f\u0440\u043d\u044b\u0445 \u043c\u043e\u0434\u0435\u043b\u0435\u0439 - <a href=\"\u00abhttp:\/\/www.xn--tuksimaailm-ffb.ee\/shop\/elektriline-toukeratas-inokim-ox-eco\/\u00bb\"><strong>Inokim OX Eco<\/strong><\/a><strong>, <\/strong><a href=\"\u00abhttp:\/\/www.xn--tuksimaailm-ffb.ee\/shop\/inokim-ox-hero-elektritoukeratas\/\u00bb\"><strong>OX Hero<\/strong><\/a><strong>, <\/strong><a href=\"\u00abhttp:\/\/www.xn--tuksimaailm-ffb.ee\/shop\/inokim-ox-super-elektritoukeratas\/\u00bb\"><strong>OX Super <\/strong><\/a>\u0438 OXO<strong>.<\/strong><\/p>\n<p>\u0415\u0441\u043b\u0438 \u0443 \u0432\u0430\u0441 \u0432\u043e\u0437\u043d\u0438\u043a\u043b\u0438 \u0442\u0440\u0443\u0434\u043d\u043e\u0441\u0442\u0438 \u0441 \u0441\u0430\u043c\u043e\u0441\u0442\u043e\u044f\u0442\u0435\u043b\u044c\u043d\u043e\u0439 \u0443\u0441\u0442\u0430\u043d\u043e\u0432\u043a\u043e\u0439 \u0437\u0430\u0434\u043d\u0435\u0433\u043e \u0431\u0440\u044b\u0437\u0433\u043e\u0432\u0438\u043a\u0430 \u0434\u043b\u044f \u044d\u043b\u0435\u043a\u0442\u0440\u043e\u0441\u043a\u0443\u0442\u0435\u0440\u0430 Inokim OX, \u0432\u0430\u043c \u043f\u043e\u043c\u043e\u0436\u0435\u0442 \u043d\u0430\u0448\u0430 \u0441\u043f\u0435\u0446\u0438\u0430\u043b\u0438\u0437\u0438\u0440\u043e\u0432\u0430\u043d\u043d\u0430\u044f <a href=\"http:\/\/www.xn--tuksimaailm-ffb.ee\/elektrilise-toukeratta-remont\/\">\u043c\u0430\u0441\u0442\u0435\u0440\u0441\u043a\u0430\u044f \u043f\u043e<\/a> \u0440\u0435\u043c\u043e\u043d\u0442\u0443 \u044d\u043b\u0435\u043a\u0442\u0440\u043e\u0441\u043a\u0443\u0442\u0435\u0440\u043e\u0432.<\/p>\n","protected":false},"excerpt":{"rendered":"<p>\u0417\u0430\u0434\u043d\u0438\u0439 \u0431\u0440\u044b\u0437\u0433\u043e\u0432\u0438\u043a (\u0437\u0430\u0434\u043d\u0438\u0439 \u0431\u0440\u044b\u0437\u0433\u043e\u0432\u0438\u043a \/ \u0431\u0440\u044b\u0437\u0433\u043e\u0432\u0438\u043a \/ \u0431\u0440\u044b\u0437\u0433\u043e\u0432\u0438\u043a \/ \u0431\u0440\u044b\u0437\u0433\u043e\u0432\u0438\u043a) \u0434\u043b\u044f \u044d\u043b\u0435\u043a\u0442\u0440\u043e\u0441\u0430\u043c\u043e\u043a\u0430\u0442\u0430 Inokim OX \/ OXO, \u043f\u043b\u0430\u0441\u0442\u0438\u043a, \u0447\u0435\u0440\u043d\u044b\u0439, \u0443\u0441\u0438\u043b\u0435\u043d \u0434\u0432\u0443\u043c\u044f \u043e\u043f\u043e\u0440\u0430\u043c\u0438, \u043d\u043e\u0432\u0430\u044f \u0432\u0435\u0440\u0441\u0438\u044f. \u041e\u0440\u0438\u0433\u0438\u043d\u0430\u043b\u044c\u043d\u0430\u044f \u0437\u0430\u043f\u0447\u0430\u0441\u0442\u044c \u0417\u0430\u0434\u043d\u0438\u0439 \u0431\u0440\u044b\u0437\u0433\u043e\u0432\u0438\u043a \u0434\u043b\u044f \u044d\u043b\u0435\u043a\u0442\u0440\u043e\u0441\u0430\u043c\u043e\u043a\u0430\u0442\u0430 Inokim OX \/ OXO \u043e\u0434\u043d\u043e\u0437\u043d\u0430\u0447\u043d\u043e \u043f\u043e\u0434\u0445\u043e\u0434\u0438\u0442 \u0434\u043b\u044f \u0441\u043b\u0435\u0434\u0443\u044e\u0449\u0438\u0445 \u043f\u043e\u043f\u0443\u043b\u044f\u0440\u043d\u044b\u0445 \u043c\u043e\u0434\u0435\u043b\u0435\u0439 - Inokim OX Eco, OX Hero, OX Super \u0438 OXO. \u0415\u0441\u043b\u0438 &hellip;<\/p>\n","protected":false},"featured_media":21466,"template":"","meta":[],"product_brand":[],"product_cat":[757],"product_tag":[],"filter_elektritoukeratas":[2714,2715],"class_list":{"0":"post-50686","1":"product","2":"type-product","3":"status-publish","4":"has-post-thumbnail","6":"product_cat-757","7":"filter_elektritoukeratas-ft_inokim_ox_eco_hero_super","8":"filter_elektritoukeratas-ft_inokim_oxo","10":"first","11":"instock","12":"taxable","13":"shipping-taxable","14":"purchasable","15":"product-type-simple"},"yoast_head":"<!-- This site is optimized with the Yoast SEO Premium plugin v26.8 (Yoast SEO v27.3) - https:\/\/yoast.com\/product\/yoast-seo-premium-wordpress\/ -->\n<title>\u0417\u0430\u0434\u043d\u0438\u0439 \u0431\u0440\u044b\u0437\u0433\u043e\u0432\u0438\u043a Inokim OX \/ OXO \u0441 \u0434\u0432\u0443\u043c\u044f \u043e\u043f\u043e\u0440\u0430\u043c\u0438 &#8212; T\u00f5uksimaailm<\/title>\n<meta name=\"robots\" content=\"index, follow, max-snippet:-1, max-image-preview:large, max-video-preview:-1\" \/>\n<link rel=\"canonical\" href=\"https:\/\/www.xn--tuksimaailm-ffb.ee\/ru\/\u043f\u0440\u043e\u0434\u0443\u043a\u0442\/%d0%b7%d0%b0%d0%b4%d0%bd%d0%b8%d0%b9-%d0%b1%d1%80%d1%8b%d0%b7%d0%b3%d0%be%d0%b2%d0%b8%d0%ba-inokim-ox-oxo-%d1%81-%d0%b4%d0%b2%d1%83%d0%bc%d1%8f-%d0%be%d0%bf%d0%be%d1%80%d0%b0%d0%bc%d0%b8\/\" \/>\n<meta property=\"og:locale\" content=\"ru_RU\" \/>\n<meta property=\"og:type\" content=\"article\" \/>\n<meta property=\"og:title\" content=\"\u0417\u0430\u0434\u043d\u0438\u0439 \u0431\u0440\u044b\u0437\u0433\u043e\u0432\u0438\u043a Inokim OX \/ OXO \u0441 \u0434\u0432\u0443\u043c\u044f \u043e\u043f\u043e\u0440\u0430\u043c\u0438\" \/>\n<meta property=\"og:description\" content=\"\u0417\u0430\u0434\u043d\u0438\u0439 \u0431\u0440\u044b\u0437\u0433\u043e\u0432\u0438\u043a (\u0437\u0430\u0434\u043d\u0438\u0439 \u0431\u0440\u044b\u0437\u0433\u043e\u0432\u0438\u043a \/ \u0431\u0440\u044b\u0437\u0433\u043e\u0432\u0438\u043a \/ \u0431\u0440\u044b\u0437\u0433\u043e\u0432\u0438\u043a \/ \u0431\u0440\u044b\u0437\u0433\u043e\u0432\u0438\u043a) \u0434\u043b\u044f \u044d\u043b\u0435\u043a\u0442\u0440\u043e\u0441\u0430\u043c\u043e\u043a\u0430\u0442\u0430 Inokim OX \/ OXO, \u043f\u043b\u0430\u0441\u0442\u0438\u043a, \u0447\u0435\u0440\u043d\u044b\u0439, \u0443\u0441\u0438\u043b\u0435\u043d \u0434\u0432\u0443\u043c\u044f \u043e\u043f\u043e\u0440\u0430\u043c\u0438, \u043d\u043e\u0432\u0430\u044f \u0432\u0435\u0440\u0441\u0438\u044f. \u041e\u0440\u0438\u0433\u0438\u043d\u0430\u043b\u044c\u043d\u0430\u044f \u0437\u0430\u043f\u0447\u0430\u0441\u0442\u044c \u0417\u0430\u0434\u043d\u0438\u0439 \u0431\u0440\u044b\u0437\u0433\u043e\u0432\u0438\u043a \u0434\u043b\u044f \u044d\u043b\u0435\u043a\u0442\u0440\u043e\u0441\u0430\u043c\u043e\u043a\u0430\u0442\u0430 Inokim OX \/ OXO \u043e\u0434\u043d\u043e\u0437\u043d\u0430\u0447\u043d\u043e \u043f\u043e\u0434\u0445\u043e\u0434\u0438\u0442 \u0434\u043b\u044f \u0441\u043b\u0435\u0434\u0443\u044e\u0449\u0438\u0445 \u043f\u043e\u043f\u0443\u043b\u044f\u0440\u043d\u044b\u0445 \u043c\u043e\u0434\u0435\u043b\u0435\u0439 - Inokim OX Eco, OX Hero, OX Super \u0438 OXO. \u0415\u0441\u043b\u0438 &hellip;\" \/>\n<meta property=\"og:url\" content=\"https:\/\/www.xn--tuksimaailm-ffb.ee\/ru\/\u043f\u0440\u043e\u0434\u0443\u043a\u0442\/%d0%b7%d0%b0%d0%b4%d0%bd%d0%b8%d0%b9-%d0%b1%d1%80%d1%8b%d0%b7%d0%b3%d0%be%d0%b2%d0%b8%d0%ba-inokim-ox-oxo-%d1%81-%d0%b4%d0%b2%d1%83%d0%bc%d1%8f-%d0%be%d0%bf%d0%be%d1%80%d0%b0%d0%bc%d0%b8\/\" \/>\n<meta property=\"og:site_name\" content=\"T\u00f5uksimaailm\" \/>\n<meta property=\"article:publisher\" content=\"https:\/\/www.facebook.com\/touksimaailm\/\" \/>\n<meta property=\"og:image\" content=\"https:\/\/www.xn--tuksimaailm-ffb.ee\/wp-content\/uploads\/2022\/12\/inokim-porilaud-2ne.jpg\" \/>\n\t<meta property=\"og:image:width\" content=\"539\" \/>\n\t<meta property=\"og:image:height\" content=\"479\" \/>\n\t<meta property=\"og:image:type\" content=\"image\/jpeg\" \/>\n<meta name=\"twitter:card\" content=\"summary_large_image\" \/>\n<meta name=\"twitter:label1\" content=\"\u0426\u0435\u043d\u0430\" \/>\n\t<meta name=\"twitter:data1\" content=\"&euro;25.00\" \/>\n\t<meta name=\"twitter:label2\" content=\"\u0414\u043e\u0441\u0442\u0443\u043f\u043d\u043e\u0441\u0442\u044c\" \/>\n\t<meta name=\"twitter:data2\" content=\"\u0412 \u043d\u0430\u043b\u0438\u0447\u0438\u0438\" \/>\n<meta property=\"product:price:amount\" content=\"25.00\" \/>\n<meta property=\"product:price:currency\" content=\"EUR\" \/>\n<meta property=\"og:availability\" content=\"instock\" \/>\n<meta property=\"product:availability\" content=\"instock\" \/>\n<meta property=\"product:condition\" content=\"new\" \/>\n<!-- \/ Yoast SEO Premium plugin. -->","yoast_head_json":{"title":"\u0417\u0430\u0434\u043d\u0438\u0439 \u0431\u0440\u044b\u0437\u0433\u043e\u0432\u0438\u043a Inokim OX \/ OXO \u0441 \u0434\u0432\u0443\u043c\u044f \u043e\u043f\u043e\u0440\u0430\u043c\u0438 &#8212; T\u00f5uksimaailm","robots":{"index":"index","follow":"follow","max-snippet":"max-snippet:-1","max-image-preview":"max-image-preview:large","max-video-preview":"max-video-preview:-1"},"canonical":"https:\/\/www.xn--tuksimaailm-ffb.ee\/ru\/\u043f\u0440\u043e\u0434\u0443\u043a\u0442\/%d0%b7%d0%b0%d0%b4%d0%bd%d0%b8%d0%b9-%d0%b1%d1%80%d1%8b%d0%b7%d0%b3%d0%be%d0%b2%d0%b8%d0%ba-inokim-ox-oxo-%d1%81-%d0%b4%d0%b2%d1%83%d0%bc%d1%8f-%d0%be%d0%bf%d0%be%d1%80%d0%b0%d0%bc%d0%b8\/","og_locale":"ru_RU","og_type":"article","og_title":"\u0417\u0430\u0434\u043d\u0438\u0439 \u0431\u0440\u044b\u0437\u0433\u043e\u0432\u0438\u043a Inokim OX \/ OXO \u0441 \u0434\u0432\u0443\u043c\u044f \u043e\u043f\u043e\u0440\u0430\u043c\u0438","og_description":"\u0417\u0430\u0434\u043d\u0438\u0439 \u0431\u0440\u044b\u0437\u0433\u043e\u0432\u0438\u043a (\u0437\u0430\u0434\u043d\u0438\u0439 \u0431\u0440\u044b\u0437\u0433\u043e\u0432\u0438\u043a \/ \u0431\u0440\u044b\u0437\u0433\u043e\u0432\u0438\u043a \/ \u0431\u0440\u044b\u0437\u0433\u043e\u0432\u0438\u043a \/ \u0431\u0440\u044b\u0437\u0433\u043e\u0432\u0438\u043a) \u0434\u043b\u044f \u044d\u043b\u0435\u043a\u0442\u0440\u043e\u0441\u0430\u043c\u043e\u043a\u0430\u0442\u0430 Inokim OX \/ OXO, \u043f\u043b\u0430\u0441\u0442\u0438\u043a, \u0447\u0435\u0440\u043d\u044b\u0439, \u0443\u0441\u0438\u043b\u0435\u043d \u0434\u0432\u0443\u043c\u044f \u043e\u043f\u043e\u0440\u0430\u043c\u0438, \u043d\u043e\u0432\u0430\u044f \u0432\u0435\u0440\u0441\u0438\u044f. \u041e\u0440\u0438\u0433\u0438\u043d\u0430\u043b\u044c\u043d\u0430\u044f \u0437\u0430\u043f\u0447\u0430\u0441\u0442\u044c \u0417\u0430\u0434\u043d\u0438\u0439 \u0431\u0440\u044b\u0437\u0433\u043e\u0432\u0438\u043a \u0434\u043b\u044f \u044d\u043b\u0435\u043a\u0442\u0440\u043e\u0441\u0430\u043c\u043e\u043a\u0430\u0442\u0430 Inokim OX \/ OXO \u043e\u0434\u043d\u043e\u0437\u043d\u0430\u0447\u043d\u043e \u043f\u043e\u0434\u0445\u043e\u0434\u0438\u0442 \u0434\u043b\u044f \u0441\u043b\u0435\u0434\u0443\u044e\u0449\u0438\u0445 \u043f\u043e\u043f\u0443\u043b\u044f\u0440\u043d\u044b\u0445 \u043c\u043e\u0434\u0435\u043b\u0435\u0439 - Inokim OX Eco, OX Hero, OX Super \u0438 OXO. \u0415\u0441\u043b\u0438 &hellip;","og_url":"https:\/\/www.xn--tuksimaailm-ffb.ee\/ru\/\u043f\u0440\u043e\u0434\u0443\u043a\u0442\/%d0%b7%d0%b0%d0%b4%d0%bd%d0%b8%d0%b9-%d0%b1%d1%80%d1%8b%d0%b7%d0%b3%d0%be%d0%b2%d0%b8%d0%ba-inokim-ox-oxo-%d1%81-%d0%b4%d0%b2%d1%83%d0%bc%d1%8f-%d0%be%d0%bf%d0%be%d1%80%d0%b0%d0%bc%d0%b8\/","og_site_name":"T\u00f5uksimaailm","article_publisher":"https:\/\/www.facebook.com\/touksimaailm\/","og_image":[{"width":539,"height":479,"url":"https:\/\/www.xn--tuksimaailm-ffb.ee\/wp-content\/uploads\/2022\/12\/inokim-porilaud-2ne.jpg","type":"image\/jpeg"}],"twitter_card":"summary_large_image","twitter_misc":{"\u0426\u0435\u043d\u0430":"&euro;25.00","\u0414\u043e\u0441\u0442\u0443\u043f\u043d\u043e\u0441\u0442\u044c":"\u0412 \u043d\u0430\u043b\u0438\u0447\u0438\u0438"},"schema":{"@context":"https:\/\/schema.org","@graph":[{"@type":"WebPage","@id":"https:\/\/www.xn--tuksimaailm-ffb.ee\/ru\/\u043f\u0440\u043e\u0434\u0443\u043a\u0442\/%d0%b7%d0%b0%d0%b4%d0%bd%d0%b8%d0%b9-%d0%b1%d1%80%d1%8b%d0%b7%d0%b3%d0%be%d0%b2%d0%b8%d0%ba-inokim-ox-oxo-%d1%81-%d0%b4%d0%b2%d1%83%d0%bc%d1%8f-%d0%be%d0%bf%d0%be%d1%80%d0%b0%d0%bc%d0%b8\/","url":"https:\/\/www.xn--tuksimaailm-ffb.ee\/ru\/\u043f\u0440\u043e\u0434\u0443\u043a\u0442\/%d0%b7%d0%b0%d0%b4%d0%bd%d0%b8%d0%b9-%d0%b1%d1%80%d1%8b%d0%b7%d0%b3%d0%be%d0%b2%d0%b8%d0%ba-inokim-ox-oxo-%d1%81-%d0%b4%d0%b2%d1%83%d0%bc%d1%8f-%d0%be%d0%bf%d0%be%d1%80%d0%b0%d0%bc%d0%b8\/","name":"\u0417\u0430\u0434\u043d\u0438\u0439 \u0431\u0440\u044b\u0437\u0433\u043e\u0432\u0438\u043a Inokim OX \/ OXO \u0441 \u0434\u0432\u0443\u043c\u044f \u043e\u043f\u043e\u0440\u0430\u043c\u0438 &#8212; T\u00f5uksimaailm","isPartOf":{"@id":"https:\/\/www.xn--tuksimaailm-ffb.ee\/ru\/#website"},"primaryImageOfPage":{"@id":"https:\/\/www.xn--tuksimaailm-ffb.ee\/ru\/\u043f\u0440\u043e\u0434\u0443\u043a\u0442\/%d0%b7%d0%b0%d0%b4%d0%bd%d0%b8%d0%b9-%d0%b1%d1%80%d1%8b%d0%b7%d0%b3%d0%be%d0%b2%d0%b8%d0%ba-inokim-ox-oxo-%d1%81-%d0%b4%d0%b2%d1%83%d0%bc%d1%8f-%d0%be%d0%bf%d0%be%d1%80%d0%b0%d0%bc%d0%b8\/#primaryimage"},"image":{"@id":"https:\/\/www.xn--tuksimaailm-ffb.ee\/ru\/\u043f\u0440\u043e\u0434\u0443\u043a\u0442\/%d0%b7%d0%b0%d0%b4%d0%bd%d0%b8%d0%b9-%d0%b1%d1%80%d1%8b%d0%b7%d0%b3%d0%be%d0%b2%d0%b8%d0%ba-inokim-ox-oxo-%d1%81-%d0%b4%d0%b2%d1%83%d0%bc%d1%8f-%d0%be%d0%bf%d0%be%d1%80%d0%b0%d0%bc%d0%b8\/#primaryimage"},"thumbnailUrl":"https:\/\/www.xn--tuksimaailm-ffb.ee\/wp-content\/uploads\/2022\/12\/inokim-porilaud-2ne.jpg","datePublished":"2022-12-29T10:57:04+00:00","breadcrumb":{"@id":"https:\/\/www.xn--tuksimaailm-ffb.ee\/ru\/\u043f\u0440\u043e\u0434\u0443\u043a\u0442\/%d0%b7%d0%b0%d0%b4%d0%bd%d0%b8%d0%b9-%d0%b1%d1%80%d1%8b%d0%b7%d0%b3%d0%be%d0%b2%d0%b8%d0%ba-inokim-ox-oxo-%d1%81-%d0%b4%d0%b2%d1%83%d0%bc%d1%8f-%d0%be%d0%bf%d0%be%d1%80%d0%b0%d0%bc%d0%b8\/#breadcrumb"},"inLanguage":"ru-RU","potentialAction":[{"@type":"ReadAction","target":["https:\/\/www.xn--tuksimaailm-ffb.ee\/ru\/\u043f\u0440\u043e\u0434\u0443\u043a\u0442\/%d0%b7%d0%b0%d0%b4%d0%bd%d0%b8%d0%b9-%d0%b1%d1%80%d1%8b%d0%b7%d0%b3%d0%be%d0%b2%d0%b8%d0%ba-inokim-ox-oxo-%d1%81-%d0%b4%d0%b2%d1%83%d0%bc%d1%8f-%d0%be%d0%bf%d0%be%d1%80%d0%b0%d0%bc%d0%b8\/"]}]},{"@type":"ImageObject","inLanguage":"ru-RU","@id":"https:\/\/www.xn--tuksimaailm-ffb.ee\/ru\/\u043f\u0440\u043e\u0434\u0443\u043a\u0442\/%d0%b7%d0%b0%d0%b4%d0%bd%d0%b8%d0%b9-%d0%b1%d1%80%d1%8b%d0%b7%d0%b3%d0%be%d0%b2%d0%b8%d0%ba-inokim-ox-oxo-%d1%81-%d0%b4%d0%b2%d1%83%d0%bc%d1%8f-%d0%be%d0%bf%d0%be%d1%80%d0%b0%d0%bc%d0%b8\/#primaryimage","url":"https:\/\/www.xn--tuksimaailm-ffb.ee\/wp-content\/uploads\/2022\/12\/inokim-porilaud-2ne.jpg","contentUrl":"https:\/\/www.xn--tuksimaailm-ffb.ee\/wp-content\/uploads\/2022\/12\/inokim-porilaud-2ne.jpg","width":539,"height":479,"caption":"Inokim OX \/ OXO tagumine porilaud kahe toega"},{"@type":"BreadcrumbList","@id":"https:\/\/www.xn--tuksimaailm-ffb.ee\/ru\/\u043f\u0440\u043e\u0434\u0443\u043a\u0442\/%d0%b7%d0%b0%d0%b4%d0%bd%d0%b8%d0%b9-%d0%b1%d1%80%d1%8b%d0%b7%d0%b3%d0%be%d0%b2%d0%b8%d0%ba-inokim-ox-oxo-%d1%81-%d0%b4%d0%b2%d1%83%d0%bc%d1%8f-%d0%be%d0%bf%d0%be%d1%80%d0%b0%d0%bc%d0%b8\/#breadcrumb","itemListElement":[{"@type":"ListItem","position":1,"name":"Home","item":"https:\/\/www.xn--tuksimaailm-ffb.ee\/ru\/frontpage\/"},{"@type":"ListItem","position":2,"name":"\u041c\u0410\u0413\u0410\u0417\u0418\u041d","item":"https:\/\/www.xn--tuksimaailm-ffb.ee\/elektritoukerataste-pood\/"},{"@type":"ListItem","position":3,"name":"\u0417\u0430\u0434\u043d\u0438\u0439 \u0431\u0440\u044b\u0437\u0433\u043e\u0432\u0438\u043a Inokim OX \/ OXO \u0441 \u0434\u0432\u0443\u043c\u044f \u043e\u043f\u043e\u0440\u0430\u043c\u0438"}]},{"@type":"WebSite","@id":"https:\/\/www.xn--tuksimaailm-ffb.ee\/ru\/#website","url":"https:\/\/www.xn--tuksimaailm-ffb.ee\/ru\/","name":"T\u00f5uksimaailm","description":"Elektrit\u00f5ukerataste m\u00fc\u00fck, remont ja rent","publisher":{"@id":"https:\/\/www.xn--tuksimaailm-ffb.ee\/ru\/#organization"},"potentialAction":[{"@type":"SearchAction","target":{"@type":"EntryPoint","urlTemplate":"https:\/\/www.xn--tuksimaailm-ffb.ee\/ru\/?s={search_term_string}"},"query-input":{"@type":"PropertyValueSpecification","valueRequired":true,"valueName":"search_term_string"}}],"inLanguage":"ru-RU"},{"@type":"Organization","@id":"https:\/\/www.xn--tuksimaailm-ffb.ee\/ru\/#organization","name":"T\u00f5uksimaailm","url":"https:\/\/www.xn--tuksimaailm-ffb.ee\/ru\/","logo":{"@type":"ImageObject","inLanguage":"ru-RU","@id":"https:\/\/www.xn--tuksimaailm-ffb.ee\/ru\/#\/schema\/logo\/image\/","url":"https:\/\/www.xn--tuksimaailm-ffb.ee\/wp-content\/uploads\/2020\/01\/logoz-e1579792875517.png","contentUrl":"https:\/\/www.xn--tuksimaailm-ffb.ee\/wp-content\/uploads\/2020\/01\/logoz-e1579792875517.png","width":250,"height":250,"caption":"T\u00f5uksimaailm"},"image":{"@id":"https:\/\/www.xn--tuksimaailm-ffb.ee\/ru\/#\/schema\/logo\/image\/"},"sameAs":["https:\/\/www.facebook.com\/touksimaailm\/","https:\/\/www.instagram.com\/touksimaailm_\/","https:\/\/www.youtube.com\/channel\/UC18ml0EKIDLP1xGuQjFzcXQ"]}]},"product_price_amount":"25.00","product_price_currency":"EUR","og_availability":"instock","product_availability":"instock","product_condition":"new"},"jetpack_sharing_enabled":true,"_links":{"self":[{"href":"https:\/\/www.xn--tuksimaailm-ffb.ee\/ru\/wp-json\/wp\/v2\/product\/50686","targetHints":{"allow":["GET"]}}],"collection":[{"href":"https:\/\/www.xn--tuksimaailm-ffb.ee\/ru\/wp-json\/wp\/v2\/product"}],"about":[{"href":"https:\/\/www.xn--tuksimaailm-ffb.ee\/ru\/wp-json\/wp\/v2\/types\/product"}],"wp:featuredmedia":[{"embeddable":true,"href":"https:\/\/www.xn--tuksimaailm-ffb.ee\/ru\/wp-json\/wp\/v2\/media\/21466"}],"wp:attachment":[{"href":"https:\/\/www.xn--tuksimaailm-ffb.ee\/ru\/wp-json\/wp\/v2\/media?parent=50686"}],"wp:term":[{"taxonomy":"product_brand","embeddable":true,"href":"https:\/\/www.xn--tuksimaailm-ffb.ee\/ru\/wp-json\/wp\/v2\/product_brand?post=50686"},{"taxonomy":"product_cat","embeddable":true,"href":"https:\/\/www.xn--tuksimaailm-ffb.ee\/ru\/wp-json\/wp\/v2\/product_cat?post=50686"},{"taxonomy":"product_tag","embeddable":true,"href":"https:\/\/www.xn--tuksimaailm-ffb.ee\/ru\/wp-json\/wp\/v2\/product_tag?post=50686"},{"taxonomy":"filter_elektritoukeratas","embeddable":true,"href":"https:\/\/www.xn--tuksimaailm-ffb.ee\/ru\/wp-json\/wp\/v2\/filter_elektritoukeratas?post=50686"}],"curies":[{"name":"wp","href":"https:\/\/api.w.org\/{rel}","templated":true}]}}