{"id":50689,"date":"2022-10-13T15:16:59","date_gmt":"2022-10-13T15:16:59","guid":{"rendered":"http:\/\/www.xn--tuksimaailm-ffb.ee\/shop\/%d1%8d%d0%bb%d0%b5%d0%ba%d1%82%d1%80%d0%b8%d1%87%d0%b5%d1%81%d0%ba%d0%b8%d0%b9-%d1%81%d0%ba%d1%83%d1%82%d0%b5%d1%80-%d0%b4%d0%b2%d0%b8%d0%b3%d0%b0%d1%82%d0%b5%d0%bb%d1%8c-%d0%ba%d0%b0%d0%b1%d0%b5\/"},"modified":"2022-10-13T15:16:59","modified_gmt":"2022-10-13T12:16:59","slug":"%d1%8d%d0%bb%d0%b5%d0%ba%d1%82%d1%80%d0%b8%d1%87%d0%b5%d1%81%d0%ba%d0%b8%d0%b9-%d1%81%d0%ba%d1%83%d1%82%d0%b5%d1%80-%d0%b4%d0%b2%d0%b8%d0%b3%d0%b0%d1%82%d0%b5%d0%bb%d1%8c-%d0%ba%d0%b0%d0%b1%d0%b5","status":"publish","type":"product","link":"https:\/\/www.xn--tuksimaailm-ffb.ee\/ru\/\u043f\u0440\u043e\u0434\u0443\u043a\u0442\/%d1%8d%d0%bb%d0%b5%d0%ba%d1%82%d1%80%d0%b8%d1%87%d0%b5%d1%81%d0%ba%d0%b8%d0%b9-%d1%81%d0%ba%d1%83%d1%82%d0%b5%d1%80-%d0%b4%d0%b2%d0%b8%d0%b3%d0%b0%d1%82%d0%b5%d0%bb%d1%8c-%d0%ba%d0%b0%d0%b1%d0%b5\/","title":{"rendered":"\u042d\u043b\u0435\u043a\u0442\u0440\u0438\u0447\u0435\u0441\u043a\u0438\u0439 \u0441\u043a\u0443\u0442\u0435\u0440 \u0434\u0432\u0438\u0433\u0430\u0442\u0435\u043b\u044c \u043a\u0430\u0431\u0435\u043b\u044c \/ \u043f\u0440\u043e\u0432\u043e\u0434 \u0443\u043d\u0438\u0432\u0435\u0440\u0441\u0430\u043b\u044c\u043d\u044b\u0439"},"content":{"rendered":"<p>\u041a\u0430\u0431\u0435\u043b\u044c\/\u043f\u0440\u043e\u0432\u043e\u0434 \u0434\u043b\u044f \u044d\u043b\u0435\u043a\u0442\u0440\u043e\u0434\u0432\u0438\u0433\u0430\u0442\u0435\u043b\u044f \u0441\u043a\u0443\u0442\u0435\u0440\u0430, \u0443\u043d\u0438\u0432\u0435\u0440\u0441\u0430\u043b\u044c\u043d\u044b\u0439 \u043a\u0430\u0431\u0435\u043b\u044c \u043f\u0438\u0442\u0430\u043d\u0438\u044f \u0431\u0435\u0441\u0449\u0435\u0442\u043e\u0447\u043d\u043e\u0433\u043e \u0434\u0432\u0438\u0433\u0430\u0442\u0435\u043b\u044f \u043f\u043e\u0441\u0442\u043e\u044f\u043d\u043d\u043e\u0433\u043e \u0442\u043e\u043a\u0430 (BLDC), 3 \u043f\u0440\u043e\u0432\u043e\u0434\u0430 \u043f\u0438\u0442\u0430\u043d\u0438\u044f \u0444\u0430\u0437\u044b (\u043e\u0431\u043c\u043e\u0442\u043a\u0438) \u0434\u0432\u0438\u0433\u0430\u0442\u0435\u043b\u044f \u0438 5 \u043f\u0440\u043e\u0432\u043e\u0434\u043e\u0432 \u0434\u0430\u0442\u0447\u0438\u043a\u0430 \u0425\u043e\u043b\u043b\u0430.<\/p>\n<p>\u041c\u044b \u0440\u0435\u043a\u043e\u043c\u0435\u043d\u0434\u0443\u0435\u043c \u044d\u0442\u043e\u0442 \u043a\u0430\u0431\u0435\u043b\u044c \u0434\u043b\u044f \u043c\u043e\u0449\u043d\u044b\u0445 \u044d\u043b\u0435\u043a\u0442\u0440\u043e\u043c\u043e\u0442\u043e\u0446\u0438\u043a\u043b\u043e\u0432 \u043c\u043e\u0449\u043d\u043e\u0441\u0442\u044c\u044e \u0431\u043e\u043b\u0435\u0435 1000 \u0412\u0442.<\/p>\n<p>\u0417\u0430\u043c\u0435\u043d\u0430 \u043a\u0430\u0431\u0435\u043b\u044f\/\u043f\u0440\u043e\u0432\u043e\u0434\u0430 \u0434\u0432\u0438\u0433\u0430\u0442\u0435\u043b\u044f \u044d\u043b\u0435\u043a\u0442\u0440\u043e\u0441\u043a\u0443\u0442\u0435\u0440\u0430 \u043d\u0435\u043e\u0431\u0445\u043e\u0434\u0438\u043c\u0430 \u0432 \u0442\u0435\u0445 \u0441\u043b\u0443\u0447\u0430\u044f\u0445, \u043a\u043e\u0433\u0434\u0430 \u0441\u0443\u0449\u0435\u0441\u0442\u0432\u0443\u044e\u0449\u0438\u0439 \u043a\u0430\u0431\u0435\u043b\u044c \u0434\u0432\u0438\u0433\u0430\u0442\u0435\u043b\u044f \u0443\u0436\u0435 \u043d\u0435\u0432\u043e\u0437\u043c\u043e\u0436\u043d\u043e \u043e\u0442\u0440\u0435\u043c\u043e\u043d\u0442\u0438\u0440\u043e\u0432\u0430\u0442\u044c \u0438\u0437-\u0437\u0430 \u043c\u0435\u0441\u0442\u0430 \u043f\u043e\u0432\u0440\u0435\u0436\u0434\u0435\u043d\u0438\u044f, \u043d\u0430\u043f\u0440\u0438\u043c\u0435\u0440, \u043a\u0430\u0431\u0435\u043b\u044c \u043e\u0431\u043e\u0440\u0432\u0430\u043d \u043f\u0440\u044f\u043c\u043e \u0432 \u043c\u0435\u0441\u0442\u0435 \u0432\u0445\u043e\u0434\u0430 \u0432 \u0434\u0432\u0438\u0433\u0430\u0442\u0435\u043b\u044c \u0438 \u043d\u0435\u0432\u043e\u0437\u043c\u043e\u0436\u043d\u043e \u043e\u0441\u0432\u043e\u0431\u043e\u0434\u0438\u0442\u044c \u043c\u0435\u0441\u0442\u043e \u0432\u043d\u0443\u0442\u0440\u0438 \u044d\u043b\u0435\u043a\u0442\u0440\u043e\u0434\u0432\u0438\u0433\u0430\u0442\u0435\u043b\u044f \u0434\u043b\u044f \u0440\u0435\u043c\u043e\u043d\u0442\u0430 \u043a\u0430\u0431\u0435\u043b\u044f. \u0415\u0441\u043b\u0438 \u0442\u0440\u0435\u0431\u0443\u0435\u0442\u0441\u044f \u0440\u0435\u043c\u043e\u043d\u0442 \u044d\u043b\u0435\u043a\u0442\u0440\u043e\u0441\u043a\u0443\u0442\u0435\u0440\u0430 \u0438\u043b\u0438 \u0437\u0430\u043c\u0435\u043d\u0430 \u043a\u0430\u0431\u0435\u043b\u044f \u0434\u0432\u0438\u0433\u0430\u0442\u0435\u043b\u044f, \u043d\u0430\u0448\u0430 \u043e\u043f\u044b\u0442\u043d\u0430\u044f<a href=\"\u00abhttp:\/\/www.xn--tuksimaailm-ffb.ee\/elektrilise-toukeratta-remont\/\u00bb\"><strong>\u043c\u0430\u0441\u0442\u0435\u0440\u0441\u043a\u0430\u044f \u044d\u043b\u0435\u043a\u0442\u0440\u043e\u0441\u043a\u0443\u0442\u0435\u0440\u043e\u0432\u043c\u043e\u0436\u0435\u0442<\/strong><\/a> \u043f\u043e\u043c\u043e\u0447\u044c.<\/p>\n","protected":false},"excerpt":{"rendered":"<p>\u041a\u0430\u0431\u0435\u043b\u044c\/\u043f\u0440\u043e\u0432\u043e\u0434 \u0434\u043b\u044f \u044d\u043b\u0435\u043a\u0442\u0440\u043e\u0434\u0432\u0438\u0433\u0430\u0442\u0435\u043b\u044f \u0441\u043a\u0443\u0442\u0435\u0440\u0430, \u0443\u043d\u0438\u0432\u0435\u0440\u0441\u0430\u043b\u044c\u043d\u044b\u0439 \u043a\u0430\u0431\u0435\u043b\u044c \u043f\u0438\u0442\u0430\u043d\u0438\u044f \u0431\u0435\u0441\u0449\u0435\u0442\u043e\u0447\u043d\u043e\u0433\u043e \u0434\u0432\u0438\u0433\u0430\u0442\u0435\u043b\u044f \u043f\u043e\u0441\u0442\u043e\u044f\u043d\u043d\u043e\u0433\u043e \u0442\u043e\u043a\u0430 (BLDC), 3 \u043f\u0440\u043e\u0432\u043e\u0434\u0430 \u043f\u0438\u0442\u0430\u043d\u0438\u044f \u0444\u0430\u0437\u044b (\u043e\u0431\u043c\u043e\u0442\u043a\u0438) \u0434\u0432\u0438\u0433\u0430\u0442\u0435\u043b\u044f \u0438 5 \u043f\u0440\u043e\u0432\u043e\u0434\u043e\u0432 \u0434\u0430\u0442\u0447\u0438\u043a\u0430 \u0425\u043e\u043b\u043b\u0430. \u041c\u044b \u0440\u0435\u043a\u043e\u043c\u0435\u043d\u0434\u0443\u0435\u043c \u044d\u0442\u043e\u0442 \u043a\u0430\u0431\u0435\u043b\u044c \u0434\u043b\u044f \u043c\u043e\u0449\u043d\u044b\u0445 \u044d\u043b\u0435\u043a\u0442\u0440\u043e\u043c\u043e\u0442\u043e\u0446\u0438\u043a\u043b\u043e\u0432 \u043c\u043e\u0449\u043d\u043e\u0441\u0442\u044c\u044e \u0431\u043e\u043b\u0435\u0435 1000 \u0412\u0442. \u0417\u0430\u043c\u0435\u043d\u0430 \u043a\u0430\u0431\u0435\u043b\u044f\/\u043f\u0440\u043e\u0432\u043e\u0434\u0430 \u0434\u0432\u0438\u0433\u0430\u0442\u0435\u043b\u044f \u044d\u043b\u0435\u043a\u0442\u0440\u043e\u0441\u043a\u0443\u0442\u0435\u0440\u0430 \u043d\u0435\u043e\u0431\u0445\u043e\u0434\u0438\u043c\u0430 \u0432 \u0442\u0435\u0445 \u0441\u043b\u0443\u0447\u0430\u044f\u0445, \u043a\u043e\u0433\u0434\u0430 \u0441\u0443\u0449\u0435\u0441\u0442\u0432\u0443\u044e\u0449\u0438\u0439 \u043a\u0430\u0431\u0435\u043b\u044c \u0434\u0432\u0438\u0433\u0430\u0442\u0435\u043b\u044f \u0443\u0436\u0435 \u043d\u0435\u0432\u043e\u0437\u043c\u043e\u0436\u043d\u043e \u043e\u0442\u0440\u0435\u043c\u043e\u043d\u0442\u0438\u0440\u043e\u0432\u0430\u0442\u044c \u0438\u0437-\u0437\u0430 &hellip;<\/p>\n","protected":false},"featured_media":75771,"template":"","meta":[],"product_brand":[],"product_cat":[757],"product_tag":[1530],"filter_elektritoukeratas":[2707,2705,2706,2714,2715,2712,2713,2720,2722,2726,2681,2678,2679,2680,2671,2672,2670,2669,2673,2674,2675,2676,2668,2677,2740,2741,2739,2743,2742,2744,2753,2754,2755,2756,2646,2602,2645,2648,2647,2748,2750,2751,2746,2749,2747],"class_list":{"0":"post-50689","1":"product","2":"type-product","3":"status-publish","4":"has-post-thumbnail","6":"product_cat-757","7":"product_tag-universaalsed-elektritoukeratta-varuosad-ru","8":"pa_tootetuup-universaalsed-elektritoukeratta-varuosad-ru","9":"filter_elektritoukeratas-ft_gpad_f3_max","10":"filter_elektritoukeratas-ft_gpad_foxen","11":"filter_elektritoukeratas-ft_gpad_storm","12":"filter_elektritoukeratas-ft_inokim_ox_eco_hero_super","13":"filter_elektritoukeratas-ft_inokim_oxo","14":"filter_elektritoukeratas-ft_inokim_quick_3_hero_super","15":"filter_elektritoukeratas-ft_inokim_quick_4_hero_super","16":"filter_elektritoukeratas-ft_joyor_s5_s10-s_s_pro","17":"filter_elektritoukeratas-ft_joyor_y10_y6_s_y5s","18":"filter_elektritoukeratas-ft_kaabo_mantis_10","19":"filter_elektritoukeratas-ft_kugoo_c1_c1_pro","20":"filter_elektritoukeratas-ft_kugoo_g_booster","21":"filter_elektritoukeratas-ft_kugoo_g1","22":"filter_elektritoukeratas-ft_kugoo_g1_pro","23":"filter_elektritoukeratas-ft_kugoo_g2","24":"filter_elektritoukeratas-ft_kugoo_g2_master","25":"filter_elektritoukeratas-ft_kugoo_g2_max","26":"filter_elektritoukeratas-ft_kugoo_g2_pro","27":"filter_elektritoukeratas-ft_kugoo_g3","28":"filter_elektritoukeratas-ft_kugoo_g3_pro","29":"filter_elektritoukeratas-ft_kugoo_g4","30":"filter_elektritoukeratas-ft_kugoo_g4_max","31":"filter_elektritoukeratas-ft_kugoo_m4_m4_pro","32":"filter_elektritoukeratas-ft_kugoo_m5_pro","33":"filter_elektritoukeratas-ft_nanrobot_d4_plus","34":"filter_elektritoukeratas-ft_nanrobot_d6_plus","35":"filter_elektritoukeratas-ft_nanrobot_lightning","36":"filter_elektritoukeratas-ft_nanrobot_ls7plus","37":"filter_elektritoukeratas-ft_nanrobot_n6","38":"filter_elektritoukeratas-ft_nanrobot_x_spark","39":"filter_elektritoukeratas-ft_techlife_x5_x5s","40":"filter_elektritoukeratas-ft_techlife_x6","41":"filter_elektritoukeratas-ft_techlife_x7_x7_lite_x7s","42":"filter_elektritoukeratas-ft_techlife_x8_x8s","43":"filter_elektritoukeratas-ft_vsett_10_plus","44":"filter_elektritoukeratas-ft_vsett_11_plus","45":"filter_elektritoukeratas-ft_vsett_11_plus_super","46":"filter_elektritoukeratas-ft_vsett_8_8_plus","47":"filter_elektritoukeratas-ft_vsett_9_9_plus","48":"filter_elektritoukeratas-ft_zero_10","49":"filter_elektritoukeratas-ft_zero_10x","50":"filter_elektritoukeratas-ft_zero_11x","51":"filter_elektritoukeratas-ft_zero_8","52":"filter_elektritoukeratas-ft_zero_8x_compact","53":"filter_elektritoukeratas-ft_zero_9","55":"first","56":"instock","57":"taxable","58":"shipping-taxable","59":"purchasable","60":"product-type-simple"},"yoast_head":"<!-- This site is optimized with the Yoast SEO Premium plugin v26.8 (Yoast SEO v27.5) - https:\/\/yoast.com\/product\/yoast-seo-premium-wordpress\/ -->\n<title>\u042d\u043b\u0435\u043a\u0442\u0440\u0438\u0447\u0435\u0441\u043a\u0438\u0439 \u0441\u043a\u0443\u0442\u0435\u0440 \u0434\u0432\u0438\u0433\u0430\u0442\u0435\u043b\u044c \u043a\u0430\u0431\u0435\u043b\u044c \/ \u043f\u0440\u043e\u0432\u043e\u0434 \u0443\u043d\u0438\u0432\u0435\u0440\u0441\u0430\u043b\u044c\u043d\u044b\u0439 &#8212; T\u00f5uksimaailm<\/title>\n<meta name=\"robots\" content=\"index, follow, max-snippet:-1, max-image-preview:large, max-video-preview:-1\" \/>\n<link rel=\"canonical\" href=\"https:\/\/www.xn--tuksimaailm-ffb.ee\/ru\/\u043f\u0440\u043e\u0434\u0443\u043a\u0442\/%d1%8d%d0%bb%d0%b5%d0%ba%d1%82%d1%80%d0%b8%d1%87%d0%b5%d1%81%d0%ba%d0%b8%d0%b9-%d1%81%d0%ba%d1%83%d1%82%d0%b5%d1%80-%d0%b4%d0%b2%d0%b8%d0%b3%d0%b0%d1%82%d0%b5%d0%bb%d1%8c-%d0%ba%d0%b0%d0%b1%d0%b5\/\" \/>\n<meta property=\"og:locale\" content=\"ru_RU\" \/>\n<meta property=\"og:type\" content=\"article\" \/>\n<meta property=\"og:title\" content=\"\u042d\u043b\u0435\u043a\u0442\u0440\u0438\u0447\u0435\u0441\u043a\u0438\u0439 \u0441\u043a\u0443\u0442\u0435\u0440 \u0434\u0432\u0438\u0433\u0430\u0442\u0435\u043b\u044c \u043a\u0430\u0431\u0435\u043b\u044c \/ \u043f\u0440\u043e\u0432\u043e\u0434 \u0443\u043d\u0438\u0432\u0435\u0440\u0441\u0430\u043b\u044c\u043d\u044b\u0439\" \/>\n<meta property=\"og:description\" content=\"\u041a\u0430\u0431\u0435\u043b\u044c\/\u043f\u0440\u043e\u0432\u043e\u0434 \u0434\u043b\u044f \u044d\u043b\u0435\u043a\u0442\u0440\u043e\u0434\u0432\u0438\u0433\u0430\u0442\u0435\u043b\u044f \u0441\u043a\u0443\u0442\u0435\u0440\u0430, \u0443\u043d\u0438\u0432\u0435\u0440\u0441\u0430\u043b\u044c\u043d\u044b\u0439 \u043a\u0430\u0431\u0435\u043b\u044c \u043f\u0438\u0442\u0430\u043d\u0438\u044f \u0431\u0435\u0441\u0449\u0435\u0442\u043e\u0447\u043d\u043e\u0433\u043e \u0434\u0432\u0438\u0433\u0430\u0442\u0435\u043b\u044f \u043f\u043e\u0441\u0442\u043e\u044f\u043d\u043d\u043e\u0433\u043e \u0442\u043e\u043a\u0430 (BLDC), 3 \u043f\u0440\u043e\u0432\u043e\u0434\u0430 \u043f\u0438\u0442\u0430\u043d\u0438\u044f \u0444\u0430\u0437\u044b (\u043e\u0431\u043c\u043e\u0442\u043a\u0438) \u0434\u0432\u0438\u0433\u0430\u0442\u0435\u043b\u044f \u0438 5 \u043f\u0440\u043e\u0432\u043e\u0434\u043e\u0432 \u0434\u0430\u0442\u0447\u0438\u043a\u0430 \u0425\u043e\u043b\u043b\u0430. \u041c\u044b \u0440\u0435\u043a\u043e\u043c\u0435\u043d\u0434\u0443\u0435\u043c \u044d\u0442\u043e\u0442 \u043a\u0430\u0431\u0435\u043b\u044c \u0434\u043b\u044f \u043c\u043e\u0449\u043d\u044b\u0445 \u044d\u043b\u0435\u043a\u0442\u0440\u043e\u043c\u043e\u0442\u043e\u0446\u0438\u043a\u043b\u043e\u0432 \u043c\u043e\u0449\u043d\u043e\u0441\u0442\u044c\u044e \u0431\u043e\u043b\u0435\u0435 1000 \u0412\u0442. \u0417\u0430\u043c\u0435\u043d\u0430 \u043a\u0430\u0431\u0435\u043b\u044f\/\u043f\u0440\u043e\u0432\u043e\u0434\u0430 \u0434\u0432\u0438\u0433\u0430\u0442\u0435\u043b\u044f \u044d\u043b\u0435\u043a\u0442\u0440\u043e\u0441\u043a\u0443\u0442\u0435\u0440\u0430 \u043d\u0435\u043e\u0431\u0445\u043e\u0434\u0438\u043c\u0430 \u0432 \u0442\u0435\u0445 \u0441\u043b\u0443\u0447\u0430\u044f\u0445, \u043a\u043e\u0433\u0434\u0430 \u0441\u0443\u0449\u0435\u0441\u0442\u0432\u0443\u044e\u0449\u0438\u0439 \u043a\u0430\u0431\u0435\u043b\u044c \u0434\u0432\u0438\u0433\u0430\u0442\u0435\u043b\u044f \u0443\u0436\u0435 \u043d\u0435\u0432\u043e\u0437\u043c\u043e\u0436\u043d\u043e \u043e\u0442\u0440\u0435\u043c\u043e\u043d\u0442\u0438\u0440\u043e\u0432\u0430\u0442\u044c \u0438\u0437-\u0437\u0430 &hellip;\" \/>\n<meta property=\"og:url\" content=\"https:\/\/www.xn--tuksimaailm-ffb.ee\/ru\/\u043f\u0440\u043e\u0434\u0443\u043a\u0442\/%d1%8d%d0%bb%d0%b5%d0%ba%d1%82%d1%80%d0%b8%d1%87%d0%b5%d1%81%d0%ba%d0%b8%d0%b9-%d1%81%d0%ba%d1%83%d1%82%d0%b5%d1%80-%d0%b4%d0%b2%d0%b8%d0%b3%d0%b0%d1%82%d0%b5%d0%bb%d1%8c-%d0%ba%d0%b0%d0%b1%d0%b5\/\" \/>\n<meta property=\"og:site_name\" content=\"T\u00f5uksimaailm\" \/>\n<meta property=\"article:publisher\" content=\"https:\/\/www.facebook.com\/touksimaailm\/\" \/>\n<meta property=\"og:image\" content=\"https:\/\/www.xn--tuksimaailm-ffb.ee\/wp-content\/uploads\/2022\/10\/mootori-kaabel-universaalne.jpg\" \/>\n\t<meta property=\"og:image:width\" content=\"2016\" \/>\n\t<meta property=\"og:image:height\" content=\"1512\" \/>\n\t<meta property=\"og:image:type\" content=\"image\/jpeg\" \/>\n<meta name=\"twitter:card\" content=\"summary_large_image\" \/>\n<meta name=\"twitter:label1\" content=\"\u0426\u0435\u043d\u0430\" \/>\n\t<meta name=\"twitter:data1\" content=\"&euro;25.00\" \/>\n\t<meta name=\"twitter:label2\" content=\"\u0414\u043e\u0441\u0442\u0443\u043f\u043d\u043e\u0441\u0442\u044c\" \/>\n\t<meta name=\"twitter:data2\" content=\"\u0412 \u043d\u0430\u043b\u0438\u0447\u0438\u0438\" \/>\n<meta property=\"product:price:amount\" content=\"25.00\" \/>\n<meta property=\"product:price:currency\" content=\"EUR\" \/>\n<meta property=\"og:availability\" content=\"instock\" \/>\n<meta property=\"product:availability\" content=\"instock\" \/>\n<meta property=\"product:condition\" content=\"new\" \/>\n<!-- \/ Yoast SEO Premium plugin. -->","yoast_head_json":{"title":"\u042d\u043b\u0435\u043a\u0442\u0440\u0438\u0447\u0435\u0441\u043a\u0438\u0439 \u0441\u043a\u0443\u0442\u0435\u0440 \u0434\u0432\u0438\u0433\u0430\u0442\u0435\u043b\u044c \u043a\u0430\u0431\u0435\u043b\u044c \/ \u043f\u0440\u043e\u0432\u043e\u0434 \u0443\u043d\u0438\u0432\u0435\u0440\u0441\u0430\u043b\u044c\u043d\u044b\u0439 &#8212; T\u00f5uksimaailm","robots":{"index":"index","follow":"follow","max-snippet":"max-snippet:-1","max-image-preview":"max-image-preview:large","max-video-preview":"max-video-preview:-1"},"canonical":"https:\/\/www.xn--tuksimaailm-ffb.ee\/ru\/\u043f\u0440\u043e\u0434\u0443\u043a\u0442\/%d1%8d%d0%bb%d0%b5%d0%ba%d1%82%d1%80%d0%b8%d1%87%d0%b5%d1%81%d0%ba%d0%b8%d0%b9-%d1%81%d0%ba%d1%83%d1%82%d0%b5%d1%80-%d0%b4%d0%b2%d0%b8%d0%b3%d0%b0%d1%82%d0%b5%d0%bb%d1%8c-%d0%ba%d0%b0%d0%b1%d0%b5\/","og_locale":"ru_RU","og_type":"article","og_title":"\u042d\u043b\u0435\u043a\u0442\u0440\u0438\u0447\u0435\u0441\u043a\u0438\u0439 \u0441\u043a\u0443\u0442\u0435\u0440 \u0434\u0432\u0438\u0433\u0430\u0442\u0435\u043b\u044c \u043a\u0430\u0431\u0435\u043b\u044c \/ \u043f\u0440\u043e\u0432\u043e\u0434 \u0443\u043d\u0438\u0432\u0435\u0440\u0441\u0430\u043b\u044c\u043d\u044b\u0439","og_description":"\u041a\u0430\u0431\u0435\u043b\u044c\/\u043f\u0440\u043e\u0432\u043e\u0434 \u0434\u043b\u044f \u044d\u043b\u0435\u043a\u0442\u0440\u043e\u0434\u0432\u0438\u0433\u0430\u0442\u0435\u043b\u044f \u0441\u043a\u0443\u0442\u0435\u0440\u0430, \u0443\u043d\u0438\u0432\u0435\u0440\u0441\u0430\u043b\u044c\u043d\u044b\u0439 \u043a\u0430\u0431\u0435\u043b\u044c \u043f\u0438\u0442\u0430\u043d\u0438\u044f \u0431\u0435\u0441\u0449\u0435\u0442\u043e\u0447\u043d\u043e\u0433\u043e \u0434\u0432\u0438\u0433\u0430\u0442\u0435\u043b\u044f \u043f\u043e\u0441\u0442\u043e\u044f\u043d\u043d\u043e\u0433\u043e \u0442\u043e\u043a\u0430 (BLDC), 3 \u043f\u0440\u043e\u0432\u043e\u0434\u0430 \u043f\u0438\u0442\u0430\u043d\u0438\u044f \u0444\u0430\u0437\u044b (\u043e\u0431\u043c\u043e\u0442\u043a\u0438) \u0434\u0432\u0438\u0433\u0430\u0442\u0435\u043b\u044f \u0438 5 \u043f\u0440\u043e\u0432\u043e\u0434\u043e\u0432 \u0434\u0430\u0442\u0447\u0438\u043a\u0430 \u0425\u043e\u043b\u043b\u0430. \u041c\u044b \u0440\u0435\u043a\u043e\u043c\u0435\u043d\u0434\u0443\u0435\u043c \u044d\u0442\u043e\u0442 \u043a\u0430\u0431\u0435\u043b\u044c \u0434\u043b\u044f \u043c\u043e\u0449\u043d\u044b\u0445 \u044d\u043b\u0435\u043a\u0442\u0440\u043e\u043c\u043e\u0442\u043e\u0446\u0438\u043a\u043b\u043e\u0432 \u043c\u043e\u0449\u043d\u043e\u0441\u0442\u044c\u044e \u0431\u043e\u043b\u0435\u0435 1000 \u0412\u0442. \u0417\u0430\u043c\u0435\u043d\u0430 \u043a\u0430\u0431\u0435\u043b\u044f\/\u043f\u0440\u043e\u0432\u043e\u0434\u0430 \u0434\u0432\u0438\u0433\u0430\u0442\u0435\u043b\u044f \u044d\u043b\u0435\u043a\u0442\u0440\u043e\u0441\u043a\u0443\u0442\u0435\u0440\u0430 \u043d\u0435\u043e\u0431\u0445\u043e\u0434\u0438\u043c\u0430 \u0432 \u0442\u0435\u0445 \u0441\u043b\u0443\u0447\u0430\u044f\u0445, \u043a\u043e\u0433\u0434\u0430 \u0441\u0443\u0449\u0435\u0441\u0442\u0432\u0443\u044e\u0449\u0438\u0439 \u043a\u0430\u0431\u0435\u043b\u044c \u0434\u0432\u0438\u0433\u0430\u0442\u0435\u043b\u044f \u0443\u0436\u0435 \u043d\u0435\u0432\u043e\u0437\u043c\u043e\u0436\u043d\u043e \u043e\u0442\u0440\u0435\u043c\u043e\u043d\u0442\u0438\u0440\u043e\u0432\u0430\u0442\u044c \u0438\u0437-\u0437\u0430 &hellip;","og_url":"https:\/\/www.xn--tuksimaailm-ffb.ee\/ru\/\u043f\u0440\u043e\u0434\u0443\u043a\u0442\/%d1%8d%d0%bb%d0%b5%d0%ba%d1%82%d1%80%d0%b8%d1%87%d0%b5%d1%81%d0%ba%d0%b8%d0%b9-%d1%81%d0%ba%d1%83%d1%82%d0%b5%d1%80-%d0%b4%d0%b2%d0%b8%d0%b3%d0%b0%d1%82%d0%b5%d0%bb%d1%8c-%d0%ba%d0%b0%d0%b1%d0%b5\/","og_site_name":"T\u00f5uksimaailm","article_publisher":"https:\/\/www.facebook.com\/touksimaailm\/","og_image":[{"width":2016,"height":1512,"url":"https:\/\/www.xn--tuksimaailm-ffb.ee\/wp-content\/uploads\/2022\/10\/mootori-kaabel-universaalne.jpg","type":"image\/jpeg"}],"twitter_card":"summary_large_image","twitter_misc":{"\u0426\u0435\u043d\u0430":"&euro;25.00","\u0414\u043e\u0441\u0442\u0443\u043f\u043d\u043e\u0441\u0442\u044c":"\u0412 \u043d\u0430\u043b\u0438\u0447\u0438\u0438"},"schema":{"@context":"https:\/\/schema.org","@graph":[{"@type":"WebPage","@id":"https:\/\/www.xn--tuksimaailm-ffb.ee\/ru\/\u043f\u0440\u043e\u0434\u0443\u043a\u0442\/%d1%8d%d0%bb%d0%b5%d0%ba%d1%82%d1%80%d0%b8%d1%87%d0%b5%d1%81%d0%ba%d0%b8%d0%b9-%d1%81%d0%ba%d1%83%d1%82%d0%b5%d1%80-%d0%b4%d0%b2%d0%b8%d0%b3%d0%b0%d1%82%d0%b5%d0%bb%d1%8c-%d0%ba%d0%b0%d0%b1%d0%b5\/","url":"https:\/\/www.xn--tuksimaailm-ffb.ee\/ru\/\u043f\u0440\u043e\u0434\u0443\u043a\u0442\/%d1%8d%d0%bb%d0%b5%d0%ba%d1%82%d1%80%d0%b8%d1%87%d0%b5%d1%81%d0%ba%d0%b8%d0%b9-%d1%81%d0%ba%d1%83%d1%82%d0%b5%d1%80-%d0%b4%d0%b2%d0%b8%d0%b3%d0%b0%d1%82%d0%b5%d0%bb%d1%8c-%d0%ba%d0%b0%d0%b1%d0%b5\/","name":"\u042d\u043b\u0435\u043a\u0442\u0440\u0438\u0447\u0435\u0441\u043a\u0438\u0439 \u0441\u043a\u0443\u0442\u0435\u0440 \u0434\u0432\u0438\u0433\u0430\u0442\u0435\u043b\u044c \u043a\u0430\u0431\u0435\u043b\u044c \/ \u043f\u0440\u043e\u0432\u043e\u0434 \u0443\u043d\u0438\u0432\u0435\u0440\u0441\u0430\u043b\u044c\u043d\u044b\u0439 &#8212; T\u00f5uksimaailm","isPartOf":{"@id":"https:\/\/www.xn--tuksimaailm-ffb.ee\/ru\/#website"},"primaryImageOfPage":{"@id":"https:\/\/www.xn--tuksimaailm-ffb.ee\/ru\/\u043f\u0440\u043e\u0434\u0443\u043a\u0442\/%d1%8d%d0%bb%d0%b5%d0%ba%d1%82%d1%80%d0%b8%d1%87%d0%b5%d1%81%d0%ba%d0%b8%d0%b9-%d1%81%d0%ba%d1%83%d1%82%d0%b5%d1%80-%d0%b4%d0%b2%d0%b8%d0%b3%d0%b0%d1%82%d0%b5%d0%bb%d1%8c-%d0%ba%d0%b0%d0%b1%d0%b5\/#primaryimage"},"image":{"@id":"https:\/\/www.xn--tuksimaailm-ffb.ee\/ru\/\u043f\u0440\u043e\u0434\u0443\u043a\u0442\/%d1%8d%d0%bb%d0%b5%d0%ba%d1%82%d1%80%d0%b8%d1%87%d0%b5%d1%81%d0%ba%d0%b8%d0%b9-%d1%81%d0%ba%d1%83%d1%82%d0%b5%d1%80-%d0%b4%d0%b2%d0%b8%d0%b3%d0%b0%d1%82%d0%b5%d0%bb%d1%8c-%d0%ba%d0%b0%d0%b1%d0%b5\/#primaryimage"},"thumbnailUrl":"https:\/\/www.xn--tuksimaailm-ffb.ee\/wp-content\/uploads\/2022\/10\/Screenshot-2026-01-27-220505.webp","datePublished":"2022-10-13T15:16:59+00:00","breadcrumb":{"@id":"https:\/\/www.xn--tuksimaailm-ffb.ee\/ru\/\u043f\u0440\u043e\u0434\u0443\u043a\u0442\/%d1%8d%d0%bb%d0%b5%d0%ba%d1%82%d1%80%d0%b8%d1%87%d0%b5%d1%81%d0%ba%d0%b8%d0%b9-%d1%81%d0%ba%d1%83%d1%82%d0%b5%d1%80-%d0%b4%d0%b2%d0%b8%d0%b3%d0%b0%d1%82%d0%b5%d0%bb%d1%8c-%d0%ba%d0%b0%d0%b1%d0%b5\/#breadcrumb"},"inLanguage":"ru-RU","potentialAction":[{"@type":"ReadAction","target":["https:\/\/www.xn--tuksimaailm-ffb.ee\/ru\/\u043f\u0440\u043e\u0434\u0443\u043a\u0442\/%d1%8d%d0%bb%d0%b5%d0%ba%d1%82%d1%80%d0%b8%d1%87%d0%b5%d1%81%d0%ba%d0%b8%d0%b9-%d1%81%d0%ba%d1%83%d1%82%d0%b5%d1%80-%d0%b4%d0%b2%d0%b8%d0%b3%d0%b0%d1%82%d0%b5%d0%bb%d1%8c-%d0%ba%d0%b0%d0%b1%d0%b5\/"]}]},{"@type":"ImageObject","inLanguage":"ru-RU","@id":"https:\/\/www.xn--tuksimaailm-ffb.ee\/ru\/\u043f\u0440\u043e\u0434\u0443\u043a\u0442\/%d1%8d%d0%bb%d0%b5%d0%ba%d1%82%d1%80%d0%b8%d1%87%d0%b5%d1%81%d0%ba%d0%b8%d0%b9-%d1%81%d0%ba%d1%83%d1%82%d0%b5%d1%80-%d0%b4%d0%b2%d0%b8%d0%b3%d0%b0%d1%82%d0%b5%d0%bb%d1%8c-%d0%ba%d0%b0%d0%b1%d0%b5\/#primaryimage","url":"https:\/\/www.xn--tuksimaailm-ffb.ee\/wp-content\/uploads\/2022\/10\/Screenshot-2026-01-27-220505.webp","contentUrl":"https:\/\/www.xn--tuksimaailm-ffb.ee\/wp-content\/uploads\/2022\/10\/Screenshot-2026-01-27-220505.webp","width":1272,"height":1016,"caption":"Elektrit\u00f5ukeratta mootori kaabel \/ juhe universaalne"},{"@type":"BreadcrumbList","@id":"https:\/\/www.xn--tuksimaailm-ffb.ee\/ru\/\u043f\u0440\u043e\u0434\u0443\u043a\u0442\/%d1%8d%d0%bb%d0%b5%d0%ba%d1%82%d1%80%d0%b8%d1%87%d0%b5%d1%81%d0%ba%d0%b8%d0%b9-%d1%81%d0%ba%d1%83%d1%82%d0%b5%d1%80-%d0%b4%d0%b2%d0%b8%d0%b3%d0%b0%d1%82%d0%b5%d0%bb%d1%8c-%d0%ba%d0%b0%d0%b1%d0%b5\/#breadcrumb","itemListElement":[{"@type":"ListItem","position":1,"name":"Home","item":"https:\/\/www.xn--tuksimaailm-ffb.ee\/ru\/frontpage\/"},{"@type":"ListItem","position":2,"name":"\u041c\u0410\u0413\u0410\u0417\u0418\u041d","item":"https:\/\/www.xn--tuksimaailm-ffb.ee\/elektritoukerataste-pood\/"},{"@type":"ListItem","position":3,"name":"\u042d\u043b\u0435\u043a\u0442\u0440\u0438\u0447\u0435\u0441\u043a\u0438\u0439 \u0441\u043a\u0443\u0442\u0435\u0440 \u0434\u0432\u0438\u0433\u0430\u0442\u0435\u043b\u044c \u043a\u0430\u0431\u0435\u043b\u044c \/ \u043f\u0440\u043e\u0432\u043e\u0434 \u0443\u043d\u0438\u0432\u0435\u0440\u0441\u0430\u043b\u044c\u043d\u044b\u0439"}]},{"@type":"WebSite","@id":"https:\/\/www.xn--tuksimaailm-ffb.ee\/ru\/#website","url":"https:\/\/www.xn--tuksimaailm-ffb.ee\/ru\/","name":"T\u00f5uksimaailm","description":"Elektrit\u00f5ukerataste m\u00fc\u00fck, remont ja rent","publisher":{"@id":"https:\/\/www.xn--tuksimaailm-ffb.ee\/ru\/#organization"},"potentialAction":[{"@type":"SearchAction","target":{"@type":"EntryPoint","urlTemplate":"https:\/\/www.xn--tuksimaailm-ffb.ee\/ru\/?s={search_term_string}"},"query-input":{"@type":"PropertyValueSpecification","valueRequired":true,"valueName":"search_term_string"}}],"inLanguage":"ru-RU"},{"@type":"Organization","@id":"https:\/\/www.xn--tuksimaailm-ffb.ee\/ru\/#organization","name":"T\u00f5uksimaailm","url":"https:\/\/www.xn--tuksimaailm-ffb.ee\/ru\/","logo":{"@type":"ImageObject","inLanguage":"ru-RU","@id":"https:\/\/www.xn--tuksimaailm-ffb.ee\/ru\/#\/schema\/logo\/image\/","url":"https:\/\/www.xn--tuksimaailm-ffb.ee\/wp-content\/uploads\/2020\/01\/logoz-e1579792875517.png","contentUrl":"https:\/\/www.xn--tuksimaailm-ffb.ee\/wp-content\/uploads\/2020\/01\/logoz-e1579792875517.png","width":250,"height":250,"caption":"T\u00f5uksimaailm"},"image":{"@id":"https:\/\/www.xn--tuksimaailm-ffb.ee\/ru\/#\/schema\/logo\/image\/"},"sameAs":["https:\/\/www.facebook.com\/touksimaailm\/","https:\/\/www.instagram.com\/touksimaailm_\/","https:\/\/www.youtube.com\/channel\/UC18ml0EKIDLP1xGuQjFzcXQ"]}]},"product_price_amount":"25.00","product_price_currency":"EUR","og_availability":"instock","product_availability":"instock","product_condition":"new"},"jetpack_sharing_enabled":true,"_links":{"self":[{"href":"https:\/\/www.xn--tuksimaailm-ffb.ee\/ru\/wp-json\/wp\/v2\/product\/50689","targetHints":{"allow":["GET"]}}],"collection":[{"href":"https:\/\/www.xn--tuksimaailm-ffb.ee\/ru\/wp-json\/wp\/v2\/product"}],"about":[{"href":"https:\/\/www.xn--tuksimaailm-ffb.ee\/ru\/wp-json\/wp\/v2\/types\/product"}],"wp:featuredmedia":[{"embeddable":true,"href":"https:\/\/www.xn--tuksimaailm-ffb.ee\/ru\/wp-json\/wp\/v2\/media\/75771"}],"wp:attachment":[{"href":"https:\/\/www.xn--tuksimaailm-ffb.ee\/ru\/wp-json\/wp\/v2\/media?parent=50689"}],"wp:term":[{"taxonomy":"product_brand","embeddable":true,"href":"https:\/\/www.xn--tuksimaailm-ffb.ee\/ru\/wp-json\/wp\/v2\/product_brand?post=50689"},{"taxonomy":"product_cat","embeddable":true,"href":"https:\/\/www.xn--tuksimaailm-ffb.ee\/ru\/wp-json\/wp\/v2\/product_cat?post=50689"},{"taxonomy":"product_tag","embeddable":true,"href":"https:\/\/www.xn--tuksimaailm-ffb.ee\/ru\/wp-json\/wp\/v2\/product_tag?post=50689"},{"taxonomy":"filter_elektritoukeratas","embeddable":true,"href":"https:\/\/www.xn--tuksimaailm-ffb.ee\/ru\/wp-json\/wp\/v2\/filter_elektritoukeratas?post=50689"}],"curies":[{"name":"wp","href":"https:\/\/api.w.org\/{rel}","templated":true}]}}