{"id":50693,"date":"2022-05-28T10:30:53","date_gmt":"2022-05-28T08:30:53","guid":{"rendered":"http:\/\/www.xn--tuksimaailm-ffb.ee\/shop\/%d1%8d%d0%ba%d1%80%d0%b0%d0%bd-lt-01-%d1%81-%d1%84%d0%bb%d0%b5%d1%88%d0%ba%d0%be%d0%b9-kaabo-mantis-8-10-eco-plus\/"},"modified":"2022-05-28T10:30:53","modified_gmt":"2022-05-28T07:30:53","slug":"%d1%8d%d0%ba%d1%80%d0%b0%d0%bd-lt-01-%d1%81-%d1%84%d0%bb%d0%b5%d1%88%d0%ba%d0%be%d0%b9-kaabo-mantis-8-10-eco-plus","status":"publish","type":"product","link":"https:\/\/www.xn--tuksimaailm-ffb.ee\/ru\/\u043f\u0440\u043e\u0434\u0443\u043a\u0442\/%d1%8d%d0%ba%d1%80%d0%b0%d0%bd-lt-01-%d1%81-%d1%84%d0%bb%d0%b5%d1%88%d0%ba%d0%be%d0%b9-kaabo-mantis-8-10-eco-plus\/","title":{"rendered":"\u042d\u043a\u0440\u0430\u043d LT-01 \u0441 \u0444\u043b\u0435\u0448\u043a\u043e\u0439 - Kaabo Mantis 8 10 Eco Plus"},"content":{"rendered":"<p>\u042d\u043a\u0440\u0430\u043d LT-01 \u0441 \u0440\u0443\u0447\u043a\u043e\u0439 \u0434\u043b\u044f \u0431\u043e\u043b\u044c\u0448\u043e\u0433\u043e \u043f\u0430\u043b\u044c\u0446\u0430 - \u043f\u043e\u0434\u0445\u043e\u0434\u0438\u0442 \u0434\u043b\u044f \u0431\u043e\u043b\u044c\u0448\u0438\u043d\u0441\u0442\u0432\u0430 \u044d\u043b\u0435\u043a\u0442\u0440\u043e\u0441\u043a\u0443\u0442\u0435\u0440\u043e\u0432 Kaabo Mantis 8 \u0438 10 Eco\/Plus, \u0430 \u0442\u0430\u043a\u0436\u0435 \u0434\u043b\u044f \u043c\u043e\u0434\u0435\u043b\u0435\u0439 Skywalker 8 \u0438 10C, Wolf Warrior 11+. \u0414\u0438\u0441\u043f\u043b\u0435\u0439 \u043e\u0441\u043d\u0430\u0449\u0435\u043d \u0432\u043e\u0434\u043e\u043d\u0435\u043f\u0440\u043e\u043d\u0438\u0446\u0430\u0435\u043c\u044b\u043c \u0440\u0430\u0437\u044a\u0435\u043c\u043e\u043c, \u043a\u043e\u0442\u043e\u0440\u044b\u0439 \u043f\u043e\u043c\u043e\u0436\u0435\u0442 \u0438\u0437\u0431\u0435\u0436\u0430\u0442\u044c \u0441\u0438\u0442\u0443\u0430\u0446\u0438\u0439, \u043a\u043e\u0433\u0434\u0430 \u044d\u043b\u0435\u043a\u0442\u0440\u043e\u0441\u043a\u0443\u0442\u0435\u0440 \u043f\u043e\u043b\u0443\u0447\u0430\u0435\u0442 \u043f\u043e\u0432\u0440\u0435\u0436\u0434\u0435\u043d\u0438\u044f \u043e\u0442 \u0432\u043e\u0434\u044b \u0432\u043e \u0432\u0440\u0435\u043c\u044f \u0435\u0437\u0434\u044b \u043f\u043e\u0434 \u0434\u043e\u0436\u0434\u0435\u043c.<\/p>\n<p>\u0415\u0441\u043b\u0438 \u0432\u0430\u0448\u0435\u043c\u0443 \u044d\u043b\u0435\u043a\u0442\u0440\u043e\u0441\u043a\u0443\u0442\u0435\u0440\u0443 \u0442\u0440\u0435\u0431\u0443\u0435\u0442\u0441\u044f \u0443\u0441\u0442\u0430\u043d\u043e\u0432\u043a\u0430 \u0434\u0438\u0441\u043f\u043b\u0435\u044f, \u0432\u0430\u043c \u043f\u043e\u043c\u043e\u0436\u0435\u0442 \u043d\u0430\u0448\u0430 \u0441\u043f\u0435\u0446\u0438\u0430\u043b\u0438\u0437\u0438\u0440\u043e\u0432\u0430\u043d\u043d\u0430\u044f <a href=\"http:\/\/www.xn--tuksimaailm-ffb.ee\/elektrilise-toukeratta-remont\/\">\u043c\u0430\u0441\u0442\u0435\u0440\u0441\u043a\u0430\u044f \u043f\u043e<\/a> \u0440\u0435\u043c\u043e\u043d\u0442\u0443 \u044d\u043b\u0435\u043a\u0442\u0440\u043e\u0441\u043a\u0443\u0442\u0435\u0440\u043e\u0432.<\/p>\n","protected":false},"excerpt":{"rendered":"<p>\u042d\u043a\u0440\u0430\u043d LT-01 \u0441 \u0440\u0443\u0447\u043a\u043e\u0439 \u0434\u043b\u044f \u0431\u043e\u043b\u044c\u0448\u043e\u0433\u043e \u043f\u0430\u043b\u044c\u0446\u0430 - \u043f\u043e\u0434\u0445\u043e\u0434\u0438\u0442 \u0434\u043b\u044f \u0431\u043e\u043b\u044c\u0448\u0438\u043d\u0441\u0442\u0432\u0430 \u044d\u043b\u0435\u043a\u0442\u0440\u043e\u0441\u043a\u0443\u0442\u0435\u0440\u043e\u0432 Kaabo Mantis 8 \u0438 10 Eco\/Plus, \u0430 \u0442\u0430\u043a\u0436\u0435 \u0434\u043b\u044f \u043c\u043e\u0434\u0435\u043b\u0435\u0439 Skywalker 8 \u0438 10C, Wolf Warrior 11+. \u0414\u0438\u0441\u043f\u043b\u0435\u0439 \u043e\u0441\u043d\u0430\u0449\u0435\u043d \u0432\u043e\u0434\u043e\u043d\u0435\u043f\u0440\u043e\u043d\u0438\u0446\u0430\u0435\u043c\u044b\u043c \u0440\u0430\u0437\u044a\u0435\u043c\u043e\u043c, \u043a\u043e\u0442\u043e\u0440\u044b\u0439 \u043f\u043e\u043c\u043e\u0436\u0435\u0442 \u0438\u0437\u0431\u0435\u0436\u0430\u0442\u044c \u0441\u0438\u0442\u0443\u0430\u0446\u0438\u0439, \u043a\u043e\u0433\u0434\u0430 \u044d\u043b\u0435\u043a\u0442\u0440\u043e\u0441\u043a\u0443\u0442\u0435\u0440 \u043f\u043e\u043b\u0443\u0447\u0430\u0435\u0442 \u043f\u043e\u0432\u0440\u0435\u0436\u0434\u0435\u043d\u0438\u044f \u043e\u0442 \u0432\u043e\u0434\u044b \u0432\u043e \u0432\u0440\u0435\u043c\u044f \u0435\u0437\u0434\u044b \u043f\u043e\u0434 \u0434\u043e\u0436\u0434\u0435\u043c. \u0415\u0441\u043b\u0438 \u0432\u0430\u0448\u0435\u043c\u0443 &hellip;<\/p>\n","protected":false},"featured_media":17569,"template":"","meta":[],"product_brand":[],"product_cat":[757],"product_tag":[],"filter_elektritoukeratas":[2726,2725],"class_list":{"0":"post-50693","1":"product","2":"type-product","3":"status-publish","4":"has-post-thumbnail","6":"product_cat-757","7":"pa_tootetuup-universaalsed-elektritoukeratta-varuosad-ru","8":"filter_elektritoukeratas-ft_kaabo_mantis_10","9":"filter_elektritoukeratas-ft_kaabo_mantis_8","11":"first","12":"instock","13":"taxable","14":"shipping-taxable","15":"purchasable","16":"product-type-simple"},"yoast_head":"<!-- This site is optimized with the Yoast SEO Premium plugin v26.8 (Yoast SEO v27.3) - https:\/\/yoast.com\/product\/yoast-seo-premium-wordpress\/ -->\n<title>\u042d\u043a\u0440\u0430\u043d LT-01 \u0441 \u0444\u043b\u0435\u0448\u043a\u043e\u0439 - Kaabo Mantis 8 10 Eco Plus &#8212; T\u00f5uksimaailm<\/title>\n<meta name=\"robots\" content=\"index, follow, max-snippet:-1, max-image-preview:large, max-video-preview:-1\" \/>\n<link rel=\"canonical\" href=\"https:\/\/www.xn--tuksimaailm-ffb.ee\/ru\/\u043f\u0440\u043e\u0434\u0443\u043a\u0442\/%d1%8d%d0%ba%d1%80%d0%b0%d0%bd-lt-01-%d1%81-%d1%84%d0%bb%d0%b5%d1%88%d0%ba%d0%be%d0%b9-kaabo-mantis-8-10-eco-plus\/\" \/>\n<meta property=\"og:locale\" content=\"ru_RU\" \/>\n<meta property=\"og:type\" content=\"article\" \/>\n<meta property=\"og:title\" content=\"\u042d\u043a\u0440\u0430\u043d LT-01 \u0441 \u0444\u043b\u0435\u0448\u043a\u043e\u0439 - Kaabo Mantis 8 10 Eco Plus\" \/>\n<meta property=\"og:description\" content=\"\u042d\u043a\u0440\u0430\u043d LT-01 \u0441 \u0440\u0443\u0447\u043a\u043e\u0439 \u0434\u043b\u044f \u0431\u043e\u043b\u044c\u0448\u043e\u0433\u043e \u043f\u0430\u043b\u044c\u0446\u0430 - \u043f\u043e\u0434\u0445\u043e\u0434\u0438\u0442 \u0434\u043b\u044f \u0431\u043e\u043b\u044c\u0448\u0438\u043d\u0441\u0442\u0432\u0430 \u044d\u043b\u0435\u043a\u0442\u0440\u043e\u0441\u043a\u0443\u0442\u0435\u0440\u043e\u0432 Kaabo Mantis 8 \u0438 10 Eco\/Plus, \u0430 \u0442\u0430\u043a\u0436\u0435 \u0434\u043b\u044f \u043c\u043e\u0434\u0435\u043b\u0435\u0439 Skywalker 8 \u0438 10C, Wolf Warrior 11+. \u0414\u0438\u0441\u043f\u043b\u0435\u0439 \u043e\u0441\u043d\u0430\u0449\u0435\u043d \u0432\u043e\u0434\u043e\u043d\u0435\u043f\u0440\u043e\u043d\u0438\u0446\u0430\u0435\u043c\u044b\u043c \u0440\u0430\u0437\u044a\u0435\u043c\u043e\u043c, \u043a\u043e\u0442\u043e\u0440\u044b\u0439 \u043f\u043e\u043c\u043e\u0436\u0435\u0442 \u0438\u0437\u0431\u0435\u0436\u0430\u0442\u044c \u0441\u0438\u0442\u0443\u0430\u0446\u0438\u0439, \u043a\u043e\u0433\u0434\u0430 \u044d\u043b\u0435\u043a\u0442\u0440\u043e\u0441\u043a\u0443\u0442\u0435\u0440 \u043f\u043e\u043b\u0443\u0447\u0430\u0435\u0442 \u043f\u043e\u0432\u0440\u0435\u0436\u0434\u0435\u043d\u0438\u044f \u043e\u0442 \u0432\u043e\u0434\u044b \u0432\u043e \u0432\u0440\u0435\u043c\u044f \u0435\u0437\u0434\u044b \u043f\u043e\u0434 \u0434\u043e\u0436\u0434\u0435\u043c. \u0415\u0441\u043b\u0438 \u0432\u0430\u0448\u0435\u043c\u0443 &hellip;\" \/>\n<meta property=\"og:url\" content=\"https:\/\/www.xn--tuksimaailm-ffb.ee\/ru\/\u043f\u0440\u043e\u0434\u0443\u043a\u0442\/%d1%8d%d0%ba%d1%80%d0%b0%d0%bd-lt-01-%d1%81-%d1%84%d0%bb%d0%b5%d1%88%d0%ba%d0%be%d0%b9-kaabo-mantis-8-10-eco-plus\/\" \/>\n<meta property=\"og:site_name\" content=\"T\u00f5uksimaailm\" \/>\n<meta property=\"article:publisher\" content=\"https:\/\/www.facebook.com\/touksimaailm\/\" \/>\n<meta property=\"og:image\" content=\"https:\/\/www.xn--tuksimaailm-ffb.ee\/wp-content\/uploads\/2022\/05\/LT-01-a.jpg\" \/>\n\t<meta property=\"og:image:width\" content=\"573\" \/>\n\t<meta property=\"og:image:height\" content=\"484\" \/>\n\t<meta property=\"og:image:type\" content=\"image\/jpeg\" \/>\n<meta name=\"twitter:card\" content=\"summary_large_image\" \/>\n<meta name=\"twitter:label1\" content=\"\u0426\u0435\u043d\u0430\" \/>\n\t<meta name=\"twitter:data1\" content=\"&euro;99.50\" \/>\n\t<meta name=\"twitter:label2\" content=\"\u0414\u043e\u0441\u0442\u0443\u043f\u043d\u043e\u0441\u0442\u044c\" \/>\n\t<meta name=\"twitter:data2\" content=\"\u0412 \u043d\u0430\u043b\u0438\u0447\u0438\u0438\" \/>\n<meta property=\"product:price:amount\" content=\"99.50\" \/>\n<meta property=\"product:price:currency\" content=\"EUR\" \/>\n<meta property=\"og:availability\" content=\"instock\" \/>\n<meta property=\"product:availability\" content=\"instock\" \/>\n<meta property=\"product:condition\" content=\"new\" \/>\n<!-- \/ Yoast SEO Premium plugin. -->","yoast_head_json":{"title":"\u042d\u043a\u0440\u0430\u043d LT-01 \u0441 \u0444\u043b\u0435\u0448\u043a\u043e\u0439 - Kaabo Mantis 8 10 Eco Plus &#8212; T\u00f5uksimaailm","robots":{"index":"index","follow":"follow","max-snippet":"max-snippet:-1","max-image-preview":"max-image-preview:large","max-video-preview":"max-video-preview:-1"},"canonical":"https:\/\/www.xn--tuksimaailm-ffb.ee\/ru\/\u043f\u0440\u043e\u0434\u0443\u043a\u0442\/%d1%8d%d0%ba%d1%80%d0%b0%d0%bd-lt-01-%d1%81-%d1%84%d0%bb%d0%b5%d1%88%d0%ba%d0%be%d0%b9-kaabo-mantis-8-10-eco-plus\/","og_locale":"ru_RU","og_type":"article","og_title":"\u042d\u043a\u0440\u0430\u043d LT-01 \u0441 \u0444\u043b\u0435\u0448\u043a\u043e\u0439 - Kaabo Mantis 8 10 Eco Plus","og_description":"\u042d\u043a\u0440\u0430\u043d LT-01 \u0441 \u0440\u0443\u0447\u043a\u043e\u0439 \u0434\u043b\u044f \u0431\u043e\u043b\u044c\u0448\u043e\u0433\u043e \u043f\u0430\u043b\u044c\u0446\u0430 - \u043f\u043e\u0434\u0445\u043e\u0434\u0438\u0442 \u0434\u043b\u044f \u0431\u043e\u043b\u044c\u0448\u0438\u043d\u0441\u0442\u0432\u0430 \u044d\u043b\u0435\u043a\u0442\u0440\u043e\u0441\u043a\u0443\u0442\u0435\u0440\u043e\u0432 Kaabo Mantis 8 \u0438 10 Eco\/Plus, \u0430 \u0442\u0430\u043a\u0436\u0435 \u0434\u043b\u044f \u043c\u043e\u0434\u0435\u043b\u0435\u0439 Skywalker 8 \u0438 10C, Wolf Warrior 11+. \u0414\u0438\u0441\u043f\u043b\u0435\u0439 \u043e\u0441\u043d\u0430\u0449\u0435\u043d \u0432\u043e\u0434\u043e\u043d\u0435\u043f\u0440\u043e\u043d\u0438\u0446\u0430\u0435\u043c\u044b\u043c \u0440\u0430\u0437\u044a\u0435\u043c\u043e\u043c, \u043a\u043e\u0442\u043e\u0440\u044b\u0439 \u043f\u043e\u043c\u043e\u0436\u0435\u0442 \u0438\u0437\u0431\u0435\u0436\u0430\u0442\u044c \u0441\u0438\u0442\u0443\u0430\u0446\u0438\u0439, \u043a\u043e\u0433\u0434\u0430 \u044d\u043b\u0435\u043a\u0442\u0440\u043e\u0441\u043a\u0443\u0442\u0435\u0440 \u043f\u043e\u043b\u0443\u0447\u0430\u0435\u0442 \u043f\u043e\u0432\u0440\u0435\u0436\u0434\u0435\u043d\u0438\u044f \u043e\u0442 \u0432\u043e\u0434\u044b \u0432\u043e \u0432\u0440\u0435\u043c\u044f \u0435\u0437\u0434\u044b \u043f\u043e\u0434 \u0434\u043e\u0436\u0434\u0435\u043c. \u0415\u0441\u043b\u0438 \u0432\u0430\u0448\u0435\u043c\u0443 &hellip;","og_url":"https:\/\/www.xn--tuksimaailm-ffb.ee\/ru\/\u043f\u0440\u043e\u0434\u0443\u043a\u0442\/%d1%8d%d0%ba%d1%80%d0%b0%d0%bd-lt-01-%d1%81-%d1%84%d0%bb%d0%b5%d1%88%d0%ba%d0%be%d0%b9-kaabo-mantis-8-10-eco-plus\/","og_site_name":"T\u00f5uksimaailm","article_publisher":"https:\/\/www.facebook.com\/touksimaailm\/","og_image":[{"width":573,"height":484,"url":"https:\/\/www.xn--tuksimaailm-ffb.ee\/wp-content\/uploads\/2022\/05\/LT-01-a.jpg","type":"image\/jpeg"}],"twitter_card":"summary_large_image","twitter_misc":{"\u0426\u0435\u043d\u0430":"&euro;99.50","\u0414\u043e\u0441\u0442\u0443\u043f\u043d\u043e\u0441\u0442\u044c":"\u0412 \u043d\u0430\u043b\u0438\u0447\u0438\u0438"},"schema":{"@context":"https:\/\/schema.org","@graph":[{"@type":"WebPage","@id":"https:\/\/www.xn--tuksimaailm-ffb.ee\/ru\/\u043f\u0440\u043e\u0434\u0443\u043a\u0442\/%d1%8d%d0%ba%d1%80%d0%b0%d0%bd-lt-01-%d1%81-%d1%84%d0%bb%d0%b5%d1%88%d0%ba%d0%be%d0%b9-kaabo-mantis-8-10-eco-plus\/","url":"https:\/\/www.xn--tuksimaailm-ffb.ee\/ru\/\u043f\u0440\u043e\u0434\u0443\u043a\u0442\/%d1%8d%d0%ba%d1%80%d0%b0%d0%bd-lt-01-%d1%81-%d1%84%d0%bb%d0%b5%d1%88%d0%ba%d0%be%d0%b9-kaabo-mantis-8-10-eco-plus\/","name":"\u042d\u043a\u0440\u0430\u043d LT-01 \u0441 \u0444\u043b\u0435\u0448\u043a\u043e\u0439 - Kaabo Mantis 8 10 Eco Plus &#8212; T\u00f5uksimaailm","isPartOf":{"@id":"https:\/\/www.xn--tuksimaailm-ffb.ee\/ru\/#website"},"primaryImageOfPage":{"@id":"https:\/\/www.xn--tuksimaailm-ffb.ee\/ru\/\u043f\u0440\u043e\u0434\u0443\u043a\u0442\/%d1%8d%d0%ba%d1%80%d0%b0%d0%bd-lt-01-%d1%81-%d1%84%d0%bb%d0%b5%d1%88%d0%ba%d0%be%d0%b9-kaabo-mantis-8-10-eco-plus\/#primaryimage"},"image":{"@id":"https:\/\/www.xn--tuksimaailm-ffb.ee\/ru\/\u043f\u0440\u043e\u0434\u0443\u043a\u0442\/%d1%8d%d0%ba%d1%80%d0%b0%d0%bd-lt-01-%d1%81-%d1%84%d0%bb%d0%b5%d1%88%d0%ba%d0%be%d0%b9-kaabo-mantis-8-10-eco-plus\/#primaryimage"},"thumbnailUrl":"https:\/\/www.xn--tuksimaailm-ffb.ee\/wp-content\/uploads\/2022\/05\/LT-01-a.jpg","datePublished":"2022-05-28T08:30:53+00:00","breadcrumb":{"@id":"https:\/\/www.xn--tuksimaailm-ffb.ee\/ru\/\u043f\u0440\u043e\u0434\u0443\u043a\u0442\/%d1%8d%d0%ba%d1%80%d0%b0%d0%bd-lt-01-%d1%81-%d1%84%d0%bb%d0%b5%d1%88%d0%ba%d0%be%d0%b9-kaabo-mantis-8-10-eco-plus\/#breadcrumb"},"inLanguage":"ru-RU","potentialAction":[{"@type":"ReadAction","target":["https:\/\/www.xn--tuksimaailm-ffb.ee\/ru\/\u043f\u0440\u043e\u0434\u0443\u043a\u0442\/%d1%8d%d0%ba%d1%80%d0%b0%d0%bd-lt-01-%d1%81-%d1%84%d0%bb%d0%b5%d1%88%d0%ba%d0%be%d0%b9-kaabo-mantis-8-10-eco-plus\/"]}]},{"@type":"ImageObject","inLanguage":"ru-RU","@id":"https:\/\/www.xn--tuksimaailm-ffb.ee\/ru\/\u043f\u0440\u043e\u0434\u0443\u043a\u0442\/%d1%8d%d0%ba%d1%80%d0%b0%d0%bd-lt-01-%d1%81-%d1%84%d0%bb%d0%b5%d1%88%d0%ba%d0%be%d0%b9-kaabo-mantis-8-10-eco-plus\/#primaryimage","url":"https:\/\/www.xn--tuksimaailm-ffb.ee\/wp-content\/uploads\/2022\/05\/LT-01-a.jpg","contentUrl":"https:\/\/www.xn--tuksimaailm-ffb.ee\/wp-content\/uploads\/2022\/05\/LT-01-a.jpg","width":573,"height":484},{"@type":"BreadcrumbList","@id":"https:\/\/www.xn--tuksimaailm-ffb.ee\/ru\/\u043f\u0440\u043e\u0434\u0443\u043a\u0442\/%d1%8d%d0%ba%d1%80%d0%b0%d0%bd-lt-01-%d1%81-%d1%84%d0%bb%d0%b5%d1%88%d0%ba%d0%be%d0%b9-kaabo-mantis-8-10-eco-plus\/#breadcrumb","itemListElement":[{"@type":"ListItem","position":1,"name":"Home","item":"https:\/\/www.xn--tuksimaailm-ffb.ee\/ru\/frontpage\/"},{"@type":"ListItem","position":2,"name":"\u041c\u0410\u0413\u0410\u0417\u0418\u041d","item":"https:\/\/www.xn--tuksimaailm-ffb.ee\/elektritoukerataste-pood\/"},{"@type":"ListItem","position":3,"name":"\u042d\u043a\u0440\u0430\u043d LT-01 \u0441 \u0444\u043b\u0435\u0448\u043a\u043e\u0439 - Kaabo Mantis 8 10 Eco Plus"}]},{"@type":"WebSite","@id":"https:\/\/www.xn--tuksimaailm-ffb.ee\/ru\/#website","url":"https:\/\/www.xn--tuksimaailm-ffb.ee\/ru\/","name":"T\u00f5uksimaailm","description":"Elektrit\u00f5ukerataste m\u00fc\u00fck, remont ja rent","publisher":{"@id":"https:\/\/www.xn--tuksimaailm-ffb.ee\/ru\/#organization"},"potentialAction":[{"@type":"SearchAction","target":{"@type":"EntryPoint","urlTemplate":"https:\/\/www.xn--tuksimaailm-ffb.ee\/ru\/?s={search_term_string}"},"query-input":{"@type":"PropertyValueSpecification","valueRequired":true,"valueName":"search_term_string"}}],"inLanguage":"ru-RU"},{"@type":"Organization","@id":"https:\/\/www.xn--tuksimaailm-ffb.ee\/ru\/#organization","name":"T\u00f5uksimaailm","url":"https:\/\/www.xn--tuksimaailm-ffb.ee\/ru\/","logo":{"@type":"ImageObject","inLanguage":"ru-RU","@id":"https:\/\/www.xn--tuksimaailm-ffb.ee\/ru\/#\/schema\/logo\/image\/","url":"https:\/\/www.xn--tuksimaailm-ffb.ee\/wp-content\/uploads\/2020\/01\/logoz-e1579792875517.png","contentUrl":"https:\/\/www.xn--tuksimaailm-ffb.ee\/wp-content\/uploads\/2020\/01\/logoz-e1579792875517.png","width":250,"height":250,"caption":"T\u00f5uksimaailm"},"image":{"@id":"https:\/\/www.xn--tuksimaailm-ffb.ee\/ru\/#\/schema\/logo\/image\/"},"sameAs":["https:\/\/www.facebook.com\/touksimaailm\/","https:\/\/www.instagram.com\/touksimaailm_\/","https:\/\/www.youtube.com\/channel\/UC18ml0EKIDLP1xGuQjFzcXQ"]}]},"product_price_amount":"99.50","product_price_currency":"EUR","og_availability":"instock","product_availability":"instock","product_condition":"new"},"jetpack_sharing_enabled":true,"_links":{"self":[{"href":"https:\/\/www.xn--tuksimaailm-ffb.ee\/ru\/wp-json\/wp\/v2\/product\/50693","targetHints":{"allow":["GET"]}}],"collection":[{"href":"https:\/\/www.xn--tuksimaailm-ffb.ee\/ru\/wp-json\/wp\/v2\/product"}],"about":[{"href":"https:\/\/www.xn--tuksimaailm-ffb.ee\/ru\/wp-json\/wp\/v2\/types\/product"}],"wp:featuredmedia":[{"embeddable":true,"href":"https:\/\/www.xn--tuksimaailm-ffb.ee\/ru\/wp-json\/wp\/v2\/media\/17569"}],"wp:attachment":[{"href":"https:\/\/www.xn--tuksimaailm-ffb.ee\/ru\/wp-json\/wp\/v2\/media?parent=50693"}],"wp:term":[{"taxonomy":"product_brand","embeddable":true,"href":"https:\/\/www.xn--tuksimaailm-ffb.ee\/ru\/wp-json\/wp\/v2\/product_brand?post=50693"},{"taxonomy":"product_cat","embeddable":true,"href":"https:\/\/www.xn--tuksimaailm-ffb.ee\/ru\/wp-json\/wp\/v2\/product_cat?post=50693"},{"taxonomy":"product_tag","embeddable":true,"href":"https:\/\/www.xn--tuksimaailm-ffb.ee\/ru\/wp-json\/wp\/v2\/product_tag?post=50693"},{"taxonomy":"filter_elektritoukeratas","embeddable":true,"href":"https:\/\/www.xn--tuksimaailm-ffb.ee\/ru\/wp-json\/wp\/v2\/filter_elektritoukeratas?post=50693"}],"curies":[{"name":"wp","href":"https:\/\/api.w.org\/{rel}","templated":true}]}}