{"id":51129,"date":"2022-01-25T18:07:58","date_gmt":"2022-01-25T16:07:58","guid":{"rendered":"http:\/\/www.xn--tuksimaailm-ffb.ee\/shop\/inokim-oxo-%d0%be%d1%80%d0%b0%d0%bd%d0%b6%d0%b5%d0%b2%d0%b0%d1%8f-%d1%80%d1%83%d1%87%d0%ba%d0%b0-%d0%be%d1%80%d0%b8%d0%b3%d0%b8%d0%bd%d0%b0%d0%bb%d1%8c%d0%bd%d0%b0%d1%8f-%d0%b1%d0%bb%d0%be%d0%ba%d0%b8\/"},"modified":"2022-01-25T18:07:58","modified_gmt":"2022-01-25T15:07:58","slug":"inokim-oxo-%d0%be%d1%80%d0%b0%d0%bd%d0%b6%d0%b5%d0%b2%d0%b0%d1%8f-%d1%80%d1%83%d1%87%d0%ba%d0%b0-%d0%be%d1%80%d0%b8%d0%b3%d0%b8%d0%bd%d0%b0%d0%bb%d1%8c%d0%bd%d0%b0%d1%8f-%d0%b1%d0%bb%d0%be%d0%ba%d0%b8","status":"publish","type":"product","link":"https:\/\/www.xn--tuksimaailm-ffb.ee\/ru\/\u043f\u0440\u043e\u0434\u0443\u043a\u0442\/inokim-oxo-%d0%be%d1%80%d0%b0%d0%bd%d0%b6%d0%b5%d0%b2%d0%b0%d1%8f-%d1%80%d1%83%d1%87%d0%ba%d0%b0-%d0%be%d1%80%d0%b8%d0%b3%d0%b8%d0%bd%d0%b0%d0%bb%d1%8c%d0%bd%d0%b0%d1%8f-%d0%b1%d0%bb%d0%be%d0%ba%d0%b8\/","title":{"rendered":"Inokim OXO \u043e\u0440\u0430\u043d\u0436\u0435\u0432\u0430\u044f \u0440\u0443\u0447\u043a\u0430 \u043e\u0440\u0438\u0433\u0438\u043d\u0430\u043b\u044c\u043d\u0430\u044f \u0431\u043b\u043e\u043a\u0438\u0440\u0443\u0435\u043c\u0430\u044f"},"content":{"rendered":"<p>\u042d\u043b\u0435\u043a\u0442\u0440\u043e\u0441\u0430\u043c\u043e\u043a\u0430\u0442 Inokim OXO \u043e\u0440\u0430\u043d\u0436\u0435\u0432\u044b\u0439 \u0440\u0443\u0447\u043a\u0430 \u043e\u0440\u0438\u0433\u0438\u043d\u0430\u043b\u044c\u043d\u0430\u044f \u0431\u043b\u043e\u043a\u0438\u0440\u0443\u0435\u043c\u0430\u044f.<\/p>\n","protected":false},"excerpt":{"rendered":"<p>\u042d\u043b\u0435\u043a\u0442\u0440\u043e\u0441\u0430\u043c\u043e\u043a\u0430\u0442 Inokim OXO \u043e\u0440\u0430\u043d\u0436\u0435\u0432\u044b\u0439 \u0440\u0443\u0447\u043a\u0430 \u043e\u0440\u0438\u0433\u0438\u043d\u0430\u043b\u044c\u043d\u0430\u044f \u0431\u043b\u043e\u043a\u0438\u0440\u0443\u0435\u043c\u0430\u044f.<\/p>\n","protected":false},"featured_media":55633,"template":"","meta":[],"product_brand":[],"product_cat":[756,757],"product_tag":[],"filter_elektritoukeratas":[2730,2733,2732,2736,2734,2735,2610,2737,2707,2705,2704,2701,2703,2706,2699,2711,2709,2714,2715,2712,2713,2719,2718,2721,2720,2717,2722,2726,2725,2727,2724,2728,2681,2678,2679,2680,2671,2672,2670,2669,2673,2674,2675,2676,2668,2677,2731,2729,2740,2741,2739,2743,2742,2744,2748,2750,2751,2746,2749,2747],"class_list":{"0":"post-51129","1":"product","2":"type-product","3":"status-publish","4":"has-post-thumbnail","6":"product_cat-756","7":"product_cat-757","8":"filter_elektritoukeratas-ft_dualtron_eagle","9":"filter_elektritoukeratas-ft_dualtron_mini","10":"filter_elektritoukeratas-ft_dualtron_spider","11":"filter_elektritoukeratas-ft_dualtron_storm","12":"filter_elektritoukeratas-ft_dualtron_thunder","13":"filter_elektritoukeratas-ft_dualtron_ultra","14":"filter_elektritoukeratas-ft_dualtron_victor","15":"filter_elektritoukeratas-ft_dualtron_x_x2","16":"filter_elektritoukeratas-ft_gpad_f3_max","17":"filter_elektritoukeratas-ft_gpad_foxen","18":"filter_elektritoukeratas-ft_gpad_joyride","19":"filter_elektritoukeratas-ft_gpad_lite_lite_max","20":"filter_elektritoukeratas-ft_gpad_retro","21":"filter_elektritoukeratas-ft_gpad_storm","22":"filter_elektritoukeratas-ft_hx_x9_max_x9_plus","23":"filter_elektritoukeratas-ft_inokim_light_2_max_super","24":"filter_elektritoukeratas-ft_inokim_light_hero_2_hero","25":"filter_elektritoukeratas-ft_inokim_ox_eco_hero_super","26":"filter_elektritoukeratas-ft_inokim_oxo","27":"filter_elektritoukeratas-ft_inokim_quick_3_hero_super","28":"filter_elektritoukeratas-ft_inokim_quick_4_hero_super","29":"filter_elektritoukeratas-ft_joyor_a1_a3_a5","30":"filter_elektritoukeratas-ft_joyor_f1_f3_f5s","31":"filter_elektritoukeratas-ft_joyor_g5_g5s","32":"filter_elektritoukeratas-ft_joyor_s5_s10-s_s_pro","33":"filter_elektritoukeratas-ft_joyor_x1_x5s","34":"filter_elektritoukeratas-ft_joyor_y10_y6_s_y5s","35":"filter_elektritoukeratas-ft_kaabo_mantis_10","36":"filter_elektritoukeratas-ft_kaabo_mantis_8","37":"filter_elektritoukeratas-ft_kaabo_mantis_king_gt","38":"filter_elektritoukeratas-ft_kaabo_skywalker","39":"filter_elektritoukeratas-ft_kaabo_wolf","40":"filter_elektritoukeratas-ft_kugoo_c1_c1_pro","41":"filter_elektritoukeratas-ft_kugoo_g_booster","42":"filter_elektritoukeratas-ft_kugoo_g1","43":"filter_elektritoukeratas-ft_kugoo_g1_pro","44":"filter_elektritoukeratas-ft_kugoo_g2","45":"filter_elektritoukeratas-ft_kugoo_g2_master","46":"filter_elektritoukeratas-ft_kugoo_g2_max","47":"filter_elektritoukeratas-ft_kugoo_g2_pro","48":"filter_elektritoukeratas-ft_kugoo_g3","49":"filter_elektritoukeratas-ft_kugoo_g3_pro","50":"filter_elektritoukeratas-ft_kugoo_g4","51":"filter_elektritoukeratas-ft_kugoo_g4_max","52":"filter_elektritoukeratas-ft_kugoo_m4_m4_pro","53":"filter_elektritoukeratas-ft_kugoo_m5_pro","54":"filter_elektritoukeratas-ft_minimotors_speedway_4_5","55":"filter_elektritoukeratas-ft_minimotors_speedway_leger","56":"filter_elektritoukeratas-ft_nanrobot_d4_plus","57":"filter_elektritoukeratas-ft_nanrobot_d6_plus","58":"filter_elektritoukeratas-ft_nanrobot_lightning","59":"filter_elektritoukeratas-ft_nanrobot_ls7plus","60":"filter_elektritoukeratas-ft_nanrobot_n6","61":"filter_elektritoukeratas-ft_nanrobot_x_spark","62":"filter_elektritoukeratas-ft_zero_10","63":"filter_elektritoukeratas-ft_zero_10x","64":"filter_elektritoukeratas-ft_zero_11x","65":"filter_elektritoukeratas-ft_zero_8","66":"filter_elektritoukeratas-ft_zero_8x_compact","67":"filter_elektritoukeratas-ft_zero_9","69":"first","70":"instock","71":"taxable","72":"shipping-taxable","73":"purchasable","74":"product-type-simple"},"yoast_head":"<!-- This site is optimized with the Yoast SEO Premium plugin v26.8 (Yoast SEO v27.5) - https:\/\/yoast.com\/product\/yoast-seo-premium-wordpress\/ -->\n<title>Inokim OXO \u043e\u0440\u0430\u043d\u0436\u0435\u0432\u0430\u044f \u0440\u0443\u0447\u043a\u0430 \u043e\u0440\u0438\u0433\u0438\u043d\u0430\u043b\u044c\u043d\u0430\u044f \u0431\u043b\u043e\u043a\u0438\u0440\u0443\u0435\u043c\u0430\u044f &#8212; T\u00f5uksimaailm<\/title>\n<meta name=\"robots\" content=\"index, follow, max-snippet:-1, max-image-preview:large, max-video-preview:-1\" \/>\n<link rel=\"canonical\" href=\"https:\/\/www.xn--tuksimaailm-ffb.ee\/ru\/\u043f\u0440\u043e\u0434\u0443\u043a\u0442\/inokim-oxo-%d0%be%d1%80%d0%b0%d0%bd%d0%b6%d0%b5%d0%b2%d0%b0%d1%8f-%d1%80%d1%83%d1%87%d0%ba%d0%b0-%d0%be%d1%80%d0%b8%d0%b3%d0%b8%d0%bd%d0%b0%d0%bb%d1%8c%d0%bd%d0%b0%d1%8f-%d0%b1%d0%bb%d0%be%d0%ba%d0%b8\/\" \/>\n<meta property=\"og:locale\" content=\"ru_RU\" \/>\n<meta property=\"og:type\" content=\"article\" \/>\n<meta property=\"og:title\" content=\"Inokim OXO \u043e\u0440\u0430\u043d\u0436\u0435\u0432\u0430\u044f \u0440\u0443\u0447\u043a\u0430 \u043e\u0440\u0438\u0433\u0438\u043d\u0430\u043b\u044c\u043d\u0430\u044f \u0431\u043b\u043e\u043a\u0438\u0440\u0443\u0435\u043c\u0430\u044f\" \/>\n<meta property=\"og:description\" content=\"\u042d\u043b\u0435\u043a\u0442\u0440\u043e\u0441\u0430\u043c\u043e\u043a\u0430\u0442 Inokim OXO \u043e\u0440\u0430\u043d\u0436\u0435\u0432\u044b\u0439 \u0440\u0443\u0447\u043a\u0430 \u043e\u0440\u0438\u0433\u0438\u043d\u0430\u043b\u044c\u043d\u0430\u044f \u0431\u043b\u043e\u043a\u0438\u0440\u0443\u0435\u043c\u0430\u044f.\" \/>\n<meta property=\"og:url\" content=\"https:\/\/www.xn--tuksimaailm-ffb.ee\/ru\/\u043f\u0440\u043e\u0434\u0443\u043a\u0442\/inokim-oxo-%d0%be%d1%80%d0%b0%d0%bd%d0%b6%d0%b5%d0%b2%d0%b0%d1%8f-%d1%80%d1%83%d1%87%d0%ba%d0%b0-%d0%be%d1%80%d0%b8%d0%b3%d0%b8%d0%bd%d0%b0%d0%bb%d1%8c%d0%bd%d0%b0%d1%8f-%d0%b1%d0%bb%d0%be%d0%ba%d0%b8\/\" \/>\n<meta property=\"og:site_name\" content=\"T\u00f5uksimaailm\" \/>\n<meta property=\"article:publisher\" content=\"https:\/\/www.facebook.com\/touksimaailm\/\" \/>\n<meta property=\"og:image\" content=\"https:\/\/www.xn--tuksimaailm-ffb.ee\/wp-content\/uploads\/2022\/01\/Screenshot-2025-01-23-135739.webp\" \/>\n\t<meta property=\"og:image:width\" content=\"847\" \/>\n\t<meta property=\"og:image:height\" content=\"941\" \/>\n\t<meta property=\"og:image:type\" content=\"image\/webp\" \/>\n<meta name=\"twitter:card\" content=\"summary_large_image\" \/>\n<meta name=\"twitter:label1\" content=\"\u0426\u0435\u043d\u0430\" \/>\n\t<meta name=\"twitter:data1\" content=\"&euro;15.00\" \/>\n\t<meta name=\"twitter:label2\" content=\"\u0414\u043e\u0441\u0442\u0443\u043f\u043d\u043e\u0441\u0442\u044c\" \/>\n\t<meta name=\"twitter:data2\" content=\"\u0412 \u043d\u0430\u043b\u0438\u0447\u0438\u0438\" \/>\n<meta property=\"product:price:amount\" content=\"15.00\" \/>\n<meta property=\"product:price:currency\" content=\"EUR\" \/>\n<meta property=\"og:availability\" content=\"instock\" \/>\n<meta property=\"product:availability\" content=\"instock\" \/>\n<meta property=\"product:condition\" content=\"new\" \/>\n<!-- \/ Yoast SEO Premium plugin. -->","yoast_head_json":{"title":"Inokim OXO \u043e\u0440\u0430\u043d\u0436\u0435\u0432\u0430\u044f \u0440\u0443\u0447\u043a\u0430 \u043e\u0440\u0438\u0433\u0438\u043d\u0430\u043b\u044c\u043d\u0430\u044f \u0431\u043b\u043e\u043a\u0438\u0440\u0443\u0435\u043c\u0430\u044f &#8212; T\u00f5uksimaailm","robots":{"index":"index","follow":"follow","max-snippet":"max-snippet:-1","max-image-preview":"max-image-preview:large","max-video-preview":"max-video-preview:-1"},"canonical":"https:\/\/www.xn--tuksimaailm-ffb.ee\/ru\/\u043f\u0440\u043e\u0434\u0443\u043a\u0442\/inokim-oxo-%d0%be%d1%80%d0%b0%d0%bd%d0%b6%d0%b5%d0%b2%d0%b0%d1%8f-%d1%80%d1%83%d1%87%d0%ba%d0%b0-%d0%be%d1%80%d0%b8%d0%b3%d0%b8%d0%bd%d0%b0%d0%bb%d1%8c%d0%bd%d0%b0%d1%8f-%d0%b1%d0%bb%d0%be%d0%ba%d0%b8\/","og_locale":"ru_RU","og_type":"article","og_title":"Inokim OXO \u043e\u0440\u0430\u043d\u0436\u0435\u0432\u0430\u044f \u0440\u0443\u0447\u043a\u0430 \u043e\u0440\u0438\u0433\u0438\u043d\u0430\u043b\u044c\u043d\u0430\u044f \u0431\u043b\u043e\u043a\u0438\u0440\u0443\u0435\u043c\u0430\u044f","og_description":"\u042d\u043b\u0435\u043a\u0442\u0440\u043e\u0441\u0430\u043c\u043e\u043a\u0430\u0442 Inokim OXO \u043e\u0440\u0430\u043d\u0436\u0435\u0432\u044b\u0439 \u0440\u0443\u0447\u043a\u0430 \u043e\u0440\u0438\u0433\u0438\u043d\u0430\u043b\u044c\u043d\u0430\u044f \u0431\u043b\u043e\u043a\u0438\u0440\u0443\u0435\u043c\u0430\u044f.","og_url":"https:\/\/www.xn--tuksimaailm-ffb.ee\/ru\/\u043f\u0440\u043e\u0434\u0443\u043a\u0442\/inokim-oxo-%d0%be%d1%80%d0%b0%d0%bd%d0%b6%d0%b5%d0%b2%d0%b0%d1%8f-%d1%80%d1%83%d1%87%d0%ba%d0%b0-%d0%be%d1%80%d0%b8%d0%b3%d0%b8%d0%bd%d0%b0%d0%bb%d1%8c%d0%bd%d0%b0%d1%8f-%d0%b1%d0%bb%d0%be%d0%ba%d0%b8\/","og_site_name":"T\u00f5uksimaailm","article_publisher":"https:\/\/www.facebook.com\/touksimaailm\/","og_image":[{"width":847,"height":941,"url":"https:\/\/www.xn--tuksimaailm-ffb.ee\/wp-content\/uploads\/2022\/01\/Screenshot-2025-01-23-135739.webp","type":"image\/webp"}],"twitter_card":"summary_large_image","twitter_misc":{"\u0426\u0435\u043d\u0430":"&euro;15.00","\u0414\u043e\u0441\u0442\u0443\u043f\u043d\u043e\u0441\u0442\u044c":"\u0412 \u043d\u0430\u043b\u0438\u0447\u0438\u0438"},"schema":{"@context":"https:\/\/schema.org","@graph":[{"@type":"WebPage","@id":"https:\/\/www.xn--tuksimaailm-ffb.ee\/ru\/\u043f\u0440\u043e\u0434\u0443\u043a\u0442\/inokim-oxo-%d0%be%d1%80%d0%b0%d0%bd%d0%b6%d0%b5%d0%b2%d0%b0%d1%8f-%d1%80%d1%83%d1%87%d0%ba%d0%b0-%d0%be%d1%80%d0%b8%d0%b3%d0%b8%d0%bd%d0%b0%d0%bb%d1%8c%d0%bd%d0%b0%d1%8f-%d0%b1%d0%bb%d0%be%d0%ba%d0%b8\/","url":"https:\/\/www.xn--tuksimaailm-ffb.ee\/ru\/\u043f\u0440\u043e\u0434\u0443\u043a\u0442\/inokim-oxo-%d0%be%d1%80%d0%b0%d0%bd%d0%b6%d0%b5%d0%b2%d0%b0%d1%8f-%d1%80%d1%83%d1%87%d0%ba%d0%b0-%d0%be%d1%80%d0%b8%d0%b3%d0%b8%d0%bd%d0%b0%d0%bb%d1%8c%d0%bd%d0%b0%d1%8f-%d0%b1%d0%bb%d0%be%d0%ba%d0%b8\/","name":"Inokim OXO \u043e\u0440\u0430\u043d\u0436\u0435\u0432\u0430\u044f \u0440\u0443\u0447\u043a\u0430 \u043e\u0440\u0438\u0433\u0438\u043d\u0430\u043b\u044c\u043d\u0430\u044f \u0431\u043b\u043e\u043a\u0438\u0440\u0443\u0435\u043c\u0430\u044f &#8212; T\u00f5uksimaailm","isPartOf":{"@id":"https:\/\/www.xn--tuksimaailm-ffb.ee\/ru\/#website"},"primaryImageOfPage":{"@id":"https:\/\/www.xn--tuksimaailm-ffb.ee\/ru\/\u043f\u0440\u043e\u0434\u0443\u043a\u0442\/inokim-oxo-%d0%be%d1%80%d0%b0%d0%bd%d0%b6%d0%b5%d0%b2%d0%b0%d1%8f-%d1%80%d1%83%d1%87%d0%ba%d0%b0-%d0%be%d1%80%d0%b8%d0%b3%d0%b8%d0%bd%d0%b0%d0%bb%d1%8c%d0%bd%d0%b0%d1%8f-%d0%b1%d0%bb%d0%be%d0%ba%d0%b8\/#primaryimage"},"image":{"@id":"https:\/\/www.xn--tuksimaailm-ffb.ee\/ru\/\u043f\u0440\u043e\u0434\u0443\u043a\u0442\/inokim-oxo-%d0%be%d1%80%d0%b0%d0%bd%d0%b6%d0%b5%d0%b2%d0%b0%d1%8f-%d1%80%d1%83%d1%87%d0%ba%d0%b0-%d0%be%d1%80%d0%b8%d0%b3%d0%b8%d0%bd%d0%b0%d0%bb%d1%8c%d0%bd%d0%b0%d1%8f-%d0%b1%d0%bb%d0%be%d0%ba%d0%b8\/#primaryimage"},"thumbnailUrl":"https:\/\/www.xn--tuksimaailm-ffb.ee\/wp-content\/uploads\/2022\/01\/Screenshot-2025-01-23-135739.webp","datePublished":"2022-01-25T16:07:58+00:00","breadcrumb":{"@id":"https:\/\/www.xn--tuksimaailm-ffb.ee\/ru\/\u043f\u0440\u043e\u0434\u0443\u043a\u0442\/inokim-oxo-%d0%be%d1%80%d0%b0%d0%bd%d0%b6%d0%b5%d0%b2%d0%b0%d1%8f-%d1%80%d1%83%d1%87%d0%ba%d0%b0-%d0%be%d1%80%d0%b8%d0%b3%d0%b8%d0%bd%d0%b0%d0%bb%d1%8c%d0%bd%d0%b0%d1%8f-%d0%b1%d0%bb%d0%be%d0%ba%d0%b8\/#breadcrumb"},"inLanguage":"ru-RU","potentialAction":[{"@type":"ReadAction","target":["https:\/\/www.xn--tuksimaailm-ffb.ee\/ru\/\u043f\u0440\u043e\u0434\u0443\u043a\u0442\/inokim-oxo-%d0%be%d1%80%d0%b0%d0%bd%d0%b6%d0%b5%d0%b2%d0%b0%d1%8f-%d1%80%d1%83%d1%87%d0%ba%d0%b0-%d0%be%d1%80%d0%b8%d0%b3%d0%b8%d0%bd%d0%b0%d0%bb%d1%8c%d0%bd%d0%b0%d1%8f-%d0%b1%d0%bb%d0%be%d0%ba%d0%b8\/"]}]},{"@type":"ImageObject","inLanguage":"ru-RU","@id":"https:\/\/www.xn--tuksimaailm-ffb.ee\/ru\/\u043f\u0440\u043e\u0434\u0443\u043a\u0442\/inokim-oxo-%d0%be%d1%80%d0%b0%d0%bd%d0%b6%d0%b5%d0%b2%d0%b0%d1%8f-%d1%80%d1%83%d1%87%d0%ba%d0%b0-%d0%be%d1%80%d0%b8%d0%b3%d0%b8%d0%bd%d0%b0%d0%bb%d1%8c%d0%bd%d0%b0%d1%8f-%d0%b1%d0%bb%d0%be%d0%ba%d0%b8\/#primaryimage","url":"https:\/\/www.xn--tuksimaailm-ffb.ee\/wp-content\/uploads\/2022\/01\/Screenshot-2025-01-23-135739.webp","contentUrl":"https:\/\/www.xn--tuksimaailm-ffb.ee\/wp-content\/uploads\/2022\/01\/Screenshot-2025-01-23-135739.webp","width":847,"height":941,"caption":"Inokim OXO oran\u017e k\u00e4epide originaal lukustatav"},{"@type":"BreadcrumbList","@id":"https:\/\/www.xn--tuksimaailm-ffb.ee\/ru\/\u043f\u0440\u043e\u0434\u0443\u043a\u0442\/inokim-oxo-%d0%be%d1%80%d0%b0%d0%bd%d0%b6%d0%b5%d0%b2%d0%b0%d1%8f-%d1%80%d1%83%d1%87%d0%ba%d0%b0-%d0%be%d1%80%d0%b8%d0%b3%d0%b8%d0%bd%d0%b0%d0%bb%d1%8c%d0%bd%d0%b0%d1%8f-%d0%b1%d0%bb%d0%be%d0%ba%d0%b8\/#breadcrumb","itemListElement":[{"@type":"ListItem","position":1,"name":"Home","item":"https:\/\/www.xn--tuksimaailm-ffb.ee\/ru\/frontpage\/"},{"@type":"ListItem","position":2,"name":"\u041c\u0410\u0413\u0410\u0417\u0418\u041d","item":"https:\/\/www.xn--tuksimaailm-ffb.ee\/elektritoukerataste-pood\/"},{"@type":"ListItem","position":3,"name":"Inokim OXO \u043e\u0440\u0430\u043d\u0436\u0435\u0432\u0430\u044f \u0440\u0443\u0447\u043a\u0430 \u043e\u0440\u0438\u0433\u0438\u043d\u0430\u043b\u044c\u043d\u0430\u044f \u0431\u043b\u043e\u043a\u0438\u0440\u0443\u0435\u043c\u0430\u044f"}]},{"@type":"WebSite","@id":"https:\/\/www.xn--tuksimaailm-ffb.ee\/ru\/#website","url":"https:\/\/www.xn--tuksimaailm-ffb.ee\/ru\/","name":"T\u00f5uksimaailm","description":"Elektrit\u00f5ukerataste m\u00fc\u00fck, remont ja rent","publisher":{"@id":"https:\/\/www.xn--tuksimaailm-ffb.ee\/ru\/#organization"},"potentialAction":[{"@type":"SearchAction","target":{"@type":"EntryPoint","urlTemplate":"https:\/\/www.xn--tuksimaailm-ffb.ee\/ru\/?s={search_term_string}"},"query-input":{"@type":"PropertyValueSpecification","valueRequired":true,"valueName":"search_term_string"}}],"inLanguage":"ru-RU"},{"@type":"Organization","@id":"https:\/\/www.xn--tuksimaailm-ffb.ee\/ru\/#organization","name":"T\u00f5uksimaailm","url":"https:\/\/www.xn--tuksimaailm-ffb.ee\/ru\/","logo":{"@type":"ImageObject","inLanguage":"ru-RU","@id":"https:\/\/www.xn--tuksimaailm-ffb.ee\/ru\/#\/schema\/logo\/image\/","url":"https:\/\/www.xn--tuksimaailm-ffb.ee\/wp-content\/uploads\/2020\/01\/logoz-e1579792875517.png","contentUrl":"https:\/\/www.xn--tuksimaailm-ffb.ee\/wp-content\/uploads\/2020\/01\/logoz-e1579792875517.png","width":250,"height":250,"caption":"T\u00f5uksimaailm"},"image":{"@id":"https:\/\/www.xn--tuksimaailm-ffb.ee\/ru\/#\/schema\/logo\/image\/"},"sameAs":["https:\/\/www.facebook.com\/touksimaailm\/","https:\/\/www.instagram.com\/touksimaailm_\/","https:\/\/www.youtube.com\/channel\/UC18ml0EKIDLP1xGuQjFzcXQ"]}]},"product_price_amount":"15.00","product_price_currency":"EUR","og_availability":"instock","product_availability":"instock","product_condition":"new"},"jetpack_sharing_enabled":true,"_links":{"self":[{"href":"https:\/\/www.xn--tuksimaailm-ffb.ee\/ru\/wp-json\/wp\/v2\/product\/51129","targetHints":{"allow":["GET"]}}],"collection":[{"href":"https:\/\/www.xn--tuksimaailm-ffb.ee\/ru\/wp-json\/wp\/v2\/product"}],"about":[{"href":"https:\/\/www.xn--tuksimaailm-ffb.ee\/ru\/wp-json\/wp\/v2\/types\/product"}],"wp:featuredmedia":[{"embeddable":true,"href":"https:\/\/www.xn--tuksimaailm-ffb.ee\/ru\/wp-json\/wp\/v2\/media\/55633"}],"wp:attachment":[{"href":"https:\/\/www.xn--tuksimaailm-ffb.ee\/ru\/wp-json\/wp\/v2\/media?parent=51129"}],"wp:term":[{"taxonomy":"product_brand","embeddable":true,"href":"https:\/\/www.xn--tuksimaailm-ffb.ee\/ru\/wp-json\/wp\/v2\/product_brand?post=51129"},{"taxonomy":"product_cat","embeddable":true,"href":"https:\/\/www.xn--tuksimaailm-ffb.ee\/ru\/wp-json\/wp\/v2\/product_cat?post=51129"},{"taxonomy":"product_tag","embeddable":true,"href":"https:\/\/www.xn--tuksimaailm-ffb.ee\/ru\/wp-json\/wp\/v2\/product_tag?post=51129"},{"taxonomy":"filter_elektritoukeratas","embeddable":true,"href":"https:\/\/www.xn--tuksimaailm-ffb.ee\/ru\/wp-json\/wp\/v2\/filter_elektritoukeratas?post=51129"}],"curies":[{"name":"wp","href":"https:\/\/api.w.org\/{rel}","templated":true}]}}