{"id":51131,"date":"2022-01-25T18:08:01","date_gmt":"2022-01-25T16:08:01","guid":{"rendered":"http:\/\/www.xn--tuksimaailm-ffb.ee\/shop\/%d0%bb%d0%b5%d0%b2%d0%b0%d1%8f-%d1%82%d0%be%d1%80%d0%bc%d0%be%d0%b7%d0%bd%d0%b0%d1%8f-%d1%82%d1%8f%d0%b3%d0%b0-zoom-inokim-oxo\/"},"modified":"2022-01-25T18:08:01","modified_gmt":"2022-01-25T15:08:01","slug":"%d0%bb%d0%b5%d0%b2%d0%b0%d1%8f-%d1%82%d0%be%d1%80%d0%bc%d0%be%d0%b7%d0%bd%d0%b0%d1%8f-%d1%82%d1%8f%d0%b3%d0%b0-zoom-inokim-oxo","status":"publish","type":"product","link":"https:\/\/www.xn--tuksimaailm-ffb.ee\/ru\/\u043f\u0440\u043e\u0434\u0443\u043a\u0442\/%d0%bb%d0%b5%d0%b2%d0%b0%d1%8f-%d1%82%d0%be%d1%80%d0%bc%d0%be%d0%b7%d0%bd%d0%b0%d1%8f-%d1%82%d1%8f%d0%b3%d0%b0-zoom-inokim-oxo\/","title":{"rendered":"\u041b\u0435\u0432\u0430\u044f \u0442\u043e\u0440\u043c\u043e\u0437\u043d\u0430\u044f \u0442\u044f\u0433\u0430 Zoom Inokim OXO"},"content":{"rendered":"<p>\u041b\u0435\u0432\u0430\u044f \u0442\u043e\u0440\u043c\u043e\u0437\u043d\u0430\u044f \u0442\u044f\u0433\u0430, \u0444\u0438\u0440\u043c\u0435\u043d\u043d\u0430\u044f \u043c\u0430\u0440\u043a\u0438\u0440\u043e\u0432\u043a\u0430 Zoom. \u041f\u043e\u0434\u0445\u043e\u0434\u0438\u0442 \u0434\u043b\u044f \u044d\u043b\u0435\u043a\u0442\u0440\u0438\u0447\u0435\u0441\u043a\u043e\u0433\u043e \u0441\u0430\u043c\u043e\u043a\u0430\u0442\u0430 Inokim OXO.<\/p>\n","protected":false},"excerpt":{"rendered":"<p>\u041b\u0435\u0432\u0430\u044f \u0442\u043e\u0440\u043c\u043e\u0437\u043d\u0430\u044f \u0442\u044f\u0433\u0430, \u0444\u0438\u0440\u043c\u0435\u043d\u043d\u0430\u044f \u043c\u0430\u0440\u043a\u0438\u0440\u043e\u0432\u043a\u0430 Zoom. \u041f\u043e\u0434\u0445\u043e\u0434\u0438\u0442 \u0434\u043b\u044f \u044d\u043b\u0435\u043a\u0442\u0440\u0438\u0447\u0435\u0441\u043a\u043e\u0433\u043e \u0441\u0430\u043c\u043e\u043a\u0430\u0442\u0430 Inokim OXO.<\/p>\n","protected":false},"featured_media":62156,"template":"","meta":[],"product_brand":[],"product_cat":[757],"product_tag":[],"filter_elektritoukeratas":[2715],"class_list":{"0":"post-51131","1":"product","2":"type-product","3":"status-publish","4":"has-post-thumbnail","6":"product_cat-757","7":"pa_tootetuup-piduridetailid-ru","8":"filter_elektritoukeratas-ft_inokim_oxo","10":"first","11":"instock","12":"taxable","13":"shipping-taxable","14":"purchasable","15":"product-type-variable"},"yoast_head":"<!-- This site is optimized with the Yoast SEO Premium plugin v26.8 (Yoast SEO v27.5) - https:\/\/yoast.com\/product\/yoast-seo-premium-wordpress\/ -->\n<title>\u041b\u0435\u0432\u0430\u044f \u0442\u043e\u0440\u043c\u043e\u0437\u043d\u0430\u044f \u0442\u044f\u0433\u0430 Zoom Inokim OXO &#8212; T\u00f5uksimaailm<\/title>\n<meta name=\"robots\" content=\"index, follow, max-snippet:-1, max-image-preview:large, max-video-preview:-1\" \/>\n<link rel=\"canonical\" href=\"https:\/\/www.xn--tuksimaailm-ffb.ee\/ru\/\u043f\u0440\u043e\u0434\u0443\u043a\u0442\/%d0%bb%d0%b5%d0%b2%d0%b0%d1%8f-%d1%82%d0%be%d1%80%d0%bc%d0%be%d0%b7%d0%bd%d0%b0%d1%8f-%d1%82%d1%8f%d0%b3%d0%b0-zoom-inokim-oxo\/\" \/>\n<meta property=\"og:locale\" content=\"ru_RU\" \/>\n<meta property=\"og:type\" content=\"article\" \/>\n<meta property=\"og:title\" content=\"\u041b\u0435\u0432\u0430\u044f \u0442\u043e\u0440\u043c\u043e\u0437\u043d\u0430\u044f \u0442\u044f\u0433\u0430 Zoom Inokim OXO\" \/>\n<meta property=\"og:description\" content=\"\u041b\u0435\u0432\u0430\u044f \u0442\u043e\u0440\u043c\u043e\u0437\u043d\u0430\u044f \u0442\u044f\u0433\u0430, \u0444\u0438\u0440\u043c\u0435\u043d\u043d\u0430\u044f \u043c\u0430\u0440\u043a\u0438\u0440\u043e\u0432\u043a\u0430 Zoom. \u041f\u043e\u0434\u0445\u043e\u0434\u0438\u0442 \u0434\u043b\u044f \u044d\u043b\u0435\u043a\u0442\u0440\u0438\u0447\u0435\u0441\u043a\u043e\u0433\u043e \u0441\u0430\u043c\u043e\u043a\u0430\u0442\u0430 Inokim OXO.\" \/>\n<meta property=\"og:url\" content=\"https:\/\/www.xn--tuksimaailm-ffb.ee\/ru\/\u043f\u0440\u043e\u0434\u0443\u043a\u0442\/%d0%bb%d0%b5%d0%b2%d0%b0%d1%8f-%d1%82%d0%be%d1%80%d0%bc%d0%be%d0%b7%d0%bd%d0%b0%d1%8f-%d1%82%d1%8f%d0%b3%d0%b0-zoom-inokim-oxo\/\" \/>\n<meta property=\"og:site_name\" content=\"T\u00f5uksimaailm\" \/>\n<meta property=\"article:publisher\" content=\"https:\/\/www.facebook.com\/touksimaailm\/\" \/>\n<meta property=\"og:image\" content=\"https:\/\/www.xn--tuksimaailm-ffb.ee\/wp-content\/uploads\/2022\/01\/Screenshot-2025-03-29-165924.webp\" \/>\n\t<meta property=\"og:image:width\" content=\"1181\" \/>\n\t<meta property=\"og:image:height\" content=\"908\" \/>\n\t<meta property=\"og:image:type\" content=\"image\/webp\" \/>\n<meta name=\"twitter:card\" content=\"summary_large_image\" \/>\n<meta name=\"twitter:label1\" content=\"\u0414\u043e\u0441\u0442\u0443\u043f\u043d\u043e\u0441\u0442\u044c\" \/>\n\t<meta name=\"twitter:data1\" content=\"\u0412 \u043d\u0430\u043b\u0438\u0447\u0438\u0438\" \/>\n<meta property=\"og:availability\" content=\"instock\" \/>\n<meta property=\"product:availability\" content=\"instock\" \/>\n<meta property=\"product:retailer_item_id\" content=\"PIDURILINK-ZOOM-VASAK\" \/>\n<meta property=\"product:condition\" content=\"new\" \/>\n<!-- \/ Yoast SEO Premium plugin. -->","yoast_head_json":{"title":"\u041b\u0435\u0432\u0430\u044f \u0442\u043e\u0440\u043c\u043e\u0437\u043d\u0430\u044f \u0442\u044f\u0433\u0430 Zoom Inokim OXO &#8212; T\u00f5uksimaailm","robots":{"index":"index","follow":"follow","max-snippet":"max-snippet:-1","max-image-preview":"max-image-preview:large","max-video-preview":"max-video-preview:-1"},"canonical":"https:\/\/www.xn--tuksimaailm-ffb.ee\/ru\/\u043f\u0440\u043e\u0434\u0443\u043a\u0442\/%d0%bb%d0%b5%d0%b2%d0%b0%d1%8f-%d1%82%d0%be%d1%80%d0%bc%d0%be%d0%b7%d0%bd%d0%b0%d1%8f-%d1%82%d1%8f%d0%b3%d0%b0-zoom-inokim-oxo\/","og_locale":"ru_RU","og_type":"article","og_title":"\u041b\u0435\u0432\u0430\u044f \u0442\u043e\u0440\u043c\u043e\u0437\u043d\u0430\u044f \u0442\u044f\u0433\u0430 Zoom Inokim OXO","og_description":"\u041b\u0435\u0432\u0430\u044f \u0442\u043e\u0440\u043c\u043e\u0437\u043d\u0430\u044f \u0442\u044f\u0433\u0430, \u0444\u0438\u0440\u043c\u0435\u043d\u043d\u0430\u044f \u043c\u0430\u0440\u043a\u0438\u0440\u043e\u0432\u043a\u0430 Zoom. \u041f\u043e\u0434\u0445\u043e\u0434\u0438\u0442 \u0434\u043b\u044f \u044d\u043b\u0435\u043a\u0442\u0440\u0438\u0447\u0435\u0441\u043a\u043e\u0433\u043e \u0441\u0430\u043c\u043e\u043a\u0430\u0442\u0430 Inokim OXO.","og_url":"https:\/\/www.xn--tuksimaailm-ffb.ee\/ru\/\u043f\u0440\u043e\u0434\u0443\u043a\u0442\/%d0%bb%d0%b5%d0%b2%d0%b0%d1%8f-%d1%82%d0%be%d1%80%d0%bc%d0%be%d0%b7%d0%bd%d0%b0%d1%8f-%d1%82%d1%8f%d0%b3%d0%b0-zoom-inokim-oxo\/","og_site_name":"T\u00f5uksimaailm","article_publisher":"https:\/\/www.facebook.com\/touksimaailm\/","og_image":[{"width":1181,"height":908,"url":"https:\/\/www.xn--tuksimaailm-ffb.ee\/wp-content\/uploads\/2022\/01\/Screenshot-2025-03-29-165924.webp","type":"image\/webp"}],"twitter_card":"summary_large_image","twitter_misc":{"\u0414\u043e\u0441\u0442\u0443\u043f\u043d\u043e\u0441\u0442\u044c":"\u0412 \u043d\u0430\u043b\u0438\u0447\u0438\u0438"},"schema":{"@context":"https:\/\/schema.org","@graph":[{"@type":"WebPage","@id":"https:\/\/www.xn--tuksimaailm-ffb.ee\/ru\/\u043f\u0440\u043e\u0434\u0443\u043a\u0442\/%d0%bb%d0%b5%d0%b2%d0%b0%d1%8f-%d1%82%d0%be%d1%80%d0%bc%d0%be%d0%b7%d0%bd%d0%b0%d1%8f-%d1%82%d1%8f%d0%b3%d0%b0-zoom-inokim-oxo\/","url":"https:\/\/www.xn--tuksimaailm-ffb.ee\/ru\/\u043f\u0440\u043e\u0434\u0443\u043a\u0442\/%d0%bb%d0%b5%d0%b2%d0%b0%d1%8f-%d1%82%d0%be%d1%80%d0%bc%d0%be%d0%b7%d0%bd%d0%b0%d1%8f-%d1%82%d1%8f%d0%b3%d0%b0-zoom-inokim-oxo\/","name":"\u041b\u0435\u0432\u0430\u044f \u0442\u043e\u0440\u043c\u043e\u0437\u043d\u0430\u044f \u0442\u044f\u0433\u0430 Zoom Inokim OXO &#8212; T\u00f5uksimaailm","isPartOf":{"@id":"https:\/\/www.xn--tuksimaailm-ffb.ee\/ru\/#website"},"primaryImageOfPage":{"@id":"https:\/\/www.xn--tuksimaailm-ffb.ee\/ru\/\u043f\u0440\u043e\u0434\u0443\u043a\u0442\/%d0%bb%d0%b5%d0%b2%d0%b0%d1%8f-%d1%82%d0%be%d1%80%d0%bc%d0%be%d0%b7%d0%bd%d0%b0%d1%8f-%d1%82%d1%8f%d0%b3%d0%b0-zoom-inokim-oxo\/#primaryimage"},"image":{"@id":"https:\/\/www.xn--tuksimaailm-ffb.ee\/ru\/\u043f\u0440\u043e\u0434\u0443\u043a\u0442\/%d0%bb%d0%b5%d0%b2%d0%b0%d1%8f-%d1%82%d0%be%d1%80%d0%bc%d0%be%d0%b7%d0%bd%d0%b0%d1%8f-%d1%82%d1%8f%d0%b3%d0%b0-zoom-inokim-oxo\/#primaryimage"},"thumbnailUrl":"https:\/\/www.xn--tuksimaailm-ffb.ee\/wp-content\/uploads\/2022\/01\/Screenshot-2025-03-29-165924.webp","datePublished":"2022-01-25T16:08:01+00:00","breadcrumb":{"@id":"https:\/\/www.xn--tuksimaailm-ffb.ee\/ru\/\u043f\u0440\u043e\u0434\u0443\u043a\u0442\/%d0%bb%d0%b5%d0%b2%d0%b0%d1%8f-%d1%82%d0%be%d1%80%d0%bc%d0%be%d0%b7%d0%bd%d0%b0%d1%8f-%d1%82%d1%8f%d0%b3%d0%b0-zoom-inokim-oxo\/#breadcrumb"},"inLanguage":"ru-RU","potentialAction":[{"@type":"ReadAction","target":["https:\/\/www.xn--tuksimaailm-ffb.ee\/ru\/\u043f\u0440\u043e\u0434\u0443\u043a\u0442\/%d0%bb%d0%b5%d0%b2%d0%b0%d1%8f-%d1%82%d0%be%d1%80%d0%bc%d0%be%d0%b7%d0%bd%d0%b0%d1%8f-%d1%82%d1%8f%d0%b3%d0%b0-zoom-inokim-oxo\/"]}]},{"@type":"ImageObject","inLanguage":"ru-RU","@id":"https:\/\/www.xn--tuksimaailm-ffb.ee\/ru\/\u043f\u0440\u043e\u0434\u0443\u043a\u0442\/%d0%bb%d0%b5%d0%b2%d0%b0%d1%8f-%d1%82%d0%be%d1%80%d0%bc%d0%be%d0%b7%d0%bd%d0%b0%d1%8f-%d1%82%d1%8f%d0%b3%d0%b0-zoom-inokim-oxo\/#primaryimage","url":"https:\/\/www.xn--tuksimaailm-ffb.ee\/wp-content\/uploads\/2022\/01\/Screenshot-2025-03-29-165924.webp","contentUrl":"https:\/\/www.xn--tuksimaailm-ffb.ee\/wp-content\/uploads\/2022\/01\/Screenshot-2025-03-29-165924.webp","width":1181,"height":908,"caption":"Vasak pidurilink piduriheebel Inokim OXO"},{"@type":"BreadcrumbList","@id":"https:\/\/www.xn--tuksimaailm-ffb.ee\/ru\/\u043f\u0440\u043e\u0434\u0443\u043a\u0442\/%d0%bb%d0%b5%d0%b2%d0%b0%d1%8f-%d1%82%d0%be%d1%80%d0%bc%d0%be%d0%b7%d0%bd%d0%b0%d1%8f-%d1%82%d1%8f%d0%b3%d0%b0-zoom-inokim-oxo\/#breadcrumb","itemListElement":[{"@type":"ListItem","position":1,"name":"Home","item":"https:\/\/www.xn--tuksimaailm-ffb.ee\/ru\/frontpage\/"},{"@type":"ListItem","position":2,"name":"\u041c\u0410\u0413\u0410\u0417\u0418\u041d","item":"https:\/\/www.xn--tuksimaailm-ffb.ee\/elektritoukerataste-pood\/"},{"@type":"ListItem","position":3,"name":"\u041b\u0435\u0432\u0430\u044f \u0442\u043e\u0440\u043c\u043e\u0437\u043d\u0430\u044f \u0442\u044f\u0433\u0430 Zoom Inokim OXO"}]},{"@type":"WebSite","@id":"https:\/\/www.xn--tuksimaailm-ffb.ee\/ru\/#website","url":"https:\/\/www.xn--tuksimaailm-ffb.ee\/ru\/","name":"T\u00f5uksimaailm","description":"Elektrit\u00f5ukerataste m\u00fc\u00fck, remont ja rent","publisher":{"@id":"https:\/\/www.xn--tuksimaailm-ffb.ee\/ru\/#organization"},"potentialAction":[{"@type":"SearchAction","target":{"@type":"EntryPoint","urlTemplate":"https:\/\/www.xn--tuksimaailm-ffb.ee\/ru\/?s={search_term_string}"},"query-input":{"@type":"PropertyValueSpecification","valueRequired":true,"valueName":"search_term_string"}}],"inLanguage":"ru-RU"},{"@type":"Organization","@id":"https:\/\/www.xn--tuksimaailm-ffb.ee\/ru\/#organization","name":"T\u00f5uksimaailm","url":"https:\/\/www.xn--tuksimaailm-ffb.ee\/ru\/","logo":{"@type":"ImageObject","inLanguage":"ru-RU","@id":"https:\/\/www.xn--tuksimaailm-ffb.ee\/ru\/#\/schema\/logo\/image\/","url":"https:\/\/www.xn--tuksimaailm-ffb.ee\/wp-content\/uploads\/2020\/01\/logoz-e1579792875517.png","contentUrl":"https:\/\/www.xn--tuksimaailm-ffb.ee\/wp-content\/uploads\/2020\/01\/logoz-e1579792875517.png","width":250,"height":250,"caption":"T\u00f5uksimaailm"},"image":{"@id":"https:\/\/www.xn--tuksimaailm-ffb.ee\/ru\/#\/schema\/logo\/image\/"},"sameAs":["https:\/\/www.facebook.com\/touksimaailm\/","https:\/\/www.instagram.com\/touksimaailm_\/","https:\/\/www.youtube.com\/channel\/UC18ml0EKIDLP1xGuQjFzcXQ"]}]},"og_availability":"instock","product_availability":"instock","product_retailer_item_id":"PIDURILINK-ZOOM-VASAK","product_condition":"new"},"jetpack_sharing_enabled":true,"_links":{"self":[{"href":"https:\/\/www.xn--tuksimaailm-ffb.ee\/ru\/wp-json\/wp\/v2\/product\/51131","targetHints":{"allow":["GET"]}}],"collection":[{"href":"https:\/\/www.xn--tuksimaailm-ffb.ee\/ru\/wp-json\/wp\/v2\/product"}],"about":[{"href":"https:\/\/www.xn--tuksimaailm-ffb.ee\/ru\/wp-json\/wp\/v2\/types\/product"}],"wp:featuredmedia":[{"embeddable":true,"href":"https:\/\/www.xn--tuksimaailm-ffb.ee\/ru\/wp-json\/wp\/v2\/media\/62156"}],"wp:attachment":[{"href":"https:\/\/www.xn--tuksimaailm-ffb.ee\/ru\/wp-json\/wp\/v2\/media?parent=51131"}],"wp:term":[{"taxonomy":"product_brand","embeddable":true,"href":"https:\/\/www.xn--tuksimaailm-ffb.ee\/ru\/wp-json\/wp\/v2\/product_brand?post=51131"},{"taxonomy":"product_cat","embeddable":true,"href":"https:\/\/www.xn--tuksimaailm-ffb.ee\/ru\/wp-json\/wp\/v2\/product_cat?post=51131"},{"taxonomy":"product_tag","embeddable":true,"href":"https:\/\/www.xn--tuksimaailm-ffb.ee\/ru\/wp-json\/wp\/v2\/product_tag?post=51131"},{"taxonomy":"filter_elektritoukeratas","embeddable":true,"href":"https:\/\/www.xn--tuksimaailm-ffb.ee\/ru\/wp-json\/wp\/v2\/filter_elektritoukeratas?post=51131"}],"curies":[{"name":"wp","href":"https:\/\/api.w.org\/{rel}","templated":true}]}}