{"id":51327,"date":"2022-01-21T14:50:46","date_gmt":"2022-01-21T14:50:46","guid":{"rendered":"http:\/\/www.xn--tuksimaailm-ffb.ee\/shop\/%d0%ba%d0%be%d0%bd%d1%82%d1%80%d0%be%d0%bb%d0%bb%d0%b5%d1%80-%d0%b8-%d0%b4%d0%b8%d1%81%d0%bf%d0%bb%d0%b5%d0%b9-kmpl-blaupunkt-hx-velt-smart\/"},"modified":"2022-01-21T14:50:46","modified_gmt":"2022-01-21T11:50:46","slug":"%d0%ba%d0%be%d0%bd%d1%82%d1%80%d0%be%d0%bb%d0%bb%d0%b5%d1%80-%d0%b8-%d0%b4%d0%b8%d1%81%d0%bf%d0%bb%d0%b5%d0%b9-kmpl-blaupunkt-hx-velt-smart","status":"publish","type":"product","link":"https:\/\/www.xn--tuksimaailm-ffb.ee\/ru\/\u043f\u0440\u043e\u0434\u0443\u043a\u0442\/%d0%ba%d0%be%d0%bd%d1%82%d1%80%d0%be%d0%bb%d0%bb%d0%b5%d1%80-%d0%b8-%d0%b4%d0%b8%d1%81%d0%bf%d0%bb%d0%b5%d0%b9-kmpl-blaupunkt-hx-velt-smart\/","title":{"rendered":"\u041a\u043e\u043d\u0442\u0440\u043e\u043b\u043b\u0435\u0440 \u0438 \u0434\u0438\u0441\u043f\u043b\u0435\u0439 kmpl Blaupunkt HX Velt Smart"},"content":{"rendered":"<p>\u041a\u043e\u043d\u0442\u0440\u043e\u043b\u043b\u0435\u0440 \u0434\u0432\u0438\u0433\u0430\u0442\u0435\u043b\u044f \/ \u043c\u0430\u0442\u0435\u0440\u0438\u043d\u0441\u043a\u0430\u044f \u043f\u043b\u0430\u0442\u0430 \/ \u043c\u043e\u0434\u0443\u043b\u044c \u0443\u043f\u0440\u0430\u0432\u043b\u0435\u043d\u0438\u044f \u0438 \u043a\u043e\u043c\u043f\u043b\u0435\u043a\u0442 \u044d\u043a\u0440\u0430\u043d\u0430 \/ \u0434\u0438\u0441\u043f\u043b\u0435\u044f, \u043f\u043e\u0434\u0445\u043e\u0434\u0438\u0442 \u0434\u043b\u044f \u044d\u043b\u0435\u043a\u0442\u0440\u043e\u0441\u043a\u0443\u0442\u0435\u0440\u043e\u0432 Blaupunkt, HX, Velt Smart, Turboant \u0438 \u0430\u043d\u0430\u043b\u043e\u0433\u0438\u0447\u043d\u044b\u0445.<\/p>\n<p>\u0412 \u0430\u0441\u0441\u043e\u0440\u0442\u0438\u043c\u0435\u043d\u0442\u0435 \u043f\u0440\u0435\u0434\u0441\u0442\u0430\u0432\u043b\u0435\u043d\u044b \u043a\u043e\u043c\u043f\u043b\u0435\u043a\u0442\u044b \u043a\u043e\u043d\u0442\u0440\u043e\u043b\u043b\u0435\u0440\u043e\u0432 \u0434\u043b\u044f \u0437\u0430\u043c\u0435\u043d\u044b \u0434\u0438\u0441\u043f\u043b\u0435\u044f \u0438 \u043a\u043e\u043d\u0442\u0440\u043e\u043b\u043b\u0435\u0440\u0430 \u0434\u043b\u044f HX X7 (Blaupunkt ESC808, Velt Smart Scooter <a href=\"http:\/\/www.xn--tuksimaailm-ffb.ee\/shop\/elektriline-toukeratas-velt-smart-scooter-x7\/\">X7<\/a>) \u0438 HX X8 (Blaupunkt ESC910, Velt Smart Scooter X8 \u0438 <a href=\"http:\/\/www.xn--tuksimaailm-ffb.ee\/shop\/elektriline-toukeratas-velt-smart-scooter-eco-x8\/\">Velt Smart Eco<\/a>) \/ X8 Pro (Velt Smart Scooter X8 Pro), X8 48V (<a href=\"http:\/\/www.xn--tuksimaailm-ffb.ee\/shop\/velt-smart-scooter-x8-pro-elektritoukeratas\/\">Velt Smart Pro<\/a>).<\/p>\n<p>\u0418\u0441\u043f\u043e\u043b\u044c\u0437\u043e\u0432\u0430\u043d\u0438\u0435 \u043c\u0435\u043d\u044e \u044d\u043b\u0435\u043a\u0442\u0440\u043e\u0441\u043a\u0443\u0442\u0435\u0440\u0430:<\/p>\n<p>1. \u043e\u0434\u043d\u043e\u0432\u0440\u0435\u043c\u0435\u043d\u043d\u043e \u043d\u0430\u0436\u0438\u043c\u0430\u0439\u0442\u0435 \u043a\u043d\u043e\u043f\u043a\u0438 \u0432\u043a\u043b\u044e\u0447\u0435\u043d\u0438\u044f \u0438 \u043c\u0435\u043d\u044e, \u043f\u043e\u043a\u0430 \u043d\u0430 \u0434\u0438\u0441\u043f\u043b\u0435\u0435 \u043d\u0435 \u043f\u043e\u044f\u0432\u0438\u0442\u0441\u044f \u043d\u0430\u0434\u043f\u0438\u0441\u044c P0<\/p>\n<p>2. \u041d\u0430\u0436\u043c\u0438\u0442\u0435 \u043a\u043d\u043e\u043f\u043a\u0443 \u043f\u0438\u0442\u0430\u043d\u0438\u044f, \u0447\u0442\u043e\u0431\u044b \u0432\u043e\u0439\u0442\u0438 \u0432 \u043d\u0430\u0441\u0442\u0440\u043e\u0439\u043a\u0438 \u043c\u0435\u043d\u044e P0. \u041d\u0430\u0436\u043c\u0438\u0442\u0435 \u043a\u043d\u043e\u043f\u043a\u0443 \u043c\u0435\u043d\u044e, \u0447\u0442\u043e\u0431\u044b \u0432\u044b\u0431\u0440\u0430\u0442\u044c \u0437\u043d\u0430\u0447\u0435\u043d\u0438\u0435 \u043e\u0442 0 \u0434\u043e 1 (\u043a\u043c\/\u0447 \u0438\u043b\u0438 \u043c\u0438\u043b\u044c\/\u0447). \u041d\u0430\u0436\u043c\u0438\u0442\u0435 \u043a\u043d\u043e\u043f\u043a\u0443 \u043f\u0438\u0442\u0430\u043d\u0438\u044f, \u0447\u0442\u043e\u0431\u044b \u043f\u043e\u0434\u0442\u0432\u0435\u0440\u0434\u0438\u0442\u044c \u0432\u044b\u0431\u043e\u0440.<\/p>\n<p>3. \u041f\u043e\u0432\u0442\u043e\u0440\u0438\u0442\u0435 \u0442\u043e\u0442 \u0436\u0435 \u043f\u0440\u043e\u0446\u0435\u0441\u0441, \u0447\u0442\u043e\u0431\u044b \u043f\u0435\u0440\u0435\u0439\u0442\u0438 \u043a \u043e\u0441\u0442\u0430\u043b\u044c\u043d\u044b\u043c \u043d\u0430\u0441\u0442\u0440\u043e\u0439\u043a\u0430\u043c - P1, P2, P3, P4.<\/p>\n<p>4. \u0421\u043e\u0445\u0440\u0430\u043d\u0438\u0442\u0435 \u043d\u0430\u0441\u0442\u0440\u043e\u0439\u043a\u0438 - \u043e\u0434\u043d\u043e\u0432\u0440\u0435\u043c\u0435\u043d\u043d\u043e \u0443\u0434\u0435\u0440\u0436\u0438\u0432\u0430\u0439\u0442\u0435 \u043a\u043d\u043e\u043f\u043a\u0438 \u043c\u0435\u043d\u044e \u0438 \u043f\u0438\u0442\u0430\u043d\u0438\u044f, \u043f\u043e\u043a\u0430 \u043d\u0430 \u0434\u0438\u0441\u043f\u043b\u0435\u0435 \u043d\u0435 \u043f\u043e\u044f\u0432\u0438\u0442\u0441\u044f 00.<\/p>\n<p>\u0417\u043d\u0430\u0447\u0435\u043d\u0438\u044f \u043d\u0430\u0441\u0442\u0440\u043e\u0435\u043a:<\/p>\n<p>1. P0 - 0 \u043a\u043c\/\u0447; 1 \u043c\u0438\u043b\u044f \u0432 \u0447\u0430\u0441<\/p>\n<p>2. P1 - 0-\u0441\u043a\u043e\u0440\u043e\u0441\u0442\u043d\u043e\u0439 \u043e\u0433\u0440\u0430\u043d\u0438\u0447\u0438\u0442\u0435\u043b\u044c \u0432\u044b\u043a\u043b\u044e\u0447\u0435\u043d; 1-\u0441\u043a\u043e\u0440\u043e\u0441\u0442\u043d\u043e\u0439 \u043e\u0433\u0440\u0430\u043d\u0438\u0447\u0438\u0442\u0435\u043b\u044c \u0432\u043a\u043b\u044e\u0447\u0435\u043d.<\/p>\n<p>3. P2 - 0-\u0441\u0442\u0430\u0440\u0442 \u0432\u043a\u043b\u044e\u0447\u0435\u043d ; 1-\u0441\u0442\u0430\u0440\u0442 \u0432\u044b\u043a\u043b\u044e\u0447\u0435\u043d<\/p>\n<p>4. P3 - 85-8,5\u00ab \u043a\u043e\u043b\u0435\u0441\u0430 ; 10-10\u00bb \u043a\u043e\u043b\u0435\u0441\u0430<\/p>\n<p>5. P4 - FF - \u043c\u0430\u043a\u0441\u0438\u043c\u0430\u043b\u044c\u043d\u0430\u044f \u0441\u043a\u043e\u0440\u043e\u0441\u0442\u044c ; 25-25 \u043a\u043c\/\u0447 ; 20-20 \u043a\u043c\/\u0447<\/p>\n","protected":false},"excerpt":{"rendered":"<p>\u041a\u043e\u043d\u0442\u0440\u043e\u043b\u043b\u0435\u0440 \u0434\u0432\u0438\u0433\u0430\u0442\u0435\u043b\u044f \/ \u043c\u0430\u0442\u0435\u0440\u0438\u043d\u0441\u043a\u0430\u044f \u043f\u043b\u0430\u0442\u0430 \/ \u043c\u043e\u0434\u0443\u043b\u044c \u0443\u043f\u0440\u0430\u0432\u043b\u0435\u043d\u0438\u044f \u0438 \u043a\u043e\u043c\u043f\u043b\u0435\u043a\u0442 \u044d\u043a\u0440\u0430\u043d\u0430 \/ \u0434\u0438\u0441\u043f\u043b\u0435\u044f, \u043f\u043e\u0434\u0445\u043e\u0434\u0438\u0442 \u0434\u043b\u044f \u044d\u043b\u0435\u043a\u0442\u0440\u043e\u0441\u043a\u0443\u0442\u0435\u0440\u043e\u0432 Blaupunkt, HX, Velt Smart, Turboant \u0438 \u0430\u043d\u0430\u043b\u043e\u0433\u0438\u0447\u043d\u044b\u0445. \u0412 \u0430\u0441\u0441\u043e\u0440\u0442\u0438\u043c\u0435\u043d\u0442\u0435 \u043f\u0440\u0435\u0434\u0441\u0442\u0430\u0432\u043b\u0435\u043d\u044b \u043a\u043e\u043c\u043f\u043b\u0435\u043a\u0442\u044b \u043a\u043e\u043d\u0442\u0440\u043e\u043b\u043b\u0435\u0440\u043e\u0432 \u0434\u043b\u044f \u0437\u0430\u043c\u0435\u043d\u044b \u0434\u0438\u0441\u043f\u043b\u0435\u044f \u0438 \u043a\u043e\u043d\u0442\u0440\u043e\u043b\u043b\u0435\u0440\u0430 \u0434\u043b\u044f HX X7 (Blaupunkt ESC808, Velt Smart Scooter X7) \u0438 HX X8 (Blaupunkt ESC910, Velt Smart Scooter &hellip;<\/p>\n","protected":false},"featured_media":20722,"template":"","meta":[],"product_brand":[],"product_cat":[757],"product_tag":[],"filter_elektritoukeratas":[2686,2687,2697,2698,2694,2693,2691,2692],"class_list":{"0":"post-51327","1":"product","2":"type-product","3":"status-publish","4":"has-post-thumbnail","6":"product_cat-757","7":"pa_tootetuup-kontrollerid-emaplaadid-ru","8":"filter_elektritoukeratas-ft_blaupunkt_esc808","9":"filter_elektritoukeratas-ft_blaupunkt_esc910","10":"filter_elektritoukeratas-ft_hx_x7","11":"filter_elektritoukeratas-ft_hx_x8","12":"filter_elektritoukeratas-ft_velt_smart_eco","13":"filter_elektritoukeratas-ft_velt_smart_x7","14":"filter_elektritoukeratas-ft_velt_smart_x8","15":"filter_elektritoukeratas-ft_velt_smart_x8_pro","17":"first","18":"instock","19":"taxable","20":"shipping-taxable","21":"purchasable","22":"product-type-variable"},"yoast_head":"<!-- This site is optimized with the Yoast SEO Premium plugin v26.8 (Yoast SEO v27.5) - https:\/\/yoast.com\/product\/yoast-seo-premium-wordpress\/ -->\n<title>\u041a\u043e\u043d\u0442\u0440\u043e\u043b\u043b\u0435\u0440 \u0438 \u0434\u0438\u0441\u043f\u043b\u0435\u0439 kmpl Blaupunkt HX Velt Smart &#8212; T\u00f5uksimaailm<\/title>\n<meta name=\"robots\" content=\"index, follow, max-snippet:-1, max-image-preview:large, max-video-preview:-1\" \/>\n<link rel=\"canonical\" href=\"https:\/\/www.xn--tuksimaailm-ffb.ee\/ru\/\u043f\u0440\u043e\u0434\u0443\u043a\u0442\/%d0%ba%d0%be%d0%bd%d1%82%d1%80%d0%be%d0%bb%d0%bb%d0%b5%d1%80-%d0%b8-%d0%b4%d0%b8%d1%81%d0%bf%d0%bb%d0%b5%d0%b9-kmpl-blaupunkt-hx-velt-smart\/\" \/>\n<meta property=\"og:locale\" content=\"ru_RU\" \/>\n<meta property=\"og:type\" content=\"article\" \/>\n<meta property=\"og:title\" content=\"\u041a\u043e\u043d\u0442\u0440\u043e\u043b\u043b\u0435\u0440 \u0438 \u0434\u0438\u0441\u043f\u043b\u0435\u0439 kmpl Blaupunkt HX Velt Smart\" \/>\n<meta property=\"og:description\" content=\"\u041a\u043e\u043d\u0442\u0440\u043e\u043b\u043b\u0435\u0440 \u0434\u0432\u0438\u0433\u0430\u0442\u0435\u043b\u044f \/ \u043c\u0430\u0442\u0435\u0440\u0438\u043d\u0441\u043a\u0430\u044f \u043f\u043b\u0430\u0442\u0430 \/ \u043c\u043e\u0434\u0443\u043b\u044c \u0443\u043f\u0440\u0430\u0432\u043b\u0435\u043d\u0438\u044f \u0438 \u043a\u043e\u043c\u043f\u043b\u0435\u043a\u0442 \u044d\u043a\u0440\u0430\u043d\u0430 \/ \u0434\u0438\u0441\u043f\u043b\u0435\u044f, \u043f\u043e\u0434\u0445\u043e\u0434\u0438\u0442 \u0434\u043b\u044f \u044d\u043b\u0435\u043a\u0442\u0440\u043e\u0441\u043a\u0443\u0442\u0435\u0440\u043e\u0432 Blaupunkt, HX, Velt Smart, Turboant \u0438 \u0430\u043d\u0430\u043b\u043e\u0433\u0438\u0447\u043d\u044b\u0445. \u0412 \u0430\u0441\u0441\u043e\u0440\u0442\u0438\u043c\u0435\u043d\u0442\u0435 \u043f\u0440\u0435\u0434\u0441\u0442\u0430\u0432\u043b\u0435\u043d\u044b \u043a\u043e\u043c\u043f\u043b\u0435\u043a\u0442\u044b \u043a\u043e\u043d\u0442\u0440\u043e\u043b\u043b\u0435\u0440\u043e\u0432 \u0434\u043b\u044f \u0437\u0430\u043c\u0435\u043d\u044b \u0434\u0438\u0441\u043f\u043b\u0435\u044f \u0438 \u043a\u043e\u043d\u0442\u0440\u043e\u043b\u043b\u0435\u0440\u0430 \u0434\u043b\u044f HX X7 (Blaupunkt ESC808, Velt Smart Scooter X7) \u0438 HX X8 (Blaupunkt ESC910, Velt Smart Scooter &hellip;\" \/>\n<meta property=\"og:url\" content=\"https:\/\/www.xn--tuksimaailm-ffb.ee\/ru\/\u043f\u0440\u043e\u0434\u0443\u043a\u0442\/%d0%ba%d0%be%d0%bd%d1%82%d1%80%d0%be%d0%bb%d0%bb%d0%b5%d1%80-%d0%b8-%d0%b4%d0%b8%d1%81%d0%bf%d0%bb%d0%b5%d0%b9-kmpl-blaupunkt-hx-velt-smart\/\" \/>\n<meta property=\"og:site_name\" content=\"T\u00f5uksimaailm\" \/>\n<meta property=\"article:publisher\" content=\"https:\/\/www.facebook.com\/touksimaailm\/\" \/>\n<meta property=\"og:image\" content=\"https:\/\/www.xn--tuksimaailm-ffb.ee\/wp-content\/uploads\/2022\/01\/HX-kmpl-2.jpg\" \/>\n\t<meta property=\"og:image:width\" content=\"1200\" \/>\n\t<meta property=\"og:image:height\" content=\"1200\" \/>\n\t<meta property=\"og:image:type\" content=\"image\/jpeg\" \/>\n<meta name=\"twitter:card\" content=\"summary_large_image\" \/>\n<meta name=\"twitter:label1\" content=\"\u0414\u043e\u0441\u0442\u0443\u043f\u043d\u043e\u0441\u0442\u044c\" \/>\n\t<meta name=\"twitter:data1\" content=\"\u0412 \u043d\u0430\u043b\u0438\u0447\u0438\u0438\" \/>\n<meta property=\"og:availability\" content=\"instock\" \/>\n<meta property=\"product:availability\" content=\"instock\" \/>\n<meta property=\"product:condition\" content=\"new\" \/>\n<!-- \/ Yoast SEO Premium plugin. -->","yoast_head_json":{"title":"\u041a\u043e\u043d\u0442\u0440\u043e\u043b\u043b\u0435\u0440 \u0438 \u0434\u0438\u0441\u043f\u043b\u0435\u0439 kmpl Blaupunkt HX Velt Smart &#8212; T\u00f5uksimaailm","robots":{"index":"index","follow":"follow","max-snippet":"max-snippet:-1","max-image-preview":"max-image-preview:large","max-video-preview":"max-video-preview:-1"},"canonical":"https:\/\/www.xn--tuksimaailm-ffb.ee\/ru\/\u043f\u0440\u043e\u0434\u0443\u043a\u0442\/%d0%ba%d0%be%d0%bd%d1%82%d1%80%d0%be%d0%bb%d0%bb%d0%b5%d1%80-%d0%b8-%d0%b4%d0%b8%d1%81%d0%bf%d0%bb%d0%b5%d0%b9-kmpl-blaupunkt-hx-velt-smart\/","og_locale":"ru_RU","og_type":"article","og_title":"\u041a\u043e\u043d\u0442\u0440\u043e\u043b\u043b\u0435\u0440 \u0438 \u0434\u0438\u0441\u043f\u043b\u0435\u0439 kmpl Blaupunkt HX Velt Smart","og_description":"\u041a\u043e\u043d\u0442\u0440\u043e\u043b\u043b\u0435\u0440 \u0434\u0432\u0438\u0433\u0430\u0442\u0435\u043b\u044f \/ \u043c\u0430\u0442\u0435\u0440\u0438\u043d\u0441\u043a\u0430\u044f \u043f\u043b\u0430\u0442\u0430 \/ \u043c\u043e\u0434\u0443\u043b\u044c \u0443\u043f\u0440\u0430\u0432\u043b\u0435\u043d\u0438\u044f \u0438 \u043a\u043e\u043c\u043f\u043b\u0435\u043a\u0442 \u044d\u043a\u0440\u0430\u043d\u0430 \/ \u0434\u0438\u0441\u043f\u043b\u0435\u044f, \u043f\u043e\u0434\u0445\u043e\u0434\u0438\u0442 \u0434\u043b\u044f \u044d\u043b\u0435\u043a\u0442\u0440\u043e\u0441\u043a\u0443\u0442\u0435\u0440\u043e\u0432 Blaupunkt, HX, Velt Smart, Turboant \u0438 \u0430\u043d\u0430\u043b\u043e\u0433\u0438\u0447\u043d\u044b\u0445. \u0412 \u0430\u0441\u0441\u043e\u0440\u0442\u0438\u043c\u0435\u043d\u0442\u0435 \u043f\u0440\u0435\u0434\u0441\u0442\u0430\u0432\u043b\u0435\u043d\u044b \u043a\u043e\u043c\u043f\u043b\u0435\u043a\u0442\u044b \u043a\u043e\u043d\u0442\u0440\u043e\u043b\u043b\u0435\u0440\u043e\u0432 \u0434\u043b\u044f \u0437\u0430\u043c\u0435\u043d\u044b \u0434\u0438\u0441\u043f\u043b\u0435\u044f \u0438 \u043a\u043e\u043d\u0442\u0440\u043e\u043b\u043b\u0435\u0440\u0430 \u0434\u043b\u044f HX X7 (Blaupunkt ESC808, Velt Smart Scooter X7) \u0438 HX X8 (Blaupunkt ESC910, Velt Smart Scooter &hellip;","og_url":"https:\/\/www.xn--tuksimaailm-ffb.ee\/ru\/\u043f\u0440\u043e\u0434\u0443\u043a\u0442\/%d0%ba%d0%be%d0%bd%d1%82%d1%80%d0%be%d0%bb%d0%bb%d0%b5%d1%80-%d0%b8-%d0%b4%d0%b8%d1%81%d0%bf%d0%bb%d0%b5%d0%b9-kmpl-blaupunkt-hx-velt-smart\/","og_site_name":"T\u00f5uksimaailm","article_publisher":"https:\/\/www.facebook.com\/touksimaailm\/","og_image":[{"width":1200,"height":1200,"url":"https:\/\/www.xn--tuksimaailm-ffb.ee\/wp-content\/uploads\/2022\/01\/HX-kmpl-2.jpg","type":"image\/jpeg"}],"twitter_card":"summary_large_image","twitter_misc":{"\u0414\u043e\u0441\u0442\u0443\u043f\u043d\u043e\u0441\u0442\u044c":"\u0412 \u043d\u0430\u043b\u0438\u0447\u0438\u0438"},"schema":{"@context":"https:\/\/schema.org","@graph":[{"@type":"WebPage","@id":"https:\/\/www.xn--tuksimaailm-ffb.ee\/ru\/\u043f\u0440\u043e\u0434\u0443\u043a\u0442\/%d0%ba%d0%be%d0%bd%d1%82%d1%80%d0%be%d0%bb%d0%bb%d0%b5%d1%80-%d0%b8-%d0%b4%d0%b8%d1%81%d0%bf%d0%bb%d0%b5%d0%b9-kmpl-blaupunkt-hx-velt-smart\/","url":"https:\/\/www.xn--tuksimaailm-ffb.ee\/ru\/\u043f\u0440\u043e\u0434\u0443\u043a\u0442\/%d0%ba%d0%be%d0%bd%d1%82%d1%80%d0%be%d0%bb%d0%bb%d0%b5%d1%80-%d0%b8-%d0%b4%d0%b8%d1%81%d0%bf%d0%bb%d0%b5%d0%b9-kmpl-blaupunkt-hx-velt-smart\/","name":"\u041a\u043e\u043d\u0442\u0440\u043e\u043b\u043b\u0435\u0440 \u0438 \u0434\u0438\u0441\u043f\u043b\u0435\u0439 kmpl Blaupunkt HX Velt Smart &#8212; T\u00f5uksimaailm","isPartOf":{"@id":"https:\/\/www.xn--tuksimaailm-ffb.ee\/ru\/#website"},"primaryImageOfPage":{"@id":"https:\/\/www.xn--tuksimaailm-ffb.ee\/ru\/\u043f\u0440\u043e\u0434\u0443\u043a\u0442\/%d0%ba%d0%be%d0%bd%d1%82%d1%80%d0%be%d0%bb%d0%bb%d0%b5%d1%80-%d0%b8-%d0%b4%d0%b8%d1%81%d0%bf%d0%bb%d0%b5%d0%b9-kmpl-blaupunkt-hx-velt-smart\/#primaryimage"},"image":{"@id":"https:\/\/www.xn--tuksimaailm-ffb.ee\/ru\/\u043f\u0440\u043e\u0434\u0443\u043a\u0442\/%d0%ba%d0%be%d0%bd%d1%82%d1%80%d0%be%d0%bb%d0%bb%d0%b5%d1%80-%d0%b8-%d0%b4%d0%b8%d1%81%d0%bf%d0%bb%d0%b5%d0%b9-kmpl-blaupunkt-hx-velt-smart\/#primaryimage"},"thumbnailUrl":"https:\/\/www.xn--tuksimaailm-ffb.ee\/wp-content\/uploads\/2022\/01\/HX-kmpl-2.jpg","datePublished":"2022-01-21T14:50:46+00:00","breadcrumb":{"@id":"https:\/\/www.xn--tuksimaailm-ffb.ee\/ru\/\u043f\u0440\u043e\u0434\u0443\u043a\u0442\/%d0%ba%d0%be%d0%bd%d1%82%d1%80%d0%be%d0%bb%d0%bb%d0%b5%d1%80-%d0%b8-%d0%b4%d0%b8%d1%81%d0%bf%d0%bb%d0%b5%d0%b9-kmpl-blaupunkt-hx-velt-smart\/#breadcrumb"},"inLanguage":"ru-RU","potentialAction":[{"@type":"ReadAction","target":["https:\/\/www.xn--tuksimaailm-ffb.ee\/ru\/\u043f\u0440\u043e\u0434\u0443\u043a\u0442\/%d0%ba%d0%be%d0%bd%d1%82%d1%80%d0%be%d0%bb%d0%bb%d0%b5%d1%80-%d0%b8-%d0%b4%d0%b8%d1%81%d0%bf%d0%bb%d0%b5%d0%b9-kmpl-blaupunkt-hx-velt-smart\/"]}]},{"@type":"ImageObject","inLanguage":"ru-RU","@id":"https:\/\/www.xn--tuksimaailm-ffb.ee\/ru\/\u043f\u0440\u043e\u0434\u0443\u043a\u0442\/%d0%ba%d0%be%d0%bd%d1%82%d1%80%d0%be%d0%bb%d0%bb%d0%b5%d1%80-%d0%b8-%d0%b4%d0%b8%d1%81%d0%bf%d0%bb%d0%b5%d0%b9-kmpl-blaupunkt-hx-velt-smart\/#primaryimage","url":"https:\/\/www.xn--tuksimaailm-ffb.ee\/wp-content\/uploads\/2022\/01\/HX-kmpl-2.jpg","contentUrl":"https:\/\/www.xn--tuksimaailm-ffb.ee\/wp-content\/uploads\/2022\/01\/HX-kmpl-2.jpg","width":1200,"height":1200,"caption":"kontroller ekraan display kontrollerikomplekt blaupunkt esc910 esc808 velt smart x7 x8 pro turboant hx"},{"@type":"BreadcrumbList","@id":"https:\/\/www.xn--tuksimaailm-ffb.ee\/ru\/\u043f\u0440\u043e\u0434\u0443\u043a\u0442\/%d0%ba%d0%be%d0%bd%d1%82%d1%80%d0%be%d0%bb%d0%bb%d0%b5%d1%80-%d0%b8-%d0%b4%d0%b8%d1%81%d0%bf%d0%bb%d0%b5%d0%b9-kmpl-blaupunkt-hx-velt-smart\/#breadcrumb","itemListElement":[{"@type":"ListItem","position":1,"name":"Home","item":"https:\/\/www.xn--tuksimaailm-ffb.ee\/ru\/frontpage\/"},{"@type":"ListItem","position":2,"name":"\u041c\u0410\u0413\u0410\u0417\u0418\u041d","item":"https:\/\/www.xn--tuksimaailm-ffb.ee\/elektritoukerataste-pood\/"},{"@type":"ListItem","position":3,"name":"\u041a\u043e\u043d\u0442\u0440\u043e\u043b\u043b\u0435\u0440 \u0438 \u0434\u0438\u0441\u043f\u043b\u0435\u0439 kmpl Blaupunkt HX Velt Smart"}]},{"@type":"WebSite","@id":"https:\/\/www.xn--tuksimaailm-ffb.ee\/ru\/#website","url":"https:\/\/www.xn--tuksimaailm-ffb.ee\/ru\/","name":"T\u00f5uksimaailm","description":"Elektrit\u00f5ukerataste m\u00fc\u00fck, remont ja rent","publisher":{"@id":"https:\/\/www.xn--tuksimaailm-ffb.ee\/ru\/#organization"},"potentialAction":[{"@type":"SearchAction","target":{"@type":"EntryPoint","urlTemplate":"https:\/\/www.xn--tuksimaailm-ffb.ee\/ru\/?s={search_term_string}"},"query-input":{"@type":"PropertyValueSpecification","valueRequired":true,"valueName":"search_term_string"}}],"inLanguage":"ru-RU"},{"@type":"Organization","@id":"https:\/\/www.xn--tuksimaailm-ffb.ee\/ru\/#organization","name":"T\u00f5uksimaailm","url":"https:\/\/www.xn--tuksimaailm-ffb.ee\/ru\/","logo":{"@type":"ImageObject","inLanguage":"ru-RU","@id":"https:\/\/www.xn--tuksimaailm-ffb.ee\/ru\/#\/schema\/logo\/image\/","url":"https:\/\/www.xn--tuksimaailm-ffb.ee\/wp-content\/uploads\/2020\/01\/logoz-e1579792875517.png","contentUrl":"https:\/\/www.xn--tuksimaailm-ffb.ee\/wp-content\/uploads\/2020\/01\/logoz-e1579792875517.png","width":250,"height":250,"caption":"T\u00f5uksimaailm"},"image":{"@id":"https:\/\/www.xn--tuksimaailm-ffb.ee\/ru\/#\/schema\/logo\/image\/"},"sameAs":["https:\/\/www.facebook.com\/touksimaailm\/","https:\/\/www.instagram.com\/touksimaailm_\/","https:\/\/www.youtube.com\/channel\/UC18ml0EKIDLP1xGuQjFzcXQ"]}]},"og_availability":"instock","product_availability":"instock","product_condition":"new"},"jetpack_sharing_enabled":true,"_links":{"self":[{"href":"https:\/\/www.xn--tuksimaailm-ffb.ee\/ru\/wp-json\/wp\/v2\/product\/51327","targetHints":{"allow":["GET"]}}],"collection":[{"href":"https:\/\/www.xn--tuksimaailm-ffb.ee\/ru\/wp-json\/wp\/v2\/product"}],"about":[{"href":"https:\/\/www.xn--tuksimaailm-ffb.ee\/ru\/wp-json\/wp\/v2\/types\/product"}],"wp:featuredmedia":[{"embeddable":true,"href":"https:\/\/www.xn--tuksimaailm-ffb.ee\/ru\/wp-json\/wp\/v2\/media\/20722"}],"wp:attachment":[{"href":"https:\/\/www.xn--tuksimaailm-ffb.ee\/ru\/wp-json\/wp\/v2\/media?parent=51327"}],"wp:term":[{"taxonomy":"product_brand","embeddable":true,"href":"https:\/\/www.xn--tuksimaailm-ffb.ee\/ru\/wp-json\/wp\/v2\/product_brand?post=51327"},{"taxonomy":"product_cat","embeddable":true,"href":"https:\/\/www.xn--tuksimaailm-ffb.ee\/ru\/wp-json\/wp\/v2\/product_cat?post=51327"},{"taxonomy":"product_tag","embeddable":true,"href":"https:\/\/www.xn--tuksimaailm-ffb.ee\/ru\/wp-json\/wp\/v2\/product_tag?post=51327"},{"taxonomy":"filter_elektritoukeratas","embeddable":true,"href":"https:\/\/www.xn--tuksimaailm-ffb.ee\/ru\/wp-json\/wp\/v2\/filter_elektritoukeratas?post=51327"}],"curies":[{"name":"wp","href":"https:\/\/api.w.org\/{rel}","templated":true}]}}