{"id":51349,"date":"2022-01-19T17:03:58","date_gmt":"2022-01-19T15:03:58","guid":{"rendered":"http:\/\/www.xn--tuksimaailm-ffb.ee\/shop\/%d0%ba%d1%80%d1%8e%d1%87%d0%be%d0%ba-%d0%b4%d0%bb%d1%8f-%d1%80%d0%b0%d0%b7%d1%80%d1%8b%d0%b2%d0%bd%d0%be%d0%b3%d0%be-%d0%bc%d0%b5%d1%85%d0%b0%d0%bd%d0%b8%d0%b7%d0%bc%d0%b0-blaupunkt-esc608\/"},"modified":"2022-01-19T17:03:58","modified_gmt":"2022-01-19T14:03:58","slug":"%d0%ba%d1%80%d1%8e%d1%87%d0%be%d0%ba-%d0%b4%d0%bb%d1%8f-%d1%80%d0%b0%d0%b7%d1%80%d1%8b%d0%b2%d0%bd%d0%be%d0%b3%d0%be-%d0%bc%d0%b5%d1%85%d0%b0%d0%bd%d0%b8%d0%b7%d0%bc%d0%b0-blaupunkt-esc608","status":"publish","type":"product","link":"https:\/\/www.xn--tuksimaailm-ffb.ee\/ru\/\u043f\u0440\u043e\u0434\u0443\u043a\u0442\/%d0%ba%d1%80%d1%8e%d1%87%d0%be%d0%ba-%d0%b4%d0%bb%d1%8f-%d1%80%d0%b0%d0%b7%d1%80%d1%8b%d0%b2%d0%bd%d0%be%d0%b3%d0%be-%d0%bc%d0%b5%d1%85%d0%b0%d0%bd%d0%b8%d0%b7%d0%bc%d0%b0-blaupunkt-esc608\/","title":{"rendered":"\u041a\u0440\u044e\u0447\u043e\u043a \u0434\u043b\u044f \u0440\u0430\u0437\u0440\u044b\u0432\u043d\u043e\u0433\u043e \u043c\u0435\u0445\u0430\u043d\u0438\u0437\u043c\u0430 Blaupunkt ESC608"},"content":{"rendered":"<p>\u041a\u0440\u044e\u043a \u0441 \u0440\u0430\u0437\u0440\u044b\u0432\u043d\u044b\u043c \u043c\u0435\u0445\u0430\u043d\u0438\u0437\u043c\u043e\u043c, \u043f\u043e\u0434\u0445\u043e\u0434\u0438\u0442 \u0434\u043b\u044f \u044d\u043b\u0435\u043a\u0442\u0440\u043e\u0441\u043a\u0443\u0442\u0435\u0440\u0430 Blaupunkt ESC608.<\/p>\n","protected":false},"excerpt":{"rendered":"<p>\u041a\u0440\u044e\u043a \u0441 \u0440\u0430\u0437\u0440\u044b\u0432\u043d\u044b\u043c \u043c\u0435\u0445\u0430\u043d\u0438\u0437\u043c\u043e\u043c, \u043f\u043e\u0434\u0445\u043e\u0434\u0438\u0442 \u0434\u043b\u044f \u044d\u043b\u0435\u043a\u0442\u0440\u043e\u0441\u043a\u0443\u0442\u0435\u0440\u0430 Blaupunkt ESC608.<\/p>\n","protected":false},"featured_media":0,"template":"","meta":[],"product_brand":[],"product_cat":[757],"product_tag":[],"filter_elektritoukeratas":[2688],"class_list":{"0":"post-51349","1":"product","2":"type-product","3":"status-publish","5":"product_cat-757","6":"filter_elektritoukeratas-ft_blaupunkt_esc608","8":"first","9":"outofstock","10":"taxable","11":"shipping-taxable","12":"purchasable","13":"product-type-simple"},"yoast_head":"<!-- This site is optimized with the Yoast SEO Premium plugin v26.8 (Yoast SEO v27.5) - https:\/\/yoast.com\/product\/yoast-seo-premium-wordpress\/ -->\n<title>\u041a\u0440\u044e\u0447\u043e\u043a \u0434\u043b\u044f \u0440\u0430\u0437\u0440\u044b\u0432\u043d\u043e\u0433\u043e \u043c\u0435\u0445\u0430\u043d\u0438\u0437\u043c\u0430 Blaupunkt ESC608 &#8212; T\u00f5uksimaailm<\/title>\n<meta name=\"robots\" content=\"index, follow, max-snippet:-1, max-image-preview:large, max-video-preview:-1\" \/>\n<link rel=\"canonical\" href=\"https:\/\/www.xn--tuksimaailm-ffb.ee\/ru\/\u043f\u0440\u043e\u0434\u0443\u043a\u0442\/%d0%ba%d1%80%d1%8e%d1%87%d0%be%d0%ba-%d0%b4%d0%bb%d1%8f-%d1%80%d0%b0%d0%b7%d1%80%d1%8b%d0%b2%d0%bd%d0%be%d0%b3%d0%be-%d0%bc%d0%b5%d1%85%d0%b0%d0%bd%d0%b8%d0%b7%d0%bc%d0%b0-blaupunkt-esc608\/\" \/>\n<meta property=\"og:locale\" content=\"ru_RU\" \/>\n<meta property=\"og:type\" content=\"article\" \/>\n<meta property=\"og:title\" content=\"\u041a\u0440\u044e\u0447\u043e\u043a \u0434\u043b\u044f \u0440\u0430\u0437\u0440\u044b\u0432\u043d\u043e\u0433\u043e \u043c\u0435\u0445\u0430\u043d\u0438\u0437\u043c\u0430 Blaupunkt ESC608\" \/>\n<meta property=\"og:description\" content=\"\u041a\u0440\u044e\u043a \u0441 \u0440\u0430\u0437\u0440\u044b\u0432\u043d\u044b\u043c \u043c\u0435\u0445\u0430\u043d\u0438\u0437\u043c\u043e\u043c, \u043f\u043e\u0434\u0445\u043e\u0434\u0438\u0442 \u0434\u043b\u044f \u044d\u043b\u0435\u043a\u0442\u0440\u043e\u0441\u043a\u0443\u0442\u0435\u0440\u0430 Blaupunkt ESC608.\" \/>\n<meta property=\"og:url\" content=\"https:\/\/www.xn--tuksimaailm-ffb.ee\/ru\/\u043f\u0440\u043e\u0434\u0443\u043a\u0442\/%d0%ba%d1%80%d1%8e%d1%87%d0%be%d0%ba-%d0%b4%d0%bb%d1%8f-%d1%80%d0%b0%d0%b7%d1%80%d1%8b%d0%b2%d0%bd%d0%be%d0%b3%d0%be-%d0%bc%d0%b5%d1%85%d0%b0%d0%bd%d0%b8%d0%b7%d0%bc%d0%b0-blaupunkt-esc608\/\" \/>\n<meta property=\"og:site_name\" content=\"T\u00f5uksimaailm\" \/>\n<meta property=\"article:publisher\" content=\"https:\/\/www.facebook.com\/touksimaailm\/\" \/>\n<meta name=\"twitter:card\" content=\"summary_large_image\" \/>\n<meta name=\"twitter:label1\" content=\"\u0426\u0435\u043d\u0430\" \/>\n\t<meta name=\"twitter:data1\" content=\"&euro;25.00\" \/>\n\t<meta name=\"twitter:label2\" content=\"\u0414\u043e\u0441\u0442\u0443\u043f\u043d\u043e\u0441\u0442\u044c\" \/>\n\t<meta name=\"twitter:data2\" content=\"\u0420\u0430\u0441\u043f\u0440\u043e\u0434\u0430\u043d\u043e\" \/>\n<meta property=\"product:price:amount\" content=\"25.00\" \/>\n<meta property=\"product:price:currency\" content=\"EUR\" \/>\n<meta property=\"og:availability\" content=\"out of stock\" \/>\n<meta property=\"product:availability\" content=\"out of stock\" \/>\n<meta property=\"product:condition\" content=\"new\" \/>\n<!-- \/ Yoast SEO Premium plugin. -->","yoast_head_json":{"title":"\u041a\u0440\u044e\u0447\u043e\u043a \u0434\u043b\u044f \u0440\u0430\u0437\u0440\u044b\u0432\u043d\u043e\u0433\u043e \u043c\u0435\u0445\u0430\u043d\u0438\u0437\u043c\u0430 Blaupunkt ESC608 &#8212; T\u00f5uksimaailm","robots":{"index":"index","follow":"follow","max-snippet":"max-snippet:-1","max-image-preview":"max-image-preview:large","max-video-preview":"max-video-preview:-1"},"canonical":"https:\/\/www.xn--tuksimaailm-ffb.ee\/ru\/\u043f\u0440\u043e\u0434\u0443\u043a\u0442\/%d0%ba%d1%80%d1%8e%d1%87%d0%be%d0%ba-%d0%b4%d0%bb%d1%8f-%d1%80%d0%b0%d0%b7%d1%80%d1%8b%d0%b2%d0%bd%d0%be%d0%b3%d0%be-%d0%bc%d0%b5%d1%85%d0%b0%d0%bd%d0%b8%d0%b7%d0%bc%d0%b0-blaupunkt-esc608\/","og_locale":"ru_RU","og_type":"article","og_title":"\u041a\u0440\u044e\u0447\u043e\u043a \u0434\u043b\u044f \u0440\u0430\u0437\u0440\u044b\u0432\u043d\u043e\u0433\u043e \u043c\u0435\u0445\u0430\u043d\u0438\u0437\u043c\u0430 Blaupunkt ESC608","og_description":"\u041a\u0440\u044e\u043a \u0441 \u0440\u0430\u0437\u0440\u044b\u0432\u043d\u044b\u043c \u043c\u0435\u0445\u0430\u043d\u0438\u0437\u043c\u043e\u043c, \u043f\u043e\u0434\u0445\u043e\u0434\u0438\u0442 \u0434\u043b\u044f \u044d\u043b\u0435\u043a\u0442\u0440\u043e\u0441\u043a\u0443\u0442\u0435\u0440\u0430 Blaupunkt ESC608.","og_url":"https:\/\/www.xn--tuksimaailm-ffb.ee\/ru\/\u043f\u0440\u043e\u0434\u0443\u043a\u0442\/%d0%ba%d1%80%d1%8e%d1%87%d0%be%d0%ba-%d0%b4%d0%bb%d1%8f-%d1%80%d0%b0%d0%b7%d1%80%d1%8b%d0%b2%d0%bd%d0%be%d0%b3%d0%be-%d0%bc%d0%b5%d1%85%d0%b0%d0%bd%d0%b8%d0%b7%d0%bc%d0%b0-blaupunkt-esc608\/","og_site_name":"T\u00f5uksimaailm","article_publisher":"https:\/\/www.facebook.com\/touksimaailm\/","twitter_card":"summary_large_image","twitter_misc":{"\u0426\u0435\u043d\u0430":"&euro;25.00","\u0414\u043e\u0441\u0442\u0443\u043f\u043d\u043e\u0441\u0442\u044c":"\u0420\u0430\u0441\u043f\u0440\u043e\u0434\u0430\u043d\u043e"},"schema":{"@context":"https:\/\/schema.org","@graph":[{"@type":"WebPage","@id":"https:\/\/www.xn--tuksimaailm-ffb.ee\/ru\/\u043f\u0440\u043e\u0434\u0443\u043a\u0442\/%d0%ba%d1%80%d1%8e%d1%87%d0%be%d0%ba-%d0%b4%d0%bb%d1%8f-%d1%80%d0%b0%d0%b7%d1%80%d1%8b%d0%b2%d0%bd%d0%be%d0%b3%d0%be-%d0%bc%d0%b5%d1%85%d0%b0%d0%bd%d0%b8%d0%b7%d0%bc%d0%b0-blaupunkt-esc608\/","url":"https:\/\/www.xn--tuksimaailm-ffb.ee\/ru\/\u043f\u0440\u043e\u0434\u0443\u043a\u0442\/%d0%ba%d1%80%d1%8e%d1%87%d0%be%d0%ba-%d0%b4%d0%bb%d1%8f-%d1%80%d0%b0%d0%b7%d1%80%d1%8b%d0%b2%d0%bd%d0%be%d0%b3%d0%be-%d0%bc%d0%b5%d1%85%d0%b0%d0%bd%d0%b8%d0%b7%d0%bc%d0%b0-blaupunkt-esc608\/","name":"\u041a\u0440\u044e\u0447\u043e\u043a \u0434\u043b\u044f \u0440\u0430\u0437\u0440\u044b\u0432\u043d\u043e\u0433\u043e \u043c\u0435\u0445\u0430\u043d\u0438\u0437\u043c\u0430 Blaupunkt ESC608 &#8212; T\u00f5uksimaailm","isPartOf":{"@id":"https:\/\/www.xn--tuksimaailm-ffb.ee\/ru\/#website"},"datePublished":"2022-01-19T15:03:58+00:00","breadcrumb":{"@id":"https:\/\/www.xn--tuksimaailm-ffb.ee\/ru\/\u043f\u0440\u043e\u0434\u0443\u043a\u0442\/%d0%ba%d1%80%d1%8e%d1%87%d0%be%d0%ba-%d0%b4%d0%bb%d1%8f-%d1%80%d0%b0%d0%b7%d1%80%d1%8b%d0%b2%d0%bd%d0%be%d0%b3%d0%be-%d0%bc%d0%b5%d1%85%d0%b0%d0%bd%d0%b8%d0%b7%d0%bc%d0%b0-blaupunkt-esc608\/#breadcrumb"},"inLanguage":"ru-RU","potentialAction":[{"@type":"ReadAction","target":["https:\/\/www.xn--tuksimaailm-ffb.ee\/ru\/\u043f\u0440\u043e\u0434\u0443\u043a\u0442\/%d0%ba%d1%80%d1%8e%d1%87%d0%be%d0%ba-%d0%b4%d0%bb%d1%8f-%d1%80%d0%b0%d0%b7%d1%80%d1%8b%d0%b2%d0%bd%d0%be%d0%b3%d0%be-%d0%bc%d0%b5%d1%85%d0%b0%d0%bd%d0%b8%d0%b7%d0%bc%d0%b0-blaupunkt-esc608\/"]}]},{"@type":"BreadcrumbList","@id":"https:\/\/www.xn--tuksimaailm-ffb.ee\/ru\/\u043f\u0440\u043e\u0434\u0443\u043a\u0442\/%d0%ba%d1%80%d1%8e%d1%87%d0%be%d0%ba-%d0%b4%d0%bb%d1%8f-%d1%80%d0%b0%d0%b7%d1%80%d1%8b%d0%b2%d0%bd%d0%be%d0%b3%d0%be-%d0%bc%d0%b5%d1%85%d0%b0%d0%bd%d0%b8%d0%b7%d0%bc%d0%b0-blaupunkt-esc608\/#breadcrumb","itemListElement":[{"@type":"ListItem","position":1,"name":"Home","item":"https:\/\/www.xn--tuksimaailm-ffb.ee\/ru\/frontpage\/"},{"@type":"ListItem","position":2,"name":"\u041c\u0410\u0413\u0410\u0417\u0418\u041d","item":"https:\/\/www.xn--tuksimaailm-ffb.ee\/elektritoukerataste-pood\/"},{"@type":"ListItem","position":3,"name":"\u041a\u0440\u044e\u0447\u043e\u043a \u0434\u043b\u044f \u0440\u0430\u0437\u0440\u044b\u0432\u043d\u043e\u0433\u043e \u043c\u0435\u0445\u0430\u043d\u0438\u0437\u043c\u0430 Blaupunkt ESC608"}]},{"@type":"WebSite","@id":"https:\/\/www.xn--tuksimaailm-ffb.ee\/ru\/#website","url":"https:\/\/www.xn--tuksimaailm-ffb.ee\/ru\/","name":"T\u00f5uksimaailm","description":"Elektrit\u00f5ukerataste m\u00fc\u00fck, remont ja rent","publisher":{"@id":"https:\/\/www.xn--tuksimaailm-ffb.ee\/ru\/#organization"},"potentialAction":[{"@type":"SearchAction","target":{"@type":"EntryPoint","urlTemplate":"https:\/\/www.xn--tuksimaailm-ffb.ee\/ru\/?s={search_term_string}"},"query-input":{"@type":"PropertyValueSpecification","valueRequired":true,"valueName":"search_term_string"}}],"inLanguage":"ru-RU"},{"@type":"Organization","@id":"https:\/\/www.xn--tuksimaailm-ffb.ee\/ru\/#organization","name":"T\u00f5uksimaailm","url":"https:\/\/www.xn--tuksimaailm-ffb.ee\/ru\/","logo":{"@type":"ImageObject","inLanguage":"ru-RU","@id":"https:\/\/www.xn--tuksimaailm-ffb.ee\/ru\/#\/schema\/logo\/image\/","url":"https:\/\/www.xn--tuksimaailm-ffb.ee\/wp-content\/uploads\/2020\/01\/logoz-e1579792875517.png","contentUrl":"https:\/\/www.xn--tuksimaailm-ffb.ee\/wp-content\/uploads\/2020\/01\/logoz-e1579792875517.png","width":250,"height":250,"caption":"T\u00f5uksimaailm"},"image":{"@id":"https:\/\/www.xn--tuksimaailm-ffb.ee\/ru\/#\/schema\/logo\/image\/"},"sameAs":["https:\/\/www.facebook.com\/touksimaailm\/","https:\/\/www.instagram.com\/touksimaailm_\/","https:\/\/www.youtube.com\/channel\/UC18ml0EKIDLP1xGuQjFzcXQ"]}]},"product_price_amount":"25.00","product_price_currency":"EUR","og_availability":"out of stock","product_availability":"out of stock","product_condition":"new"},"jetpack_sharing_enabled":true,"_links":{"self":[{"href":"https:\/\/www.xn--tuksimaailm-ffb.ee\/ru\/wp-json\/wp\/v2\/product\/51349","targetHints":{"allow":["GET"]}}],"collection":[{"href":"https:\/\/www.xn--tuksimaailm-ffb.ee\/ru\/wp-json\/wp\/v2\/product"}],"about":[{"href":"https:\/\/www.xn--tuksimaailm-ffb.ee\/ru\/wp-json\/wp\/v2\/types\/product"}],"wp:attachment":[{"href":"https:\/\/www.xn--tuksimaailm-ffb.ee\/ru\/wp-json\/wp\/v2\/media?parent=51349"}],"wp:term":[{"taxonomy":"product_brand","embeddable":true,"href":"https:\/\/www.xn--tuksimaailm-ffb.ee\/ru\/wp-json\/wp\/v2\/product_brand?post=51349"},{"taxonomy":"product_cat","embeddable":true,"href":"https:\/\/www.xn--tuksimaailm-ffb.ee\/ru\/wp-json\/wp\/v2\/product_cat?post=51349"},{"taxonomy":"product_tag","embeddable":true,"href":"https:\/\/www.xn--tuksimaailm-ffb.ee\/ru\/wp-json\/wp\/v2\/product_tag?post=51349"},{"taxonomy":"filter_elektritoukeratas","embeddable":true,"href":"https:\/\/www.xn--tuksimaailm-ffb.ee\/ru\/wp-json\/wp\/v2\/filter_elektritoukeratas?post=51349"}],"curies":[{"name":"wp","href":"https:\/\/api.w.org\/{rel}","templated":true}]}}