{"id":51428,"date":"2022-01-16T14:18:21","date_gmt":"2022-01-16T14:18:21","guid":{"rendered":"http:\/\/www.xn--tuksimaailm-ffb.ee\/shop\/%d0%b2%d0%b5%d1%80%d1%85%d0%bd%d1%8f%d1%8f-%d1%87%d0%b0%d1%81%d1%82%d1%8c-%d0%bd%d0%be%d1%81%d0%be%d0%b2%d0%be%d0%b9-%d1%87%d0%b0%d1%81%d1%82%d0%b8-%d1%81%d0%be%d0%b5%d0%b4%d0%b8%d0%bd%d0%b5%d0%bd\/"},"modified":"2022-01-16T14:18:21","modified_gmt":"2022-01-16T11:18:21","slug":"%d0%b2%d0%b5%d1%80%d1%85%d0%bd%d1%8f%d1%8f-%d1%87%d0%b0%d1%81%d1%82%d1%8c-%d0%bd%d0%be%d1%81%d0%be%d0%b2%d0%be%d0%b9-%d1%87%d0%b0%d1%81%d1%82%d0%b8-%d1%81%d0%be%d0%b5%d0%b4%d0%b8%d0%bd%d0%b5%d0%bd","status":"publish","type":"product","link":"https:\/\/www.xn--tuksimaailm-ffb.ee\/ru\/\u043f\u0440\u043e\u0434\u0443\u043a\u0442\/%d0%b2%d0%b5%d1%80%d1%85%d0%bd%d1%8f%d1%8f-%d1%87%d0%b0%d1%81%d1%82%d1%8c-%d0%bd%d0%be%d1%81%d0%be%d0%b2%d0%be%d0%b9-%d1%87%d0%b0%d1%81%d1%82%d0%b8-%d1%81%d0%be%d0%b5%d0%b4%d0%b8%d0%bd%d0%b5%d0%bd\/","title":{"rendered":"\u0412\u0435\u0440\u0445\u043d\u044f\u044f \u0447\u0430\u0441\u0442\u044c \u043d\u043e\u0441\u043e\u0432\u043e\u0439 \u0447\u0430\u0441\u0442\u0438\/\u0441\u043e\u0435\u0434\u0438\u043d\u0435\u043d\u0438\u0435 \u0441\u043e \u0441\u0442\u0440\u0435\u043b\u043e\u0439 Kugoo M4"},"content":{"rendered":"<p>\u0412\u0435\u0440\u0445\u043d\u044f\u044f \u0447\u0430\u0441\u0442\u044c \u043f\u0435\u0440\u0435\u0434\u043d\u0435\u0439 \u0447\u0430\u0441\u0442\u0438\/\u0441\u043e\u0435\u0434\u0438\u043d\u0435\u043d\u0438\u0435 \u0441\u043e \u0441\u0442\u0440\u0435\u043b\u043e\u0439, \u043f\u043e\u0434\u0445\u043e\u0434\u0438\u0442 \u0434\u043b\u044f \u044d\u043b\u0435\u043a\u0442\u0440\u043e\u0441\u0430\u043c\u043e\u043a\u0430\u0442\u0430 Kugoo M4<\/p>\n","protected":false},"excerpt":{"rendered":"<p>\u0412\u0435\u0440\u0445\u043d\u044f\u044f \u0447\u0430\u0441\u0442\u044c \u043f\u0435\u0440\u0435\u0434\u043d\u0435\u0439 \u0447\u0430\u0441\u0442\u0438\/\u0441\u043e\u0435\u0434\u0438\u043d\u0435\u043d\u0438\u0435 \u0441\u043e \u0441\u0442\u0440\u0435\u043b\u043e\u0439, \u043f\u043e\u0434\u0445\u043e\u0434\u0438\u0442 \u0434\u043b\u044f \u044d\u043b\u0435\u043a\u0442\u0440\u043e\u0441\u0430\u043c\u043e\u043a\u0430\u0442\u0430 Kugoo M4<\/p>\n","protected":false},"featured_media":77249,"template":"","meta":[],"product_brand":[],"product_cat":[757],"product_tag":[],"filter_elektritoukeratas":[2668],"class_list":{"0":"post-51428","1":"product","2":"type-product","3":"status-publish","4":"has-post-thumbnail","6":"product_cat-757","7":"filter_elektritoukeratas-ft_kugoo_m4_m4_pro","9":"first","10":"instock","11":"taxable","12":"shipping-taxable","13":"purchasable","14":"product-type-simple"},"yoast_head":"<!-- This site is optimized with the Yoast SEO Premium plugin v26.8 (Yoast SEO v27.5) - https:\/\/yoast.com\/product\/yoast-seo-premium-wordpress\/ -->\n<title>\u0412\u0435\u0440\u0445\u043d\u044f\u044f \u0447\u0430\u0441\u0442\u044c \u043d\u043e\u0441\u043e\u0432\u043e\u0439 \u0447\u0430\u0441\u0442\u0438\/\u0441\u043e\u0435\u0434\u0438\u043d\u0435\u043d\u0438\u0435 \u0441\u043e \u0441\u0442\u0440\u0435\u043b\u043e\u0439 Kugoo M4 &#8212; T\u00f5uksimaailm<\/title>\n<meta name=\"robots\" content=\"index, follow, max-snippet:-1, max-image-preview:large, max-video-preview:-1\" \/>\n<link rel=\"canonical\" href=\"https:\/\/www.xn--tuksimaailm-ffb.ee\/ru\/\u043f\u0440\u043e\u0434\u0443\u043a\u0442\/%d0%b2%d0%b5%d1%80%d1%85%d0%bd%d1%8f%d1%8f-%d1%87%d0%b0%d1%81%d1%82%d1%8c-%d0%bd%d0%be%d1%81%d0%be%d0%b2%d0%be%d0%b9-%d1%87%d0%b0%d1%81%d1%82%d0%b8-%d1%81%d0%be%d0%b5%d0%b4%d0%b8%d0%bd%d0%b5%d0%bd\/\" \/>\n<meta property=\"og:locale\" content=\"ru_RU\" \/>\n<meta property=\"og:type\" content=\"article\" \/>\n<meta property=\"og:title\" content=\"\u0412\u0435\u0440\u0445\u043d\u044f\u044f \u0447\u0430\u0441\u0442\u044c \u043d\u043e\u0441\u043e\u0432\u043e\u0439 \u0447\u0430\u0441\u0442\u0438\/\u0441\u043e\u0435\u0434\u0438\u043d\u0435\u043d\u0438\u0435 \u0441\u043e \u0441\u0442\u0440\u0435\u043b\u043e\u0439 Kugoo M4\" \/>\n<meta property=\"og:description\" content=\"\u0412\u0435\u0440\u0445\u043d\u044f\u044f \u0447\u0430\u0441\u0442\u044c \u043f\u0435\u0440\u0435\u0434\u043d\u0435\u0439 \u0447\u0430\u0441\u0442\u0438\/\u0441\u043e\u0435\u0434\u0438\u043d\u0435\u043d\u0438\u0435 \u0441\u043e \u0441\u0442\u0440\u0435\u043b\u043e\u0439, \u043f\u043e\u0434\u0445\u043e\u0434\u0438\u0442 \u0434\u043b\u044f \u044d\u043b\u0435\u043a\u0442\u0440\u043e\u0441\u0430\u043c\u043e\u043a\u0430\u0442\u0430 Kugoo M4\" \/>\n<meta property=\"og:url\" content=\"https:\/\/www.xn--tuksimaailm-ffb.ee\/ru\/\u043f\u0440\u043e\u0434\u0443\u043a\u0442\/%d0%b2%d0%b5%d1%80%d1%85%d0%bd%d1%8f%d1%8f-%d1%87%d0%b0%d1%81%d1%82%d1%8c-%d0%bd%d0%be%d1%81%d0%be%d0%b2%d0%be%d0%b9-%d1%87%d0%b0%d1%81%d1%82%d0%b8-%d1%81%d0%be%d0%b5%d0%b4%d0%b8%d0%bd%d0%b5%d0%bd\/\" \/>\n<meta property=\"og:site_name\" content=\"T\u00f5uksimaailm\" \/>\n<meta property=\"article:publisher\" content=\"https:\/\/www.facebook.com\/touksimaailm\/\" \/>\n<meta property=\"og:image\" content=\"https:\/\/www.xn--tuksimaailm-ffb.ee\/wp-content\/uploads\/2022\/01\/453.jpg\" \/>\n\t<meta property=\"og:image:width\" content=\"306\" \/>\n\t<meta property=\"og:image:height\" content=\"178\" \/>\n\t<meta property=\"og:image:type\" content=\"image\/jpeg\" \/>\n<meta name=\"twitter:card\" content=\"summary_large_image\" \/>\n<meta name=\"twitter:label1\" content=\"\u0426\u0435\u043d\u0430\" \/>\n\t<meta name=\"twitter:data1\" content=\"&euro;19.50\" \/>\n\t<meta name=\"twitter:label2\" content=\"\u0414\u043e\u0441\u0442\u0443\u043f\u043d\u043e\u0441\u0442\u044c\" \/>\n\t<meta name=\"twitter:data2\" content=\"\u0412 \u043d\u0430\u043b\u0438\u0447\u0438\u0438\" \/>\n<meta property=\"product:price:amount\" content=\"19.50\" \/>\n<meta property=\"product:price:currency\" content=\"EUR\" \/>\n<meta property=\"og:availability\" content=\"instock\" \/>\n<meta property=\"product:availability\" content=\"instock\" \/>\n<meta property=\"product:condition\" content=\"new\" \/>\n<!-- \/ Yoast SEO Premium plugin. -->","yoast_head_json":{"title":"\u0412\u0435\u0440\u0445\u043d\u044f\u044f \u0447\u0430\u0441\u0442\u044c \u043d\u043e\u0441\u043e\u0432\u043e\u0439 \u0447\u0430\u0441\u0442\u0438\/\u0441\u043e\u0435\u0434\u0438\u043d\u0435\u043d\u0438\u0435 \u0441\u043e \u0441\u0442\u0440\u0435\u043b\u043e\u0439 Kugoo M4 &#8212; T\u00f5uksimaailm","robots":{"index":"index","follow":"follow","max-snippet":"max-snippet:-1","max-image-preview":"max-image-preview:large","max-video-preview":"max-video-preview:-1"},"canonical":"https:\/\/www.xn--tuksimaailm-ffb.ee\/ru\/\u043f\u0440\u043e\u0434\u0443\u043a\u0442\/%d0%b2%d0%b5%d1%80%d1%85%d0%bd%d1%8f%d1%8f-%d1%87%d0%b0%d1%81%d1%82%d1%8c-%d0%bd%d0%be%d1%81%d0%be%d0%b2%d0%be%d0%b9-%d1%87%d0%b0%d1%81%d1%82%d0%b8-%d1%81%d0%be%d0%b5%d0%b4%d0%b8%d0%bd%d0%b5%d0%bd\/","og_locale":"ru_RU","og_type":"article","og_title":"\u0412\u0435\u0440\u0445\u043d\u044f\u044f \u0447\u0430\u0441\u0442\u044c \u043d\u043e\u0441\u043e\u0432\u043e\u0439 \u0447\u0430\u0441\u0442\u0438\/\u0441\u043e\u0435\u0434\u0438\u043d\u0435\u043d\u0438\u0435 \u0441\u043e \u0441\u0442\u0440\u0435\u043b\u043e\u0439 Kugoo M4","og_description":"\u0412\u0435\u0440\u0445\u043d\u044f\u044f \u0447\u0430\u0441\u0442\u044c \u043f\u0435\u0440\u0435\u0434\u043d\u0435\u0439 \u0447\u0430\u0441\u0442\u0438\/\u0441\u043e\u0435\u0434\u0438\u043d\u0435\u043d\u0438\u0435 \u0441\u043e \u0441\u0442\u0440\u0435\u043b\u043e\u0439, \u043f\u043e\u0434\u0445\u043e\u0434\u0438\u0442 \u0434\u043b\u044f \u044d\u043b\u0435\u043a\u0442\u0440\u043e\u0441\u0430\u043c\u043e\u043a\u0430\u0442\u0430 Kugoo M4","og_url":"https:\/\/www.xn--tuksimaailm-ffb.ee\/ru\/\u043f\u0440\u043e\u0434\u0443\u043a\u0442\/%d0%b2%d0%b5%d1%80%d1%85%d0%bd%d1%8f%d1%8f-%d1%87%d0%b0%d1%81%d1%82%d1%8c-%d0%bd%d0%be%d1%81%d0%be%d0%b2%d0%be%d0%b9-%d1%87%d0%b0%d1%81%d1%82%d0%b8-%d1%81%d0%be%d0%b5%d0%b4%d0%b8%d0%bd%d0%b5%d0%bd\/","og_site_name":"T\u00f5uksimaailm","article_publisher":"https:\/\/www.facebook.com\/touksimaailm\/","og_image":[{"width":306,"height":178,"url":"https:\/\/www.xn--tuksimaailm-ffb.ee\/wp-content\/uploads\/2022\/01\/453.jpg","type":"image\/jpeg"}],"twitter_card":"summary_large_image","twitter_misc":{"\u0426\u0435\u043d\u0430":"&euro;19.50","\u0414\u043e\u0441\u0442\u0443\u043f\u043d\u043e\u0441\u0442\u044c":"\u0412 \u043d\u0430\u043b\u0438\u0447\u0438\u0438"},"schema":{"@context":"https:\/\/schema.org","@graph":[{"@type":"WebPage","@id":"https:\/\/www.xn--tuksimaailm-ffb.ee\/ru\/\u043f\u0440\u043e\u0434\u0443\u043a\u0442\/%d0%b2%d0%b5%d1%80%d1%85%d0%bd%d1%8f%d1%8f-%d1%87%d0%b0%d1%81%d1%82%d1%8c-%d0%bd%d0%be%d1%81%d0%be%d0%b2%d0%be%d0%b9-%d1%87%d0%b0%d1%81%d1%82%d0%b8-%d1%81%d0%be%d0%b5%d0%b4%d0%b8%d0%bd%d0%b5%d0%bd\/","url":"https:\/\/www.xn--tuksimaailm-ffb.ee\/ru\/\u043f\u0440\u043e\u0434\u0443\u043a\u0442\/%d0%b2%d0%b5%d1%80%d1%85%d0%bd%d1%8f%d1%8f-%d1%87%d0%b0%d1%81%d1%82%d1%8c-%d0%bd%d0%be%d1%81%d0%be%d0%b2%d0%be%d0%b9-%d1%87%d0%b0%d1%81%d1%82%d0%b8-%d1%81%d0%be%d0%b5%d0%b4%d0%b8%d0%bd%d0%b5%d0%bd\/","name":"\u0412\u0435\u0440\u0445\u043d\u044f\u044f \u0447\u0430\u0441\u0442\u044c \u043d\u043e\u0441\u043e\u0432\u043e\u0439 \u0447\u0430\u0441\u0442\u0438\/\u0441\u043e\u0435\u0434\u0438\u043d\u0435\u043d\u0438\u0435 \u0441\u043e \u0441\u0442\u0440\u0435\u043b\u043e\u0439 Kugoo M4 &#8212; T\u00f5uksimaailm","isPartOf":{"@id":"https:\/\/www.xn--tuksimaailm-ffb.ee\/ru\/#website"},"primaryImageOfPage":{"@id":"https:\/\/www.xn--tuksimaailm-ffb.ee\/ru\/\u043f\u0440\u043e\u0434\u0443\u043a\u0442\/%d0%b2%d0%b5%d1%80%d1%85%d0%bd%d1%8f%d1%8f-%d1%87%d0%b0%d1%81%d1%82%d1%8c-%d0%bd%d0%be%d1%81%d0%be%d0%b2%d0%be%d0%b9-%d1%87%d0%b0%d1%81%d1%82%d0%b8-%d1%81%d0%be%d0%b5%d0%b4%d0%b8%d0%bd%d0%b5%d0%bd\/#primaryimage"},"image":{"@id":"https:\/\/www.xn--tuksimaailm-ffb.ee\/ru\/\u043f\u0440\u043e\u0434\u0443\u043a\u0442\/%d0%b2%d0%b5%d1%80%d1%85%d0%bd%d1%8f%d1%8f-%d1%87%d0%b0%d1%81%d1%82%d1%8c-%d0%bd%d0%be%d1%81%d0%be%d0%b2%d0%be%d0%b9-%d1%87%d0%b0%d1%81%d1%82%d0%b8-%d1%81%d0%be%d0%b5%d0%b4%d0%b8%d0%bd%d0%b5%d0%bd\/#primaryimage"},"thumbnailUrl":"https:\/\/www.xn--tuksimaailm-ffb.ee\/wp-content\/uploads\/2022\/01\/Screenshot-2026-02-04-193342.webp","datePublished":"2022-01-16T14:18:21+00:00","breadcrumb":{"@id":"https:\/\/www.xn--tuksimaailm-ffb.ee\/ru\/\u043f\u0440\u043e\u0434\u0443\u043a\u0442\/%d0%b2%d0%b5%d1%80%d1%85%d0%bd%d1%8f%d1%8f-%d1%87%d0%b0%d1%81%d1%82%d1%8c-%d0%bd%d0%be%d1%81%d0%be%d0%b2%d0%be%d0%b9-%d1%87%d0%b0%d1%81%d1%82%d0%b8-%d1%81%d0%be%d0%b5%d0%b4%d0%b8%d0%bd%d0%b5%d0%bd\/#breadcrumb"},"inLanguage":"ru-RU","potentialAction":[{"@type":"ReadAction","target":["https:\/\/www.xn--tuksimaailm-ffb.ee\/ru\/\u043f\u0440\u043e\u0434\u0443\u043a\u0442\/%d0%b2%d0%b5%d1%80%d1%85%d0%bd%d1%8f%d1%8f-%d1%87%d0%b0%d1%81%d1%82%d1%8c-%d0%bd%d0%be%d1%81%d0%be%d0%b2%d0%be%d0%b9-%d1%87%d0%b0%d1%81%d1%82%d0%b8-%d1%81%d0%be%d0%b5%d0%b4%d0%b8%d0%bd%d0%b5%d0%bd\/"]}]},{"@type":"ImageObject","inLanguage":"ru-RU","@id":"https:\/\/www.xn--tuksimaailm-ffb.ee\/ru\/\u043f\u0440\u043e\u0434\u0443\u043a\u0442\/%d0%b2%d0%b5%d1%80%d1%85%d0%bd%d1%8f%d1%8f-%d1%87%d0%b0%d1%81%d1%82%d1%8c-%d0%bd%d0%be%d1%81%d0%be%d0%b2%d0%be%d0%b9-%d1%87%d0%b0%d1%81%d1%82%d0%b8-%d1%81%d0%be%d0%b5%d0%b4%d0%b8%d0%bd%d0%b5%d0%bd\/#primaryimage","url":"https:\/\/www.xn--tuksimaailm-ffb.ee\/wp-content\/uploads\/2022\/01\/Screenshot-2026-02-04-193342.webp","contentUrl":"https:\/\/www.xn--tuksimaailm-ffb.ee\/wp-content\/uploads\/2022\/01\/Screenshot-2026-02-04-193342.webp","width":1303,"height":985,"caption":"Esiamordi pealmine osa \/ \u00fchendus poomiga Kugoo M4"},{"@type":"BreadcrumbList","@id":"https:\/\/www.xn--tuksimaailm-ffb.ee\/ru\/\u043f\u0440\u043e\u0434\u0443\u043a\u0442\/%d0%b2%d0%b5%d1%80%d1%85%d0%bd%d1%8f%d1%8f-%d1%87%d0%b0%d1%81%d1%82%d1%8c-%d0%bd%d0%be%d1%81%d0%be%d0%b2%d0%be%d0%b9-%d1%87%d0%b0%d1%81%d1%82%d0%b8-%d1%81%d0%be%d0%b5%d0%b4%d0%b8%d0%bd%d0%b5%d0%bd\/#breadcrumb","itemListElement":[{"@type":"ListItem","position":1,"name":"Home","item":"https:\/\/www.xn--tuksimaailm-ffb.ee\/ru\/frontpage\/"},{"@type":"ListItem","position":2,"name":"\u041c\u0410\u0413\u0410\u0417\u0418\u041d","item":"https:\/\/www.xn--tuksimaailm-ffb.ee\/elektritoukerataste-pood\/"},{"@type":"ListItem","position":3,"name":"\u0412\u0435\u0440\u0445\u043d\u044f\u044f \u0447\u0430\u0441\u0442\u044c \u043d\u043e\u0441\u043e\u0432\u043e\u0439 \u0447\u0430\u0441\u0442\u0438\/\u0441\u043e\u0435\u0434\u0438\u043d\u0435\u043d\u0438\u0435 \u0441\u043e \u0441\u0442\u0440\u0435\u043b\u043e\u0439 Kugoo M4"}]},{"@type":"WebSite","@id":"https:\/\/www.xn--tuksimaailm-ffb.ee\/ru\/#website","url":"https:\/\/www.xn--tuksimaailm-ffb.ee\/ru\/","name":"T\u00f5uksimaailm","description":"Elektrit\u00f5ukerataste m\u00fc\u00fck, remont ja rent","publisher":{"@id":"https:\/\/www.xn--tuksimaailm-ffb.ee\/ru\/#organization"},"potentialAction":[{"@type":"SearchAction","target":{"@type":"EntryPoint","urlTemplate":"https:\/\/www.xn--tuksimaailm-ffb.ee\/ru\/?s={search_term_string}"},"query-input":{"@type":"PropertyValueSpecification","valueRequired":true,"valueName":"search_term_string"}}],"inLanguage":"ru-RU"},{"@type":"Organization","@id":"https:\/\/www.xn--tuksimaailm-ffb.ee\/ru\/#organization","name":"T\u00f5uksimaailm","url":"https:\/\/www.xn--tuksimaailm-ffb.ee\/ru\/","logo":{"@type":"ImageObject","inLanguage":"ru-RU","@id":"https:\/\/www.xn--tuksimaailm-ffb.ee\/ru\/#\/schema\/logo\/image\/","url":"https:\/\/www.xn--tuksimaailm-ffb.ee\/wp-content\/uploads\/2020\/01\/logoz-e1579792875517.png","contentUrl":"https:\/\/www.xn--tuksimaailm-ffb.ee\/wp-content\/uploads\/2020\/01\/logoz-e1579792875517.png","width":250,"height":250,"caption":"T\u00f5uksimaailm"},"image":{"@id":"https:\/\/www.xn--tuksimaailm-ffb.ee\/ru\/#\/schema\/logo\/image\/"},"sameAs":["https:\/\/www.facebook.com\/touksimaailm\/","https:\/\/www.instagram.com\/touksimaailm_\/","https:\/\/www.youtube.com\/channel\/UC18ml0EKIDLP1xGuQjFzcXQ"]}]},"product_price_amount":"19.50","product_price_currency":"EUR","og_availability":"instock","product_availability":"instock","product_condition":"new"},"jetpack_sharing_enabled":true,"_links":{"self":[{"href":"https:\/\/www.xn--tuksimaailm-ffb.ee\/ru\/wp-json\/wp\/v2\/product\/51428","targetHints":{"allow":["GET"]}}],"collection":[{"href":"https:\/\/www.xn--tuksimaailm-ffb.ee\/ru\/wp-json\/wp\/v2\/product"}],"about":[{"href":"https:\/\/www.xn--tuksimaailm-ffb.ee\/ru\/wp-json\/wp\/v2\/types\/product"}],"wp:featuredmedia":[{"embeddable":true,"href":"https:\/\/www.xn--tuksimaailm-ffb.ee\/ru\/wp-json\/wp\/v2\/media\/77249"}],"wp:attachment":[{"href":"https:\/\/www.xn--tuksimaailm-ffb.ee\/ru\/wp-json\/wp\/v2\/media?parent=51428"}],"wp:term":[{"taxonomy":"product_brand","embeddable":true,"href":"https:\/\/www.xn--tuksimaailm-ffb.ee\/ru\/wp-json\/wp\/v2\/product_brand?post=51428"},{"taxonomy":"product_cat","embeddable":true,"href":"https:\/\/www.xn--tuksimaailm-ffb.ee\/ru\/wp-json\/wp\/v2\/product_cat?post=51428"},{"taxonomy":"product_tag","embeddable":true,"href":"https:\/\/www.xn--tuksimaailm-ffb.ee\/ru\/wp-json\/wp\/v2\/product_tag?post=51428"},{"taxonomy":"filter_elektritoukeratas","embeddable":true,"href":"https:\/\/www.xn--tuksimaailm-ffb.ee\/ru\/wp-json\/wp\/v2\/filter_elektritoukeratas?post=51428"}],"curies":[{"name":"wp","href":"https:\/\/api.w.org\/{rel}","templated":true}]}}