{"id":51475,"date":"2022-01-16T12:45:01","date_gmt":"2022-01-16T12:45:01","guid":{"rendered":"http:\/\/www.xn--tuksimaailm-ffb.ee\/shop\/%d1%87%d0%b5%d1%85%d0%bb%d1%8b-%d0%b4%d0%bb%d1%8f-%d1%88%d0%b5%d0%b8-%d0%bf%d0%be%d0%b4%d1%88%d0%b8%d0%bf%d0%bd%d0%b8%d0%ba%d0%b8-zero-10x-gpad-storm-techlife-x7\/"},"modified":"2022-01-16T12:45:01","modified_gmt":"2022-01-16T09:45:01","slug":"%d1%87%d0%b5%d1%85%d0%bb%d1%8b-%d0%b4%d0%bb%d1%8f-%d1%88%d0%b5%d0%b8-%d0%bf%d0%be%d0%b4%d1%88%d0%b8%d0%bf%d0%bd%d0%b8%d0%ba%d0%b8-zero-10x-gpad-storm-techlife-x7","status":"publish","type":"product","link":"https:\/\/www.xn--tuksimaailm-ffb.ee\/ru\/\u043f\u0440\u043e\u0434\u0443\u043a\u0442\/%d1%87%d0%b5%d1%85%d0%bb%d1%8b-%d0%b4%d0%bb%d1%8f-%d1%88%d0%b5%d0%b8-%d0%bf%d0%be%d0%b4%d1%88%d0%b8%d0%bf%d0%bd%d0%b8%d0%ba%d0%b8-zero-10x-gpad-storm-techlife-x7\/","title":{"rendered":"\u0427\u0435\u0445\u043b\u044b \u0434\u043b\u044f \u0448\u0435\u0438 + \u043f\u043e\u0434\u0448\u0438\u043f\u043d\u0438\u043a\u0438 Zero 10X Gpad Storm Techlife X7"},"content":{"rendered":"<p>\u0427\u0435\u0445\u043b\u044b \u0434\u043b\u044f \u0448\u0435\u0438 + \u043f\u043e\u0434\u0448\u0438\u043f\u043d\u0438\u043a\u0438, \u043f\u043e\u0434\u0445\u043e\u0434\u044f\u0442 \u0434\u043b\u044f Zero 10X, Gpad Storm, Techlife X7 \u0438 X7S.<\/p>\n","protected":false},"excerpt":{"rendered":"<p>\u0427\u0435\u0445\u043b\u044b \u0434\u043b\u044f \u0448\u0435\u0438 + \u043f\u043e\u0434\u0448\u0438\u043f\u043d\u0438\u043a\u0438, \u043f\u043e\u0434\u0445\u043e\u0434\u044f\u0442 \u0434\u043b\u044f Zero 10X, Gpad Storm, Techlife X7 \u0438 X7S.<\/p>\n","protected":false},"featured_media":53425,"template":"","meta":[],"product_brand":[],"product_cat":[757],"product_tag":[],"filter_elektritoukeratas":[2706,2679,2755,2646,2750],"class_list":{"0":"post-51475","1":"product","2":"type-product","3":"status-publish","4":"has-post-thumbnail","6":"product_cat-757","7":"filter_elektritoukeratas-ft_gpad_storm","8":"filter_elektritoukeratas-ft_kugoo_g1","9":"filter_elektritoukeratas-ft_techlife_x7_x7_lite_x7s","10":"filter_elektritoukeratas-ft_vsett_10_plus","11":"filter_elektritoukeratas-ft_zero_10x","13":"first","14":"instock","15":"taxable","16":"shipping-taxable","17":"purchasable","18":"product-type-variable"},"yoast_head":"<!-- This site is optimized with the Yoast SEO Premium plugin v26.8 (Yoast SEO v27.3) - https:\/\/yoast.com\/product\/yoast-seo-premium-wordpress\/ -->\n<title>\u0427\u0435\u0445\u043b\u044b \u0434\u043b\u044f \u0448\u0435\u0438 + \u043f\u043e\u0434\u0448\u0438\u043f\u043d\u0438\u043a\u0438 Zero 10X Gpad Storm Techlife X7 &#8212; T\u00f5uksimaailm<\/title>\n<meta name=\"robots\" content=\"index, follow, max-snippet:-1, max-image-preview:large, max-video-preview:-1\" \/>\n<link rel=\"canonical\" href=\"https:\/\/www.xn--tuksimaailm-ffb.ee\/ru\/\u043f\u0440\u043e\u0434\u0443\u043a\u0442\/%d1%87%d0%b5%d1%85%d0%bb%d1%8b-%d0%b4%d0%bb%d1%8f-%d1%88%d0%b5%d0%b8-%d0%bf%d0%be%d0%b4%d1%88%d0%b8%d0%bf%d0%bd%d0%b8%d0%ba%d0%b8-zero-10x-gpad-storm-techlife-x7\/\" \/>\n<meta property=\"og:locale\" content=\"ru_RU\" \/>\n<meta property=\"og:type\" content=\"article\" \/>\n<meta property=\"og:title\" content=\"\u0427\u0435\u0445\u043b\u044b \u0434\u043b\u044f \u0448\u0435\u0438 + \u043f\u043e\u0434\u0448\u0438\u043f\u043d\u0438\u043a\u0438 Zero 10X Gpad Storm Techlife X7\" \/>\n<meta property=\"og:description\" content=\"\u0427\u0435\u0445\u043b\u044b \u0434\u043b\u044f \u0448\u0435\u0438 + \u043f\u043e\u0434\u0448\u0438\u043f\u043d\u0438\u043a\u0438, \u043f\u043e\u0434\u0445\u043e\u0434\u044f\u0442 \u0434\u043b\u044f Zero 10X, Gpad Storm, Techlife X7 \u0438 X7S.\" \/>\n<meta property=\"og:url\" content=\"https:\/\/www.xn--tuksimaailm-ffb.ee\/ru\/\u043f\u0440\u043e\u0434\u0443\u043a\u0442\/%d1%87%d0%b5%d1%85%d0%bb%d1%8b-%d0%b4%d0%bb%d1%8f-%d1%88%d0%b5%d0%b8-%d0%bf%d0%be%d0%b4%d1%88%d0%b8%d0%bf%d0%bd%d0%b8%d0%ba%d0%b8-zero-10x-gpad-storm-techlife-x7\/\" \/>\n<meta property=\"og:site_name\" content=\"T\u00f5uksimaailm\" \/>\n<meta property=\"article:publisher\" content=\"https:\/\/www.facebook.com\/touksimaailm\/\" \/>\n<meta property=\"og:image\" content=\"https:\/\/www.xn--tuksimaailm-ffb.ee\/wp-content\/uploads\/2022\/01\/Screenshot-2025-01-04-055949.webp\" \/>\n\t<meta property=\"og:image:width\" content=\"1034\" \/>\n\t<meta property=\"og:image:height\" content=\"1011\" \/>\n\t<meta property=\"og:image:type\" content=\"image\/webp\" \/>\n<meta name=\"twitter:card\" content=\"summary_large_image\" \/>\n<meta name=\"twitter:label1\" content=\"\u0414\u043e\u0441\u0442\u0443\u043f\u043d\u043e\u0441\u0442\u044c\" \/>\n\t<meta name=\"twitter:data1\" content=\"\u0412 \u043d\u0430\u043b\u0438\u0447\u0438\u0438\" \/>\n<meta property=\"og:availability\" content=\"instock\" \/>\n<meta property=\"product:availability\" content=\"instock\" \/>\n<meta property=\"product:condition\" content=\"new\" \/>\n<!-- \/ Yoast SEO Premium plugin. -->","yoast_head_json":{"title":"\u0427\u0435\u0445\u043b\u044b \u0434\u043b\u044f \u0448\u0435\u0438 + \u043f\u043e\u0434\u0448\u0438\u043f\u043d\u0438\u043a\u0438 Zero 10X Gpad Storm Techlife X7 &#8212; T\u00f5uksimaailm","robots":{"index":"index","follow":"follow","max-snippet":"max-snippet:-1","max-image-preview":"max-image-preview:large","max-video-preview":"max-video-preview:-1"},"canonical":"https:\/\/www.xn--tuksimaailm-ffb.ee\/ru\/\u043f\u0440\u043e\u0434\u0443\u043a\u0442\/%d1%87%d0%b5%d1%85%d0%bb%d1%8b-%d0%b4%d0%bb%d1%8f-%d1%88%d0%b5%d0%b8-%d0%bf%d0%be%d0%b4%d1%88%d0%b8%d0%bf%d0%bd%d0%b8%d0%ba%d0%b8-zero-10x-gpad-storm-techlife-x7\/","og_locale":"ru_RU","og_type":"article","og_title":"\u0427\u0435\u0445\u043b\u044b \u0434\u043b\u044f \u0448\u0435\u0438 + \u043f\u043e\u0434\u0448\u0438\u043f\u043d\u0438\u043a\u0438 Zero 10X Gpad Storm Techlife X7","og_description":"\u0427\u0435\u0445\u043b\u044b \u0434\u043b\u044f \u0448\u0435\u0438 + \u043f\u043e\u0434\u0448\u0438\u043f\u043d\u0438\u043a\u0438, \u043f\u043e\u0434\u0445\u043e\u0434\u044f\u0442 \u0434\u043b\u044f Zero 10X, Gpad Storm, Techlife X7 \u0438 X7S.","og_url":"https:\/\/www.xn--tuksimaailm-ffb.ee\/ru\/\u043f\u0440\u043e\u0434\u0443\u043a\u0442\/%d1%87%d0%b5%d1%85%d0%bb%d1%8b-%d0%b4%d0%bb%d1%8f-%d1%88%d0%b5%d0%b8-%d0%bf%d0%be%d0%b4%d1%88%d0%b8%d0%bf%d0%bd%d0%b8%d0%ba%d0%b8-zero-10x-gpad-storm-techlife-x7\/","og_site_name":"T\u00f5uksimaailm","article_publisher":"https:\/\/www.facebook.com\/touksimaailm\/","og_image":[{"width":1034,"height":1011,"url":"https:\/\/www.xn--tuksimaailm-ffb.ee\/wp-content\/uploads\/2022\/01\/Screenshot-2025-01-04-055949.webp","type":"image\/webp"}],"twitter_card":"summary_large_image","twitter_misc":{"\u0414\u043e\u0441\u0442\u0443\u043f\u043d\u043e\u0441\u0442\u044c":"\u0412 \u043d\u0430\u043b\u0438\u0447\u0438\u0438"},"schema":{"@context":"https:\/\/schema.org","@graph":[{"@type":"WebPage","@id":"https:\/\/www.xn--tuksimaailm-ffb.ee\/ru\/\u043f\u0440\u043e\u0434\u0443\u043a\u0442\/%d1%87%d0%b5%d1%85%d0%bb%d1%8b-%d0%b4%d0%bb%d1%8f-%d1%88%d0%b5%d0%b8-%d0%bf%d0%be%d0%b4%d1%88%d0%b8%d0%bf%d0%bd%d0%b8%d0%ba%d0%b8-zero-10x-gpad-storm-techlife-x7\/","url":"https:\/\/www.xn--tuksimaailm-ffb.ee\/ru\/\u043f\u0440\u043e\u0434\u0443\u043a\u0442\/%d1%87%d0%b5%d1%85%d0%bb%d1%8b-%d0%b4%d0%bb%d1%8f-%d1%88%d0%b5%d0%b8-%d0%bf%d0%be%d0%b4%d1%88%d0%b8%d0%bf%d0%bd%d0%b8%d0%ba%d0%b8-zero-10x-gpad-storm-techlife-x7\/","name":"\u0427\u0435\u0445\u043b\u044b \u0434\u043b\u044f \u0448\u0435\u0438 + \u043f\u043e\u0434\u0448\u0438\u043f\u043d\u0438\u043a\u0438 Zero 10X Gpad Storm Techlife X7 &#8212; T\u00f5uksimaailm","isPartOf":{"@id":"https:\/\/www.xn--tuksimaailm-ffb.ee\/ru\/#website"},"primaryImageOfPage":{"@id":"https:\/\/www.xn--tuksimaailm-ffb.ee\/ru\/\u043f\u0440\u043e\u0434\u0443\u043a\u0442\/%d1%87%d0%b5%d1%85%d0%bb%d1%8b-%d0%b4%d0%bb%d1%8f-%d1%88%d0%b5%d0%b8-%d0%bf%d0%be%d0%b4%d1%88%d0%b8%d0%bf%d0%bd%d0%b8%d0%ba%d0%b8-zero-10x-gpad-storm-techlife-x7\/#primaryimage"},"image":{"@id":"https:\/\/www.xn--tuksimaailm-ffb.ee\/ru\/\u043f\u0440\u043e\u0434\u0443\u043a\u0442\/%d1%87%d0%b5%d1%85%d0%bb%d1%8b-%d0%b4%d0%bb%d1%8f-%d1%88%d0%b5%d0%b8-%d0%bf%d0%be%d0%b4%d1%88%d0%b8%d0%bf%d0%bd%d0%b8%d0%ba%d0%b8-zero-10x-gpad-storm-techlife-x7\/#primaryimage"},"thumbnailUrl":"https:\/\/www.xn--tuksimaailm-ffb.ee\/wp-content\/uploads\/2022\/01\/Screenshot-2025-01-04-055949.webp","datePublished":"2022-01-16T12:45:01+00:00","breadcrumb":{"@id":"https:\/\/www.xn--tuksimaailm-ffb.ee\/ru\/\u043f\u0440\u043e\u0434\u0443\u043a\u0442\/%d1%87%d0%b5%d1%85%d0%bb%d1%8b-%d0%b4%d0%bb%d1%8f-%d1%88%d0%b5%d0%b8-%d0%bf%d0%be%d0%b4%d1%88%d0%b8%d0%bf%d0%bd%d0%b8%d0%ba%d0%b8-zero-10x-gpad-storm-techlife-x7\/#breadcrumb"},"inLanguage":"ru-RU","potentialAction":[{"@type":"ReadAction","target":["https:\/\/www.xn--tuksimaailm-ffb.ee\/ru\/\u043f\u0440\u043e\u0434\u0443\u043a\u0442\/%d1%87%d0%b5%d1%85%d0%bb%d1%8b-%d0%b4%d0%bb%d1%8f-%d1%88%d0%b5%d0%b8-%d0%bf%d0%be%d0%b4%d1%88%d0%b8%d0%bf%d0%bd%d0%b8%d0%ba%d0%b8-zero-10x-gpad-storm-techlife-x7\/"]}]},{"@type":"ImageObject","inLanguage":"ru-RU","@id":"https:\/\/www.xn--tuksimaailm-ffb.ee\/ru\/\u043f\u0440\u043e\u0434\u0443\u043a\u0442\/%d1%87%d0%b5%d1%85%d0%bb%d1%8b-%d0%b4%d0%bb%d1%8f-%d1%88%d0%b5%d0%b8-%d0%bf%d0%be%d0%b4%d1%88%d0%b8%d0%bf%d0%bd%d0%b8%d0%ba%d0%b8-zero-10x-gpad-storm-techlife-x7\/#primaryimage","url":"https:\/\/www.xn--tuksimaailm-ffb.ee\/wp-content\/uploads\/2022\/01\/Screenshot-2025-01-04-055949.webp","contentUrl":"https:\/\/www.xn--tuksimaailm-ffb.ee\/wp-content\/uploads\/2022\/01\/Screenshot-2025-01-04-055949.webp","width":1034,"height":1011,"caption":"Kaelakausid + laagrid Zero 10X Gpad Storm Techlife X7"},{"@type":"BreadcrumbList","@id":"https:\/\/www.xn--tuksimaailm-ffb.ee\/ru\/\u043f\u0440\u043e\u0434\u0443\u043a\u0442\/%d1%87%d0%b5%d1%85%d0%bb%d1%8b-%d0%b4%d0%bb%d1%8f-%d1%88%d0%b5%d0%b8-%d0%bf%d0%be%d0%b4%d1%88%d0%b8%d0%bf%d0%bd%d0%b8%d0%ba%d0%b8-zero-10x-gpad-storm-techlife-x7\/#breadcrumb","itemListElement":[{"@type":"ListItem","position":1,"name":"Home","item":"https:\/\/www.xn--tuksimaailm-ffb.ee\/ru\/frontpage\/"},{"@type":"ListItem","position":2,"name":"\u041c\u0410\u0413\u0410\u0417\u0418\u041d","item":"https:\/\/www.xn--tuksimaailm-ffb.ee\/elektritoukerataste-pood\/"},{"@type":"ListItem","position":3,"name":"\u0427\u0435\u0445\u043b\u044b \u0434\u043b\u044f \u0448\u0435\u0438 + \u043f\u043e\u0434\u0448\u0438\u043f\u043d\u0438\u043a\u0438 Zero 10X Gpad Storm Techlife X7"}]},{"@type":"WebSite","@id":"https:\/\/www.xn--tuksimaailm-ffb.ee\/ru\/#website","url":"https:\/\/www.xn--tuksimaailm-ffb.ee\/ru\/","name":"T\u00f5uksimaailm","description":"Elektrit\u00f5ukerataste m\u00fc\u00fck, remont ja rent","publisher":{"@id":"https:\/\/www.xn--tuksimaailm-ffb.ee\/ru\/#organization"},"potentialAction":[{"@type":"SearchAction","target":{"@type":"EntryPoint","urlTemplate":"https:\/\/www.xn--tuksimaailm-ffb.ee\/ru\/?s={search_term_string}"},"query-input":{"@type":"PropertyValueSpecification","valueRequired":true,"valueName":"search_term_string"}}],"inLanguage":"ru-RU"},{"@type":"Organization","@id":"https:\/\/www.xn--tuksimaailm-ffb.ee\/ru\/#organization","name":"T\u00f5uksimaailm","url":"https:\/\/www.xn--tuksimaailm-ffb.ee\/ru\/","logo":{"@type":"ImageObject","inLanguage":"ru-RU","@id":"https:\/\/www.xn--tuksimaailm-ffb.ee\/ru\/#\/schema\/logo\/image\/","url":"https:\/\/www.xn--tuksimaailm-ffb.ee\/wp-content\/uploads\/2020\/01\/logoz-e1579792875517.png","contentUrl":"https:\/\/www.xn--tuksimaailm-ffb.ee\/wp-content\/uploads\/2020\/01\/logoz-e1579792875517.png","width":250,"height":250,"caption":"T\u00f5uksimaailm"},"image":{"@id":"https:\/\/www.xn--tuksimaailm-ffb.ee\/ru\/#\/schema\/logo\/image\/"},"sameAs":["https:\/\/www.facebook.com\/touksimaailm\/","https:\/\/www.instagram.com\/touksimaailm_\/","https:\/\/www.youtube.com\/channel\/UC18ml0EKIDLP1xGuQjFzcXQ"]}]},"og_availability":"instock","product_availability":"instock","product_condition":"new"},"jetpack_sharing_enabled":true,"_links":{"self":[{"href":"https:\/\/www.xn--tuksimaailm-ffb.ee\/ru\/wp-json\/wp\/v2\/product\/51475","targetHints":{"allow":["GET"]}}],"collection":[{"href":"https:\/\/www.xn--tuksimaailm-ffb.ee\/ru\/wp-json\/wp\/v2\/product"}],"about":[{"href":"https:\/\/www.xn--tuksimaailm-ffb.ee\/ru\/wp-json\/wp\/v2\/types\/product"}],"wp:featuredmedia":[{"embeddable":true,"href":"https:\/\/www.xn--tuksimaailm-ffb.ee\/ru\/wp-json\/wp\/v2\/media\/53425"}],"wp:attachment":[{"href":"https:\/\/www.xn--tuksimaailm-ffb.ee\/ru\/wp-json\/wp\/v2\/media?parent=51475"}],"wp:term":[{"taxonomy":"product_brand","embeddable":true,"href":"https:\/\/www.xn--tuksimaailm-ffb.ee\/ru\/wp-json\/wp\/v2\/product_brand?post=51475"},{"taxonomy":"product_cat","embeddable":true,"href":"https:\/\/www.xn--tuksimaailm-ffb.ee\/ru\/wp-json\/wp\/v2\/product_cat?post=51475"},{"taxonomy":"product_tag","embeddable":true,"href":"https:\/\/www.xn--tuksimaailm-ffb.ee\/ru\/wp-json\/wp\/v2\/product_tag?post=51475"},{"taxonomy":"filter_elektritoukeratas","embeddable":true,"href":"https:\/\/www.xn--tuksimaailm-ffb.ee\/ru\/wp-json\/wp\/v2\/filter_elektritoukeratas?post=51475"}],"curies":[{"name":"wp","href":"https:\/\/api.w.org\/{rel}","templated":true}]}}