{"id":51488,"date":"2022-01-16T11:50:07","date_gmt":"2022-01-16T09:50:07","guid":{"rendered":"http:\/\/www.xn--tuksimaailm-ffb.ee\/shop\/%d1%82%d0%be%d1%80%d0%bc%d0%be%d0%b7%d0%bd%d1%8b%d0%b5-%d0%ba%d0%be%d0%bb%d0%be%d0%b4%d0%ba%d0%b8-%d0%bc%d0%b5%d1%82%d0%b0%d0%bb%d0%bb%d0%b8%d1%87%d0%b5%d1%81%d0%ba%d0%b8%d0%b5-zero-10x-vsett-10-dual\/"},"modified":"2022-01-16T11:50:07","modified_gmt":"2022-01-16T08:50:07","slug":"%d1%82%d0%be%d1%80%d0%bc%d0%be%d0%b7%d0%bd%d1%8b%d0%b5-%d0%ba%d0%be%d0%bb%d0%be%d0%b4%d0%ba%d0%b8-%d0%bc%d0%b5%d1%82%d0%b0%d0%bb%d0%bb%d0%b8%d1%87%d0%b5%d1%81%d0%ba%d0%b8%d0%b5-zero-10x-vsett-10-dual","status":"publish","type":"product","link":"https:\/\/www.xn--tuksimaailm-ffb.ee\/ru\/\u043f\u0440\u043e\u0434\u0443\u043a\u0442\/%d1%82%d0%be%d1%80%d0%bc%d0%be%d0%b7%d0%bd%d1%8b%d0%b5-%d0%ba%d0%be%d0%bb%d0%be%d0%b4%d0%ba%d0%b8-%d0%bc%d0%b5%d1%82%d0%b0%d0%bb%d0%bb%d0%b8%d1%87%d0%b5%d1%81%d0%ba%d0%b8%d0%b5-zero-10x-vsett-10-dual\/","title":{"rendered":"\u0422\u043e\u0440\u043c\u043e\u0437\u043d\u044b\u0435 \u043a\u043e\u043b\u043e\u0434\u043a\u0438 \u043c\u0435\u0442\u0430\u043b\u043b\u0438\u0447\u0435\u0441\u043a\u0438\u0435 Zero 10X Vsett 10+ Dualtron"},"content":{"rendered":"<p>\u0422\u043e\u0440\u043c\u043e\u0437\u043d\u044b\u0435 \u043a\u043e\u043b\u043e\u0434\u043a\u0438 \u0434\u043b\u044f \u043c\u0435\u0442\u0430\u043b\u043b\u0438\u0447\u0435\u0441\u043a\u0438\u0445 \u044d\u043b\u0435\u043a\u0442\u0440\u043e\u0441\u0430\u043c\u043e\u043a\u0430\u0442\u043e\u0432 Zero 10X 11X, Techlife X7 X7S, Gpad Storm, Vsett 10+, Dualtron Thunder.<\/p>\n","protected":false},"excerpt":{"rendered":"<p>\u0422\u043e\u0440\u043c\u043e\u0437\u043d\u044b\u0435 \u043a\u043e\u043b\u043e\u0434\u043a\u0438 \u0434\u043b\u044f \u043c\u0435\u0442\u0430\u043b\u043b\u0438\u0447\u0435\u0441\u043a\u0438\u0445 \u044d\u043b\u0435\u043a\u0442\u0440\u043e\u0441\u0430\u043c\u043e\u043a\u0430\u0442\u043e\u0432 Zero 10X 11X, Techlife X7 X7S, Gpad Storm, Vsett 10+, Dualtron Thunder.<\/p>\n","protected":false},"featured_media":53596,"template":"","meta":[],"product_brand":[],"product_cat":[757],"product_tag":[],"filter_elektritoukeratas":[2734,2706,2678,2679,2755,2646,2750,2751],"class_list":{"0":"post-51488","1":"product","2":"type-product","3":"status-publish","4":"has-post-thumbnail","6":"product_cat-757","7":"pa_tootetuup-piduriklotsid-ru","8":"filter_elektritoukeratas-ft_dualtron_thunder","9":"filter_elektritoukeratas-ft_gpad_storm","10":"filter_elektritoukeratas-ft_kugoo_g_booster","11":"filter_elektritoukeratas-ft_kugoo_g1","12":"filter_elektritoukeratas-ft_techlife_x7_x7_lite_x7s","13":"filter_elektritoukeratas-ft_vsett_10_plus","14":"filter_elektritoukeratas-ft_zero_10x","15":"filter_elektritoukeratas-ft_zero_11x","17":"first","18":"instock","19":"taxable","20":"shipping-taxable","21":"purchasable","22":"product-type-simple"},"yoast_head":"<!-- This site is optimized with the Yoast SEO Premium plugin v26.8 (Yoast SEO v27.5) - https:\/\/yoast.com\/product\/yoast-seo-premium-wordpress\/ -->\n<title>\u0422\u043e\u0440\u043c\u043e\u0437\u043d\u044b\u0435 \u043a\u043e\u043b\u043e\u0434\u043a\u0438 \u043c\u0435\u0442\u0430\u043b\u043b\u0438\u0447\u0435\u0441\u043a\u0438\u0435 Zero 10X Vsett 10+ Dualtron &#8212; T\u00f5uksimaailm<\/title>\n<meta name=\"robots\" content=\"index, follow, max-snippet:-1, max-image-preview:large, max-video-preview:-1\" \/>\n<link rel=\"canonical\" href=\"https:\/\/www.xn--tuksimaailm-ffb.ee\/ru\/\u043f\u0440\u043e\u0434\u0443\u043a\u0442\/%d1%82%d0%be%d1%80%d0%bc%d0%be%d0%b7%d0%bd%d1%8b%d0%b5-%d0%ba%d0%be%d0%bb%d0%be%d0%b4%d0%ba%d0%b8-%d0%bc%d0%b5%d1%82%d0%b0%d0%bb%d0%bb%d0%b8%d1%87%d0%b5%d1%81%d0%ba%d0%b8%d0%b5-zero-10x-vsett-10-dual\/\" \/>\n<meta property=\"og:locale\" content=\"ru_RU\" \/>\n<meta property=\"og:type\" content=\"article\" \/>\n<meta property=\"og:title\" content=\"\u0422\u043e\u0440\u043c\u043e\u0437\u043d\u044b\u0435 \u043a\u043e\u043b\u043e\u0434\u043a\u0438 \u043c\u0435\u0442\u0430\u043b\u043b\u0438\u0447\u0435\u0441\u043a\u0438\u0435 Zero 10X Vsett 10+ Dualtron\" \/>\n<meta property=\"og:description\" content=\"\u0422\u043e\u0440\u043c\u043e\u0437\u043d\u044b\u0435 \u043a\u043e\u043b\u043e\u0434\u043a\u0438 \u0434\u043b\u044f \u043c\u0435\u0442\u0430\u043b\u043b\u0438\u0447\u0435\u0441\u043a\u0438\u0445 \u044d\u043b\u0435\u043a\u0442\u0440\u043e\u0441\u0430\u043c\u043e\u043a\u0430\u0442\u043e\u0432 Zero 10X 11X, Techlife X7 X7S, Gpad Storm, Vsett 10+, Dualtron Thunder.\" \/>\n<meta property=\"og:url\" content=\"https:\/\/www.xn--tuksimaailm-ffb.ee\/ru\/\u043f\u0440\u043e\u0434\u0443\u043a\u0442\/%d1%82%d0%be%d1%80%d0%bc%d0%be%d0%b7%d0%bd%d1%8b%d0%b5-%d0%ba%d0%be%d0%bb%d0%be%d0%b4%d0%ba%d0%b8-%d0%bc%d0%b5%d1%82%d0%b0%d0%bb%d0%bb%d0%b8%d1%87%d0%b5%d1%81%d0%ba%d0%b8%d0%b5-zero-10x-vsett-10-dual\/\" \/>\n<meta property=\"og:site_name\" content=\"T\u00f5uksimaailm\" \/>\n<meta property=\"article:publisher\" content=\"https:\/\/www.facebook.com\/touksimaailm\/\" \/>\n<meta property=\"og:image\" content=\"https:\/\/www.xn--tuksimaailm-ffb.ee\/wp-content\/uploads\/2022\/01\/Screenshot-2025-01-05-060833.webp\" \/>\n\t<meta property=\"og:image:width\" content=\"820\" \/>\n\t<meta property=\"og:image:height\" content=\"751\" \/>\n\t<meta property=\"og:image:type\" content=\"image\/webp\" \/>\n<meta name=\"twitter:card\" content=\"summary_large_image\" \/>\n<meta name=\"twitter:label1\" content=\"\u0426\u0435\u043d\u0430\" \/>\n\t<meta name=\"twitter:data1\" content=\"&euro;9.50\" \/>\n\t<meta name=\"twitter:label2\" content=\"\u0414\u043e\u0441\u0442\u0443\u043f\u043d\u043e\u0441\u0442\u044c\" \/>\n\t<meta name=\"twitter:data2\" content=\"\u0412 \u043d\u0430\u043b\u0438\u0447\u0438\u0438\" \/>\n<meta property=\"product:price:amount\" content=\"9.50\" \/>\n<meta property=\"product:price:currency\" content=\"EUR\" \/>\n<meta property=\"og:availability\" content=\"instock\" \/>\n<meta property=\"product:availability\" content=\"instock\" \/>\n<meta property=\"product:condition\" content=\"new\" \/>\n<!-- \/ Yoast SEO Premium plugin. -->","yoast_head_json":{"title":"\u0422\u043e\u0440\u043c\u043e\u0437\u043d\u044b\u0435 \u043a\u043e\u043b\u043e\u0434\u043a\u0438 \u043c\u0435\u0442\u0430\u043b\u043b\u0438\u0447\u0435\u0441\u043a\u0438\u0435 Zero 10X Vsett 10+ Dualtron &#8212; T\u00f5uksimaailm","robots":{"index":"index","follow":"follow","max-snippet":"max-snippet:-1","max-image-preview":"max-image-preview:large","max-video-preview":"max-video-preview:-1"},"canonical":"https:\/\/www.xn--tuksimaailm-ffb.ee\/ru\/\u043f\u0440\u043e\u0434\u0443\u043a\u0442\/%d1%82%d0%be%d1%80%d0%bc%d0%be%d0%b7%d0%bd%d1%8b%d0%b5-%d0%ba%d0%be%d0%bb%d0%be%d0%b4%d0%ba%d0%b8-%d0%bc%d0%b5%d1%82%d0%b0%d0%bb%d0%bb%d0%b8%d1%87%d0%b5%d1%81%d0%ba%d0%b8%d0%b5-zero-10x-vsett-10-dual\/","og_locale":"ru_RU","og_type":"article","og_title":"\u0422\u043e\u0440\u043c\u043e\u0437\u043d\u044b\u0435 \u043a\u043e\u043b\u043e\u0434\u043a\u0438 \u043c\u0435\u0442\u0430\u043b\u043b\u0438\u0447\u0435\u0441\u043a\u0438\u0435 Zero 10X Vsett 10+ Dualtron","og_description":"\u0422\u043e\u0440\u043c\u043e\u0437\u043d\u044b\u0435 \u043a\u043e\u043b\u043e\u0434\u043a\u0438 \u0434\u043b\u044f \u043c\u0435\u0442\u0430\u043b\u043b\u0438\u0447\u0435\u0441\u043a\u0438\u0445 \u044d\u043b\u0435\u043a\u0442\u0440\u043e\u0441\u0430\u043c\u043e\u043a\u0430\u0442\u043e\u0432 Zero 10X 11X, Techlife X7 X7S, Gpad Storm, Vsett 10+, Dualtron Thunder.","og_url":"https:\/\/www.xn--tuksimaailm-ffb.ee\/ru\/\u043f\u0440\u043e\u0434\u0443\u043a\u0442\/%d1%82%d0%be%d1%80%d0%bc%d0%be%d0%b7%d0%bd%d1%8b%d0%b5-%d0%ba%d0%be%d0%bb%d0%be%d0%b4%d0%ba%d0%b8-%d0%bc%d0%b5%d1%82%d0%b0%d0%bb%d0%bb%d0%b8%d1%87%d0%b5%d1%81%d0%ba%d0%b8%d0%b5-zero-10x-vsett-10-dual\/","og_site_name":"T\u00f5uksimaailm","article_publisher":"https:\/\/www.facebook.com\/touksimaailm\/","og_image":[{"width":820,"height":751,"url":"https:\/\/www.xn--tuksimaailm-ffb.ee\/wp-content\/uploads\/2022\/01\/Screenshot-2025-01-05-060833.webp","type":"image\/webp"}],"twitter_card":"summary_large_image","twitter_misc":{"\u0426\u0435\u043d\u0430":"&euro;9.50","\u0414\u043e\u0441\u0442\u0443\u043f\u043d\u043e\u0441\u0442\u044c":"\u0412 \u043d\u0430\u043b\u0438\u0447\u0438\u0438"},"schema":{"@context":"https:\/\/schema.org","@graph":[{"@type":"WebPage","@id":"https:\/\/www.xn--tuksimaailm-ffb.ee\/ru\/\u043f\u0440\u043e\u0434\u0443\u043a\u0442\/%d1%82%d0%be%d1%80%d0%bc%d0%be%d0%b7%d0%bd%d1%8b%d0%b5-%d0%ba%d0%be%d0%bb%d0%be%d0%b4%d0%ba%d0%b8-%d0%bc%d0%b5%d1%82%d0%b0%d0%bb%d0%bb%d0%b8%d1%87%d0%b5%d1%81%d0%ba%d0%b8%d0%b5-zero-10x-vsett-10-dual\/","url":"https:\/\/www.xn--tuksimaailm-ffb.ee\/ru\/\u043f\u0440\u043e\u0434\u0443\u043a\u0442\/%d1%82%d0%be%d1%80%d0%bc%d0%be%d0%b7%d0%bd%d1%8b%d0%b5-%d0%ba%d0%be%d0%bb%d0%be%d0%b4%d0%ba%d0%b8-%d0%bc%d0%b5%d1%82%d0%b0%d0%bb%d0%bb%d0%b8%d1%87%d0%b5%d1%81%d0%ba%d0%b8%d0%b5-zero-10x-vsett-10-dual\/","name":"\u0422\u043e\u0440\u043c\u043e\u0437\u043d\u044b\u0435 \u043a\u043e\u043b\u043e\u0434\u043a\u0438 \u043c\u0435\u0442\u0430\u043b\u043b\u0438\u0447\u0435\u0441\u043a\u0438\u0435 Zero 10X Vsett 10+ Dualtron &#8212; T\u00f5uksimaailm","isPartOf":{"@id":"https:\/\/www.xn--tuksimaailm-ffb.ee\/ru\/#website"},"primaryImageOfPage":{"@id":"https:\/\/www.xn--tuksimaailm-ffb.ee\/ru\/\u043f\u0440\u043e\u0434\u0443\u043a\u0442\/%d1%82%d0%be%d1%80%d0%bc%d0%be%d0%b7%d0%bd%d1%8b%d0%b5-%d0%ba%d0%be%d0%bb%d0%be%d0%b4%d0%ba%d0%b8-%d0%bc%d0%b5%d1%82%d0%b0%d0%bb%d0%bb%d0%b8%d1%87%d0%b5%d1%81%d0%ba%d0%b8%d0%b5-zero-10x-vsett-10-dual\/#primaryimage"},"image":{"@id":"https:\/\/www.xn--tuksimaailm-ffb.ee\/ru\/\u043f\u0440\u043e\u0434\u0443\u043a\u0442\/%d1%82%d0%be%d1%80%d0%bc%d0%be%d0%b7%d0%bd%d1%8b%d0%b5-%d0%ba%d0%be%d0%bb%d0%be%d0%b4%d0%ba%d0%b8-%d0%bc%d0%b5%d1%82%d0%b0%d0%bb%d0%bb%d0%b8%d1%87%d0%b5%d1%81%d0%ba%d0%b8%d0%b5-zero-10x-vsett-10-dual\/#primaryimage"},"thumbnailUrl":"https:\/\/www.xn--tuksimaailm-ffb.ee\/wp-content\/uploads\/2022\/01\/Screenshot-2025-01-05-060833.webp","datePublished":"2022-01-16T09:50:07+00:00","breadcrumb":{"@id":"https:\/\/www.xn--tuksimaailm-ffb.ee\/ru\/\u043f\u0440\u043e\u0434\u0443\u043a\u0442\/%d1%82%d0%be%d1%80%d0%bc%d0%be%d0%b7%d0%bd%d1%8b%d0%b5-%d0%ba%d0%be%d0%bb%d0%be%d0%b4%d0%ba%d0%b8-%d0%bc%d0%b5%d1%82%d0%b0%d0%bb%d0%bb%d0%b8%d1%87%d0%b5%d1%81%d0%ba%d0%b8%d0%b5-zero-10x-vsett-10-dual\/#breadcrumb"},"inLanguage":"ru-RU","potentialAction":[{"@type":"ReadAction","target":["https:\/\/www.xn--tuksimaailm-ffb.ee\/ru\/\u043f\u0440\u043e\u0434\u0443\u043a\u0442\/%d1%82%d0%be%d1%80%d0%bc%d0%be%d0%b7%d0%bd%d1%8b%d0%b5-%d0%ba%d0%be%d0%bb%d0%be%d0%b4%d0%ba%d0%b8-%d0%bc%d0%b5%d1%82%d0%b0%d0%bb%d0%bb%d0%b8%d1%87%d0%b5%d1%81%d0%ba%d0%b8%d0%b5-zero-10x-vsett-10-dual\/"]}]},{"@type":"ImageObject","inLanguage":"ru-RU","@id":"https:\/\/www.xn--tuksimaailm-ffb.ee\/ru\/\u043f\u0440\u043e\u0434\u0443\u043a\u0442\/%d1%82%d0%be%d1%80%d0%bc%d0%be%d0%b7%d0%bd%d1%8b%d0%b5-%d0%ba%d0%be%d0%bb%d0%be%d0%b4%d0%ba%d0%b8-%d0%bc%d0%b5%d1%82%d0%b0%d0%bb%d0%bb%d0%b8%d1%87%d0%b5%d1%81%d0%ba%d0%b8%d0%b5-zero-10x-vsett-10-dual\/#primaryimage","url":"https:\/\/www.xn--tuksimaailm-ffb.ee\/wp-content\/uploads\/2022\/01\/Screenshot-2025-01-05-060833.webp","contentUrl":"https:\/\/www.xn--tuksimaailm-ffb.ee\/wp-content\/uploads\/2022\/01\/Screenshot-2025-01-05-060833.webp","width":820,"height":751,"caption":"Piduriklotsid metall Zero 10X Vsett 10+ Dualtron"},{"@type":"BreadcrumbList","@id":"https:\/\/www.xn--tuksimaailm-ffb.ee\/ru\/\u043f\u0440\u043e\u0434\u0443\u043a\u0442\/%d1%82%d0%be%d1%80%d0%bc%d0%be%d0%b7%d0%bd%d1%8b%d0%b5-%d0%ba%d0%be%d0%bb%d0%be%d0%b4%d0%ba%d0%b8-%d0%bc%d0%b5%d1%82%d0%b0%d0%bb%d0%bb%d0%b8%d1%87%d0%b5%d1%81%d0%ba%d0%b8%d0%b5-zero-10x-vsett-10-dual\/#breadcrumb","itemListElement":[{"@type":"ListItem","position":1,"name":"Home","item":"https:\/\/www.xn--tuksimaailm-ffb.ee\/ru\/frontpage\/"},{"@type":"ListItem","position":2,"name":"\u041c\u0410\u0413\u0410\u0417\u0418\u041d","item":"https:\/\/www.xn--tuksimaailm-ffb.ee\/elektritoukerataste-pood\/"},{"@type":"ListItem","position":3,"name":"\u0422\u043e\u0440\u043c\u043e\u0437\u043d\u044b\u0435 \u043a\u043e\u043b\u043e\u0434\u043a\u0438 \u043c\u0435\u0442\u0430\u043b\u043b\u0438\u0447\u0435\u0441\u043a\u0438\u0435 Zero 10X Vsett 10+ Dualtron"}]},{"@type":"WebSite","@id":"https:\/\/www.xn--tuksimaailm-ffb.ee\/ru\/#website","url":"https:\/\/www.xn--tuksimaailm-ffb.ee\/ru\/","name":"T\u00f5uksimaailm","description":"Elektrit\u00f5ukerataste m\u00fc\u00fck, remont ja rent","publisher":{"@id":"https:\/\/www.xn--tuksimaailm-ffb.ee\/ru\/#organization"},"potentialAction":[{"@type":"SearchAction","target":{"@type":"EntryPoint","urlTemplate":"https:\/\/www.xn--tuksimaailm-ffb.ee\/ru\/?s={search_term_string}"},"query-input":{"@type":"PropertyValueSpecification","valueRequired":true,"valueName":"search_term_string"}}],"inLanguage":"ru-RU"},{"@type":"Organization","@id":"https:\/\/www.xn--tuksimaailm-ffb.ee\/ru\/#organization","name":"T\u00f5uksimaailm","url":"https:\/\/www.xn--tuksimaailm-ffb.ee\/ru\/","logo":{"@type":"ImageObject","inLanguage":"ru-RU","@id":"https:\/\/www.xn--tuksimaailm-ffb.ee\/ru\/#\/schema\/logo\/image\/","url":"https:\/\/www.xn--tuksimaailm-ffb.ee\/wp-content\/uploads\/2020\/01\/logoz-e1579792875517.png","contentUrl":"https:\/\/www.xn--tuksimaailm-ffb.ee\/wp-content\/uploads\/2020\/01\/logoz-e1579792875517.png","width":250,"height":250,"caption":"T\u00f5uksimaailm"},"image":{"@id":"https:\/\/www.xn--tuksimaailm-ffb.ee\/ru\/#\/schema\/logo\/image\/"},"sameAs":["https:\/\/www.facebook.com\/touksimaailm\/","https:\/\/www.instagram.com\/touksimaailm_\/","https:\/\/www.youtube.com\/channel\/UC18ml0EKIDLP1xGuQjFzcXQ"]}]},"product_price_amount":"9.50","product_price_currency":"EUR","og_availability":"instock","product_availability":"instock","product_condition":"new"},"jetpack_sharing_enabled":true,"_links":{"self":[{"href":"https:\/\/www.xn--tuksimaailm-ffb.ee\/ru\/wp-json\/wp\/v2\/product\/51488","targetHints":{"allow":["GET"]}}],"collection":[{"href":"https:\/\/www.xn--tuksimaailm-ffb.ee\/ru\/wp-json\/wp\/v2\/product"}],"about":[{"href":"https:\/\/www.xn--tuksimaailm-ffb.ee\/ru\/wp-json\/wp\/v2\/types\/product"}],"wp:featuredmedia":[{"embeddable":true,"href":"https:\/\/www.xn--tuksimaailm-ffb.ee\/ru\/wp-json\/wp\/v2\/media\/53596"}],"wp:attachment":[{"href":"https:\/\/www.xn--tuksimaailm-ffb.ee\/ru\/wp-json\/wp\/v2\/media?parent=51488"}],"wp:term":[{"taxonomy":"product_brand","embeddable":true,"href":"https:\/\/www.xn--tuksimaailm-ffb.ee\/ru\/wp-json\/wp\/v2\/product_brand?post=51488"},{"taxonomy":"product_cat","embeddable":true,"href":"https:\/\/www.xn--tuksimaailm-ffb.ee\/ru\/wp-json\/wp\/v2\/product_cat?post=51488"},{"taxonomy":"product_tag","embeddable":true,"href":"https:\/\/www.xn--tuksimaailm-ffb.ee\/ru\/wp-json\/wp\/v2\/product_tag?post=51488"},{"taxonomy":"filter_elektritoukeratas","embeddable":true,"href":"https:\/\/www.xn--tuksimaailm-ffb.ee\/ru\/wp-json\/wp\/v2\/filter_elektritoukeratas?post=51488"}],"curies":[{"name":"wp","href":"https:\/\/api.w.org\/{rel}","templated":true}]}}