{"id":51903,"date":"2021-12-06T20:49:23","date_gmt":"2021-12-06T18:49:23","guid":{"rendered":"http:\/\/www.xn--tuksimaailm-ffb.ee\/shop\/%d0%b2%d0%bd%d1%83%d1%82%d1%80%d0%b5%d0%bd%d0%bd%d0%b8%d0%b9-%d0%be%d0%b1%d0%be%d0%b4-10x2-125-90-%d0%b3%d1%80%d0%b0%d0%b4%d1%83%d1%81%d0%be%d0%b2-%d0%b4%d0%bb%d1%8f-%d1%8d%d0%bb%d0%b5%d0%ba%d1%82\/"},"modified":"2021-12-06T20:49:23","modified_gmt":"2021-12-06T17:49:23","slug":"%d0%b2%d0%bd%d1%83%d1%82%d1%80%d0%b5%d0%bd%d0%bd%d0%b8%d0%b9-%d0%be%d0%b1%d0%be%d0%b4-10x2-125-90-%d0%b3%d1%80%d0%b0%d0%b4%d1%83%d1%81%d0%be%d0%b2-%d0%b4%d0%bb%d1%8f-%d1%8d%d0%bb%d0%b5%d0%ba%d1%82","status":"publish","type":"product","link":"https:\/\/www.xn--tuksimaailm-ffb.ee\/ru\/\u043f\u0440\u043e\u0434\u0443\u043a\u0442\/%d0%b2%d0%bd%d1%83%d1%82%d1%80%d0%b5%d0%bd%d0%bd%d0%b8%d0%b9-%d0%be%d0%b1%d0%be%d0%b4-10x2-125-90-%d0%b3%d1%80%d0%b0%d0%b4%d1%83%d1%81%d0%be%d0%b2-%d0%b4%d0%bb%d1%8f-%d1%8d%d0%bb%d0%b5%d0%ba%d1%82\/","title":{"rendered":"\u0412\u043d\u0443\u0442\u0440\u0435\u043d\u043d\u0438\u0439 \u043e\u0431\u043e\u0434 10x2.125 90 \u0433\u0440\u0430\u0434\u0443\u0441\u043e\u0432 \u0434\u043b\u044f \u044d\u043b\u0435\u043a\u0442\u0440\u043e\u043a\u043e\u043b\u044f\u0441\u043a\u0438 Blaupunkt"},"content":{"rendered":"","protected":false},"excerpt":{"rendered":"","protected":false},"featured_media":71995,"template":"","meta":[],"product_brand":[],"product_cat":[757],"product_tag":[1524],"filter_elektritoukeratas":[2686,2687,2730,2732,2610,2705,2706,2697,2698,2714,2715,2712,2713,2720,2717,2722,2726,2724,2679,2672,2670,2669,2674,2668,2740,2755,2694,2695,2693,2691,2692,2646,2750],"class_list":{"0":"post-51903","1":"product","2":"type-product","3":"status-publish","4":"has-post-thumbnail","6":"product_cat-757","7":"product_tag-siserehvid-ru","8":"pa_tootetuup-siserehvid-ru","9":"filter_elektritoukeratas-ft_blaupunkt_esc808","10":"filter_elektritoukeratas-ft_blaupunkt_esc910","11":"filter_elektritoukeratas-ft_dualtron_eagle","12":"filter_elektritoukeratas-ft_dualtron_spider","13":"filter_elektritoukeratas-ft_dualtron_victor","14":"filter_elektritoukeratas-ft_gpad_foxen","15":"filter_elektritoukeratas-ft_gpad_storm","16":"filter_elektritoukeratas-ft_hx_x7","17":"filter_elektritoukeratas-ft_hx_x8","18":"filter_elektritoukeratas-ft_inokim_ox_eco_hero_super","19":"filter_elektritoukeratas-ft_inokim_oxo","20":"filter_elektritoukeratas-ft_inokim_quick_3_hero_super","21":"filter_elektritoukeratas-ft_inokim_quick_4_hero_super","22":"filter_elektritoukeratas-ft_joyor_s5_s10-s_s_pro","23":"filter_elektritoukeratas-ft_joyor_x1_x5s","24":"filter_elektritoukeratas-ft_joyor_y10_y6_s_y5s","25":"filter_elektritoukeratas-ft_kaabo_mantis_10","26":"filter_elektritoukeratas-ft_kaabo_skywalker","27":"filter_elektritoukeratas-ft_kugoo_g1","28":"filter_elektritoukeratas-ft_kugoo_g2_master","29":"filter_elektritoukeratas-ft_kugoo_g2_max","30":"filter_elektritoukeratas-ft_kugoo_g2_pro","31":"filter_elektritoukeratas-ft_kugoo_g3_pro","32":"filter_elektritoukeratas-ft_kugoo_m4_m4_pro","33":"filter_elektritoukeratas-ft_nanrobot_d4_plus","34":"filter_elektritoukeratas-ft_techlife_x7_x7_lite_x7s","35":"filter_elektritoukeratas-ft_velt_smart_eco","36":"filter_elektritoukeratas-ft_velt_smart_pro","37":"filter_elektritoukeratas-ft_velt_smart_x7","38":"filter_elektritoukeratas-ft_velt_smart_x8","39":"filter_elektritoukeratas-ft_velt_smart_x8_pro","40":"filter_elektritoukeratas-ft_vsett_10_plus","41":"filter_elektritoukeratas-ft_zero_10x","43":"first","44":"instock","45":"taxable","46":"shipping-taxable","47":"purchasable","48":"product-type-simple"},"yoast_head":"<!-- This site is optimized with the Yoast SEO Premium plugin v26.8 (Yoast SEO v27.3) - https:\/\/yoast.com\/product\/yoast-seo-premium-wordpress\/ -->\n<title>\u0412\u043d\u0443\u0442\u0440\u0435\u043d\u043d\u0438\u0439 \u043e\u0431\u043e\u0434 10x2.125 90 \u0433\u0440\u0430\u0434\u0443\u0441\u043e\u0432 \u0434\u043b\u044f \u044d\u043b\u0435\u043a\u0442\u0440\u043e\u043a\u043e\u043b\u044f\u0441\u043a\u0438 Blaupunkt &#8212; T\u00f5uksimaailm<\/title>\n<meta name=\"robots\" content=\"index, follow, max-snippet:-1, max-image-preview:large, max-video-preview:-1\" \/>\n<link rel=\"canonical\" href=\"https:\/\/www.xn--tuksimaailm-ffb.ee\/ru\/\u043f\u0440\u043e\u0434\u0443\u043a\u0442\/%d0%b2%d0%bd%d1%83%d1%82%d1%80%d0%b5%d0%bd%d0%bd%d0%b8%d0%b9-%d0%be%d0%b1%d0%be%d0%b4-10x2-125-90-%d0%b3%d1%80%d0%b0%d0%b4%d1%83%d1%81%d0%be%d0%b2-%d0%b4%d0%bb%d1%8f-%d1%8d%d0%bb%d0%b5%d0%ba%d1%82\/\" \/>\n<meta property=\"og:locale\" content=\"ru_RU\" \/>\n<meta property=\"og:type\" content=\"article\" \/>\n<meta property=\"og:title\" content=\"\u0412\u043d\u0443\u0442\u0440\u0435\u043d\u043d\u0438\u0439 \u043e\u0431\u043e\u0434 10x2.125 90 \u0433\u0440\u0430\u0434\u0443\u0441\u043e\u0432 \u0434\u043b\u044f \u044d\u043b\u0435\u043a\u0442\u0440\u043e\u043a\u043e\u043b\u044f\u0441\u043a\u0438 Blaupunkt\" \/>\n<meta property=\"og:url\" content=\"https:\/\/www.xn--tuksimaailm-ffb.ee\/ru\/\u043f\u0440\u043e\u0434\u0443\u043a\u0442\/%d0%b2%d0%bd%d1%83%d1%82%d1%80%d0%b5%d0%bd%d0%bd%d0%b8%d0%b9-%d0%be%d0%b1%d0%be%d0%b4-10x2-125-90-%d0%b3%d1%80%d0%b0%d0%b4%d1%83%d1%81%d0%be%d0%b2-%d0%b4%d0%bb%d1%8f-%d1%8d%d0%bb%d0%b5%d0%ba%d1%82\/\" \/>\n<meta property=\"og:site_name\" content=\"T\u00f5uksimaailm\" \/>\n<meta property=\"article:publisher\" content=\"https:\/\/www.facebook.com\/touksimaailm\/\" \/>\n<meta property=\"og:image\" content=\"https:\/\/www.xn--tuksimaailm-ffb.ee\/wp-content\/uploads\/2021\/12\/9090-kraadi-8.5x2-1.jpg\" \/>\n\t<meta property=\"og:image:width\" content=\"501\" \/>\n\t<meta property=\"og:image:height\" content=\"262\" \/>\n\t<meta property=\"og:image:type\" content=\"image\/jpeg\" \/>\n<meta name=\"twitter:card\" content=\"summary_large_image\" \/>\n<meta name=\"twitter:label1\" content=\"\u0426\u0435\u043d\u0430\" \/>\n\t<meta name=\"twitter:data1\" content=\"&euro;15.00\" \/>\n\t<meta name=\"twitter:label2\" content=\"\u0414\u043e\u0441\u0442\u0443\u043f\u043d\u043e\u0441\u0442\u044c\" \/>\n\t<meta name=\"twitter:data2\" content=\"\u0412 \u043d\u0430\u043b\u0438\u0447\u0438\u0438\" \/>\n<meta property=\"product:price:amount\" content=\"15.00\" \/>\n<meta property=\"product:price:currency\" content=\"EUR\" \/>\n<meta property=\"og:availability\" content=\"instock\" \/>\n<meta property=\"product:availability\" content=\"instock\" \/>\n<meta property=\"product:retailer_item_id\" content=\"SR-10x2.125-90-BLAU\" \/>\n<meta property=\"product:condition\" content=\"new\" \/>\n<!-- \/ Yoast SEO Premium plugin. -->","yoast_head_json":{"title":"\u0412\u043d\u0443\u0442\u0440\u0435\u043d\u043d\u0438\u0439 \u043e\u0431\u043e\u0434 10x2.125 90 \u0433\u0440\u0430\u0434\u0443\u0441\u043e\u0432 \u0434\u043b\u044f \u044d\u043b\u0435\u043a\u0442\u0440\u043e\u043a\u043e\u043b\u044f\u0441\u043a\u0438 Blaupunkt &#8212; T\u00f5uksimaailm","robots":{"index":"index","follow":"follow","max-snippet":"max-snippet:-1","max-image-preview":"max-image-preview:large","max-video-preview":"max-video-preview:-1"},"canonical":"https:\/\/www.xn--tuksimaailm-ffb.ee\/ru\/\u043f\u0440\u043e\u0434\u0443\u043a\u0442\/%d0%b2%d0%bd%d1%83%d1%82%d1%80%d0%b5%d0%bd%d0%bd%d0%b8%d0%b9-%d0%be%d0%b1%d0%be%d0%b4-10x2-125-90-%d0%b3%d1%80%d0%b0%d0%b4%d1%83%d1%81%d0%be%d0%b2-%d0%b4%d0%bb%d1%8f-%d1%8d%d0%bb%d0%b5%d0%ba%d1%82\/","og_locale":"ru_RU","og_type":"article","og_title":"\u0412\u043d\u0443\u0442\u0440\u0435\u043d\u043d\u0438\u0439 \u043e\u0431\u043e\u0434 10x2.125 90 \u0433\u0440\u0430\u0434\u0443\u0441\u043e\u0432 \u0434\u043b\u044f \u044d\u043b\u0435\u043a\u0442\u0440\u043e\u043a\u043e\u043b\u044f\u0441\u043a\u0438 Blaupunkt","og_url":"https:\/\/www.xn--tuksimaailm-ffb.ee\/ru\/\u043f\u0440\u043e\u0434\u0443\u043a\u0442\/%d0%b2%d0%bd%d1%83%d1%82%d1%80%d0%b5%d0%bd%d0%bd%d0%b8%d0%b9-%d0%be%d0%b1%d0%be%d0%b4-10x2-125-90-%d0%b3%d1%80%d0%b0%d0%b4%d1%83%d1%81%d0%be%d0%b2-%d0%b4%d0%bb%d1%8f-%d1%8d%d0%bb%d0%b5%d0%ba%d1%82\/","og_site_name":"T\u00f5uksimaailm","article_publisher":"https:\/\/www.facebook.com\/touksimaailm\/","og_image":[{"width":501,"height":262,"url":"https:\/\/www.xn--tuksimaailm-ffb.ee\/wp-content\/uploads\/2021\/12\/9090-kraadi-8.5x2-1.jpg","type":"image\/jpeg"}],"twitter_card":"summary_large_image","twitter_misc":{"\u0426\u0435\u043d\u0430":"&euro;15.00","\u0414\u043e\u0441\u0442\u0443\u043f\u043d\u043e\u0441\u0442\u044c":"\u0412 \u043d\u0430\u043b\u0438\u0447\u0438\u0438"},"schema":{"@context":"https:\/\/schema.org","@graph":[{"@type":"WebPage","@id":"https:\/\/www.xn--tuksimaailm-ffb.ee\/ru\/\u043f\u0440\u043e\u0434\u0443\u043a\u0442\/%d0%b2%d0%bd%d1%83%d1%82%d1%80%d0%b5%d0%bd%d0%bd%d0%b8%d0%b9-%d0%be%d0%b1%d0%be%d0%b4-10x2-125-90-%d0%b3%d1%80%d0%b0%d0%b4%d1%83%d1%81%d0%be%d0%b2-%d0%b4%d0%bb%d1%8f-%d1%8d%d0%bb%d0%b5%d0%ba%d1%82\/","url":"https:\/\/www.xn--tuksimaailm-ffb.ee\/ru\/\u043f\u0440\u043e\u0434\u0443\u043a\u0442\/%d0%b2%d0%bd%d1%83%d1%82%d1%80%d0%b5%d0%bd%d0%bd%d0%b8%d0%b9-%d0%be%d0%b1%d0%be%d0%b4-10x2-125-90-%d0%b3%d1%80%d0%b0%d0%b4%d1%83%d1%81%d0%be%d0%b2-%d0%b4%d0%bb%d1%8f-%d1%8d%d0%bb%d0%b5%d0%ba%d1%82\/","name":"\u0412\u043d\u0443\u0442\u0440\u0435\u043d\u043d\u0438\u0439 \u043e\u0431\u043e\u0434 10x2.125 90 \u0433\u0440\u0430\u0434\u0443\u0441\u043e\u0432 \u0434\u043b\u044f \u044d\u043b\u0435\u043a\u0442\u0440\u043e\u043a\u043e\u043b\u044f\u0441\u043a\u0438 Blaupunkt &#8212; T\u00f5uksimaailm","isPartOf":{"@id":"https:\/\/www.xn--tuksimaailm-ffb.ee\/ru\/#website"},"primaryImageOfPage":{"@id":"https:\/\/www.xn--tuksimaailm-ffb.ee\/ru\/\u043f\u0440\u043e\u0434\u0443\u043a\u0442\/%d0%b2%d0%bd%d1%83%d1%82%d1%80%d0%b5%d0%bd%d0%bd%d0%b8%d0%b9-%d0%be%d0%b1%d0%be%d0%b4-10x2-125-90-%d0%b3%d1%80%d0%b0%d0%b4%d1%83%d1%81%d0%be%d0%b2-%d0%b4%d0%bb%d1%8f-%d1%8d%d0%bb%d0%b5%d0%ba%d1%82\/#primaryimage"},"image":{"@id":"https:\/\/www.xn--tuksimaailm-ffb.ee\/ru\/\u043f\u0440\u043e\u0434\u0443\u043a\u0442\/%d0%b2%d0%bd%d1%83%d1%82%d1%80%d0%b5%d0%bd%d0%bd%d0%b8%d0%b9-%d0%be%d0%b1%d0%be%d0%b4-10x2-125-90-%d0%b3%d1%80%d0%b0%d0%b4%d1%83%d1%81%d0%be%d0%b2-%d0%b4%d0%bb%d1%8f-%d1%8d%d0%bb%d0%b5%d0%ba%d1%82\/#primaryimage"},"thumbnailUrl":"https:\/\/www.xn--tuksimaailm-ffb.ee\/wp-content\/uploads\/2021\/12\/Screenshot-2026-01-02-205626.webp","datePublished":"2021-12-06T18:49:23+00:00","breadcrumb":{"@id":"https:\/\/www.xn--tuksimaailm-ffb.ee\/ru\/\u043f\u0440\u043e\u0434\u0443\u043a\u0442\/%d0%b2%d0%bd%d1%83%d1%82%d1%80%d0%b5%d0%bd%d0%bd%d0%b8%d0%b9-%d0%be%d0%b1%d0%be%d0%b4-10x2-125-90-%d0%b3%d1%80%d0%b0%d0%b4%d1%83%d1%81%d0%be%d0%b2-%d0%b4%d0%bb%d1%8f-%d1%8d%d0%bb%d0%b5%d0%ba%d1%82\/#breadcrumb"},"inLanguage":"ru-RU","potentialAction":[{"@type":"ReadAction","target":["https:\/\/www.xn--tuksimaailm-ffb.ee\/ru\/\u043f\u0440\u043e\u0434\u0443\u043a\u0442\/%d0%b2%d0%bd%d1%83%d1%82%d1%80%d0%b5%d0%bd%d0%bd%d0%b8%d0%b9-%d0%be%d0%b1%d0%be%d0%b4-10x2-125-90-%d0%b3%d1%80%d0%b0%d0%b4%d1%83%d1%81%d0%be%d0%b2-%d0%b4%d0%bb%d1%8f-%d1%8d%d0%bb%d0%b5%d0%ba%d1%82\/"]}]},{"@type":"ImageObject","inLanguage":"ru-RU","@id":"https:\/\/www.xn--tuksimaailm-ffb.ee\/ru\/\u043f\u0440\u043e\u0434\u0443\u043a\u0442\/%d0%b2%d0%bd%d1%83%d1%82%d1%80%d0%b5%d0%bd%d0%bd%d0%b8%d0%b9-%d0%be%d0%b1%d0%be%d0%b4-10x2-125-90-%d0%b3%d1%80%d0%b0%d0%b4%d1%83%d1%81%d0%be%d0%b2-%d0%b4%d0%bb%d1%8f-%d1%8d%d0%bb%d0%b5%d0%ba%d1%82\/#primaryimage","url":"https:\/\/www.xn--tuksimaailm-ffb.ee\/wp-content\/uploads\/2021\/12\/Screenshot-2026-01-02-205626.webp","contentUrl":"https:\/\/www.xn--tuksimaailm-ffb.ee\/wp-content\/uploads\/2021\/12\/Screenshot-2026-01-02-205626.webp","width":908,"height":890,"caption":"Siserehv 10x2.125 90 kraadi elektrit\u00f5ukeratas Blaupunkt"},{"@type":"BreadcrumbList","@id":"https:\/\/www.xn--tuksimaailm-ffb.ee\/ru\/\u043f\u0440\u043e\u0434\u0443\u043a\u0442\/%d0%b2%d0%bd%d1%83%d1%82%d1%80%d0%b5%d0%bd%d0%bd%d0%b8%d0%b9-%d0%be%d0%b1%d0%be%d0%b4-10x2-125-90-%d0%b3%d1%80%d0%b0%d0%b4%d1%83%d1%81%d0%be%d0%b2-%d0%b4%d0%bb%d1%8f-%d1%8d%d0%bb%d0%b5%d0%ba%d1%82\/#breadcrumb","itemListElement":[{"@type":"ListItem","position":1,"name":"Home","item":"https:\/\/www.xn--tuksimaailm-ffb.ee\/ru\/frontpage\/"},{"@type":"ListItem","position":2,"name":"\u041c\u0410\u0413\u0410\u0417\u0418\u041d","item":"https:\/\/www.xn--tuksimaailm-ffb.ee\/elektritoukerataste-pood\/"},{"@type":"ListItem","position":3,"name":"\u0412\u043d\u0443\u0442\u0440\u0435\u043d\u043d\u0438\u0439 \u043e\u0431\u043e\u0434 10x2.125 90 \u0433\u0440\u0430\u0434\u0443\u0441\u043e\u0432 \u0434\u043b\u044f \u044d\u043b\u0435\u043a\u0442\u0440\u043e\u043a\u043e\u043b\u044f\u0441\u043a\u0438 Blaupunkt"}]},{"@type":"WebSite","@id":"https:\/\/www.xn--tuksimaailm-ffb.ee\/ru\/#website","url":"https:\/\/www.xn--tuksimaailm-ffb.ee\/ru\/","name":"T\u00f5uksimaailm","description":"Elektrit\u00f5ukerataste m\u00fc\u00fck, remont ja rent","publisher":{"@id":"https:\/\/www.xn--tuksimaailm-ffb.ee\/ru\/#organization"},"potentialAction":[{"@type":"SearchAction","target":{"@type":"EntryPoint","urlTemplate":"https:\/\/www.xn--tuksimaailm-ffb.ee\/ru\/?s={search_term_string}"},"query-input":{"@type":"PropertyValueSpecification","valueRequired":true,"valueName":"search_term_string"}}],"inLanguage":"ru-RU"},{"@type":"Organization","@id":"https:\/\/www.xn--tuksimaailm-ffb.ee\/ru\/#organization","name":"T\u00f5uksimaailm","url":"https:\/\/www.xn--tuksimaailm-ffb.ee\/ru\/","logo":{"@type":"ImageObject","inLanguage":"ru-RU","@id":"https:\/\/www.xn--tuksimaailm-ffb.ee\/ru\/#\/schema\/logo\/image\/","url":"https:\/\/www.xn--tuksimaailm-ffb.ee\/wp-content\/uploads\/2020\/01\/logoz-e1579792875517.png","contentUrl":"https:\/\/www.xn--tuksimaailm-ffb.ee\/wp-content\/uploads\/2020\/01\/logoz-e1579792875517.png","width":250,"height":250,"caption":"T\u00f5uksimaailm"},"image":{"@id":"https:\/\/www.xn--tuksimaailm-ffb.ee\/ru\/#\/schema\/logo\/image\/"},"sameAs":["https:\/\/www.facebook.com\/touksimaailm\/","https:\/\/www.instagram.com\/touksimaailm_\/","https:\/\/www.youtube.com\/channel\/UC18ml0EKIDLP1xGuQjFzcXQ"]}]},"product_price_amount":"15.00","product_price_currency":"EUR","og_availability":"instock","product_availability":"instock","product_retailer_item_id":"SR-10x2.125-90-BLAU","product_condition":"new"},"jetpack_sharing_enabled":true,"_links":{"self":[{"href":"https:\/\/www.xn--tuksimaailm-ffb.ee\/ru\/wp-json\/wp\/v2\/product\/51903","targetHints":{"allow":["GET"]}}],"collection":[{"href":"https:\/\/www.xn--tuksimaailm-ffb.ee\/ru\/wp-json\/wp\/v2\/product"}],"about":[{"href":"https:\/\/www.xn--tuksimaailm-ffb.ee\/ru\/wp-json\/wp\/v2\/types\/product"}],"wp:featuredmedia":[{"embeddable":true,"href":"https:\/\/www.xn--tuksimaailm-ffb.ee\/ru\/wp-json\/wp\/v2\/media\/71995"}],"wp:attachment":[{"href":"https:\/\/www.xn--tuksimaailm-ffb.ee\/ru\/wp-json\/wp\/v2\/media?parent=51903"}],"wp:term":[{"taxonomy":"product_brand","embeddable":true,"href":"https:\/\/www.xn--tuksimaailm-ffb.ee\/ru\/wp-json\/wp\/v2\/product_brand?post=51903"},{"taxonomy":"product_cat","embeddable":true,"href":"https:\/\/www.xn--tuksimaailm-ffb.ee\/ru\/wp-json\/wp\/v2\/product_cat?post=51903"},{"taxonomy":"product_tag","embeddable":true,"href":"https:\/\/www.xn--tuksimaailm-ffb.ee\/ru\/wp-json\/wp\/v2\/product_tag?post=51903"},{"taxonomy":"filter_elektritoukeratas","embeddable":true,"href":"https:\/\/www.xn--tuksimaailm-ffb.ee\/ru\/wp-json\/wp\/v2\/filter_elektritoukeratas?post=51903"}],"curies":[{"name":"wp","href":"https:\/\/api.w.org\/{rel}","templated":true}]}}