{"id":51904,"date":"2021-12-06T19:07:59","date_gmt":"2021-12-06T17:07:59","guid":{"rendered":"http:\/\/www.xn--tuksimaailm-ffb.ee\/shop\/%d0%b2%d0%bd%d1%83%d1%82%d1%80%d0%b5%d0%bd%d0%bd%d0%b8%d0%b9-%d0%be%d0%b1%d0%be%d0%b4-10x2-125-0-%d0%b3%d1%80%d0%b0%d0%b4%d1%83%d1%81%d0%be%d0%b2-%d1%8d%d0%bb%d0%b5%d0%ba%d1%82%d1%80%d0%b8%d1%87\/"},"modified":"2021-12-06T19:07:59","modified_gmt":"2021-12-06T16:07:59","slug":"%d0%b2%d0%bd%d1%83%d1%82%d1%80%d0%b5%d0%bd%d0%bd%d0%b8%d0%b9-%d0%be%d0%b1%d0%be%d0%b4-10x2-125-0-%d0%b3%d1%80%d0%b0%d0%b4%d1%83%d1%81%d0%be%d0%b2-%d1%8d%d0%bb%d0%b5%d0%ba%d1%82%d1%80%d0%b8%d1%87","status":"publish","type":"product","link":"https:\/\/www.xn--tuksimaailm-ffb.ee\/ru\/\u043f\u0440\u043e\u0434\u0443\u043a\u0442\/%d0%b2%d0%bd%d1%83%d1%82%d1%80%d0%b5%d0%bd%d0%bd%d0%b8%d0%b9-%d0%be%d0%b1%d0%be%d0%b4-10x2-125-0-%d0%b3%d1%80%d0%b0%d0%b4%d1%83%d1%81%d0%be%d0%b2-%d1%8d%d0%bb%d0%b5%d0%ba%d1%82%d1%80%d0%b8%d1%87\/","title":{"rendered":"\u0412\u043d\u0443\u0442\u0440\u0435\u043d\u043d\u0438\u0439 \u043e\u0431\u043e\u0434 10x2.125, 0 \u0433\u0440\u0430\u0434\u0443\u0441\u043e\u0432 - \u044d\u043b\u0435\u043a\u0442\u0440\u0438\u0447\u0435\u0441\u043a\u0438\u0439 \u0441\u0430\u043c\u043e\u043a\u0430\u0442 Velt Smart"},"content":{"rendered":"<p>\u0412\u043d\u0443\u0442\u0440\u0435\u043d\u043d\u0435\u0435 \u043a\u043e\u043b\u044c\u0446\u043e 10x2.125, 0 \u0433\u0440\u0430\u0434\u0443\u0441\u043e\u0432 (\u0442\u0430\u043a\u0436\u0435 \u0432\u043d\u0443\u0442\u0440\u0435\u043d\u043d\u044f\u044f \u0440\u0435\u0437\u0438\u043d\u0430, \u0432\u043d\u0443\u0442\u0440\u0435\u043d\u043d\u044f\u044f \u043f\u043e\u0434\u043e\u0448\u0432\u0430, \u0432\u043e\u0437\u0434\u0443\u0448\u043d\u0430\u044f \u0440\u0435\u0437\u0438\u043d\u0430). \u041f\u043e\u0434\u0445\u043e\u0434\u0438\u0442 \u0434\u043b\u044f \u044d\u043b\u0435\u043a\u0442\u0440\u043e\u0441\u043a\u0443\u0442\u0435\u0440\u043e\u0432 <a href=\"http:\/\/www.xn--tuksimaailm-ffb.ee\/shop\/elektriline-toukeratas-velt-smart-scooter-x7\/\"><strong>Velt Smart Scooter X7<\/strong><\/a>, <a href=\"http:\/\/www.xn--tuksimaailm-ffb.ee\/shop\/elektriline-toukeratas-velt-smart-scooter-x8\/\"><strong>X8<\/strong><\/a>, <a href=\"http:\/\/www.xn--tuksimaailm-ffb.ee\/shop\/velt-smart-scooter-x8-pro-elektritoukeratas\/\"><strong>X8 Pro<\/strong><\/a>, \u044d\u043b\u0435\u043a\u0442\u0440\u043e\u0441\u043a\u0443\u0442\u0435\u0440\u043e\u0432 <a href=\"https:\/\/blaupunkt.com\/c_ee\/produkt\/esc910\/\"><strong>Blaupunkt ESC910<\/strong><\/a> \u0438 ESC910.2, HX X7 \u0438 X8, <a href=\"http:\/\/www.xn--tuksimaailm-ffb.ee\/shop\/elektritouks-gpad-joyride\/\"><strong>Gpad Joyride<\/strong><\/a> (\u0442\u0430\u043a\u0436\u0435 Eco \/ Max) \u0438 <a href=\"https:\/\/joyorscooter.com\/model-x\/\"><strong>Joyor X1 \/ X5S<\/strong><\/a>. \u041f\u043e \u0441\u0432\u043e\u0438\u043c \u0440\u0430\u0437\u043c\u0435\u0440\u0430\u043c \u0432\u043d\u0443\u0442\u0440\u0435\u043d\u043d\u044f\u044f \u0442\u0440\u0443\u0431\u043a\u0430 10x2.125 \u0441 \u0432\u0435\u043d\u0442\u0438\u043b\u0435\u043c 0 \u0433\u0440\u0430\u0434\u0443\u0441\u043e\u0432 \u043f\u043e\u0434\u0445\u043e\u0434\u0438\u0442 \u0434\u043b\u044f \u0438\u0441\u043f\u043e\u043b\u044c\u0437\u043e\u0432\u0430\u043d\u0438\u044f \u043d\u0430 \u043b\u044e\u0431\u043e\u043c \u044d\u043b\u0435\u043a\u0442\u0440\u043e\u0441\u0430\u043c\u043e\u043a\u0430\u0442\u0435, \u0438\u0437\u043d\u0430\u0447\u0430\u043b\u044c\u043d\u043e \u043e\u0441\u043d\u0430\u0449\u0435\u043d\u043d\u043e\u043c \u0432\u043d\u0435\u0448\u043d\u0438\u043c\u0438 \u0448\u0438\u043d\u0430\u043c\u0438 <strong>10x2.0\u00ab, 10x2.10\u00bb, 10x2.125\u00ab, 10x2.25\u00bb \u0438\u043b\u0438 10x2.35<\/strong> \u00ab. \u0412\u043d\u0443\u0442\u0440\u0435\u043d\u043d\u044f\u044f \u0448\u0438\u043d\u0430 \u044d\u043b\u0435\u043a\u0442\u0440\u043e\u0441\u0430\u043c\u043e\u043a\u0430\u0442\u0430 \u0438\u043c\u0435\u0435\u0442 <strong>\u0430\u0432\u0442\u043e\u043a\u043b\u0430\u043f\u0430\u043d (AV)<\/strong>, \u043a\u043e\u0442\u043e\u0440\u044b\u0439 \u043c\u043e\u0436\u0435\u0442 \u0431\u044b\u0442\u044c \u043d\u0430\u043a\u0430\u0447\u0430\u043d \u0431\u043e\u043b\u044c\u0448\u0438\u043d\u0441\u0442\u0432\u043e\u043c \u043d\u0430\u0441\u043e\u0441\u043e\u0432. \u0423\u0433\u043e\u043b \u043d\u0430\u043a\u043b\u043e\u043d\u0430 \u043a\u043b\u0430\u043f\u0430\u043d\u0430 \u0441\u043e\u0441\u0442\u0430\u0432\u043b\u044f\u0435\u0442 <strong>0 \u0433\u0440\u0430\u0434\u0443\u0441\u043e\u0432.<\/strong> \u041d\u0430\u043f\u0440\u0430\u0432\u043b\u0435\u043d\u0438\u0435 \u043a\u043b\u0430\u043f\u0430\u043d\u0430 \u0442\u0430\u043a\u0436\u0435 \u043d\u0430\u0445\u043e\u0434\u0438\u0442\u0441\u044f \u043f\u043e\u0434 \u0443\u0433\u043b\u043e\u043c 0 \u0433\u0440\u0430\u0434\u0443\u0441\u043e\u0432 \u043a \u043e\u0441\u0438 \u0432\u0440\u0430\u0449\u0435\u043d\u0438\u044f \u0432\u043d\u0443\u0442\u0440\u0435\u043d\u043d\u0435\u0439 \u0432\u0442\u0443\u043b\u043a\u0438. \u0418\u0437-\u0437\u0430 \u043d\u0435\u0431\u043e\u043b\u044c\u0448\u043e\u0433\u043e \u0440\u0430\u0437\u043c\u0435\u0440\u0430 \u0438 \u043e\u0431\u044a\u0435\u043c\u0430 \u0432\u043e\u0437\u0434\u0443\u0445\u0430 \u0432 \u0448\u0438\u043d\u0430\u0445 \u044d\u043b\u0435\u043a\u0442\u0440\u043e\u0441\u0430\u043c\u043e\u043a\u0430\u0442 \u043f\u043e\u0434\u0432\u0435\u0440\u0436\u0435\u043d \u0440\u0438\u0441\u043a\u0443 \u0432\u043d\u0443\u0442\u0440\u0435\u043d\u043d\u0435\u0433\u043e \u0440\u0430\u0437\u0440\u044b\u0432\u0430 \u0448\u0438\u043d\u044b \u0432 \u0440\u0435\u0437\u0443\u043b\u044c\u0442\u0430\u0442\u0435 \u0443\u0434\u0430\u0440\u0430, \u043f\u043e\u044d\u0442\u043e\u043c\u0443 \u043c\u044b \u0440\u0435\u043a\u043e\u043c\u0435\u043d\u0434\u0443\u0435\u043c \u043f\u0440\u043e\u0432\u0435\u0440\u044f\u0442\u044c \u0434\u0430\u0432\u043b\u0435\u043d\u0438\u0435 \u0432 \u0448\u0438\u043d\u0430\u0445 \u0440\u0430\u0437 \u0432 2 \u043d\u0435\u0434\u0435\u043b\u0438 \u0438\u043b\u0438 \u043f\u0435\u0440\u0435\u0434 \u043a\u0430\u0436\u0434\u043e\u0439 \u043f\u043e\u0435\u0437\u0434\u043a\u043e\u0439, \u0435\u0441\u043b\u0438 \u043d\u0430 \u044d\u043b\u0435\u043a\u0442\u0440\u043e\u0441\u0430\u043c\u043e\u043a\u0430\u0442\u0435 \u043a\u0430\u0442\u0430\u044e\u0442\u0441\u044f \u0440\u0435\u0436\u0435. \u041f\u0440\u0438 \u043d\u0430\u043a\u0430\u0447\u0438\u0432\u0430\u043d\u0438\u0438 \u0448\u0438\u043d \u043c\u044b \u043d\u0430\u0441\u0442\u043e\u044f\u0442\u0435\u043b\u044c\u043d\u043e \u0440\u0435\u043a\u043e\u043c\u0435\u043d\u0434\u0443\u0435\u043c \u0438\u0441\u043f\u043e\u043b\u044c\u0437\u043e\u0432\u0430\u0442\u044c <a href=\"http:\/\/www.xn--tuksimaailm-ffb.ee\/tootekategooria\/lisavarustus\/\">\u043c\u0430\u043d\u043e\u043c\u0435\u0442\u0440\u0438\u0447\u0435\u0441\u043a\u0438\u0435 \u043d\u0430\u0441\u043e\u0441\u044b<\/a>, \u0447\u0442\u043e\u0431\u044b \u043e\u0431\u0435\u0441\u043f\u0435\u0447\u0438\u0442\u044c \u0442\u043e\u0447\u043d\u043e\u0435 \u0434\u0430\u0432\u043b\u0435\u043d\u0438\u0435 \u0432 \u0448\u0438\u043d\u0430\u0445, \u0440\u0435\u043a\u043e\u043c\u0435\u043d\u0434\u043e\u0432\u0430\u043d\u043d\u043e\u0435 \u043f\u0440\u043e\u0438\u0437\u0432\u043e\u0434\u0438\u0442\u0435\u043b\u0435\u043c \u044d\u043b\u0435\u043a\u0442\u0440\u043e\u0441\u0430\u043c\u043e\u043a\u0430\u0442\u0430. \u0415\u0441\u043b\u0438 \u0432\u0430\u0448 \u044d\u043b\u0435\u043a\u0442\u0440\u043e\u0441\u043a\u0443\u0442\u0435\u0440 \u043d\u0443\u0436\u0434\u0430\u0435\u0442\u0441\u044f \u0432 \u0440\u0435\u043c\u043e\u043d\u0442\u0435 \u0438\u043b\u0438 <a href=\"https:\/\/www.youtube.com\/watch?v=9c5oaCgBtVA\">\u0441\u0430\u043c\u043e\u0441\u0442\u043e\u044f\u0442\u0435\u043b\u044c\u043d\u044b\u0439 \u0440\u0435\u043c\u043e\u043d\u0442<\/a>\u0441\u043b\u0438\u0448\u043a\u043e\u043c \u0441\u043b\u043e\u0436\u0435\u043d \u0434\u043b\u044f \u0432\u0430\u0441, \u043d\u0430\u0448\u0430 \u0441\u043f\u0435\u0446\u0438\u0430\u043b\u0438\u0437\u0438\u0440\u043e\u0432\u0430\u043d\u043d\u0430\u044f <a href=\"http:\/\/www.xn--tuksimaailm-ffb.ee\/elektrilise-toukeratta-remont\/\">\u043c\u0430\u0441\u0442\u0435\u0440\u0441\u043a\u0430\u044f \u043f\u043e<\/a> \u0440\u0435\u043c\u043e\u043d\u0442\u0443 \u044d\u043b\u0435\u043a\u0442\u0440\u043e\u0441\u043a\u0443\u0442\u0435\u0440\u043e\u0432 \u043c\u043e\u0436\u0435\u0442 \u043f\u043e\u043c\u043e\u0447\u044c \u0432\u0430\u043c. \u041c\u044b \u0442\u0430\u043a\u0436\u0435 \u043c\u043e\u0436\u0435\u043c \u043f\u0440\u043e\u0438\u0437\u0432\u0435\u0441\u0442\u0438 \u0437\u0430\u043c\u0435\u043d\u0443 \u0448\u0438\u043d \u0432 \u0440\u0435\u0436\u0438\u043c\u0435 \u043e\u0436\u0438\u0434\u0430\u043d\u0438\u044f. \u041f\u043e\u0434\u0440\u043e\u0431\u043d\u0435\u0435 \u043e \u0437\u0430\u043c\u0435\u043d\u0435 \u0448\u0438\u043d \u043d\u0430 \u044d\u043b\u0435\u043a\u0442\u0440\u043e\u0441\u043a\u0443\u0442\u0435\u0440\u0435 \u0432\u044b \u043c\u043e\u0436\u0435\u0442\u0435 \u043f\u0440\u043e\u0447\u0438\u0442\u0430\u0442\u044c \u0432 \u043d\u0430\u0448\u0435\u043c <a href=\"http:\/\/www.xn--tuksimaailm-ffb.ee\/elektritoukeratta-rehvivahetus\/\">\u0431\u043b\u043e\u0433\u0435<\/a>.<\/p>\n","protected":false},"excerpt":{"rendered":"<p>\u0412\u043d\u0443\u0442\u0440\u0435\u043d\u043d\u0435\u0435 \u043a\u043e\u043b\u044c\u0446\u043e 10x2.125, 0 \u0433\u0440\u0430\u0434\u0443\u0441\u043e\u0432 (\u0442\u0430\u043a\u0436\u0435 \u0432\u043d\u0443\u0442\u0440\u0435\u043d\u043d\u044f\u044f \u0440\u0435\u0437\u0438\u043d\u0430, \u0432\u043d\u0443\u0442\u0440\u0435\u043d\u043d\u044f\u044f \u043f\u043e\u0434\u043e\u0448\u0432\u0430, \u0432\u043e\u0437\u0434\u0443\u0448\u043d\u0430\u044f \u0440\u0435\u0437\u0438\u043d\u0430). \u041f\u043e\u0434\u0445\u043e\u0434\u0438\u0442 \u0434\u043b\u044f \u044d\u043b\u0435\u043a\u0442\u0440\u043e\u0441\u043a\u0443\u0442\u0435\u0440\u043e\u0432 Velt Smart Scooter X7, X8, X8 Pro, \u044d\u043b\u0435\u043a\u0442\u0440\u043e\u0441\u043a\u0443\u0442\u0435\u0440\u043e\u0432 Blaupunkt ESC910 \u0438 ESC910.2, HX X7 \u0438 X8, Gpad Joyride (\u0442\u0430\u043a\u0436\u0435 Eco \/ Max) \u0438 Joyor X1 \/ X5S. \u041f\u043e \u0441\u0432\u043e\u0438\u043c \u0440\u0430\u0437\u043c\u0435\u0440\u0430\u043c \u0432\u043d\u0443\u0442\u0440\u0435\u043d\u043d\u044f\u044f \u0442\u0440\u0443\u0431\u043a\u0430 10x2.125 \u0441 \u0432\u0435\u043d\u0442\u0438\u043b\u0435\u043c &hellip;<\/p>\n","protected":false},"featured_media":14740,"template":"","meta":[],"product_brand":[],"product_cat":[757],"product_tag":[1524],"filter_elektritoukeratas":[2686,2687,2704,2697,2698,2717,2694,2695,2693,2691,2692],"class_list":{"0":"post-51904","1":"product","2":"type-product","3":"status-publish","4":"has-post-thumbnail","6":"product_cat-757","7":"product_tag-siserehvid-ru","8":"pa_tootetuup-siserehvid-ru","9":"filter_elektritoukeratas-ft_blaupunkt_esc808","10":"filter_elektritoukeratas-ft_blaupunkt_esc910","11":"filter_elektritoukeratas-ft_gpad_joyride","12":"filter_elektritoukeratas-ft_hx_x7","13":"filter_elektritoukeratas-ft_hx_x8","14":"filter_elektritoukeratas-ft_joyor_x1_x5s","15":"filter_elektritoukeratas-ft_velt_smart_eco","16":"filter_elektritoukeratas-ft_velt_smart_pro","17":"filter_elektritoukeratas-ft_velt_smart_x7","18":"filter_elektritoukeratas-ft_velt_smart_x8","19":"filter_elektritoukeratas-ft_velt_smart_x8_pro","21":"first","22":"instock","23":"taxable","24":"shipping-taxable","25":"purchasable","26":"product-type-simple"},"yoast_head":"<!-- This site is optimized with the Yoast SEO Premium plugin v26.8 (Yoast SEO v27.3) - https:\/\/yoast.com\/product\/yoast-seo-premium-wordpress\/ -->\n<title>\u0412\u043d\u0443\u0442\u0440\u0435\u043d\u043d\u0438\u0439 \u043e\u0431\u043e\u0434 10x2.125, 0 \u0433\u0440\u0430\u0434\u0443\u0441\u043e\u0432 - \u044d\u043b\u0435\u043a\u0442\u0440\u0438\u0447\u0435\u0441\u043a\u0438\u0439 \u0441\u0430\u043c\u043e\u043a\u0430\u0442 Velt Smart &#8212; T\u00f5uksimaailm<\/title>\n<meta name=\"robots\" content=\"index, follow, max-snippet:-1, max-image-preview:large, max-video-preview:-1\" \/>\n<link rel=\"canonical\" href=\"https:\/\/www.xn--tuksimaailm-ffb.ee\/ru\/\u043f\u0440\u043e\u0434\u0443\u043a\u0442\/%d0%b2%d0%bd%d1%83%d1%82%d1%80%d0%b5%d0%bd%d0%bd%d0%b8%d0%b9-%d0%be%d0%b1%d0%be%d0%b4-10x2-125-0-%d0%b3%d1%80%d0%b0%d0%b4%d1%83%d1%81%d0%be%d0%b2-%d1%8d%d0%bb%d0%b5%d0%ba%d1%82%d1%80%d0%b8%d1%87\/\" \/>\n<meta property=\"og:locale\" content=\"ru_RU\" \/>\n<meta property=\"og:type\" content=\"article\" \/>\n<meta property=\"og:title\" content=\"\u0412\u043d\u0443\u0442\u0440\u0435\u043d\u043d\u0438\u0439 \u043e\u0431\u043e\u0434 10x2.125, 0 \u0433\u0440\u0430\u0434\u0443\u0441\u043e\u0432 - \u044d\u043b\u0435\u043a\u0442\u0440\u0438\u0447\u0435\u0441\u043a\u0438\u0439 \u0441\u0430\u043c\u043e\u043a\u0430\u0442 Velt Smart\" \/>\n<meta property=\"og:description\" content=\"\u0412\u043d\u0443\u0442\u0440\u0435\u043d\u043d\u0435\u0435 \u043a\u043e\u043b\u044c\u0446\u043e 10x2.125, 0 \u0433\u0440\u0430\u0434\u0443\u0441\u043e\u0432 (\u0442\u0430\u043a\u0436\u0435 \u0432\u043d\u0443\u0442\u0440\u0435\u043d\u043d\u044f\u044f \u0440\u0435\u0437\u0438\u043d\u0430, \u0432\u043d\u0443\u0442\u0440\u0435\u043d\u043d\u044f\u044f \u043f\u043e\u0434\u043e\u0448\u0432\u0430, \u0432\u043e\u0437\u0434\u0443\u0448\u043d\u0430\u044f \u0440\u0435\u0437\u0438\u043d\u0430). \u041f\u043e\u0434\u0445\u043e\u0434\u0438\u0442 \u0434\u043b\u044f \u044d\u043b\u0435\u043a\u0442\u0440\u043e\u0441\u043a\u0443\u0442\u0435\u0440\u043e\u0432 Velt Smart Scooter X7, X8, X8 Pro, \u044d\u043b\u0435\u043a\u0442\u0440\u043e\u0441\u043a\u0443\u0442\u0435\u0440\u043e\u0432 Blaupunkt ESC910 \u0438 ESC910.2, HX X7 \u0438 X8, Gpad Joyride (\u0442\u0430\u043a\u0436\u0435 Eco \/ Max) \u0438 Joyor X1 \/ X5S. \u041f\u043e \u0441\u0432\u043e\u0438\u043c \u0440\u0430\u0437\u043c\u0435\u0440\u0430\u043c \u0432\u043d\u0443\u0442\u0440\u0435\u043d\u043d\u044f\u044f \u0442\u0440\u0443\u0431\u043a\u0430 10x2.125 \u0441 \u0432\u0435\u043d\u0442\u0438\u043b\u0435\u043c &hellip;\" \/>\n<meta property=\"og:url\" content=\"https:\/\/www.xn--tuksimaailm-ffb.ee\/ru\/\u043f\u0440\u043e\u0434\u0443\u043a\u0442\/%d0%b2%d0%bd%d1%83%d1%82%d1%80%d0%b5%d0%bd%d0%bd%d0%b8%d0%b9-%d0%be%d0%b1%d0%be%d0%b4-10x2-125-0-%d0%b3%d1%80%d0%b0%d0%b4%d1%83%d1%81%d0%be%d0%b2-%d1%8d%d0%bb%d0%b5%d0%ba%d1%82%d1%80%d0%b8%d1%87\/\" \/>\n<meta property=\"og:site_name\" content=\"T\u00f5uksimaailm\" \/>\n<meta property=\"article:publisher\" content=\"https:\/\/www.facebook.com\/touksimaailm\/\" \/>\n<meta property=\"og:image\" content=\"https:\/\/www.xn--tuksimaailm-ffb.ee\/wp-content\/uploads\/2021\/12\/2.125-0-kraadi.png\" \/>\n\t<meta property=\"og:image:width\" content=\"1027\" \/>\n\t<meta property=\"og:image:height\" content=\"909\" \/>\n\t<meta property=\"og:image:type\" content=\"image\/png\" \/>\n<meta name=\"twitter:card\" content=\"summary_large_image\" \/>\n<meta name=\"twitter:label1\" content=\"\u0426\u0435\u043d\u0430\" \/>\n\t<meta name=\"twitter:data1\" content=\"&euro;10.00\" \/>\n\t<meta name=\"twitter:label2\" content=\"\u0414\u043e\u0441\u0442\u0443\u043f\u043d\u043e\u0441\u0442\u044c\" \/>\n\t<meta name=\"twitter:data2\" content=\"\u0412 \u043d\u0430\u043b\u0438\u0447\u0438\u0438\" \/>\n<meta property=\"product:price:amount\" content=\"10.00\" \/>\n<meta property=\"product:price:currency\" content=\"EUR\" \/>\n<meta property=\"og:availability\" content=\"instock\" \/>\n<meta property=\"product:availability\" content=\"instock\" \/>\n<meta property=\"product:retailer_item_id\" content=\"SR-10x2.125-0-VELT\" \/>\n<meta property=\"product:condition\" content=\"new\" \/>\n<!-- \/ Yoast SEO Premium plugin. -->","yoast_head_json":{"title":"\u0412\u043d\u0443\u0442\u0440\u0435\u043d\u043d\u0438\u0439 \u043e\u0431\u043e\u0434 10x2.125, 0 \u0433\u0440\u0430\u0434\u0443\u0441\u043e\u0432 - \u044d\u043b\u0435\u043a\u0442\u0440\u0438\u0447\u0435\u0441\u043a\u0438\u0439 \u0441\u0430\u043c\u043e\u043a\u0430\u0442 Velt Smart &#8212; T\u00f5uksimaailm","robots":{"index":"index","follow":"follow","max-snippet":"max-snippet:-1","max-image-preview":"max-image-preview:large","max-video-preview":"max-video-preview:-1"},"canonical":"https:\/\/www.xn--tuksimaailm-ffb.ee\/ru\/\u043f\u0440\u043e\u0434\u0443\u043a\u0442\/%d0%b2%d0%bd%d1%83%d1%82%d1%80%d0%b5%d0%bd%d0%bd%d0%b8%d0%b9-%d0%be%d0%b1%d0%be%d0%b4-10x2-125-0-%d0%b3%d1%80%d0%b0%d0%b4%d1%83%d1%81%d0%be%d0%b2-%d1%8d%d0%bb%d0%b5%d0%ba%d1%82%d1%80%d0%b8%d1%87\/","og_locale":"ru_RU","og_type":"article","og_title":"\u0412\u043d\u0443\u0442\u0440\u0435\u043d\u043d\u0438\u0439 \u043e\u0431\u043e\u0434 10x2.125, 0 \u0433\u0440\u0430\u0434\u0443\u0441\u043e\u0432 - \u044d\u043b\u0435\u043a\u0442\u0440\u0438\u0447\u0435\u0441\u043a\u0438\u0439 \u0441\u0430\u043c\u043e\u043a\u0430\u0442 Velt Smart","og_description":"\u0412\u043d\u0443\u0442\u0440\u0435\u043d\u043d\u0435\u0435 \u043a\u043e\u043b\u044c\u0446\u043e 10x2.125, 0 \u0433\u0440\u0430\u0434\u0443\u0441\u043e\u0432 (\u0442\u0430\u043a\u0436\u0435 \u0432\u043d\u0443\u0442\u0440\u0435\u043d\u043d\u044f\u044f \u0440\u0435\u0437\u0438\u043d\u0430, \u0432\u043d\u0443\u0442\u0440\u0435\u043d\u043d\u044f\u044f \u043f\u043e\u0434\u043e\u0448\u0432\u0430, \u0432\u043e\u0437\u0434\u0443\u0448\u043d\u0430\u044f \u0440\u0435\u0437\u0438\u043d\u0430). \u041f\u043e\u0434\u0445\u043e\u0434\u0438\u0442 \u0434\u043b\u044f \u044d\u043b\u0435\u043a\u0442\u0440\u043e\u0441\u043a\u0443\u0442\u0435\u0440\u043e\u0432 Velt Smart Scooter X7, X8, X8 Pro, \u044d\u043b\u0435\u043a\u0442\u0440\u043e\u0441\u043a\u0443\u0442\u0435\u0440\u043e\u0432 Blaupunkt ESC910 \u0438 ESC910.2, HX X7 \u0438 X8, Gpad Joyride (\u0442\u0430\u043a\u0436\u0435 Eco \/ Max) \u0438 Joyor X1 \/ X5S. \u041f\u043e \u0441\u0432\u043e\u0438\u043c \u0440\u0430\u0437\u043c\u0435\u0440\u0430\u043c \u0432\u043d\u0443\u0442\u0440\u0435\u043d\u043d\u044f\u044f \u0442\u0440\u0443\u0431\u043a\u0430 10x2.125 \u0441 \u0432\u0435\u043d\u0442\u0438\u043b\u0435\u043c &hellip;","og_url":"https:\/\/www.xn--tuksimaailm-ffb.ee\/ru\/\u043f\u0440\u043e\u0434\u0443\u043a\u0442\/%d0%b2%d0%bd%d1%83%d1%82%d1%80%d0%b5%d0%bd%d0%bd%d0%b8%d0%b9-%d0%be%d0%b1%d0%be%d0%b4-10x2-125-0-%d0%b3%d1%80%d0%b0%d0%b4%d1%83%d1%81%d0%be%d0%b2-%d1%8d%d0%bb%d0%b5%d0%ba%d1%82%d1%80%d0%b8%d1%87\/","og_site_name":"T\u00f5uksimaailm","article_publisher":"https:\/\/www.facebook.com\/touksimaailm\/","og_image":[{"width":1027,"height":909,"url":"https:\/\/www.xn--tuksimaailm-ffb.ee\/wp-content\/uploads\/2021\/12\/2.125-0-kraadi.png","type":"image\/png"}],"twitter_card":"summary_large_image","twitter_misc":{"\u0426\u0435\u043d\u0430":"&euro;10.00","\u0414\u043e\u0441\u0442\u0443\u043f\u043d\u043e\u0441\u0442\u044c":"\u0412 \u043d\u0430\u043b\u0438\u0447\u0438\u0438"},"schema":{"@context":"https:\/\/schema.org","@graph":[{"@type":"WebPage","@id":"https:\/\/www.xn--tuksimaailm-ffb.ee\/ru\/\u043f\u0440\u043e\u0434\u0443\u043a\u0442\/%d0%b2%d0%bd%d1%83%d1%82%d1%80%d0%b5%d0%bd%d0%bd%d0%b8%d0%b9-%d0%be%d0%b1%d0%be%d0%b4-10x2-125-0-%d0%b3%d1%80%d0%b0%d0%b4%d1%83%d1%81%d0%be%d0%b2-%d1%8d%d0%bb%d0%b5%d0%ba%d1%82%d1%80%d0%b8%d1%87\/","url":"https:\/\/www.xn--tuksimaailm-ffb.ee\/ru\/\u043f\u0440\u043e\u0434\u0443\u043a\u0442\/%d0%b2%d0%bd%d1%83%d1%82%d1%80%d0%b5%d0%bd%d0%bd%d0%b8%d0%b9-%d0%be%d0%b1%d0%be%d0%b4-10x2-125-0-%d0%b3%d1%80%d0%b0%d0%b4%d1%83%d1%81%d0%be%d0%b2-%d1%8d%d0%bb%d0%b5%d0%ba%d1%82%d1%80%d0%b8%d1%87\/","name":"\u0412\u043d\u0443\u0442\u0440\u0435\u043d\u043d\u0438\u0439 \u043e\u0431\u043e\u0434 10x2.125, 0 \u0433\u0440\u0430\u0434\u0443\u0441\u043e\u0432 - \u044d\u043b\u0435\u043a\u0442\u0440\u0438\u0447\u0435\u0441\u043a\u0438\u0439 \u0441\u0430\u043c\u043e\u043a\u0430\u0442 Velt Smart &#8212; T\u00f5uksimaailm","isPartOf":{"@id":"https:\/\/www.xn--tuksimaailm-ffb.ee\/ru\/#website"},"primaryImageOfPage":{"@id":"https:\/\/www.xn--tuksimaailm-ffb.ee\/ru\/\u043f\u0440\u043e\u0434\u0443\u043a\u0442\/%d0%b2%d0%bd%d1%83%d1%82%d1%80%d0%b5%d0%bd%d0%bd%d0%b8%d0%b9-%d0%be%d0%b1%d0%be%d0%b4-10x2-125-0-%d0%b3%d1%80%d0%b0%d0%b4%d1%83%d1%81%d0%be%d0%b2-%d1%8d%d0%bb%d0%b5%d0%ba%d1%82%d1%80%d0%b8%d1%87\/#primaryimage"},"image":{"@id":"https:\/\/www.xn--tuksimaailm-ffb.ee\/ru\/\u043f\u0440\u043e\u0434\u0443\u043a\u0442\/%d0%b2%d0%bd%d1%83%d1%82%d1%80%d0%b5%d0%bd%d0%bd%d0%b8%d0%b9-%d0%be%d0%b1%d0%be%d0%b4-10x2-125-0-%d0%b3%d1%80%d0%b0%d0%b4%d1%83%d1%81%d0%be%d0%b2-%d1%8d%d0%bb%d0%b5%d0%ba%d1%82%d1%80%d0%b8%d1%87\/#primaryimage"},"thumbnailUrl":"https:\/\/www.xn--tuksimaailm-ffb.ee\/wp-content\/uploads\/2021\/12\/2.125-0-kraadi.png","datePublished":"2021-12-06T17:07:59+00:00","breadcrumb":{"@id":"https:\/\/www.xn--tuksimaailm-ffb.ee\/ru\/\u043f\u0440\u043e\u0434\u0443\u043a\u0442\/%d0%b2%d0%bd%d1%83%d1%82%d1%80%d0%b5%d0%bd%d0%bd%d0%b8%d0%b9-%d0%be%d0%b1%d0%be%d0%b4-10x2-125-0-%d0%b3%d1%80%d0%b0%d0%b4%d1%83%d1%81%d0%be%d0%b2-%d1%8d%d0%bb%d0%b5%d0%ba%d1%82%d1%80%d0%b8%d1%87\/#breadcrumb"},"inLanguage":"ru-RU","potentialAction":[{"@type":"ReadAction","target":["https:\/\/www.xn--tuksimaailm-ffb.ee\/ru\/\u043f\u0440\u043e\u0434\u0443\u043a\u0442\/%d0%b2%d0%bd%d1%83%d1%82%d1%80%d0%b5%d0%bd%d0%bd%d0%b8%d0%b9-%d0%be%d0%b1%d0%be%d0%b4-10x2-125-0-%d0%b3%d1%80%d0%b0%d0%b4%d1%83%d1%81%d0%be%d0%b2-%d1%8d%d0%bb%d0%b5%d0%ba%d1%82%d1%80%d0%b8%d1%87\/"]}]},{"@type":"ImageObject","inLanguage":"ru-RU","@id":"https:\/\/www.xn--tuksimaailm-ffb.ee\/ru\/\u043f\u0440\u043e\u0434\u0443\u043a\u0442\/%d0%b2%d0%bd%d1%83%d1%82%d1%80%d0%b5%d0%bd%d0%bd%d0%b8%d0%b9-%d0%be%d0%b1%d0%be%d0%b4-10x2-125-0-%d0%b3%d1%80%d0%b0%d0%b4%d1%83%d1%81%d0%be%d0%b2-%d1%8d%d0%bb%d0%b5%d0%ba%d1%82%d1%80%d0%b8%d1%87\/#primaryimage","url":"https:\/\/www.xn--tuksimaailm-ffb.ee\/wp-content\/uploads\/2021\/12\/2.125-0-kraadi.png","contentUrl":"https:\/\/www.xn--tuksimaailm-ffb.ee\/wp-content\/uploads\/2021\/12\/2.125-0-kraadi.png","width":1027,"height":909},{"@type":"BreadcrumbList","@id":"https:\/\/www.xn--tuksimaailm-ffb.ee\/ru\/\u043f\u0440\u043e\u0434\u0443\u043a\u0442\/%d0%b2%d0%bd%d1%83%d1%82%d1%80%d0%b5%d0%bd%d0%bd%d0%b8%d0%b9-%d0%be%d0%b1%d0%be%d0%b4-10x2-125-0-%d0%b3%d1%80%d0%b0%d0%b4%d1%83%d1%81%d0%be%d0%b2-%d1%8d%d0%bb%d0%b5%d0%ba%d1%82%d1%80%d0%b8%d1%87\/#breadcrumb","itemListElement":[{"@type":"ListItem","position":1,"name":"Home","item":"https:\/\/www.xn--tuksimaailm-ffb.ee\/ru\/frontpage\/"},{"@type":"ListItem","position":2,"name":"\u041c\u0410\u0413\u0410\u0417\u0418\u041d","item":"https:\/\/www.xn--tuksimaailm-ffb.ee\/elektritoukerataste-pood\/"},{"@type":"ListItem","position":3,"name":"\u0412\u043d\u0443\u0442\u0440\u0435\u043d\u043d\u0438\u0439 \u043e\u0431\u043e\u0434 10x2.125, 0 \u0433\u0440\u0430\u0434\u0443\u0441\u043e\u0432 - \u044d\u043b\u0435\u043a\u0442\u0440\u0438\u0447\u0435\u0441\u043a\u0438\u0439 \u0441\u0430\u043c\u043e\u043a\u0430\u0442 Velt Smart"}]},{"@type":"WebSite","@id":"https:\/\/www.xn--tuksimaailm-ffb.ee\/ru\/#website","url":"https:\/\/www.xn--tuksimaailm-ffb.ee\/ru\/","name":"T\u00f5uksimaailm","description":"Elektrit\u00f5ukerataste m\u00fc\u00fck, remont ja rent","publisher":{"@id":"https:\/\/www.xn--tuksimaailm-ffb.ee\/ru\/#organization"},"potentialAction":[{"@type":"SearchAction","target":{"@type":"EntryPoint","urlTemplate":"https:\/\/www.xn--tuksimaailm-ffb.ee\/ru\/?s={search_term_string}"},"query-input":{"@type":"PropertyValueSpecification","valueRequired":true,"valueName":"search_term_string"}}],"inLanguage":"ru-RU"},{"@type":"Organization","@id":"https:\/\/www.xn--tuksimaailm-ffb.ee\/ru\/#organization","name":"T\u00f5uksimaailm","url":"https:\/\/www.xn--tuksimaailm-ffb.ee\/ru\/","logo":{"@type":"ImageObject","inLanguage":"ru-RU","@id":"https:\/\/www.xn--tuksimaailm-ffb.ee\/ru\/#\/schema\/logo\/image\/","url":"https:\/\/www.xn--tuksimaailm-ffb.ee\/wp-content\/uploads\/2020\/01\/logoz-e1579792875517.png","contentUrl":"https:\/\/www.xn--tuksimaailm-ffb.ee\/wp-content\/uploads\/2020\/01\/logoz-e1579792875517.png","width":250,"height":250,"caption":"T\u00f5uksimaailm"},"image":{"@id":"https:\/\/www.xn--tuksimaailm-ffb.ee\/ru\/#\/schema\/logo\/image\/"},"sameAs":["https:\/\/www.facebook.com\/touksimaailm\/","https:\/\/www.instagram.com\/touksimaailm_\/","https:\/\/www.youtube.com\/channel\/UC18ml0EKIDLP1xGuQjFzcXQ"]}]},"product_price_amount":"10.00","product_price_currency":"EUR","og_availability":"instock","product_availability":"instock","product_retailer_item_id":"SR-10x2.125-0-VELT","product_condition":"new"},"jetpack_sharing_enabled":true,"_links":{"self":[{"href":"https:\/\/www.xn--tuksimaailm-ffb.ee\/ru\/wp-json\/wp\/v2\/product\/51904","targetHints":{"allow":["GET"]}}],"collection":[{"href":"https:\/\/www.xn--tuksimaailm-ffb.ee\/ru\/wp-json\/wp\/v2\/product"}],"about":[{"href":"https:\/\/www.xn--tuksimaailm-ffb.ee\/ru\/wp-json\/wp\/v2\/types\/product"}],"wp:featuredmedia":[{"embeddable":true,"href":"https:\/\/www.xn--tuksimaailm-ffb.ee\/ru\/wp-json\/wp\/v2\/media\/14740"}],"wp:attachment":[{"href":"https:\/\/www.xn--tuksimaailm-ffb.ee\/ru\/wp-json\/wp\/v2\/media?parent=51904"}],"wp:term":[{"taxonomy":"product_brand","embeddable":true,"href":"https:\/\/www.xn--tuksimaailm-ffb.ee\/ru\/wp-json\/wp\/v2\/product_brand?post=51904"},{"taxonomy":"product_cat","embeddable":true,"href":"https:\/\/www.xn--tuksimaailm-ffb.ee\/ru\/wp-json\/wp\/v2\/product_cat?post=51904"},{"taxonomy":"product_tag","embeddable":true,"href":"https:\/\/www.xn--tuksimaailm-ffb.ee\/ru\/wp-json\/wp\/v2\/product_tag?post=51904"},{"taxonomy":"filter_elektritoukeratas","embeddable":true,"href":"https:\/\/www.xn--tuksimaailm-ffb.ee\/ru\/wp-json\/wp\/v2\/filter_elektritoukeratas?post=51904"}],"curies":[{"name":"wp","href":"https:\/\/api.w.org\/{rel}","templated":true}]}}