{"id":51905,"date":"2021-12-06T18:28:33","date_gmt":"2021-12-06T18:28:33","guid":{"rendered":"http:\/\/www.xn--tuksimaailm-ffb.ee\/shop\/%d0%b2%d0%bd%d1%83%d1%82%d1%80%d0%b5%d0%bd%d0%bd%d1%8f%d1%8f-%d1%80%d0%b0%d0%bc%d0%b0-10x2-0-%d0%bf%d1%80%d1%8f%d0%bc%d0%b0%d1%8f-xiaomi-electric-scooter-a\/"},"modified":"2021-12-06T18:28:33","modified_gmt":"2021-12-06T15:28:33","slug":"%d0%b2%d0%bd%d1%83%d1%82%d1%80%d0%b5%d0%bd%d0%bd%d1%8f%d1%8f-%d1%80%d0%b0%d0%bc%d0%b0-10x2-0-%d0%bf%d1%80%d1%8f%d0%bc%d0%b0%d1%8f-xiaomi-electric-scooter-a","status":"publish","type":"product","link":"https:\/\/www.xn--tuksimaailm-ffb.ee\/ru\/\u043f\u0440\u043e\u0434\u0443\u043a\u0442\/%d0%b2%d0%bd%d1%83%d1%82%d1%80%d0%b5%d0%bd%d0%bd%d1%8f%d1%8f-%d1%80%d0%b0%d0%bc%d0%b0-10x2-0-%d0%bf%d1%80%d1%8f%d0%bc%d0%b0%d1%8f-xiaomi-electric-scooter-a\/","title":{"rendered":"\u0412\u043d\u0443\u0442\u0440\u0435\u043d\u043d\u044f\u044f \u0440\u0430\u043c\u0430 10x2.0\u00bb \u043f\u0440\u044f\u043c\u0430\u044f Xiaomi electric scooter (A+)"},"content":{"rendered":"<p>\u0412\u043d\u0443\u0442\u0440\u0435\u043d\u043d\u0435\u0435 \u043a\u043e\u043b\u044c\u0446\u043e\/\u0432\u043e\u0437\u0434\u0443\u0448\u043d\u0430\u044f \u0440\u0435\u0437\u0438\u043d\u0430 10x2.0\u00bb 125\u0433 \u0441 \u043f\u0440\u044f\u043c\u044b\u043c \u043a\u043b\u0430\u043f\u0430\u043d\u043e\u043c (\u0442\u043e\u043b\u0441\u0442\u0430\u044f \u0441\u0442\u0435\u043d\u043a\u0430 \u043f\u043e\u043b\u043e\u0441\u0442\u0438). \u041f\u043e\u0434\u0445\u043e\u0434\u0438\u0442 \u0434\u043b\u044f (<a href=\"http:\/\/www.xn--tuksimaailm-ffb.ee\/shop\/elektritoukeratta-valiskumm-10x2\/\"><strong>\u0441 10-\u0434\u044e\u0439\u043c\u043e\u0432\u044b\u043c\u0438 \u0448\u0438\u043d\u0430\u043c\u0438<\/strong><\/a>) \u044d\u043b\u0435\u043a\u0442\u0440\u0438\u0447\u0435\u0441\u043a\u043e\u0433\u043e \u0441\u0430\u043c\u043e\u043a\u0430\u0442\u0430 <a href=\"http:\/\/www.xn--tuksimaailm-ffb.ee\/shop\/xiaomi-pro-2-elektritoukeratas\/\"><strong>Xiaomi Mi Pro 2<\/strong><\/a>, <a href=\"http:\/\/www.xn--tuksimaailm-ffb.ee\/shop\/xiaomi-1s-elektritoukeratas\/\"><strong>1S<\/strong><\/a>, <a href=\"http:\/\/www.xn--tuksimaailm-ffb.ee\/shop\/xiaomi-mi-essential-elektritoukeratas\/\"><strong>Essential<\/strong><\/a>, \u044d\u043b\u0435\u043a\u0442\u0440\u0438\u0447\u0435\u0441\u043a\u043e\u0433\u043e \u0441\u0430\u043c\u043e\u043a\u0430\u0442\u0430 <a href=\"https:\/\/www.mi.com\/global\/product\/mi-electric-scooter-3\/\"><strong>Mi Electric Scooter 3<\/strong><\/a>, <strong>Xiaomi M365<\/strong>. \u041f\u043e\u0434\u0445\u043e\u0434\u0438\u0442 \u0434\u043b\u044f \u0443\u0441\u0442\u0430\u043d\u043e\u0432\u043a\u0438 \u043d\u0430 \u043c\u0435\u0441\u0442\u043e <strong>10x2.0\u00ab, 10x2.125\u00bb, 10x2.25\u00ab, 10x2.35\u00bb <\/strong>\u0438\u043b\u0438<strong> 10x2.50<\/strong> \u00ab \u0432\u043d\u0443\u0442\u0440\u0435\u043d\u043d\u0435\u0439 \u0442\u0440\u0443\u0431\u044b \/ \u0432\u043d\u0435\u0448\u043d\u0435\u0439 \u0442\u0440\u0443\u0431\u044b.<\/p>\n<p>\u00a0<\/p>\n","protected":false},"excerpt":{"rendered":"<p>\u0412\u043d\u0443\u0442\u0440\u0435\u043d\u043d\u0435\u0435 \u043a\u043e\u043b\u044c\u0446\u043e\/\u0432\u043e\u0437\u0434\u0443\u0448\u043d\u0430\u044f \u0440\u0435\u0437\u0438\u043d\u0430 10x2.0\u00bb 125\u0433 \u0441 \u043f\u0440\u044f\u043c\u044b\u043c \u043a\u043b\u0430\u043f\u0430\u043d\u043e\u043c (\u0442\u043e\u043b\u0441\u0442\u0430\u044f \u0441\u0442\u0435\u043d\u043a\u0430 \u043f\u043e\u043b\u043e\u0441\u0442\u0438). \u041f\u043e\u0434\u0445\u043e\u0434\u0438\u0442 \u0434\u043b\u044f (\u0441 10-\u0434\u044e\u0439\u043c\u043e\u0432\u044b\u043c\u0438 \u0448\u0438\u043d\u0430\u043c\u0438) \u044d\u043b\u0435\u043a\u0442\u0440\u0438\u0447\u0435\u0441\u043a\u043e\u0433\u043e \u0441\u0430\u043c\u043e\u043a\u0430\u0442\u0430 Xiaomi Mi Pro 2, 1S, Essential, \u044d\u043b\u0435\u043a\u0442\u0440\u0438\u0447\u0435\u0441\u043a\u043e\u0433\u043e \u0441\u0430\u043c\u043e\u043a\u0430\u0442\u0430 Mi Electric Scooter 3, Xiaomi M365. \u041f\u043e\u0434\u0445\u043e\u0434\u0438\u0442 \u0434\u043b\u044f \u0443\u0441\u0442\u0430\u043d\u043e\u0432\u043a\u0438 \u043d\u0430 \u043c\u0435\u0441\u0442\u043e 10x2.0\u00ab, 10x2.125\u00bb, 10x2.25\u00ab, 10x2.35\u00bb \u0438\u043b\u0438 10x2.50 \u00ab \u0432\u043d\u0443\u0442\u0440\u0435\u043d\u043d\u0435\u0439 \u0442\u0440\u0443\u0431\u044b \/ \u0432\u043d\u0435\u0448\u043d\u0435\u0439 \u0442\u0440\u0443\u0431\u044b. \u00a0<\/p>\n","protected":false},"featured_media":14734,"template":"","meta":[],"product_brand":[],"product_cat":[757],"product_tag":[1524,1519],"filter_elektritoukeratas":[2688,2686,2744,2639,2613,2612],"class_list":{"0":"post-51905","1":"product","2":"type-product","3":"status-publish","4":"has-post-thumbnail","6":"product_cat-757","7":"product_tag-siserehvid-ru","8":"product_tag-xiaomi-varuosad-ru","9":"pa_tootetuup-siserehvid-ru","10":"filter_elektritoukeratas-ft_blaupunkt_esc608","11":"filter_elektritoukeratas-ft_blaupunkt_esc808","12":"filter_elektritoukeratas-ft_nanrobot_x_spark","13":"filter_elektritoukeratas-ft_segway_ninebot_d18e_d28e_d38e","14":"filter_elektritoukeratas-ft_xiaomi_1s_mi3_pro_2_3_lite","15":"filter_elektritoukeratas-ft_xiaomi_m365_m365_pro_essential","17":"first","18":"instock","19":"taxable","20":"shipping-taxable","21":"purchasable","22":"product-type-simple"},"yoast_head":"<!-- This site is optimized with the Yoast SEO Premium plugin v26.8 (Yoast SEO v27.5) - https:\/\/yoast.com\/product\/yoast-seo-premium-wordpress\/ -->\n<title>\u0412\u043d\u0443\u0442\u0440\u0435\u043d\u043d\u044f\u044f \u0440\u0430\u043c\u0430 10x2.0\u00bb \u043f\u0440\u044f\u043c\u0430\u044f Xiaomi electric scooter (A+) &#8212; T\u00f5uksimaailm<\/title>\n<meta name=\"robots\" content=\"index, follow, max-snippet:-1, max-image-preview:large, max-video-preview:-1\" \/>\n<link rel=\"canonical\" href=\"https:\/\/www.xn--tuksimaailm-ffb.ee\/ru\/\u043f\u0440\u043e\u0434\u0443\u043a\u0442\/%d0%b2%d0%bd%d1%83%d1%82%d1%80%d0%b5%d0%bd%d0%bd%d1%8f%d1%8f-%d1%80%d0%b0%d0%bc%d0%b0-10x2-0-%d0%bf%d1%80%d1%8f%d0%bc%d0%b0%d1%8f-xiaomi-electric-scooter-a\/\" \/>\n<meta property=\"og:locale\" content=\"ru_RU\" \/>\n<meta property=\"og:type\" content=\"article\" \/>\n<meta property=\"og:title\" content=\"\u0412\u043d\u0443\u0442\u0440\u0435\u043d\u043d\u044f\u044f \u0440\u0430\u043c\u0430 10x2.0\u00bb \u043f\u0440\u044f\u043c\u0430\u044f Xiaomi electric scooter (A+)\" \/>\n<meta property=\"og:description\" content=\"\u0412\u043d\u0443\u0442\u0440\u0435\u043d\u043d\u0435\u0435 \u043a\u043e\u043b\u044c\u0446\u043e\/\u0432\u043e\u0437\u0434\u0443\u0448\u043d\u0430\u044f \u0440\u0435\u0437\u0438\u043d\u0430 10x2.0\u00bb 125\u0433 \u0441 \u043f\u0440\u044f\u043c\u044b\u043c \u043a\u043b\u0430\u043f\u0430\u043d\u043e\u043c (\u0442\u043e\u043b\u0441\u0442\u0430\u044f \u0441\u0442\u0435\u043d\u043a\u0430 \u043f\u043e\u043b\u043e\u0441\u0442\u0438). \u041f\u043e\u0434\u0445\u043e\u0434\u0438\u0442 \u0434\u043b\u044f (\u0441 10-\u0434\u044e\u0439\u043c\u043e\u0432\u044b\u043c\u0438 \u0448\u0438\u043d\u0430\u043c\u0438) \u044d\u043b\u0435\u043a\u0442\u0440\u0438\u0447\u0435\u0441\u043a\u043e\u0433\u043e \u0441\u0430\u043c\u043e\u043a\u0430\u0442\u0430 Xiaomi Mi Pro 2, 1S, Essential, \u044d\u043b\u0435\u043a\u0442\u0440\u0438\u0447\u0435\u0441\u043a\u043e\u0433\u043e \u0441\u0430\u043c\u043e\u043a\u0430\u0442\u0430 Mi Electric Scooter 3, Xiaomi M365. \u041f\u043e\u0434\u0445\u043e\u0434\u0438\u0442 \u0434\u043b\u044f \u0443\u0441\u0442\u0430\u043d\u043e\u0432\u043a\u0438 \u043d\u0430 \u043c\u0435\u0441\u0442\u043e 10x2.0\u00ab, 10x2.125\u00bb, 10x2.25\u00ab, 10x2.35\u00bb \u0438\u043b\u0438 10x2.50 \u00ab \u0432\u043d\u0443\u0442\u0440\u0435\u043d\u043d\u0435\u0439 \u0442\u0440\u0443\u0431\u044b \/ \u0432\u043d\u0435\u0448\u043d\u0435\u0439 \u0442\u0440\u0443\u0431\u044b. \u00a0\" \/>\n<meta property=\"og:url\" content=\"https:\/\/www.xn--tuksimaailm-ffb.ee\/ru\/\u043f\u0440\u043e\u0434\u0443\u043a\u0442\/%d0%b2%d0%bd%d1%83%d1%82%d1%80%d0%b5%d0%bd%d0%bd%d1%8f%d1%8f-%d1%80%d0%b0%d0%bc%d0%b0-10x2-0-%d0%bf%d1%80%d1%8f%d0%bc%d0%b0%d1%8f-xiaomi-electric-scooter-a\/\" \/>\n<meta property=\"og:site_name\" content=\"T\u00f5uksimaailm\" \/>\n<meta property=\"article:publisher\" content=\"https:\/\/www.facebook.com\/touksimaailm\/\" \/>\n<meta property=\"og:image\" content=\"https:\/\/www.xn--tuksimaailm-ffb.ee\/wp-content\/uploads\/2021\/12\/10x2-sirge.png\" \/>\n\t<meta property=\"og:image:width\" content=\"1015\" \/>\n\t<meta property=\"og:image:height\" content=\"901\" \/>\n\t<meta property=\"og:image:type\" content=\"image\/png\" \/>\n<meta name=\"twitter:card\" content=\"summary_large_image\" \/>\n<meta name=\"twitter:label1\" content=\"\u0426\u0435\u043d\u0430\" \/>\n\t<meta name=\"twitter:data1\" content=\"&euro;12.00\" \/>\n\t<meta name=\"twitter:label2\" content=\"\u0414\u043e\u0441\u0442\u0443\u043f\u043d\u043e\u0441\u0442\u044c\" \/>\n\t<meta name=\"twitter:data2\" content=\"\u0412 \u043d\u0430\u043b\u0438\u0447\u0438\u0438\" \/>\n<meta property=\"product:price:amount\" content=\"12.00\" \/>\n<meta property=\"product:price:currency\" content=\"EUR\" \/>\n<meta property=\"og:availability\" content=\"instock\" \/>\n<meta property=\"product:availability\" content=\"instock\" \/>\n<meta property=\"product:condition\" content=\"new\" \/>\n<!-- \/ Yoast SEO Premium plugin. -->","yoast_head_json":{"title":"\u0412\u043d\u0443\u0442\u0440\u0435\u043d\u043d\u044f\u044f \u0440\u0430\u043c\u0430 10x2.0\u00bb \u043f\u0440\u044f\u043c\u0430\u044f Xiaomi electric scooter (A+) &#8212; T\u00f5uksimaailm","robots":{"index":"index","follow":"follow","max-snippet":"max-snippet:-1","max-image-preview":"max-image-preview:large","max-video-preview":"max-video-preview:-1"},"canonical":"https:\/\/www.xn--tuksimaailm-ffb.ee\/ru\/\u043f\u0440\u043e\u0434\u0443\u043a\u0442\/%d0%b2%d0%bd%d1%83%d1%82%d1%80%d0%b5%d0%bd%d0%bd%d1%8f%d1%8f-%d1%80%d0%b0%d0%bc%d0%b0-10x2-0-%d0%bf%d1%80%d1%8f%d0%bc%d0%b0%d1%8f-xiaomi-electric-scooter-a\/","og_locale":"ru_RU","og_type":"article","og_title":"\u0412\u043d\u0443\u0442\u0440\u0435\u043d\u043d\u044f\u044f \u0440\u0430\u043c\u0430 10x2.0\u00bb \u043f\u0440\u044f\u043c\u0430\u044f Xiaomi electric scooter (A+)","og_description":"\u0412\u043d\u0443\u0442\u0440\u0435\u043d\u043d\u0435\u0435 \u043a\u043e\u043b\u044c\u0446\u043e\/\u0432\u043e\u0437\u0434\u0443\u0448\u043d\u0430\u044f \u0440\u0435\u0437\u0438\u043d\u0430 10x2.0\u00bb 125\u0433 \u0441 \u043f\u0440\u044f\u043c\u044b\u043c \u043a\u043b\u0430\u043f\u0430\u043d\u043e\u043c (\u0442\u043e\u043b\u0441\u0442\u0430\u044f \u0441\u0442\u0435\u043d\u043a\u0430 \u043f\u043e\u043b\u043e\u0441\u0442\u0438). \u041f\u043e\u0434\u0445\u043e\u0434\u0438\u0442 \u0434\u043b\u044f (\u0441 10-\u0434\u044e\u0439\u043c\u043e\u0432\u044b\u043c\u0438 \u0448\u0438\u043d\u0430\u043c\u0438) \u044d\u043b\u0435\u043a\u0442\u0440\u0438\u0447\u0435\u0441\u043a\u043e\u0433\u043e \u0441\u0430\u043c\u043e\u043a\u0430\u0442\u0430 Xiaomi Mi Pro 2, 1S, Essential, \u044d\u043b\u0435\u043a\u0442\u0440\u0438\u0447\u0435\u0441\u043a\u043e\u0433\u043e \u0441\u0430\u043c\u043e\u043a\u0430\u0442\u0430 Mi Electric Scooter 3, Xiaomi M365. \u041f\u043e\u0434\u0445\u043e\u0434\u0438\u0442 \u0434\u043b\u044f \u0443\u0441\u0442\u0430\u043d\u043e\u0432\u043a\u0438 \u043d\u0430 \u043c\u0435\u0441\u0442\u043e 10x2.0\u00ab, 10x2.125\u00bb, 10x2.25\u00ab, 10x2.35\u00bb \u0438\u043b\u0438 10x2.50 \u00ab \u0432\u043d\u0443\u0442\u0440\u0435\u043d\u043d\u0435\u0439 \u0442\u0440\u0443\u0431\u044b \/ \u0432\u043d\u0435\u0448\u043d\u0435\u0439 \u0442\u0440\u0443\u0431\u044b. \u00a0","og_url":"https:\/\/www.xn--tuksimaailm-ffb.ee\/ru\/\u043f\u0440\u043e\u0434\u0443\u043a\u0442\/%d0%b2%d0%bd%d1%83%d1%82%d1%80%d0%b5%d0%bd%d0%bd%d1%8f%d1%8f-%d1%80%d0%b0%d0%bc%d0%b0-10x2-0-%d0%bf%d1%80%d1%8f%d0%bc%d0%b0%d1%8f-xiaomi-electric-scooter-a\/","og_site_name":"T\u00f5uksimaailm","article_publisher":"https:\/\/www.facebook.com\/touksimaailm\/","og_image":[{"width":1015,"height":901,"url":"https:\/\/www.xn--tuksimaailm-ffb.ee\/wp-content\/uploads\/2021\/12\/10x2-sirge.png","type":"image\/png"}],"twitter_card":"summary_large_image","twitter_misc":{"\u0426\u0435\u043d\u0430":"&euro;12.00","\u0414\u043e\u0441\u0442\u0443\u043f\u043d\u043e\u0441\u0442\u044c":"\u0412 \u043d\u0430\u043b\u0438\u0447\u0438\u0438"},"schema":{"@context":"https:\/\/schema.org","@graph":[{"@type":"WebPage","@id":"https:\/\/www.xn--tuksimaailm-ffb.ee\/ru\/\u043f\u0440\u043e\u0434\u0443\u043a\u0442\/%d0%b2%d0%bd%d1%83%d1%82%d1%80%d0%b5%d0%bd%d0%bd%d1%8f%d1%8f-%d1%80%d0%b0%d0%bc%d0%b0-10x2-0-%d0%bf%d1%80%d1%8f%d0%bc%d0%b0%d1%8f-xiaomi-electric-scooter-a\/","url":"https:\/\/www.xn--tuksimaailm-ffb.ee\/ru\/\u043f\u0440\u043e\u0434\u0443\u043a\u0442\/%d0%b2%d0%bd%d1%83%d1%82%d1%80%d0%b5%d0%bd%d0%bd%d1%8f%d1%8f-%d1%80%d0%b0%d0%bc%d0%b0-10x2-0-%d0%bf%d1%80%d1%8f%d0%bc%d0%b0%d1%8f-xiaomi-electric-scooter-a\/","name":"\u0412\u043d\u0443\u0442\u0440\u0435\u043d\u043d\u044f\u044f \u0440\u0430\u043c\u0430 10x2.0\u00bb \u043f\u0440\u044f\u043c\u0430\u044f Xiaomi electric scooter (A+) &#8212; T\u00f5uksimaailm","isPartOf":{"@id":"https:\/\/www.xn--tuksimaailm-ffb.ee\/ru\/#website"},"primaryImageOfPage":{"@id":"https:\/\/www.xn--tuksimaailm-ffb.ee\/ru\/\u043f\u0440\u043e\u0434\u0443\u043a\u0442\/%d0%b2%d0%bd%d1%83%d1%82%d1%80%d0%b5%d0%bd%d0%bd%d1%8f%d1%8f-%d1%80%d0%b0%d0%bc%d0%b0-10x2-0-%d0%bf%d1%80%d1%8f%d0%bc%d0%b0%d1%8f-xiaomi-electric-scooter-a\/#primaryimage"},"image":{"@id":"https:\/\/www.xn--tuksimaailm-ffb.ee\/ru\/\u043f\u0440\u043e\u0434\u0443\u043a\u0442\/%d0%b2%d0%bd%d1%83%d1%82%d1%80%d0%b5%d0%bd%d0%bd%d1%8f%d1%8f-%d1%80%d0%b0%d0%bc%d0%b0-10x2-0-%d0%bf%d1%80%d1%8f%d0%bc%d0%b0%d1%8f-xiaomi-electric-scooter-a\/#primaryimage"},"thumbnailUrl":"https:\/\/www.xn--tuksimaailm-ffb.ee\/wp-content\/uploads\/2021\/12\/10x2-sirge.png","datePublished":"2021-12-06T18:28:33+00:00","breadcrumb":{"@id":"https:\/\/www.xn--tuksimaailm-ffb.ee\/ru\/\u043f\u0440\u043e\u0434\u0443\u043a\u0442\/%d0%b2%d0%bd%d1%83%d1%82%d1%80%d0%b5%d0%bd%d0%bd%d1%8f%d1%8f-%d1%80%d0%b0%d0%bc%d0%b0-10x2-0-%d0%bf%d1%80%d1%8f%d0%bc%d0%b0%d1%8f-xiaomi-electric-scooter-a\/#breadcrumb"},"inLanguage":"ru-RU","potentialAction":[{"@type":"ReadAction","target":["https:\/\/www.xn--tuksimaailm-ffb.ee\/ru\/\u043f\u0440\u043e\u0434\u0443\u043a\u0442\/%d0%b2%d0%bd%d1%83%d1%82%d1%80%d0%b5%d0%bd%d0%bd%d1%8f%d1%8f-%d1%80%d0%b0%d0%bc%d0%b0-10x2-0-%d0%bf%d1%80%d1%8f%d0%bc%d0%b0%d1%8f-xiaomi-electric-scooter-a\/"]}]},{"@type":"ImageObject","inLanguage":"ru-RU","@id":"https:\/\/www.xn--tuksimaailm-ffb.ee\/ru\/\u043f\u0440\u043e\u0434\u0443\u043a\u0442\/%d0%b2%d0%bd%d1%83%d1%82%d1%80%d0%b5%d0%bd%d0%bd%d1%8f%d1%8f-%d1%80%d0%b0%d0%bc%d0%b0-10x2-0-%d0%bf%d1%80%d1%8f%d0%bc%d0%b0%d1%8f-xiaomi-electric-scooter-a\/#primaryimage","url":"https:\/\/www.xn--tuksimaailm-ffb.ee\/wp-content\/uploads\/2021\/12\/10x2-sirge.png","contentUrl":"https:\/\/www.xn--tuksimaailm-ffb.ee\/wp-content\/uploads\/2021\/12\/10x2-sirge.png","width":1015,"height":901},{"@type":"BreadcrumbList","@id":"https:\/\/www.xn--tuksimaailm-ffb.ee\/ru\/\u043f\u0440\u043e\u0434\u0443\u043a\u0442\/%d0%b2%d0%bd%d1%83%d1%82%d1%80%d0%b5%d0%bd%d0%bd%d1%8f%d1%8f-%d1%80%d0%b0%d0%bc%d0%b0-10x2-0-%d0%bf%d1%80%d1%8f%d0%bc%d0%b0%d1%8f-xiaomi-electric-scooter-a\/#breadcrumb","itemListElement":[{"@type":"ListItem","position":1,"name":"Home","item":"https:\/\/www.xn--tuksimaailm-ffb.ee\/ru\/frontpage\/"},{"@type":"ListItem","position":2,"name":"\u041c\u0410\u0413\u0410\u0417\u0418\u041d","item":"https:\/\/www.xn--tuksimaailm-ffb.ee\/elektritoukerataste-pood\/"},{"@type":"ListItem","position":3,"name":"\u0412\u043d\u0443\u0442\u0440\u0435\u043d\u043d\u044f\u044f \u0440\u0430\u043c\u0430 10x2.0\u00bb \u043f\u0440\u044f\u043c\u0430\u044f Xiaomi electric scooter (A+)"}]},{"@type":"WebSite","@id":"https:\/\/www.xn--tuksimaailm-ffb.ee\/ru\/#website","url":"https:\/\/www.xn--tuksimaailm-ffb.ee\/ru\/","name":"T\u00f5uksimaailm","description":"Elektrit\u00f5ukerataste m\u00fc\u00fck, remont ja rent","publisher":{"@id":"https:\/\/www.xn--tuksimaailm-ffb.ee\/ru\/#organization"},"potentialAction":[{"@type":"SearchAction","target":{"@type":"EntryPoint","urlTemplate":"https:\/\/www.xn--tuksimaailm-ffb.ee\/ru\/?s={search_term_string}"},"query-input":{"@type":"PropertyValueSpecification","valueRequired":true,"valueName":"search_term_string"}}],"inLanguage":"ru-RU"},{"@type":"Organization","@id":"https:\/\/www.xn--tuksimaailm-ffb.ee\/ru\/#organization","name":"T\u00f5uksimaailm","url":"https:\/\/www.xn--tuksimaailm-ffb.ee\/ru\/","logo":{"@type":"ImageObject","inLanguage":"ru-RU","@id":"https:\/\/www.xn--tuksimaailm-ffb.ee\/ru\/#\/schema\/logo\/image\/","url":"https:\/\/www.xn--tuksimaailm-ffb.ee\/wp-content\/uploads\/2020\/01\/logoz-e1579792875517.png","contentUrl":"https:\/\/www.xn--tuksimaailm-ffb.ee\/wp-content\/uploads\/2020\/01\/logoz-e1579792875517.png","width":250,"height":250,"caption":"T\u00f5uksimaailm"},"image":{"@id":"https:\/\/www.xn--tuksimaailm-ffb.ee\/ru\/#\/schema\/logo\/image\/"},"sameAs":["https:\/\/www.facebook.com\/touksimaailm\/","https:\/\/www.instagram.com\/touksimaailm_\/","https:\/\/www.youtube.com\/channel\/UC18ml0EKIDLP1xGuQjFzcXQ"]}]},"product_price_amount":"12.00","product_price_currency":"EUR","og_availability":"instock","product_availability":"instock","product_condition":"new"},"jetpack_sharing_enabled":true,"_links":{"self":[{"href":"https:\/\/www.xn--tuksimaailm-ffb.ee\/ru\/wp-json\/wp\/v2\/product\/51905","targetHints":{"allow":["GET"]}}],"collection":[{"href":"https:\/\/www.xn--tuksimaailm-ffb.ee\/ru\/wp-json\/wp\/v2\/product"}],"about":[{"href":"https:\/\/www.xn--tuksimaailm-ffb.ee\/ru\/wp-json\/wp\/v2\/types\/product"}],"wp:featuredmedia":[{"embeddable":true,"href":"https:\/\/www.xn--tuksimaailm-ffb.ee\/ru\/wp-json\/wp\/v2\/media\/14734"}],"wp:attachment":[{"href":"https:\/\/www.xn--tuksimaailm-ffb.ee\/ru\/wp-json\/wp\/v2\/media?parent=51905"}],"wp:term":[{"taxonomy":"product_brand","embeddable":true,"href":"https:\/\/www.xn--tuksimaailm-ffb.ee\/ru\/wp-json\/wp\/v2\/product_brand?post=51905"},{"taxonomy":"product_cat","embeddable":true,"href":"https:\/\/www.xn--tuksimaailm-ffb.ee\/ru\/wp-json\/wp\/v2\/product_cat?post=51905"},{"taxonomy":"product_tag","embeddable":true,"href":"https:\/\/www.xn--tuksimaailm-ffb.ee\/ru\/wp-json\/wp\/v2\/product_tag?post=51905"},{"taxonomy":"filter_elektritoukeratas","embeddable":true,"href":"https:\/\/www.xn--tuksimaailm-ffb.ee\/ru\/wp-json\/wp\/v2\/filter_elektritoukeratas?post=51905"}],"curies":[{"name":"wp","href":"https:\/\/api.w.org\/{rel}","templated":true}]}}