{"id":52062,"date":"2021-12-04T21:26:04","date_gmt":"2021-12-04T18:26:04","guid":{"rendered":"http:\/\/www.xn--tuksimaailm-ffb.ee\/shop\/%d1%8d%d0%bb%d0%b5%d0%ba%d1%82%d1%80%d0%b8%d1%87%d0%b5%d1%81%d0%ba%d0%b8%d0%b9-%d1%81%d0%b0%d0%bc%d0%be%d0%ba%d0%b0%d1%82-xiaomi-pro-%d1%81-%d0%bf%d0%be%d0%bb%d0%bd%d1%8b%d0%bc-%d0%ba%d0%be%d0%bb\/"},"modified":"2021-12-04T21:26:04","modified_gmt":"2021-12-04T18:26:04","slug":"%d1%8d%d0%bb%d0%b5%d0%ba%d1%82%d1%80%d0%b8%d1%87%d0%b5%d1%81%d0%ba%d0%b8%d0%b9-%d1%81%d0%b0%d0%bc%d0%be%d0%ba%d0%b0%d1%82-xiaomi-pro-%d1%81-%d0%bf%d0%be%d0%bb%d0%bd%d1%8b%d0%bc-%d0%ba%d0%be%d0%bb","status":"publish","type":"product","link":"https:\/\/www.xn--tuksimaailm-ffb.ee\/ru\/\u043f\u0440\u043e\u0434\u0443\u043a\u0442\/%d1%8d%d0%bb%d0%b5%d0%ba%d1%82%d1%80%d0%b8%d1%87%d0%b5%d1%81%d0%ba%d0%b8%d0%b9-%d1%81%d0%b0%d0%bc%d0%be%d0%ba%d0%b0%d1%82-xiaomi-pro-%d1%81-%d0%bf%d0%be%d0%bb%d0%bd%d1%8b%d0%bc-%d0%ba%d0%be%d0%bb\/","title":{"rendered":"\u042d\u043b\u0435\u043a\u0442\u0440\u0438\u0447\u0435\u0441\u043a\u0438\u0439 \u0441\u0430\u043c\u043e\u043a\u0430\u0442 Xiaomi Pro \u0441 \u043f\u043e\u043b\u043d\u044b\u043c \u043a\u043e\u043b\u0435\u0441\u043e\u043c 8.5x2\u00bb"},"content":{"rendered":"<p>\u0426\u0435\u043b\u044c\u043d\u043e\u043b\u0438\u0442\u0430\u044f \u0448\u0438\u043d\u0430 FHTYRE 8,5x2\u00bb (\u0442\u0430\u043a\u0436\u0435 \u0446\u0435\u043b\u044c\u043d\u043e\u043b\u0438\u0442\u0430\u044f, \u0446\u0435\u043b\u044c\u043d\u0430\u044f \u0448\u0438\u043d\u0430). \u041f\u043e\u0434\u0445\u043e\u0434\u0438\u0442 \u0434\u043b\u044f \u0443\u0441\u0442\u0430\u043d\u043e\u0432\u043a\u0438 \u043d\u0430 \u0432\u043d\u0443\u0442\u0440\u0435\u043d\u043d\u0438\u0435 \u0442\u0440\u0443\u0431\u043a\u0438 8 1\/2x2\u00ab \u0438\u043b\u0438 8,5x2\u00bb \u0432\u043c\u0435\u0441\u0442\u043e \u043f\u043d\u0435\u0432\u043c\u0430\u0442\u0438\u0447\u0435\u0441\u043a\u0438\u0445 \u0448\u0438\u043d - \u043f\u043e\u0434\u0445\u043e\u0434\u0438\u0442 \u0434\u043b\u044f <a href=\"http:\/\/www.xn--tuksimaailm-ffb.ee\/shop\/xiaomi-pro-2-elektritoukeratas\/\"><strong>Xiaomi Pro 2<\/strong><\/a>, <a href=\"http:\/\/www.xn--tuksimaailm-ffb.ee\/shop\/xiaomi-1s-elektritoukeratas\/\"><strong>Xiaomi 1S<\/strong><\/a>, <a href=\"http:\/\/www.xn--tuksimaailm-ffb.ee\/shop\/xiaomi-mi-essential-elektritoukeratas\/\"><strong>Xiaomi Essential<\/strong><\/a> \u0438 <a href=\"https:\/\/www.mi.com\/global\/product\/mi-electric-scooter-3\/\"><strong>Mi Electric Scooter 3<\/strong><\/a>. \u0426\u0435\u043b\u044c\u043d\u043e\u043b\u0438\u0442\u0430\u044f \u0448\u0438\u043d\u0430 FHTYRE 8,5x2\u00bb - \u0438\u0434\u0435\u0430\u043b\u044c\u043d\u044b\u0439 \u0432\u0430\u0440\u0438\u0430\u043d\u0442, \u0435\u0441\u043b\u0438 \u0432\u044b \u0443\u0441\u0442\u0430\u043b\u0438 \u043e\u0442 \u043f\u043e\u0441\u0442\u043e\u044f\u043d\u043d\u044b\u0445 \u0440\u0430\u0437\u0440\u044b\u0432\u043e\u0432 \u0448\u0438\u043d. \u0415\u0441\u043b\u0438 \u0432\u0430\u0448 \u044d\u043b\u0435\u043a\u0442\u0440\u043e\u0441\u043a\u0443\u0442\u0435\u0440 \u043d\u0443\u0436\u0434\u0430\u0435\u0442\u0441\u044f \u0432 \u0440\u0435\u043c\u043e\u043d\u0442\u0435 \u0438\u043b\u0438 <a href=\"https:\/\/www.youtube.com\/watch?v=9c5oaCgBtVA\">\u0441\u0430\u043c\u043e\u0441\u0442\u043e\u044f\u0442\u0435\u043b\u044c\u043d\u044b\u0439 \u0440\u0435\u043c\u043e\u043d\u0442<\/a>\u0441\u043b\u0438\u0448\u043a\u043e\u043c \u0441\u043b\u043e\u0436\u0435\u043d \u0434\u043b\u044f \u0432\u0430\u0441, \u0432\u0430\u043c \u043f\u043e\u043c\u043e\u0436\u0435\u0442 \u043d\u0430\u0448\u0430 \u0441\u043f\u0435\u0446\u0438\u0430\u043b\u0438\u0437\u0438\u0440\u043e\u0432\u0430\u043d\u043d\u0430\u044f <a href=\"http:\/\/www.xn--tuksimaailm-ffb.ee\/elektrilise-toukeratta-remont\/\">\u043c\u0430\u0441\u0442\u0435\u0440\u0441\u043a\u0430\u044f<\/a> \u043f\u043e \u0440\u0435\u043c\u043e\u043d\u0442\u0443 \u044d\u043b\u0435\u043a\u0442\u0440\u043e\u0441\u043a\u0443\u0442\u0435\u0440\u043e\u0432. \u041c\u044b \u0442\u0430\u043a\u0436\u0435 \u043c\u043e\u0436\u0435\u043c \u0432\u044b\u043f\u043e\u043b\u043d\u0438\u0442\u044c \u0437\u0430\u043c\u0435\u043d\u0443 \u0448\u0438\u043d \u043f\u043e \u0432\u044b\u0437\u043e\u0432\u0443. \u041f\u043e\u0434\u0440\u043e\u0431\u043d\u0435\u0435 \u043e \u0437\u0430\u043c\u0435\u043d\u0435 \u0448\u0438\u043d \u0434\u043b\u044f \u044d\u043b\u0435\u043a\u0442\u0440\u043e\u0441\u043a\u0443\u0442\u0435\u0440\u043e\u0432 \u0432\u044b \u043c\u043e\u0436\u0435\u0442\u0435 \u043f\u0440\u043e\u0447\u0438\u0442\u0430\u0442\u044c \u0432 \u043d\u0430\u0448\u0435\u043c <a href=\"http:\/\/www.xn--tuksimaailm-ffb.ee\/elektritoukeratta-rehvivahetus\/\">\u0431\u043b\u043e\u0433\u0435<\/a>.<\/p>\n","protected":false},"excerpt":{"rendered":"<p>\u0426\u0435\u043b\u044c\u043d\u043e\u043b\u0438\u0442\u0430\u044f \u0448\u0438\u043d\u0430 FHTYRE 8,5x2\u00bb (\u0442\u0430\u043a\u0436\u0435 \u0446\u0435\u043b\u044c\u043d\u043e\u043b\u0438\u0442\u0430\u044f, \u0446\u0435\u043b\u044c\u043d\u0430\u044f \u0448\u0438\u043d\u0430). \u041f\u043e\u0434\u0445\u043e\u0434\u0438\u0442 \u0434\u043b\u044f \u0443\u0441\u0442\u0430\u043d\u043e\u0432\u043a\u0438 \u043d\u0430 \u0432\u043d\u0443\u0442\u0440\u0435\u043d\u043d\u0438\u0435 \u0442\u0440\u0443\u0431\u043a\u0438 8 1\/2x2\u00ab \u0438\u043b\u0438 8,5x2\u00bb \u0432\u043c\u0435\u0441\u0442\u043e \u043f\u043d\u0435\u0432\u043c\u0430\u0442\u0438\u0447\u0435\u0441\u043a\u0438\u0445 \u0448\u0438\u043d - \u043f\u043e\u0434\u0445\u043e\u0434\u0438\u0442 \u0434\u043b\u044f Xiaomi Pro 2, Xiaomi 1S, Xiaomi Essential \u0438 Mi Electric Scooter 3. \u0426\u0435\u043b\u044c\u043d\u043e\u043b\u0438\u0442\u0430\u044f \u0448\u0438\u043d\u0430 FHTYRE 8,5x2\u00bb - \u0438\u0434\u0435\u0430\u043b\u044c\u043d\u044b\u0439 \u0432\u0430\u0440\u0438\u0430\u043d\u0442, \u0435\u0441\u043b\u0438 \u0432\u044b \u0443\u0441\u0442\u0430\u043b\u0438 \u043e\u0442 \u043f\u043e\u0441\u0442\u043e\u044f\u043d\u043d\u044b\u0445 \u0440\u0430\u0437\u0440\u044b\u0432\u043e\u0432 \u0448\u0438\u043d. &hellip;<\/p>\n","protected":false},"featured_media":14660,"template":"","meta":[],"product_brand":[],"product_cat":[757],"product_tag":[],"filter_elektritoukeratas":[2688,2686,2613,2612],"class_list":{"0":"post-52062","1":"product","2":"type-product","3":"status-publish","4":"has-post-thumbnail","6":"product_cat-757","7":"pa_tootetuup-taisrehvid-kargrehvid-ru","8":"filter_elektritoukeratas-ft_blaupunkt_esc608","9":"filter_elektritoukeratas-ft_blaupunkt_esc808","10":"filter_elektritoukeratas-ft_xiaomi_1s_mi3_pro_2_3_lite","11":"filter_elektritoukeratas-ft_xiaomi_m365_m365_pro_essential","13":"first","14":"instock","15":"taxable","16":"shipping-taxable","17":"purchasable","18":"product-type-simple"},"yoast_head":"<!-- This site is optimized with the Yoast SEO Premium plugin v26.8 (Yoast SEO v27.5) - https:\/\/yoast.com\/product\/yoast-seo-premium-wordpress\/ -->\n<title>\u042d\u043b\u0435\u043a\u0442\u0440\u0438\u0447\u0435\u0441\u043a\u0438\u0439 \u0441\u0430\u043c\u043e\u043a\u0430\u0442 Xiaomi Pro \u0441 \u043f\u043e\u043b\u043d\u044b\u043c \u043a\u043e\u043b\u0435\u0441\u043e\u043c 8.5x2\u00bb &#8212; T\u00f5uksimaailm<\/title>\n<meta name=\"robots\" content=\"index, follow, max-snippet:-1, max-image-preview:large, max-video-preview:-1\" \/>\n<link rel=\"canonical\" href=\"https:\/\/www.xn--tuksimaailm-ffb.ee\/ru\/\u043f\u0440\u043e\u0434\u0443\u043a\u0442\/%d1%8d%d0%bb%d0%b5%d0%ba%d1%82%d1%80%d0%b8%d1%87%d0%b5%d1%81%d0%ba%d0%b8%d0%b9-%d1%81%d0%b0%d0%bc%d0%be%d0%ba%d0%b0%d1%82-xiaomi-pro-%d1%81-%d0%bf%d0%be%d0%bb%d0%bd%d1%8b%d0%bc-%d0%ba%d0%be%d0%bb\/\" \/>\n<meta property=\"og:locale\" content=\"ru_RU\" \/>\n<meta property=\"og:type\" content=\"article\" \/>\n<meta property=\"og:title\" content=\"\u042d\u043b\u0435\u043a\u0442\u0440\u0438\u0447\u0435\u0441\u043a\u0438\u0439 \u0441\u0430\u043c\u043e\u043a\u0430\u0442 Xiaomi Pro \u0441 \u043f\u043e\u043b\u043d\u044b\u043c \u043a\u043e\u043b\u0435\u0441\u043e\u043c 8.5x2\u00bb\" \/>\n<meta property=\"og:description\" content=\"\u0426\u0435\u043b\u044c\u043d\u043e\u043b\u0438\u0442\u0430\u044f \u0448\u0438\u043d\u0430 FHTYRE 8,5x2\u00bb (\u0442\u0430\u043a\u0436\u0435 \u0446\u0435\u043b\u044c\u043d\u043e\u043b\u0438\u0442\u0430\u044f, \u0446\u0435\u043b\u044c\u043d\u0430\u044f \u0448\u0438\u043d\u0430). \u041f\u043e\u0434\u0445\u043e\u0434\u0438\u0442 \u0434\u043b\u044f \u0443\u0441\u0442\u0430\u043d\u043e\u0432\u043a\u0438 \u043d\u0430 \u0432\u043d\u0443\u0442\u0440\u0435\u043d\u043d\u0438\u0435 \u0442\u0440\u0443\u0431\u043a\u0438 8 1\/2x2\u00ab \u0438\u043b\u0438 8,5x2\u00bb \u0432\u043c\u0435\u0441\u0442\u043e \u043f\u043d\u0435\u0432\u043c\u0430\u0442\u0438\u0447\u0435\u0441\u043a\u0438\u0445 \u0448\u0438\u043d - \u043f\u043e\u0434\u0445\u043e\u0434\u0438\u0442 \u0434\u043b\u044f Xiaomi Pro 2, Xiaomi 1S, Xiaomi Essential \u0438 Mi Electric Scooter 3. \u0426\u0435\u043b\u044c\u043d\u043e\u043b\u0438\u0442\u0430\u044f \u0448\u0438\u043d\u0430 FHTYRE 8,5x2\u00bb - \u0438\u0434\u0435\u0430\u043b\u044c\u043d\u044b\u0439 \u0432\u0430\u0440\u0438\u0430\u043d\u0442, \u0435\u0441\u043b\u0438 \u0432\u044b \u0443\u0441\u0442\u0430\u043b\u0438 \u043e\u0442 \u043f\u043e\u0441\u0442\u043e\u044f\u043d\u043d\u044b\u0445 \u0440\u0430\u0437\u0440\u044b\u0432\u043e\u0432 \u0448\u0438\u043d. &hellip;\" \/>\n<meta property=\"og:url\" content=\"https:\/\/www.xn--tuksimaailm-ffb.ee\/ru\/\u043f\u0440\u043e\u0434\u0443\u043a\u0442\/%d1%8d%d0%bb%d0%b5%d0%ba%d1%82%d1%80%d0%b8%d1%87%d0%b5%d1%81%d0%ba%d0%b8%d0%b9-%d1%81%d0%b0%d0%bc%d0%be%d0%ba%d0%b0%d1%82-xiaomi-pro-%d1%81-%d0%bf%d0%be%d0%bb%d0%bd%d1%8b%d0%bc-%d0%ba%d0%be%d0%bb\/\" \/>\n<meta property=\"og:site_name\" content=\"T\u00f5uksimaailm\" \/>\n<meta property=\"article:publisher\" content=\"https:\/\/www.facebook.com\/touksimaailm\/\" \/>\n<meta property=\"og:image\" content=\"https:\/\/www.xn--tuksimaailm-ffb.ee\/wp-content\/uploads\/2021\/12\/fhtyre-2.png\" \/>\n\t<meta property=\"og:image:width\" content=\"647\" \/>\n\t<meta property=\"og:image:height\" content=\"609\" \/>\n\t<meta property=\"og:image:type\" content=\"image\/png\" \/>\n<meta name=\"twitter:card\" content=\"summary_large_image\" \/>\n<meta name=\"twitter:label1\" content=\"\u0426\u0435\u043d\u0430\" \/>\n\t<meta name=\"twitter:data1\" content=\"&euro;39.50\" \/>\n\t<meta name=\"twitter:label2\" content=\"\u0414\u043e\u0441\u0442\u0443\u043f\u043d\u043e\u0441\u0442\u044c\" \/>\n\t<meta name=\"twitter:data2\" content=\"\u0412 \u043d\u0430\u043b\u0438\u0447\u0438\u0438\" \/>\n<meta property=\"product:price:amount\" content=\"39.50\" \/>\n<meta property=\"product:price:currency\" content=\"EUR\" \/>\n<meta property=\"og:availability\" content=\"instock\" \/>\n<meta property=\"product:availability\" content=\"instock\" \/>\n<meta property=\"product:condition\" content=\"new\" \/>\n<!-- \/ Yoast SEO Premium plugin. -->","yoast_head_json":{"title":"\u042d\u043b\u0435\u043a\u0442\u0440\u0438\u0447\u0435\u0441\u043a\u0438\u0439 \u0441\u0430\u043c\u043e\u043a\u0430\u0442 Xiaomi Pro \u0441 \u043f\u043e\u043b\u043d\u044b\u043c \u043a\u043e\u043b\u0435\u0441\u043e\u043c 8.5x2\u00bb &#8212; T\u00f5uksimaailm","robots":{"index":"index","follow":"follow","max-snippet":"max-snippet:-1","max-image-preview":"max-image-preview:large","max-video-preview":"max-video-preview:-1"},"canonical":"https:\/\/www.xn--tuksimaailm-ffb.ee\/ru\/\u043f\u0440\u043e\u0434\u0443\u043a\u0442\/%d1%8d%d0%bb%d0%b5%d0%ba%d1%82%d1%80%d0%b8%d1%87%d0%b5%d1%81%d0%ba%d0%b8%d0%b9-%d1%81%d0%b0%d0%bc%d0%be%d0%ba%d0%b0%d1%82-xiaomi-pro-%d1%81-%d0%bf%d0%be%d0%bb%d0%bd%d1%8b%d0%bc-%d0%ba%d0%be%d0%bb\/","og_locale":"ru_RU","og_type":"article","og_title":"\u042d\u043b\u0435\u043a\u0442\u0440\u0438\u0447\u0435\u0441\u043a\u0438\u0439 \u0441\u0430\u043c\u043e\u043a\u0430\u0442 Xiaomi Pro \u0441 \u043f\u043e\u043b\u043d\u044b\u043c \u043a\u043e\u043b\u0435\u0441\u043e\u043c 8.5x2\u00bb","og_description":"\u0426\u0435\u043b\u044c\u043d\u043e\u043b\u0438\u0442\u0430\u044f \u0448\u0438\u043d\u0430 FHTYRE 8,5x2\u00bb (\u0442\u0430\u043a\u0436\u0435 \u0446\u0435\u043b\u044c\u043d\u043e\u043b\u0438\u0442\u0430\u044f, \u0446\u0435\u043b\u044c\u043d\u0430\u044f \u0448\u0438\u043d\u0430). \u041f\u043e\u0434\u0445\u043e\u0434\u0438\u0442 \u0434\u043b\u044f \u0443\u0441\u0442\u0430\u043d\u043e\u0432\u043a\u0438 \u043d\u0430 \u0432\u043d\u0443\u0442\u0440\u0435\u043d\u043d\u0438\u0435 \u0442\u0440\u0443\u0431\u043a\u0438 8 1\/2x2\u00ab \u0438\u043b\u0438 8,5x2\u00bb \u0432\u043c\u0435\u0441\u0442\u043e \u043f\u043d\u0435\u0432\u043c\u0430\u0442\u0438\u0447\u0435\u0441\u043a\u0438\u0445 \u0448\u0438\u043d - \u043f\u043e\u0434\u0445\u043e\u0434\u0438\u0442 \u0434\u043b\u044f Xiaomi Pro 2, Xiaomi 1S, Xiaomi Essential \u0438 Mi Electric Scooter 3. \u0426\u0435\u043b\u044c\u043d\u043e\u043b\u0438\u0442\u0430\u044f \u0448\u0438\u043d\u0430 FHTYRE 8,5x2\u00bb - \u0438\u0434\u0435\u0430\u043b\u044c\u043d\u044b\u0439 \u0432\u0430\u0440\u0438\u0430\u043d\u0442, \u0435\u0441\u043b\u0438 \u0432\u044b \u0443\u0441\u0442\u0430\u043b\u0438 \u043e\u0442 \u043f\u043e\u0441\u0442\u043e\u044f\u043d\u043d\u044b\u0445 \u0440\u0430\u0437\u0440\u044b\u0432\u043e\u0432 \u0448\u0438\u043d. &hellip;","og_url":"https:\/\/www.xn--tuksimaailm-ffb.ee\/ru\/\u043f\u0440\u043e\u0434\u0443\u043a\u0442\/%d1%8d%d0%bb%d0%b5%d0%ba%d1%82%d1%80%d0%b8%d1%87%d0%b5%d1%81%d0%ba%d0%b8%d0%b9-%d1%81%d0%b0%d0%bc%d0%be%d0%ba%d0%b0%d1%82-xiaomi-pro-%d1%81-%d0%bf%d0%be%d0%bb%d0%bd%d1%8b%d0%bc-%d0%ba%d0%be%d0%bb\/","og_site_name":"T\u00f5uksimaailm","article_publisher":"https:\/\/www.facebook.com\/touksimaailm\/","og_image":[{"width":647,"height":609,"url":"https:\/\/www.xn--tuksimaailm-ffb.ee\/wp-content\/uploads\/2021\/12\/fhtyre-2.png","type":"image\/png"}],"twitter_card":"summary_large_image","twitter_misc":{"\u0426\u0435\u043d\u0430":"&euro;39.50","\u0414\u043e\u0441\u0442\u0443\u043f\u043d\u043e\u0441\u0442\u044c":"\u0412 \u043d\u0430\u043b\u0438\u0447\u0438\u0438"},"schema":{"@context":"https:\/\/schema.org","@graph":[{"@type":"WebPage","@id":"https:\/\/www.xn--tuksimaailm-ffb.ee\/ru\/\u043f\u0440\u043e\u0434\u0443\u043a\u0442\/%d1%8d%d0%bb%d0%b5%d0%ba%d1%82%d1%80%d0%b8%d1%87%d0%b5%d1%81%d0%ba%d0%b8%d0%b9-%d1%81%d0%b0%d0%bc%d0%be%d0%ba%d0%b0%d1%82-xiaomi-pro-%d1%81-%d0%bf%d0%be%d0%bb%d0%bd%d1%8b%d0%bc-%d0%ba%d0%be%d0%bb\/","url":"https:\/\/www.xn--tuksimaailm-ffb.ee\/ru\/\u043f\u0440\u043e\u0434\u0443\u043a\u0442\/%d1%8d%d0%bb%d0%b5%d0%ba%d1%82%d1%80%d0%b8%d1%87%d0%b5%d1%81%d0%ba%d0%b8%d0%b9-%d1%81%d0%b0%d0%bc%d0%be%d0%ba%d0%b0%d1%82-xiaomi-pro-%d1%81-%d0%bf%d0%be%d0%bb%d0%bd%d1%8b%d0%bc-%d0%ba%d0%be%d0%bb\/","name":"\u042d\u043b\u0435\u043a\u0442\u0440\u0438\u0447\u0435\u0441\u043a\u0438\u0439 \u0441\u0430\u043c\u043e\u043a\u0430\u0442 Xiaomi Pro \u0441 \u043f\u043e\u043b\u043d\u044b\u043c \u043a\u043e\u043b\u0435\u0441\u043e\u043c 8.5x2\u00bb &#8212; T\u00f5uksimaailm","isPartOf":{"@id":"https:\/\/www.xn--tuksimaailm-ffb.ee\/ru\/#website"},"primaryImageOfPage":{"@id":"https:\/\/www.xn--tuksimaailm-ffb.ee\/ru\/\u043f\u0440\u043e\u0434\u0443\u043a\u0442\/%d1%8d%d0%bb%d0%b5%d0%ba%d1%82%d1%80%d0%b8%d1%87%d0%b5%d1%81%d0%ba%d0%b8%d0%b9-%d1%81%d0%b0%d0%bc%d0%be%d0%ba%d0%b0%d1%82-xiaomi-pro-%d1%81-%d0%bf%d0%be%d0%bb%d0%bd%d1%8b%d0%bc-%d0%ba%d0%be%d0%bb\/#primaryimage"},"image":{"@id":"https:\/\/www.xn--tuksimaailm-ffb.ee\/ru\/\u043f\u0440\u043e\u0434\u0443\u043a\u0442\/%d1%8d%d0%bb%d0%b5%d0%ba%d1%82%d1%80%d0%b8%d1%87%d0%b5%d1%81%d0%ba%d0%b8%d0%b9-%d1%81%d0%b0%d0%bc%d0%be%d0%ba%d0%b0%d1%82-xiaomi-pro-%d1%81-%d0%bf%d0%be%d0%bb%d0%bd%d1%8b%d0%bc-%d0%ba%d0%be%d0%bb\/#primaryimage"},"thumbnailUrl":"https:\/\/www.xn--tuksimaailm-ffb.ee\/wp-content\/uploads\/2021\/12\/fhtyre-2.png","datePublished":"2021-12-04T18:26:04+00:00","breadcrumb":{"@id":"https:\/\/www.xn--tuksimaailm-ffb.ee\/ru\/\u043f\u0440\u043e\u0434\u0443\u043a\u0442\/%d1%8d%d0%bb%d0%b5%d0%ba%d1%82%d1%80%d0%b8%d1%87%d0%b5%d1%81%d0%ba%d0%b8%d0%b9-%d1%81%d0%b0%d0%bc%d0%be%d0%ba%d0%b0%d1%82-xiaomi-pro-%d1%81-%d0%bf%d0%be%d0%bb%d0%bd%d1%8b%d0%bc-%d0%ba%d0%be%d0%bb\/#breadcrumb"},"inLanguage":"ru-RU","potentialAction":[{"@type":"ReadAction","target":["https:\/\/www.xn--tuksimaailm-ffb.ee\/ru\/\u043f\u0440\u043e\u0434\u0443\u043a\u0442\/%d1%8d%d0%bb%d0%b5%d0%ba%d1%82%d1%80%d0%b8%d1%87%d0%b5%d1%81%d0%ba%d0%b8%d0%b9-%d1%81%d0%b0%d0%bc%d0%be%d0%ba%d0%b0%d1%82-xiaomi-pro-%d1%81-%d0%bf%d0%be%d0%bb%d0%bd%d1%8b%d0%bc-%d0%ba%d0%be%d0%bb\/"]}]},{"@type":"ImageObject","inLanguage":"ru-RU","@id":"https:\/\/www.xn--tuksimaailm-ffb.ee\/ru\/\u043f\u0440\u043e\u0434\u0443\u043a\u0442\/%d1%8d%d0%bb%d0%b5%d0%ba%d1%82%d1%80%d0%b8%d1%87%d0%b5%d1%81%d0%ba%d0%b8%d0%b9-%d1%81%d0%b0%d0%bc%d0%be%d0%ba%d0%b0%d1%82-xiaomi-pro-%d1%81-%d0%bf%d0%be%d0%bb%d0%bd%d1%8b%d0%bc-%d0%ba%d0%be%d0%bb\/#primaryimage","url":"https:\/\/www.xn--tuksimaailm-ffb.ee\/wp-content\/uploads\/2021\/12\/fhtyre-2.png","contentUrl":"https:\/\/www.xn--tuksimaailm-ffb.ee\/wp-content\/uploads\/2021\/12\/fhtyre-2.png","width":647,"height":609},{"@type":"BreadcrumbList","@id":"https:\/\/www.xn--tuksimaailm-ffb.ee\/ru\/\u043f\u0440\u043e\u0434\u0443\u043a\u0442\/%d1%8d%d0%bb%d0%b5%d0%ba%d1%82%d1%80%d0%b8%d1%87%d0%b5%d1%81%d0%ba%d0%b8%d0%b9-%d1%81%d0%b0%d0%bc%d0%be%d0%ba%d0%b0%d1%82-xiaomi-pro-%d1%81-%d0%bf%d0%be%d0%bb%d0%bd%d1%8b%d0%bc-%d0%ba%d0%be%d0%bb\/#breadcrumb","itemListElement":[{"@type":"ListItem","position":1,"name":"Home","item":"https:\/\/www.xn--tuksimaailm-ffb.ee\/ru\/frontpage\/"},{"@type":"ListItem","position":2,"name":"\u041c\u0410\u0413\u0410\u0417\u0418\u041d","item":"https:\/\/www.xn--tuksimaailm-ffb.ee\/elektritoukerataste-pood\/"},{"@type":"ListItem","position":3,"name":"\u042d\u043b\u0435\u043a\u0442\u0440\u0438\u0447\u0435\u0441\u043a\u0438\u0439 \u0441\u0430\u043c\u043e\u043a\u0430\u0442 Xiaomi Pro \u0441 \u043f\u043e\u043b\u043d\u044b\u043c \u043a\u043e\u043b\u0435\u0441\u043e\u043c 8.5x2\u00bb"}]},{"@type":"WebSite","@id":"https:\/\/www.xn--tuksimaailm-ffb.ee\/ru\/#website","url":"https:\/\/www.xn--tuksimaailm-ffb.ee\/ru\/","name":"T\u00f5uksimaailm","description":"Elektrit\u00f5ukerataste m\u00fc\u00fck, remont ja rent","publisher":{"@id":"https:\/\/www.xn--tuksimaailm-ffb.ee\/ru\/#organization"},"potentialAction":[{"@type":"SearchAction","target":{"@type":"EntryPoint","urlTemplate":"https:\/\/www.xn--tuksimaailm-ffb.ee\/ru\/?s={search_term_string}"},"query-input":{"@type":"PropertyValueSpecification","valueRequired":true,"valueName":"search_term_string"}}],"inLanguage":"ru-RU"},{"@type":"Organization","@id":"https:\/\/www.xn--tuksimaailm-ffb.ee\/ru\/#organization","name":"T\u00f5uksimaailm","url":"https:\/\/www.xn--tuksimaailm-ffb.ee\/ru\/","logo":{"@type":"ImageObject","inLanguage":"ru-RU","@id":"https:\/\/www.xn--tuksimaailm-ffb.ee\/ru\/#\/schema\/logo\/image\/","url":"https:\/\/www.xn--tuksimaailm-ffb.ee\/wp-content\/uploads\/2020\/01\/logoz-e1579792875517.png","contentUrl":"https:\/\/www.xn--tuksimaailm-ffb.ee\/wp-content\/uploads\/2020\/01\/logoz-e1579792875517.png","width":250,"height":250,"caption":"T\u00f5uksimaailm"},"image":{"@id":"https:\/\/www.xn--tuksimaailm-ffb.ee\/ru\/#\/schema\/logo\/image\/"},"sameAs":["https:\/\/www.facebook.com\/touksimaailm\/","https:\/\/www.instagram.com\/touksimaailm_\/","https:\/\/www.youtube.com\/channel\/UC18ml0EKIDLP1xGuQjFzcXQ"]}]},"product_price_amount":"39.50","product_price_currency":"EUR","og_availability":"instock","product_availability":"instock","product_condition":"new"},"jetpack_sharing_enabled":true,"_links":{"self":[{"href":"https:\/\/www.xn--tuksimaailm-ffb.ee\/ru\/wp-json\/wp\/v2\/product\/52062","targetHints":{"allow":["GET"]}}],"collection":[{"href":"https:\/\/www.xn--tuksimaailm-ffb.ee\/ru\/wp-json\/wp\/v2\/product"}],"about":[{"href":"https:\/\/www.xn--tuksimaailm-ffb.ee\/ru\/wp-json\/wp\/v2\/types\/product"}],"wp:featuredmedia":[{"embeddable":true,"href":"https:\/\/www.xn--tuksimaailm-ffb.ee\/ru\/wp-json\/wp\/v2\/media\/14660"}],"wp:attachment":[{"href":"https:\/\/www.xn--tuksimaailm-ffb.ee\/ru\/wp-json\/wp\/v2\/media?parent=52062"}],"wp:term":[{"taxonomy":"product_brand","embeddable":true,"href":"https:\/\/www.xn--tuksimaailm-ffb.ee\/ru\/wp-json\/wp\/v2\/product_brand?post=52062"},{"taxonomy":"product_cat","embeddable":true,"href":"https:\/\/www.xn--tuksimaailm-ffb.ee\/ru\/wp-json\/wp\/v2\/product_cat?post=52062"},{"taxonomy":"product_tag","embeddable":true,"href":"https:\/\/www.xn--tuksimaailm-ffb.ee\/ru\/wp-json\/wp\/v2\/product_tag?post=52062"},{"taxonomy":"filter_elektritoukeratas","embeddable":true,"href":"https:\/\/www.xn--tuksimaailm-ffb.ee\/ru\/wp-json\/wp\/v2\/filter_elektritoukeratas?post=52062"}],"curies":[{"name":"wp","href":"https:\/\/api.w.org\/{rel}","templated":true}]}}