{"id":52063,"date":"2021-12-04T20:27:37","date_gmt":"2021-12-04T20:27:37","guid":{"rendered":"http:\/\/www.xn--tuksimaailm-ffb.ee\/shop\/%d0%b4%d0%be%d1%80%d0%be%d0%b6%d0%bd%d0%b0%d1%8f-%d1%88%d0%b8%d0%bd%d0%b0-11-pmt-90-60r6-5-b-stradale-%d0%b1%d0%b5%d1%81%d0%ba%d0%b0%d0%bc%d0%b5%d1%80%d0%bd%d0%b0%d1%8f\/"},"modified":"2021-12-04T20:27:37","modified_gmt":"2021-12-04T17:27:37","slug":"%d0%b4%d0%be%d1%80%d0%be%d0%b6%d0%bd%d0%b0%d1%8f-%d1%88%d0%b8%d0%bd%d0%b0-11-pmt-90-60r6-5-b-stradale-%d0%b1%d0%b5%d1%81%d0%ba%d0%b0%d0%bc%d0%b5%d1%80%d0%bd%d0%b0%d1%8f","status":"publish","type":"product","link":"https:\/\/www.xn--tuksimaailm-ffb.ee\/ru\/\u043f\u0440\u043e\u0434\u0443\u043a\u0442\/%d0%b4%d0%be%d1%80%d0%be%d0%b6%d0%bd%d0%b0%d1%8f-%d1%88%d0%b8%d0%bd%d0%b0-11-pmt-90-60r6-5-b-stradale-%d0%b1%d0%b5%d1%81%d0%ba%d0%b0%d0%bc%d0%b5%d1%80%d0%bd%d0%b0%d1%8f\/","title":{"rendered":"\u0414\u043e\u0440\u043e\u0436\u043d\u0430\u044f \u0448\u0438\u043d\u0430 11\u00ab PMT 90\/60R6.5\u00bb B Stradale \u0431\u0435\u0441\u043a\u0430\u043c\u0435\u0440\u043d\u0430\u044f"},"content":{"rendered":"<p>\u0414\u043e\u0440\u043e\u0436\u043d\u0430\u044f \u0448\u0438\u043d\u0430 11\u00ab <strong>PMT<\/strong> 90\/60R6.5\u00bb B Stradale \u0431\u0435\u0441\u043a\u0430\u043c\u0435\u0440\u043d\u0430\u044f (\u0442\u0430\u043a\u0436\u0435 \u0432\u043d\u0435\u0448\u043d\u044f\u044f \u0448\u0438\u043d\u0430, \u0432\u043d\u0435\u0448\u043d\u044f\u044f \u0440\u0435\u0437\u0438\u043d\u0430, \u043e\u0431\u043e\u043b\u043e\u0447\u043a\u0430, \u0432\u0430\u043a\u0443\u0443\u043c\u043d\u0430\u044f \u0448\u0438\u043d\u0430). \u041e\u0447\u0435\u043d\u044c \u043a\u0430\u0447\u0435\u0441\u0442\u0432\u0435\u043d\u043d\u0430\u044f \u0448\u0438\u043d\u0430 \u043c\u0430\u0440\u043a\u0438 PMT \u0434\u043b\u044f \u0441\u0442\u0430\u0431\u0438\u043b\u044c\u043d\u043e\u0433\u043e \u0434\u0432\u0438\u0436\u0435\u043d\u0438\u044f \u043d\u0430 \u0432\u044b\u0441\u043e\u043a\u0438\u0445 \u0441\u043a\u043e\u0440\u043e\u0441\u0442\u044f\u0445. \u041f\u043e\u0434\u0445\u043e\u0434\u0438\u0442 \u0434\u043b\u044f \u044d\u043b\u0435\u043a\u0442\u0440\u043e\u0441\u043a\u0443\u0442\u0435\u0440\u0430 <a href=\"http:\/\/www.xn--tuksimaailm-ffb.ee\/shop\/nami-burn-e-elektritoukeratas\/\"><strong>Nami Burn-E<\/strong><\/a>, \u044d\u043b\u0435\u043a\u0442\u0440\u043e\u0441\u043a\u0443\u0442\u0435\u0440\u0430 <a href=\"http:\/\/www.xn--tuksimaailm-ffb.ee\/shop\/kaabo-wolf-warrior-11\/\"><strong>Kaabo Wolf Warrior 11+<\/strong><\/a><strong>, <\/strong><a href=\"http:\/\/www.xn--tuksimaailm-ffb.ee\/shop\/kaabo-wolf-king-elektritoukeratas\/\"><strong>Wolf King+<\/strong><\/a> (<strong> GT).<\/strong> <strong>NB:<\/strong> \u0414\u043e\u0440\u043e\u0436\u043d\u0430\u044f \u0448\u0438\u043d\u0430 11\u00ab PMT 90\/60R6.5\u00bb B Stradale \u043f\u043e\u0434\u0445\u043e\u0434\u0438\u0442 \u0442\u043e\u043b\u044c\u043a\u043e \u0434\u043b\u044f \u044d\u043b\u0435\u043a\u0442\u0440\u043e\u0441\u043a\u0443\u0442\u0435\u0440\u043e\u0432 \u0441 \u0448\u0438\u043d\u0430\u043c\u0438 \u0431\u0435\u0437 \u0432\u043d\u0443\u0442\u0440\u0435\u043d\u043d\u0435\u0439 \u0442\u0440\u0443\u0431\u044b (\u043d\u0430\u043f\u0440\u0438\u043c\u0435\u0440, \u044d\u043b\u0435\u043a\u0442\u0440\u043e\u0441\u043a\u0443\u0442\u0435\u0440 <a href=\"https:\/\/dualtron-shop.com\/product\/dualtron-thunder-2\/\"><strong>Dualtron Thunder 2<\/strong><\/a>). \u0411\u0435\u0441\u043a\u0430\u043c\u0435\u0440\u043d\u0430\u044f \u0448\u0438\u043d\u0430, \u043e\u0431\u044b\u0447\u043d\u043e \u0438\u0441\u043f\u043e\u043b\u044c\u0437\u0443\u0435\u043c\u0430\u044f \u043d\u0430 \u043a\u043e\u043b\u0435\u0441\u0430\u0445, \u043f\u0440\u0435\u0434\u043d\u0430\u0437\u043d\u0430\u0447\u0435\u043d\u043d\u044b\u0445 \u0434\u043b\u044f \u0432\u043d\u0443\u0442\u0440\u0435\u043d\u043d\u0438\u0445 \u0442\u0440\u0443\u0431, \u043d\u0435 \u0431\u0443\u0434\u0435\u0442 \u0434\u043e\u0441\u0442\u0430\u0442\u043e\u0447\u043d\u043e \u0445\u043e\u0440\u043e\u0448\u043e \u043f\u043e\u0434\u0445\u043e\u0434\u0438\u0442\u044c \u0434\u043b\u044f \u0438\u0441\u043f\u043e\u043b\u044c\u0437\u043e\u0432\u0430\u043d\u0438\u044f \u0431\u0435\u0437 \u0432\u043d\u0443\u0442\u0440\u0435\u043d\u043d\u0435\u0439 \u0442\u0440\u0443\u0431\u044b. \u0415\u0441\u043b\u0438 \u0432\u0430\u0448 \u044d\u043b\u0435\u043a\u0442\u0440\u043e\u0441\u043a\u0443\u0442\u0435\u0440 \u043d\u0443\u0436\u0434\u0430\u0435\u0442\u0441\u044f \u0432 \u0440\u0435\u043c\u043e\u043d\u0442\u0435 \u0438\u043b\u0438 \u0435\u0441\u043b\u0438 \u0432\u0430\u043c \u0441\u043b\u0438\u0448\u043a\u043e\u043c \u0434\u043e\u0440\u043e\u0433\u043e \u0437\u0430\u043c\u0435\u043d\u0438\u0442\u044c <a href=\"https:\/\/www.youtube.com\/watch?v=9c5oaCgBtVA\">\u043a\u043e\u043b\u0435\u0441\u043e<\/a>\u0441\u0430\u043c\u043e\u0441\u0442\u043e\u044f\u0442\u0435\u043b\u044c\u043d\u043e, \u043d\u0430\u0448\u0430 \u0441\u043f\u0435\u0446\u0438\u0430\u043b\u0438\u0437\u0438\u0440\u043e\u0432\u0430\u043d\u043d\u0430\u044f <a href=\"http:\/\/www.xn--tuksimaailm-ffb.ee\/elektrilise-toukeratta-remont\/\">\u043c\u0430\u0441\u0442\u0435\u0440\u0441\u043a\u0430\u044f<\/a> \u044d\u043b\u0435\u043a\u0442\u0440\u043e\u0441\u043a\u0443\u0442\u0435\u0440\u043e\u0432 \u043c\u043e\u0436\u0435\u0442 \u0432\u0430\u043c \u043f\u043e\u043c\u043e\u0447\u044c. \u041c\u044b \u0442\u0430\u043a\u0436\u0435 \u043c\u043e\u0436\u0435\u043c \u043f\u0440\u043e\u0438\u0437\u0432\u0435\u0441\u0442\u0438 \u0437\u0430\u043c\u0435\u043d\u0443 \u0448\u0438\u043d \u0432 \u0440\u0435\u0436\u0438\u043c\u0435 \u043e\u0436\u0438\u0434\u0430\u043d\u0438\u044f. \u041f\u043e\u0434\u0440\u043e\u0431\u043d\u0435\u0435 \u043e \u0437\u0430\u043c\u0435\u043d\u0435 \u0448\u0438\u043d \u043d\u0430 \u044d\u043b\u0435\u043a\u0442\u0440\u043e\u0441\u043a\u0443\u0442\u0435\u0440\u0435 \u0432\u044b \u043c\u043e\u0436\u0435\u0442\u0435 \u043f\u0440\u043e\u0447\u0438\u0442\u0430\u0442\u044c \u0432 \u043d\u0430\u0448\u0435\u043c <a href=\"http:\/\/www.xn--tuksimaailm-ffb.ee\/elektritoukeratta-rehvivahetus\/\">\u0431\u043b\u043e\u0433\u0435<\/a>.<\/p>\n","protected":false},"excerpt":{"rendered":"<p>\u0414\u043e\u0440\u043e\u0436\u043d\u0430\u044f \u0448\u0438\u043d\u0430 11\u00ab PMT 90\/60R6.5\u00bb B Stradale \u0431\u0435\u0441\u043a\u0430\u043c\u0435\u0440\u043d\u0430\u044f (\u0442\u0430\u043a\u0436\u0435 \u0432\u043d\u0435\u0448\u043d\u044f\u044f \u0448\u0438\u043d\u0430, \u0432\u043d\u0435\u0448\u043d\u044f\u044f \u0440\u0435\u0437\u0438\u043d\u0430, \u043e\u0431\u043e\u043b\u043e\u0447\u043a\u0430, \u0432\u0430\u043a\u0443\u0443\u043c\u043d\u0430\u044f \u0448\u0438\u043d\u0430). \u041e\u0447\u0435\u043d\u044c \u043a\u0430\u0447\u0435\u0441\u0442\u0432\u0435\u043d\u043d\u0430\u044f \u0448\u0438\u043d\u0430 \u043c\u0430\u0440\u043a\u0438 PMT \u0434\u043b\u044f \u0441\u0442\u0430\u0431\u0438\u043b\u044c\u043d\u043e\u0433\u043e \u0434\u0432\u0438\u0436\u0435\u043d\u0438\u044f \u043d\u0430 \u0432\u044b\u0441\u043e\u043a\u0438\u0445 \u0441\u043a\u043e\u0440\u043e\u0441\u0442\u044f\u0445. \u041f\u043e\u0434\u0445\u043e\u0434\u0438\u0442 \u0434\u043b\u044f \u044d\u043b\u0435\u043a\u0442\u0440\u043e\u0441\u043a\u0443\u0442\u0435\u0440\u0430 Nami Burn-E, \u044d\u043b\u0435\u043a\u0442\u0440\u043e\u0441\u043a\u0443\u0442\u0435\u0440\u0430 Kaabo Wolf Warrior 11+, Wolf King+ ( GT). NB: \u0414\u043e\u0440\u043e\u0436\u043d\u0430\u044f \u0448\u0438\u043d\u0430 11\u00ab PMT 90\/60R6.5\u00bb B Stradale \u043f\u043e\u0434\u0445\u043e\u0434\u0438\u0442 &hellip;<\/p>\n","protected":false},"featured_media":14656,"template":"","meta":[],"product_brand":[],"product_cat":[757],"product_tag":[1562],"filter_elektritoukeratas":[2736,2734,2735,2707,2728,2678,2675,2677,3239,2602,2645,2751],"class_list":{"0":"post-52063","1":"product","2":"type-product","3":"status-publish","4":"has-post-thumbnail","6":"product_cat-757","7":"product_tag-rehvid-ru","8":"pa_tootetuup-rehvid-ru","9":"filter_elektritoukeratas-ft_dualtron_storm","10":"filter_elektritoukeratas-ft_dualtron_thunder","11":"filter_elektritoukeratas-ft_dualtron_ultra","12":"filter_elektritoukeratas-ft_gpad_f3_max","13":"filter_elektritoukeratas-ft_kaabo_wolf","14":"filter_elektritoukeratas-ft_kugoo_g_booster","15":"filter_elektritoukeratas-ft_kugoo_g4","16":"filter_elektritoukeratas-ft_kugoo_m5_pro","17":"filter_elektritoukeratas-ft_techlife_x9","18":"filter_elektritoukeratas-ft_vsett_11_plus","19":"filter_elektritoukeratas-ft_vsett_11_plus_super","20":"filter_elektritoukeratas-ft_zero_11x","22":"first","23":"onbackorder","24":"taxable","25":"shipping-taxable","26":"purchasable","27":"product-type-simple"},"yoast_head":"<!-- This site is optimized with the Yoast SEO Premium plugin v26.8 (Yoast SEO v27.5) - https:\/\/yoast.com\/product\/yoast-seo-premium-wordpress\/ -->\n<title>\u0414\u043e\u0440\u043e\u0436\u043d\u0430\u044f \u0448\u0438\u043d\u0430 11\u00ab PMT 90\/60R6.5\u00bb B Stradale \u0431\u0435\u0441\u043a\u0430\u043c\u0435\u0440\u043d\u0430\u044f &#8212; T\u00f5uksimaailm<\/title>\n<meta name=\"robots\" content=\"index, follow, max-snippet:-1, max-image-preview:large, max-video-preview:-1\" \/>\n<link rel=\"canonical\" href=\"https:\/\/www.xn--tuksimaailm-ffb.ee\/ru\/\u043f\u0440\u043e\u0434\u0443\u043a\u0442\/%d0%b4%d0%be%d1%80%d0%be%d0%b6%d0%bd%d0%b0%d1%8f-%d1%88%d0%b8%d0%bd%d0%b0-11-pmt-90-60r6-5-b-stradale-%d0%b1%d0%b5%d1%81%d0%ba%d0%b0%d0%bc%d0%b5%d1%80%d0%bd%d0%b0%d1%8f\/\" \/>\n<meta property=\"og:locale\" content=\"ru_RU\" \/>\n<meta property=\"og:type\" content=\"article\" \/>\n<meta property=\"og:title\" content=\"\u0414\u043e\u0440\u043e\u0436\u043d\u0430\u044f \u0448\u0438\u043d\u0430 11\u00ab PMT 90\/60R6.5\u00bb B Stradale \u0431\u0435\u0441\u043a\u0430\u043c\u0435\u0440\u043d\u0430\u044f\" \/>\n<meta property=\"og:description\" content=\"\u0414\u043e\u0440\u043e\u0436\u043d\u0430\u044f \u0448\u0438\u043d\u0430 11\u00ab PMT 90\/60R6.5\u00bb B Stradale \u0431\u0435\u0441\u043a\u0430\u043c\u0435\u0440\u043d\u0430\u044f (\u0442\u0430\u043a\u0436\u0435 \u0432\u043d\u0435\u0448\u043d\u044f\u044f \u0448\u0438\u043d\u0430, \u0432\u043d\u0435\u0448\u043d\u044f\u044f \u0440\u0435\u0437\u0438\u043d\u0430, \u043e\u0431\u043e\u043b\u043e\u0447\u043a\u0430, \u0432\u0430\u043a\u0443\u0443\u043c\u043d\u0430\u044f \u0448\u0438\u043d\u0430). \u041e\u0447\u0435\u043d\u044c \u043a\u0430\u0447\u0435\u0441\u0442\u0432\u0435\u043d\u043d\u0430\u044f \u0448\u0438\u043d\u0430 \u043c\u0430\u0440\u043a\u0438 PMT \u0434\u043b\u044f \u0441\u0442\u0430\u0431\u0438\u043b\u044c\u043d\u043e\u0433\u043e \u0434\u0432\u0438\u0436\u0435\u043d\u0438\u044f \u043d\u0430 \u0432\u044b\u0441\u043e\u043a\u0438\u0445 \u0441\u043a\u043e\u0440\u043e\u0441\u0442\u044f\u0445. \u041f\u043e\u0434\u0445\u043e\u0434\u0438\u0442 \u0434\u043b\u044f \u044d\u043b\u0435\u043a\u0442\u0440\u043e\u0441\u043a\u0443\u0442\u0435\u0440\u0430 Nami Burn-E, \u044d\u043b\u0435\u043a\u0442\u0440\u043e\u0441\u043a\u0443\u0442\u0435\u0440\u0430 Kaabo Wolf Warrior 11+, Wolf King+ ( GT). NB: \u0414\u043e\u0440\u043e\u0436\u043d\u0430\u044f \u0448\u0438\u043d\u0430 11\u00ab PMT 90\/60R6.5\u00bb B Stradale \u043f\u043e\u0434\u0445\u043e\u0434\u0438\u0442 &hellip;\" \/>\n<meta property=\"og:url\" content=\"https:\/\/www.xn--tuksimaailm-ffb.ee\/ru\/\u043f\u0440\u043e\u0434\u0443\u043a\u0442\/%d0%b4%d0%be%d1%80%d0%be%d0%b6%d0%bd%d0%b0%d1%8f-%d1%88%d0%b8%d0%bd%d0%b0-11-pmt-90-60r6-5-b-stradale-%d0%b1%d0%b5%d1%81%d0%ba%d0%b0%d0%bc%d0%b5%d1%80%d0%bd%d0%b0%d1%8f\/\" \/>\n<meta property=\"og:site_name\" content=\"T\u00f5uksimaailm\" \/>\n<meta property=\"article:publisher\" content=\"https:\/\/www.facebook.com\/touksimaailm\/\" \/>\n<meta property=\"og:image\" content=\"https:\/\/www.xn--tuksimaailm-ffb.ee\/wp-content\/uploads\/2021\/12\/pmt-rehv-1.png\" \/>\n\t<meta property=\"og:image:width\" content=\"753\" \/>\n\t<meta property=\"og:image:height\" content=\"755\" \/>\n\t<meta property=\"og:image:type\" content=\"image\/png\" \/>\n<meta name=\"twitter:card\" content=\"summary_large_image\" \/>\n<meta name=\"twitter:label1\" content=\"\u0426\u0435\u043d\u0430\" \/>\n\t<meta name=\"twitter:data1\" content=\"&euro;99.50\" \/>\n\t<meta name=\"twitter:label2\" content=\"\u0414\u043e\u0441\u0442\u0443\u043f\u043d\u043e\u0441\u0442\u044c\" \/>\n\t<meta name=\"twitter:data2\" content=\"\u041d\u0430 \u0437\u0430\u043a\u0430\u0437\" \/>\n<meta property=\"product:price:amount\" content=\"99.50\" \/>\n<meta property=\"product:price:currency\" content=\"EUR\" \/>\n<meta property=\"og:availability\" content=\"backorder\" \/>\n<meta property=\"product:availability\" content=\"available for order\" \/>\n<meta property=\"product:retailer_item_id\" content=\"VR-90\/60-6.4-PMT-STRADALE\" \/>\n<meta property=\"product:condition\" content=\"new\" \/>\n<!-- \/ Yoast SEO Premium plugin. -->","yoast_head_json":{"title":"\u0414\u043e\u0440\u043e\u0436\u043d\u0430\u044f \u0448\u0438\u043d\u0430 11\u00ab PMT 90\/60R6.5\u00bb B Stradale \u0431\u0435\u0441\u043a\u0430\u043c\u0435\u0440\u043d\u0430\u044f &#8212; T\u00f5uksimaailm","robots":{"index":"index","follow":"follow","max-snippet":"max-snippet:-1","max-image-preview":"max-image-preview:large","max-video-preview":"max-video-preview:-1"},"canonical":"https:\/\/www.xn--tuksimaailm-ffb.ee\/ru\/\u043f\u0440\u043e\u0434\u0443\u043a\u0442\/%d0%b4%d0%be%d1%80%d0%be%d0%b6%d0%bd%d0%b0%d1%8f-%d1%88%d0%b8%d0%bd%d0%b0-11-pmt-90-60r6-5-b-stradale-%d0%b1%d0%b5%d1%81%d0%ba%d0%b0%d0%bc%d0%b5%d1%80%d0%bd%d0%b0%d1%8f\/","og_locale":"ru_RU","og_type":"article","og_title":"\u0414\u043e\u0440\u043e\u0436\u043d\u0430\u044f \u0448\u0438\u043d\u0430 11\u00ab PMT 90\/60R6.5\u00bb B Stradale \u0431\u0435\u0441\u043a\u0430\u043c\u0435\u0440\u043d\u0430\u044f","og_description":"\u0414\u043e\u0440\u043e\u0436\u043d\u0430\u044f \u0448\u0438\u043d\u0430 11\u00ab PMT 90\/60R6.5\u00bb B Stradale \u0431\u0435\u0441\u043a\u0430\u043c\u0435\u0440\u043d\u0430\u044f (\u0442\u0430\u043a\u0436\u0435 \u0432\u043d\u0435\u0448\u043d\u044f\u044f \u0448\u0438\u043d\u0430, \u0432\u043d\u0435\u0448\u043d\u044f\u044f \u0440\u0435\u0437\u0438\u043d\u0430, \u043e\u0431\u043e\u043b\u043e\u0447\u043a\u0430, \u0432\u0430\u043a\u0443\u0443\u043c\u043d\u0430\u044f \u0448\u0438\u043d\u0430). \u041e\u0447\u0435\u043d\u044c \u043a\u0430\u0447\u0435\u0441\u0442\u0432\u0435\u043d\u043d\u0430\u044f \u0448\u0438\u043d\u0430 \u043c\u0430\u0440\u043a\u0438 PMT \u0434\u043b\u044f \u0441\u0442\u0430\u0431\u0438\u043b\u044c\u043d\u043e\u0433\u043e \u0434\u0432\u0438\u0436\u0435\u043d\u0438\u044f \u043d\u0430 \u0432\u044b\u0441\u043e\u043a\u0438\u0445 \u0441\u043a\u043e\u0440\u043e\u0441\u0442\u044f\u0445. \u041f\u043e\u0434\u0445\u043e\u0434\u0438\u0442 \u0434\u043b\u044f \u044d\u043b\u0435\u043a\u0442\u0440\u043e\u0441\u043a\u0443\u0442\u0435\u0440\u0430 Nami Burn-E, \u044d\u043b\u0435\u043a\u0442\u0440\u043e\u0441\u043a\u0443\u0442\u0435\u0440\u0430 Kaabo Wolf Warrior 11+, Wolf King+ ( GT). NB: \u0414\u043e\u0440\u043e\u0436\u043d\u0430\u044f \u0448\u0438\u043d\u0430 11\u00ab PMT 90\/60R6.5\u00bb B Stradale \u043f\u043e\u0434\u0445\u043e\u0434\u0438\u0442 &hellip;","og_url":"https:\/\/www.xn--tuksimaailm-ffb.ee\/ru\/\u043f\u0440\u043e\u0434\u0443\u043a\u0442\/%d0%b4%d0%be%d1%80%d0%be%d0%b6%d0%bd%d0%b0%d1%8f-%d1%88%d0%b8%d0%bd%d0%b0-11-pmt-90-60r6-5-b-stradale-%d0%b1%d0%b5%d1%81%d0%ba%d0%b0%d0%bc%d0%b5%d1%80%d0%bd%d0%b0%d1%8f\/","og_site_name":"T\u00f5uksimaailm","article_publisher":"https:\/\/www.facebook.com\/touksimaailm\/","og_image":[{"width":753,"height":755,"url":"https:\/\/www.xn--tuksimaailm-ffb.ee\/wp-content\/uploads\/2021\/12\/pmt-rehv-1.png","type":"image\/png"}],"twitter_card":"summary_large_image","twitter_misc":{"\u0426\u0435\u043d\u0430":"&euro;99.50","\u0414\u043e\u0441\u0442\u0443\u043f\u043d\u043e\u0441\u0442\u044c":"\u041d\u0430 \u0437\u0430\u043a\u0430\u0437"},"schema":{"@context":"https:\/\/schema.org","@graph":[{"@type":"WebPage","@id":"https:\/\/www.xn--tuksimaailm-ffb.ee\/ru\/\u043f\u0440\u043e\u0434\u0443\u043a\u0442\/%d0%b4%d0%be%d1%80%d0%be%d0%b6%d0%bd%d0%b0%d1%8f-%d1%88%d0%b8%d0%bd%d0%b0-11-pmt-90-60r6-5-b-stradale-%d0%b1%d0%b5%d1%81%d0%ba%d0%b0%d0%bc%d0%b5%d1%80%d0%bd%d0%b0%d1%8f\/","url":"https:\/\/www.xn--tuksimaailm-ffb.ee\/ru\/\u043f\u0440\u043e\u0434\u0443\u043a\u0442\/%d0%b4%d0%be%d1%80%d0%be%d0%b6%d0%bd%d0%b0%d1%8f-%d1%88%d0%b8%d0%bd%d0%b0-11-pmt-90-60r6-5-b-stradale-%d0%b1%d0%b5%d1%81%d0%ba%d0%b0%d0%bc%d0%b5%d1%80%d0%bd%d0%b0%d1%8f\/","name":"\u0414\u043e\u0440\u043e\u0436\u043d\u0430\u044f \u0448\u0438\u043d\u0430 11\u00ab PMT 90\/60R6.5\u00bb B Stradale \u0431\u0435\u0441\u043a\u0430\u043c\u0435\u0440\u043d\u0430\u044f &#8212; T\u00f5uksimaailm","isPartOf":{"@id":"https:\/\/www.xn--tuksimaailm-ffb.ee\/ru\/#website"},"primaryImageOfPage":{"@id":"https:\/\/www.xn--tuksimaailm-ffb.ee\/ru\/\u043f\u0440\u043e\u0434\u0443\u043a\u0442\/%d0%b4%d0%be%d1%80%d0%be%d0%b6%d0%bd%d0%b0%d1%8f-%d1%88%d0%b8%d0%bd%d0%b0-11-pmt-90-60r6-5-b-stradale-%d0%b1%d0%b5%d1%81%d0%ba%d0%b0%d0%bc%d0%b5%d1%80%d0%bd%d0%b0%d1%8f\/#primaryimage"},"image":{"@id":"https:\/\/www.xn--tuksimaailm-ffb.ee\/ru\/\u043f\u0440\u043e\u0434\u0443\u043a\u0442\/%d0%b4%d0%be%d1%80%d0%be%d0%b6%d0%bd%d0%b0%d1%8f-%d1%88%d0%b8%d0%bd%d0%b0-11-pmt-90-60r6-5-b-stradale-%d0%b1%d0%b5%d1%81%d0%ba%d0%b0%d0%bc%d0%b5%d1%80%d0%bd%d0%b0%d1%8f\/#primaryimage"},"thumbnailUrl":"https:\/\/www.xn--tuksimaailm-ffb.ee\/wp-content\/uploads\/2021\/12\/pmt-rehv-1.png","datePublished":"2021-12-04T20:27:37+00:00","breadcrumb":{"@id":"https:\/\/www.xn--tuksimaailm-ffb.ee\/ru\/\u043f\u0440\u043e\u0434\u0443\u043a\u0442\/%d0%b4%d0%be%d1%80%d0%be%d0%b6%d0%bd%d0%b0%d1%8f-%d1%88%d0%b8%d0%bd%d0%b0-11-pmt-90-60r6-5-b-stradale-%d0%b1%d0%b5%d1%81%d0%ba%d0%b0%d0%bc%d0%b5%d1%80%d0%bd%d0%b0%d1%8f\/#breadcrumb"},"inLanguage":"ru-RU","potentialAction":[{"@type":"ReadAction","target":["https:\/\/www.xn--tuksimaailm-ffb.ee\/ru\/\u043f\u0440\u043e\u0434\u0443\u043a\u0442\/%d0%b4%d0%be%d1%80%d0%be%d0%b6%d0%bd%d0%b0%d1%8f-%d1%88%d0%b8%d0%bd%d0%b0-11-pmt-90-60r6-5-b-stradale-%d0%b1%d0%b5%d1%81%d0%ba%d0%b0%d0%bc%d0%b5%d1%80%d0%bd%d0%b0%d1%8f\/"]}]},{"@type":"ImageObject","inLanguage":"ru-RU","@id":"https:\/\/www.xn--tuksimaailm-ffb.ee\/ru\/\u043f\u0440\u043e\u0434\u0443\u043a\u0442\/%d0%b4%d0%be%d1%80%d0%be%d0%b6%d0%bd%d0%b0%d1%8f-%d1%88%d0%b8%d0%bd%d0%b0-11-pmt-90-60r6-5-b-stradale-%d0%b1%d0%b5%d1%81%d0%ba%d0%b0%d0%bc%d0%b5%d1%80%d0%bd%d0%b0%d1%8f\/#primaryimage","url":"https:\/\/www.xn--tuksimaailm-ffb.ee\/wp-content\/uploads\/2021\/12\/pmt-rehv-1.png","contentUrl":"https:\/\/www.xn--tuksimaailm-ffb.ee\/wp-content\/uploads\/2021\/12\/pmt-rehv-1.png","width":753,"height":755},{"@type":"BreadcrumbList","@id":"https:\/\/www.xn--tuksimaailm-ffb.ee\/ru\/\u043f\u0440\u043e\u0434\u0443\u043a\u0442\/%d0%b4%d0%be%d1%80%d0%be%d0%b6%d0%bd%d0%b0%d1%8f-%d1%88%d0%b8%d0%bd%d0%b0-11-pmt-90-60r6-5-b-stradale-%d0%b1%d0%b5%d1%81%d0%ba%d0%b0%d0%bc%d0%b5%d1%80%d0%bd%d0%b0%d1%8f\/#breadcrumb","itemListElement":[{"@type":"ListItem","position":1,"name":"Home","item":"https:\/\/www.xn--tuksimaailm-ffb.ee\/ru\/frontpage\/"},{"@type":"ListItem","position":2,"name":"\u041c\u0410\u0413\u0410\u0417\u0418\u041d","item":"https:\/\/www.xn--tuksimaailm-ffb.ee\/elektritoukerataste-pood\/"},{"@type":"ListItem","position":3,"name":"\u0414\u043e\u0440\u043e\u0436\u043d\u0430\u044f \u0448\u0438\u043d\u0430 11\u00ab PMT 90\/60R6.5\u00bb B Stradale \u0431\u0435\u0441\u043a\u0430\u043c\u0435\u0440\u043d\u0430\u044f"}]},{"@type":"WebSite","@id":"https:\/\/www.xn--tuksimaailm-ffb.ee\/ru\/#website","url":"https:\/\/www.xn--tuksimaailm-ffb.ee\/ru\/","name":"T\u00f5uksimaailm","description":"Elektrit\u00f5ukerataste m\u00fc\u00fck, remont ja rent","publisher":{"@id":"https:\/\/www.xn--tuksimaailm-ffb.ee\/ru\/#organization"},"potentialAction":[{"@type":"SearchAction","target":{"@type":"EntryPoint","urlTemplate":"https:\/\/www.xn--tuksimaailm-ffb.ee\/ru\/?s={search_term_string}"},"query-input":{"@type":"PropertyValueSpecification","valueRequired":true,"valueName":"search_term_string"}}],"inLanguage":"ru-RU"},{"@type":"Organization","@id":"https:\/\/www.xn--tuksimaailm-ffb.ee\/ru\/#organization","name":"T\u00f5uksimaailm","url":"https:\/\/www.xn--tuksimaailm-ffb.ee\/ru\/","logo":{"@type":"ImageObject","inLanguage":"ru-RU","@id":"https:\/\/www.xn--tuksimaailm-ffb.ee\/ru\/#\/schema\/logo\/image\/","url":"https:\/\/www.xn--tuksimaailm-ffb.ee\/wp-content\/uploads\/2020\/01\/logoz-e1579792875517.png","contentUrl":"https:\/\/www.xn--tuksimaailm-ffb.ee\/wp-content\/uploads\/2020\/01\/logoz-e1579792875517.png","width":250,"height":250,"caption":"T\u00f5uksimaailm"},"image":{"@id":"https:\/\/www.xn--tuksimaailm-ffb.ee\/ru\/#\/schema\/logo\/image\/"},"sameAs":["https:\/\/www.facebook.com\/touksimaailm\/","https:\/\/www.instagram.com\/touksimaailm_\/","https:\/\/www.youtube.com\/channel\/UC18ml0EKIDLP1xGuQjFzcXQ"]}]},"product_price_amount":"99.50","product_price_currency":"EUR","og_availability":"backorder","product_availability":"available for order","product_retailer_item_id":"VR-90\/60-6.4-PMT-STRADALE","product_condition":"new"},"jetpack_sharing_enabled":true,"_links":{"self":[{"href":"https:\/\/www.xn--tuksimaailm-ffb.ee\/ru\/wp-json\/wp\/v2\/product\/52063","targetHints":{"allow":["GET"]}}],"collection":[{"href":"https:\/\/www.xn--tuksimaailm-ffb.ee\/ru\/wp-json\/wp\/v2\/product"}],"about":[{"href":"https:\/\/www.xn--tuksimaailm-ffb.ee\/ru\/wp-json\/wp\/v2\/types\/product"}],"wp:featuredmedia":[{"embeddable":true,"href":"https:\/\/www.xn--tuksimaailm-ffb.ee\/ru\/wp-json\/wp\/v2\/media\/14656"}],"wp:attachment":[{"href":"https:\/\/www.xn--tuksimaailm-ffb.ee\/ru\/wp-json\/wp\/v2\/media?parent=52063"}],"wp:term":[{"taxonomy":"product_brand","embeddable":true,"href":"https:\/\/www.xn--tuksimaailm-ffb.ee\/ru\/wp-json\/wp\/v2\/product_brand?post=52063"},{"taxonomy":"product_cat","embeddable":true,"href":"https:\/\/www.xn--tuksimaailm-ffb.ee\/ru\/wp-json\/wp\/v2\/product_cat?post=52063"},{"taxonomy":"product_tag","embeddable":true,"href":"https:\/\/www.xn--tuksimaailm-ffb.ee\/ru\/wp-json\/wp\/v2\/product_tag?post=52063"},{"taxonomy":"filter_elektritoukeratas","embeddable":true,"href":"https:\/\/www.xn--tuksimaailm-ffb.ee\/ru\/wp-json\/wp\/v2\/filter_elektritoukeratas?post=52063"}],"curies":[{"name":"wp","href":"https:\/\/api.w.org\/{rel}","templated":true}]}}