{"id":52085,"date":"2021-02-10T18:38:39","date_gmt":"2021-02-10T16:38:39","guid":{"rendered":"http:\/\/www.xn--tuksimaailm-ffb.ee\/shop\/inokim-ox-oxo-%d0%bf%d0%be%d0%b4%d1%81%d1%82%d0%b0%d0%b2%d0%ba%d0%b0-%d0%be%d0%bf%d0%be%d1%80%d0%bd%d0%b0%d1%8f-%d0%bd%d0%be%d0%b3%d0%b0\/"},"modified":"2021-02-10T18:38:39","modified_gmt":"2021-02-10T15:38:39","slug":"inokim-ox-oxo-%d0%bf%d0%be%d0%b4%d1%81%d1%82%d0%b0%d0%b2%d0%ba%d0%b0-%d0%be%d0%bf%d0%be%d1%80%d0%bd%d0%b0%d1%8f-%d0%bd%d0%be%d0%b3%d0%b0","status":"publish","type":"product","link":"https:\/\/www.xn--tuksimaailm-ffb.ee\/ru\/\u043f\u0440\u043e\u0434\u0443\u043a\u0442\/inokim-ox-oxo-%d0%bf%d0%be%d0%b4%d1%81%d1%82%d0%b0%d0%b2%d0%ba%d0%b0-%d0%be%d0%bf%d0%be%d1%80%d0%bd%d0%b0%d1%8f-%d0%bd%d0%be%d0%b3%d0%b0\/","title":{"rendered":"Inokim OX \/ OXO \u043f\u043e\u0434\u0441\u0442\u0430\u0432\u043a\u0430 \/ \u043e\u043f\u043e\u0440\u043d\u0430\u044f \u043d\u043e\u0433\u0430"},"content":{"rendered":"<p>\u041f\u043e\u0434\u0441\u0442\u0430\u0432\u043a\u0430 Inokim OX \/ OXO (\u0442\u0430\u043a\u0436\u0435 \u0438\u0437\u0432\u0435\u0441\u0442\u043d\u0430 \u043a\u0430\u043a \u043f\u0440\u043e\u0441\u0442\u043e \u043d\u043e\u0433\u0430, \u043f\u043e\u0434\u0441\u0442\u0430\u0432\u043a\u0430, \u043e\u043f\u043e\u0440\u0430, \u0441\u0442\u043e\u0439\u043a\u0430). \u041c\u0435\u0442\u0430\u043b\u043b, <strong>\u0447\u0435\u0440\u043d\u044b\u0439<\/strong> \u0446\u0432\u0435\u0442. <strong>\u041e\u0440\u0438\u0433\u0438\u043d\u0430\u043b\u044c\u043d\u0430\u044f<\/strong> \u0437\u0430\u043f\u0430\u0441\u043d\u0430\u044f \u0447\u0430\u0441\u0442\u044c. <strong>\u0420\u0435\u0433\u0443\u043b\u0438\u0440\u0443\u0435\u043c\u0430\u044f<\/strong>. \u041f\u043e\u0434\u0441\u0442\u0430\u0432\u043a\u0430 \u0434\u043b\u044f \u043d\u043e\u0433 Inokim OX \/ OXO \u0438\u0434\u0435\u0430\u043b\u044c\u043d\u043e \u043f\u043e\u0434\u0445\u043e\u0434\u0438\u0442 \u0434\u043b\u044f \u043f\u043e\u043f\u0443\u043b\u044f\u0440\u043d\u044b\u0445 \u043e\u0440\u0438\u0433\u0438\u043d\u0430\u043b\u044c\u043d\u044b\u0445 \u044d\u043b\u0435\u043a\u0442\u0440\u043e\u0441\u0430\u043c\u043e\u043a\u0430\u0442\u043e\u0432 Inokim <a href=\"http:\/\/www.xn--tuksimaailm-ffb.ee\/shop\/elektriline-toukeratas-inokim-ox-eco\/\"><strong>OX Eco<\/strong><\/a><strong>, <\/strong><a href=\"http:\/\/www.xn--tuksimaailm-ffb.ee\/shop\/inokim-ox-hero-elektritoukeratas\/\"><strong>OX Hero<\/strong><\/a><strong>, <\/strong><a href=\"http:\/\/www.xn--tuksimaailm-ffb.ee\/shop\/inokim-ox-super-elektritoukeratas\/\"><strong>OX Super <\/strong><\/a>\u0438 <a href=\"http:\/\/www.xn--tuksimaailm-ffb.ee\/shop\/elektriline-toukeratas-inokim-oxo\/\"><strong>OXO<\/strong><\/a><strong>.<\/strong> \u0415\u0441\u043b\u0438 \u0432\u044b \u0441\u0442\u043e\u043b\u043a\u043d\u0443\u043b\u0438\u0441\u044c \u0441 \u043f\u0440\u043e\u0431\u043b\u0435\u043c\u043e\u0439 \u0437\u0430\u043c\u0435\u043d\u044b \u043f\u043e\u0434\u0441\u0442\u0430\u0432\u043a\u0438\/\u0441\u0442\u043e\u0439\u043a\u0438 \u0434\u043b\u044f \u044d\u043b\u0435\u043a\u0442\u0440\u043e\u0441\u043a\u0443\u0442\u0435\u0440\u0430 \u0438\u043b\u0438 \u0441 \u043b\u044e\u0431\u044b\u043c\u0438 \u0434\u0440\u0443\u0433\u0438\u043c\u0438 \u0440\u0435\u043c\u043e\u043d\u0442\u043d\u044b\u043c\u0438 \u0440\u0430\u0431\u043e\u0442\u0430\u043c\u0438 \u0441\u0430\u043c\u043e\u0441\u0442\u043e\u044f\u0442\u0435\u043b\u044c\u043d\u043e, \u043d\u0430\u0448\u0430 <a href=\"http:\/\/www.xn--tuksimaailm-ffb.ee\/elektrilise-toukeratta-remont\/\">\u043c\u0430\u0441\u0442\u0435\u0440\u0441\u043a\u0430\u044f<\/a>, \u0441\u043f\u0435\u0446\u0438\u0430\u043b\u0438\u0437\u0438\u0440\u0443\u044e\u0449\u0430\u044f\u0441\u044f \u043d\u0430 \u044d\u043b\u0435\u043a\u0442\u0440\u043e\u0441\u043a\u0443\u0442\u0435\u0440\u0430\u0445, \u043f\u043e\u043c\u043e\u0436\u0435\u0442 \u0432\u0430\u043c.<\/p>\n","protected":false},"excerpt":{"rendered":"<p>\u041f\u043e\u0434\u0441\u0442\u0430\u0432\u043a\u0430 Inokim OX \/ OXO (\u0442\u0430\u043a\u0436\u0435 \u0438\u0437\u0432\u0435\u0441\u0442\u043d\u0430 \u043a\u0430\u043a \u043f\u0440\u043e\u0441\u0442\u043e \u043d\u043e\u0433\u0430, \u043f\u043e\u0434\u0441\u0442\u0430\u0432\u043a\u0430, \u043e\u043f\u043e\u0440\u0430, \u0441\u0442\u043e\u0439\u043a\u0430). \u041c\u0435\u0442\u0430\u043b\u043b, \u0447\u0435\u0440\u043d\u044b\u0439 \u0446\u0432\u0435\u0442. \u041e\u0440\u0438\u0433\u0438\u043d\u0430\u043b\u044c\u043d\u0430\u044f \u0437\u0430\u043f\u0430\u0441\u043d\u0430\u044f \u0447\u0430\u0441\u0442\u044c. \u0420\u0435\u0433\u0443\u043b\u0438\u0440\u0443\u0435\u043c\u0430\u044f. \u041f\u043e\u0434\u0441\u0442\u0430\u0432\u043a\u0430 \u0434\u043b\u044f \u043d\u043e\u0433 Inokim OX \/ OXO \u0438\u0434\u0435\u0430\u043b\u044c\u043d\u043e \u043f\u043e\u0434\u0445\u043e\u0434\u0438\u0442 \u0434\u043b\u044f \u043f\u043e\u043f\u0443\u043b\u044f\u0440\u043d\u044b\u0445 \u043e\u0440\u0438\u0433\u0438\u043d\u0430\u043b\u044c\u043d\u044b\u0445 \u044d\u043b\u0435\u043a\u0442\u0440\u043e\u0441\u0430\u043c\u043e\u043a\u0430\u0442\u043e\u0432 Inokim OX Eco, OX Hero, OX Super \u0438 OXO. \u0415\u0441\u043b\u0438 \u0432\u044b \u0441\u0442\u043e\u043b\u043a\u043d\u0443\u043b\u0438\u0441\u044c \u0441 \u043f\u0440\u043e\u0431\u043b\u0435\u043c\u043e\u0439 \u0437\u0430\u043c\u0435\u043d\u044b \u043f\u043e\u0434\u0441\u0442\u0430\u0432\u043a\u0438\/\u0441\u0442\u043e\u0439\u043a\u0438 \u0434\u043b\u044f &hellip;<\/p>\n","protected":false},"featured_media":54003,"template":"","meta":[],"product_brand":[],"product_cat":[757],"product_tag":[],"filter_elektritoukeratas":[2714,2715],"class_list":{"0":"post-52085","1":"product","2":"type-product","3":"status-publish","4":"has-post-thumbnail","6":"product_cat-757","7":"filter_elektritoukeratas-ft_inokim_ox_eco_hero_super","8":"filter_elektritoukeratas-ft_inokim_oxo","10":"first","11":"instock","12":"taxable","13":"shipping-taxable","14":"purchasable","15":"product-type-simple"},"yoast_head":"<!-- This site is optimized with the Yoast SEO Premium plugin v26.8 (Yoast SEO v27.3) - https:\/\/yoast.com\/product\/yoast-seo-premium-wordpress\/ -->\n<title>Inokim OX \/ OXO \u043f\u043e\u0434\u0441\u0442\u0430\u0432\u043a\u0430 \/ \u043e\u043f\u043e\u0440\u043d\u0430\u044f \u043d\u043e\u0433\u0430 &#8212; T\u00f5uksimaailm<\/title>\n<meta name=\"robots\" content=\"index, follow, max-snippet:-1, max-image-preview:large, max-video-preview:-1\" \/>\n<link rel=\"canonical\" href=\"https:\/\/www.xn--tuksimaailm-ffb.ee\/ru\/\u043f\u0440\u043e\u0434\u0443\u043a\u0442\/inokim-ox-oxo-%d0%bf%d0%be%d0%b4%d1%81%d1%82%d0%b0%d0%b2%d0%ba%d0%b0-%d0%be%d0%bf%d0%be%d1%80%d0%bd%d0%b0%d1%8f-%d0%bd%d0%be%d0%b3%d0%b0\/\" \/>\n<meta property=\"og:locale\" content=\"ru_RU\" \/>\n<meta property=\"og:type\" content=\"article\" \/>\n<meta property=\"og:title\" content=\"Inokim OX \/ OXO \u043f\u043e\u0434\u0441\u0442\u0430\u0432\u043a\u0430 \/ \u043e\u043f\u043e\u0440\u043d\u0430\u044f \u043d\u043e\u0433\u0430\" \/>\n<meta property=\"og:description\" content=\"\u041f\u043e\u0434\u0441\u0442\u0430\u0432\u043a\u0430 Inokim OX \/ OXO (\u0442\u0430\u043a\u0436\u0435 \u0438\u0437\u0432\u0435\u0441\u0442\u043d\u0430 \u043a\u0430\u043a \u043f\u0440\u043e\u0441\u0442\u043e \u043d\u043e\u0433\u0430, \u043f\u043e\u0434\u0441\u0442\u0430\u0432\u043a\u0430, \u043e\u043f\u043e\u0440\u0430, \u0441\u0442\u043e\u0439\u043a\u0430). \u041c\u0435\u0442\u0430\u043b\u043b, \u0447\u0435\u0440\u043d\u044b\u0439 \u0446\u0432\u0435\u0442. \u041e\u0440\u0438\u0433\u0438\u043d\u0430\u043b\u044c\u043d\u0430\u044f \u0437\u0430\u043f\u0430\u0441\u043d\u0430\u044f \u0447\u0430\u0441\u0442\u044c. \u0420\u0435\u0433\u0443\u043b\u0438\u0440\u0443\u0435\u043c\u0430\u044f. \u041f\u043e\u0434\u0441\u0442\u0430\u0432\u043a\u0430 \u0434\u043b\u044f \u043d\u043e\u0433 Inokim OX \/ OXO \u0438\u0434\u0435\u0430\u043b\u044c\u043d\u043e \u043f\u043e\u0434\u0445\u043e\u0434\u0438\u0442 \u0434\u043b\u044f \u043f\u043e\u043f\u0443\u043b\u044f\u0440\u043d\u044b\u0445 \u043e\u0440\u0438\u0433\u0438\u043d\u0430\u043b\u044c\u043d\u044b\u0445 \u044d\u043b\u0435\u043a\u0442\u0440\u043e\u0441\u0430\u043c\u043e\u043a\u0430\u0442\u043e\u0432 Inokim OX Eco, OX Hero, OX Super \u0438 OXO. \u0415\u0441\u043b\u0438 \u0432\u044b \u0441\u0442\u043e\u043b\u043a\u043d\u0443\u043b\u0438\u0441\u044c \u0441 \u043f\u0440\u043e\u0431\u043b\u0435\u043c\u043e\u0439 \u0437\u0430\u043c\u0435\u043d\u044b \u043f\u043e\u0434\u0441\u0442\u0430\u0432\u043a\u0438\/\u0441\u0442\u043e\u0439\u043a\u0438 \u0434\u043b\u044f &hellip;\" \/>\n<meta property=\"og:url\" content=\"https:\/\/www.xn--tuksimaailm-ffb.ee\/ru\/\u043f\u0440\u043e\u0434\u0443\u043a\u0442\/inokim-ox-oxo-%d0%bf%d0%be%d0%b4%d1%81%d1%82%d0%b0%d0%b2%d0%ba%d0%b0-%d0%be%d0%bf%d0%be%d1%80%d0%bd%d0%b0%d1%8f-%d0%bd%d0%be%d0%b3%d0%b0\/\" \/>\n<meta property=\"og:site_name\" content=\"T\u00f5uksimaailm\" \/>\n<meta property=\"article:publisher\" content=\"https:\/\/www.facebook.com\/touksimaailm\/\" \/>\n<meta property=\"og:image\" content=\"https:\/\/www.xn--tuksimaailm-ffb.ee\/wp-content\/uploads\/2021\/02\/Screenshot-2025-01-11-151923.webp\" \/>\n\t<meta property=\"og:image:width\" content=\"1094\" \/>\n\t<meta property=\"og:image:height\" content=\"781\" \/>\n\t<meta property=\"og:image:type\" content=\"image\/webp\" \/>\n<meta name=\"twitter:card\" content=\"summary_large_image\" \/>\n<meta name=\"twitter:label1\" content=\"\u0426\u0435\u043d\u0430\" \/>\n\t<meta name=\"twitter:data1\" content=\"&euro;85.00\" \/>\n\t<meta name=\"twitter:label2\" content=\"\u0414\u043e\u0441\u0442\u0443\u043f\u043d\u043e\u0441\u0442\u044c\" \/>\n\t<meta name=\"twitter:data2\" content=\"\u0412 \u043d\u0430\u043b\u0438\u0447\u0438\u0438\" \/>\n<meta property=\"product:price:amount\" content=\"85.00\" \/>\n<meta property=\"product:price:currency\" content=\"EUR\" \/>\n<meta property=\"og:availability\" content=\"instock\" \/>\n<meta property=\"product:availability\" content=\"instock\" \/>\n<meta property=\"product:condition\" content=\"new\" \/>\n<!-- \/ Yoast SEO Premium plugin. -->","yoast_head_json":{"title":"Inokim OX \/ OXO \u043f\u043e\u0434\u0441\u0442\u0430\u0432\u043a\u0430 \/ \u043e\u043f\u043e\u0440\u043d\u0430\u044f \u043d\u043e\u0433\u0430 &#8212; T\u00f5uksimaailm","robots":{"index":"index","follow":"follow","max-snippet":"max-snippet:-1","max-image-preview":"max-image-preview:large","max-video-preview":"max-video-preview:-1"},"canonical":"https:\/\/www.xn--tuksimaailm-ffb.ee\/ru\/\u043f\u0440\u043e\u0434\u0443\u043a\u0442\/inokim-ox-oxo-%d0%bf%d0%be%d0%b4%d1%81%d1%82%d0%b0%d0%b2%d0%ba%d0%b0-%d0%be%d0%bf%d0%be%d1%80%d0%bd%d0%b0%d1%8f-%d0%bd%d0%be%d0%b3%d0%b0\/","og_locale":"ru_RU","og_type":"article","og_title":"Inokim OX \/ OXO \u043f\u043e\u0434\u0441\u0442\u0430\u0432\u043a\u0430 \/ \u043e\u043f\u043e\u0440\u043d\u0430\u044f \u043d\u043e\u0433\u0430","og_description":"\u041f\u043e\u0434\u0441\u0442\u0430\u0432\u043a\u0430 Inokim OX \/ OXO (\u0442\u0430\u043a\u0436\u0435 \u0438\u0437\u0432\u0435\u0441\u0442\u043d\u0430 \u043a\u0430\u043a \u043f\u0440\u043e\u0441\u0442\u043e \u043d\u043e\u0433\u0430, \u043f\u043e\u0434\u0441\u0442\u0430\u0432\u043a\u0430, \u043e\u043f\u043e\u0440\u0430, \u0441\u0442\u043e\u0439\u043a\u0430). \u041c\u0435\u0442\u0430\u043b\u043b, \u0447\u0435\u0440\u043d\u044b\u0439 \u0446\u0432\u0435\u0442. \u041e\u0440\u0438\u0433\u0438\u043d\u0430\u043b\u044c\u043d\u0430\u044f \u0437\u0430\u043f\u0430\u0441\u043d\u0430\u044f \u0447\u0430\u0441\u0442\u044c. \u0420\u0435\u0433\u0443\u043b\u0438\u0440\u0443\u0435\u043c\u0430\u044f. \u041f\u043e\u0434\u0441\u0442\u0430\u0432\u043a\u0430 \u0434\u043b\u044f \u043d\u043e\u0433 Inokim OX \/ OXO \u0438\u0434\u0435\u0430\u043b\u044c\u043d\u043e \u043f\u043e\u0434\u0445\u043e\u0434\u0438\u0442 \u0434\u043b\u044f \u043f\u043e\u043f\u0443\u043b\u044f\u0440\u043d\u044b\u0445 \u043e\u0440\u0438\u0433\u0438\u043d\u0430\u043b\u044c\u043d\u044b\u0445 \u044d\u043b\u0435\u043a\u0442\u0440\u043e\u0441\u0430\u043c\u043e\u043a\u0430\u0442\u043e\u0432 Inokim OX Eco, OX Hero, OX Super \u0438 OXO. \u0415\u0441\u043b\u0438 \u0432\u044b \u0441\u0442\u043e\u043b\u043a\u043d\u0443\u043b\u0438\u0441\u044c \u0441 \u043f\u0440\u043e\u0431\u043b\u0435\u043c\u043e\u0439 \u0437\u0430\u043c\u0435\u043d\u044b \u043f\u043e\u0434\u0441\u0442\u0430\u0432\u043a\u0438\/\u0441\u0442\u043e\u0439\u043a\u0438 \u0434\u043b\u044f &hellip;","og_url":"https:\/\/www.xn--tuksimaailm-ffb.ee\/ru\/\u043f\u0440\u043e\u0434\u0443\u043a\u0442\/inokim-ox-oxo-%d0%bf%d0%be%d0%b4%d1%81%d1%82%d0%b0%d0%b2%d0%ba%d0%b0-%d0%be%d0%bf%d0%be%d1%80%d0%bd%d0%b0%d1%8f-%d0%bd%d0%be%d0%b3%d0%b0\/","og_site_name":"T\u00f5uksimaailm","article_publisher":"https:\/\/www.facebook.com\/touksimaailm\/","og_image":[{"width":1094,"height":781,"url":"https:\/\/www.xn--tuksimaailm-ffb.ee\/wp-content\/uploads\/2021\/02\/Screenshot-2025-01-11-151923.webp","type":"image\/webp"}],"twitter_card":"summary_large_image","twitter_misc":{"\u0426\u0435\u043d\u0430":"&euro;85.00","\u0414\u043e\u0441\u0442\u0443\u043f\u043d\u043e\u0441\u0442\u044c":"\u0412 \u043d\u0430\u043b\u0438\u0447\u0438\u0438"},"schema":{"@context":"https:\/\/schema.org","@graph":[{"@type":"WebPage","@id":"https:\/\/www.xn--tuksimaailm-ffb.ee\/ru\/\u043f\u0440\u043e\u0434\u0443\u043a\u0442\/inokim-ox-oxo-%d0%bf%d0%be%d0%b4%d1%81%d1%82%d0%b0%d0%b2%d0%ba%d0%b0-%d0%be%d0%bf%d0%be%d1%80%d0%bd%d0%b0%d1%8f-%d0%bd%d0%be%d0%b3%d0%b0\/","url":"https:\/\/www.xn--tuksimaailm-ffb.ee\/ru\/\u043f\u0440\u043e\u0434\u0443\u043a\u0442\/inokim-ox-oxo-%d0%bf%d0%be%d0%b4%d1%81%d1%82%d0%b0%d0%b2%d0%ba%d0%b0-%d0%be%d0%bf%d0%be%d1%80%d0%bd%d0%b0%d1%8f-%d0%bd%d0%be%d0%b3%d0%b0\/","name":"Inokim OX \/ OXO \u043f\u043e\u0434\u0441\u0442\u0430\u0432\u043a\u0430 \/ \u043e\u043f\u043e\u0440\u043d\u0430\u044f \u043d\u043e\u0433\u0430 &#8212; T\u00f5uksimaailm","isPartOf":{"@id":"https:\/\/www.xn--tuksimaailm-ffb.ee\/ru\/#website"},"primaryImageOfPage":{"@id":"https:\/\/www.xn--tuksimaailm-ffb.ee\/ru\/\u043f\u0440\u043e\u0434\u0443\u043a\u0442\/inokim-ox-oxo-%d0%bf%d0%be%d0%b4%d1%81%d1%82%d0%b0%d0%b2%d0%ba%d0%b0-%d0%be%d0%bf%d0%be%d1%80%d0%bd%d0%b0%d1%8f-%d0%bd%d0%be%d0%b3%d0%b0\/#primaryimage"},"image":{"@id":"https:\/\/www.xn--tuksimaailm-ffb.ee\/ru\/\u043f\u0440\u043e\u0434\u0443\u043a\u0442\/inokim-ox-oxo-%d0%bf%d0%be%d0%b4%d1%81%d1%82%d0%b0%d0%b2%d0%ba%d0%b0-%d0%be%d0%bf%d0%be%d1%80%d0%bd%d0%b0%d1%8f-%d0%bd%d0%be%d0%b3%d0%b0\/#primaryimage"},"thumbnailUrl":"https:\/\/www.xn--tuksimaailm-ffb.ee\/wp-content\/uploads\/2021\/02\/Screenshot-2025-01-11-151923.webp","datePublished":"2021-02-10T16:38:39+00:00","breadcrumb":{"@id":"https:\/\/www.xn--tuksimaailm-ffb.ee\/ru\/\u043f\u0440\u043e\u0434\u0443\u043a\u0442\/inokim-ox-oxo-%d0%bf%d0%be%d0%b4%d1%81%d1%82%d0%b0%d0%b2%d0%ba%d0%b0-%d0%be%d0%bf%d0%be%d1%80%d0%bd%d0%b0%d1%8f-%d0%bd%d0%be%d0%b3%d0%b0\/#breadcrumb"},"inLanguage":"ru-RU","potentialAction":[{"@type":"ReadAction","target":["https:\/\/www.xn--tuksimaailm-ffb.ee\/ru\/\u043f\u0440\u043e\u0434\u0443\u043a\u0442\/inokim-ox-oxo-%d0%bf%d0%be%d0%b4%d1%81%d1%82%d0%b0%d0%b2%d0%ba%d0%b0-%d0%be%d0%bf%d0%be%d1%80%d0%bd%d0%b0%d1%8f-%d0%bd%d0%be%d0%b3%d0%b0\/"]}]},{"@type":"ImageObject","inLanguage":"ru-RU","@id":"https:\/\/www.xn--tuksimaailm-ffb.ee\/ru\/\u043f\u0440\u043e\u0434\u0443\u043a\u0442\/inokim-ox-oxo-%d0%bf%d0%be%d0%b4%d1%81%d1%82%d0%b0%d0%b2%d0%ba%d0%b0-%d0%be%d0%bf%d0%be%d1%80%d0%bd%d0%b0%d1%8f-%d0%bd%d0%be%d0%b3%d0%b0\/#primaryimage","url":"https:\/\/www.xn--tuksimaailm-ffb.ee\/wp-content\/uploads\/2021\/02\/Screenshot-2025-01-11-151923.webp","contentUrl":"https:\/\/www.xn--tuksimaailm-ffb.ee\/wp-content\/uploads\/2021\/02\/Screenshot-2025-01-11-151923.webp","width":1094,"height":781,"caption":"Inokim OX \/ OXO seisujalg \/ tugijalg"},{"@type":"BreadcrumbList","@id":"https:\/\/www.xn--tuksimaailm-ffb.ee\/ru\/\u043f\u0440\u043e\u0434\u0443\u043a\u0442\/inokim-ox-oxo-%d0%bf%d0%be%d0%b4%d1%81%d1%82%d0%b0%d0%b2%d0%ba%d0%b0-%d0%be%d0%bf%d0%be%d1%80%d0%bd%d0%b0%d1%8f-%d0%bd%d0%be%d0%b3%d0%b0\/#breadcrumb","itemListElement":[{"@type":"ListItem","position":1,"name":"Home","item":"https:\/\/www.xn--tuksimaailm-ffb.ee\/ru\/frontpage\/"},{"@type":"ListItem","position":2,"name":"\u041c\u0410\u0413\u0410\u0417\u0418\u041d","item":"https:\/\/www.xn--tuksimaailm-ffb.ee\/elektritoukerataste-pood\/"},{"@type":"ListItem","position":3,"name":"Inokim OX \/ OXO \u043f\u043e\u0434\u0441\u0442\u0430\u0432\u043a\u0430 \/ \u043e\u043f\u043e\u0440\u043d\u0430\u044f \u043d\u043e\u0433\u0430"}]},{"@type":"WebSite","@id":"https:\/\/www.xn--tuksimaailm-ffb.ee\/ru\/#website","url":"https:\/\/www.xn--tuksimaailm-ffb.ee\/ru\/","name":"T\u00f5uksimaailm","description":"Elektrit\u00f5ukerataste m\u00fc\u00fck, remont ja rent","publisher":{"@id":"https:\/\/www.xn--tuksimaailm-ffb.ee\/ru\/#organization"},"potentialAction":[{"@type":"SearchAction","target":{"@type":"EntryPoint","urlTemplate":"https:\/\/www.xn--tuksimaailm-ffb.ee\/ru\/?s={search_term_string}"},"query-input":{"@type":"PropertyValueSpecification","valueRequired":true,"valueName":"search_term_string"}}],"inLanguage":"ru-RU"},{"@type":"Organization","@id":"https:\/\/www.xn--tuksimaailm-ffb.ee\/ru\/#organization","name":"T\u00f5uksimaailm","url":"https:\/\/www.xn--tuksimaailm-ffb.ee\/ru\/","logo":{"@type":"ImageObject","inLanguage":"ru-RU","@id":"https:\/\/www.xn--tuksimaailm-ffb.ee\/ru\/#\/schema\/logo\/image\/","url":"https:\/\/www.xn--tuksimaailm-ffb.ee\/wp-content\/uploads\/2020\/01\/logoz-e1579792875517.png","contentUrl":"https:\/\/www.xn--tuksimaailm-ffb.ee\/wp-content\/uploads\/2020\/01\/logoz-e1579792875517.png","width":250,"height":250,"caption":"T\u00f5uksimaailm"},"image":{"@id":"https:\/\/www.xn--tuksimaailm-ffb.ee\/ru\/#\/schema\/logo\/image\/"},"sameAs":["https:\/\/www.facebook.com\/touksimaailm\/","https:\/\/www.instagram.com\/touksimaailm_\/","https:\/\/www.youtube.com\/channel\/UC18ml0EKIDLP1xGuQjFzcXQ"]}]},"product_price_amount":"85.00","product_price_currency":"EUR","og_availability":"instock","product_availability":"instock","product_condition":"new"},"jetpack_sharing_enabled":true,"_links":{"self":[{"href":"https:\/\/www.xn--tuksimaailm-ffb.ee\/ru\/wp-json\/wp\/v2\/product\/52085","targetHints":{"allow":["GET"]}}],"collection":[{"href":"https:\/\/www.xn--tuksimaailm-ffb.ee\/ru\/wp-json\/wp\/v2\/product"}],"about":[{"href":"https:\/\/www.xn--tuksimaailm-ffb.ee\/ru\/wp-json\/wp\/v2\/types\/product"}],"wp:featuredmedia":[{"embeddable":true,"href":"https:\/\/www.xn--tuksimaailm-ffb.ee\/ru\/wp-json\/wp\/v2\/media\/54003"}],"wp:attachment":[{"href":"https:\/\/www.xn--tuksimaailm-ffb.ee\/ru\/wp-json\/wp\/v2\/media?parent=52085"}],"wp:term":[{"taxonomy":"product_brand","embeddable":true,"href":"https:\/\/www.xn--tuksimaailm-ffb.ee\/ru\/wp-json\/wp\/v2\/product_brand?post=52085"},{"taxonomy":"product_cat","embeddable":true,"href":"https:\/\/www.xn--tuksimaailm-ffb.ee\/ru\/wp-json\/wp\/v2\/product_cat?post=52085"},{"taxonomy":"product_tag","embeddable":true,"href":"https:\/\/www.xn--tuksimaailm-ffb.ee\/ru\/wp-json\/wp\/v2\/product_tag?post=52085"},{"taxonomy":"filter_elektritoukeratas","embeddable":true,"href":"https:\/\/www.xn--tuksimaailm-ffb.ee\/ru\/wp-json\/wp\/v2\/filter_elektritoukeratas?post=52085"}],"curies":[{"name":"wp","href":"https:\/\/api.w.org\/{rel}","templated":true}]}}