{"id":52102,"date":"2021-02-07T15:20:06","date_gmt":"2021-02-07T15:20:06","guid":{"rendered":"http:\/\/www.xn--tuksimaailm-ffb.ee\/shop\/%d0%b7%d0%b0%d0%b4%d0%bd%d1%8f%d1%8f-%d0%bf%d0%bb%d0%b0%d1%82%d1%84%d0%be%d1%80%d0%bc%d0%b0-velt-smart-scooter-x7-x8-pro-a\/"},"modified":"2021-02-07T15:20:06","modified_gmt":"2021-02-07T12:20:06","slug":"%d0%b7%d0%b0%d0%b4%d0%bd%d1%8f%d1%8f-%d0%bf%d0%bb%d0%b0%d1%82%d1%84%d0%be%d1%80%d0%bc%d0%b0-velt-smart-scooter-x7-x8-pro-a","status":"publish","type":"product","link":"https:\/\/www.xn--tuksimaailm-ffb.ee\/ru\/\u043f\u0440\u043e\u0434\u0443\u043a\u0442\/%d0%b7%d0%b0%d0%b4%d0%bd%d1%8f%d1%8f-%d0%bf%d0%bb%d0%b0%d1%82%d1%84%d0%be%d1%80%d0%bc%d0%b0-velt-smart-scooter-x7-x8-pro-a\/","title":{"rendered":"\u0417\u0430\u0434\u043d\u044f\u044f \u043f\u043b\u0430\u0442\u0444\u043e\u0440\u043c\u0430 Velt Smart Scooter X7 \/ X8 Pro (A+)"},"content":{"rendered":"<p>\u0417\u0430\u0434\u043d\u0438\u0439 \u0431\u0440\u044b\u0437\u0433\u043e\u0432\u0438\u043a (\u0442\u0430\u043a\u0436\u0435 \u0437\u0430\u0434\u043d\u0438\u0439 \u0431\u0440\u044b\u0437\u0433\u043e\u0432\u0438\u043a, \u0431\u0440\u044b\u0437\u0433\u043e\u0432\u0438\u043a, \u0431\u0440\u044b\u0437\u0433\u043e\u0432\u0438\u043a, \u0431\u0440\u044b\u0437\u0433\u043e\u0432\u0438\u043a, \u0431\u0440\u044b\u0437\u0433\u043e\u0432\u0438\u043a) \u0434\u043b\u044f Velt Smart Scooter X7 \/ X8 Pro. <strong>\u041e\u0440\u0438\u0433\u0438\u043d\u0430\u043b\u044c\u043d\u0430\u044f<\/strong> \u0437\u0430\u043f\u0447\u0430\u0441\u0442\u044c. \u0417\u0430\u0434\u043d\u0438\u0439 \u0449\u0438\u0442\u043e\u043a \u0434\u043b\u044f \u044d\u043b\u0435\u043a\u0442\u0440\u043e\u0441\u0430\u043c\u043e\u043a\u0430\u0442\u0430 Velt Smart Scooter X7 \/ X8 Pro \u043e\u0434\u043d\u043e\u0437\u043d\u0430\u0447\u043d\u043e \u043f\u043e\u0434\u0445\u043e\u0434\u0438\u0442 \u0434\u043b\u044f \u0441\u043b\u0435\u0434\u0443\u044e\u0449\u0438\u0445 \u043f\u043e\u043f\u0443\u043b\u044f\u0440\u043d\u044b\u0445 \u044d\u043b\u0435\u043a\u0442\u0440\u043e\u0441\u0430\u043c\u043e\u043a\u0430\u0442\u043e\u0432: <a href=\"http:\/\/www.xn--tuksimaailm-ffb.ee\/shop\/elektriline-toukeratas-velt-smart-scooter-x7\/\"><strong>Velt Smart Scooter X7<\/strong><\/a>, <a href=\"http:\/\/www.xn--tuksimaailm-ffb.ee\/shop\/elektriline-toukeratas-velt-smart-scooter-x8\/\"><strong>Velt Smart Scooter X8<\/strong><\/a>, \u0430 \u0442\u0430\u043a\u0436\u0435 <strong>Velt Smart Scooter X8 Pro<\/strong>.<\/p>\n<p>\u00a0<\/p>\n","protected":false},"excerpt":{"rendered":"<p>\u0417\u0430\u0434\u043d\u0438\u0439 \u0431\u0440\u044b\u0437\u0433\u043e\u0432\u0438\u043a (\u0442\u0430\u043a\u0436\u0435 \u0437\u0430\u0434\u043d\u0438\u0439 \u0431\u0440\u044b\u0437\u0433\u043e\u0432\u0438\u043a, \u0431\u0440\u044b\u0437\u0433\u043e\u0432\u0438\u043a, \u0431\u0440\u044b\u0437\u0433\u043e\u0432\u0438\u043a, \u0431\u0440\u044b\u0437\u0433\u043e\u0432\u0438\u043a, \u0431\u0440\u044b\u0437\u0433\u043e\u0432\u0438\u043a) \u0434\u043b\u044f Velt Smart Scooter X7 \/ X8 Pro. \u041e\u0440\u0438\u0433\u0438\u043d\u0430\u043b\u044c\u043d\u0430\u044f \u0437\u0430\u043f\u0447\u0430\u0441\u0442\u044c. \u0417\u0430\u0434\u043d\u0438\u0439 \u0449\u0438\u0442\u043e\u043a \u0434\u043b\u044f \u044d\u043b\u0435\u043a\u0442\u0440\u043e\u0441\u0430\u043c\u043e\u043a\u0430\u0442\u0430 Velt Smart Scooter X7 \/ X8 Pro \u043e\u0434\u043d\u043e\u0437\u043d\u0430\u0447\u043d\u043e \u043f\u043e\u0434\u0445\u043e\u0434\u0438\u0442 \u0434\u043b\u044f \u0441\u043b\u0435\u0434\u0443\u044e\u0449\u0438\u0445 \u043f\u043e\u043f\u0443\u043b\u044f\u0440\u043d\u044b\u0445 \u044d\u043b\u0435\u043a\u0442\u0440\u043e\u0441\u0430\u043c\u043e\u043a\u0430\u0442\u043e\u0432: Velt Smart Scooter X7, Velt Smart Scooter X8, \u0430 \u0442\u0430\u043a\u0436\u0435 Velt Smart Scooter X8 &hellip;<\/p>\n","protected":false},"featured_media":77689,"template":"","meta":[],"product_brand":[],"product_cat":[757],"product_tag":[],"filter_elektritoukeratas":[2694,2695,2693,2691,2692],"class_list":{"0":"post-52102","1":"product","2":"type-product","3":"status-publish","4":"has-post-thumbnail","6":"product_cat-757","7":"filter_elektritoukeratas-ft_velt_smart_eco","8":"filter_elektritoukeratas-ft_velt_smart_pro","9":"filter_elektritoukeratas-ft_velt_smart_x7","10":"filter_elektritoukeratas-ft_velt_smart_x8","11":"filter_elektritoukeratas-ft_velt_smart_x8_pro","13":"first","14":"instock","15":"taxable","16":"shipping-taxable","17":"purchasable","18":"product-type-simple"},"yoast_head":"<!-- This site is optimized with the Yoast SEO Premium plugin v26.8 (Yoast SEO v27.3) - https:\/\/yoast.com\/product\/yoast-seo-premium-wordpress\/ -->\n<title>\u0417\u0430\u0434\u043d\u044f\u044f \u043f\u043b\u0430\u0442\u0444\u043e\u0440\u043c\u0430 Velt Smart Scooter X7 \/ X8 Pro (A+) &#8212; T\u00f5uksimaailm<\/title>\n<meta name=\"robots\" content=\"index, follow, max-snippet:-1, max-image-preview:large, max-video-preview:-1\" \/>\n<link rel=\"canonical\" href=\"https:\/\/www.xn--tuksimaailm-ffb.ee\/ru\/\u043f\u0440\u043e\u0434\u0443\u043a\u0442\/%d0%b7%d0%b0%d0%b4%d0%bd%d1%8f%d1%8f-%d0%bf%d0%bb%d0%b0%d1%82%d1%84%d0%be%d1%80%d0%bc%d0%b0-velt-smart-scooter-x7-x8-pro-a\/\" \/>\n<meta property=\"og:locale\" content=\"ru_RU\" \/>\n<meta property=\"og:type\" content=\"article\" \/>\n<meta property=\"og:title\" content=\"\u0417\u0430\u0434\u043d\u044f\u044f \u043f\u043b\u0430\u0442\u0444\u043e\u0440\u043c\u0430 Velt Smart Scooter X7 \/ X8 Pro (A+)\" \/>\n<meta property=\"og:description\" content=\"\u0417\u0430\u0434\u043d\u0438\u0439 \u0431\u0440\u044b\u0437\u0433\u043e\u0432\u0438\u043a (\u0442\u0430\u043a\u0436\u0435 \u0437\u0430\u0434\u043d\u0438\u0439 \u0431\u0440\u044b\u0437\u0433\u043e\u0432\u0438\u043a, \u0431\u0440\u044b\u0437\u0433\u043e\u0432\u0438\u043a, \u0431\u0440\u044b\u0437\u0433\u043e\u0432\u0438\u043a, \u0431\u0440\u044b\u0437\u0433\u043e\u0432\u0438\u043a, \u0431\u0440\u044b\u0437\u0433\u043e\u0432\u0438\u043a) \u0434\u043b\u044f Velt Smart Scooter X7 \/ X8 Pro. \u041e\u0440\u0438\u0433\u0438\u043d\u0430\u043b\u044c\u043d\u0430\u044f \u0437\u0430\u043f\u0447\u0430\u0441\u0442\u044c. \u0417\u0430\u0434\u043d\u0438\u0439 \u0449\u0438\u0442\u043e\u043a \u0434\u043b\u044f \u044d\u043b\u0435\u043a\u0442\u0440\u043e\u0441\u0430\u043c\u043e\u043a\u0430\u0442\u0430 Velt Smart Scooter X7 \/ X8 Pro \u043e\u0434\u043d\u043e\u0437\u043d\u0430\u0447\u043d\u043e \u043f\u043e\u0434\u0445\u043e\u0434\u0438\u0442 \u0434\u043b\u044f \u0441\u043b\u0435\u0434\u0443\u044e\u0449\u0438\u0445 \u043f\u043e\u043f\u0443\u043b\u044f\u0440\u043d\u044b\u0445 \u044d\u043b\u0435\u043a\u0442\u0440\u043e\u0441\u0430\u043c\u043e\u043a\u0430\u0442\u043e\u0432: Velt Smart Scooter X7, Velt Smart Scooter X8, \u0430 \u0442\u0430\u043a\u0436\u0435 Velt Smart Scooter X8 &hellip;\" \/>\n<meta property=\"og:url\" content=\"https:\/\/www.xn--tuksimaailm-ffb.ee\/ru\/\u043f\u0440\u043e\u0434\u0443\u043a\u0442\/%d0%b7%d0%b0%d0%b4%d0%bd%d1%8f%d1%8f-%d0%bf%d0%bb%d0%b0%d1%82%d1%84%d0%be%d1%80%d0%bc%d0%b0-velt-smart-scooter-x7-x8-pro-a\/\" \/>\n<meta property=\"og:site_name\" content=\"T\u00f5uksimaailm\" \/>\n<meta property=\"article:publisher\" content=\"https:\/\/www.facebook.com\/touksimaailm\/\" \/>\n<meta property=\"og:image\" content=\"https:\/\/www.xn--tuksimaailm-ffb.ee\/wp-content\/uploads\/2021\/02\/tagaporilaud-velt-smart.png\" \/>\n\t<meta property=\"og:image:width\" content=\"377\" \/>\n\t<meta property=\"og:image:height\" content=\"438\" \/>\n\t<meta property=\"og:image:type\" content=\"image\/png\" \/>\n<meta name=\"twitter:card\" content=\"summary_large_image\" \/>\n<meta name=\"twitter:label1\" content=\"\u0426\u0435\u043d\u0430\" \/>\n\t<meta name=\"twitter:data1\" content=\"&euro;15.00\" \/>\n\t<meta name=\"twitter:label2\" content=\"\u0414\u043e\u0441\u0442\u0443\u043f\u043d\u043e\u0441\u0442\u044c\" \/>\n\t<meta name=\"twitter:data2\" content=\"\u0412 \u043d\u0430\u043b\u0438\u0447\u0438\u0438\" \/>\n<meta property=\"product:price:amount\" content=\"15.00\" \/>\n<meta property=\"product:price:currency\" content=\"EUR\" \/>\n<meta property=\"og:availability\" content=\"instock\" \/>\n<meta property=\"product:availability\" content=\"instock\" \/>\n<meta property=\"product:condition\" content=\"new\" \/>\n<!-- \/ Yoast SEO Premium plugin. -->","yoast_head_json":{"title":"\u0417\u0430\u0434\u043d\u044f\u044f \u043f\u043b\u0430\u0442\u0444\u043e\u0440\u043c\u0430 Velt Smart Scooter X7 \/ X8 Pro (A+) &#8212; T\u00f5uksimaailm","robots":{"index":"index","follow":"follow","max-snippet":"max-snippet:-1","max-image-preview":"max-image-preview:large","max-video-preview":"max-video-preview:-1"},"canonical":"https:\/\/www.xn--tuksimaailm-ffb.ee\/ru\/\u043f\u0440\u043e\u0434\u0443\u043a\u0442\/%d0%b7%d0%b0%d0%b4%d0%bd%d1%8f%d1%8f-%d0%bf%d0%bb%d0%b0%d1%82%d1%84%d0%be%d1%80%d0%bc%d0%b0-velt-smart-scooter-x7-x8-pro-a\/","og_locale":"ru_RU","og_type":"article","og_title":"\u0417\u0430\u0434\u043d\u044f\u044f \u043f\u043b\u0430\u0442\u0444\u043e\u0440\u043c\u0430 Velt Smart Scooter X7 \/ X8 Pro (A+)","og_description":"\u0417\u0430\u0434\u043d\u0438\u0439 \u0431\u0440\u044b\u0437\u0433\u043e\u0432\u0438\u043a (\u0442\u0430\u043a\u0436\u0435 \u0437\u0430\u0434\u043d\u0438\u0439 \u0431\u0440\u044b\u0437\u0433\u043e\u0432\u0438\u043a, \u0431\u0440\u044b\u0437\u0433\u043e\u0432\u0438\u043a, \u0431\u0440\u044b\u0437\u0433\u043e\u0432\u0438\u043a, \u0431\u0440\u044b\u0437\u0433\u043e\u0432\u0438\u043a, \u0431\u0440\u044b\u0437\u0433\u043e\u0432\u0438\u043a) \u0434\u043b\u044f Velt Smart Scooter X7 \/ X8 Pro. \u041e\u0440\u0438\u0433\u0438\u043d\u0430\u043b\u044c\u043d\u0430\u044f \u0437\u0430\u043f\u0447\u0430\u0441\u0442\u044c. \u0417\u0430\u0434\u043d\u0438\u0439 \u0449\u0438\u0442\u043e\u043a \u0434\u043b\u044f \u044d\u043b\u0435\u043a\u0442\u0440\u043e\u0441\u0430\u043c\u043e\u043a\u0430\u0442\u0430 Velt Smart Scooter X7 \/ X8 Pro \u043e\u0434\u043d\u043e\u0437\u043d\u0430\u0447\u043d\u043e \u043f\u043e\u0434\u0445\u043e\u0434\u0438\u0442 \u0434\u043b\u044f \u0441\u043b\u0435\u0434\u0443\u044e\u0449\u0438\u0445 \u043f\u043e\u043f\u0443\u043b\u044f\u0440\u043d\u044b\u0445 \u044d\u043b\u0435\u043a\u0442\u0440\u043e\u0441\u0430\u043c\u043e\u043a\u0430\u0442\u043e\u0432: Velt Smart Scooter X7, Velt Smart Scooter X8, \u0430 \u0442\u0430\u043a\u0436\u0435 Velt Smart Scooter X8 &hellip;","og_url":"https:\/\/www.xn--tuksimaailm-ffb.ee\/ru\/\u043f\u0440\u043e\u0434\u0443\u043a\u0442\/%d0%b7%d0%b0%d0%b4%d0%bd%d1%8f%d1%8f-%d0%bf%d0%bb%d0%b0%d1%82%d1%84%d0%be%d1%80%d0%bc%d0%b0-velt-smart-scooter-x7-x8-pro-a\/","og_site_name":"T\u00f5uksimaailm","article_publisher":"https:\/\/www.facebook.com\/touksimaailm\/","og_image":[{"width":377,"height":438,"url":"https:\/\/www.xn--tuksimaailm-ffb.ee\/wp-content\/uploads\/2021\/02\/tagaporilaud-velt-smart.png","type":"image\/png"}],"twitter_card":"summary_large_image","twitter_misc":{"\u0426\u0435\u043d\u0430":"&euro;15.00","\u0414\u043e\u0441\u0442\u0443\u043f\u043d\u043e\u0441\u0442\u044c":"\u0412 \u043d\u0430\u043b\u0438\u0447\u0438\u0438"},"schema":{"@context":"https:\/\/schema.org","@graph":[{"@type":"WebPage","@id":"https:\/\/www.xn--tuksimaailm-ffb.ee\/ru\/\u043f\u0440\u043e\u0434\u0443\u043a\u0442\/%d0%b7%d0%b0%d0%b4%d0%bd%d1%8f%d1%8f-%d0%bf%d0%bb%d0%b0%d1%82%d1%84%d0%be%d1%80%d0%bc%d0%b0-velt-smart-scooter-x7-x8-pro-a\/","url":"https:\/\/www.xn--tuksimaailm-ffb.ee\/ru\/\u043f\u0440\u043e\u0434\u0443\u043a\u0442\/%d0%b7%d0%b0%d0%b4%d0%bd%d1%8f%d1%8f-%d0%bf%d0%bb%d0%b0%d1%82%d1%84%d0%be%d1%80%d0%bc%d0%b0-velt-smart-scooter-x7-x8-pro-a\/","name":"\u0417\u0430\u0434\u043d\u044f\u044f \u043f\u043b\u0430\u0442\u0444\u043e\u0440\u043c\u0430 Velt Smart Scooter X7 \/ X8 Pro (A+) &#8212; T\u00f5uksimaailm","isPartOf":{"@id":"https:\/\/www.xn--tuksimaailm-ffb.ee\/ru\/#website"},"primaryImageOfPage":{"@id":"https:\/\/www.xn--tuksimaailm-ffb.ee\/ru\/\u043f\u0440\u043e\u0434\u0443\u043a\u0442\/%d0%b7%d0%b0%d0%b4%d0%bd%d1%8f%d1%8f-%d0%bf%d0%bb%d0%b0%d1%82%d1%84%d0%be%d1%80%d0%bc%d0%b0-velt-smart-scooter-x7-x8-pro-a\/#primaryimage"},"image":{"@id":"https:\/\/www.xn--tuksimaailm-ffb.ee\/ru\/\u043f\u0440\u043e\u0434\u0443\u043a\u0442\/%d0%b7%d0%b0%d0%b4%d0%bd%d1%8f%d1%8f-%d0%bf%d0%bb%d0%b0%d1%82%d1%84%d0%be%d1%80%d0%bc%d0%b0-velt-smart-scooter-x7-x8-pro-a\/#primaryimage"},"thumbnailUrl":"https:\/\/www.xn--tuksimaailm-ffb.ee\/wp-content\/uploads\/2021\/02\/Screenshot-2026-02-05-011309.webp","datePublished":"2021-02-07T15:20:06+00:00","breadcrumb":{"@id":"https:\/\/www.xn--tuksimaailm-ffb.ee\/ru\/\u043f\u0440\u043e\u0434\u0443\u043a\u0442\/%d0%b7%d0%b0%d0%b4%d0%bd%d1%8f%d1%8f-%d0%bf%d0%bb%d0%b0%d1%82%d1%84%d0%be%d1%80%d0%bc%d0%b0-velt-smart-scooter-x7-x8-pro-a\/#breadcrumb"},"inLanguage":"ru-RU","potentialAction":[{"@type":"ReadAction","target":["https:\/\/www.xn--tuksimaailm-ffb.ee\/ru\/\u043f\u0440\u043e\u0434\u0443\u043a\u0442\/%d0%b7%d0%b0%d0%b4%d0%bd%d1%8f%d1%8f-%d0%bf%d0%bb%d0%b0%d1%82%d1%84%d0%be%d1%80%d0%bc%d0%b0-velt-smart-scooter-x7-x8-pro-a\/"]}]},{"@type":"ImageObject","inLanguage":"ru-RU","@id":"https:\/\/www.xn--tuksimaailm-ffb.ee\/ru\/\u043f\u0440\u043e\u0434\u0443\u043a\u0442\/%d0%b7%d0%b0%d0%b4%d0%bd%d1%8f%d1%8f-%d0%bf%d0%bb%d0%b0%d1%82%d1%84%d0%be%d1%80%d0%bc%d0%b0-velt-smart-scooter-x7-x8-pro-a\/#primaryimage","url":"https:\/\/www.xn--tuksimaailm-ffb.ee\/wp-content\/uploads\/2021\/02\/Screenshot-2026-02-05-011309.webp","contentUrl":"https:\/\/www.xn--tuksimaailm-ffb.ee\/wp-content\/uploads\/2021\/02\/Screenshot-2026-02-05-011309.webp","width":867,"height":772,"caption":"Velt Smart Scooter X7 \/ X8 Pro tagaporilaud (A+)"},{"@type":"BreadcrumbList","@id":"https:\/\/www.xn--tuksimaailm-ffb.ee\/ru\/\u043f\u0440\u043e\u0434\u0443\u043a\u0442\/%d0%b7%d0%b0%d0%b4%d0%bd%d1%8f%d1%8f-%d0%bf%d0%bb%d0%b0%d1%82%d1%84%d0%be%d1%80%d0%bc%d0%b0-velt-smart-scooter-x7-x8-pro-a\/#breadcrumb","itemListElement":[{"@type":"ListItem","position":1,"name":"Home","item":"https:\/\/www.xn--tuksimaailm-ffb.ee\/ru\/frontpage\/"},{"@type":"ListItem","position":2,"name":"\u041c\u0410\u0413\u0410\u0417\u0418\u041d","item":"https:\/\/www.xn--tuksimaailm-ffb.ee\/elektritoukerataste-pood\/"},{"@type":"ListItem","position":3,"name":"\u0417\u0430\u0434\u043d\u044f\u044f \u043f\u043b\u0430\u0442\u0444\u043e\u0440\u043c\u0430 Velt Smart Scooter X7 \/ X8 Pro (A+)"}]},{"@type":"WebSite","@id":"https:\/\/www.xn--tuksimaailm-ffb.ee\/ru\/#website","url":"https:\/\/www.xn--tuksimaailm-ffb.ee\/ru\/","name":"T\u00f5uksimaailm","description":"Elektrit\u00f5ukerataste m\u00fc\u00fck, remont ja rent","publisher":{"@id":"https:\/\/www.xn--tuksimaailm-ffb.ee\/ru\/#organization"},"potentialAction":[{"@type":"SearchAction","target":{"@type":"EntryPoint","urlTemplate":"https:\/\/www.xn--tuksimaailm-ffb.ee\/ru\/?s={search_term_string}"},"query-input":{"@type":"PropertyValueSpecification","valueRequired":true,"valueName":"search_term_string"}}],"inLanguage":"ru-RU"},{"@type":"Organization","@id":"https:\/\/www.xn--tuksimaailm-ffb.ee\/ru\/#organization","name":"T\u00f5uksimaailm","url":"https:\/\/www.xn--tuksimaailm-ffb.ee\/ru\/","logo":{"@type":"ImageObject","inLanguage":"ru-RU","@id":"https:\/\/www.xn--tuksimaailm-ffb.ee\/ru\/#\/schema\/logo\/image\/","url":"https:\/\/www.xn--tuksimaailm-ffb.ee\/wp-content\/uploads\/2020\/01\/logoz-e1579792875517.png","contentUrl":"https:\/\/www.xn--tuksimaailm-ffb.ee\/wp-content\/uploads\/2020\/01\/logoz-e1579792875517.png","width":250,"height":250,"caption":"T\u00f5uksimaailm"},"image":{"@id":"https:\/\/www.xn--tuksimaailm-ffb.ee\/ru\/#\/schema\/logo\/image\/"},"sameAs":["https:\/\/www.facebook.com\/touksimaailm\/","https:\/\/www.instagram.com\/touksimaailm_\/","https:\/\/www.youtube.com\/channel\/UC18ml0EKIDLP1xGuQjFzcXQ"]}]},"product_price_amount":"15.00","product_price_currency":"EUR","og_availability":"instock","product_availability":"instock","product_condition":"new"},"jetpack_sharing_enabled":true,"_links":{"self":[{"href":"https:\/\/www.xn--tuksimaailm-ffb.ee\/ru\/wp-json\/wp\/v2\/product\/52102","targetHints":{"allow":["GET"]}}],"collection":[{"href":"https:\/\/www.xn--tuksimaailm-ffb.ee\/ru\/wp-json\/wp\/v2\/product"}],"about":[{"href":"https:\/\/www.xn--tuksimaailm-ffb.ee\/ru\/wp-json\/wp\/v2\/types\/product"}],"wp:featuredmedia":[{"embeddable":true,"href":"https:\/\/www.xn--tuksimaailm-ffb.ee\/ru\/wp-json\/wp\/v2\/media\/77689"}],"wp:attachment":[{"href":"https:\/\/www.xn--tuksimaailm-ffb.ee\/ru\/wp-json\/wp\/v2\/media?parent=52102"}],"wp:term":[{"taxonomy":"product_brand","embeddable":true,"href":"https:\/\/www.xn--tuksimaailm-ffb.ee\/ru\/wp-json\/wp\/v2\/product_brand?post=52102"},{"taxonomy":"product_cat","embeddable":true,"href":"https:\/\/www.xn--tuksimaailm-ffb.ee\/ru\/wp-json\/wp\/v2\/product_cat?post=52102"},{"taxonomy":"product_tag","embeddable":true,"href":"https:\/\/www.xn--tuksimaailm-ffb.ee\/ru\/wp-json\/wp\/v2\/product_tag?post=52102"},{"taxonomy":"filter_elektritoukeratas","embeddable":true,"href":"https:\/\/www.xn--tuksimaailm-ffb.ee\/ru\/wp-json\/wp\/v2\/filter_elektritoukeratas?post=52102"}],"curies":[{"name":"wp","href":"https:\/\/api.w.org\/{rel}","templated":true}]}}