{"id":54515,"date":"2021-01-30T19:43:07","date_gmt":"2021-01-30T16:43:07","guid":{"rendered":"http:\/\/www.xn--tuksimaailm-ffb.ee\/shop\/inokim-ox-%d0%bf%d0%b5%d1%80%d0%b2%d1%8b%d0%b5-%d0%ba%d0%b0%d1%87%d0%b5%d0%bb%d0%b8-eco-hero-super\/"},"modified":"2021-01-30T19:43:07","modified_gmt":"2021-01-30T16:43:07","slug":"inokim-ox-%d0%bf%d0%b5%d1%80%d0%b2%d1%8b%d0%b5-%d0%ba%d0%b0%d1%87%d0%b5%d0%bb%d0%b8-eco-hero-super","status":"publish","type":"product","link":"https:\/\/www.xn--tuksimaailm-ffb.ee\/ru\/\u043f\u0440\u043e\u0434\u0443\u043a\u0442\/inokim-ox-%d0%bf%d0%b5%d1%80%d0%b2%d1%8b%d0%b5-%d0%ba%d0%b0%d1%87%d0%b5%d0%bb%d0%b8-eco-hero-super\/","title":{"rendered":"Inokim OX \u043f\u0435\u0440\u0432\u044b\u0435 \u043a\u0430\u0447\u0435\u043b\u0438 Eco Hero Super"},"content":{"rendered":"<p>\u041f\u0435\u0440\u0435\u0434\u043d\u0438\u0439 \u043f\u043e\u0432\u043e\u0440\u043e\u0442\u043d\u044b\u0439 \u0440\u044b\u0447\u0430\u0433 \u044d\u043b\u0435\u043a\u0442\u0440\u043e\u0441\u0430\u043c\u043e\u043a\u0430\u0442\u0430 Inokim OX (\u0442\u0430\u043a\u0436\u0435 \u043f\u043e\u0434\u043d\u043e\u0436\u043a\u0430\/\u043a\u0440\u0435\u043f\u043b\u0435\u043d\u0438\u0435 \u043f\u0435\u0440\u0435\u0434\u043d\u0435\u0433\u043e \u043a\u043e\u043b\u0435\u0441\u0430, \u043f\u0430\u043b\u043a\u0430 \u0430\u043c\u043e\u0440\u0442\u0438\u0437\u0430\u0442\u043e\u0440\u0430), \u0432\u044b\u0441\u043e\u043a\u043e\u043a\u0430\u0447\u0435\u0441\u0442\u0432\u0435\u043d\u043d\u0430\u044f <b><strong>\u043e\u0440\u0438\u0433\u0438\u043d\u0430\u043b\u044c\u043d\u0430\u044f<\/strong><\/b> \u0437\u0430\u043f\u0447\u0430\u0441\u0442\u044c. \u041f\u0435\u0440\u0435\u0434\u043d\u0438\u0439 \u043f\u043e\u0432\u043e\u0440\u043e\u0442\u043d\u044b\u0439 \u0440\u044b\u0447\u0430\u0433 \u044d\u043b\u0435\u043a\u0442\u0440\u043e\u0441\u0430\u043c\u043e\u043a\u0430\u0442\u0430 Inokim OX \u0438\u0434\u0435\u0430\u043b\u044c\u043d\u043e \u043f\u043e\u0434\u0445\u043e\u0434\u0438\u0442 \u0434\u043b\u044f \u043e\u0440\u0438\u0433\u0438\u043d\u0430\u043b\u044c\u043d\u044b\u0445 \u044d\u043b\u0435\u043a\u0442\u0440\u043e\u0441\u0430\u043c\u043e\u043a\u0430\u0442\u043e\u0432 <a href=\"https:\/\/inokim.com\/models\/ox\/\">Inokim \u0441\u0435\u0440\u0438\u0438 OX<\/a> -<a href=\"http:\/\/www.xn--tuksimaailm-ffb.ee\/shop\/elektriline-toukeratas-inokim-ox-eco\/\"><b><strong> Inokim OX Eco<\/strong><\/b><\/a><b><strong>, <\/strong><\/b><a href=\"http:\/\/www.xn--tuksimaailm-ffb.ee\/shop\/inokim-ox-hero-elektritoukeratas\/\"><b><strong>Inokim OX Hero <\/strong><\/b><\/a>, \u0430 \u0442\u0430\u043a\u0436\u0435 <a href=\"http:\/\/www.xn--tuksimaailm-ffb.ee\/shop\/inokim-ox-super-elektritoukeratas\/\"><b><strong>Inokim OX Super<\/strong><\/b><\/a><b><strong>.<\/strong><\/b><\/p>\n<p>\u041a\u0440\u0435\u043f\u043b\u0435\u043d\u0438\u0435 \u043f\u0435\u0440\u0435\u0434\u043d\u0435\u0433\u043e \u043a\u043e\u043b\u0435\u0441\u0430 Inokim OX, \u0431\u043b\u0430\u0433\u043e\u0434\u0430\u0440\u044f \u043f\u043e\u0441\u0442\u043e\u044f\u043d\u043d\u044b\u043c \u0440\u0430\u0437\u0440\u0430\u0431\u043e\u0442\u043a\u0430\u043c \u043f\u0440\u043e\u0438\u0437\u0432\u043e\u0434\u0438\u0442\u0435\u043b\u044f, \u0438\u043c\u0435\u0435\u0442 \u0431\u043e\u043b\u0435\u0435 \u0442\u043e\u043b\u0441\u0442\u044b\u0435 \u0440\u0430\u0437\u043c\u0435\u0440\u044b \u0438 \u0431\u043e\u043b\u0435\u0435 \u043f\u0440\u043e\u0447\u043d\u0443\u044e \u043a\u043e\u043d\u0441\u0442\u0440\u0443\u043a\u0446\u0438\u044e \u043f\u043e \u0441\u0440\u0430\u0432\u043d\u0435\u043d\u0438\u044e \u0441 \u043f\u0435\u0440\u0432\u044b\u043c\u0438 \u0432\u0435\u0440\u0441\u0438\u044f\u043c\u0438 \u0441\u0430\u043c\u043e\u043a\u0430\u0442\u043e\u0432 OX. \u0412 \u0440\u0435\u0437\u0443\u043b\u044c\u0442\u0430\u0442\u0435 \u043d\u043e\u0432\u0430\u044f \u043c\u0430\u0445\u0438\u043d\u0430 \u043d\u0435 \u0442\u0430\u043a \u043b\u0435\u0433\u043a\u043e \u043b\u043e\u043c\u0430\u0435\u0442\u0441\u044f. \u0415\u0441\u043b\u0438 \u0440\u0435\u043c\u043e\u043d\u0442 \u044d\u043b\u0435\u043a\u0442\u0440\u043e\u0441\u0430\u043c\u043e\u043a\u0430\u0442\u0430 Inokim \u0438\u043b\u0438 \u0437\u0430\u043c\u0435\u043d\u0430 \u043f\u0435\u0440\u0432\u044b\u0445 \u043a\u0430\u0447\u0435\u043b\u0435\u0439 \u0434\u043b\u044f \u0432\u0430\u0441 \u0441\u043b\u0438\u0448\u043a\u043e\u043c \u0441\u043b\u043e\u0436\u043d\u044b, \u0432\u0430\u043c \u043f\u043e\u043c\u043e\u0436\u0435\u0442 \u043d\u0430\u0448\u0430 <a href=\"http:\/\/www.xn--tuksimaailm-ffb.ee\/elektrilise-toukeratta-remont\/\"><b><strong>\u043c\u0430\u0441\u0442\u0435\u0440\u0441\u043a\u0430\u044f<\/strong><\/b><\/a>, \u0441\u043f\u0435\u0446\u0438\u0430\u043b\u0438\u0437\u0438\u0440\u0443\u044e\u0449\u0430\u044f\u0441\u044f \u043d\u0430 \u043e\u0431\u0441\u043b\u0443\u0436\u0438\u0432\u0430\u043d\u0438\u0438 \u044d\u043b\u0435\u043a\u0442\u0440\u043e\u0441\u0430\u043c\u043e\u043a\u0430\u0442\u043e\u0432.<\/p>\n","protected":false},"excerpt":{"rendered":"<p>\u041f\u0435\u0440\u0435\u0434\u043d\u0438\u0439 \u043f\u043e\u0432\u043e\u0440\u043e\u0442\u043d\u044b\u0439 \u0440\u044b\u0447\u0430\u0433 \u044d\u043b\u0435\u043a\u0442\u0440\u043e\u0441\u0430\u043c\u043e\u043a\u0430\u0442\u0430 Inokim OX (\u0442\u0430\u043a\u0436\u0435 \u043f\u043e\u0434\u043d\u043e\u0436\u043a\u0430\/\u043a\u0440\u0435\u043f\u043b\u0435\u043d\u0438\u0435 \u043f\u0435\u0440\u0435\u0434\u043d\u0435\u0433\u043e \u043a\u043e\u043b\u0435\u0441\u0430, \u043f\u0430\u043b\u043a\u0430 \u0430\u043c\u043e\u0440\u0442\u0438\u0437\u0430\u0442\u043e\u0440\u0430), \u0432\u044b\u0441\u043e\u043a\u043e\u043a\u0430\u0447\u0435\u0441\u0442\u0432\u0435\u043d\u043d\u0430\u044f \u043e\u0440\u0438\u0433\u0438\u043d\u0430\u043b\u044c\u043d\u0430\u044f \u0437\u0430\u043f\u0447\u0430\u0441\u0442\u044c. \u041f\u0435\u0440\u0435\u0434\u043d\u0438\u0439 \u043f\u043e\u0432\u043e\u0440\u043e\u0442\u043d\u044b\u0439 \u0440\u044b\u0447\u0430\u0433 \u044d\u043b\u0435\u043a\u0442\u0440\u043e\u0441\u0430\u043c\u043e\u043a\u0430\u0442\u0430 Inokim OX \u0438\u0434\u0435\u0430\u043b\u044c\u043d\u043e \u043f\u043e\u0434\u0445\u043e\u0434\u0438\u0442 \u0434\u043b\u044f \u043e\u0440\u0438\u0433\u0438\u043d\u0430\u043b\u044c\u043d\u044b\u0445 \u044d\u043b\u0435\u043a\u0442\u0440\u043e\u0441\u0430\u043c\u043e\u043a\u0430\u0442\u043e\u0432 Inokim \u0441\u0435\u0440\u0438\u0438 OX - Inokim OX Eco, Inokim OX Hero , \u0430 \u0442\u0430\u043a\u0436\u0435 Inokim OX Super. \u041a\u0440\u0435\u043f\u043b\u0435\u043d\u0438\u0435 \u043f\u0435\u0440\u0435\u0434\u043d\u0435\u0433\u043e \u043a\u043e\u043b\u0435\u0441\u0430 Inokim OX, \u0431\u043b\u0430\u0433\u043e\u0434\u0430\u0440\u044f \u043f\u043e\u0441\u0442\u043e\u044f\u043d\u043d\u044b\u043c \u0440\u0430\u0437\u0440\u0430\u0431\u043e\u0442\u043a\u0430\u043c &hellip;<\/p>\n","protected":false},"featured_media":13346,"template":"","meta":[],"product_brand":[],"product_cat":[757],"product_tag":[],"filter_elektritoukeratas":[2714],"class_list":{"0":"post-54515","1":"product","2":"type-product","3":"status-publish","4":"has-post-thumbnail","6":"product_cat-757","7":"filter_elektritoukeratas-ft_inokim_ox_eco_hero_super","9":"first","10":"instock","11":"taxable","12":"shipping-taxable","13":"purchasable","14":"product-type-simple"},"yoast_head":"<!-- This site is optimized with the Yoast SEO Premium plugin v26.8 (Yoast SEO v27.3) - https:\/\/yoast.com\/product\/yoast-seo-premium-wordpress\/ -->\n<title>Inokim OX \u043f\u0435\u0440\u0432\u044b\u0435 \u043a\u0430\u0447\u0435\u043b\u0438 Eco Hero Super &#8212; T\u00f5uksimaailm<\/title>\n<meta name=\"robots\" content=\"index, follow, max-snippet:-1, max-image-preview:large, max-video-preview:-1\" \/>\n<link rel=\"canonical\" href=\"https:\/\/www.xn--tuksimaailm-ffb.ee\/ru\/\u043f\u0440\u043e\u0434\u0443\u043a\u0442\/inokim-ox-%d0%bf%d0%b5%d1%80%d0%b2%d1%8b%d0%b5-%d0%ba%d0%b0%d1%87%d0%b5%d0%bb%d0%b8-eco-hero-super\/\" \/>\n<meta property=\"og:locale\" content=\"ru_RU\" \/>\n<meta property=\"og:type\" content=\"article\" \/>\n<meta property=\"og:title\" content=\"Inokim OX \u043f\u0435\u0440\u0432\u044b\u0435 \u043a\u0430\u0447\u0435\u043b\u0438 Eco Hero Super\" \/>\n<meta property=\"og:description\" content=\"\u041f\u0435\u0440\u0435\u0434\u043d\u0438\u0439 \u043f\u043e\u0432\u043e\u0440\u043e\u0442\u043d\u044b\u0439 \u0440\u044b\u0447\u0430\u0433 \u044d\u043b\u0435\u043a\u0442\u0440\u043e\u0441\u0430\u043c\u043e\u043a\u0430\u0442\u0430 Inokim OX (\u0442\u0430\u043a\u0436\u0435 \u043f\u043e\u0434\u043d\u043e\u0436\u043a\u0430\/\u043a\u0440\u0435\u043f\u043b\u0435\u043d\u0438\u0435 \u043f\u0435\u0440\u0435\u0434\u043d\u0435\u0433\u043e \u043a\u043e\u043b\u0435\u0441\u0430, \u043f\u0430\u043b\u043a\u0430 \u0430\u043c\u043e\u0440\u0442\u0438\u0437\u0430\u0442\u043e\u0440\u0430), \u0432\u044b\u0441\u043e\u043a\u043e\u043a\u0430\u0447\u0435\u0441\u0442\u0432\u0435\u043d\u043d\u0430\u044f \u043e\u0440\u0438\u0433\u0438\u043d\u0430\u043b\u044c\u043d\u0430\u044f \u0437\u0430\u043f\u0447\u0430\u0441\u0442\u044c. \u041f\u0435\u0440\u0435\u0434\u043d\u0438\u0439 \u043f\u043e\u0432\u043e\u0440\u043e\u0442\u043d\u044b\u0439 \u0440\u044b\u0447\u0430\u0433 \u044d\u043b\u0435\u043a\u0442\u0440\u043e\u0441\u0430\u043c\u043e\u043a\u0430\u0442\u0430 Inokim OX \u0438\u0434\u0435\u0430\u043b\u044c\u043d\u043e \u043f\u043e\u0434\u0445\u043e\u0434\u0438\u0442 \u0434\u043b\u044f \u043e\u0440\u0438\u0433\u0438\u043d\u0430\u043b\u044c\u043d\u044b\u0445 \u044d\u043b\u0435\u043a\u0442\u0440\u043e\u0441\u0430\u043c\u043e\u043a\u0430\u0442\u043e\u0432 Inokim \u0441\u0435\u0440\u0438\u0438 OX - Inokim OX Eco, Inokim OX Hero , \u0430 \u0442\u0430\u043a\u0436\u0435 Inokim OX Super. \u041a\u0440\u0435\u043f\u043b\u0435\u043d\u0438\u0435 \u043f\u0435\u0440\u0435\u0434\u043d\u0435\u0433\u043e \u043a\u043e\u043b\u0435\u0441\u0430 Inokim OX, \u0431\u043b\u0430\u0433\u043e\u0434\u0430\u0440\u044f \u043f\u043e\u0441\u0442\u043e\u044f\u043d\u043d\u044b\u043c \u0440\u0430\u0437\u0440\u0430\u0431\u043e\u0442\u043a\u0430\u043c &hellip;\" \/>\n<meta property=\"og:url\" content=\"https:\/\/www.xn--tuksimaailm-ffb.ee\/ru\/\u043f\u0440\u043e\u0434\u0443\u043a\u0442\/inokim-ox-%d0%bf%d0%b5%d1%80%d0%b2%d1%8b%d0%b5-%d0%ba%d0%b0%d1%87%d0%b5%d0%bb%d0%b8-eco-hero-super\/\" \/>\n<meta property=\"og:site_name\" content=\"T\u00f5uksimaailm\" \/>\n<meta property=\"article:publisher\" content=\"https:\/\/www.facebook.com\/touksimaailm\/\" \/>\n<meta property=\"og:image\" content=\"https:\/\/www.xn--tuksimaailm-ffb.ee\/wp-content\/uploads\/2021\/01\/OX-arm-1.jpg\" \/>\n\t<meta property=\"og:image:width\" content=\"925\" \/>\n\t<meta property=\"og:image:height\" content=\"687\" \/>\n\t<meta property=\"og:image:type\" content=\"image\/jpeg\" \/>\n<meta name=\"twitter:card\" content=\"summary_large_image\" \/>\n<meta name=\"twitter:label1\" content=\"\u0426\u0435\u043d\u0430\" \/>\n\t<meta name=\"twitter:data1\" content=\"&euro;129.50\" \/>\n\t<meta name=\"twitter:label2\" content=\"\u0414\u043e\u0441\u0442\u0443\u043f\u043d\u043e\u0441\u0442\u044c\" \/>\n\t<meta name=\"twitter:data2\" content=\"\u0412 \u043d\u0430\u043b\u0438\u0447\u0438\u0438\" \/>\n<meta property=\"product:price:amount\" content=\"129.50\" \/>\n<meta property=\"product:price:currency\" content=\"EUR\" \/>\n<meta property=\"og:availability\" content=\"instock\" \/>\n<meta property=\"product:availability\" content=\"instock\" \/>\n<meta property=\"product:condition\" content=\"new\" \/>\n<!-- \/ Yoast SEO Premium plugin. -->","yoast_head_json":{"title":"Inokim OX \u043f\u0435\u0440\u0432\u044b\u0435 \u043a\u0430\u0447\u0435\u043b\u0438 Eco Hero Super &#8212; T\u00f5uksimaailm","robots":{"index":"index","follow":"follow","max-snippet":"max-snippet:-1","max-image-preview":"max-image-preview:large","max-video-preview":"max-video-preview:-1"},"canonical":"https:\/\/www.xn--tuksimaailm-ffb.ee\/ru\/\u043f\u0440\u043e\u0434\u0443\u043a\u0442\/inokim-ox-%d0%bf%d0%b5%d1%80%d0%b2%d1%8b%d0%b5-%d0%ba%d0%b0%d1%87%d0%b5%d0%bb%d0%b8-eco-hero-super\/","og_locale":"ru_RU","og_type":"article","og_title":"Inokim OX \u043f\u0435\u0440\u0432\u044b\u0435 \u043a\u0430\u0447\u0435\u043b\u0438 Eco Hero Super","og_description":"\u041f\u0435\u0440\u0435\u0434\u043d\u0438\u0439 \u043f\u043e\u0432\u043e\u0440\u043e\u0442\u043d\u044b\u0439 \u0440\u044b\u0447\u0430\u0433 \u044d\u043b\u0435\u043a\u0442\u0440\u043e\u0441\u0430\u043c\u043e\u043a\u0430\u0442\u0430 Inokim OX (\u0442\u0430\u043a\u0436\u0435 \u043f\u043e\u0434\u043d\u043e\u0436\u043a\u0430\/\u043a\u0440\u0435\u043f\u043b\u0435\u043d\u0438\u0435 \u043f\u0435\u0440\u0435\u0434\u043d\u0435\u0433\u043e \u043a\u043e\u043b\u0435\u0441\u0430, \u043f\u0430\u043b\u043a\u0430 \u0430\u043c\u043e\u0440\u0442\u0438\u0437\u0430\u0442\u043e\u0440\u0430), \u0432\u044b\u0441\u043e\u043a\u043e\u043a\u0430\u0447\u0435\u0441\u0442\u0432\u0435\u043d\u043d\u0430\u044f \u043e\u0440\u0438\u0433\u0438\u043d\u0430\u043b\u044c\u043d\u0430\u044f \u0437\u0430\u043f\u0447\u0430\u0441\u0442\u044c. \u041f\u0435\u0440\u0435\u0434\u043d\u0438\u0439 \u043f\u043e\u0432\u043e\u0440\u043e\u0442\u043d\u044b\u0439 \u0440\u044b\u0447\u0430\u0433 \u044d\u043b\u0435\u043a\u0442\u0440\u043e\u0441\u0430\u043c\u043e\u043a\u0430\u0442\u0430 Inokim OX \u0438\u0434\u0435\u0430\u043b\u044c\u043d\u043e \u043f\u043e\u0434\u0445\u043e\u0434\u0438\u0442 \u0434\u043b\u044f \u043e\u0440\u0438\u0433\u0438\u043d\u0430\u043b\u044c\u043d\u044b\u0445 \u044d\u043b\u0435\u043a\u0442\u0440\u043e\u0441\u0430\u043c\u043e\u043a\u0430\u0442\u043e\u0432 Inokim \u0441\u0435\u0440\u0438\u0438 OX - Inokim OX Eco, Inokim OX Hero , \u0430 \u0442\u0430\u043a\u0436\u0435 Inokim OX Super. \u041a\u0440\u0435\u043f\u043b\u0435\u043d\u0438\u0435 \u043f\u0435\u0440\u0435\u0434\u043d\u0435\u0433\u043e \u043a\u043e\u043b\u0435\u0441\u0430 Inokim OX, \u0431\u043b\u0430\u0433\u043e\u0434\u0430\u0440\u044f \u043f\u043e\u0441\u0442\u043e\u044f\u043d\u043d\u044b\u043c \u0440\u0430\u0437\u0440\u0430\u0431\u043e\u0442\u043a\u0430\u043c &hellip;","og_url":"https:\/\/www.xn--tuksimaailm-ffb.ee\/ru\/\u043f\u0440\u043e\u0434\u0443\u043a\u0442\/inokim-ox-%d0%bf%d0%b5%d1%80%d0%b2%d1%8b%d0%b5-%d0%ba%d0%b0%d1%87%d0%b5%d0%bb%d0%b8-eco-hero-super\/","og_site_name":"T\u00f5uksimaailm","article_publisher":"https:\/\/www.facebook.com\/touksimaailm\/","og_image":[{"width":925,"height":687,"url":"https:\/\/www.xn--tuksimaailm-ffb.ee\/wp-content\/uploads\/2021\/01\/OX-arm-1.jpg","type":"image\/jpeg"}],"twitter_card":"summary_large_image","twitter_misc":{"\u0426\u0435\u043d\u0430":"&euro;129.50","\u0414\u043e\u0441\u0442\u0443\u043f\u043d\u043e\u0441\u0442\u044c":"\u0412 \u043d\u0430\u043b\u0438\u0447\u0438\u0438"},"schema":{"@context":"https:\/\/schema.org","@graph":[{"@type":"WebPage","@id":"https:\/\/www.xn--tuksimaailm-ffb.ee\/ru\/\u043f\u0440\u043e\u0434\u0443\u043a\u0442\/inokim-ox-%d0%bf%d0%b5%d1%80%d0%b2%d1%8b%d0%b5-%d0%ba%d0%b0%d1%87%d0%b5%d0%bb%d0%b8-eco-hero-super\/","url":"https:\/\/www.xn--tuksimaailm-ffb.ee\/ru\/\u043f\u0440\u043e\u0434\u0443\u043a\u0442\/inokim-ox-%d0%bf%d0%b5%d1%80%d0%b2%d1%8b%d0%b5-%d0%ba%d0%b0%d1%87%d0%b5%d0%bb%d0%b8-eco-hero-super\/","name":"Inokim OX \u043f\u0435\u0440\u0432\u044b\u0435 \u043a\u0430\u0447\u0435\u043b\u0438 Eco Hero Super &#8212; T\u00f5uksimaailm","isPartOf":{"@id":"https:\/\/www.xn--tuksimaailm-ffb.ee\/ru\/#website"},"primaryImageOfPage":{"@id":"https:\/\/www.xn--tuksimaailm-ffb.ee\/ru\/\u043f\u0440\u043e\u0434\u0443\u043a\u0442\/inokim-ox-%d0%bf%d0%b5%d1%80%d0%b2%d1%8b%d0%b5-%d0%ba%d0%b0%d1%87%d0%b5%d0%bb%d0%b8-eco-hero-super\/#primaryimage"},"image":{"@id":"https:\/\/www.xn--tuksimaailm-ffb.ee\/ru\/\u043f\u0440\u043e\u0434\u0443\u043a\u0442\/inokim-ox-%d0%bf%d0%b5%d1%80%d0%b2%d1%8b%d0%b5-%d0%ba%d0%b0%d1%87%d0%b5%d0%bb%d0%b8-eco-hero-super\/#primaryimage"},"thumbnailUrl":"https:\/\/www.xn--tuksimaailm-ffb.ee\/wp-content\/uploads\/2021\/01\/OX-arm-1.jpg","datePublished":"2021-01-30T16:43:07+00:00","breadcrumb":{"@id":"https:\/\/www.xn--tuksimaailm-ffb.ee\/ru\/\u043f\u0440\u043e\u0434\u0443\u043a\u0442\/inokim-ox-%d0%bf%d0%b5%d1%80%d0%b2%d1%8b%d0%b5-%d0%ba%d0%b0%d1%87%d0%b5%d0%bb%d0%b8-eco-hero-super\/#breadcrumb"},"inLanguage":"ru-RU","potentialAction":[{"@type":"ReadAction","target":["https:\/\/www.xn--tuksimaailm-ffb.ee\/ru\/\u043f\u0440\u043e\u0434\u0443\u043a\u0442\/inokim-ox-%d0%bf%d0%b5%d1%80%d0%b2%d1%8b%d0%b5-%d0%ba%d0%b0%d1%87%d0%b5%d0%bb%d0%b8-eco-hero-super\/"]}]},{"@type":"ImageObject","inLanguage":"ru-RU","@id":"https:\/\/www.xn--tuksimaailm-ffb.ee\/ru\/\u043f\u0440\u043e\u0434\u0443\u043a\u0442\/inokim-ox-%d0%bf%d0%b5%d1%80%d0%b2%d1%8b%d0%b5-%d0%ba%d0%b0%d1%87%d0%b5%d0%bb%d0%b8-eco-hero-super\/#primaryimage","url":"https:\/\/www.xn--tuksimaailm-ffb.ee\/wp-content\/uploads\/2021\/01\/OX-arm-1.jpg","contentUrl":"https:\/\/www.xn--tuksimaailm-ffb.ee\/wp-content\/uploads\/2021\/01\/OX-arm-1.jpg","width":925,"height":687},{"@type":"BreadcrumbList","@id":"https:\/\/www.xn--tuksimaailm-ffb.ee\/ru\/\u043f\u0440\u043e\u0434\u0443\u043a\u0442\/inokim-ox-%d0%bf%d0%b5%d1%80%d0%b2%d1%8b%d0%b5-%d0%ba%d0%b0%d1%87%d0%b5%d0%bb%d0%b8-eco-hero-super\/#breadcrumb","itemListElement":[{"@type":"ListItem","position":1,"name":"Home","item":"https:\/\/www.xn--tuksimaailm-ffb.ee\/ru\/frontpage\/"},{"@type":"ListItem","position":2,"name":"\u041c\u0410\u0413\u0410\u0417\u0418\u041d","item":"https:\/\/www.xn--tuksimaailm-ffb.ee\/elektritoukerataste-pood\/"},{"@type":"ListItem","position":3,"name":"Inokim OX \u043f\u0435\u0440\u0432\u044b\u0435 \u043a\u0430\u0447\u0435\u043b\u0438 Eco Hero Super"}]},{"@type":"WebSite","@id":"https:\/\/www.xn--tuksimaailm-ffb.ee\/ru\/#website","url":"https:\/\/www.xn--tuksimaailm-ffb.ee\/ru\/","name":"T\u00f5uksimaailm","description":"Elektrit\u00f5ukerataste m\u00fc\u00fck, remont ja rent","publisher":{"@id":"https:\/\/www.xn--tuksimaailm-ffb.ee\/ru\/#organization"},"potentialAction":[{"@type":"SearchAction","target":{"@type":"EntryPoint","urlTemplate":"https:\/\/www.xn--tuksimaailm-ffb.ee\/ru\/?s={search_term_string}"},"query-input":{"@type":"PropertyValueSpecification","valueRequired":true,"valueName":"search_term_string"}}],"inLanguage":"ru-RU"},{"@type":"Organization","@id":"https:\/\/www.xn--tuksimaailm-ffb.ee\/ru\/#organization","name":"T\u00f5uksimaailm","url":"https:\/\/www.xn--tuksimaailm-ffb.ee\/ru\/","logo":{"@type":"ImageObject","inLanguage":"ru-RU","@id":"https:\/\/www.xn--tuksimaailm-ffb.ee\/ru\/#\/schema\/logo\/image\/","url":"https:\/\/www.xn--tuksimaailm-ffb.ee\/wp-content\/uploads\/2020\/01\/logoz-e1579792875517.png","contentUrl":"https:\/\/www.xn--tuksimaailm-ffb.ee\/wp-content\/uploads\/2020\/01\/logoz-e1579792875517.png","width":250,"height":250,"caption":"T\u00f5uksimaailm"},"image":{"@id":"https:\/\/www.xn--tuksimaailm-ffb.ee\/ru\/#\/schema\/logo\/image\/"},"sameAs":["https:\/\/www.facebook.com\/touksimaailm\/","https:\/\/www.instagram.com\/touksimaailm_\/","https:\/\/www.youtube.com\/channel\/UC18ml0EKIDLP1xGuQjFzcXQ"]}]},"product_price_amount":"129.50","product_price_currency":"EUR","og_availability":"instock","product_availability":"instock","product_condition":"new"},"jetpack_sharing_enabled":true,"_links":{"self":[{"href":"https:\/\/www.xn--tuksimaailm-ffb.ee\/ru\/wp-json\/wp\/v2\/product\/54515","targetHints":{"allow":["GET"]}}],"collection":[{"href":"https:\/\/www.xn--tuksimaailm-ffb.ee\/ru\/wp-json\/wp\/v2\/product"}],"about":[{"href":"https:\/\/www.xn--tuksimaailm-ffb.ee\/ru\/wp-json\/wp\/v2\/types\/product"}],"wp:featuredmedia":[{"embeddable":true,"href":"https:\/\/www.xn--tuksimaailm-ffb.ee\/ru\/wp-json\/wp\/v2\/media\/13346"}],"wp:attachment":[{"href":"https:\/\/www.xn--tuksimaailm-ffb.ee\/ru\/wp-json\/wp\/v2\/media?parent=54515"}],"wp:term":[{"taxonomy":"product_brand","embeddable":true,"href":"https:\/\/www.xn--tuksimaailm-ffb.ee\/ru\/wp-json\/wp\/v2\/product_brand?post=54515"},{"taxonomy":"product_cat","embeddable":true,"href":"https:\/\/www.xn--tuksimaailm-ffb.ee\/ru\/wp-json\/wp\/v2\/product_cat?post=54515"},{"taxonomy":"product_tag","embeddable":true,"href":"https:\/\/www.xn--tuksimaailm-ffb.ee\/ru\/wp-json\/wp\/v2\/product_tag?post=54515"},{"taxonomy":"filter_elektritoukeratas","embeddable":true,"href":"https:\/\/www.xn--tuksimaailm-ffb.ee\/ru\/wp-json\/wp\/v2\/filter_elektritoukeratas?post=54515"}],"curies":[{"name":"wp","href":"https:\/\/api.w.org\/{rel}","templated":true}]}}