{"id":54519,"date":"2021-01-30T14:49:55","date_gmt":"2021-01-30T11:49:55","guid":{"rendered":"http:\/\/www.xn--tuksimaailm-ffb.ee\/shop\/%d0%ba%d0%be%d1%80%d0%bf%d1%83%d1%81-%d1%8d%d0%ba%d1%80%d0%b0%d0%bd%d0%b0-%d0%b4%d0%b8%d1%81%d0%bf%d0%bb%d0%b5%d1%8f-kugoo-s1-s2-s3-pro\/"},"modified":"2021-01-30T14:49:55","modified_gmt":"2021-01-30T11:49:55","slug":"%d0%ba%d0%be%d1%80%d0%bf%d1%83%d1%81-%d1%8d%d0%ba%d1%80%d0%b0%d0%bd%d0%b0-%d0%b4%d0%b8%d1%81%d0%bf%d0%bb%d0%b5%d1%8f-kugoo-s1-s2-s3-pro","status":"publish","type":"product","link":"https:\/\/www.xn--tuksimaailm-ffb.ee\/ru\/\u043f\u0440\u043e\u0434\u0443\u043a\u0442\/%d0%ba%d0%be%d1%80%d0%bf%d1%83%d1%81-%d1%8d%d0%ba%d1%80%d0%b0%d0%bd%d0%b0-%d0%b4%d0%b8%d1%81%d0%bf%d0%bb%d0%b5%d1%8f-kugoo-s1-s2-s3-pro\/","title":{"rendered":"\u041a\u043e\u0440\u043f\u0443\u0441 \u044d\u043a\u0440\u0430\u043d\u0430\/\u0434\u0438\u0441\u043f\u043b\u0435\u044f Kugoo S1 \/ S2 \/ S3 Pro"},"content":{"rendered":"<p>\u041a\u043e\u0440\u043f\u0443\u0441 \u044d\u043a\u0440\u0430\u043d\u0430\/\u0434\u0438\u0441\u043f\u043b\u0435\u044f Kugoo S1 \/ S2 \/ S3 Pro, \u043f\u043b\u0430\u0441\u0442\u0438\u043a, <b><strong>\u0447\u0435\u0440\u043d\u044b\u0439<\/strong><\/b>. \u041a\u043e\u0440\u043f\u0443\u0441 \u044d\u043a\u0440\u0430\u043d\u0430\/\u0434\u0438\u0441\u043f\u043b\u0435\u044f Kugoo S1 \/ S2 \/ S3 Pro \u043f\u043e\u0434\u0445\u043e\u0434\u0438\u0442 \u0434\u043b\u044f \u043f\u043e\u043f\u0443\u043b\u044f\u0440\u043d\u044b\u0445 \u0432 \u042d\u0441\u0442\u043e\u043d\u0438\u0438 \u044d\u043b\u0435\u043a\u0442\u0440\u043e\u0441\u043a\u0443\u0442\u0435\u0440\u043e\u0432 <a href=\"https:\/\/www.deepl.com\/en\/%C2%ABhttps:\/\/kugoo.eu\/products\/kugoo-s1-folding-electric-scooter-350w-motor-lcd-display-screen-3-speed-modes-max-30km-h-black?variant=31558894157917%C2%BB\"><b><strong>Kugoo S1<\/strong><\/b><\/a><b><strong>, Kugoo S3<\/strong><\/b>, \u0430 \u0442\u0430\u043a\u0436\u0435 \u0434\u043b\u044f Pro-\u0432\u0435\u0440\u0441\u0438\u0439 \u044d\u0442\u0438\u0445 \u044d\u043b\u0435\u043a\u0442\u0440\u043e\u0441\u043a\u0443\u0442\u0435\u0440\u043e\u0432<a href=\"https:\/\/www.deepl.com\/en\/%C2%ABhttps:\/\/kugoo.eu\/products\/kugoo-s1-pro-folding-electric-scooter-350w-motor-lcd-display-screen-3-speed-modes-max-30km-h-black-white?variant=31795194560605%C2%BB\"><b><strong> Kugoo S1 Pro<\/strong><\/b><\/a> \u0438<b><strong>Kugoo S3 Pro.<\/strong><\/b> \u0415\u0441\u043b\u0438 \u0440\u0435\u043c\u043e\u043d\u0442 \u044d\u043b\u0435\u043a\u0442\u0440\u043e\u0441\u0430\u043c\u043e\u043a\u0430\u0442\u0430 Kugoo \u0438\u043b\u0438 \u0437\u0430\u043c\u0435\u043d\u0430 \u043a\u043e\u0440\u043f\u0443\u0441\u0430 \u044d\u043a\u0440\u0430\u043d\u0430 - \u0441\u043b\u0438\u0448\u043a\u043e\u043c \u0441\u043b\u043e\u0436\u043d\u0430\u044f \u0437\u0430\u0434\u0430\u0447\u0430 \u0434\u043b\u044f \u0432\u0430\u0441, \u0432\u0430\u043c \u043f\u043e\u043c\u043e\u0436\u0435\u0442 \u043d\u0430\u0448\u0430 \u0441\u043f\u0435\u0446\u0438\u0430\u043b\u0438\u0437\u0438\u0440\u043e\u0432\u0430\u043d\u043d\u0430\u044f <a href=\"http:\/\/www.xn--tuksimaailm-ffb.ee\/elektrilise-toukeratta-remont\/\">\u043c\u0430\u0441\u0442\u0435\u0440\u0441\u043a\u0430\u044f \u043f\u043e<\/a> \u0440\u0435\u043c\u043e\u043d\u0442\u0443 \u044d\u043b\u0435\u043a\u0442\u0440\u043e\u0441\u0430\u043c\u043e\u043a\u0430\u0442\u043e\u0432.<\/p>\n","protected":false},"excerpt":{"rendered":"<p>\u041a\u043e\u0440\u043f\u0443\u0441 \u044d\u043a\u0440\u0430\u043d\u0430\/\u0434\u0438\u0441\u043f\u043b\u0435\u044f Kugoo S1 \/ S2 \/ S3 Pro, \u043f\u043b\u0430\u0441\u0442\u0438\u043a, \u0447\u0435\u0440\u043d\u044b\u0439. \u041a\u043e\u0440\u043f\u0443\u0441 \u044d\u043a\u0440\u0430\u043d\u0430\/\u0434\u0438\u0441\u043f\u043b\u0435\u044f Kugoo S1 \/ S2 \/ S3 Pro \u043f\u043e\u0434\u0445\u043e\u0434\u0438\u0442 \u0434\u043b\u044f \u043f\u043e\u043f\u0443\u043b\u044f\u0440\u043d\u044b\u0445 \u0432 \u042d\u0441\u0442\u043e\u043d\u0438\u0438 \u044d\u043b\u0435\u043a\u0442\u0440\u043e\u0441\u043a\u0443\u0442\u0435\u0440\u043e\u0432 Kugoo S1, Kugoo S3, \u0430 \u0442\u0430\u043a\u0436\u0435 \u0434\u043b\u044f Pro-\u0432\u0435\u0440\u0441\u0438\u0439 \u044d\u0442\u0438\u0445 \u044d\u043b\u0435\u043a\u0442\u0440\u043e\u0441\u043a\u0443\u0442\u0435\u0440\u043e\u0432 Kugoo S1 Pro \u0438Kugoo S3 Pro. \u0415\u0441\u043b\u0438 \u0440\u0435\u043c\u043e\u043d\u0442 \u044d\u043b\u0435\u043a\u0442\u0440\u043e\u0441\u0430\u043c\u043e\u043a\u0430\u0442\u0430 Kugoo \u0438\u043b\u0438 \u0437\u0430\u043c\u0435\u043d\u0430 \u043a\u043e\u0440\u043f\u0443\u0441\u0430 \u044d\u043a\u0440\u0430\u043d\u0430 &hellip;<\/p>\n","protected":false},"featured_media":13318,"template":"","meta":[],"product_brand":[],"product_cat":[757],"product_tag":[],"filter_elektritoukeratas":[2649,2650,2651],"class_list":{"0":"post-54519","1":"product","2":"type-product","3":"status-publish","4":"has-post-thumbnail","6":"product_cat-757","7":"filter_elektritoukeratas-ft_kugoo_s1_s1_plus_s1_pro_s1_max","8":"filter_elektritoukeratas-ft_kugoo_s2_s2_pro","9":"filter_elektritoukeratas-ft_kugoo_s3_s3_plus_s3_pro","11":"first","12":"instock","13":"taxable","14":"shipping-taxable","15":"purchasable","16":"product-type-simple"},"yoast_head":"<!-- This site is optimized with the Yoast SEO Premium plugin v26.8 (Yoast SEO v27.3) - https:\/\/yoast.com\/product\/yoast-seo-premium-wordpress\/ -->\n<title>\u041a\u043e\u0440\u043f\u0443\u0441 \u044d\u043a\u0440\u0430\u043d\u0430\/\u0434\u0438\u0441\u043f\u043b\u0435\u044f Kugoo S1 \/ S2 \/ S3 Pro &#8212; T\u00f5uksimaailm<\/title>\n<meta name=\"robots\" content=\"index, follow, max-snippet:-1, max-image-preview:large, max-video-preview:-1\" \/>\n<link rel=\"canonical\" href=\"https:\/\/www.xn--tuksimaailm-ffb.ee\/ru\/\u043f\u0440\u043e\u0434\u0443\u043a\u0442\/%d0%ba%d0%be%d1%80%d0%bf%d1%83%d1%81-%d1%8d%d0%ba%d1%80%d0%b0%d0%bd%d0%b0-%d0%b4%d0%b8%d1%81%d0%bf%d0%bb%d0%b5%d1%8f-kugoo-s1-s2-s3-pro\/\" \/>\n<meta property=\"og:locale\" content=\"ru_RU\" \/>\n<meta property=\"og:type\" content=\"article\" \/>\n<meta property=\"og:title\" content=\"\u041a\u043e\u0440\u043f\u0443\u0441 \u044d\u043a\u0440\u0430\u043d\u0430\/\u0434\u0438\u0441\u043f\u043b\u0435\u044f Kugoo S1 \/ S2 \/ S3 Pro\" \/>\n<meta property=\"og:description\" content=\"\u041a\u043e\u0440\u043f\u0443\u0441 \u044d\u043a\u0440\u0430\u043d\u0430\/\u0434\u0438\u0441\u043f\u043b\u0435\u044f Kugoo S1 \/ S2 \/ S3 Pro, \u043f\u043b\u0430\u0441\u0442\u0438\u043a, \u0447\u0435\u0440\u043d\u044b\u0439. \u041a\u043e\u0440\u043f\u0443\u0441 \u044d\u043a\u0440\u0430\u043d\u0430\/\u0434\u0438\u0441\u043f\u043b\u0435\u044f Kugoo S1 \/ S2 \/ S3 Pro \u043f\u043e\u0434\u0445\u043e\u0434\u0438\u0442 \u0434\u043b\u044f \u043f\u043e\u043f\u0443\u043b\u044f\u0440\u043d\u044b\u0445 \u0432 \u042d\u0441\u0442\u043e\u043d\u0438\u0438 \u044d\u043b\u0435\u043a\u0442\u0440\u043e\u0441\u043a\u0443\u0442\u0435\u0440\u043e\u0432 Kugoo S1, Kugoo S3, \u0430 \u0442\u0430\u043a\u0436\u0435 \u0434\u043b\u044f Pro-\u0432\u0435\u0440\u0441\u0438\u0439 \u044d\u0442\u0438\u0445 \u044d\u043b\u0435\u043a\u0442\u0440\u043e\u0441\u043a\u0443\u0442\u0435\u0440\u043e\u0432 Kugoo S1 Pro \u0438Kugoo S3 Pro. \u0415\u0441\u043b\u0438 \u0440\u0435\u043c\u043e\u043d\u0442 \u044d\u043b\u0435\u043a\u0442\u0440\u043e\u0441\u0430\u043c\u043e\u043a\u0430\u0442\u0430 Kugoo \u0438\u043b\u0438 \u0437\u0430\u043c\u0435\u043d\u0430 \u043a\u043e\u0440\u043f\u0443\u0441\u0430 \u044d\u043a\u0440\u0430\u043d\u0430 &hellip;\" \/>\n<meta property=\"og:url\" content=\"https:\/\/www.xn--tuksimaailm-ffb.ee\/ru\/\u043f\u0440\u043e\u0434\u0443\u043a\u0442\/%d0%ba%d0%be%d1%80%d0%bf%d1%83%d1%81-%d1%8d%d0%ba%d1%80%d0%b0%d0%bd%d0%b0-%d0%b4%d0%b8%d1%81%d0%bf%d0%bb%d0%b5%d1%8f-kugoo-s1-s2-s3-pro\/\" \/>\n<meta property=\"og:site_name\" content=\"T\u00f5uksimaailm\" \/>\n<meta property=\"article:publisher\" content=\"https:\/\/www.facebook.com\/touksimaailm\/\" \/>\n<meta property=\"og:image\" content=\"https:\/\/www.xn--tuksimaailm-ffb.ee\/wp-content\/uploads\/2021\/01\/kugoo-dp-1.jpg\" \/>\n\t<meta property=\"og:image:width\" content=\"886\" \/>\n\t<meta property=\"og:image:height\" content=\"796\" \/>\n\t<meta property=\"og:image:type\" content=\"image\/jpeg\" \/>\n<meta name=\"twitter:card\" content=\"summary_large_image\" \/>\n<meta name=\"twitter:label1\" content=\"\u0426\u0435\u043d\u0430\" \/>\n\t<meta name=\"twitter:data1\" content=\"&euro;25.00\" \/>\n\t<meta name=\"twitter:label2\" content=\"\u0414\u043e\u0441\u0442\u0443\u043f\u043d\u043e\u0441\u0442\u044c\" \/>\n\t<meta name=\"twitter:data2\" content=\"\u0412 \u043d\u0430\u043b\u0438\u0447\u0438\u0438\" \/>\n<meta property=\"product:price:amount\" content=\"25.00\" \/>\n<meta property=\"product:price:currency\" content=\"EUR\" \/>\n<meta property=\"og:availability\" content=\"instock\" \/>\n<meta property=\"product:availability\" content=\"instock\" \/>\n<meta property=\"product:condition\" content=\"new\" \/>\n<!-- \/ Yoast SEO Premium plugin. -->","yoast_head_json":{"title":"\u041a\u043e\u0440\u043f\u0443\u0441 \u044d\u043a\u0440\u0430\u043d\u0430\/\u0434\u0438\u0441\u043f\u043b\u0435\u044f Kugoo S1 \/ S2 \/ S3 Pro &#8212; T\u00f5uksimaailm","robots":{"index":"index","follow":"follow","max-snippet":"max-snippet:-1","max-image-preview":"max-image-preview:large","max-video-preview":"max-video-preview:-1"},"canonical":"https:\/\/www.xn--tuksimaailm-ffb.ee\/ru\/\u043f\u0440\u043e\u0434\u0443\u043a\u0442\/%d0%ba%d0%be%d1%80%d0%bf%d1%83%d1%81-%d1%8d%d0%ba%d1%80%d0%b0%d0%bd%d0%b0-%d0%b4%d0%b8%d1%81%d0%bf%d0%bb%d0%b5%d1%8f-kugoo-s1-s2-s3-pro\/","og_locale":"ru_RU","og_type":"article","og_title":"\u041a\u043e\u0440\u043f\u0443\u0441 \u044d\u043a\u0440\u0430\u043d\u0430\/\u0434\u0438\u0441\u043f\u043b\u0435\u044f Kugoo S1 \/ S2 \/ S3 Pro","og_description":"\u041a\u043e\u0440\u043f\u0443\u0441 \u044d\u043a\u0440\u0430\u043d\u0430\/\u0434\u0438\u0441\u043f\u043b\u0435\u044f Kugoo S1 \/ S2 \/ S3 Pro, \u043f\u043b\u0430\u0441\u0442\u0438\u043a, \u0447\u0435\u0440\u043d\u044b\u0439. \u041a\u043e\u0440\u043f\u0443\u0441 \u044d\u043a\u0440\u0430\u043d\u0430\/\u0434\u0438\u0441\u043f\u043b\u0435\u044f Kugoo S1 \/ S2 \/ S3 Pro \u043f\u043e\u0434\u0445\u043e\u0434\u0438\u0442 \u0434\u043b\u044f \u043f\u043e\u043f\u0443\u043b\u044f\u0440\u043d\u044b\u0445 \u0432 \u042d\u0441\u0442\u043e\u043d\u0438\u0438 \u044d\u043b\u0435\u043a\u0442\u0440\u043e\u0441\u043a\u0443\u0442\u0435\u0440\u043e\u0432 Kugoo S1, Kugoo S3, \u0430 \u0442\u0430\u043a\u0436\u0435 \u0434\u043b\u044f Pro-\u0432\u0435\u0440\u0441\u0438\u0439 \u044d\u0442\u0438\u0445 \u044d\u043b\u0435\u043a\u0442\u0440\u043e\u0441\u043a\u0443\u0442\u0435\u0440\u043e\u0432 Kugoo S1 Pro \u0438Kugoo S3 Pro. \u0415\u0441\u043b\u0438 \u0440\u0435\u043c\u043e\u043d\u0442 \u044d\u043b\u0435\u043a\u0442\u0440\u043e\u0441\u0430\u043c\u043e\u043a\u0430\u0442\u0430 Kugoo \u0438\u043b\u0438 \u0437\u0430\u043c\u0435\u043d\u0430 \u043a\u043e\u0440\u043f\u0443\u0441\u0430 \u044d\u043a\u0440\u0430\u043d\u0430 &hellip;","og_url":"https:\/\/www.xn--tuksimaailm-ffb.ee\/ru\/\u043f\u0440\u043e\u0434\u0443\u043a\u0442\/%d0%ba%d0%be%d1%80%d0%bf%d1%83%d1%81-%d1%8d%d0%ba%d1%80%d0%b0%d0%bd%d0%b0-%d0%b4%d0%b8%d1%81%d0%bf%d0%bb%d0%b5%d1%8f-kugoo-s1-s2-s3-pro\/","og_site_name":"T\u00f5uksimaailm","article_publisher":"https:\/\/www.facebook.com\/touksimaailm\/","og_image":[{"width":886,"height":796,"url":"https:\/\/www.xn--tuksimaailm-ffb.ee\/wp-content\/uploads\/2021\/01\/kugoo-dp-1.jpg","type":"image\/jpeg"}],"twitter_card":"summary_large_image","twitter_misc":{"\u0426\u0435\u043d\u0430":"&euro;25.00","\u0414\u043e\u0441\u0442\u0443\u043f\u043d\u043e\u0441\u0442\u044c":"\u0412 \u043d\u0430\u043b\u0438\u0447\u0438\u0438"},"schema":{"@context":"https:\/\/schema.org","@graph":[{"@type":"WebPage","@id":"https:\/\/www.xn--tuksimaailm-ffb.ee\/ru\/\u043f\u0440\u043e\u0434\u0443\u043a\u0442\/%d0%ba%d0%be%d1%80%d0%bf%d1%83%d1%81-%d1%8d%d0%ba%d1%80%d0%b0%d0%bd%d0%b0-%d0%b4%d0%b8%d1%81%d0%bf%d0%bb%d0%b5%d1%8f-kugoo-s1-s2-s3-pro\/","url":"https:\/\/www.xn--tuksimaailm-ffb.ee\/ru\/\u043f\u0440\u043e\u0434\u0443\u043a\u0442\/%d0%ba%d0%be%d1%80%d0%bf%d1%83%d1%81-%d1%8d%d0%ba%d1%80%d0%b0%d0%bd%d0%b0-%d0%b4%d0%b8%d1%81%d0%bf%d0%bb%d0%b5%d1%8f-kugoo-s1-s2-s3-pro\/","name":"\u041a\u043e\u0440\u043f\u0443\u0441 \u044d\u043a\u0440\u0430\u043d\u0430\/\u0434\u0438\u0441\u043f\u043b\u0435\u044f Kugoo S1 \/ S2 \/ S3 Pro &#8212; T\u00f5uksimaailm","isPartOf":{"@id":"https:\/\/www.xn--tuksimaailm-ffb.ee\/ru\/#website"},"primaryImageOfPage":{"@id":"https:\/\/www.xn--tuksimaailm-ffb.ee\/ru\/\u043f\u0440\u043e\u0434\u0443\u043a\u0442\/%d0%ba%d0%be%d1%80%d0%bf%d1%83%d1%81-%d1%8d%d0%ba%d1%80%d0%b0%d0%bd%d0%b0-%d0%b4%d0%b8%d1%81%d0%bf%d0%bb%d0%b5%d1%8f-kugoo-s1-s2-s3-pro\/#primaryimage"},"image":{"@id":"https:\/\/www.xn--tuksimaailm-ffb.ee\/ru\/\u043f\u0440\u043e\u0434\u0443\u043a\u0442\/%d0%ba%d0%be%d1%80%d0%bf%d1%83%d1%81-%d1%8d%d0%ba%d1%80%d0%b0%d0%bd%d0%b0-%d0%b4%d0%b8%d1%81%d0%bf%d0%bb%d0%b5%d1%8f-kugoo-s1-s2-s3-pro\/#primaryimage"},"thumbnailUrl":"https:\/\/www.xn--tuksimaailm-ffb.ee\/wp-content\/uploads\/2021\/01\/kugoo-dp-1.jpg","datePublished":"2021-01-30T11:49:55+00:00","breadcrumb":{"@id":"https:\/\/www.xn--tuksimaailm-ffb.ee\/ru\/\u043f\u0440\u043e\u0434\u0443\u043a\u0442\/%d0%ba%d0%be%d1%80%d0%bf%d1%83%d1%81-%d1%8d%d0%ba%d1%80%d0%b0%d0%bd%d0%b0-%d0%b4%d0%b8%d1%81%d0%bf%d0%bb%d0%b5%d1%8f-kugoo-s1-s2-s3-pro\/#breadcrumb"},"inLanguage":"ru-RU","potentialAction":[{"@type":"ReadAction","target":["https:\/\/www.xn--tuksimaailm-ffb.ee\/ru\/\u043f\u0440\u043e\u0434\u0443\u043a\u0442\/%d0%ba%d0%be%d1%80%d0%bf%d1%83%d1%81-%d1%8d%d0%ba%d1%80%d0%b0%d0%bd%d0%b0-%d0%b4%d0%b8%d1%81%d0%bf%d0%bb%d0%b5%d1%8f-kugoo-s1-s2-s3-pro\/"]}]},{"@type":"ImageObject","inLanguage":"ru-RU","@id":"https:\/\/www.xn--tuksimaailm-ffb.ee\/ru\/\u043f\u0440\u043e\u0434\u0443\u043a\u0442\/%d0%ba%d0%be%d1%80%d0%bf%d1%83%d1%81-%d1%8d%d0%ba%d1%80%d0%b0%d0%bd%d0%b0-%d0%b4%d0%b8%d1%81%d0%bf%d0%bb%d0%b5%d1%8f-kugoo-s1-s2-s3-pro\/#primaryimage","url":"https:\/\/www.xn--tuksimaailm-ffb.ee\/wp-content\/uploads\/2021\/01\/kugoo-dp-1.jpg","contentUrl":"https:\/\/www.xn--tuksimaailm-ffb.ee\/wp-content\/uploads\/2021\/01\/kugoo-dp-1.jpg","width":886,"height":796},{"@type":"BreadcrumbList","@id":"https:\/\/www.xn--tuksimaailm-ffb.ee\/ru\/\u043f\u0440\u043e\u0434\u0443\u043a\u0442\/%d0%ba%d0%be%d1%80%d0%bf%d1%83%d1%81-%d1%8d%d0%ba%d1%80%d0%b0%d0%bd%d0%b0-%d0%b4%d0%b8%d1%81%d0%bf%d0%bb%d0%b5%d1%8f-kugoo-s1-s2-s3-pro\/#breadcrumb","itemListElement":[{"@type":"ListItem","position":1,"name":"Home","item":"https:\/\/www.xn--tuksimaailm-ffb.ee\/ru\/frontpage\/"},{"@type":"ListItem","position":2,"name":"\u041c\u0410\u0413\u0410\u0417\u0418\u041d","item":"https:\/\/www.xn--tuksimaailm-ffb.ee\/elektritoukerataste-pood\/"},{"@type":"ListItem","position":3,"name":"\u041a\u043e\u0440\u043f\u0443\u0441 \u044d\u043a\u0440\u0430\u043d\u0430\/\u0434\u0438\u0441\u043f\u043b\u0435\u044f Kugoo S1 \/ S2 \/ S3 Pro"}]},{"@type":"WebSite","@id":"https:\/\/www.xn--tuksimaailm-ffb.ee\/ru\/#website","url":"https:\/\/www.xn--tuksimaailm-ffb.ee\/ru\/","name":"T\u00f5uksimaailm","description":"Elektrit\u00f5ukerataste m\u00fc\u00fck, remont ja rent","publisher":{"@id":"https:\/\/www.xn--tuksimaailm-ffb.ee\/ru\/#organization"},"potentialAction":[{"@type":"SearchAction","target":{"@type":"EntryPoint","urlTemplate":"https:\/\/www.xn--tuksimaailm-ffb.ee\/ru\/?s={search_term_string}"},"query-input":{"@type":"PropertyValueSpecification","valueRequired":true,"valueName":"search_term_string"}}],"inLanguage":"ru-RU"},{"@type":"Organization","@id":"https:\/\/www.xn--tuksimaailm-ffb.ee\/ru\/#organization","name":"T\u00f5uksimaailm","url":"https:\/\/www.xn--tuksimaailm-ffb.ee\/ru\/","logo":{"@type":"ImageObject","inLanguage":"ru-RU","@id":"https:\/\/www.xn--tuksimaailm-ffb.ee\/ru\/#\/schema\/logo\/image\/","url":"https:\/\/www.xn--tuksimaailm-ffb.ee\/wp-content\/uploads\/2020\/01\/logoz-e1579792875517.png","contentUrl":"https:\/\/www.xn--tuksimaailm-ffb.ee\/wp-content\/uploads\/2020\/01\/logoz-e1579792875517.png","width":250,"height":250,"caption":"T\u00f5uksimaailm"},"image":{"@id":"https:\/\/www.xn--tuksimaailm-ffb.ee\/ru\/#\/schema\/logo\/image\/"},"sameAs":["https:\/\/www.facebook.com\/touksimaailm\/","https:\/\/www.instagram.com\/touksimaailm_\/","https:\/\/www.youtube.com\/channel\/UC18ml0EKIDLP1xGuQjFzcXQ"]}]},"product_price_amount":"25.00","product_price_currency":"EUR","og_availability":"instock","product_availability":"instock","product_condition":"new"},"jetpack_sharing_enabled":true,"_links":{"self":[{"href":"https:\/\/www.xn--tuksimaailm-ffb.ee\/ru\/wp-json\/wp\/v2\/product\/54519","targetHints":{"allow":["GET"]}}],"collection":[{"href":"https:\/\/www.xn--tuksimaailm-ffb.ee\/ru\/wp-json\/wp\/v2\/product"}],"about":[{"href":"https:\/\/www.xn--tuksimaailm-ffb.ee\/ru\/wp-json\/wp\/v2\/types\/product"}],"wp:featuredmedia":[{"embeddable":true,"href":"https:\/\/www.xn--tuksimaailm-ffb.ee\/ru\/wp-json\/wp\/v2\/media\/13318"}],"wp:attachment":[{"href":"https:\/\/www.xn--tuksimaailm-ffb.ee\/ru\/wp-json\/wp\/v2\/media?parent=54519"}],"wp:term":[{"taxonomy":"product_brand","embeddable":true,"href":"https:\/\/www.xn--tuksimaailm-ffb.ee\/ru\/wp-json\/wp\/v2\/product_brand?post=54519"},{"taxonomy":"product_cat","embeddable":true,"href":"https:\/\/www.xn--tuksimaailm-ffb.ee\/ru\/wp-json\/wp\/v2\/product_cat?post=54519"},{"taxonomy":"product_tag","embeddable":true,"href":"https:\/\/www.xn--tuksimaailm-ffb.ee\/ru\/wp-json\/wp\/v2\/product_tag?post=54519"},{"taxonomy":"filter_elektritoukeratas","embeddable":true,"href":"https:\/\/www.xn--tuksimaailm-ffb.ee\/ru\/wp-json\/wp\/v2\/filter_elektritoukeratas?post=54519"}],"curies":[{"name":"wp","href":"https:\/\/api.w.org\/{rel}","templated":true}]}}