{"id":54520,"date":"2021-01-30T14:34:59","date_gmt":"2021-01-30T11:34:59","guid":{"rendered":"http:\/\/www.xn--tuksimaailm-ffb.ee\/shop\/%d0%b2%d0%be%d1%80%d0%be%d1%82%d0%bd%d0%b8%d0%ba-%d0%b4%d0%bb%d1%8f-%d1%8d%d0%bb%d0%b5%d0%ba%d1%82%d1%80%d0%b8%d1%87%d0%b5%d1%81%d0%ba%d0%be%d0%b3%d0%be-%d1%81%d0%ba%d1%83%d1%82%d0%b5%d1%80%d0%b0-1-1\/"},"modified":"2021-01-30T14:34:59","modified_gmt":"2021-01-30T11:34:59","slug":"%d0%b2%d0%be%d1%80%d0%be%d1%82%d0%bd%d0%b8%d0%ba-%d0%b4%d0%bb%d1%8f-%d1%8d%d0%bb%d0%b5%d0%ba%d1%82%d1%80%d0%b8%d1%87%d0%b5%d1%81%d0%ba%d0%be%d0%b3%d0%be-%d1%81%d0%ba%d1%83%d1%82%d0%b5%d1%80%d0%b0-1-1","status":"publish","type":"product","link":"https:\/\/www.xn--tuksimaailm-ffb.ee\/ru\/\u043f\u0440\u043e\u0434\u0443\u043a\u0442\/%d0%b2%d0%be%d1%80%d0%be%d1%82%d0%bd%d0%b8%d0%ba-%d0%b4%d0%bb%d1%8f-%d1%8d%d0%bb%d0%b5%d0%ba%d1%82%d1%80%d0%b8%d1%87%d0%b5%d1%81%d0%ba%d0%be%d0%b3%d0%be-%d1%81%d0%ba%d1%83%d1%82%d0%b5%d1%80%d0%b0-1-1\/","title":{"rendered":"\u0412\u043e\u0440\u043e\u0442\u043d\u0438\u043a \u0434\u043b\u044f \u044d\u043b\u0435\u043a\u0442\u0440\u0438\u0447\u0435\u0441\u043a\u043e\u0433\u043e \u0441\u043a\u0443\u0442\u0435\u0440\u0430 1-1\/8\u00bb"},"content":{"rendered":"<p>\u041a\u043e\u0432\u0448 \u0448\u0435\u0438 \u0434\u043b\u044f \u044d\u043b\u0435\u043a\u0442\u0440\u043e\u0441\u043a\u0443\u0442\u0435\u0440\u0430 (\u0442\u0430\u043a\u0436\u0435 \u043a\u043e\u0432\u0448 \u0432\u0438\u043b\u043a\u0438, \u0431\u043e\u043b\u0442\/\u0432\u0438\u043d\u0442 \u0437\u0430\u0442\u044f\u0436\u043a\u0438 \u043a\u043e\u0432\u0448\u0430 \u0448\u0435\u0438), \u0432 \u043a\u043e\u043c\u043f\u043b\u0435\u043a\u0442\u0435 \u0441 <b><strong>\u043a\u043e\u0432\u0448\u043e\u043c \u0448\u0435\u0438 <\/strong><\/b>\u0438<b><strong> \u0431\u043e\u043b\u0442\u043e\u043c \u043a\u0440\u044b\u0448\u043a\u0438<\/strong><\/b>. \u041a\u043e\u0432\u0448 \u0434\u043b\u044f \u0448\u0435\u0438 \u044d\u043b\u0435\u043a\u0442\u0440\u043e\u0441\u043a\u0443\u0442\u0435\u0440\u0430 \u043f\u043e\u0434\u0445\u043e\u0434\u0438\u0442 \u043a\u043e \u0432\u0441\u0435\u043c \u0432\u0438\u043b\u043a\u0430\u043c \u044d\u043b\u0435\u043a\u0442\u0440\u043e\u0441\u043a\u0443\u0442\u0435\u0440\u0430 \u0434\u0438\u0430\u043c\u0435\u0442\u0440\u043e\u043c <b><strong>1-1\/8<\/strong><\/b> \u00bb, \u043a\u043e\u0442\u043e\u0440\u044b\u0435 \u0438\u0441\u043f\u043e\u043b\u044c\u0437\u0443\u044e\u0442 \u0441\u0438\u0441\u0442\u0435\u043c\u0443 \u0437\u0430\u0442\u044f\u0436\u043a\u0438 \u0448\u0435\u0438, \u0430\u043d\u0430\u043b\u043e\u0433\u0438\u0447\u043d\u0443\u044e <a href=\"https:\/\/en.wikipedia.org\/wiki\/Stem_(bicycle_part)\">Ahead Stem \u043d\u0430<\/a> \u0432\u0435\u043b\u043e\u0441\u0438\u043f\u0435\u0434\u0430\u0445 <a href=\"https:\/\/en.wikipedia.org\/wiki\/Stem_(bicycle_part)\">.<\/a> \u0412\u043d\u0443\u0442\u0440\u0435\u043d\u043d\u0438\u0439 \u043a\u043e\u043d\u0443\u0441 \u0432\u0438\u043b\u043a\u0438 \u043e\u0431\u044b\u0447\u043d\u043e \u043b\u043e\u043c\u0430\u0435\u0442\u0441\u044f, \u0435\u0441\u043b\u0438 \u043a\u043e\u043d\u0443\u0441\u043d\u044b\u0439 \u0448\u0442\u0438\u0444\u0442 \u0437\u0430\u0442\u044f\u043d\u0443\u0442 \u0441\u043b\u0438\u0448\u043a\u043e\u043c \u0442\u0443\u0433\u043e (\u0438\u0437-\u0437\u0430 \u043d\u0435\u043f\u0440\u0430\u0432\u0438\u043b\u044c\u043d\u043e\u0439 \u0442\u0435\u0445\u043d\u0438\u043a\u0438 \u0440\u0435\u0433\u0443\u043b\u0438\u0440\u043e\u0432\u043a\u0438 \u0448\u0435\u0439\u043d\u043e\u0433\u043e \u0445\u043e\u043c\u0443\u0442\u0430). \u0415\u0441\u043b\u0438 \u0432\u0430\u043c \u043d\u0443\u0436\u0435\u043d \u0440\u0435\u043c\u043e\u043d\u0442 \u044d\u043b\u0435\u043a\u0442\u0440\u043e\u0441\u043a\u0443\u0442\u0435\u0440\u0430 \u0438\u043b\u0438 \u0437\u0430\u043c\u0435\u043d\u0430 \u043e\u0431\u043e\u0439\u043c\u044b \u0432\u0438\u043b\u043a\u0438, \u043d\u0430\u0448\u0430 \u043e\u043f\u044b\u0442\u043d\u0430\u044f<a href=\"https:\/\/www.deepl.com\/en\/%C2%ABhttp:\/\/www.xn--tuksimaailm-ffb.ee\/elektrilise-toukeratta-remont\/%C2%BB\"><b><strong>\u043c\u0430\u0441\u0442\u0435\u0440\u0441\u043a\u0430\u044f \u044d\u043b\u0435\u043a\u0442\u0440\u043e\u0441\u043a\u0443\u0442\u0435\u0440\u043e\u0432\u0441\u043c\u043e\u0436\u0435\u0442<\/strong><\/b><\/a> \u0432\u0430\u043c \u043f\u043e\u043c\u043e\u0447\u044c.<\/p>\n","protected":false},"excerpt":{"rendered":"<p>\u041a\u043e\u0432\u0448 \u0448\u0435\u0438 \u0434\u043b\u044f \u044d\u043b\u0435\u043a\u0442\u0440\u043e\u0441\u043a\u0443\u0442\u0435\u0440\u0430 (\u0442\u0430\u043a\u0436\u0435 \u043a\u043e\u0432\u0448 \u0432\u0438\u043b\u043a\u0438, \u0431\u043e\u043b\u0442\/\u0432\u0438\u043d\u0442 \u0437\u0430\u0442\u044f\u0436\u043a\u0438 \u043a\u043e\u0432\u0448\u0430 \u0448\u0435\u0438), \u0432 \u043a\u043e\u043c\u043f\u043b\u0435\u043a\u0442\u0435 \u0441 \u043a\u043e\u0432\u0448\u043e\u043c \u0448\u0435\u0438 \u0438 \u0431\u043e\u043b\u0442\u043e\u043c \u043a\u0440\u044b\u0448\u043a\u0438. \u041a\u043e\u0432\u0448 \u0434\u043b\u044f \u0448\u0435\u0438 \u044d\u043b\u0435\u043a\u0442\u0440\u043e\u0441\u043a\u0443\u0442\u0435\u0440\u0430 \u043f\u043e\u0434\u0445\u043e\u0434\u0438\u0442 \u043a\u043e \u0432\u0441\u0435\u043c \u0432\u0438\u043b\u043a\u0430\u043c \u044d\u043b\u0435\u043a\u0442\u0440\u043e\u0441\u043a\u0443\u0442\u0435\u0440\u0430 \u0434\u0438\u0430\u043c\u0435\u0442\u0440\u043e\u043c 1-1\/8 \u00bb, \u043a\u043e\u0442\u043e\u0440\u044b\u0435 \u0438\u0441\u043f\u043e\u043b\u044c\u0437\u0443\u044e\u0442 \u0441\u0438\u0441\u0442\u0435\u043c\u0443 \u0437\u0430\u0442\u044f\u0436\u043a\u0438 \u0448\u0435\u0438, \u0430\u043d\u0430\u043b\u043e\u0433\u0438\u0447\u043d\u0443\u044e Ahead Stem \u043d\u0430 \u0432\u0435\u043b\u043e\u0441\u0438\u043f\u0435\u0434\u0430\u0445 . \u0412\u043d\u0443\u0442\u0440\u0435\u043d\u043d\u0438\u0439 \u043a\u043e\u043d\u0443\u0441 \u0432\u0438\u043b\u043a\u0438 \u043e\u0431\u044b\u0447\u043d\u043e \u043b\u043e\u043c\u0430\u0435\u0442\u0441\u044f, \u0435\u0441\u043b\u0438 \u043a\u043e\u043d\u0443\u0441\u043d\u044b\u0439 \u0448\u0442\u0438\u0444\u0442 &hellip;<\/p>\n","protected":false},"featured_media":13314,"template":"","meta":[],"product_brand":[],"product_cat":[757],"product_tag":[1530],"filter_elektritoukeratas":[2637,2613,2619,2612],"class_list":{"0":"post-54520","1":"product","2":"type-product","3":"status-publish","4":"has-post-thumbnail","6":"product_cat-757","7":"product_tag-universaalsed-elektritoukeratta-varuosad-ru","8":"pa_tootetuup-universaalsed-elektritoukeratta-varuosad-ru","9":"filter_elektritoukeratas-ft_segway_ninebot_max_g30p_g30le_g30e_ii_g30lp_ii","10":"filter_elektritoukeratas-ft_xiaomi_1s_mi3_pro_2_3_lite","11":"filter_elektritoukeratas-ft_xiaomi_4_4_lite_4_pro","12":"filter_elektritoukeratas-ft_xiaomi_m365_m365_pro_essential","14":"first","15":"instock","16":"taxable","17":"shipping-taxable","18":"purchasable","19":"product-type-simple"},"yoast_head":"<!-- This site is optimized with the Yoast SEO Premium plugin v26.8 (Yoast SEO v27.5) - https:\/\/yoast.com\/product\/yoast-seo-premium-wordpress\/ -->\n<title>\u0412\u043e\u0440\u043e\u0442\u043d\u0438\u043a \u0434\u043b\u044f \u044d\u043b\u0435\u043a\u0442\u0440\u0438\u0447\u0435\u0441\u043a\u043e\u0433\u043e \u0441\u043a\u0443\u0442\u0435\u0440\u0430 1-1\/8\u00bb &#8212; T\u00f5uksimaailm<\/title>\n<meta name=\"robots\" content=\"index, follow, max-snippet:-1, max-image-preview:large, max-video-preview:-1\" \/>\n<link rel=\"canonical\" href=\"https:\/\/www.xn--tuksimaailm-ffb.ee\/ru\/\u043f\u0440\u043e\u0434\u0443\u043a\u0442\/%d0%b2%d0%be%d1%80%d0%be%d1%82%d0%bd%d0%b8%d0%ba-%d0%b4%d0%bb%d1%8f-%d1%8d%d0%bb%d0%b5%d0%ba%d1%82%d1%80%d0%b8%d1%87%d0%b5%d1%81%d0%ba%d0%be%d0%b3%d0%be-%d1%81%d0%ba%d1%83%d1%82%d0%b5%d1%80%d0%b0-1-1\/\" \/>\n<meta property=\"og:locale\" content=\"ru_RU\" \/>\n<meta property=\"og:type\" content=\"article\" \/>\n<meta property=\"og:title\" content=\"\u0412\u043e\u0440\u043e\u0442\u043d\u0438\u043a \u0434\u043b\u044f \u044d\u043b\u0435\u043a\u0442\u0440\u0438\u0447\u0435\u0441\u043a\u043e\u0433\u043e \u0441\u043a\u0443\u0442\u0435\u0440\u0430 1-1\/8\u00bb\" \/>\n<meta property=\"og:description\" content=\"\u041a\u043e\u0432\u0448 \u0448\u0435\u0438 \u0434\u043b\u044f \u044d\u043b\u0435\u043a\u0442\u0440\u043e\u0441\u043a\u0443\u0442\u0435\u0440\u0430 (\u0442\u0430\u043a\u0436\u0435 \u043a\u043e\u0432\u0448 \u0432\u0438\u043b\u043a\u0438, \u0431\u043e\u043b\u0442\/\u0432\u0438\u043d\u0442 \u0437\u0430\u0442\u044f\u0436\u043a\u0438 \u043a\u043e\u0432\u0448\u0430 \u0448\u0435\u0438), \u0432 \u043a\u043e\u043c\u043f\u043b\u0435\u043a\u0442\u0435 \u0441 \u043a\u043e\u0432\u0448\u043e\u043c \u0448\u0435\u0438 \u0438 \u0431\u043e\u043b\u0442\u043e\u043c \u043a\u0440\u044b\u0448\u043a\u0438. \u041a\u043e\u0432\u0448 \u0434\u043b\u044f \u0448\u0435\u0438 \u044d\u043b\u0435\u043a\u0442\u0440\u043e\u0441\u043a\u0443\u0442\u0435\u0440\u0430 \u043f\u043e\u0434\u0445\u043e\u0434\u0438\u0442 \u043a\u043e \u0432\u0441\u0435\u043c \u0432\u0438\u043b\u043a\u0430\u043c \u044d\u043b\u0435\u043a\u0442\u0440\u043e\u0441\u043a\u0443\u0442\u0435\u0440\u0430 \u0434\u0438\u0430\u043c\u0435\u0442\u0440\u043e\u043c 1-1\/8 \u00bb, \u043a\u043e\u0442\u043e\u0440\u044b\u0435 \u0438\u0441\u043f\u043e\u043b\u044c\u0437\u0443\u044e\u0442 \u0441\u0438\u0441\u0442\u0435\u043c\u0443 \u0437\u0430\u0442\u044f\u0436\u043a\u0438 \u0448\u0435\u0438, \u0430\u043d\u0430\u043b\u043e\u0433\u0438\u0447\u043d\u0443\u044e Ahead Stem \u043d\u0430 \u0432\u0435\u043b\u043e\u0441\u0438\u043f\u0435\u0434\u0430\u0445 . \u0412\u043d\u0443\u0442\u0440\u0435\u043d\u043d\u0438\u0439 \u043a\u043e\u043d\u0443\u0441 \u0432\u0438\u043b\u043a\u0438 \u043e\u0431\u044b\u0447\u043d\u043e \u043b\u043e\u043c\u0430\u0435\u0442\u0441\u044f, \u0435\u0441\u043b\u0438 \u043a\u043e\u043d\u0443\u0441\u043d\u044b\u0439 \u0448\u0442\u0438\u0444\u0442 &hellip;\" \/>\n<meta property=\"og:url\" content=\"https:\/\/www.xn--tuksimaailm-ffb.ee\/ru\/\u043f\u0440\u043e\u0434\u0443\u043a\u0442\/%d0%b2%d0%be%d1%80%d0%be%d1%82%d0%bd%d0%b8%d0%ba-%d0%b4%d0%bb%d1%8f-%d1%8d%d0%bb%d0%b5%d0%ba%d1%82%d1%80%d0%b8%d1%87%d0%b5%d1%81%d0%ba%d0%be%d0%b3%d0%be-%d1%81%d0%ba%d1%83%d1%82%d0%b5%d1%80%d0%b0-1-1\/\" \/>\n<meta property=\"og:site_name\" content=\"T\u00f5uksimaailm\" \/>\n<meta property=\"article:publisher\" content=\"https:\/\/www.facebook.com\/touksimaailm\/\" \/>\n<meta property=\"og:image\" content=\"https:\/\/www.xn--tuksimaailm-ffb.ee\/wp-content\/uploads\/2021\/01\/kaelak\u00e4bi-1.jpg\" \/>\n\t<meta property=\"og:image:width\" content=\"666\" \/>\n\t<meta property=\"og:image:height\" content=\"580\" \/>\n\t<meta property=\"og:image:type\" content=\"image\/jpeg\" \/>\n<meta name=\"twitter:card\" content=\"summary_large_image\" \/>\n<meta name=\"twitter:label1\" content=\"\u0426\u0435\u043d\u0430\" \/>\n\t<meta name=\"twitter:data1\" content=\"&euro;5.00\" \/>\n\t<meta name=\"twitter:label2\" content=\"\u0414\u043e\u0441\u0442\u0443\u043f\u043d\u043e\u0441\u0442\u044c\" \/>\n\t<meta name=\"twitter:data2\" content=\"\u0412 \u043d\u0430\u043b\u0438\u0447\u0438\u0438\" \/>\n<meta property=\"product:price:amount\" content=\"5.00\" \/>\n<meta property=\"product:price:currency\" content=\"EUR\" \/>\n<meta property=\"og:availability\" content=\"instock\" \/>\n<meta property=\"product:availability\" content=\"instock\" \/>\n<meta property=\"product:condition\" content=\"new\" \/>\n<!-- \/ Yoast SEO Premium plugin. -->","yoast_head_json":{"title":"\u0412\u043e\u0440\u043e\u0442\u043d\u0438\u043a \u0434\u043b\u044f \u044d\u043b\u0435\u043a\u0442\u0440\u0438\u0447\u0435\u0441\u043a\u043e\u0433\u043e \u0441\u043a\u0443\u0442\u0435\u0440\u0430 1-1\/8\u00bb &#8212; T\u00f5uksimaailm","robots":{"index":"index","follow":"follow","max-snippet":"max-snippet:-1","max-image-preview":"max-image-preview:large","max-video-preview":"max-video-preview:-1"},"canonical":"https:\/\/www.xn--tuksimaailm-ffb.ee\/ru\/\u043f\u0440\u043e\u0434\u0443\u043a\u0442\/%d0%b2%d0%be%d1%80%d0%be%d1%82%d0%bd%d0%b8%d0%ba-%d0%b4%d0%bb%d1%8f-%d1%8d%d0%bb%d0%b5%d0%ba%d1%82%d1%80%d0%b8%d1%87%d0%b5%d1%81%d0%ba%d0%be%d0%b3%d0%be-%d1%81%d0%ba%d1%83%d1%82%d0%b5%d1%80%d0%b0-1-1\/","og_locale":"ru_RU","og_type":"article","og_title":"\u0412\u043e\u0440\u043e\u0442\u043d\u0438\u043a \u0434\u043b\u044f \u044d\u043b\u0435\u043a\u0442\u0440\u0438\u0447\u0435\u0441\u043a\u043e\u0433\u043e \u0441\u043a\u0443\u0442\u0435\u0440\u0430 1-1\/8\u00bb","og_description":"\u041a\u043e\u0432\u0448 \u0448\u0435\u0438 \u0434\u043b\u044f \u044d\u043b\u0435\u043a\u0442\u0440\u043e\u0441\u043a\u0443\u0442\u0435\u0440\u0430 (\u0442\u0430\u043a\u0436\u0435 \u043a\u043e\u0432\u0448 \u0432\u0438\u043b\u043a\u0438, \u0431\u043e\u043b\u0442\/\u0432\u0438\u043d\u0442 \u0437\u0430\u0442\u044f\u0436\u043a\u0438 \u043a\u043e\u0432\u0448\u0430 \u0448\u0435\u0438), \u0432 \u043a\u043e\u043c\u043f\u043b\u0435\u043a\u0442\u0435 \u0441 \u043a\u043e\u0432\u0448\u043e\u043c \u0448\u0435\u0438 \u0438 \u0431\u043e\u043b\u0442\u043e\u043c \u043a\u0440\u044b\u0448\u043a\u0438. \u041a\u043e\u0432\u0448 \u0434\u043b\u044f \u0448\u0435\u0438 \u044d\u043b\u0435\u043a\u0442\u0440\u043e\u0441\u043a\u0443\u0442\u0435\u0440\u0430 \u043f\u043e\u0434\u0445\u043e\u0434\u0438\u0442 \u043a\u043e \u0432\u0441\u0435\u043c \u0432\u0438\u043b\u043a\u0430\u043c \u044d\u043b\u0435\u043a\u0442\u0440\u043e\u0441\u043a\u0443\u0442\u0435\u0440\u0430 \u0434\u0438\u0430\u043c\u0435\u0442\u0440\u043e\u043c 1-1\/8 \u00bb, \u043a\u043e\u0442\u043e\u0440\u044b\u0435 \u0438\u0441\u043f\u043e\u043b\u044c\u0437\u0443\u044e\u0442 \u0441\u0438\u0441\u0442\u0435\u043c\u0443 \u0437\u0430\u0442\u044f\u0436\u043a\u0438 \u0448\u0435\u0438, \u0430\u043d\u0430\u043b\u043e\u0433\u0438\u0447\u043d\u0443\u044e Ahead Stem \u043d\u0430 \u0432\u0435\u043b\u043e\u0441\u0438\u043f\u0435\u0434\u0430\u0445 . \u0412\u043d\u0443\u0442\u0440\u0435\u043d\u043d\u0438\u0439 \u043a\u043e\u043d\u0443\u0441 \u0432\u0438\u043b\u043a\u0438 \u043e\u0431\u044b\u0447\u043d\u043e \u043b\u043e\u043c\u0430\u0435\u0442\u0441\u044f, \u0435\u0441\u043b\u0438 \u043a\u043e\u043d\u0443\u0441\u043d\u044b\u0439 \u0448\u0442\u0438\u0444\u0442 &hellip;","og_url":"https:\/\/www.xn--tuksimaailm-ffb.ee\/ru\/\u043f\u0440\u043e\u0434\u0443\u043a\u0442\/%d0%b2%d0%be%d1%80%d0%be%d1%82%d0%bd%d0%b8%d0%ba-%d0%b4%d0%bb%d1%8f-%d1%8d%d0%bb%d0%b5%d0%ba%d1%82%d1%80%d0%b8%d1%87%d0%b5%d1%81%d0%ba%d0%be%d0%b3%d0%be-%d1%81%d0%ba%d1%83%d1%82%d0%b5%d1%80%d0%b0-1-1\/","og_site_name":"T\u00f5uksimaailm","article_publisher":"https:\/\/www.facebook.com\/touksimaailm\/","og_image":[{"width":666,"height":580,"url":"https:\/\/www.xn--tuksimaailm-ffb.ee\/wp-content\/uploads\/2021\/01\/kaelak\u00e4bi-1.jpg","type":"image\/jpeg"}],"twitter_card":"summary_large_image","twitter_misc":{"\u0426\u0435\u043d\u0430":"&euro;5.00","\u0414\u043e\u0441\u0442\u0443\u043f\u043d\u043e\u0441\u0442\u044c":"\u0412 \u043d\u0430\u043b\u0438\u0447\u0438\u0438"},"schema":{"@context":"https:\/\/schema.org","@graph":[{"@type":"WebPage","@id":"https:\/\/www.xn--tuksimaailm-ffb.ee\/ru\/\u043f\u0440\u043e\u0434\u0443\u043a\u0442\/%d0%b2%d0%be%d1%80%d0%be%d1%82%d0%bd%d0%b8%d0%ba-%d0%b4%d0%bb%d1%8f-%d1%8d%d0%bb%d0%b5%d0%ba%d1%82%d1%80%d0%b8%d1%87%d0%b5%d1%81%d0%ba%d0%be%d0%b3%d0%be-%d1%81%d0%ba%d1%83%d1%82%d0%b5%d1%80%d0%b0-1-1\/","url":"https:\/\/www.xn--tuksimaailm-ffb.ee\/ru\/\u043f\u0440\u043e\u0434\u0443\u043a\u0442\/%d0%b2%d0%be%d1%80%d0%be%d1%82%d0%bd%d0%b8%d0%ba-%d0%b4%d0%bb%d1%8f-%d1%8d%d0%bb%d0%b5%d0%ba%d1%82%d1%80%d0%b8%d1%87%d0%b5%d1%81%d0%ba%d0%be%d0%b3%d0%be-%d1%81%d0%ba%d1%83%d1%82%d0%b5%d1%80%d0%b0-1-1\/","name":"\u0412\u043e\u0440\u043e\u0442\u043d\u0438\u043a \u0434\u043b\u044f \u044d\u043b\u0435\u043a\u0442\u0440\u0438\u0447\u0435\u0441\u043a\u043e\u0433\u043e \u0441\u043a\u0443\u0442\u0435\u0440\u0430 1-1\/8\u00bb &#8212; T\u00f5uksimaailm","isPartOf":{"@id":"https:\/\/www.xn--tuksimaailm-ffb.ee\/ru\/#website"},"primaryImageOfPage":{"@id":"https:\/\/www.xn--tuksimaailm-ffb.ee\/ru\/\u043f\u0440\u043e\u0434\u0443\u043a\u0442\/%d0%b2%d0%be%d1%80%d0%be%d1%82%d0%bd%d0%b8%d0%ba-%d0%b4%d0%bb%d1%8f-%d1%8d%d0%bb%d0%b5%d0%ba%d1%82%d1%80%d0%b8%d1%87%d0%b5%d1%81%d0%ba%d0%be%d0%b3%d0%be-%d1%81%d0%ba%d1%83%d1%82%d0%b5%d1%80%d0%b0-1-1\/#primaryimage"},"image":{"@id":"https:\/\/www.xn--tuksimaailm-ffb.ee\/ru\/\u043f\u0440\u043e\u0434\u0443\u043a\u0442\/%d0%b2%d0%be%d1%80%d0%be%d1%82%d0%bd%d0%b8%d0%ba-%d0%b4%d0%bb%d1%8f-%d1%8d%d0%bb%d0%b5%d0%ba%d1%82%d1%80%d0%b8%d1%87%d0%b5%d1%81%d0%ba%d0%be%d0%b3%d0%be-%d1%81%d0%ba%d1%83%d1%82%d0%b5%d1%80%d0%b0-1-1\/#primaryimage"},"thumbnailUrl":"https:\/\/www.xn--tuksimaailm-ffb.ee\/wp-content\/uploads\/2021\/01\/kaelak\u00e4bi-1.jpg","datePublished":"2021-01-30T11:34:59+00:00","breadcrumb":{"@id":"https:\/\/www.xn--tuksimaailm-ffb.ee\/ru\/\u043f\u0440\u043e\u0434\u0443\u043a\u0442\/%d0%b2%d0%be%d1%80%d0%be%d1%82%d0%bd%d0%b8%d0%ba-%d0%b4%d0%bb%d1%8f-%d1%8d%d0%bb%d0%b5%d0%ba%d1%82%d1%80%d0%b8%d1%87%d0%b5%d1%81%d0%ba%d0%be%d0%b3%d0%be-%d1%81%d0%ba%d1%83%d1%82%d0%b5%d1%80%d0%b0-1-1\/#breadcrumb"},"inLanguage":"ru-RU","potentialAction":[{"@type":"ReadAction","target":["https:\/\/www.xn--tuksimaailm-ffb.ee\/ru\/\u043f\u0440\u043e\u0434\u0443\u043a\u0442\/%d0%b2%d0%be%d1%80%d0%be%d1%82%d0%bd%d0%b8%d0%ba-%d0%b4%d0%bb%d1%8f-%d1%8d%d0%bb%d0%b5%d0%ba%d1%82%d1%80%d0%b8%d1%87%d0%b5%d1%81%d0%ba%d0%be%d0%b3%d0%be-%d1%81%d0%ba%d1%83%d1%82%d0%b5%d1%80%d0%b0-1-1\/"]}]},{"@type":"ImageObject","inLanguage":"ru-RU","@id":"https:\/\/www.xn--tuksimaailm-ffb.ee\/ru\/\u043f\u0440\u043e\u0434\u0443\u043a\u0442\/%d0%b2%d0%be%d1%80%d0%be%d1%82%d0%bd%d0%b8%d0%ba-%d0%b4%d0%bb%d1%8f-%d1%8d%d0%bb%d0%b5%d0%ba%d1%82%d1%80%d0%b8%d1%87%d0%b5%d1%81%d0%ba%d0%be%d0%b3%d0%be-%d1%81%d0%ba%d1%83%d1%82%d0%b5%d1%80%d0%b0-1-1\/#primaryimage","url":"https:\/\/www.xn--tuksimaailm-ffb.ee\/wp-content\/uploads\/2021\/01\/kaelak\u00e4bi-1.jpg","contentUrl":"https:\/\/www.xn--tuksimaailm-ffb.ee\/wp-content\/uploads\/2021\/01\/kaelak\u00e4bi-1.jpg","width":666,"height":580},{"@type":"BreadcrumbList","@id":"https:\/\/www.xn--tuksimaailm-ffb.ee\/ru\/\u043f\u0440\u043e\u0434\u0443\u043a\u0442\/%d0%b2%d0%be%d1%80%d0%be%d1%82%d0%bd%d0%b8%d0%ba-%d0%b4%d0%bb%d1%8f-%d1%8d%d0%bb%d0%b5%d0%ba%d1%82%d1%80%d0%b8%d1%87%d0%b5%d1%81%d0%ba%d0%be%d0%b3%d0%be-%d1%81%d0%ba%d1%83%d1%82%d0%b5%d1%80%d0%b0-1-1\/#breadcrumb","itemListElement":[{"@type":"ListItem","position":1,"name":"Home","item":"https:\/\/www.xn--tuksimaailm-ffb.ee\/ru\/frontpage\/"},{"@type":"ListItem","position":2,"name":"\u041c\u0410\u0413\u0410\u0417\u0418\u041d","item":"https:\/\/www.xn--tuksimaailm-ffb.ee\/elektritoukerataste-pood\/"},{"@type":"ListItem","position":3,"name":"\u0412\u043e\u0440\u043e\u0442\u043d\u0438\u043a \u0434\u043b\u044f \u044d\u043b\u0435\u043a\u0442\u0440\u0438\u0447\u0435\u0441\u043a\u043e\u0433\u043e \u0441\u043a\u0443\u0442\u0435\u0440\u0430 1-1\/8\u00bb"}]},{"@type":"WebSite","@id":"https:\/\/www.xn--tuksimaailm-ffb.ee\/ru\/#website","url":"https:\/\/www.xn--tuksimaailm-ffb.ee\/ru\/","name":"T\u00f5uksimaailm","description":"Elektrit\u00f5ukerataste m\u00fc\u00fck, remont ja rent","publisher":{"@id":"https:\/\/www.xn--tuksimaailm-ffb.ee\/ru\/#organization"},"potentialAction":[{"@type":"SearchAction","target":{"@type":"EntryPoint","urlTemplate":"https:\/\/www.xn--tuksimaailm-ffb.ee\/ru\/?s={search_term_string}"},"query-input":{"@type":"PropertyValueSpecification","valueRequired":true,"valueName":"search_term_string"}}],"inLanguage":"ru-RU"},{"@type":"Organization","@id":"https:\/\/www.xn--tuksimaailm-ffb.ee\/ru\/#organization","name":"T\u00f5uksimaailm","url":"https:\/\/www.xn--tuksimaailm-ffb.ee\/ru\/","logo":{"@type":"ImageObject","inLanguage":"ru-RU","@id":"https:\/\/www.xn--tuksimaailm-ffb.ee\/ru\/#\/schema\/logo\/image\/","url":"https:\/\/www.xn--tuksimaailm-ffb.ee\/wp-content\/uploads\/2020\/01\/logoz-e1579792875517.png","contentUrl":"https:\/\/www.xn--tuksimaailm-ffb.ee\/wp-content\/uploads\/2020\/01\/logoz-e1579792875517.png","width":250,"height":250,"caption":"T\u00f5uksimaailm"},"image":{"@id":"https:\/\/www.xn--tuksimaailm-ffb.ee\/ru\/#\/schema\/logo\/image\/"},"sameAs":["https:\/\/www.facebook.com\/touksimaailm\/","https:\/\/www.instagram.com\/touksimaailm_\/","https:\/\/www.youtube.com\/channel\/UC18ml0EKIDLP1xGuQjFzcXQ"]}]},"product_price_amount":"5.00","product_price_currency":"EUR","og_availability":"instock","product_availability":"instock","product_condition":"new"},"jetpack_sharing_enabled":true,"_links":{"self":[{"href":"https:\/\/www.xn--tuksimaailm-ffb.ee\/ru\/wp-json\/wp\/v2\/product\/54520","targetHints":{"allow":["GET"]}}],"collection":[{"href":"https:\/\/www.xn--tuksimaailm-ffb.ee\/ru\/wp-json\/wp\/v2\/product"}],"about":[{"href":"https:\/\/www.xn--tuksimaailm-ffb.ee\/ru\/wp-json\/wp\/v2\/types\/product"}],"wp:featuredmedia":[{"embeddable":true,"href":"https:\/\/www.xn--tuksimaailm-ffb.ee\/ru\/wp-json\/wp\/v2\/media\/13314"}],"wp:attachment":[{"href":"https:\/\/www.xn--tuksimaailm-ffb.ee\/ru\/wp-json\/wp\/v2\/media?parent=54520"}],"wp:term":[{"taxonomy":"product_brand","embeddable":true,"href":"https:\/\/www.xn--tuksimaailm-ffb.ee\/ru\/wp-json\/wp\/v2\/product_brand?post=54520"},{"taxonomy":"product_cat","embeddable":true,"href":"https:\/\/www.xn--tuksimaailm-ffb.ee\/ru\/wp-json\/wp\/v2\/product_cat?post=54520"},{"taxonomy":"product_tag","embeddable":true,"href":"https:\/\/www.xn--tuksimaailm-ffb.ee\/ru\/wp-json\/wp\/v2\/product_tag?post=54520"},{"taxonomy":"filter_elektritoukeratas","embeddable":true,"href":"https:\/\/www.xn--tuksimaailm-ffb.ee\/ru\/wp-json\/wp\/v2\/filter_elektritoukeratas?post=54520"}],"curies":[{"name":"wp","href":"https:\/\/api.w.org\/{rel}","templated":true}]}}