{"id":54522,"date":"2021-01-30T12:32:46","date_gmt":"2021-01-30T12:32:46","guid":{"rendered":"http:\/\/www.xn--tuksimaailm-ffb.ee\/shop\/velt-smart-scooter-x7-x8-pro-%d0%bf%d0%b5%d0%b4%d0%b0%d0%bb%d1%8c-%d0%b3%d0%b0%d0%b7%d0%b0\/"},"modified":"2025-03-03T14:03:29","modified_gmt":"2025-03-03T12:03:29","slug":"velt-smart-scooter-x7-x8-pro-%d0%bf%d0%b5%d0%b4%d0%b0%d0%bb%d1%8c-%d0%b3%d0%b0%d0%b7%d0%b0","status":"publish","type":"product","link":"https:\/\/www.xn--tuksimaailm-ffb.ee\/ru\/\u043f\u0440\u043e\u0434\u0443\u043a\u0442\/velt-smart-scooter-x7-x8-pro-%d0%bf%d0%b5%d0%b4%d0%b0%d0%bb%d1%8c-%d0%b3%d0%b0%d0%b7%d0%b0\/","title":{"rendered":"Velt Smart Scooter X7 X8 Pro \u043f\u0435\u0434\u0430\u043b\u044c \u0433\u0430\u0437\u0430"},"content":{"rendered":"<p>\u041f\u0435\u0434\u0430\u043b\u044c \u0433\u0430\u0437\u0430 \u0434\u043b\u044f \u044d\u043b\u0435\u043a\u0442\u0440\u043e\u0441\u043a\u0443\u0442\u0435\u0440\u0430 Velt Smart Scooter X7 \/ X8 Pro (\u0442\u0430\u043a\u0436\u0435 \u043a\u043d\u043e\u043f\u043a\u0430 \u0433\u0430\u0437\u0430, \u0434\u0440\u043e\u0441\u0441\u0435\u043b\u044c, \u0434\u0440\u043e\u0441\u0441\u0435\u043b\u044c\u043d\u0430\u044f \u0437\u0430\u0441\u043b\u043e\u043d\u043a\u0430, \u0430\u043a\u0441\u0435\u043b\u0435\u0440\u0430\u0442\u043e\u0440, \u0440\u0435\u0433\u0443\u043b\u044f\u0442\u043e\u0440 \u0441\u043a\u043e\u0440\u043e\u0441\u0442\u0438, \u043f\u0435\u0440\u0435\u043a\u043b\u044e\u0447\u0430\u0442\u0435\u043b\u044c). \u041a\u043d\u043e\u043f\u043a\u0430 \u0433\u0430\u0437\u0430 \u043f\u043e\u0441\u0442\u0430\u0432\u043b\u044f\u0435\u0442\u0441\u044f \u0441 \u043a\u043d\u043e\u043f\u043a\u0430\u043c\u0438 \u0432\u043a\u043b\u044e\u0447\u0435\u043d\u0438\u044f\/\u0432\u044b\u043a\u043b\u044e\u0447\u0435\u043d\u0438\u044f \u0438 \u043c\u0435\u043d\u044e. \u041c\u044b \u043f\u0440\u0435\u0434\u043b\u0430\u0433\u0430\u0435\u043c \u043a\u0430\u043a <b><strong>\u0441\u0438\u043d\u044e\u044e<\/strong><\/b>, \u0442\u0430\u043a \u0438 <b><strong>\u043a\u0440\u0430\u0441\u043d\u0443\u044e<\/strong><\/b> \u043a\u043d\u043e\u043f\u043a\u0443 \u0433\u0430\u0437\u0430. \u041f\u0435\u0434\u0430\u043b\u044c \u0433\u0430\u0437\u0430 \u043e\u0441\u043d\u0430\u0449\u0435\u043d\u0430 \u043c\u0430\u0433\u043d\u0438\u0442\u043d\u044b\u043c \u0434\u0430\u0442\u0447\u0438\u043a\u043e\u043c. \u041f\u0440\u0438 \u043d\u0430\u0436\u0430\u0442\u0438\u0438 \u043d\u0430 \u043f\u0435\u0434\u0430\u043b\u044c \u0433\u0430\u0437\u0430 \u0434\u0430\u0442\u0447\u0438\u043a \u043f\u043e\u0441\u044b\u043b\u0430\u0435\u0442 \u043a\u043e\u043c\u0430\u043d\u0434\u0443 \u043d\u0430 \u0443\u0441\u043a\u043e\u0440\u0435\u043d\u0438\u0435 \u0432 \u043a\u043e\u043d\u0442\u0440\u043e\u043b\u043b\u0435\u0440.<\/p>\n<p>\u041f\u0435\u0434\u0430\u043b\u044c \u0433\u0430\u0437\u0430 \u044d\u043b\u0435\u043a\u0442\u0440\u043e\u0441\u0430\u043c\u043e\u043a\u0430\u0442\u0430 Velt Smart Scooter X7 \/ X8 Pro \u043e\u043f\u0440\u0435\u0434\u0435\u043b\u0435\u043d\u043d\u043e \u043f\u043e\u0434\u0445\u043e\u0434\u0438\u0442 \u0434\u043b\u044f \u0441\u043b\u0435\u0434\u0443\u044e\u0449\u0438\u0445 \u043f\u043e\u043f\u0443\u043b\u044f\u0440\u043d\u044b\u0445 \u043c\u043e\u0434\u0435\u043b\u0435\u0439: <a href=\"http:\/\/www.xn--tuksimaailm-ffb.ee\/shop\/elektriline-toukeratas-velt-smart-scooter-x7\/\"><b><strong>Velt Smart Scooter X7<\/strong><\/b><\/a>, <a href=\"http:\/\/www.xn--tuksimaailm-ffb.ee\/shop\/elektriline-toukeratas-velt-smart-scooter-x8\/\"><b><strong>Velt Smart Scooter X8<\/strong><\/b><\/a>, \u0430 \u0442\u0430\u043a\u0436\u0435 <b><strong>Velt Smart Scooter X8 Pro<\/strong><\/b>. \u0415\u0441\u043b\u0438 \u0443 \u0432\u0430\u0441 \u0432\u043e\u0437\u043d\u0438\u043a\u043b\u0438 \u043f\u0440\u043e\u0431\u043b\u0435\u043c\u044b \u0441 \u0441\u0430\u043c\u043e\u0441\u0442\u043e\u044f\u0442\u0435\u043b\u044c\u043d\u043e\u0439 \u0437\u0430\u043c\u0435\u043d\u043e\u0439 \u0438\u043b\u0438 \u0440\u0435\u043c\u043e\u043d\u0442\u043e\u043c \u043f\u0435\u0434\u0430\u043b\u0438 \u0433\u0430\u0437\u0430 \u0432\u0430\u0448\u0435\u0433\u043e \u044d\u043b\u0435\u043a\u0442\u0440\u043e\u0441\u043a\u0443\u0442\u0435\u0440\u0430, \u0432\u0430\u043c \u043f\u043e\u043c\u043e\u0436\u0435\u0442 \u043d\u0430\u0448\u0430 <a href=\"http:\/\/www.xn--tuksimaailm-ffb.ee\/elektrilise-toukeratta-remont\/\">\u043c\u0430\u0441\u0442\u0435\u0440\u0441\u043a\u0430\u044f<\/a>, \u0441\u043f\u0435\u0446\u0438\u0430\u043b\u0438\u0437\u0438\u0440\u0443\u044e\u0449\u0430\u044f\u0441\u044f \u043d\u0430 \u044d\u043b\u0435\u043a\u0442\u0440\u043e\u0441\u043a\u0443\u0442\u0435\u0440\u0430\u0445.<\/p>\n","protected":false},"excerpt":{"rendered":"<p>\u041f\u0435\u0434\u0430\u043b\u044c \u0433\u0430\u0437\u0430 \u0434\u043b\u044f \u044d\u043b\u0435\u043a\u0442\u0440\u043e\u0441\u043a\u0443\u0442\u0435\u0440\u0430 Velt Smart Scooter X7 \/ X8 Pro (\u0442\u0430\u043a\u0436\u0435 \u043a\u043d\u043e\u043f\u043a\u0430 \u0433\u0430\u0437\u0430, \u0434\u0440\u043e\u0441\u0441\u0435\u043b\u044c, \u0434\u0440\u043e\u0441\u0441\u0435\u043b\u044c\u043d\u0430\u044f \u0437\u0430\u0441\u043b\u043e\u043d\u043a\u0430, \u0430\u043a\u0441\u0435\u043b\u0435\u0440\u0430\u0442\u043e\u0440, \u0440\u0435\u0433\u0443\u043b\u044f\u0442\u043e\u0440 \u0441\u043a\u043e\u0440\u043e\u0441\u0442\u0438, \u043f\u0435\u0440\u0435\u043a\u043b\u044e\u0447\u0430\u0442\u0435\u043b\u044c). \u041a\u043d\u043e\u043f\u043a\u0430 \u0433\u0430\u0437\u0430 \u043f\u043e\u0441\u0442\u0430\u0432\u043b\u044f\u0435\u0442\u0441\u044f \u0441 \u043a\u043d\u043e\u043f\u043a\u0430\u043c\u0438 \u0432\u043a\u043b\u044e\u0447\u0435\u043d\u0438\u044f\/\u0432\u044b\u043a\u043b\u044e\u0447\u0435\u043d\u0438\u044f \u0438 \u043c\u0435\u043d\u044e. \u041c\u044b \u043f\u0440\u0435\u0434\u043b\u0430\u0433\u0430\u0435\u043c \u043a\u0430\u043a \u0441\u0438\u043d\u044e\u044e, \u0442\u0430\u043a \u0438 \u043a\u0440\u0430\u0441\u043d\u0443\u044e \u043a\u043d\u043e\u043f\u043a\u0443 \u0433\u0430\u0437\u0430. \u041f\u0435\u0434\u0430\u043b\u044c \u0433\u0430\u0437\u0430 \u043e\u0441\u043d\u0430\u0449\u0435\u043d\u0430 \u043c\u0430\u0433\u043d\u0438\u0442\u043d\u044b\u043c \u0434\u0430\u0442\u0447\u0438\u043a\u043e\u043c. \u041f\u0440\u0438 \u043d\u0430\u0436\u0430\u0442\u0438\u0438 \u043d\u0430 \u043f\u0435\u0434\u0430\u043b\u044c \u0433\u0430\u0437\u0430 \u0434\u0430\u0442\u0447\u0438\u043a \u043f\u043e\u0441\u044b\u043b\u0430\u0435\u0442 &hellip;<\/p>\n","protected":false},"featured_media":40088,"template":"","meta":[],"product_brand":[],"product_cat":[757],"product_tag":[],"filter_elektritoukeratas":[2686,2687,2697,2698,2694,2695,2693,2691,2692],"class_list":{"0":"post-54522","1":"product","2":"type-product","3":"status-publish","4":"has-post-thumbnail","6":"product_cat-757","7":"filter_elektritoukeratas-ft_blaupunkt_esc808","8":"filter_elektritoukeratas-ft_blaupunkt_esc910","9":"filter_elektritoukeratas-ft_hx_x7","10":"filter_elektritoukeratas-ft_hx_x8","11":"filter_elektritoukeratas-ft_velt_smart_eco","12":"filter_elektritoukeratas-ft_velt_smart_pro","13":"filter_elektritoukeratas-ft_velt_smart_x7","14":"filter_elektritoukeratas-ft_velt_smart_x8","15":"filter_elektritoukeratas-ft_velt_smart_x8_pro","17":"first","18":"instock","19":"taxable","20":"shipping-taxable","21":"purchasable","22":"product-type-variable"},"yoast_head":"<!-- This site is optimized with the Yoast SEO Premium plugin v26.8 (Yoast SEO v27.3) - https:\/\/yoast.com\/product\/yoast-seo-premium-wordpress\/ -->\n<title>Velt Smart Scooter X7 X8 Pro \u043f\u0435\u0434\u0430\u043b\u044c \u0433\u0430\u0437\u0430 &#8212; T\u00f5uksimaailm<\/title>\n<meta name=\"robots\" content=\"index, follow, max-snippet:-1, max-image-preview:large, max-video-preview:-1\" \/>\n<link rel=\"canonical\" href=\"https:\/\/www.xn--tuksimaailm-ffb.ee\/ru\/\u043f\u0440\u043e\u0434\u0443\u043a\u0442\/velt-smart-scooter-x7-x8-pro-%d0%bf%d0%b5%d0%b4%d0%b0%d0%bb%d1%8c-%d0%b3%d0%b0%d0%b7%d0%b0\/\" \/>\n<meta property=\"og:locale\" content=\"ru_RU\" \/>\n<meta property=\"og:type\" content=\"article\" \/>\n<meta property=\"og:title\" content=\"Velt Smart Scooter X7 X8 Pro \u043f\u0435\u0434\u0430\u043b\u044c \u0433\u0430\u0437\u0430\" \/>\n<meta property=\"og:description\" content=\"\u041f\u0435\u0434\u0430\u043b\u044c \u0433\u0430\u0437\u0430 \u0434\u043b\u044f \u044d\u043b\u0435\u043a\u0442\u0440\u043e\u0441\u043a\u0443\u0442\u0435\u0440\u0430 Velt Smart Scooter X7 \/ X8 Pro (\u0442\u0430\u043a\u0436\u0435 \u043a\u043d\u043e\u043f\u043a\u0430 \u0433\u0430\u0437\u0430, \u0434\u0440\u043e\u0441\u0441\u0435\u043b\u044c, \u0434\u0440\u043e\u0441\u0441\u0435\u043b\u044c\u043d\u0430\u044f \u0437\u0430\u0441\u043b\u043e\u043d\u043a\u0430, \u0430\u043a\u0441\u0435\u043b\u0435\u0440\u0430\u0442\u043e\u0440, \u0440\u0435\u0433\u0443\u043b\u044f\u0442\u043e\u0440 \u0441\u043a\u043e\u0440\u043e\u0441\u0442\u0438, \u043f\u0435\u0440\u0435\u043a\u043b\u044e\u0447\u0430\u0442\u0435\u043b\u044c). \u041a\u043d\u043e\u043f\u043a\u0430 \u0433\u0430\u0437\u0430 \u043f\u043e\u0441\u0442\u0430\u0432\u043b\u044f\u0435\u0442\u0441\u044f \u0441 \u043a\u043d\u043e\u043f\u043a\u0430\u043c\u0438 \u0432\u043a\u043b\u044e\u0447\u0435\u043d\u0438\u044f\/\u0432\u044b\u043a\u043b\u044e\u0447\u0435\u043d\u0438\u044f \u0438 \u043c\u0435\u043d\u044e. \u041c\u044b \u043f\u0440\u0435\u0434\u043b\u0430\u0433\u0430\u0435\u043c \u043a\u0430\u043a \u0441\u0438\u043d\u044e\u044e, \u0442\u0430\u043a \u0438 \u043a\u0440\u0430\u0441\u043d\u0443\u044e \u043a\u043d\u043e\u043f\u043a\u0443 \u0433\u0430\u0437\u0430. \u041f\u0435\u0434\u0430\u043b\u044c \u0433\u0430\u0437\u0430 \u043e\u0441\u043d\u0430\u0449\u0435\u043d\u0430 \u043c\u0430\u0433\u043d\u0438\u0442\u043d\u044b\u043c \u0434\u0430\u0442\u0447\u0438\u043a\u043e\u043c. \u041f\u0440\u0438 \u043d\u0430\u0436\u0430\u0442\u0438\u0438 \u043d\u0430 \u043f\u0435\u0434\u0430\u043b\u044c \u0433\u0430\u0437\u0430 \u0434\u0430\u0442\u0447\u0438\u043a \u043f\u043e\u0441\u044b\u043b\u0430\u0435\u0442 &hellip;\" \/>\n<meta property=\"og:url\" content=\"https:\/\/www.xn--tuksimaailm-ffb.ee\/ru\/\u043f\u0440\u043e\u0434\u0443\u043a\u0442\/velt-smart-scooter-x7-x8-pro-%d0%bf%d0%b5%d0%b4%d0%b0%d0%bb%d1%8c-%d0%b3%d0%b0%d0%b7%d0%b0\/\" \/>\n<meta property=\"og:site_name\" content=\"T\u00f5uksimaailm\" \/>\n<meta property=\"article:publisher\" content=\"https:\/\/www.facebook.com\/touksimaailm\/\" \/>\n<meta property=\"article:modified_time\" content=\"2025-03-03T12:03:29+00:00\" \/>\n<meta property=\"og:image\" content=\"https:\/\/www.xn--tuksimaailm-ffb.ee\/wp-content\/uploads\/2021\/01\/Hx-x7-gaasid-jpg.webp\" \/>\n\t<meta property=\"og:image:width\" content=\"828\" \/>\n\t<meta property=\"og:image:height\" content=\"711\" \/>\n\t<meta property=\"og:image:type\" content=\"image\/jpeg\" \/>\n<meta name=\"twitter:card\" content=\"summary_large_image\" \/>\n<meta name=\"twitter:label1\" content=\"\u0414\u043e\u0441\u0442\u0443\u043f\u043d\u043e\u0441\u0442\u044c\" \/>\n\t<meta name=\"twitter:data1\" content=\"\u0412 \u043d\u0430\u043b\u0438\u0447\u0438\u0438\" \/>\n<meta property=\"og:availability\" content=\"instock\" \/>\n<meta property=\"product:availability\" content=\"instock\" \/>\n<meta property=\"product:condition\" content=\"new\" \/>\n<!-- \/ Yoast SEO Premium plugin. -->","yoast_head_json":{"title":"Velt Smart Scooter X7 X8 Pro \u043f\u0435\u0434\u0430\u043b\u044c \u0433\u0430\u0437\u0430 &#8212; T\u00f5uksimaailm","robots":{"index":"index","follow":"follow","max-snippet":"max-snippet:-1","max-image-preview":"max-image-preview:large","max-video-preview":"max-video-preview:-1"},"canonical":"https:\/\/www.xn--tuksimaailm-ffb.ee\/ru\/\u043f\u0440\u043e\u0434\u0443\u043a\u0442\/velt-smart-scooter-x7-x8-pro-%d0%bf%d0%b5%d0%b4%d0%b0%d0%bb%d1%8c-%d0%b3%d0%b0%d0%b7%d0%b0\/","og_locale":"ru_RU","og_type":"article","og_title":"Velt Smart Scooter X7 X8 Pro \u043f\u0435\u0434\u0430\u043b\u044c \u0433\u0430\u0437\u0430","og_description":"\u041f\u0435\u0434\u0430\u043b\u044c \u0433\u0430\u0437\u0430 \u0434\u043b\u044f \u044d\u043b\u0435\u043a\u0442\u0440\u043e\u0441\u043a\u0443\u0442\u0435\u0440\u0430 Velt Smart Scooter X7 \/ X8 Pro (\u0442\u0430\u043a\u0436\u0435 \u043a\u043d\u043e\u043f\u043a\u0430 \u0433\u0430\u0437\u0430, \u0434\u0440\u043e\u0441\u0441\u0435\u043b\u044c, \u0434\u0440\u043e\u0441\u0441\u0435\u043b\u044c\u043d\u0430\u044f \u0437\u0430\u0441\u043b\u043e\u043d\u043a\u0430, \u0430\u043a\u0441\u0435\u043b\u0435\u0440\u0430\u0442\u043e\u0440, \u0440\u0435\u0433\u0443\u043b\u044f\u0442\u043e\u0440 \u0441\u043a\u043e\u0440\u043e\u0441\u0442\u0438, \u043f\u0435\u0440\u0435\u043a\u043b\u044e\u0447\u0430\u0442\u0435\u043b\u044c). \u041a\u043d\u043e\u043f\u043a\u0430 \u0433\u0430\u0437\u0430 \u043f\u043e\u0441\u0442\u0430\u0432\u043b\u044f\u0435\u0442\u0441\u044f \u0441 \u043a\u043d\u043e\u043f\u043a\u0430\u043c\u0438 \u0432\u043a\u043b\u044e\u0447\u0435\u043d\u0438\u044f\/\u0432\u044b\u043a\u043b\u044e\u0447\u0435\u043d\u0438\u044f \u0438 \u043c\u0435\u043d\u044e. \u041c\u044b \u043f\u0440\u0435\u0434\u043b\u0430\u0433\u0430\u0435\u043c \u043a\u0430\u043a \u0441\u0438\u043d\u044e\u044e, \u0442\u0430\u043a \u0438 \u043a\u0440\u0430\u0441\u043d\u0443\u044e \u043a\u043d\u043e\u043f\u043a\u0443 \u0433\u0430\u0437\u0430. \u041f\u0435\u0434\u0430\u043b\u044c \u0433\u0430\u0437\u0430 \u043e\u0441\u043d\u0430\u0449\u0435\u043d\u0430 \u043c\u0430\u0433\u043d\u0438\u0442\u043d\u044b\u043c \u0434\u0430\u0442\u0447\u0438\u043a\u043e\u043c. \u041f\u0440\u0438 \u043d\u0430\u0436\u0430\u0442\u0438\u0438 \u043d\u0430 \u043f\u0435\u0434\u0430\u043b\u044c \u0433\u0430\u0437\u0430 \u0434\u0430\u0442\u0447\u0438\u043a \u043f\u043e\u0441\u044b\u043b\u0430\u0435\u0442 &hellip;","og_url":"https:\/\/www.xn--tuksimaailm-ffb.ee\/ru\/\u043f\u0440\u043e\u0434\u0443\u043a\u0442\/velt-smart-scooter-x7-x8-pro-%d0%bf%d0%b5%d0%b4%d0%b0%d0%bb%d1%8c-%d0%b3%d0%b0%d0%b7%d0%b0\/","og_site_name":"T\u00f5uksimaailm","article_publisher":"https:\/\/www.facebook.com\/touksimaailm\/","article_modified_time":"2025-03-03T12:03:29+00:00","og_image":[{"width":828,"height":711,"url":"https:\/\/www.xn--tuksimaailm-ffb.ee\/wp-content\/uploads\/2021\/01\/Hx-x7-gaasid-jpg.webp","type":"image\/jpeg"}],"twitter_card":"summary_large_image","twitter_misc":{"\u0414\u043e\u0441\u0442\u0443\u043f\u043d\u043e\u0441\u0442\u044c":"\u0412 \u043d\u0430\u043b\u0438\u0447\u0438\u0438"},"schema":{"@context":"https:\/\/schema.org","@graph":[{"@type":"WebPage","@id":"https:\/\/www.xn--tuksimaailm-ffb.ee\/ru\/\u043f\u0440\u043e\u0434\u0443\u043a\u0442\/velt-smart-scooter-x7-x8-pro-%d0%bf%d0%b5%d0%b4%d0%b0%d0%bb%d1%8c-%d0%b3%d0%b0%d0%b7%d0%b0\/","url":"https:\/\/www.xn--tuksimaailm-ffb.ee\/ru\/\u043f\u0440\u043e\u0434\u0443\u043a\u0442\/velt-smart-scooter-x7-x8-pro-%d0%bf%d0%b5%d0%b4%d0%b0%d0%bb%d1%8c-%d0%b3%d0%b0%d0%b7%d0%b0\/","name":"Velt Smart Scooter X7 X8 Pro \u043f\u0435\u0434\u0430\u043b\u044c \u0433\u0430\u0437\u0430 &#8212; T\u00f5uksimaailm","isPartOf":{"@id":"https:\/\/www.xn--tuksimaailm-ffb.ee\/ru\/#website"},"primaryImageOfPage":{"@id":"https:\/\/www.xn--tuksimaailm-ffb.ee\/ru\/\u043f\u0440\u043e\u0434\u0443\u043a\u0442\/velt-smart-scooter-x7-x8-pro-%d0%bf%d0%b5%d0%b4%d0%b0%d0%bb%d1%8c-%d0%b3%d0%b0%d0%b7%d0%b0\/#primaryimage"},"image":{"@id":"https:\/\/www.xn--tuksimaailm-ffb.ee\/ru\/\u043f\u0440\u043e\u0434\u0443\u043a\u0442\/velt-smart-scooter-x7-x8-pro-%d0%bf%d0%b5%d0%b4%d0%b0%d0%bb%d1%8c-%d0%b3%d0%b0%d0%b7%d0%b0\/#primaryimage"},"thumbnailUrl":"https:\/\/www.xn--tuksimaailm-ffb.ee\/wp-content\/uploads\/2021\/01\/Hx-x7-gaasid-jpg.webp","datePublished":"2021-01-30T12:32:46+00:00","dateModified":"2025-03-03T12:03:29+00:00","breadcrumb":{"@id":"https:\/\/www.xn--tuksimaailm-ffb.ee\/ru\/\u043f\u0440\u043e\u0434\u0443\u043a\u0442\/velt-smart-scooter-x7-x8-pro-%d0%bf%d0%b5%d0%b4%d0%b0%d0%bb%d1%8c-%d0%b3%d0%b0%d0%b7%d0%b0\/#breadcrumb"},"inLanguage":"ru-RU","potentialAction":[{"@type":"ReadAction","target":["https:\/\/www.xn--tuksimaailm-ffb.ee\/ru\/\u043f\u0440\u043e\u0434\u0443\u043a\u0442\/velt-smart-scooter-x7-x8-pro-%d0%bf%d0%b5%d0%b4%d0%b0%d0%bb%d1%8c-%d0%b3%d0%b0%d0%b7%d0%b0\/"]}]},{"@type":"ImageObject","inLanguage":"ru-RU","@id":"https:\/\/www.xn--tuksimaailm-ffb.ee\/ru\/\u043f\u0440\u043e\u0434\u0443\u043a\u0442\/velt-smart-scooter-x7-x8-pro-%d0%bf%d0%b5%d0%b4%d0%b0%d0%bb%d1%8c-%d0%b3%d0%b0%d0%b7%d0%b0\/#primaryimage","url":"https:\/\/www.xn--tuksimaailm-ffb.ee\/wp-content\/uploads\/2021\/01\/Hx-x7-gaasid-jpg.webp","contentUrl":"https:\/\/www.xn--tuksimaailm-ffb.ee\/wp-content\/uploads\/2021\/01\/Hx-x7-gaasid-jpg.webp","width":828,"height":711,"caption":"Hx x7 gaasid"},{"@type":"BreadcrumbList","@id":"https:\/\/www.xn--tuksimaailm-ffb.ee\/ru\/\u043f\u0440\u043e\u0434\u0443\u043a\u0442\/velt-smart-scooter-x7-x8-pro-%d0%bf%d0%b5%d0%b4%d0%b0%d0%bb%d1%8c-%d0%b3%d0%b0%d0%b7%d0%b0\/#breadcrumb","itemListElement":[{"@type":"ListItem","position":1,"name":"Home","item":"https:\/\/www.xn--tuksimaailm-ffb.ee\/ru\/frontpage\/"},{"@type":"ListItem","position":2,"name":"\u041c\u0410\u0413\u0410\u0417\u0418\u041d","item":"https:\/\/www.xn--tuksimaailm-ffb.ee\/elektritoukerataste-pood\/"},{"@type":"ListItem","position":3,"name":"Velt Smart Scooter X7 X8 Pro \u043f\u0435\u0434\u0430\u043b\u044c \u0433\u0430\u0437\u0430"}]},{"@type":"WebSite","@id":"https:\/\/www.xn--tuksimaailm-ffb.ee\/ru\/#website","url":"https:\/\/www.xn--tuksimaailm-ffb.ee\/ru\/","name":"T\u00f5uksimaailm","description":"Elektrit\u00f5ukerataste m\u00fc\u00fck, remont ja rent","publisher":{"@id":"https:\/\/www.xn--tuksimaailm-ffb.ee\/ru\/#organization"},"potentialAction":[{"@type":"SearchAction","target":{"@type":"EntryPoint","urlTemplate":"https:\/\/www.xn--tuksimaailm-ffb.ee\/ru\/?s={search_term_string}"},"query-input":{"@type":"PropertyValueSpecification","valueRequired":true,"valueName":"search_term_string"}}],"inLanguage":"ru-RU"},{"@type":"Organization","@id":"https:\/\/www.xn--tuksimaailm-ffb.ee\/ru\/#organization","name":"T\u00f5uksimaailm","url":"https:\/\/www.xn--tuksimaailm-ffb.ee\/ru\/","logo":{"@type":"ImageObject","inLanguage":"ru-RU","@id":"https:\/\/www.xn--tuksimaailm-ffb.ee\/ru\/#\/schema\/logo\/image\/","url":"https:\/\/www.xn--tuksimaailm-ffb.ee\/wp-content\/uploads\/2020\/01\/logoz-e1579792875517.png","contentUrl":"https:\/\/www.xn--tuksimaailm-ffb.ee\/wp-content\/uploads\/2020\/01\/logoz-e1579792875517.png","width":250,"height":250,"caption":"T\u00f5uksimaailm"},"image":{"@id":"https:\/\/www.xn--tuksimaailm-ffb.ee\/ru\/#\/schema\/logo\/image\/"},"sameAs":["https:\/\/www.facebook.com\/touksimaailm\/","https:\/\/www.instagram.com\/touksimaailm_\/","https:\/\/www.youtube.com\/channel\/UC18ml0EKIDLP1xGuQjFzcXQ"]}]},"og_availability":"instock","product_availability":"instock","product_condition":"new"},"jetpack_sharing_enabled":true,"_links":{"self":[{"href":"https:\/\/www.xn--tuksimaailm-ffb.ee\/ru\/wp-json\/wp\/v2\/product\/54522","targetHints":{"allow":["GET"]}}],"collection":[{"href":"https:\/\/www.xn--tuksimaailm-ffb.ee\/ru\/wp-json\/wp\/v2\/product"}],"about":[{"href":"https:\/\/www.xn--tuksimaailm-ffb.ee\/ru\/wp-json\/wp\/v2\/types\/product"}],"wp:featuredmedia":[{"embeddable":true,"href":"https:\/\/www.xn--tuksimaailm-ffb.ee\/ru\/wp-json\/wp\/v2\/media\/40088"}],"wp:attachment":[{"href":"https:\/\/www.xn--tuksimaailm-ffb.ee\/ru\/wp-json\/wp\/v2\/media?parent=54522"}],"wp:term":[{"taxonomy":"product_brand","embeddable":true,"href":"https:\/\/www.xn--tuksimaailm-ffb.ee\/ru\/wp-json\/wp\/v2\/product_brand?post=54522"},{"taxonomy":"product_cat","embeddable":true,"href":"https:\/\/www.xn--tuksimaailm-ffb.ee\/ru\/wp-json\/wp\/v2\/product_cat?post=54522"},{"taxonomy":"product_tag","embeddable":true,"href":"https:\/\/www.xn--tuksimaailm-ffb.ee\/ru\/wp-json\/wp\/v2\/product_tag?post=54522"},{"taxonomy":"filter_elektritoukeratas","embeddable":true,"href":"https:\/\/www.xn--tuksimaailm-ffb.ee\/ru\/wp-json\/wp\/v2\/filter_elektritoukeratas?post=54522"}],"curies":[{"name":"wp","href":"https:\/\/api.w.org\/{rel}","templated":true}]}}