{"id":54538,"date":"2021-01-24T18:07:09","date_gmt":"2021-01-24T18:07:09","guid":{"rendered":"http:\/\/www.xn--tuksimaailm-ffb.ee\/shop\/%d1%81%d1%82%d0%b0%d0%bb%d1%8c%d0%bd%d0%b0%d1%8f-%d0%b7%d0%b0%d1%89%d0%b8%d1%82%d0%b0-%d0%bf%d0%be%d0%bb%d0%b0-segway-ninebot-max-g30\/"},"modified":"2025-03-03T12:38:28","modified_gmt":"2025-03-03T10:38:28","slug":"%d1%81%d1%82%d0%b0%d0%bb%d1%8c%d0%bd%d0%b0%d1%8f-%d0%b7%d0%b0%d1%89%d0%b8%d1%82%d0%b0-%d0%bf%d0%be%d0%bb%d0%b0-segway-ninebot-max-g30","status":"publish","type":"product","link":"https:\/\/www.xn--tuksimaailm-ffb.ee\/ru\/\u043f\u0440\u043e\u0434\u0443\u043a\u0442\/%d1%81%d1%82%d0%b0%d0%bb%d1%8c%d0%bd%d0%b0%d1%8f-%d0%b7%d0%b0%d1%89%d0%b8%d1%82%d0%b0-%d0%bf%d0%be%d0%bb%d0%b0-segway-ninebot-max-g30\/","title":{"rendered":"\u0421\u0442\u0430\u043b\u044c\u043d\u0430\u044f \u0437\u0430\u0449\u0438\u0442\u0430 \u043f\u043e\u043b\u0430 Segway Ninebot Max G30"},"content":{"rendered":"<p>\u0421\u0442\u0430\u043b\u044c\u043d\u0430\u044f \u0437\u0430\u0449\u0438\u0442\u043d\u0430\u044f \u043f\u043b\u0430\u0441\u0442\u0438\u043d\u0430 \u0434\u043d\u0438\u0449\u0430 Segway Ninebot Max G30 (\u0442\u0430\u043a\u0436\u0435 \u043a\u0440\u044b\u0448\u043a\u0430 \u0434\u043d\u0438\u0449\u0430, \u043d\u0438\u0436\u043d\u044f\u044f \u043a\u0440\u044b\u0448\u043a\u0430 \/ \u043a\u0440\u044b\u0448\u043a\u0430, \u043a\u0440\u044b\u0448\u043a\u0430 \u0430\u043a\u043a\u0443\u043c\u0443\u043b\u044f\u0442\u043e\u0440\u0430). \u041f\u043e \u0441\u0440\u0430\u0432\u043d\u0435\u043d\u0438\u044e \u0441 \u043e\u0440\u0438\u0433\u0438\u043d\u0430\u043b\u044c\u043d\u043e\u0439 \u043f\u043b\u0430\u0441\u0442\u0438\u043a\u043e\u0432\u043e\u0439 \u043d\u0438\u0436\u043d\u0435\u0439 \u043a\u0440\u044b\u0448\u043a\u043e\u0439 <a href=\"http:\/\/www.xn--tuksimaailm-ffb.ee\/shop\/elektriline-toukeratas-ninebot-max-g30\/\"><b><strong>Ninebot Max G30<\/strong><\/b><\/a><b> <\/b>, \u044d\u0442\u0430 \u043d\u0438\u0436\u043d\u044f\u044f \u0437\u0430\u0449\u0438\u0442\u0430 \u043f\u0440\u0435\u0434\u043e\u0445\u0440\u0430\u043d\u044f\u0435\u0442 \u0434\u043d\u0438\u0449\u0435 \u044d\u043b\u0435\u043a\u0442\u0440\u043e\u0441\u0430\u043c\u043e\u043a\u0430\u0442\u0430 \u0438 \u0441\u043e\u0434\u0435\u0440\u0436\u0438\u043c\u043e\u0435 \u043e\u0442 \u043f\u043e\u0432\u0440\u0435\u0436\u0434\u0435\u043d\u0438\u0439.<\/p>\n","protected":false},"excerpt":{"rendered":"<p>\u0421\u0442\u0430\u043b\u044c\u043d\u0430\u044f \u0437\u0430\u0449\u0438\u0442\u043d\u0430\u044f \u043f\u043b\u0430\u0441\u0442\u0438\u043d\u0430 \u0434\u043d\u0438\u0449\u0430 Segway Ninebot Max G30 (\u0442\u0430\u043a\u0436\u0435 \u043a\u0440\u044b\u0448\u043a\u0430 \u0434\u043d\u0438\u0449\u0430, \u043d\u0438\u0436\u043d\u044f\u044f \u043a\u0440\u044b\u0448\u043a\u0430 \/ \u043a\u0440\u044b\u0448\u043a\u0430, \u043a\u0440\u044b\u0448\u043a\u0430 \u0430\u043a\u043a\u0443\u043c\u0443\u043b\u044f\u0442\u043e\u0440\u0430). \u041f\u043e \u0441\u0440\u0430\u0432\u043d\u0435\u043d\u0438\u044e \u0441 \u043e\u0440\u0438\u0433\u0438\u043d\u0430\u043b\u044c\u043d\u043e\u0439 \u043f\u043b\u0430\u0441\u0442\u0438\u043a\u043e\u0432\u043e\u0439 \u043d\u0438\u0436\u043d\u0435\u0439 \u043a\u0440\u044b\u0448\u043a\u043e\u0439 Ninebot Max G30 , \u044d\u0442\u0430 \u043d\u0438\u0436\u043d\u044f\u044f \u0437\u0430\u0449\u0438\u0442\u0430 \u043f\u0440\u0435\u0434\u043e\u0445\u0440\u0430\u043d\u044f\u0435\u0442 \u0434\u043d\u0438\u0449\u0435 \u044d\u043b\u0435\u043a\u0442\u0440\u043e\u0441\u0430\u043c\u043e\u043a\u0430\u0442\u0430 \u0438 \u0441\u043e\u0434\u0435\u0440\u0436\u0438\u043c\u043e\u0435 \u043e\u0442 \u043f\u043e\u0432\u0440\u0435\u0436\u0434\u0435\u043d\u0438\u0439.<\/p>\n","protected":false},"featured_media":74732,"template":"","meta":[],"product_brand":[],"product_cat":[756,757],"product_tag":[1580],"filter_elektritoukeratas":[2637],"class_list":{"0":"post-54538","1":"product","2":"type-product","3":"status-publish","4":"has-post-thumbnail","6":"product_cat-756","7":"product_cat-757","8":"product_tag-segway-ninebot-varuosad-ru","9":"filter_elektritoukeratas-ft_segway_ninebot_max_g30p_g30le_g30e_ii_g30lp_ii","11":"first","12":"instock","13":"taxable","14":"shipping-taxable","15":"purchasable","16":"product-type-simple"},"yoast_head":"<!-- This site is optimized with the Yoast SEO Premium plugin v26.8 (Yoast SEO v27.5) - https:\/\/yoast.com\/product\/yoast-seo-premium-wordpress\/ -->\n<title>\u0421\u0442\u0430\u043b\u044c\u043d\u0430\u044f \u0437\u0430\u0449\u0438\u0442\u0430 \u043f\u043e\u043b\u0430 Segway Ninebot Max G30 &#8212; T\u00f5uksimaailm<\/title>\n<meta name=\"robots\" content=\"index, follow, max-snippet:-1, max-image-preview:large, max-video-preview:-1\" \/>\n<link rel=\"canonical\" href=\"https:\/\/www.xn--tuksimaailm-ffb.ee\/ru\/\u043f\u0440\u043e\u0434\u0443\u043a\u0442\/%d1%81%d1%82%d0%b0%d0%bb%d1%8c%d0%bd%d0%b0%d1%8f-%d0%b7%d0%b0%d1%89%d0%b8%d1%82%d0%b0-%d0%bf%d0%be%d0%bb%d0%b0-segway-ninebot-max-g30\/\" \/>\n<meta property=\"og:locale\" content=\"ru_RU\" \/>\n<meta property=\"og:type\" content=\"article\" \/>\n<meta property=\"og:title\" content=\"\u0421\u0442\u0430\u043b\u044c\u043d\u0430\u044f \u0437\u0430\u0449\u0438\u0442\u0430 \u043f\u043e\u043b\u0430 Segway Ninebot Max G30\" \/>\n<meta property=\"og:description\" content=\"\u0421\u0442\u0430\u043b\u044c\u043d\u0430\u044f \u0437\u0430\u0449\u0438\u0442\u043d\u0430\u044f \u043f\u043b\u0430\u0441\u0442\u0438\u043d\u0430 \u0434\u043d\u0438\u0449\u0430 Segway Ninebot Max G30 (\u0442\u0430\u043a\u0436\u0435 \u043a\u0440\u044b\u0448\u043a\u0430 \u0434\u043d\u0438\u0449\u0430, \u043d\u0438\u0436\u043d\u044f\u044f \u043a\u0440\u044b\u0448\u043a\u0430 \/ \u043a\u0440\u044b\u0448\u043a\u0430, \u043a\u0440\u044b\u0448\u043a\u0430 \u0430\u043a\u043a\u0443\u043c\u0443\u043b\u044f\u0442\u043e\u0440\u0430). \u041f\u043e \u0441\u0440\u0430\u0432\u043d\u0435\u043d\u0438\u044e \u0441 \u043e\u0440\u0438\u0433\u0438\u043d\u0430\u043b\u044c\u043d\u043e\u0439 \u043f\u043b\u0430\u0441\u0442\u0438\u043a\u043e\u0432\u043e\u0439 \u043d\u0438\u0436\u043d\u0435\u0439 \u043a\u0440\u044b\u0448\u043a\u043e\u0439 Ninebot Max G30 , \u044d\u0442\u0430 \u043d\u0438\u0436\u043d\u044f\u044f \u0437\u0430\u0449\u0438\u0442\u0430 \u043f\u0440\u0435\u0434\u043e\u0445\u0440\u0430\u043d\u044f\u0435\u0442 \u0434\u043d\u0438\u0449\u0435 \u044d\u043b\u0435\u043a\u0442\u0440\u043e\u0441\u0430\u043c\u043e\u043a\u0430\u0442\u0430 \u0438 \u0441\u043e\u0434\u0435\u0440\u0436\u0438\u043c\u043e\u0435 \u043e\u0442 \u043f\u043e\u0432\u0440\u0435\u0436\u0434\u0435\u043d\u0438\u0439.\" \/>\n<meta property=\"og:url\" content=\"https:\/\/www.xn--tuksimaailm-ffb.ee\/ru\/\u043f\u0440\u043e\u0434\u0443\u043a\u0442\/%d1%81%d1%82%d0%b0%d0%bb%d1%8c%d0%bd%d0%b0%d1%8f-%d0%b7%d0%b0%d1%89%d0%b8%d1%82%d0%b0-%d0%bf%d0%be%d0%bb%d0%b0-segway-ninebot-max-g30\/\" \/>\n<meta property=\"og:site_name\" content=\"T\u00f5uksimaailm\" \/>\n<meta property=\"article:publisher\" content=\"https:\/\/www.facebook.com\/touksimaailm\/\" \/>\n<meta property=\"article:modified_time\" content=\"2025-03-03T10:38:28+00:00\" \/>\n<meta property=\"og:image\" content=\"https:\/\/www.xn--tuksimaailm-ffb.ee\/wp-content\/uploads\/2021\/01\/p\u00f5hjakaitse-e1611512108725.png\" \/>\n\t<meta property=\"og:image:width\" content=\"873\" \/>\n\t<meta property=\"og:image:height\" content=\"273\" \/>\n\t<meta property=\"og:image:type\" content=\"image\/png\" \/>\n<meta name=\"twitter:card\" content=\"summary_large_image\" \/>\n<meta name=\"twitter:label1\" content=\"\u0426\u0435\u043d\u0430\" \/>\n\t<meta name=\"twitter:data1\" content=\"&euro;39.50\" \/>\n\t<meta name=\"twitter:label2\" content=\"\u0414\u043e\u0441\u0442\u0443\u043f\u043d\u043e\u0441\u0442\u044c\" \/>\n\t<meta name=\"twitter:data2\" content=\"\u0412 \u043d\u0430\u043b\u0438\u0447\u0438\u0438\" \/>\n<meta property=\"product:price:amount\" content=\"39.50\" \/>\n<meta property=\"product:price:currency\" content=\"EUR\" \/>\n<meta property=\"og:availability\" content=\"instock\" \/>\n<meta property=\"product:availability\" content=\"instock\" \/>\n<meta property=\"product:retailer_item_id\" content=\"PKP-G30-TERAS\" \/>\n<meta property=\"product:condition\" content=\"new\" \/>\n<!-- \/ Yoast SEO Premium plugin. -->","yoast_head_json":{"title":"\u0421\u0442\u0430\u043b\u044c\u043d\u0430\u044f \u0437\u0430\u0449\u0438\u0442\u0430 \u043f\u043e\u043b\u0430 Segway Ninebot Max G30 &#8212; T\u00f5uksimaailm","robots":{"index":"index","follow":"follow","max-snippet":"max-snippet:-1","max-image-preview":"max-image-preview:large","max-video-preview":"max-video-preview:-1"},"canonical":"https:\/\/www.xn--tuksimaailm-ffb.ee\/ru\/\u043f\u0440\u043e\u0434\u0443\u043a\u0442\/%d1%81%d1%82%d0%b0%d0%bb%d1%8c%d0%bd%d0%b0%d1%8f-%d0%b7%d0%b0%d1%89%d0%b8%d1%82%d0%b0-%d0%bf%d0%be%d0%bb%d0%b0-segway-ninebot-max-g30\/","og_locale":"ru_RU","og_type":"article","og_title":"\u0421\u0442\u0430\u043b\u044c\u043d\u0430\u044f \u0437\u0430\u0449\u0438\u0442\u0430 \u043f\u043e\u043b\u0430 Segway Ninebot Max G30","og_description":"\u0421\u0442\u0430\u043b\u044c\u043d\u0430\u044f \u0437\u0430\u0449\u0438\u0442\u043d\u0430\u044f \u043f\u043b\u0430\u0441\u0442\u0438\u043d\u0430 \u0434\u043d\u0438\u0449\u0430 Segway Ninebot Max G30 (\u0442\u0430\u043a\u0436\u0435 \u043a\u0440\u044b\u0448\u043a\u0430 \u0434\u043d\u0438\u0449\u0430, \u043d\u0438\u0436\u043d\u044f\u044f \u043a\u0440\u044b\u0448\u043a\u0430 \/ \u043a\u0440\u044b\u0448\u043a\u0430, \u043a\u0440\u044b\u0448\u043a\u0430 \u0430\u043a\u043a\u0443\u043c\u0443\u043b\u044f\u0442\u043e\u0440\u0430). \u041f\u043e \u0441\u0440\u0430\u0432\u043d\u0435\u043d\u0438\u044e \u0441 \u043e\u0440\u0438\u0433\u0438\u043d\u0430\u043b\u044c\u043d\u043e\u0439 \u043f\u043b\u0430\u0441\u0442\u0438\u043a\u043e\u0432\u043e\u0439 \u043d\u0438\u0436\u043d\u0435\u0439 \u043a\u0440\u044b\u0448\u043a\u043e\u0439 Ninebot Max G30 , \u044d\u0442\u0430 \u043d\u0438\u0436\u043d\u044f\u044f \u0437\u0430\u0449\u0438\u0442\u0430 \u043f\u0440\u0435\u0434\u043e\u0445\u0440\u0430\u043d\u044f\u0435\u0442 \u0434\u043d\u0438\u0449\u0435 \u044d\u043b\u0435\u043a\u0442\u0440\u043e\u0441\u0430\u043c\u043e\u043a\u0430\u0442\u0430 \u0438 \u0441\u043e\u0434\u0435\u0440\u0436\u0438\u043c\u043e\u0435 \u043e\u0442 \u043f\u043e\u0432\u0440\u0435\u0436\u0434\u0435\u043d\u0438\u0439.","og_url":"https:\/\/www.xn--tuksimaailm-ffb.ee\/ru\/\u043f\u0440\u043e\u0434\u0443\u043a\u0442\/%d1%81%d1%82%d0%b0%d0%bb%d1%8c%d0%bd%d0%b0%d1%8f-%d0%b7%d0%b0%d1%89%d0%b8%d1%82%d0%b0-%d0%bf%d0%be%d0%bb%d0%b0-segway-ninebot-max-g30\/","og_site_name":"T\u00f5uksimaailm","article_publisher":"https:\/\/www.facebook.com\/touksimaailm\/","article_modified_time":"2025-03-03T10:38:28+00:00","og_image":[{"width":873,"height":273,"url":"https:\/\/www.xn--tuksimaailm-ffb.ee\/wp-content\/uploads\/2021\/01\/p\u00f5hjakaitse-e1611512108725.png","type":"image\/png"}],"twitter_card":"summary_large_image","twitter_misc":{"\u0426\u0435\u043d\u0430":"&euro;39.50","\u0414\u043e\u0441\u0442\u0443\u043f\u043d\u043e\u0441\u0442\u044c":"\u0412 \u043d\u0430\u043b\u0438\u0447\u0438\u0438"},"schema":{"@context":"https:\/\/schema.org","@graph":[{"@type":"WebPage","@id":"https:\/\/www.xn--tuksimaailm-ffb.ee\/ru\/\u043f\u0440\u043e\u0434\u0443\u043a\u0442\/%d1%81%d1%82%d0%b0%d0%bb%d1%8c%d0%bd%d0%b0%d1%8f-%d0%b7%d0%b0%d1%89%d0%b8%d1%82%d0%b0-%d0%bf%d0%be%d0%bb%d0%b0-segway-ninebot-max-g30\/","url":"https:\/\/www.xn--tuksimaailm-ffb.ee\/ru\/\u043f\u0440\u043e\u0434\u0443\u043a\u0442\/%d1%81%d1%82%d0%b0%d0%bb%d1%8c%d0%bd%d0%b0%d1%8f-%d0%b7%d0%b0%d1%89%d0%b8%d1%82%d0%b0-%d0%bf%d0%be%d0%bb%d0%b0-segway-ninebot-max-g30\/","name":"\u0421\u0442\u0430\u043b\u044c\u043d\u0430\u044f \u0437\u0430\u0449\u0438\u0442\u0430 \u043f\u043e\u043b\u0430 Segway Ninebot Max G30 &#8212; T\u00f5uksimaailm","isPartOf":{"@id":"https:\/\/www.xn--tuksimaailm-ffb.ee\/ru\/#website"},"primaryImageOfPage":{"@id":"https:\/\/www.xn--tuksimaailm-ffb.ee\/ru\/\u043f\u0440\u043e\u0434\u0443\u043a\u0442\/%d1%81%d1%82%d0%b0%d0%bb%d1%8c%d0%bd%d0%b0%d1%8f-%d0%b7%d0%b0%d1%89%d0%b8%d1%82%d0%b0-%d0%bf%d0%be%d0%bb%d0%b0-segway-ninebot-max-g30\/#primaryimage"},"image":{"@id":"https:\/\/www.xn--tuksimaailm-ffb.ee\/ru\/\u043f\u0440\u043e\u0434\u0443\u043a\u0442\/%d1%81%d1%82%d0%b0%d0%bb%d1%8c%d0%bd%d0%b0%d1%8f-%d0%b7%d0%b0%d1%89%d0%b8%d1%82%d0%b0-%d0%bf%d0%be%d0%bb%d0%b0-segway-ninebot-max-g30\/#primaryimage"},"thumbnailUrl":"https:\/\/www.xn--tuksimaailm-ffb.ee\/wp-content\/uploads\/2021\/01\/Screenshot-2026-01-18-220051.webp","datePublished":"2021-01-24T18:07:09+00:00","dateModified":"2025-03-03T10:38:28+00:00","breadcrumb":{"@id":"https:\/\/www.xn--tuksimaailm-ffb.ee\/ru\/\u043f\u0440\u043e\u0434\u0443\u043a\u0442\/%d1%81%d1%82%d0%b0%d0%bb%d1%8c%d0%bd%d0%b0%d1%8f-%d0%b7%d0%b0%d1%89%d0%b8%d1%82%d0%b0-%d0%bf%d0%be%d0%bb%d0%b0-segway-ninebot-max-g30\/#breadcrumb"},"inLanguage":"ru-RU","potentialAction":[{"@type":"ReadAction","target":["https:\/\/www.xn--tuksimaailm-ffb.ee\/ru\/\u043f\u0440\u043e\u0434\u0443\u043a\u0442\/%d1%81%d1%82%d0%b0%d0%bb%d1%8c%d0%bd%d0%b0%d1%8f-%d0%b7%d0%b0%d1%89%d0%b8%d1%82%d0%b0-%d0%bf%d0%be%d0%bb%d0%b0-segway-ninebot-max-g30\/"]}]},{"@type":"ImageObject","inLanguage":"ru-RU","@id":"https:\/\/www.xn--tuksimaailm-ffb.ee\/ru\/\u043f\u0440\u043e\u0434\u0443\u043a\u0442\/%d1%81%d1%82%d0%b0%d0%bb%d1%8c%d0%bd%d0%b0%d1%8f-%d0%b7%d0%b0%d1%89%d0%b8%d1%82%d0%b0-%d0%bf%d0%be%d0%bb%d0%b0-segway-ninebot-max-g30\/#primaryimage","url":"https:\/\/www.xn--tuksimaailm-ffb.ee\/wp-content\/uploads\/2021\/01\/Screenshot-2026-01-18-220051.webp","contentUrl":"https:\/\/www.xn--tuksimaailm-ffb.ee\/wp-content\/uploads\/2021\/01\/Screenshot-2026-01-18-220051.webp","width":958,"height":943,"caption":"Segway Ninebot Max G30 terasest p\u00f5hjakaitse"},{"@type":"BreadcrumbList","@id":"https:\/\/www.xn--tuksimaailm-ffb.ee\/ru\/\u043f\u0440\u043e\u0434\u0443\u043a\u0442\/%d1%81%d1%82%d0%b0%d0%bb%d1%8c%d0%bd%d0%b0%d1%8f-%d0%b7%d0%b0%d1%89%d0%b8%d1%82%d0%b0-%d0%bf%d0%be%d0%bb%d0%b0-segway-ninebot-max-g30\/#breadcrumb","itemListElement":[{"@type":"ListItem","position":1,"name":"Home","item":"https:\/\/www.xn--tuksimaailm-ffb.ee\/ru\/frontpage\/"},{"@type":"ListItem","position":2,"name":"\u041c\u0410\u0413\u0410\u0417\u0418\u041d","item":"https:\/\/www.xn--tuksimaailm-ffb.ee\/elektritoukerataste-pood\/"},{"@type":"ListItem","position":3,"name":"\u0421\u0442\u0430\u043b\u044c\u043d\u0430\u044f \u0437\u0430\u0449\u0438\u0442\u0430 \u043f\u043e\u043b\u0430 Segway Ninebot Max G30"}]},{"@type":"WebSite","@id":"https:\/\/www.xn--tuksimaailm-ffb.ee\/ru\/#website","url":"https:\/\/www.xn--tuksimaailm-ffb.ee\/ru\/","name":"T\u00f5uksimaailm","description":"Elektrit\u00f5ukerataste m\u00fc\u00fck, remont ja rent","publisher":{"@id":"https:\/\/www.xn--tuksimaailm-ffb.ee\/ru\/#organization"},"potentialAction":[{"@type":"SearchAction","target":{"@type":"EntryPoint","urlTemplate":"https:\/\/www.xn--tuksimaailm-ffb.ee\/ru\/?s={search_term_string}"},"query-input":{"@type":"PropertyValueSpecification","valueRequired":true,"valueName":"search_term_string"}}],"inLanguage":"ru-RU"},{"@type":"Organization","@id":"https:\/\/www.xn--tuksimaailm-ffb.ee\/ru\/#organization","name":"T\u00f5uksimaailm","url":"https:\/\/www.xn--tuksimaailm-ffb.ee\/ru\/","logo":{"@type":"ImageObject","inLanguage":"ru-RU","@id":"https:\/\/www.xn--tuksimaailm-ffb.ee\/ru\/#\/schema\/logo\/image\/","url":"https:\/\/www.xn--tuksimaailm-ffb.ee\/wp-content\/uploads\/2020\/01\/logoz-e1579792875517.png","contentUrl":"https:\/\/www.xn--tuksimaailm-ffb.ee\/wp-content\/uploads\/2020\/01\/logoz-e1579792875517.png","width":250,"height":250,"caption":"T\u00f5uksimaailm"},"image":{"@id":"https:\/\/www.xn--tuksimaailm-ffb.ee\/ru\/#\/schema\/logo\/image\/"},"sameAs":["https:\/\/www.facebook.com\/touksimaailm\/","https:\/\/www.instagram.com\/touksimaailm_\/","https:\/\/www.youtube.com\/channel\/UC18ml0EKIDLP1xGuQjFzcXQ"]}]},"product_price_amount":"39.50","product_price_currency":"EUR","og_availability":"instock","product_availability":"instock","product_retailer_item_id":"PKP-G30-TERAS","product_condition":"new"},"jetpack_sharing_enabled":true,"_links":{"self":[{"href":"https:\/\/www.xn--tuksimaailm-ffb.ee\/ru\/wp-json\/wp\/v2\/product\/54538","targetHints":{"allow":["GET"]}}],"collection":[{"href":"https:\/\/www.xn--tuksimaailm-ffb.ee\/ru\/wp-json\/wp\/v2\/product"}],"about":[{"href":"https:\/\/www.xn--tuksimaailm-ffb.ee\/ru\/wp-json\/wp\/v2\/types\/product"}],"wp:featuredmedia":[{"embeddable":true,"href":"https:\/\/www.xn--tuksimaailm-ffb.ee\/ru\/wp-json\/wp\/v2\/media\/74732"}],"wp:attachment":[{"href":"https:\/\/www.xn--tuksimaailm-ffb.ee\/ru\/wp-json\/wp\/v2\/media?parent=54538"}],"wp:term":[{"taxonomy":"product_brand","embeddable":true,"href":"https:\/\/www.xn--tuksimaailm-ffb.ee\/ru\/wp-json\/wp\/v2\/product_brand?post=54538"},{"taxonomy":"product_cat","embeddable":true,"href":"https:\/\/www.xn--tuksimaailm-ffb.ee\/ru\/wp-json\/wp\/v2\/product_cat?post=54538"},{"taxonomy":"product_tag","embeddable":true,"href":"https:\/\/www.xn--tuksimaailm-ffb.ee\/ru\/wp-json\/wp\/v2\/product_tag?post=54538"},{"taxonomy":"filter_elektritoukeratas","embeddable":true,"href":"https:\/\/www.xn--tuksimaailm-ffb.ee\/ru\/wp-json\/wp\/v2\/filter_elektritoukeratas?post=54538"}],"curies":[{"name":"wp","href":"https:\/\/api.w.org\/{rel}","templated":true}]}}