{"id":54549,"date":"2021-01-24T12:32:39","date_gmt":"2021-01-24T09:32:39","guid":{"rendered":"http:\/\/www.xn--tuksimaailm-ffb.ee\/shop\/ninebot-max-g30-stemi-%d0%b2%d0%b8%d0%bd%d1%82%d1%8b-g30le-g30p\/"},"modified":"2021-01-24T12:32:39","modified_gmt":"2021-01-24T09:32:39","slug":"ninebot-max-g30-stemi-%d0%b2%d0%b8%d0%bd%d1%82%d1%8b-g30le-g30p","status":"publish","type":"product","link":"https:\/\/www.xn--tuksimaailm-ffb.ee\/ru\/\u043f\u0440\u043e\u0434\u0443\u043a\u0442\/ninebot-max-g30-stemi-%d0%b2%d0%b8%d0%bd%d1%82%d1%8b-g30le-g30p\/","title":{"rendered":"Ninebot Max G30 Stemi \u0432\u0438\u043d\u0442\u044b G30LE G30P"},"content":{"rendered":"<p>\u0412\u0438\u043d\u0442\u044b\/\u0431\u043e\u043b\u0442\u044b \u0434\u043b\u044f \u0448\u0442\u043e\u043a\u0430 Ninebot Max G30, \u043d\u0430\u0431\u043e\u0440 \u0438\u0437 <b><strong>6 \u0431\u043e\u043b\u0442\u043e\u0432 \u0441 \u0448\u0435\u0441\u0442\u0438\u0433\u0440\u0430\u043d\u043d\u043e\u0439 \u0433\u043e\u043b\u043e\u0432\u043a\u043e\u0439<\/strong><\/b>. \u0411\u043e\u043b\u0442\u044b Segway Ninebot Max G30 Stem \u0438\u0434\u0435\u0430\u043b\u044c\u043d\u043e \u043f\u043e\u0434\u0445\u043e\u0434\u044f\u0442 \u0434\u043b\u044f \u043f\u043e\u043f\u0443\u043b\u044f\u0440\u043d\u043e\u0433\u043e \u044d\u043b\u0435\u043a\u0442\u0440\u0438\u0447\u0435\u0441\u043a\u043e\u0433\u043e \u0441\u0430\u043c\u043e\u043a\u0430\u0442\u0430 <a href=\"http:\/\/www.xn--tuksimaailm-ffb.ee\/shop\/elektriline-toukeratas-ninebot-max-g30\/\"><b><strong>Ninebot Max G30<\/strong><\/b><\/a><b><strong>.<\/strong><\/b> \u0422\u0430\u043a\u0436\u0435 \u043f\u043e\u0434\u0445\u043e\u0434\u044f\u0442 \u0434\u043b\u044f \u044d\u043b\u0435\u043a\u0442\u0440\u043e\u0441\u043a\u0443\u0442\u0435\u0440\u043e\u0432 <a href=\"https:\/\/ee-en.segway.com\/products\/ninebot-kickscooter-max-g30le-powered-by-segway\"><b><strong>Ninebot Max G30LE<\/strong><\/b><\/a><b><strong>, Ninebot Max G30P.<\/strong><\/b> \u0415\u0441\u043b\u0438 \u0440\u0435\u043c\u043e\u043d\u0442 \u044d\u043b\u0435\u043a\u0442\u0440\u043e\u0441\u043a\u0443\u0442\u0435\u0440\u0430 Segway - \u0441\u043b\u0438\u0448\u043a\u043e\u043c \u0441\u043b\u043e\u0436\u043d\u0430\u044f \u0437\u0430\u0434\u0430\u0447\u0430 \u0434\u043b\u044f \u0432\u0430\u0441, \u043d\u0430\u0448\u0430 <a href=\"http:\/\/www.xn--tuksimaailm-ffb.ee\/elektrilise-toukeratta-remont\/\"><b><strong>\u043c\u0430\u0441\u0442\u0435\u0440\u0441\u043a\u0430\u044f \u044d\u043b\u0435\u043a\u0442\u0440\u043e\u0441\u043a\u0443\u0442\u0435\u0440\u043e\u0432<\/strong><\/b><\/a> \u043c\u043e\u0436\u0435\u0442 \u043f\u043e\u043c\u043e\u0447\u044c.<\/p>\n","protected":false},"excerpt":{"rendered":"<p>\u0412\u0438\u043d\u0442\u044b\/\u0431\u043e\u043b\u0442\u044b \u0434\u043b\u044f \u0448\u0442\u043e\u043a\u0430 Ninebot Max G30, \u043d\u0430\u0431\u043e\u0440 \u0438\u0437 6 \u0431\u043e\u043b\u0442\u043e\u0432 \u0441 \u0448\u0435\u0441\u0442\u0438\u0433\u0440\u0430\u043d\u043d\u043e\u0439 \u0433\u043e\u043b\u043e\u0432\u043a\u043e\u0439. \u0411\u043e\u043b\u0442\u044b Segway Ninebot Max G30 Stem \u0438\u0434\u0435\u0430\u043b\u044c\u043d\u043e \u043f\u043e\u0434\u0445\u043e\u0434\u044f\u0442 \u0434\u043b\u044f \u043f\u043e\u043f\u0443\u043b\u044f\u0440\u043d\u043e\u0433\u043e \u044d\u043b\u0435\u043a\u0442\u0440\u0438\u0447\u0435\u0441\u043a\u043e\u0433\u043e \u0441\u0430\u043c\u043e\u043a\u0430\u0442\u0430 Ninebot Max G30. \u0422\u0430\u043a\u0436\u0435 \u043f\u043e\u0434\u0445\u043e\u0434\u044f\u0442 \u0434\u043b\u044f \u044d\u043b\u0435\u043a\u0442\u0440\u043e\u0441\u043a\u0443\u0442\u0435\u0440\u043e\u0432 Ninebot Max G30LE, Ninebot Max G30P. \u0415\u0441\u043b\u0438 \u0440\u0435\u043c\u043e\u043d\u0442 \u044d\u043b\u0435\u043a\u0442\u0440\u043e\u0441\u043a\u0443\u0442\u0435\u0440\u0430 Segway - \u0441\u043b\u0438\u0448\u043a\u043e\u043c \u0441\u043b\u043e\u0436\u043d\u0430\u044f \u0437\u0430\u0434\u0430\u0447\u0430 \u0434\u043b\u044f \u0432\u0430\u0441, \u043d\u0430\u0448\u0430 \u043c\u0430\u0441\u0442\u0435\u0440\u0441\u043a\u0430\u044f &hellip;<\/p>\n","protected":false},"featured_media":55857,"template":"","meta":[],"product_brand":[],"product_cat":[757],"product_tag":[],"filter_elektritoukeratas":[2639,2640,2641,2638,2637,2642],"class_list":{"0":"post-54549","1":"product","2":"type-product","3":"status-publish","4":"has-post-thumbnail","6":"product_cat-757","7":"filter_elektritoukeratas-ft_segway_ninebot_d18e_d28e_d38e","8":"filter_elektritoukeratas-ft_segway_ninebot_f20d_f25e_ii_f30d_f40d_f40d_ii","9":"filter_elektritoukeratas-ft_segway_ninebot_f65_f65i","10":"filter_elektritoukeratas-ft_segway_ninebot_max_g2e_g65","11":"filter_elektritoukeratas-ft_segway_ninebot_max_g30p_g30le_g30e_ii_g30lp_ii","12":"filter_elektritoukeratas-ft_segway_ninebot_p65e_p65i","14":"first","15":"instock","16":"taxable","17":"shipping-taxable","18":"purchasable","19":"product-type-simple"},"yoast_head":"<!-- This site is optimized with the Yoast SEO Premium plugin v26.8 (Yoast SEO v27.5) - https:\/\/yoast.com\/product\/yoast-seo-premium-wordpress\/ -->\n<title>Ninebot Max G30 Stemi \u0432\u0438\u043d\u0442\u044b G30LE G30P &#8212; T\u00f5uksimaailm<\/title>\n<meta name=\"robots\" content=\"index, follow, max-snippet:-1, max-image-preview:large, max-video-preview:-1\" \/>\n<link rel=\"canonical\" href=\"https:\/\/www.xn--tuksimaailm-ffb.ee\/ru\/\u043f\u0440\u043e\u0434\u0443\u043a\u0442\/ninebot-max-g30-stemi-%d0%b2%d0%b8%d0%bd%d1%82%d1%8b-g30le-g30p\/\" \/>\n<meta property=\"og:locale\" content=\"ru_RU\" \/>\n<meta property=\"og:type\" content=\"article\" \/>\n<meta property=\"og:title\" content=\"Ninebot Max G30 Stemi \u0432\u0438\u043d\u0442\u044b G30LE G30P\" \/>\n<meta property=\"og:description\" content=\"\u0412\u0438\u043d\u0442\u044b\/\u0431\u043e\u043b\u0442\u044b \u0434\u043b\u044f \u0448\u0442\u043e\u043a\u0430 Ninebot Max G30, \u043d\u0430\u0431\u043e\u0440 \u0438\u0437 6 \u0431\u043e\u043b\u0442\u043e\u0432 \u0441 \u0448\u0435\u0441\u0442\u0438\u0433\u0440\u0430\u043d\u043d\u043e\u0439 \u0433\u043e\u043b\u043e\u0432\u043a\u043e\u0439. \u0411\u043e\u043b\u0442\u044b Segway Ninebot Max G30 Stem \u0438\u0434\u0435\u0430\u043b\u044c\u043d\u043e \u043f\u043e\u0434\u0445\u043e\u0434\u044f\u0442 \u0434\u043b\u044f \u043f\u043e\u043f\u0443\u043b\u044f\u0440\u043d\u043e\u0433\u043e \u044d\u043b\u0435\u043a\u0442\u0440\u0438\u0447\u0435\u0441\u043a\u043e\u0433\u043e \u0441\u0430\u043c\u043e\u043a\u0430\u0442\u0430 Ninebot Max G30. \u0422\u0430\u043a\u0436\u0435 \u043f\u043e\u0434\u0445\u043e\u0434\u044f\u0442 \u0434\u043b\u044f \u044d\u043b\u0435\u043a\u0442\u0440\u043e\u0441\u043a\u0443\u0442\u0435\u0440\u043e\u0432 Ninebot Max G30LE, Ninebot Max G30P. \u0415\u0441\u043b\u0438 \u0440\u0435\u043c\u043e\u043d\u0442 \u044d\u043b\u0435\u043a\u0442\u0440\u043e\u0441\u043a\u0443\u0442\u0435\u0440\u0430 Segway - \u0441\u043b\u0438\u0448\u043a\u043e\u043c \u0441\u043b\u043e\u0436\u043d\u0430\u044f \u0437\u0430\u0434\u0430\u0447\u0430 \u0434\u043b\u044f \u0432\u0430\u0441, \u043d\u0430\u0448\u0430 \u043c\u0430\u0441\u0442\u0435\u0440\u0441\u043a\u0430\u044f &hellip;\" \/>\n<meta property=\"og:url\" content=\"https:\/\/www.xn--tuksimaailm-ffb.ee\/ru\/\u043f\u0440\u043e\u0434\u0443\u043a\u0442\/ninebot-max-g30-stemi-%d0%b2%d0%b8%d0%bd%d1%82%d1%8b-g30le-g30p\/\" \/>\n<meta property=\"og:site_name\" content=\"T\u00f5uksimaailm\" \/>\n<meta property=\"article:publisher\" content=\"https:\/\/www.facebook.com\/touksimaailm\/\" \/>\n<meta property=\"og:image\" content=\"https:\/\/www.xn--tuksimaailm-ffb.ee\/wp-content\/uploads\/2021\/01\/Screenshot-2025-01-28-160044.png\" \/>\n\t<meta property=\"og:image:width\" content=\"784\" \/>\n\t<meta property=\"og:image:height\" content=\"692\" \/>\n\t<meta property=\"og:image:type\" content=\"image\/png\" \/>\n<meta name=\"twitter:card\" content=\"summary_large_image\" \/>\n<meta name=\"twitter:label1\" content=\"\u0426\u0435\u043d\u0430\" \/>\n\t<meta name=\"twitter:data1\" content=\"&euro;1.50\" \/>\n\t<meta name=\"twitter:label2\" content=\"\u0414\u043e\u0441\u0442\u0443\u043f\u043d\u043e\u0441\u0442\u044c\" \/>\n\t<meta name=\"twitter:data2\" content=\"\u0412 \u043d\u0430\u043b\u0438\u0447\u0438\u0438\" \/>\n<meta property=\"product:price:amount\" content=\"1.50\" \/>\n<meta property=\"product:price:currency\" content=\"EUR\" \/>\n<meta property=\"og:availability\" content=\"instock\" \/>\n<meta property=\"product:availability\" content=\"instock\" \/>\n<meta property=\"product:condition\" content=\"new\" \/>\n<!-- \/ Yoast SEO Premium plugin. -->","yoast_head_json":{"title":"Ninebot Max G30 Stemi \u0432\u0438\u043d\u0442\u044b G30LE G30P &#8212; T\u00f5uksimaailm","robots":{"index":"index","follow":"follow","max-snippet":"max-snippet:-1","max-image-preview":"max-image-preview:large","max-video-preview":"max-video-preview:-1"},"canonical":"https:\/\/www.xn--tuksimaailm-ffb.ee\/ru\/\u043f\u0440\u043e\u0434\u0443\u043a\u0442\/ninebot-max-g30-stemi-%d0%b2%d0%b8%d0%bd%d1%82%d1%8b-g30le-g30p\/","og_locale":"ru_RU","og_type":"article","og_title":"Ninebot Max G30 Stemi \u0432\u0438\u043d\u0442\u044b G30LE G30P","og_description":"\u0412\u0438\u043d\u0442\u044b\/\u0431\u043e\u043b\u0442\u044b \u0434\u043b\u044f \u0448\u0442\u043e\u043a\u0430 Ninebot Max G30, \u043d\u0430\u0431\u043e\u0440 \u0438\u0437 6 \u0431\u043e\u043b\u0442\u043e\u0432 \u0441 \u0448\u0435\u0441\u0442\u0438\u0433\u0440\u0430\u043d\u043d\u043e\u0439 \u0433\u043e\u043b\u043e\u0432\u043a\u043e\u0439. \u0411\u043e\u043b\u0442\u044b Segway Ninebot Max G30 Stem \u0438\u0434\u0435\u0430\u043b\u044c\u043d\u043e \u043f\u043e\u0434\u0445\u043e\u0434\u044f\u0442 \u0434\u043b\u044f \u043f\u043e\u043f\u0443\u043b\u044f\u0440\u043d\u043e\u0433\u043e \u044d\u043b\u0435\u043a\u0442\u0440\u0438\u0447\u0435\u0441\u043a\u043e\u0433\u043e \u0441\u0430\u043c\u043e\u043a\u0430\u0442\u0430 Ninebot Max G30. \u0422\u0430\u043a\u0436\u0435 \u043f\u043e\u0434\u0445\u043e\u0434\u044f\u0442 \u0434\u043b\u044f \u044d\u043b\u0435\u043a\u0442\u0440\u043e\u0441\u043a\u0443\u0442\u0435\u0440\u043e\u0432 Ninebot Max G30LE, Ninebot Max G30P. \u0415\u0441\u043b\u0438 \u0440\u0435\u043c\u043e\u043d\u0442 \u044d\u043b\u0435\u043a\u0442\u0440\u043e\u0441\u043a\u0443\u0442\u0435\u0440\u0430 Segway - \u0441\u043b\u0438\u0448\u043a\u043e\u043c \u0441\u043b\u043e\u0436\u043d\u0430\u044f \u0437\u0430\u0434\u0430\u0447\u0430 \u0434\u043b\u044f \u0432\u0430\u0441, \u043d\u0430\u0448\u0430 \u043c\u0430\u0441\u0442\u0435\u0440\u0441\u043a\u0430\u044f &hellip;","og_url":"https:\/\/www.xn--tuksimaailm-ffb.ee\/ru\/\u043f\u0440\u043e\u0434\u0443\u043a\u0442\/ninebot-max-g30-stemi-%d0%b2%d0%b8%d0%bd%d1%82%d1%8b-g30le-g30p\/","og_site_name":"T\u00f5uksimaailm","article_publisher":"https:\/\/www.facebook.com\/touksimaailm\/","og_image":[{"width":784,"height":692,"url":"https:\/\/www.xn--tuksimaailm-ffb.ee\/wp-content\/uploads\/2021\/01\/Screenshot-2025-01-28-160044.png","type":"image\/png"}],"twitter_card":"summary_large_image","twitter_misc":{"\u0426\u0435\u043d\u0430":"&euro;1.50","\u0414\u043e\u0441\u0442\u0443\u043f\u043d\u043e\u0441\u0442\u044c":"\u0412 \u043d\u0430\u043b\u0438\u0447\u0438\u0438"},"schema":{"@context":"https:\/\/schema.org","@graph":[{"@type":"WebPage","@id":"https:\/\/www.xn--tuksimaailm-ffb.ee\/ru\/\u043f\u0440\u043e\u0434\u0443\u043a\u0442\/ninebot-max-g30-stemi-%d0%b2%d0%b8%d0%bd%d1%82%d1%8b-g30le-g30p\/","url":"https:\/\/www.xn--tuksimaailm-ffb.ee\/ru\/\u043f\u0440\u043e\u0434\u0443\u043a\u0442\/ninebot-max-g30-stemi-%d0%b2%d0%b8%d0%bd%d1%82%d1%8b-g30le-g30p\/","name":"Ninebot Max G30 Stemi \u0432\u0438\u043d\u0442\u044b G30LE G30P &#8212; T\u00f5uksimaailm","isPartOf":{"@id":"https:\/\/www.xn--tuksimaailm-ffb.ee\/ru\/#website"},"primaryImageOfPage":{"@id":"https:\/\/www.xn--tuksimaailm-ffb.ee\/ru\/\u043f\u0440\u043e\u0434\u0443\u043a\u0442\/ninebot-max-g30-stemi-%d0%b2%d0%b8%d0%bd%d1%82%d1%8b-g30le-g30p\/#primaryimage"},"image":{"@id":"https:\/\/www.xn--tuksimaailm-ffb.ee\/ru\/\u043f\u0440\u043e\u0434\u0443\u043a\u0442\/ninebot-max-g30-stemi-%d0%b2%d0%b8%d0%bd%d1%82%d1%8b-g30le-g30p\/#primaryimage"},"thumbnailUrl":"https:\/\/www.xn--tuksimaailm-ffb.ee\/wp-content\/uploads\/2021\/01\/Screenshot-2025-01-28-160044.png","datePublished":"2021-01-24T09:32:39+00:00","breadcrumb":{"@id":"https:\/\/www.xn--tuksimaailm-ffb.ee\/ru\/\u043f\u0440\u043e\u0434\u0443\u043a\u0442\/ninebot-max-g30-stemi-%d0%b2%d0%b8%d0%bd%d1%82%d1%8b-g30le-g30p\/#breadcrumb"},"inLanguage":"ru-RU","potentialAction":[{"@type":"ReadAction","target":["https:\/\/www.xn--tuksimaailm-ffb.ee\/ru\/\u043f\u0440\u043e\u0434\u0443\u043a\u0442\/ninebot-max-g30-stemi-%d0%b2%d0%b8%d0%bd%d1%82%d1%8b-g30le-g30p\/"]}]},{"@type":"ImageObject","inLanguage":"ru-RU","@id":"https:\/\/www.xn--tuksimaailm-ffb.ee\/ru\/\u043f\u0440\u043e\u0434\u0443\u043a\u0442\/ninebot-max-g30-stemi-%d0%b2%d0%b8%d0%bd%d1%82%d1%8b-g30le-g30p\/#primaryimage","url":"https:\/\/www.xn--tuksimaailm-ffb.ee\/wp-content\/uploads\/2021\/01\/Screenshot-2025-01-28-160044.png","contentUrl":"https:\/\/www.xn--tuksimaailm-ffb.ee\/wp-content\/uploads\/2021\/01\/Screenshot-2025-01-28-160044.png","width":784,"height":692,"caption":"Ninebot Max G30 Stemi kruvi \/ polt G30LE G30P"},{"@type":"BreadcrumbList","@id":"https:\/\/www.xn--tuksimaailm-ffb.ee\/ru\/\u043f\u0440\u043e\u0434\u0443\u043a\u0442\/ninebot-max-g30-stemi-%d0%b2%d0%b8%d0%bd%d1%82%d1%8b-g30le-g30p\/#breadcrumb","itemListElement":[{"@type":"ListItem","position":1,"name":"Home","item":"https:\/\/www.xn--tuksimaailm-ffb.ee\/ru\/frontpage\/"},{"@type":"ListItem","position":2,"name":"\u041c\u0410\u0413\u0410\u0417\u0418\u041d","item":"https:\/\/www.xn--tuksimaailm-ffb.ee\/elektritoukerataste-pood\/"},{"@type":"ListItem","position":3,"name":"Ninebot Max G30 Stemi \u0432\u0438\u043d\u0442\u044b G30LE G30P"}]},{"@type":"WebSite","@id":"https:\/\/www.xn--tuksimaailm-ffb.ee\/ru\/#website","url":"https:\/\/www.xn--tuksimaailm-ffb.ee\/ru\/","name":"T\u00f5uksimaailm","description":"Elektrit\u00f5ukerataste m\u00fc\u00fck, remont ja rent","publisher":{"@id":"https:\/\/www.xn--tuksimaailm-ffb.ee\/ru\/#organization"},"potentialAction":[{"@type":"SearchAction","target":{"@type":"EntryPoint","urlTemplate":"https:\/\/www.xn--tuksimaailm-ffb.ee\/ru\/?s={search_term_string}"},"query-input":{"@type":"PropertyValueSpecification","valueRequired":true,"valueName":"search_term_string"}}],"inLanguage":"ru-RU"},{"@type":"Organization","@id":"https:\/\/www.xn--tuksimaailm-ffb.ee\/ru\/#organization","name":"T\u00f5uksimaailm","url":"https:\/\/www.xn--tuksimaailm-ffb.ee\/ru\/","logo":{"@type":"ImageObject","inLanguage":"ru-RU","@id":"https:\/\/www.xn--tuksimaailm-ffb.ee\/ru\/#\/schema\/logo\/image\/","url":"https:\/\/www.xn--tuksimaailm-ffb.ee\/wp-content\/uploads\/2020\/01\/logoz-e1579792875517.png","contentUrl":"https:\/\/www.xn--tuksimaailm-ffb.ee\/wp-content\/uploads\/2020\/01\/logoz-e1579792875517.png","width":250,"height":250,"caption":"T\u00f5uksimaailm"},"image":{"@id":"https:\/\/www.xn--tuksimaailm-ffb.ee\/ru\/#\/schema\/logo\/image\/"},"sameAs":["https:\/\/www.facebook.com\/touksimaailm\/","https:\/\/www.instagram.com\/touksimaailm_\/","https:\/\/www.youtube.com\/channel\/UC18ml0EKIDLP1xGuQjFzcXQ"]}]},"product_price_amount":"1.50","product_price_currency":"EUR","og_availability":"instock","product_availability":"instock","product_condition":"new"},"jetpack_sharing_enabled":true,"_links":{"self":[{"href":"https:\/\/www.xn--tuksimaailm-ffb.ee\/ru\/wp-json\/wp\/v2\/product\/54549","targetHints":{"allow":["GET"]}}],"collection":[{"href":"https:\/\/www.xn--tuksimaailm-ffb.ee\/ru\/wp-json\/wp\/v2\/product"}],"about":[{"href":"https:\/\/www.xn--tuksimaailm-ffb.ee\/ru\/wp-json\/wp\/v2\/types\/product"}],"wp:featuredmedia":[{"embeddable":true,"href":"https:\/\/www.xn--tuksimaailm-ffb.ee\/ru\/wp-json\/wp\/v2\/media\/55857"}],"wp:attachment":[{"href":"https:\/\/www.xn--tuksimaailm-ffb.ee\/ru\/wp-json\/wp\/v2\/media?parent=54549"}],"wp:term":[{"taxonomy":"product_brand","embeddable":true,"href":"https:\/\/www.xn--tuksimaailm-ffb.ee\/ru\/wp-json\/wp\/v2\/product_brand?post=54549"},{"taxonomy":"product_cat","embeddable":true,"href":"https:\/\/www.xn--tuksimaailm-ffb.ee\/ru\/wp-json\/wp\/v2\/product_cat?post=54549"},{"taxonomy":"product_tag","embeddable":true,"href":"https:\/\/www.xn--tuksimaailm-ffb.ee\/ru\/wp-json\/wp\/v2\/product_tag?post=54549"},{"taxonomy":"filter_elektritoukeratas","embeddable":true,"href":"https:\/\/www.xn--tuksimaailm-ffb.ee\/ru\/wp-json\/wp\/v2\/filter_elektritoukeratas?post=54549"}],"curies":[{"name":"wp","href":"https:\/\/api.w.org\/{rel}","templated":true}]}}