{"id":59823,"date":"2021-01-10T12:59:32","date_gmt":"2021-01-10T10:59:32","guid":{"rendered":"http:\/\/www.xn--tuksimaailm-ffb.ee\/shop\/xiaomi-%d0%b7%d0%b0%d0%b4%d0%bd%d0%b8%d0%b9-%d0%b1%d0%be%d1%80%d1%82-%d0%ba%d1%80%d1%8e%d1%87%d0%be%d0%ba-%d1%81%d0%b5%d1%80%d1%8b%d0%b9-mi-m365-1s-pro-2\/"},"modified":"2021-01-10T12:59:32","modified_gmt":"2021-01-10T10:59:32","slug":"xiaomi-%d0%b7%d0%b0%d0%b4%d0%bd%d0%b8%d0%b9-%d0%b1%d0%be%d1%80%d1%82-%d0%ba%d1%80%d1%8e%d1%87%d0%be%d0%ba-%d1%81%d0%b5%d1%80%d1%8b%d0%b9-mi-m365-1s-pro-2","status":"publish","type":"product","link":"https:\/\/www.xn--tuksimaailm-ffb.ee\/ru\/\u043f\u0440\u043e\u0434\u0443\u043a\u0442\/xiaomi-%d0%b7%d0%b0%d0%b4%d0%bd%d0%b8%d0%b9-%d0%b1%d0%be%d1%80%d1%82-%d0%ba%d1%80%d1%8e%d1%87%d0%be%d0%ba-%d1%81%d0%b5%d1%80%d1%8b%d0%b9-mi-m365-1s-pro-2\/","title":{"rendered":"Xiaomi \u0437\u0430\u0434\u043d\u0438\u0439 \u0431\u043e\u0440\u0442 \u043a\u0440\u044e\u0447\u043e\u043a \u0441\u0435\u0440\u044b\u0439 Mi M365 1S Pro 2"},"content":{"rendered":"<p><a href=\"https:\/\/www.deepl.com\/en\/%C2%ABhttp:\/\/www.xn--tuksimaailm-ffb.ee\/shop\/xiaomi-tagumine-porilaud-mi-m365-pro\/%C2%BB\">\u0417\u0430\u0434\u043d\u0438\u0439 \u0431\u0440\u044b\u0437\u0433\u043e\u0432\u0438\u043a<\/a> Xiaomi (\u0437\u0430\u0434\u043d\u0438\u0439 \u0431\u0440\u044b\u0437\u0433\u043e\u0432\u0438\u043a \/ \u0431\u0440\u044b\u0437\u0433\u043e\u0432\u0438\u043a) \u043a\u0440\u044e\u043a, <b><strong>\u0441\u0435\u0440\u044b\u0439<\/strong><\/b>. \u0417\u0430\u0434\u043d\u0438\u0439 \u0431\u0440\u044b\u0437\u0433\u043e\u0432\u0438\u043a Xiaomi \u043f\u043e\u0434\u0445\u043e\u0434\u0438\u0442 \u0434\u043b\u044f \u043f\u043e\u043f\u0443\u043b\u044f\u0440\u043d\u044b\u0445 \u044d\u043b\u0435\u043a\u0442\u0440\u043e\u0441\u043a\u0443\u0442\u0435\u0440\u043e\u0432 Xiaomi: <a href=\"http:\/\/www.xn--tuksimaailm-ffb.ee\/shop\/xiaomi-pro-2-elektritoukeratas\/\"><b><strong>Xiaomi Mi Pro 2<\/strong><\/b><\/a><b><strong>,<\/strong><\/b> <a href=\"http:\/\/www.xn--tuksimaailm-ffb.ee\/shop\/elektriline-toukeratas-xiaomi-mi-m365-pro\/\"><b><strong>Xiaomi M365 Pro<\/strong><\/b><\/a><b><strong>, <\/strong><\/b><a href=\"https:\/\/www.mi.com\/global\/mi-electric-scooter-1S\/\"><b><strong>Xiaomi Mi 1S<\/strong><\/b><\/a><b><strong> \u0438 <\/strong><\/b><a href=\"http:\/\/www.xn--tuksimaailm-ffb.ee\/shop\/elektritouks_xiaomi-360\/\"><b><strong>Xiaomi M365<\/strong><\/b><\/a><b><strong>.<\/strong><\/b><\/p>\n","protected":false},"excerpt":{"rendered":"<p>\u0417\u0430\u0434\u043d\u0438\u0439 \u0431\u0440\u044b\u0437\u0433\u043e\u0432\u0438\u043a Xiaomi (\u0437\u0430\u0434\u043d\u0438\u0439 \u0431\u0440\u044b\u0437\u0433\u043e\u0432\u0438\u043a \/ \u0431\u0440\u044b\u0437\u0433\u043e\u0432\u0438\u043a) \u043a\u0440\u044e\u043a, \u0441\u0435\u0440\u044b\u0439. \u0417\u0430\u0434\u043d\u0438\u0439 \u0431\u0440\u044b\u0437\u0433\u043e\u0432\u0438\u043a Xiaomi \u043f\u043e\u0434\u0445\u043e\u0434\u0438\u0442 \u0434\u043b\u044f \u043f\u043e\u043f\u0443\u043b\u044f\u0440\u043d\u044b\u0445 \u044d\u043b\u0435\u043a\u0442\u0440\u043e\u0441\u043a\u0443\u0442\u0435\u0440\u043e\u0432 Xiaomi: Xiaomi Mi Pro 2, Xiaomi M365 Pro, Xiaomi Mi 1S \u0438 Xiaomi M365.<\/p>\n","protected":false},"featured_media":12594,"template":"","meta":[],"product_brand":[],"product_cat":[757],"product_tag":[1519],"filter_elektritoukeratas":[2613,2612],"class_list":{"0":"post-59823","1":"product","2":"type-product","3":"status-publish","4":"has-post-thumbnail","6":"product_cat-757","7":"product_tag-xiaomi-varuosad-ru","8":"filter_elektritoukeratas-ft_xiaomi_1s_mi3_pro_2_3_lite","9":"filter_elektritoukeratas-ft_xiaomi_m365_m365_pro_essential","11":"first","12":"instock","13":"taxable","14":"shipping-taxable","15":"purchasable","16":"product-type-simple"},"yoast_head":"<!-- This site is optimized with the Yoast SEO Premium plugin v26.8 (Yoast SEO v27.5) - https:\/\/yoast.com\/product\/yoast-seo-premium-wordpress\/ -->\n<title>Xiaomi \u0437\u0430\u0434\u043d\u0438\u0439 \u0431\u043e\u0440\u0442 \u043a\u0440\u044e\u0447\u043e\u043a \u0441\u0435\u0440\u044b\u0439 Mi M365 1S Pro 2 &#8212; T\u00f5uksimaailm<\/title>\n<meta name=\"robots\" content=\"index, follow, max-snippet:-1, max-image-preview:large, max-video-preview:-1\" \/>\n<link rel=\"canonical\" href=\"https:\/\/www.xn--tuksimaailm-ffb.ee\/ru\/\u043f\u0440\u043e\u0434\u0443\u043a\u0442\/xiaomi-%d0%b7%d0%b0%d0%b4%d0%bd%d0%b8%d0%b9-%d0%b1%d0%be%d1%80%d1%82-%d0%ba%d1%80%d1%8e%d1%87%d0%be%d0%ba-%d1%81%d0%b5%d1%80%d1%8b%d0%b9-mi-m365-1s-pro-2\/\" \/>\n<meta property=\"og:locale\" content=\"ru_RU\" \/>\n<meta property=\"og:type\" content=\"article\" \/>\n<meta property=\"og:title\" content=\"Xiaomi \u0437\u0430\u0434\u043d\u0438\u0439 \u0431\u043e\u0440\u0442 \u043a\u0440\u044e\u0447\u043e\u043a \u0441\u0435\u0440\u044b\u0439 Mi M365 1S Pro 2\" \/>\n<meta property=\"og:description\" content=\"\u0417\u0430\u0434\u043d\u0438\u0439 \u0431\u0440\u044b\u0437\u0433\u043e\u0432\u0438\u043a Xiaomi (\u0437\u0430\u0434\u043d\u0438\u0439 \u0431\u0440\u044b\u0437\u0433\u043e\u0432\u0438\u043a \/ \u0431\u0440\u044b\u0437\u0433\u043e\u0432\u0438\u043a) \u043a\u0440\u044e\u043a, \u0441\u0435\u0440\u044b\u0439. \u0417\u0430\u0434\u043d\u0438\u0439 \u0431\u0440\u044b\u0437\u0433\u043e\u0432\u0438\u043a Xiaomi \u043f\u043e\u0434\u0445\u043e\u0434\u0438\u0442 \u0434\u043b\u044f \u043f\u043e\u043f\u0443\u043b\u044f\u0440\u043d\u044b\u0445 \u044d\u043b\u0435\u043a\u0442\u0440\u043e\u0441\u043a\u0443\u0442\u0435\u0440\u043e\u0432 Xiaomi: Xiaomi Mi Pro 2, Xiaomi M365 Pro, Xiaomi Mi 1S \u0438 Xiaomi M365.\" \/>\n<meta property=\"og:url\" content=\"https:\/\/www.xn--tuksimaailm-ffb.ee\/ru\/\u043f\u0440\u043e\u0434\u0443\u043a\u0442\/xiaomi-%d0%b7%d0%b0%d0%b4%d0%bd%d0%b8%d0%b9-%d0%b1%d0%be%d1%80%d1%82-%d0%ba%d1%80%d1%8e%d1%87%d0%be%d0%ba-%d1%81%d0%b5%d1%80%d1%8b%d0%b9-mi-m365-1s-pro-2\/\" \/>\n<meta property=\"og:site_name\" content=\"T\u00f5uksimaailm\" \/>\n<meta property=\"article:publisher\" content=\"https:\/\/www.facebook.com\/touksimaailm\/\" \/>\n<meta property=\"og:image\" content=\"https:\/\/www.xn--tuksimaailm-ffb.ee\/wp-content\/uploads\/2021\/01\/konks-hall.jpg\" \/>\n\t<meta property=\"og:image:width\" content=\"326\" \/>\n\t<meta property=\"og:image:height\" content=\"310\" \/>\n\t<meta property=\"og:image:type\" content=\"image\/jpeg\" \/>\n<meta name=\"twitter:card\" content=\"summary_large_image\" \/>\n<meta name=\"twitter:label1\" content=\"\u0426\u0435\u043d\u0430\" \/>\n\t<meta name=\"twitter:data1\" content=\"&euro;4.50\" \/>\n\t<meta name=\"twitter:label2\" content=\"\u0414\u043e\u0441\u0442\u0443\u043f\u043d\u043e\u0441\u0442\u044c\" \/>\n\t<meta name=\"twitter:data2\" content=\"\u0412 \u043d\u0430\u043b\u0438\u0447\u0438\u0438\" \/>\n<meta property=\"product:price:amount\" content=\"4.50\" \/>\n<meta property=\"product:price:currency\" content=\"EUR\" \/>\n<meta property=\"og:availability\" content=\"instock\" \/>\n<meta property=\"product:availability\" content=\"instock\" \/>\n<meta property=\"product:condition\" content=\"new\" \/>\n<!-- \/ Yoast SEO Premium plugin. -->","yoast_head_json":{"title":"Xiaomi \u0437\u0430\u0434\u043d\u0438\u0439 \u0431\u043e\u0440\u0442 \u043a\u0440\u044e\u0447\u043e\u043a \u0441\u0435\u0440\u044b\u0439 Mi M365 1S Pro 2 &#8212; T\u00f5uksimaailm","robots":{"index":"index","follow":"follow","max-snippet":"max-snippet:-1","max-image-preview":"max-image-preview:large","max-video-preview":"max-video-preview:-1"},"canonical":"https:\/\/www.xn--tuksimaailm-ffb.ee\/ru\/\u043f\u0440\u043e\u0434\u0443\u043a\u0442\/xiaomi-%d0%b7%d0%b0%d0%b4%d0%bd%d0%b8%d0%b9-%d0%b1%d0%be%d1%80%d1%82-%d0%ba%d1%80%d1%8e%d1%87%d0%be%d0%ba-%d1%81%d0%b5%d1%80%d1%8b%d0%b9-mi-m365-1s-pro-2\/","og_locale":"ru_RU","og_type":"article","og_title":"Xiaomi \u0437\u0430\u0434\u043d\u0438\u0439 \u0431\u043e\u0440\u0442 \u043a\u0440\u044e\u0447\u043e\u043a \u0441\u0435\u0440\u044b\u0439 Mi M365 1S Pro 2","og_description":"\u0417\u0430\u0434\u043d\u0438\u0439 \u0431\u0440\u044b\u0437\u0433\u043e\u0432\u0438\u043a Xiaomi (\u0437\u0430\u0434\u043d\u0438\u0439 \u0431\u0440\u044b\u0437\u0433\u043e\u0432\u0438\u043a \/ \u0431\u0440\u044b\u0437\u0433\u043e\u0432\u0438\u043a) \u043a\u0440\u044e\u043a, \u0441\u0435\u0440\u044b\u0439. \u0417\u0430\u0434\u043d\u0438\u0439 \u0431\u0440\u044b\u0437\u0433\u043e\u0432\u0438\u043a Xiaomi \u043f\u043e\u0434\u0445\u043e\u0434\u0438\u0442 \u0434\u043b\u044f \u043f\u043e\u043f\u0443\u043b\u044f\u0440\u043d\u044b\u0445 \u044d\u043b\u0435\u043a\u0442\u0440\u043e\u0441\u043a\u0443\u0442\u0435\u0440\u043e\u0432 Xiaomi: Xiaomi Mi Pro 2, Xiaomi M365 Pro, Xiaomi Mi 1S \u0438 Xiaomi M365.","og_url":"https:\/\/www.xn--tuksimaailm-ffb.ee\/ru\/\u043f\u0440\u043e\u0434\u0443\u043a\u0442\/xiaomi-%d0%b7%d0%b0%d0%b4%d0%bd%d0%b8%d0%b9-%d0%b1%d0%be%d1%80%d1%82-%d0%ba%d1%80%d1%8e%d1%87%d0%be%d0%ba-%d1%81%d0%b5%d1%80%d1%8b%d0%b9-mi-m365-1s-pro-2\/","og_site_name":"T\u00f5uksimaailm","article_publisher":"https:\/\/www.facebook.com\/touksimaailm\/","og_image":[{"width":326,"height":310,"url":"https:\/\/www.xn--tuksimaailm-ffb.ee\/wp-content\/uploads\/2021\/01\/konks-hall.jpg","type":"image\/jpeg"}],"twitter_card":"summary_large_image","twitter_misc":{"\u0426\u0435\u043d\u0430":"&euro;4.50","\u0414\u043e\u0441\u0442\u0443\u043f\u043d\u043e\u0441\u0442\u044c":"\u0412 \u043d\u0430\u043b\u0438\u0447\u0438\u0438"},"schema":{"@context":"https:\/\/schema.org","@graph":[{"@type":"WebPage","@id":"https:\/\/www.xn--tuksimaailm-ffb.ee\/ru\/\u043f\u0440\u043e\u0434\u0443\u043a\u0442\/xiaomi-%d0%b7%d0%b0%d0%b4%d0%bd%d0%b8%d0%b9-%d0%b1%d0%be%d1%80%d1%82-%d0%ba%d1%80%d1%8e%d1%87%d0%be%d0%ba-%d1%81%d0%b5%d1%80%d1%8b%d0%b9-mi-m365-1s-pro-2\/","url":"https:\/\/www.xn--tuksimaailm-ffb.ee\/ru\/\u043f\u0440\u043e\u0434\u0443\u043a\u0442\/xiaomi-%d0%b7%d0%b0%d0%b4%d0%bd%d0%b8%d0%b9-%d0%b1%d0%be%d1%80%d1%82-%d0%ba%d1%80%d1%8e%d1%87%d0%be%d0%ba-%d1%81%d0%b5%d1%80%d1%8b%d0%b9-mi-m365-1s-pro-2\/","name":"Xiaomi \u0437\u0430\u0434\u043d\u0438\u0439 \u0431\u043e\u0440\u0442 \u043a\u0440\u044e\u0447\u043e\u043a \u0441\u0435\u0440\u044b\u0439 Mi M365 1S Pro 2 &#8212; T\u00f5uksimaailm","isPartOf":{"@id":"https:\/\/www.xn--tuksimaailm-ffb.ee\/ru\/#website"},"primaryImageOfPage":{"@id":"https:\/\/www.xn--tuksimaailm-ffb.ee\/ru\/\u043f\u0440\u043e\u0434\u0443\u043a\u0442\/xiaomi-%d0%b7%d0%b0%d0%b4%d0%bd%d0%b8%d0%b9-%d0%b1%d0%be%d1%80%d1%82-%d0%ba%d1%80%d1%8e%d1%87%d0%be%d0%ba-%d1%81%d0%b5%d1%80%d1%8b%d0%b9-mi-m365-1s-pro-2\/#primaryimage"},"image":{"@id":"https:\/\/www.xn--tuksimaailm-ffb.ee\/ru\/\u043f\u0440\u043e\u0434\u0443\u043a\u0442\/xiaomi-%d0%b7%d0%b0%d0%b4%d0%bd%d0%b8%d0%b9-%d0%b1%d0%be%d1%80%d1%82-%d0%ba%d1%80%d1%8e%d1%87%d0%be%d0%ba-%d1%81%d0%b5%d1%80%d1%8b%d0%b9-mi-m365-1s-pro-2\/#primaryimage"},"thumbnailUrl":"https:\/\/www.xn--tuksimaailm-ffb.ee\/wp-content\/uploads\/2021\/01\/konks-hall.jpg","datePublished":"2021-01-10T10:59:32+00:00","breadcrumb":{"@id":"https:\/\/www.xn--tuksimaailm-ffb.ee\/ru\/\u043f\u0440\u043e\u0434\u0443\u043a\u0442\/xiaomi-%d0%b7%d0%b0%d0%b4%d0%bd%d0%b8%d0%b9-%d0%b1%d0%be%d1%80%d1%82-%d0%ba%d1%80%d1%8e%d1%87%d0%be%d0%ba-%d1%81%d0%b5%d1%80%d1%8b%d0%b9-mi-m365-1s-pro-2\/#breadcrumb"},"inLanguage":"ru-RU","potentialAction":[{"@type":"ReadAction","target":["https:\/\/www.xn--tuksimaailm-ffb.ee\/ru\/\u043f\u0440\u043e\u0434\u0443\u043a\u0442\/xiaomi-%d0%b7%d0%b0%d0%b4%d0%bd%d0%b8%d0%b9-%d0%b1%d0%be%d1%80%d1%82-%d0%ba%d1%80%d1%8e%d1%87%d0%be%d0%ba-%d1%81%d0%b5%d1%80%d1%8b%d0%b9-mi-m365-1s-pro-2\/"]}]},{"@type":"ImageObject","inLanguage":"ru-RU","@id":"https:\/\/www.xn--tuksimaailm-ffb.ee\/ru\/\u043f\u0440\u043e\u0434\u0443\u043a\u0442\/xiaomi-%d0%b7%d0%b0%d0%b4%d0%bd%d0%b8%d0%b9-%d0%b1%d0%be%d1%80%d1%82-%d0%ba%d1%80%d1%8e%d1%87%d0%be%d0%ba-%d1%81%d0%b5%d1%80%d1%8b%d0%b9-mi-m365-1s-pro-2\/#primaryimage","url":"https:\/\/www.xn--tuksimaailm-ffb.ee\/wp-content\/uploads\/2021\/01\/konks-hall.jpg","contentUrl":"https:\/\/www.xn--tuksimaailm-ffb.ee\/wp-content\/uploads\/2021\/01\/konks-hall.jpg","width":326,"height":310},{"@type":"BreadcrumbList","@id":"https:\/\/www.xn--tuksimaailm-ffb.ee\/ru\/\u043f\u0440\u043e\u0434\u0443\u043a\u0442\/xiaomi-%d0%b7%d0%b0%d0%b4%d0%bd%d0%b8%d0%b9-%d0%b1%d0%be%d1%80%d1%82-%d0%ba%d1%80%d1%8e%d1%87%d0%be%d0%ba-%d1%81%d0%b5%d1%80%d1%8b%d0%b9-mi-m365-1s-pro-2\/#breadcrumb","itemListElement":[{"@type":"ListItem","position":1,"name":"Home","item":"https:\/\/www.xn--tuksimaailm-ffb.ee\/ru\/frontpage\/"},{"@type":"ListItem","position":2,"name":"\u041c\u0410\u0413\u0410\u0417\u0418\u041d","item":"https:\/\/www.xn--tuksimaailm-ffb.ee\/elektritoukerataste-pood\/"},{"@type":"ListItem","position":3,"name":"Xiaomi \u0437\u0430\u0434\u043d\u0438\u0439 \u0431\u043e\u0440\u0442 \u043a\u0440\u044e\u0447\u043e\u043a \u0441\u0435\u0440\u044b\u0439 Mi M365 1S Pro 2"}]},{"@type":"WebSite","@id":"https:\/\/www.xn--tuksimaailm-ffb.ee\/ru\/#website","url":"https:\/\/www.xn--tuksimaailm-ffb.ee\/ru\/","name":"T\u00f5uksimaailm","description":"Elektrit\u00f5ukerataste m\u00fc\u00fck, remont ja rent","publisher":{"@id":"https:\/\/www.xn--tuksimaailm-ffb.ee\/ru\/#organization"},"potentialAction":[{"@type":"SearchAction","target":{"@type":"EntryPoint","urlTemplate":"https:\/\/www.xn--tuksimaailm-ffb.ee\/ru\/?s={search_term_string}"},"query-input":{"@type":"PropertyValueSpecification","valueRequired":true,"valueName":"search_term_string"}}],"inLanguage":"ru-RU"},{"@type":"Organization","@id":"https:\/\/www.xn--tuksimaailm-ffb.ee\/ru\/#organization","name":"T\u00f5uksimaailm","url":"https:\/\/www.xn--tuksimaailm-ffb.ee\/ru\/","logo":{"@type":"ImageObject","inLanguage":"ru-RU","@id":"https:\/\/www.xn--tuksimaailm-ffb.ee\/ru\/#\/schema\/logo\/image\/","url":"https:\/\/www.xn--tuksimaailm-ffb.ee\/wp-content\/uploads\/2020\/01\/logoz-e1579792875517.png","contentUrl":"https:\/\/www.xn--tuksimaailm-ffb.ee\/wp-content\/uploads\/2020\/01\/logoz-e1579792875517.png","width":250,"height":250,"caption":"T\u00f5uksimaailm"},"image":{"@id":"https:\/\/www.xn--tuksimaailm-ffb.ee\/ru\/#\/schema\/logo\/image\/"},"sameAs":["https:\/\/www.facebook.com\/touksimaailm\/","https:\/\/www.instagram.com\/touksimaailm_\/","https:\/\/www.youtube.com\/channel\/UC18ml0EKIDLP1xGuQjFzcXQ"]}]},"product_price_amount":"4.50","product_price_currency":"EUR","og_availability":"instock","product_availability":"instock","product_condition":"new"},"jetpack_sharing_enabled":true,"_links":{"self":[{"href":"https:\/\/www.xn--tuksimaailm-ffb.ee\/ru\/wp-json\/wp\/v2\/product\/59823","targetHints":{"allow":["GET"]}}],"collection":[{"href":"https:\/\/www.xn--tuksimaailm-ffb.ee\/ru\/wp-json\/wp\/v2\/product"}],"about":[{"href":"https:\/\/www.xn--tuksimaailm-ffb.ee\/ru\/wp-json\/wp\/v2\/types\/product"}],"wp:featuredmedia":[{"embeddable":true,"href":"https:\/\/www.xn--tuksimaailm-ffb.ee\/ru\/wp-json\/wp\/v2\/media\/12594"}],"wp:attachment":[{"href":"https:\/\/www.xn--tuksimaailm-ffb.ee\/ru\/wp-json\/wp\/v2\/media?parent=59823"}],"wp:term":[{"taxonomy":"product_brand","embeddable":true,"href":"https:\/\/www.xn--tuksimaailm-ffb.ee\/ru\/wp-json\/wp\/v2\/product_brand?post=59823"},{"taxonomy":"product_cat","embeddable":true,"href":"https:\/\/www.xn--tuksimaailm-ffb.ee\/ru\/wp-json\/wp\/v2\/product_cat?post=59823"},{"taxonomy":"product_tag","embeddable":true,"href":"https:\/\/www.xn--tuksimaailm-ffb.ee\/ru\/wp-json\/wp\/v2\/product_tag?post=59823"},{"taxonomy":"filter_elektritoukeratas","embeddable":true,"href":"https:\/\/www.xn--tuksimaailm-ffb.ee\/ru\/wp-json\/wp\/v2\/filter_elektritoukeratas?post=59823"}],"curies":[{"name":"wp","href":"https:\/\/api.w.org\/{rel}","templated":true}]}}