{"id":59832,"date":"2021-01-09T14:38:21","date_gmt":"2021-01-09T12:38:21","guid":{"rendered":"http:\/\/www.xn--tuksimaailm-ffb.ee\/shop\/%d0%b2%d0%b8%d0%bd%d1%82-%d0%b1%d0%be%d0%bb%d1%82-xiaomi-stemi-m365-1s-pro-2\/"},"modified":"2021-01-09T14:38:21","modified_gmt":"2021-01-09T12:38:21","slug":"%d0%b2%d0%b8%d0%bd%d1%82-%d0%b1%d0%be%d0%bb%d1%82-xiaomi-stemi-m365-1s-pro-2","status":"publish","type":"product","link":"https:\/\/www.xn--tuksimaailm-ffb.ee\/ru\/\u043f\u0440\u043e\u0434\u0443\u043a\u0442\/%d0%b2%d0%b8%d0%bd%d1%82-%d0%b1%d0%be%d0%bb%d1%82-xiaomi-stemi-m365-1s-pro-2\/","title":{"rendered":"\u0412\u0438\u043d\u0442\/\u0431\u043e\u043b\u0442 Xiaomi Stemi M365 1S Pro 2"},"content":{"rendered":"<p><b><strong>\u0412\u0438\u043d\u0442\/\u0431\u043e\u043b\u0442 \u0448\u0442\u043e\u043a\u0430 Xiaomi M365 1S Pro 2.<\/strong><\/b> \u0412\u0438\u043d\u0442\u044b\/\u0431\u043e\u043b\u0442\u044b \u0434\u043b\u044f \u044d\u043b\u0435\u043a\u0442\u0440\u043e\u0441\u0430\u043c\u043e\u043a\u0430\u0442\u043e\u0432 Xiaomi \u043f\u043e\u0434\u0445\u043e\u0434\u044f\u0442 \u0434\u043b\u044f \u043f\u043e\u043f\u0443\u043b\u044f\u0440\u043d\u044b\u0445 \u044d\u043b\u0435\u043a\u0442\u0440\u043e\u0441\u0430\u043c\u043e\u043a\u0430\u0442\u043e\u0432 <a href=\"http:\/\/www.xn--tuksimaailm-ffb.ee\/shop\/elektritouks_xiaomi-360\/\"><b><strong>Xiaomi M365<\/strong><\/b><\/a><b><strong>, <\/strong><\/b><a href=\"https:\/\/www.mi.com\/global\/mi-electric-scooter-1S\/\"><b><strong>Xiaomi Mi 1S<\/strong><\/b><\/a><b><strong>,<\/strong><\/b><a href=\"http:\/\/www.xn--tuksimaailm-ffb.ee\/shop\/elektriline-toukeratas-xiaomi-mi-m365-pro\/\"><b><strong> Xiaomi Mi M365 Pro<\/strong><\/b><\/a> \u0438 <a href=\"https:\/\/www.mi.com\/global\/mi-electric-scooter-Pro2\/\"><b><strong>Xiaomi Mi Pro 2<\/strong><\/b><\/a> \u0438 \u0431\u043e\u043b\u044c\u0448\u0438\u043d\u0441\u0442\u0432\u0430 \u043a\u043b\u043e\u043d\u043e\u0432\/\u043a\u043e\u043f\u0438\u0439 Xiaomi (Macwheel, Sermangreen, Citiway, E-Wheels E2S V2, Xiaomi Essential \u0438 \u043c\u043d\u043e\u0433\u0438\u0445 \u0434\u0440\u0443\u0433\u0438\u0445). \u0412\u0438\u043d\u0442\u044b \u0448\u0442\u043e\u043a\u0430 Xiaomi \u043d\u0435\u043e\u0431\u0445\u043e\u0434\u0438\u043c\u043e \u0437\u0430\u043c\u0435\u043d\u0438\u0442\u044c, \u0435\u0441\u043b\u0438 \u0433\u043e\u043b\u043e\u0432\u043a\u0438 \u0432\u0438\u043d\u0442\u043e\u0432 \u043f\u0435\u0440\u0435\u0442\u044f\u043d\u0443\u0442\u044b \u0438\u043b\u0438 \u043f\u043e\u0432\u0440\u0435\u0436\u0434\u0435\u043d\u044b \u043d\u0430\u0441\u0442\u043e\u043b\u044c\u043a\u043e, \u0447\u0442\u043e \u0448\u0442\u043e\u043a \u0431\u043e\u043b\u044c\u0448\u0435 \u043d\u0435 \u043c\u043e\u0436\u0435\u0442 \u0431\u044b\u0442\u044c \u043f\u043b\u043e\u0442\u043d\u043e \u0437\u0430\u0442\u044f\u043d\u0443\u0442. \u0415\u0441\u043b\u0438 \u0432\u044b \u0437\u0430\u0442\u0440\u0443\u0434\u043d\u044f\u0435\u0442\u0435\u0441\u044c \u0441 \u0441\u0430\u043c\u043e\u0441\u0442\u043e\u044f\u0442\u0435\u043b\u044c\u043d\u044b\u043c \u0440\u0435\u043c\u043e\u043d\u0442\u043e\u043c \u0448\u0442\u043e\u043a\u0430 Xiaomi, \u043d\u0430\u0448\u0430 <a href=\"http:\/\/www.xn--tuksimaailm-ffb.ee\/elektrilise-toukeratta-remont\/\"><b><strong>\u043c\u0430\u0441\u0442\u0435\u0440\u0441\u043a\u0430\u044f \u043f\u043e \u0440\u0435\u043c\u043e\u043d\u0442\u0443 \u0448\u0442\u043e\u043a\u043e\u0432<\/strong><\/b><\/a> \u043c\u043e\u0436\u0435\u0442 \u0432\u0430\u043c \u043f\u043e\u043c\u043e\u0447\u044c.<\/p>\n","protected":false},"excerpt":{"rendered":"<p>\u0412\u0438\u043d\u0442\/\u0431\u043e\u043b\u0442 \u0448\u0442\u043e\u043a\u0430 Xiaomi M365 1S Pro 2. \u0412\u0438\u043d\u0442\u044b\/\u0431\u043e\u043b\u0442\u044b \u0434\u043b\u044f \u044d\u043b\u0435\u043a\u0442\u0440\u043e\u0441\u0430\u043c\u043e\u043a\u0430\u0442\u043e\u0432 Xiaomi \u043f\u043e\u0434\u0445\u043e\u0434\u044f\u0442 \u0434\u043b\u044f \u043f\u043e\u043f\u0443\u043b\u044f\u0440\u043d\u044b\u0445 \u044d\u043b\u0435\u043a\u0442\u0440\u043e\u0441\u0430\u043c\u043e\u043a\u0430\u0442\u043e\u0432 Xiaomi M365, Xiaomi Mi 1S, Xiaomi Mi M365 Pro \u0438 Xiaomi Mi Pro 2 \u0438 \u0431\u043e\u043b\u044c\u0448\u0438\u043d\u0441\u0442\u0432\u0430 \u043a\u043b\u043e\u043d\u043e\u0432\/\u043a\u043e\u043f\u0438\u0439 Xiaomi (Macwheel, Sermangreen, Citiway, E-Wheels E2S V2, Xiaomi Essential \u0438 \u043c\u043d\u043e\u0433\u0438\u0445 \u0434\u0440\u0443\u0433\u0438\u0445). \u0412\u0438\u043d\u0442\u044b \u0448\u0442\u043e\u043a\u0430 Xiaomi \u043d\u0435\u043e\u0431\u0445\u043e\u0434\u0438\u043c\u043e \u0437\u0430\u043c\u0435\u043d\u0438\u0442\u044c, \u0435\u0441\u043b\u0438 &hellip;<\/p>\n","protected":false},"featured_media":55861,"template":"","meta":[],"product_brand":[],"product_cat":[757],"product_tag":[],"filter_elektritoukeratas":[2613,2619,2612],"class_list":{"0":"post-59832","1":"product","2":"type-product","3":"status-publish","4":"has-post-thumbnail","6":"product_cat-757","7":"filter_elektritoukeratas-ft_xiaomi_1s_mi3_pro_2_3_lite","8":"filter_elektritoukeratas-ft_xiaomi_4_4_lite_4_pro","9":"filter_elektritoukeratas-ft_xiaomi_m365_m365_pro_essential","11":"first","12":"instock","13":"taxable","14":"shipping-taxable","15":"purchasable","16":"product-type-simple"},"yoast_head":"<!-- This site is optimized with the Yoast SEO Premium plugin v26.8 (Yoast SEO v27.5) - https:\/\/yoast.com\/product\/yoast-seo-premium-wordpress\/ -->\n<title>\u0412\u0438\u043d\u0442\/\u0431\u043e\u043b\u0442 Xiaomi Stemi M365 1S Pro 2 &#8212; T\u00f5uksimaailm<\/title>\n<meta name=\"robots\" content=\"index, follow, max-snippet:-1, max-image-preview:large, max-video-preview:-1\" \/>\n<link rel=\"canonical\" href=\"https:\/\/www.xn--tuksimaailm-ffb.ee\/ru\/\u043f\u0440\u043e\u0434\u0443\u043a\u0442\/%d0%b2%d0%b8%d0%bd%d1%82-%d0%b1%d0%be%d0%bb%d1%82-xiaomi-stemi-m365-1s-pro-2\/\" \/>\n<meta property=\"og:locale\" content=\"ru_RU\" \/>\n<meta property=\"og:type\" content=\"article\" \/>\n<meta property=\"og:title\" content=\"\u0412\u0438\u043d\u0442\/\u0431\u043e\u043b\u0442 Xiaomi Stemi M365 1S Pro 2\" \/>\n<meta property=\"og:description\" content=\"\u0412\u0438\u043d\u0442\/\u0431\u043e\u043b\u0442 \u0448\u0442\u043e\u043a\u0430 Xiaomi M365 1S Pro 2. \u0412\u0438\u043d\u0442\u044b\/\u0431\u043e\u043b\u0442\u044b \u0434\u043b\u044f \u044d\u043b\u0435\u043a\u0442\u0440\u043e\u0441\u0430\u043c\u043e\u043a\u0430\u0442\u043e\u0432 Xiaomi \u043f\u043e\u0434\u0445\u043e\u0434\u044f\u0442 \u0434\u043b\u044f \u043f\u043e\u043f\u0443\u043b\u044f\u0440\u043d\u044b\u0445 \u044d\u043b\u0435\u043a\u0442\u0440\u043e\u0441\u0430\u043c\u043e\u043a\u0430\u0442\u043e\u0432 Xiaomi M365, Xiaomi Mi 1S, Xiaomi Mi M365 Pro \u0438 Xiaomi Mi Pro 2 \u0438 \u0431\u043e\u043b\u044c\u0448\u0438\u043d\u0441\u0442\u0432\u0430 \u043a\u043b\u043e\u043d\u043e\u0432\/\u043a\u043e\u043f\u0438\u0439 Xiaomi (Macwheel, Sermangreen, Citiway, E-Wheels E2S V2, Xiaomi Essential \u0438 \u043c\u043d\u043e\u0433\u0438\u0445 \u0434\u0440\u0443\u0433\u0438\u0445). \u0412\u0438\u043d\u0442\u044b \u0448\u0442\u043e\u043a\u0430 Xiaomi \u043d\u0435\u043e\u0431\u0445\u043e\u0434\u0438\u043c\u043e \u0437\u0430\u043c\u0435\u043d\u0438\u0442\u044c, \u0435\u0441\u043b\u0438 &hellip;\" \/>\n<meta property=\"og:url\" content=\"https:\/\/www.xn--tuksimaailm-ffb.ee\/ru\/\u043f\u0440\u043e\u0434\u0443\u043a\u0442\/%d0%b2%d0%b8%d0%bd%d1%82-%d0%b1%d0%be%d0%bb%d1%82-xiaomi-stemi-m365-1s-pro-2\/\" \/>\n<meta property=\"og:site_name\" content=\"T\u00f5uksimaailm\" \/>\n<meta property=\"article:publisher\" content=\"https:\/\/www.facebook.com\/touksimaailm\/\" \/>\n<meta property=\"og:image\" content=\"https:\/\/www.xn--tuksimaailm-ffb.ee\/wp-content\/uploads\/2021\/01\/Screenshot-2025-01-28-160044-1.png\" \/>\n\t<meta property=\"og:image:width\" content=\"784\" \/>\n\t<meta property=\"og:image:height\" content=\"692\" \/>\n\t<meta property=\"og:image:type\" content=\"image\/png\" \/>\n<meta name=\"twitter:card\" content=\"summary_large_image\" \/>\n<meta name=\"twitter:label1\" content=\"\u0426\u0435\u043d\u0430\" \/>\n\t<meta name=\"twitter:data1\" content=\"&euro;1.00\" \/>\n\t<meta name=\"twitter:label2\" content=\"\u0414\u043e\u0441\u0442\u0443\u043f\u043d\u043e\u0441\u0442\u044c\" \/>\n\t<meta name=\"twitter:data2\" content=\"\u0412 \u043d\u0430\u043b\u0438\u0447\u0438\u0438\" \/>\n<meta property=\"product:price:amount\" content=\"1.00\" \/>\n<meta property=\"product:price:currency\" content=\"EUR\" \/>\n<meta property=\"og:availability\" content=\"instock\" \/>\n<meta property=\"product:availability\" content=\"instock\" \/>\n<meta property=\"product:condition\" content=\"new\" \/>\n<!-- \/ Yoast SEO Premium plugin. -->","yoast_head_json":{"title":"\u0412\u0438\u043d\u0442\/\u0431\u043e\u043b\u0442 Xiaomi Stemi M365 1S Pro 2 &#8212; T\u00f5uksimaailm","robots":{"index":"index","follow":"follow","max-snippet":"max-snippet:-1","max-image-preview":"max-image-preview:large","max-video-preview":"max-video-preview:-1"},"canonical":"https:\/\/www.xn--tuksimaailm-ffb.ee\/ru\/\u043f\u0440\u043e\u0434\u0443\u043a\u0442\/%d0%b2%d0%b8%d0%bd%d1%82-%d0%b1%d0%be%d0%bb%d1%82-xiaomi-stemi-m365-1s-pro-2\/","og_locale":"ru_RU","og_type":"article","og_title":"\u0412\u0438\u043d\u0442\/\u0431\u043e\u043b\u0442 Xiaomi Stemi M365 1S Pro 2","og_description":"\u0412\u0438\u043d\u0442\/\u0431\u043e\u043b\u0442 \u0448\u0442\u043e\u043a\u0430 Xiaomi M365 1S Pro 2. \u0412\u0438\u043d\u0442\u044b\/\u0431\u043e\u043b\u0442\u044b \u0434\u043b\u044f \u044d\u043b\u0435\u043a\u0442\u0440\u043e\u0441\u0430\u043c\u043e\u043a\u0430\u0442\u043e\u0432 Xiaomi \u043f\u043e\u0434\u0445\u043e\u0434\u044f\u0442 \u0434\u043b\u044f \u043f\u043e\u043f\u0443\u043b\u044f\u0440\u043d\u044b\u0445 \u044d\u043b\u0435\u043a\u0442\u0440\u043e\u0441\u0430\u043c\u043e\u043a\u0430\u0442\u043e\u0432 Xiaomi M365, Xiaomi Mi 1S, Xiaomi Mi M365 Pro \u0438 Xiaomi Mi Pro 2 \u0438 \u0431\u043e\u043b\u044c\u0448\u0438\u043d\u0441\u0442\u0432\u0430 \u043a\u043b\u043e\u043d\u043e\u0432\/\u043a\u043e\u043f\u0438\u0439 Xiaomi (Macwheel, Sermangreen, Citiway, E-Wheels E2S V2, Xiaomi Essential \u0438 \u043c\u043d\u043e\u0433\u0438\u0445 \u0434\u0440\u0443\u0433\u0438\u0445). \u0412\u0438\u043d\u0442\u044b \u0448\u0442\u043e\u043a\u0430 Xiaomi \u043d\u0435\u043e\u0431\u0445\u043e\u0434\u0438\u043c\u043e \u0437\u0430\u043c\u0435\u043d\u0438\u0442\u044c, \u0435\u0441\u043b\u0438 &hellip;","og_url":"https:\/\/www.xn--tuksimaailm-ffb.ee\/ru\/\u043f\u0440\u043e\u0434\u0443\u043a\u0442\/%d0%b2%d0%b8%d0%bd%d1%82-%d0%b1%d0%be%d0%bb%d1%82-xiaomi-stemi-m365-1s-pro-2\/","og_site_name":"T\u00f5uksimaailm","article_publisher":"https:\/\/www.facebook.com\/touksimaailm\/","og_image":[{"width":784,"height":692,"url":"https:\/\/www.xn--tuksimaailm-ffb.ee\/wp-content\/uploads\/2021\/01\/Screenshot-2025-01-28-160044-1.png","type":"image\/png"}],"twitter_card":"summary_large_image","twitter_misc":{"\u0426\u0435\u043d\u0430":"&euro;1.00","\u0414\u043e\u0441\u0442\u0443\u043f\u043d\u043e\u0441\u0442\u044c":"\u0412 \u043d\u0430\u043b\u0438\u0447\u0438\u0438"},"schema":{"@context":"https:\/\/schema.org","@graph":[{"@type":"WebPage","@id":"https:\/\/www.xn--tuksimaailm-ffb.ee\/ru\/\u043f\u0440\u043e\u0434\u0443\u043a\u0442\/%d0%b2%d0%b8%d0%bd%d1%82-%d0%b1%d0%be%d0%bb%d1%82-xiaomi-stemi-m365-1s-pro-2\/","url":"https:\/\/www.xn--tuksimaailm-ffb.ee\/ru\/\u043f\u0440\u043e\u0434\u0443\u043a\u0442\/%d0%b2%d0%b8%d0%bd%d1%82-%d0%b1%d0%be%d0%bb%d1%82-xiaomi-stemi-m365-1s-pro-2\/","name":"\u0412\u0438\u043d\u0442\/\u0431\u043e\u043b\u0442 Xiaomi Stemi M365 1S Pro 2 &#8212; T\u00f5uksimaailm","isPartOf":{"@id":"https:\/\/www.xn--tuksimaailm-ffb.ee\/ru\/#website"},"primaryImageOfPage":{"@id":"https:\/\/www.xn--tuksimaailm-ffb.ee\/ru\/\u043f\u0440\u043e\u0434\u0443\u043a\u0442\/%d0%b2%d0%b8%d0%bd%d1%82-%d0%b1%d0%be%d0%bb%d1%82-xiaomi-stemi-m365-1s-pro-2\/#primaryimage"},"image":{"@id":"https:\/\/www.xn--tuksimaailm-ffb.ee\/ru\/\u043f\u0440\u043e\u0434\u0443\u043a\u0442\/%d0%b2%d0%b8%d0%bd%d1%82-%d0%b1%d0%be%d0%bb%d1%82-xiaomi-stemi-m365-1s-pro-2\/#primaryimage"},"thumbnailUrl":"https:\/\/www.xn--tuksimaailm-ffb.ee\/wp-content\/uploads\/2021\/01\/Screenshot-2025-01-28-160044-1.png","datePublished":"2021-01-09T12:38:21+00:00","breadcrumb":{"@id":"https:\/\/www.xn--tuksimaailm-ffb.ee\/ru\/\u043f\u0440\u043e\u0434\u0443\u043a\u0442\/%d0%b2%d0%b8%d0%bd%d1%82-%d0%b1%d0%be%d0%bb%d1%82-xiaomi-stemi-m365-1s-pro-2\/#breadcrumb"},"inLanguage":"ru-RU","potentialAction":[{"@type":"ReadAction","target":["https:\/\/www.xn--tuksimaailm-ffb.ee\/ru\/\u043f\u0440\u043e\u0434\u0443\u043a\u0442\/%d0%b2%d0%b8%d0%bd%d1%82-%d0%b1%d0%be%d0%bb%d1%82-xiaomi-stemi-m365-1s-pro-2\/"]}]},{"@type":"ImageObject","inLanguage":"ru-RU","@id":"https:\/\/www.xn--tuksimaailm-ffb.ee\/ru\/\u043f\u0440\u043e\u0434\u0443\u043a\u0442\/%d0%b2%d0%b8%d0%bd%d1%82-%d0%b1%d0%be%d0%bb%d1%82-xiaomi-stemi-m365-1s-pro-2\/#primaryimage","url":"https:\/\/www.xn--tuksimaailm-ffb.ee\/wp-content\/uploads\/2021\/01\/Screenshot-2025-01-28-160044-1.png","contentUrl":"https:\/\/www.xn--tuksimaailm-ffb.ee\/wp-content\/uploads\/2021\/01\/Screenshot-2025-01-28-160044-1.png","width":784,"height":692,"caption":"Xiaomi Stemi kruvi \/ polt M365 1S Pro 2"},{"@type":"BreadcrumbList","@id":"https:\/\/www.xn--tuksimaailm-ffb.ee\/ru\/\u043f\u0440\u043e\u0434\u0443\u043a\u0442\/%d0%b2%d0%b8%d0%bd%d1%82-%d0%b1%d0%be%d0%bb%d1%82-xiaomi-stemi-m365-1s-pro-2\/#breadcrumb","itemListElement":[{"@type":"ListItem","position":1,"name":"Home","item":"https:\/\/www.xn--tuksimaailm-ffb.ee\/ru\/frontpage\/"},{"@type":"ListItem","position":2,"name":"\u041c\u0410\u0413\u0410\u0417\u0418\u041d","item":"https:\/\/www.xn--tuksimaailm-ffb.ee\/elektritoukerataste-pood\/"},{"@type":"ListItem","position":3,"name":"\u0412\u0438\u043d\u0442\/\u0431\u043e\u043b\u0442 Xiaomi Stemi M365 1S Pro 2"}]},{"@type":"WebSite","@id":"https:\/\/www.xn--tuksimaailm-ffb.ee\/ru\/#website","url":"https:\/\/www.xn--tuksimaailm-ffb.ee\/ru\/","name":"T\u00f5uksimaailm","description":"Elektrit\u00f5ukerataste m\u00fc\u00fck, remont ja rent","publisher":{"@id":"https:\/\/www.xn--tuksimaailm-ffb.ee\/ru\/#organization"},"potentialAction":[{"@type":"SearchAction","target":{"@type":"EntryPoint","urlTemplate":"https:\/\/www.xn--tuksimaailm-ffb.ee\/ru\/?s={search_term_string}"},"query-input":{"@type":"PropertyValueSpecification","valueRequired":true,"valueName":"search_term_string"}}],"inLanguage":"ru-RU"},{"@type":"Organization","@id":"https:\/\/www.xn--tuksimaailm-ffb.ee\/ru\/#organization","name":"T\u00f5uksimaailm","url":"https:\/\/www.xn--tuksimaailm-ffb.ee\/ru\/","logo":{"@type":"ImageObject","inLanguage":"ru-RU","@id":"https:\/\/www.xn--tuksimaailm-ffb.ee\/ru\/#\/schema\/logo\/image\/","url":"https:\/\/www.xn--tuksimaailm-ffb.ee\/wp-content\/uploads\/2020\/01\/logoz-e1579792875517.png","contentUrl":"https:\/\/www.xn--tuksimaailm-ffb.ee\/wp-content\/uploads\/2020\/01\/logoz-e1579792875517.png","width":250,"height":250,"caption":"T\u00f5uksimaailm"},"image":{"@id":"https:\/\/www.xn--tuksimaailm-ffb.ee\/ru\/#\/schema\/logo\/image\/"},"sameAs":["https:\/\/www.facebook.com\/touksimaailm\/","https:\/\/www.instagram.com\/touksimaailm_\/","https:\/\/www.youtube.com\/channel\/UC18ml0EKIDLP1xGuQjFzcXQ"]}]},"product_price_amount":"1.00","product_price_currency":"EUR","og_availability":"instock","product_availability":"instock","product_condition":"new"},"jetpack_sharing_enabled":true,"_links":{"self":[{"href":"https:\/\/www.xn--tuksimaailm-ffb.ee\/ru\/wp-json\/wp\/v2\/product\/59832","targetHints":{"allow":["GET"]}}],"collection":[{"href":"https:\/\/www.xn--tuksimaailm-ffb.ee\/ru\/wp-json\/wp\/v2\/product"}],"about":[{"href":"https:\/\/www.xn--tuksimaailm-ffb.ee\/ru\/wp-json\/wp\/v2\/types\/product"}],"wp:featuredmedia":[{"embeddable":true,"href":"https:\/\/www.xn--tuksimaailm-ffb.ee\/ru\/wp-json\/wp\/v2\/media\/55861"}],"wp:attachment":[{"href":"https:\/\/www.xn--tuksimaailm-ffb.ee\/ru\/wp-json\/wp\/v2\/media?parent=59832"}],"wp:term":[{"taxonomy":"product_brand","embeddable":true,"href":"https:\/\/www.xn--tuksimaailm-ffb.ee\/ru\/wp-json\/wp\/v2\/product_brand?post=59832"},{"taxonomy":"product_cat","embeddable":true,"href":"https:\/\/www.xn--tuksimaailm-ffb.ee\/ru\/wp-json\/wp\/v2\/product_cat?post=59832"},{"taxonomy":"product_tag","embeddable":true,"href":"https:\/\/www.xn--tuksimaailm-ffb.ee\/ru\/wp-json\/wp\/v2\/product_tag?post=59832"},{"taxonomy":"filter_elektritoukeratas","embeddable":true,"href":"https:\/\/www.xn--tuksimaailm-ffb.ee\/ru\/wp-json\/wp\/v2\/filter_elektritoukeratas?post=59832"}],"curies":[{"name":"wp","href":"https:\/\/api.w.org\/{rel}","templated":true}]}}