{"id":59843,"date":"2021-01-08T22:17:32","date_gmt":"2021-01-08T20:17:32","guid":{"rendered":"http:\/\/www.xn--tuksimaailm-ffb.ee\/shop\/%d1%82%d1%80%d1%83%d0%b1%d0%ba%d0%b0-%d0%be%d0%b1%d1%8a%d0%b5%d0%ba%d1%82%d0%b8%d0%b2%d0%b0-xiaomi-pro-%d1%81%d0%bb%d0%be%d0%bc%d0%b0%d0%bd%d0%bd%d0%b0%d1%8f-%d0%b2%d0%bc%d0%b5%d1%81%d1%82%d0%b5\/"},"modified":"2021-01-08T22:17:32","modified_gmt":"2021-01-08T20:17:32","slug":"%d1%82%d1%80%d1%83%d0%b1%d0%ba%d0%b0-%d0%be%d0%b1%d1%8a%d0%b5%d0%ba%d1%82%d0%b8%d0%b2%d0%b0-xiaomi-pro-%d1%81%d0%bb%d0%be%d0%bc%d0%b0%d0%bd%d0%bd%d0%b0%d1%8f-%d0%b2%d0%bc%d0%b5%d1%81%d1%82%d0%b5","status":"publish","type":"product","link":"https:\/\/www.xn--tuksimaailm-ffb.ee\/ru\/\u043f\u0440\u043e\u0434\u0443\u043a\u0442\/%d1%82%d1%80%d1%83%d0%b1%d0%ba%d0%b0-%d0%be%d0%b1%d1%8a%d0%b5%d0%ba%d1%82%d0%b8%d0%b2%d0%b0-xiaomi-pro-%d1%81%d0%bb%d0%be%d0%bc%d0%b0%d0%bd%d0%bd%d0%b0%d1%8f-%d0%b2%d0%bc%d0%b5%d1%81%d1%82%d0%b5\/","title":{"rendered":"\u0422\u0440\u0443\u0431\u043a\u0430 \u043e\u0431\u044a\u0435\u043a\u0442\u0438\u0432\u0430 Xiaomi Pro + \u0421\u043b\u043e\u043c\u0430\u043d\u043d\u0430\u044f \u0432\u043c\u0435\u0441\u0442\u0435 \u0441 \u0434\u0435\u0442\u0430\u043b\u044c\u044e Pro 2"},"content":{"rendered":"<p>Xiaomi Pro lens tube (steerer tube) + \u0440\u0430\u0437\u0431\u043e\u0440\u043d\u0430\u044f \u0447\u0430\u0441\u0442\u044c (\u0442\u0430\u043a\u0436\u0435 \u0438\u0437\u0432\u0435\u0441\u0442\u043d\u0430 \u043a\u0430\u043a concertina, \u0440\u0430\u0437\u0431\u043e\u0440\u043d\u0430\u044f \u0447\u0430\u0441\u0442\u044c). <a href=\"https:\/\/www.deepl.com\/en\/%C2%ABhttp:\/\/www.xn--tuksimaailm-ffb.ee\/elektrilise-toukeratta-remont\/%C2%BB\">\u0420\u0443\u043b\u0435\u0432\u0430\u044f<\/a> \u0442\u0440\u0443\u0431\u043a\u0430 Xiaomi Pro \u043f\u043e\u0434\u0445\u043e\u0434\u0438\u0442 \u0434\u043b\u044f \u043f\u043e\u043f\u0443\u043b\u044f\u0440\u043d\u044b\u0445 \u043e\u0440\u0438\u0433\u0438\u043d\u0430\u043b\u044c\u043d\u044b\u0445 \u043c\u043e\u0434\u0435\u043b\u0435\u0439 <a href=\"https:\/\/www.deepl.com\/en\/%C2%ABhttp:\/\/www.xn--tuksimaailm-ffb.ee\/shop\/elektriline-toukeratas-xiaomi-mi-m365-pro\/%C2%BB\"><b><strong>Xiaomi M365 Pro<\/strong><\/b><\/a><b> <\/b>\u0438 <a href=\"https:\/\/www.deepl.com\/en\/%C2%ABhttps:\/\/www.mi.com\/global\/mi-electric-scooter-Pro2\/%C2%BB\"><b><strong>Xiaomi Mi Pro 2<\/strong><\/b><\/a>. \u0415\u0441\u043b\u0438 \u0440\u0435\u043c\u043e\u043d\u0442 \u0432\u0430\u0448\u0435\u0433\u043e \u044d\u043b\u0435\u043a\u0442\u0440\u043e\u0441\u043a\u0443\u0442\u0435\u0440\u0430 \u0441\u043b\u0438\u0448\u043a\u043e\u043c \u0441\u043b\u043e\u0436\u0435\u043d \u0434\u043b\u044f \u0432\u0430\u0441, \u043d\u0430\u0448\u0430 <a href=\"https:\/\/www.deepl.com\/en\/%C2%ABhttp:\/\/www.xn--tuksimaailm-ffb.ee\/elektrilise-toukeratta-remont\/%C2%BB\">\u043c\u0430\u0441\u0442\u0435\u0440\u0441\u043a\u0430\u044f<\/a>, \u0441\u043f\u0435\u0446\u0438\u0430\u043b\u0438\u0437\u0438\u0440\u0443\u044e\u0449\u0430\u044f\u0441\u044f \u043d\u0430 \u044d\u043b\u0435\u043a\u0442\u0440\u043e\u0441\u043a\u0443\u0442\u0435\u0440\u0430\u0445, \u043c\u043e\u0436\u0435\u0442 \u043f\u043e\u043c\u043e\u0447\u044c.<\/p>\n","protected":false},"excerpt":{"rendered":"<p>Xiaomi Pro lens tube (steerer tube) + \u0440\u0430\u0437\u0431\u043e\u0440\u043d\u0430\u044f \u0447\u0430\u0441\u0442\u044c (\u0442\u0430\u043a\u0436\u0435 \u0438\u0437\u0432\u0435\u0441\u0442\u043d\u0430 \u043a\u0430\u043a concertina, \u0440\u0430\u0437\u0431\u043e\u0440\u043d\u0430\u044f \u0447\u0430\u0441\u0442\u044c). \u0420\u0443\u043b\u0435\u0432\u0430\u044f \u0442\u0440\u0443\u0431\u043a\u0430 Xiaomi Pro \u043f\u043e\u0434\u0445\u043e\u0434\u0438\u0442 \u0434\u043b\u044f \u043f\u043e\u043f\u0443\u043b\u044f\u0440\u043d\u044b\u0445 \u043e\u0440\u0438\u0433\u0438\u043d\u0430\u043b\u044c\u043d\u044b\u0445 \u043c\u043e\u0434\u0435\u043b\u0435\u0439 Xiaomi M365 Pro \u0438 Xiaomi Mi Pro 2. \u0415\u0441\u043b\u0438 \u0440\u0435\u043c\u043e\u043d\u0442 \u0432\u0430\u0448\u0435\u0433\u043e \u044d\u043b\u0435\u043a\u0442\u0440\u043e\u0441\u043a\u0443\u0442\u0435\u0440\u0430 \u0441\u043b\u0438\u0448\u043a\u043e\u043c \u0441\u043b\u043e\u0436\u0435\u043d \u0434\u043b\u044f \u0432\u0430\u0441, \u043d\u0430\u0448\u0430 \u043c\u0430\u0441\u0442\u0435\u0440\u0441\u043a\u0430\u044f, \u0441\u043f\u0435\u0446\u0438\u0430\u043b\u0438\u0437\u0438\u0440\u0443\u044e\u0449\u0430\u044f\u0441\u044f \u043d\u0430 \u044d\u043b\u0435\u043a\u0442\u0440\u043e\u0441\u043a\u0443\u0442\u0435\u0440\u0430\u0445, \u043c\u043e\u0436\u0435\u0442 \u043f\u043e\u043c\u043e\u0447\u044c.<\/p>\n","protected":false},"featured_media":12544,"template":"","meta":[],"product_brand":[],"product_cat":[757],"product_tag":[1519],"filter_elektritoukeratas":[2613,2612],"class_list":{"0":"post-59843","1":"product","2":"type-product","3":"status-publish","4":"has-post-thumbnail","6":"product_cat-757","7":"product_tag-xiaomi-varuosad-ru","8":"filter_elektritoukeratas-ft_xiaomi_1s_mi3_pro_2_3_lite","9":"filter_elektritoukeratas-ft_xiaomi_m365_m365_pro_essential","11":"first","12":"instock","13":"taxable","14":"shipping-taxable","15":"purchasable","16":"product-type-simple"},"yoast_head":"<!-- This site is optimized with the Yoast SEO Premium plugin v26.8 (Yoast SEO v27.5) - https:\/\/yoast.com\/product\/yoast-seo-premium-wordpress\/ -->\n<title>\u0422\u0440\u0443\u0431\u043a\u0430 \u043e\u0431\u044a\u0435\u043a\u0442\u0438\u0432\u0430 Xiaomi Pro + \u0421\u043b\u043e\u043c\u0430\u043d\u043d\u0430\u044f \u0432\u043c\u0435\u0441\u0442\u0435 \u0441 \u0434\u0435\u0442\u0430\u043b\u044c\u044e Pro 2 &#8212; T\u00f5uksimaailm<\/title>\n<meta name=\"robots\" content=\"index, follow, max-snippet:-1, max-image-preview:large, max-video-preview:-1\" \/>\n<link rel=\"canonical\" href=\"https:\/\/www.xn--tuksimaailm-ffb.ee\/ru\/\u043f\u0440\u043e\u0434\u0443\u043a\u0442\/%d1%82%d1%80%d1%83%d0%b1%d0%ba%d0%b0-%d0%be%d0%b1%d1%8a%d0%b5%d0%ba%d1%82%d0%b8%d0%b2%d0%b0-xiaomi-pro-%d1%81%d0%bb%d0%be%d0%bc%d0%b0%d0%bd%d0%bd%d0%b0%d1%8f-%d0%b2%d0%bc%d0%b5%d1%81%d1%82%d0%b5\/\" \/>\n<meta property=\"og:locale\" content=\"ru_RU\" \/>\n<meta property=\"og:type\" content=\"article\" \/>\n<meta property=\"og:title\" content=\"\u0422\u0440\u0443\u0431\u043a\u0430 \u043e\u0431\u044a\u0435\u043a\u0442\u0438\u0432\u0430 Xiaomi Pro + \u0421\u043b\u043e\u043c\u0430\u043d\u043d\u0430\u044f \u0432\u043c\u0435\u0441\u0442\u0435 \u0441 \u0434\u0435\u0442\u0430\u043b\u044c\u044e Pro 2\" \/>\n<meta property=\"og:description\" content=\"Xiaomi Pro lens tube (steerer tube) + \u0440\u0430\u0437\u0431\u043e\u0440\u043d\u0430\u044f \u0447\u0430\u0441\u0442\u044c (\u0442\u0430\u043a\u0436\u0435 \u0438\u0437\u0432\u0435\u0441\u0442\u043d\u0430 \u043a\u0430\u043a concertina, \u0440\u0430\u0437\u0431\u043e\u0440\u043d\u0430\u044f \u0447\u0430\u0441\u0442\u044c). \u0420\u0443\u043b\u0435\u0432\u0430\u044f \u0442\u0440\u0443\u0431\u043a\u0430 Xiaomi Pro \u043f\u043e\u0434\u0445\u043e\u0434\u0438\u0442 \u0434\u043b\u044f \u043f\u043e\u043f\u0443\u043b\u044f\u0440\u043d\u044b\u0445 \u043e\u0440\u0438\u0433\u0438\u043d\u0430\u043b\u044c\u043d\u044b\u0445 \u043c\u043e\u0434\u0435\u043b\u0435\u0439 Xiaomi M365 Pro \u0438 Xiaomi Mi Pro 2. \u0415\u0441\u043b\u0438 \u0440\u0435\u043c\u043e\u043d\u0442 \u0432\u0430\u0448\u0435\u0433\u043e \u044d\u043b\u0435\u043a\u0442\u0440\u043e\u0441\u043a\u0443\u0442\u0435\u0440\u0430 \u0441\u043b\u0438\u0448\u043a\u043e\u043c \u0441\u043b\u043e\u0436\u0435\u043d \u0434\u043b\u044f \u0432\u0430\u0441, \u043d\u0430\u0448\u0430 \u043c\u0430\u0441\u0442\u0435\u0440\u0441\u043a\u0430\u044f, \u0441\u043f\u0435\u0446\u0438\u0430\u043b\u0438\u0437\u0438\u0440\u0443\u044e\u0449\u0430\u044f\u0441\u044f \u043d\u0430 \u044d\u043b\u0435\u043a\u0442\u0440\u043e\u0441\u043a\u0443\u0442\u0435\u0440\u0430\u0445, \u043c\u043e\u0436\u0435\u0442 \u043f\u043e\u043c\u043e\u0447\u044c.\" \/>\n<meta property=\"og:url\" content=\"https:\/\/www.xn--tuksimaailm-ffb.ee\/ru\/\u043f\u0440\u043e\u0434\u0443\u043a\u0442\/%d1%82%d1%80%d1%83%d0%b1%d0%ba%d0%b0-%d0%be%d0%b1%d1%8a%d0%b5%d0%ba%d1%82%d0%b8%d0%b2%d0%b0-xiaomi-pro-%d1%81%d0%bb%d0%be%d0%bc%d0%b0%d0%bd%d0%bd%d0%b0%d1%8f-%d0%b2%d0%bc%d0%b5%d1%81%d1%82%d0%b5\/\" \/>\n<meta property=\"og:site_name\" content=\"T\u00f5uksimaailm\" \/>\n<meta property=\"article:publisher\" content=\"https:\/\/www.facebook.com\/touksimaailm\/\" \/>\n<meta property=\"og:image\" content=\"https:\/\/www.xn--tuksimaailm-ffb.ee\/wp-content\/uploads\/2021\/01\/lenksutoru-xiaomi.jpg\" \/>\n\t<meta property=\"og:image:width\" content=\"520\" \/>\n\t<meta property=\"og:image:height\" content=\"443\" \/>\n\t<meta property=\"og:image:type\" content=\"image\/jpeg\" \/>\n<meta name=\"twitter:card\" content=\"summary_large_image\" \/>\n<meta name=\"twitter:label1\" content=\"\u0426\u0435\u043d\u0430\" \/>\n\t<meta name=\"twitter:data1\" content=\"&euro;65.00\" \/>\n\t<meta name=\"twitter:label2\" content=\"\u0414\u043e\u0441\u0442\u0443\u043f\u043d\u043e\u0441\u0442\u044c\" \/>\n\t<meta name=\"twitter:data2\" content=\"\u0412 \u043d\u0430\u043b\u0438\u0447\u0438\u0438\" \/>\n<meta property=\"product:price:amount\" content=\"65.00\" \/>\n<meta property=\"product:price:currency\" content=\"EUR\" \/>\n<meta property=\"og:availability\" content=\"instock\" \/>\n<meta property=\"product:availability\" content=\"instock\" \/>\n<meta property=\"product:retailer_item_id\" content=\"LT+KMM-PRO\" \/>\n<meta property=\"product:condition\" content=\"new\" \/>\n<!-- \/ Yoast SEO Premium plugin. -->","yoast_head_json":{"title":"\u0422\u0440\u0443\u0431\u043a\u0430 \u043e\u0431\u044a\u0435\u043a\u0442\u0438\u0432\u0430 Xiaomi Pro + \u0421\u043b\u043e\u043c\u0430\u043d\u043d\u0430\u044f \u0432\u043c\u0435\u0441\u0442\u0435 \u0441 \u0434\u0435\u0442\u0430\u043b\u044c\u044e Pro 2 &#8212; T\u00f5uksimaailm","robots":{"index":"index","follow":"follow","max-snippet":"max-snippet:-1","max-image-preview":"max-image-preview:large","max-video-preview":"max-video-preview:-1"},"canonical":"https:\/\/www.xn--tuksimaailm-ffb.ee\/ru\/\u043f\u0440\u043e\u0434\u0443\u043a\u0442\/%d1%82%d1%80%d1%83%d0%b1%d0%ba%d0%b0-%d0%be%d0%b1%d1%8a%d0%b5%d0%ba%d1%82%d0%b8%d0%b2%d0%b0-xiaomi-pro-%d1%81%d0%bb%d0%be%d0%bc%d0%b0%d0%bd%d0%bd%d0%b0%d1%8f-%d0%b2%d0%bc%d0%b5%d1%81%d1%82%d0%b5\/","og_locale":"ru_RU","og_type":"article","og_title":"\u0422\u0440\u0443\u0431\u043a\u0430 \u043e\u0431\u044a\u0435\u043a\u0442\u0438\u0432\u0430 Xiaomi Pro + \u0421\u043b\u043e\u043c\u0430\u043d\u043d\u0430\u044f \u0432\u043c\u0435\u0441\u0442\u0435 \u0441 \u0434\u0435\u0442\u0430\u043b\u044c\u044e Pro 2","og_description":"Xiaomi Pro lens tube (steerer tube) + \u0440\u0430\u0437\u0431\u043e\u0440\u043d\u0430\u044f \u0447\u0430\u0441\u0442\u044c (\u0442\u0430\u043a\u0436\u0435 \u0438\u0437\u0432\u0435\u0441\u0442\u043d\u0430 \u043a\u0430\u043a concertina, \u0440\u0430\u0437\u0431\u043e\u0440\u043d\u0430\u044f \u0447\u0430\u0441\u0442\u044c). \u0420\u0443\u043b\u0435\u0432\u0430\u044f \u0442\u0440\u0443\u0431\u043a\u0430 Xiaomi Pro \u043f\u043e\u0434\u0445\u043e\u0434\u0438\u0442 \u0434\u043b\u044f \u043f\u043e\u043f\u0443\u043b\u044f\u0440\u043d\u044b\u0445 \u043e\u0440\u0438\u0433\u0438\u043d\u0430\u043b\u044c\u043d\u044b\u0445 \u043c\u043e\u0434\u0435\u043b\u0435\u0439 Xiaomi M365 Pro \u0438 Xiaomi Mi Pro 2. \u0415\u0441\u043b\u0438 \u0440\u0435\u043c\u043e\u043d\u0442 \u0432\u0430\u0448\u0435\u0433\u043e \u044d\u043b\u0435\u043a\u0442\u0440\u043e\u0441\u043a\u0443\u0442\u0435\u0440\u0430 \u0441\u043b\u0438\u0448\u043a\u043e\u043c \u0441\u043b\u043e\u0436\u0435\u043d \u0434\u043b\u044f \u0432\u0430\u0441, \u043d\u0430\u0448\u0430 \u043c\u0430\u0441\u0442\u0435\u0440\u0441\u043a\u0430\u044f, \u0441\u043f\u0435\u0446\u0438\u0430\u043b\u0438\u0437\u0438\u0440\u0443\u044e\u0449\u0430\u044f\u0441\u044f \u043d\u0430 \u044d\u043b\u0435\u043a\u0442\u0440\u043e\u0441\u043a\u0443\u0442\u0435\u0440\u0430\u0445, \u043c\u043e\u0436\u0435\u0442 \u043f\u043e\u043c\u043e\u0447\u044c.","og_url":"https:\/\/www.xn--tuksimaailm-ffb.ee\/ru\/\u043f\u0440\u043e\u0434\u0443\u043a\u0442\/%d1%82%d1%80%d1%83%d0%b1%d0%ba%d0%b0-%d0%be%d0%b1%d1%8a%d0%b5%d0%ba%d1%82%d0%b8%d0%b2%d0%b0-xiaomi-pro-%d1%81%d0%bb%d0%be%d0%bc%d0%b0%d0%bd%d0%bd%d0%b0%d1%8f-%d0%b2%d0%bc%d0%b5%d1%81%d1%82%d0%b5\/","og_site_name":"T\u00f5uksimaailm","article_publisher":"https:\/\/www.facebook.com\/touksimaailm\/","og_image":[{"width":520,"height":443,"url":"https:\/\/www.xn--tuksimaailm-ffb.ee\/wp-content\/uploads\/2021\/01\/lenksutoru-xiaomi.jpg","type":"image\/jpeg"}],"twitter_card":"summary_large_image","twitter_misc":{"\u0426\u0435\u043d\u0430":"&euro;65.00","\u0414\u043e\u0441\u0442\u0443\u043f\u043d\u043e\u0441\u0442\u044c":"\u0412 \u043d\u0430\u043b\u0438\u0447\u0438\u0438"},"schema":{"@context":"https:\/\/schema.org","@graph":[{"@type":"WebPage","@id":"https:\/\/www.xn--tuksimaailm-ffb.ee\/ru\/\u043f\u0440\u043e\u0434\u0443\u043a\u0442\/%d1%82%d1%80%d1%83%d0%b1%d0%ba%d0%b0-%d0%be%d0%b1%d1%8a%d0%b5%d0%ba%d1%82%d0%b8%d0%b2%d0%b0-xiaomi-pro-%d1%81%d0%bb%d0%be%d0%bc%d0%b0%d0%bd%d0%bd%d0%b0%d1%8f-%d0%b2%d0%bc%d0%b5%d1%81%d1%82%d0%b5\/","url":"https:\/\/www.xn--tuksimaailm-ffb.ee\/ru\/\u043f\u0440\u043e\u0434\u0443\u043a\u0442\/%d1%82%d1%80%d1%83%d0%b1%d0%ba%d0%b0-%d0%be%d0%b1%d1%8a%d0%b5%d0%ba%d1%82%d0%b8%d0%b2%d0%b0-xiaomi-pro-%d1%81%d0%bb%d0%be%d0%bc%d0%b0%d0%bd%d0%bd%d0%b0%d1%8f-%d0%b2%d0%bc%d0%b5%d1%81%d1%82%d0%b5\/","name":"\u0422\u0440\u0443\u0431\u043a\u0430 \u043e\u0431\u044a\u0435\u043a\u0442\u0438\u0432\u0430 Xiaomi Pro + \u0421\u043b\u043e\u043c\u0430\u043d\u043d\u0430\u044f \u0432\u043c\u0435\u0441\u0442\u0435 \u0441 \u0434\u0435\u0442\u0430\u043b\u044c\u044e Pro 2 &#8212; T\u00f5uksimaailm","isPartOf":{"@id":"https:\/\/www.xn--tuksimaailm-ffb.ee\/ru\/#website"},"primaryImageOfPage":{"@id":"https:\/\/www.xn--tuksimaailm-ffb.ee\/ru\/\u043f\u0440\u043e\u0434\u0443\u043a\u0442\/%d1%82%d1%80%d1%83%d0%b1%d0%ba%d0%b0-%d0%be%d0%b1%d1%8a%d0%b5%d0%ba%d1%82%d0%b8%d0%b2%d0%b0-xiaomi-pro-%d1%81%d0%bb%d0%be%d0%bc%d0%b0%d0%bd%d0%bd%d0%b0%d1%8f-%d0%b2%d0%bc%d0%b5%d1%81%d1%82%d0%b5\/#primaryimage"},"image":{"@id":"https:\/\/www.xn--tuksimaailm-ffb.ee\/ru\/\u043f\u0440\u043e\u0434\u0443\u043a\u0442\/%d1%82%d1%80%d1%83%d0%b1%d0%ba%d0%b0-%d0%be%d0%b1%d1%8a%d0%b5%d0%ba%d1%82%d0%b8%d0%b2%d0%b0-xiaomi-pro-%d1%81%d0%bb%d0%be%d0%bc%d0%b0%d0%bd%d0%bd%d0%b0%d1%8f-%d0%b2%d0%bc%d0%b5%d1%81%d1%82%d0%b5\/#primaryimage"},"thumbnailUrl":"https:\/\/www.xn--tuksimaailm-ffb.ee\/wp-content\/uploads\/2021\/01\/lenksutoru-xiaomi.jpg","datePublished":"2021-01-08T20:17:32+00:00","breadcrumb":{"@id":"https:\/\/www.xn--tuksimaailm-ffb.ee\/ru\/\u043f\u0440\u043e\u0434\u0443\u043a\u0442\/%d1%82%d1%80%d1%83%d0%b1%d0%ba%d0%b0-%d0%be%d0%b1%d1%8a%d0%b5%d0%ba%d1%82%d0%b8%d0%b2%d0%b0-xiaomi-pro-%d1%81%d0%bb%d0%be%d0%bc%d0%b0%d0%bd%d0%bd%d0%b0%d1%8f-%d0%b2%d0%bc%d0%b5%d1%81%d1%82%d0%b5\/#breadcrumb"},"inLanguage":"ru-RU","potentialAction":[{"@type":"ReadAction","target":["https:\/\/www.xn--tuksimaailm-ffb.ee\/ru\/\u043f\u0440\u043e\u0434\u0443\u043a\u0442\/%d1%82%d1%80%d1%83%d0%b1%d0%ba%d0%b0-%d0%be%d0%b1%d1%8a%d0%b5%d0%ba%d1%82%d0%b8%d0%b2%d0%b0-xiaomi-pro-%d1%81%d0%bb%d0%be%d0%bc%d0%b0%d0%bd%d0%bd%d0%b0%d1%8f-%d0%b2%d0%bc%d0%b5%d1%81%d1%82%d0%b5\/"]}]},{"@type":"ImageObject","inLanguage":"ru-RU","@id":"https:\/\/www.xn--tuksimaailm-ffb.ee\/ru\/\u043f\u0440\u043e\u0434\u0443\u043a\u0442\/%d1%82%d1%80%d1%83%d0%b1%d0%ba%d0%b0-%d0%be%d0%b1%d1%8a%d0%b5%d0%ba%d1%82%d0%b8%d0%b2%d0%b0-xiaomi-pro-%d1%81%d0%bb%d0%be%d0%bc%d0%b0%d0%bd%d0%bd%d0%b0%d1%8f-%d0%b2%d0%bc%d0%b5%d1%81%d1%82%d0%b5\/#primaryimage","url":"https:\/\/www.xn--tuksimaailm-ffb.ee\/wp-content\/uploads\/2021\/01\/lenksutoru-xiaomi.jpg","contentUrl":"https:\/\/www.xn--tuksimaailm-ffb.ee\/wp-content\/uploads\/2021\/01\/lenksutoru-xiaomi.jpg","width":520,"height":443},{"@type":"BreadcrumbList","@id":"https:\/\/www.xn--tuksimaailm-ffb.ee\/ru\/\u043f\u0440\u043e\u0434\u0443\u043a\u0442\/%d1%82%d1%80%d1%83%d0%b1%d0%ba%d0%b0-%d0%be%d0%b1%d1%8a%d0%b5%d0%ba%d1%82%d0%b8%d0%b2%d0%b0-xiaomi-pro-%d1%81%d0%bb%d0%be%d0%bc%d0%b0%d0%bd%d0%bd%d0%b0%d1%8f-%d0%b2%d0%bc%d0%b5%d1%81%d1%82%d0%b5\/#breadcrumb","itemListElement":[{"@type":"ListItem","position":1,"name":"Home","item":"https:\/\/www.xn--tuksimaailm-ffb.ee\/ru\/frontpage\/"},{"@type":"ListItem","position":2,"name":"\u041c\u0410\u0413\u0410\u0417\u0418\u041d","item":"https:\/\/www.xn--tuksimaailm-ffb.ee\/elektritoukerataste-pood\/"},{"@type":"ListItem","position":3,"name":"\u0422\u0440\u0443\u0431\u043a\u0430 \u043e\u0431\u044a\u0435\u043a\u0442\u0438\u0432\u0430 Xiaomi Pro + \u0421\u043b\u043e\u043c\u0430\u043d\u043d\u0430\u044f \u0432\u043c\u0435\u0441\u0442\u0435 \u0441 \u0434\u0435\u0442\u0430\u043b\u044c\u044e Pro 2"}]},{"@type":"WebSite","@id":"https:\/\/www.xn--tuksimaailm-ffb.ee\/ru\/#website","url":"https:\/\/www.xn--tuksimaailm-ffb.ee\/ru\/","name":"T\u00f5uksimaailm","description":"Elektrit\u00f5ukerataste m\u00fc\u00fck, remont ja rent","publisher":{"@id":"https:\/\/www.xn--tuksimaailm-ffb.ee\/ru\/#organization"},"potentialAction":[{"@type":"SearchAction","target":{"@type":"EntryPoint","urlTemplate":"https:\/\/www.xn--tuksimaailm-ffb.ee\/ru\/?s={search_term_string}"},"query-input":{"@type":"PropertyValueSpecification","valueRequired":true,"valueName":"search_term_string"}}],"inLanguage":"ru-RU"},{"@type":"Organization","@id":"https:\/\/www.xn--tuksimaailm-ffb.ee\/ru\/#organization","name":"T\u00f5uksimaailm","url":"https:\/\/www.xn--tuksimaailm-ffb.ee\/ru\/","logo":{"@type":"ImageObject","inLanguage":"ru-RU","@id":"https:\/\/www.xn--tuksimaailm-ffb.ee\/ru\/#\/schema\/logo\/image\/","url":"https:\/\/www.xn--tuksimaailm-ffb.ee\/wp-content\/uploads\/2020\/01\/logoz-e1579792875517.png","contentUrl":"https:\/\/www.xn--tuksimaailm-ffb.ee\/wp-content\/uploads\/2020\/01\/logoz-e1579792875517.png","width":250,"height":250,"caption":"T\u00f5uksimaailm"},"image":{"@id":"https:\/\/www.xn--tuksimaailm-ffb.ee\/ru\/#\/schema\/logo\/image\/"},"sameAs":["https:\/\/www.facebook.com\/touksimaailm\/","https:\/\/www.instagram.com\/touksimaailm_\/","https:\/\/www.youtube.com\/channel\/UC18ml0EKIDLP1xGuQjFzcXQ"]}]},"product_price_amount":"65.00","product_price_currency":"EUR","og_availability":"instock","product_availability":"instock","product_retailer_item_id":"LT+KMM-PRO","product_condition":"new"},"jetpack_sharing_enabled":true,"_links":{"self":[{"href":"https:\/\/www.xn--tuksimaailm-ffb.ee\/ru\/wp-json\/wp\/v2\/product\/59843","targetHints":{"allow":["GET"]}}],"collection":[{"href":"https:\/\/www.xn--tuksimaailm-ffb.ee\/ru\/wp-json\/wp\/v2\/product"}],"about":[{"href":"https:\/\/www.xn--tuksimaailm-ffb.ee\/ru\/wp-json\/wp\/v2\/types\/product"}],"wp:featuredmedia":[{"embeddable":true,"href":"https:\/\/www.xn--tuksimaailm-ffb.ee\/ru\/wp-json\/wp\/v2\/media\/12544"}],"wp:attachment":[{"href":"https:\/\/www.xn--tuksimaailm-ffb.ee\/ru\/wp-json\/wp\/v2\/media?parent=59843"}],"wp:term":[{"taxonomy":"product_brand","embeddable":true,"href":"https:\/\/www.xn--tuksimaailm-ffb.ee\/ru\/wp-json\/wp\/v2\/product_brand?post=59843"},{"taxonomy":"product_cat","embeddable":true,"href":"https:\/\/www.xn--tuksimaailm-ffb.ee\/ru\/wp-json\/wp\/v2\/product_cat?post=59843"},{"taxonomy":"product_tag","embeddable":true,"href":"https:\/\/www.xn--tuksimaailm-ffb.ee\/ru\/wp-json\/wp\/v2\/product_tag?post=59843"},{"taxonomy":"filter_elektritoukeratas","embeddable":true,"href":"https:\/\/www.xn--tuksimaailm-ffb.ee\/ru\/wp-json\/wp\/v2\/filter_elektritoukeratas?post=59843"}],"curies":[{"name":"wp","href":"https:\/\/api.w.org\/{rel}","templated":true}]}}