{"id":59862,"date":"2021-01-05T18:28:35","date_gmt":"2021-01-05T18:28:35","guid":{"rendered":"http:\/\/www.xn--tuksimaailm-ffb.ee\/shop\/%d0%b2%d0%bd%d1%83%d1%82%d1%80%d0%b5%d0%bd%d0%bd%d1%8f%d1%8f-%d1%82%d1%80%d1%83%d0%b1%d0%b0-inokim-light-8-5x2-00-5-5-%d0%b7%d0%b0%d0%b4%d0%bd%d1%8f%d1%8f\/"},"modified":"2021-01-05T18:28:35","modified_gmt":"2021-01-05T16:28:35","slug":"%d0%b2%d0%bd%d1%83%d1%82%d1%80%d0%b5%d0%bd%d0%bd%d1%8f%d1%8f-%d1%82%d1%80%d1%83%d0%b1%d0%b0-inokim-light-8-5x2-00-5-5-%d0%b7%d0%b0%d0%b4%d0%bd%d1%8f%d1%8f","status":"publish","type":"product","link":"https:\/\/www.xn--tuksimaailm-ffb.ee\/ru\/\u043f\u0440\u043e\u0434\u0443\u043a\u0442\/%d0%b2%d0%bd%d1%83%d1%82%d1%80%d0%b5%d0%bd%d0%bd%d1%8f%d1%8f-%d1%82%d1%80%d1%83%d0%b1%d0%b0-inokim-light-8-5x2-00-5-5-%d0%b7%d0%b0%d0%b4%d0%bd%d1%8f%d1%8f\/","title":{"rendered":"\u0412\u043d\u0443\u0442\u0440\u0435\u043d\u043d\u044f\u044f \u0442\u0440\u0443\u0431\u0430 Inokim Light 8.5x2.00-5.5 \u0437\u0430\u0434\u043d\u044f\u044f"},"content":{"rendered":"<p>\u0412\u043d\u0443\u0442\u0440\u0435\u043d\u043d\u044f\u044f \u0442\u0440\u0443\u0431\u043a\u0430 Inokim Light<b><strong> 8.5x2.00-5.5<\/strong><\/b> (\u0442\u0430\u043a\u0436\u0435 \u0432\u043d\u0443\u0442\u0440\u0435\u043d\u043d\u044f\u044f \u0448\u0438\u043d\u0430, \u0432\u043d\u0443\u0442\u0440\u0435\u043d\u043d\u044f\u044f \u0442\u0440\u0443\u0431\u043a\u0430, \u043f\u043d\u0435\u0432\u043c\u0430\u0442\u0438\u043a\u0430), \u0432\u044b\u0441\u043e\u043a\u043e\u043a\u0430\u0447\u0435\u0441\u0442\u0432\u0435\u043d\u043d\u0430\u044f \u0448\u0438\u043d\u0430 \u0431\u0440\u0435\u043d\u0434\u0430 <b><strong>CST<\/strong><\/b>. \u0423\u0433\u043e\u043b \u043f\u043e\u0432\u043e\u0440\u043e\u0442\u0430 \u043a\u043b\u0430\u043f\u0430\u043d\u0430 <b><strong>90 \u0433\u0440\u0430\u0434\u0443\u0441\u043e\u0432<\/strong><\/b>. \u0412\u043d\u0443\u0442\u0440\u0435\u043d\u043d\u044f\u044f \u0442\u0440\u0443\u0431\u043a\u0430 \u043f\u043e\u0434\u0445\u043e\u0434\u0438\u0442 \u0434\u043b\u044f <b><strong>\u0437\u0430\u0434\u043d\u0438\u0445 \u043c\u043e\u0442\u043e\u0440\u0438\u0437\u043e\u0432\u0430\u043d\u043d\u044b\u0445 \u0432\u0435\u043b\u043e\u0441\u0438\u043f\u0435\u0434\u043e\u0432<\/strong><\/b> <a href=\"https:\/\/www.veltekspert.ee\/elektritoukerattad-elektritoukeratas-inokim-light-hero-must\"><b><strong>Inokim Light Hero<\/strong><\/b><\/a> \u0438 Inokim <a href=\"http:\/\/www.xn--tuksimaailm-ffb.ee\/shop\/inokim-light-2-super-elektritoukeratas\/\"><b><strong>Light 2 Super<\/strong><\/b><\/a>. \u0415\u0441\u043b\u0438 \u0440\u0435\u043c\u043e\u043d\u0442 \u0438\u043b\u0438 \u0437\u0430\u043c\u0435\u043d\u0430 \u0448\u0438\u043d\u044b \u0434\u043b\u044f \u0432\u0430\u0441 \u0441\u043b\u0438\u0448\u043a\u043e\u043c \u0441\u043b\u043e\u0436\u043d\u044b \u0438\u043b\u0438 \u0443 \u0432\u0430\u0441 \u043d\u0435\u0442 \u0441\u0440\u0435\u0434\u0441\u0442\u0432 \u0434\u043b\u044f \u044d\u0442\u043e\u0433\u043e, \u0432\u0430\u043c \u043f\u043e\u043c\u043e\u0436\u0435\u0442 \u043d\u0430\u0448\u0430 <a href=\"http:\/\/www.xn--tuksimaailm-ffb.ee\/elektrilise-toukeratta-remont\/\">\u043c\u0430\u0441\u0442\u0435\u0440\u0441\u043a\u0430\u044f<\/a>, \u0441\u043f\u0435\u0446\u0438\u0430\u043b\u0438\u0437\u0438\u0440\u0443\u044e\u0449\u0430\u044f\u0441\u044f \u043d\u0430 \u044d\u043b\u0435\u043a\u0442\u0440\u043e\u0441\u043a\u0443\u0442\u0435\u0440\u0430\u0445. \u041f\u043e\u0434\u0440\u043e\u0431\u043d\u0435\u0435 \u043e \u0437\u0430\u043c\u0435\u043d\u0435 \u0448\u0438\u043d \u043d\u0430 \u044d\u043b\u0435\u043a\u0442\u0440\u043e\u0441\u043a\u0443\u0442\u0435\u0440\u0435 \u0432\u044b \u043c\u043e\u0436\u0435\u0442\u0435 \u043f\u0440\u043e\u0447\u0438\u0442\u0430\u0442\u044c \u0432 \u043d\u0430\u0448\u0435\u043c <a href=\"http:\/\/www.xn--tuksimaailm-ffb.ee\/elektritoukeratta-rehvivahetus\/\">\u0431\u043b\u043e\u0433\u0435<\/a>.<\/p>\n","protected":false},"excerpt":{"rendered":"<p>\u0412\u043d\u0443\u0442\u0440\u0435\u043d\u043d\u044f\u044f \u0442\u0440\u0443\u0431\u043a\u0430 Inokim Light 8.5x2.00-5.5 (\u0442\u0430\u043a\u0436\u0435 \u0432\u043d\u0443\u0442\u0440\u0435\u043d\u043d\u044f\u044f \u0448\u0438\u043d\u0430, \u0432\u043d\u0443\u0442\u0440\u0435\u043d\u043d\u044f\u044f \u0442\u0440\u0443\u0431\u043a\u0430, \u043f\u043d\u0435\u0432\u043c\u0430\u0442\u0438\u043a\u0430), \u0432\u044b\u0441\u043e\u043a\u043e\u043a\u0430\u0447\u0435\u0441\u0442\u0432\u0435\u043d\u043d\u0430\u044f \u0448\u0438\u043d\u0430 \u0431\u0440\u0435\u043d\u0434\u0430 CST. \u0423\u0433\u043e\u043b \u043f\u043e\u0432\u043e\u0440\u043e\u0442\u0430 \u043a\u043b\u0430\u043f\u0430\u043d\u0430 90 \u0433\u0440\u0430\u0434\u0443\u0441\u043e\u0432. \u0412\u043d\u0443\u0442\u0440\u0435\u043d\u043d\u044f\u044f \u0442\u0440\u0443\u0431\u043a\u0430 \u043f\u043e\u0434\u0445\u043e\u0434\u0438\u0442 \u0434\u043b\u044f \u0437\u0430\u0434\u043d\u0438\u0445 \u043c\u043e\u0442\u043e\u0440\u0438\u0437\u043e\u0432\u0430\u043d\u043d\u044b\u0445 \u0432\u0435\u043b\u043e\u0441\u0438\u043f\u0435\u0434\u043e\u0432 Inokim Light Hero \u0438 Inokim Light 2 Super. \u0415\u0441\u043b\u0438 \u0440\u0435\u043c\u043e\u043d\u0442 \u0438\u043b\u0438 \u0437\u0430\u043c\u0435\u043d\u0430 \u0448\u0438\u043d\u044b \u0434\u043b\u044f \u0432\u0430\u0441 \u0441\u043b\u0438\u0448\u043a\u043e\u043c \u0441\u043b\u043e\u0436\u043d\u044b \u0438\u043b\u0438 \u0443 \u0432\u0430\u0441 \u043d\u0435\u0442 \u0441\u0440\u0435\u0434\u0441\u0442\u0432 \u0434\u043b\u044f &hellip;<\/p>\n","protected":false},"featured_media":26358,"template":"","meta":[],"product_brand":[],"product_cat":[757],"product_tag":[1524],"filter_elektritoukeratas":[2711,2709,2669,2648,2647,2746,2747],"class_list":{"0":"post-59862","1":"product","2":"type-product","3":"status-publish","4":"has-post-thumbnail","6":"product_cat-757","7":"product_tag-siserehvid-ru","8":"pa_tootetuup-siserehvid-ru","9":"filter_elektritoukeratas-ft_inokim_light_2_max_super","10":"filter_elektritoukeratas-ft_inokim_light_hero_2_hero","11":"filter_elektritoukeratas-ft_kugoo_g2_pro","12":"filter_elektritoukeratas-ft_vsett_8_8_plus","13":"filter_elektritoukeratas-ft_vsett_9_9_plus","14":"filter_elektritoukeratas-ft_zero_8","15":"filter_elektritoukeratas-ft_zero_9","17":"first","18":"outofstock","19":"taxable","20":"shipping-taxable","21":"purchasable","22":"product-type-simple"},"yoast_head":"<!-- This site is optimized with the Yoast SEO Premium plugin v26.8 (Yoast SEO v27.3) - https:\/\/yoast.com\/product\/yoast-seo-premium-wordpress\/ -->\n<title>\u0412\u043d\u0443\u0442\u0440\u0435\u043d\u043d\u044f\u044f \u0442\u0440\u0443\u0431\u0430 Inokim Light 8.5x2.00-5.5 \u0437\u0430\u0434\u043d\u044f\u044f &#8212; T\u00f5uksimaailm<\/title>\n<meta name=\"robots\" content=\"index, follow, max-snippet:-1, max-image-preview:large, max-video-preview:-1\" \/>\n<link rel=\"canonical\" href=\"https:\/\/www.xn--tuksimaailm-ffb.ee\/ru\/\u043f\u0440\u043e\u0434\u0443\u043a\u0442\/%d0%b2%d0%bd%d1%83%d1%82%d1%80%d0%b5%d0%bd%d0%bd%d1%8f%d1%8f-%d1%82%d1%80%d1%83%d0%b1%d0%b0-inokim-light-8-5x2-00-5-5-%d0%b7%d0%b0%d0%b4%d0%bd%d1%8f%d1%8f\/\" \/>\n<meta property=\"og:locale\" content=\"ru_RU\" \/>\n<meta property=\"og:type\" content=\"article\" \/>\n<meta property=\"og:title\" content=\"\u0412\u043d\u0443\u0442\u0440\u0435\u043d\u043d\u044f\u044f \u0442\u0440\u0443\u0431\u0430 Inokim Light 8.5x2.00-5.5 \u0437\u0430\u0434\u043d\u044f\u044f\" \/>\n<meta property=\"og:description\" content=\"\u0412\u043d\u0443\u0442\u0440\u0435\u043d\u043d\u044f\u044f \u0442\u0440\u0443\u0431\u043a\u0430 Inokim Light 8.5x2.00-5.5 (\u0442\u0430\u043a\u0436\u0435 \u0432\u043d\u0443\u0442\u0440\u0435\u043d\u043d\u044f\u044f \u0448\u0438\u043d\u0430, \u0432\u043d\u0443\u0442\u0440\u0435\u043d\u043d\u044f\u044f \u0442\u0440\u0443\u0431\u043a\u0430, \u043f\u043d\u0435\u0432\u043c\u0430\u0442\u0438\u043a\u0430), \u0432\u044b\u0441\u043e\u043a\u043e\u043a\u0430\u0447\u0435\u0441\u0442\u0432\u0435\u043d\u043d\u0430\u044f \u0448\u0438\u043d\u0430 \u0431\u0440\u0435\u043d\u0434\u0430 CST. \u0423\u0433\u043e\u043b \u043f\u043e\u0432\u043e\u0440\u043e\u0442\u0430 \u043a\u043b\u0430\u043f\u0430\u043d\u0430 90 \u0433\u0440\u0430\u0434\u0443\u0441\u043e\u0432. \u0412\u043d\u0443\u0442\u0440\u0435\u043d\u043d\u044f\u044f \u0442\u0440\u0443\u0431\u043a\u0430 \u043f\u043e\u0434\u0445\u043e\u0434\u0438\u0442 \u0434\u043b\u044f \u0437\u0430\u0434\u043d\u0438\u0445 \u043c\u043e\u0442\u043e\u0440\u0438\u0437\u043e\u0432\u0430\u043d\u043d\u044b\u0445 \u0432\u0435\u043b\u043e\u0441\u0438\u043f\u0435\u0434\u043e\u0432 Inokim Light Hero \u0438 Inokim Light 2 Super. \u0415\u0441\u043b\u0438 \u0440\u0435\u043c\u043e\u043d\u0442 \u0438\u043b\u0438 \u0437\u0430\u043c\u0435\u043d\u0430 \u0448\u0438\u043d\u044b \u0434\u043b\u044f \u0432\u0430\u0441 \u0441\u043b\u0438\u0448\u043a\u043e\u043c \u0441\u043b\u043e\u0436\u043d\u044b \u0438\u043b\u0438 \u0443 \u0432\u0430\u0441 \u043d\u0435\u0442 \u0441\u0440\u0435\u0434\u0441\u0442\u0432 \u0434\u043b\u044f &hellip;\" \/>\n<meta property=\"og:url\" content=\"https:\/\/www.xn--tuksimaailm-ffb.ee\/ru\/\u043f\u0440\u043e\u0434\u0443\u043a\u0442\/%d0%b2%d0%bd%d1%83%d1%82%d1%80%d0%b5%d0%bd%d0%bd%d1%8f%d1%8f-%d1%82%d1%80%d1%83%d0%b1%d0%b0-inokim-light-8-5x2-00-5-5-%d0%b7%d0%b0%d0%b4%d0%bd%d1%8f%d1%8f\/\" \/>\n<meta property=\"og:site_name\" content=\"T\u00f5uksimaailm\" \/>\n<meta property=\"article:publisher\" content=\"https:\/\/www.facebook.com\/touksimaailm\/\" \/>\n<meta property=\"og:image\" content=\"https:\/\/www.xn--tuksimaailm-ffb.ee\/wp-content\/uploads\/2021\/01\/INOKIM-LIGHT-SISEREHV-8.5\u00d72.00-5.5-90-KRAADI-TAGUMINE-2.jpeg\" \/>\n\t<meta property=\"og:image:width\" content=\"400\" \/>\n\t<meta property=\"og:image:height\" content=\"400\" \/>\n\t<meta property=\"og:image:type\" content=\"image\/jpeg\" \/>\n<meta name=\"twitter:card\" content=\"summary_large_image\" \/>\n<meta name=\"twitter:label1\" content=\"\u0426\u0435\u043d\u0430\" \/>\n\t<meta name=\"twitter:data1\" content=\"&euro;12.00\" \/>\n\t<meta name=\"twitter:label2\" content=\"\u0414\u043e\u0441\u0442\u0443\u043f\u043d\u043e\u0441\u0442\u044c\" \/>\n\t<meta name=\"twitter:data2\" content=\"\u0420\u0430\u0441\u043f\u0440\u043e\u0434\u0430\u043d\u043e\" \/>\n<meta property=\"product:price:amount\" content=\"12.00\" \/>\n<meta property=\"product:price:currency\" content=\"EUR\" \/>\n<meta property=\"og:availability\" content=\"out of stock\" \/>\n<meta property=\"product:availability\" content=\"out of stock\" \/>\n<meta property=\"product:retailer_item_id\" content=\"SR-8.5x2-90-125G\" \/>\n<meta property=\"product:condition\" content=\"new\" \/>\n<!-- \/ Yoast SEO Premium plugin. -->","yoast_head_json":{"title":"\u0412\u043d\u0443\u0442\u0440\u0435\u043d\u043d\u044f\u044f \u0442\u0440\u0443\u0431\u0430 Inokim Light 8.5x2.00-5.5 \u0437\u0430\u0434\u043d\u044f\u044f &#8212; T\u00f5uksimaailm","robots":{"index":"index","follow":"follow","max-snippet":"max-snippet:-1","max-image-preview":"max-image-preview:large","max-video-preview":"max-video-preview:-1"},"canonical":"https:\/\/www.xn--tuksimaailm-ffb.ee\/ru\/\u043f\u0440\u043e\u0434\u0443\u043a\u0442\/%d0%b2%d0%bd%d1%83%d1%82%d1%80%d0%b5%d0%bd%d0%bd%d1%8f%d1%8f-%d1%82%d1%80%d1%83%d0%b1%d0%b0-inokim-light-8-5x2-00-5-5-%d0%b7%d0%b0%d0%b4%d0%bd%d1%8f%d1%8f\/","og_locale":"ru_RU","og_type":"article","og_title":"\u0412\u043d\u0443\u0442\u0440\u0435\u043d\u043d\u044f\u044f \u0442\u0440\u0443\u0431\u0430 Inokim Light 8.5x2.00-5.5 \u0437\u0430\u0434\u043d\u044f\u044f","og_description":"\u0412\u043d\u0443\u0442\u0440\u0435\u043d\u043d\u044f\u044f \u0442\u0440\u0443\u0431\u043a\u0430 Inokim Light 8.5x2.00-5.5 (\u0442\u0430\u043a\u0436\u0435 \u0432\u043d\u0443\u0442\u0440\u0435\u043d\u043d\u044f\u044f \u0448\u0438\u043d\u0430, \u0432\u043d\u0443\u0442\u0440\u0435\u043d\u043d\u044f\u044f \u0442\u0440\u0443\u0431\u043a\u0430, \u043f\u043d\u0435\u0432\u043c\u0430\u0442\u0438\u043a\u0430), \u0432\u044b\u0441\u043e\u043a\u043e\u043a\u0430\u0447\u0435\u0441\u0442\u0432\u0435\u043d\u043d\u0430\u044f \u0448\u0438\u043d\u0430 \u0431\u0440\u0435\u043d\u0434\u0430 CST. \u0423\u0433\u043e\u043b \u043f\u043e\u0432\u043e\u0440\u043e\u0442\u0430 \u043a\u043b\u0430\u043f\u0430\u043d\u0430 90 \u0433\u0440\u0430\u0434\u0443\u0441\u043e\u0432. \u0412\u043d\u0443\u0442\u0440\u0435\u043d\u043d\u044f\u044f \u0442\u0440\u0443\u0431\u043a\u0430 \u043f\u043e\u0434\u0445\u043e\u0434\u0438\u0442 \u0434\u043b\u044f \u0437\u0430\u0434\u043d\u0438\u0445 \u043c\u043e\u0442\u043e\u0440\u0438\u0437\u043e\u0432\u0430\u043d\u043d\u044b\u0445 \u0432\u0435\u043b\u043e\u0441\u0438\u043f\u0435\u0434\u043e\u0432 Inokim Light Hero \u0438 Inokim Light 2 Super. \u0415\u0441\u043b\u0438 \u0440\u0435\u043c\u043e\u043d\u0442 \u0438\u043b\u0438 \u0437\u0430\u043c\u0435\u043d\u0430 \u0448\u0438\u043d\u044b \u0434\u043b\u044f \u0432\u0430\u0441 \u0441\u043b\u0438\u0448\u043a\u043e\u043c \u0441\u043b\u043e\u0436\u043d\u044b \u0438\u043b\u0438 \u0443 \u0432\u0430\u0441 \u043d\u0435\u0442 \u0441\u0440\u0435\u0434\u0441\u0442\u0432 \u0434\u043b\u044f &hellip;","og_url":"https:\/\/www.xn--tuksimaailm-ffb.ee\/ru\/\u043f\u0440\u043e\u0434\u0443\u043a\u0442\/%d0%b2%d0%bd%d1%83%d1%82%d1%80%d0%b5%d0%bd%d0%bd%d1%8f%d1%8f-%d1%82%d1%80%d1%83%d0%b1%d0%b0-inokim-light-8-5x2-00-5-5-%d0%b7%d0%b0%d0%b4%d0%bd%d1%8f%d1%8f\/","og_site_name":"T\u00f5uksimaailm","article_publisher":"https:\/\/www.facebook.com\/touksimaailm\/","og_image":[{"width":400,"height":400,"url":"https:\/\/www.xn--tuksimaailm-ffb.ee\/wp-content\/uploads\/2021\/01\/INOKIM-LIGHT-SISEREHV-8.5\u00d72.00-5.5-90-KRAADI-TAGUMINE-2.jpeg","type":"image\/jpeg"}],"twitter_card":"summary_large_image","twitter_misc":{"\u0426\u0435\u043d\u0430":"&euro;12.00","\u0414\u043e\u0441\u0442\u0443\u043f\u043d\u043e\u0441\u0442\u044c":"\u0420\u0430\u0441\u043f\u0440\u043e\u0434\u0430\u043d\u043e"},"schema":{"@context":"https:\/\/schema.org","@graph":[{"@type":"WebPage","@id":"https:\/\/www.xn--tuksimaailm-ffb.ee\/ru\/\u043f\u0440\u043e\u0434\u0443\u043a\u0442\/%d0%b2%d0%bd%d1%83%d1%82%d1%80%d0%b5%d0%bd%d0%bd%d1%8f%d1%8f-%d1%82%d1%80%d1%83%d0%b1%d0%b0-inokim-light-8-5x2-00-5-5-%d0%b7%d0%b0%d0%b4%d0%bd%d1%8f%d1%8f\/","url":"https:\/\/www.xn--tuksimaailm-ffb.ee\/ru\/\u043f\u0440\u043e\u0434\u0443\u043a\u0442\/%d0%b2%d0%bd%d1%83%d1%82%d1%80%d0%b5%d0%bd%d0%bd%d1%8f%d1%8f-%d1%82%d1%80%d1%83%d0%b1%d0%b0-inokim-light-8-5x2-00-5-5-%d0%b7%d0%b0%d0%b4%d0%bd%d1%8f%d1%8f\/","name":"\u0412\u043d\u0443\u0442\u0440\u0435\u043d\u043d\u044f\u044f \u0442\u0440\u0443\u0431\u0430 Inokim Light 8.5x2.00-5.5 \u0437\u0430\u0434\u043d\u044f\u044f &#8212; T\u00f5uksimaailm","isPartOf":{"@id":"https:\/\/www.xn--tuksimaailm-ffb.ee\/ru\/#website"},"primaryImageOfPage":{"@id":"https:\/\/www.xn--tuksimaailm-ffb.ee\/ru\/\u043f\u0440\u043e\u0434\u0443\u043a\u0442\/%d0%b2%d0%bd%d1%83%d1%82%d1%80%d0%b5%d0%bd%d0%bd%d1%8f%d1%8f-%d1%82%d1%80%d1%83%d0%b1%d0%b0-inokim-light-8-5x2-00-5-5-%d0%b7%d0%b0%d0%b4%d0%bd%d1%8f%d1%8f\/#primaryimage"},"image":{"@id":"https:\/\/www.xn--tuksimaailm-ffb.ee\/ru\/\u043f\u0440\u043e\u0434\u0443\u043a\u0442\/%d0%b2%d0%bd%d1%83%d1%82%d1%80%d0%b5%d0%bd%d0%bd%d1%8f%d1%8f-%d1%82%d1%80%d1%83%d0%b1%d0%b0-inokim-light-8-5x2-00-5-5-%d0%b7%d0%b0%d0%b4%d0%bd%d1%8f%d1%8f\/#primaryimage"},"thumbnailUrl":"https:\/\/www.xn--tuksimaailm-ffb.ee\/wp-content\/uploads\/2021\/01\/INOKIM-LIGHT-SISEREHV-8.5\u00d72.00-5.5-90-KRAADI-TAGUMINE-2.jpeg","datePublished":"2021-01-05T18:28:35+00:00","breadcrumb":{"@id":"https:\/\/www.xn--tuksimaailm-ffb.ee\/ru\/\u043f\u0440\u043e\u0434\u0443\u043a\u0442\/%d0%b2%d0%bd%d1%83%d1%82%d1%80%d0%b5%d0%bd%d0%bd%d1%8f%d1%8f-%d1%82%d1%80%d1%83%d0%b1%d0%b0-inokim-light-8-5x2-00-5-5-%d0%b7%d0%b0%d0%b4%d0%bd%d1%8f%d1%8f\/#breadcrumb"},"inLanguage":"ru-RU","potentialAction":[{"@type":"ReadAction","target":["https:\/\/www.xn--tuksimaailm-ffb.ee\/ru\/\u043f\u0440\u043e\u0434\u0443\u043a\u0442\/%d0%b2%d0%bd%d1%83%d1%82%d1%80%d0%b5%d0%bd%d0%bd%d1%8f%d1%8f-%d1%82%d1%80%d1%83%d0%b1%d0%b0-inokim-light-8-5x2-00-5-5-%d0%b7%d0%b0%d0%b4%d0%bd%d1%8f%d1%8f\/"]}]},{"@type":"ImageObject","inLanguage":"ru-RU","@id":"https:\/\/www.xn--tuksimaailm-ffb.ee\/ru\/\u043f\u0440\u043e\u0434\u0443\u043a\u0442\/%d0%b2%d0%bd%d1%83%d1%82%d1%80%d0%b5%d0%bd%d0%bd%d1%8f%d1%8f-%d1%82%d1%80%d1%83%d0%b1%d0%b0-inokim-light-8-5x2-00-5-5-%d0%b7%d0%b0%d0%b4%d0%bd%d1%8f%d1%8f\/#primaryimage","url":"https:\/\/www.xn--tuksimaailm-ffb.ee\/wp-content\/uploads\/2021\/01\/INOKIM-LIGHT-SISEREHV-8.5\u00d72.00-5.5-90-KRAADI-TAGUMINE-2.jpeg","contentUrl":"https:\/\/www.xn--tuksimaailm-ffb.ee\/wp-content\/uploads\/2021\/01\/INOKIM-LIGHT-SISEREHV-8.5\u00d72.00-5.5-90-KRAADI-TAGUMINE-2.jpeg","width":400,"height":400,"caption":"INOKIM LIGHT SISEREHV 8.5\u00d72.00-5.5 90 KRAADI TAGUMINE 2"},{"@type":"BreadcrumbList","@id":"https:\/\/www.xn--tuksimaailm-ffb.ee\/ru\/\u043f\u0440\u043e\u0434\u0443\u043a\u0442\/%d0%b2%d0%bd%d1%83%d1%82%d1%80%d0%b5%d0%bd%d0%bd%d1%8f%d1%8f-%d1%82%d1%80%d1%83%d0%b1%d0%b0-inokim-light-8-5x2-00-5-5-%d0%b7%d0%b0%d0%b4%d0%bd%d1%8f%d1%8f\/#breadcrumb","itemListElement":[{"@type":"ListItem","position":1,"name":"Home","item":"https:\/\/www.xn--tuksimaailm-ffb.ee\/ru\/frontpage\/"},{"@type":"ListItem","position":2,"name":"\u041c\u0410\u0413\u0410\u0417\u0418\u041d","item":"https:\/\/www.xn--tuksimaailm-ffb.ee\/elektritoukerataste-pood\/"},{"@type":"ListItem","position":3,"name":"\u0412\u043d\u0443\u0442\u0440\u0435\u043d\u043d\u044f\u044f \u0442\u0440\u0443\u0431\u0430 Inokim Light 8.5x2.00-5.5 \u0437\u0430\u0434\u043d\u044f\u044f"}]},{"@type":"WebSite","@id":"https:\/\/www.xn--tuksimaailm-ffb.ee\/ru\/#website","url":"https:\/\/www.xn--tuksimaailm-ffb.ee\/ru\/","name":"T\u00f5uksimaailm","description":"Elektrit\u00f5ukerataste m\u00fc\u00fck, remont ja rent","publisher":{"@id":"https:\/\/www.xn--tuksimaailm-ffb.ee\/ru\/#organization"},"potentialAction":[{"@type":"SearchAction","target":{"@type":"EntryPoint","urlTemplate":"https:\/\/www.xn--tuksimaailm-ffb.ee\/ru\/?s={search_term_string}"},"query-input":{"@type":"PropertyValueSpecification","valueRequired":true,"valueName":"search_term_string"}}],"inLanguage":"ru-RU"},{"@type":"Organization","@id":"https:\/\/www.xn--tuksimaailm-ffb.ee\/ru\/#organization","name":"T\u00f5uksimaailm","url":"https:\/\/www.xn--tuksimaailm-ffb.ee\/ru\/","logo":{"@type":"ImageObject","inLanguage":"ru-RU","@id":"https:\/\/www.xn--tuksimaailm-ffb.ee\/ru\/#\/schema\/logo\/image\/","url":"https:\/\/www.xn--tuksimaailm-ffb.ee\/wp-content\/uploads\/2020\/01\/logoz-e1579792875517.png","contentUrl":"https:\/\/www.xn--tuksimaailm-ffb.ee\/wp-content\/uploads\/2020\/01\/logoz-e1579792875517.png","width":250,"height":250,"caption":"T\u00f5uksimaailm"},"image":{"@id":"https:\/\/www.xn--tuksimaailm-ffb.ee\/ru\/#\/schema\/logo\/image\/"},"sameAs":["https:\/\/www.facebook.com\/touksimaailm\/","https:\/\/www.instagram.com\/touksimaailm_\/","https:\/\/www.youtube.com\/channel\/UC18ml0EKIDLP1xGuQjFzcXQ"]}]},"product_price_amount":"12.00","product_price_currency":"EUR","og_availability":"out of stock","product_availability":"out of stock","product_retailer_item_id":"SR-8.5x2-90-125G","product_condition":"new"},"jetpack_sharing_enabled":true,"_links":{"self":[{"href":"https:\/\/www.xn--tuksimaailm-ffb.ee\/ru\/wp-json\/wp\/v2\/product\/59862","targetHints":{"allow":["GET"]}}],"collection":[{"href":"https:\/\/www.xn--tuksimaailm-ffb.ee\/ru\/wp-json\/wp\/v2\/product"}],"about":[{"href":"https:\/\/www.xn--tuksimaailm-ffb.ee\/ru\/wp-json\/wp\/v2\/types\/product"}],"wp:featuredmedia":[{"embeddable":true,"href":"https:\/\/www.xn--tuksimaailm-ffb.ee\/ru\/wp-json\/wp\/v2\/media\/26358"}],"wp:attachment":[{"href":"https:\/\/www.xn--tuksimaailm-ffb.ee\/ru\/wp-json\/wp\/v2\/media?parent=59862"}],"wp:term":[{"taxonomy":"product_brand","embeddable":true,"href":"https:\/\/www.xn--tuksimaailm-ffb.ee\/ru\/wp-json\/wp\/v2\/product_brand?post=59862"},{"taxonomy":"product_cat","embeddable":true,"href":"https:\/\/www.xn--tuksimaailm-ffb.ee\/ru\/wp-json\/wp\/v2\/product_cat?post=59862"},{"taxonomy":"product_tag","embeddable":true,"href":"https:\/\/www.xn--tuksimaailm-ffb.ee\/ru\/wp-json\/wp\/v2\/product_tag?post=59862"},{"taxonomy":"filter_elektritoukeratas","embeddable":true,"href":"https:\/\/www.xn--tuksimaailm-ffb.ee\/ru\/wp-json\/wp\/v2\/filter_elektritoukeratas?post=59862"}],"curies":[{"name":"wp","href":"https:\/\/api.w.org\/{rel}","templated":true}]}}