{"id":59881,"date":"2021-01-02T18:47:12","date_gmt":"2021-01-02T18:47:12","guid":{"rendered":"http:\/\/www.xn--tuksimaailm-ffb.ee\/shop\/%d1%88%d0%b8%d0%bd%d0%b0-ninebot-max-g30-60-70-6-5\/"},"modified":"2021-01-02T18:47:12","modified_gmt":"2021-01-02T16:47:12","slug":"%d1%88%d0%b8%d0%bd%d0%b0-ninebot-max-g30-60-70-6-5","status":"publish","type":"product","link":"https:\/\/www.xn--tuksimaailm-ffb.ee\/ru\/\u043f\u0440\u043e\u0434\u0443\u043a\u0442\/%d1%88%d0%b8%d0%bd%d0%b0-ninebot-max-g30-60-70-6-5\/","title":{"rendered":"\u0428\u0438\u043d\u0430 Ninebot Max G30 60\/70-6.5"},"content":{"rendered":"<p>\u0428\u0438\u043d\u0430 Ninebot Max G30 60\/70-6,5 (\u0442\u0430\u043a\u0436\u0435 \u0432\u043d\u0435\u0448\u043d\u044f\u044f \u0448\u0438\u043d\u0430, \u043d\u0430\u0440\u0443\u0436\u043d\u0430\u044f). \u041f\u043e\u0434\u0445\u043e\u0434\u0438\u0442 \u0434\u043b\u044f \u0431\u0435\u0441\u043a\u0430\u043c\u0435\u0440\u043d\u044b\u0445 \u0448\u0438\u043d 60\/70 - 6,5. \u0428\u0438\u043d\u0430 Ninebot Max G30 \u043f\u043e\u0434\u0445\u043e\u0434\u0438\u0442 \u0434\u043b\u044f \u0441\u043b\u0435\u0434\u0443\u044e\u0449\u0438\u0445 \u043f\u043e\u043f\u0443\u043b\u044f\u0440\u043d\u044b\u0445 \u044d\u043b\u0435\u043a\u0442\u0440\u043e\u0441\u043a\u0443\u0442\u0435\u0440\u043e\u0432: <a href=\"http:\/\/www.xn--tuksimaailm-ffb.ee\/shop\/elektriline-toukeratas-ninebot-max-g30\/\"><b><strong>Segway Ninebot Max G30<\/strong><\/b><\/a>, <a href=\"https:\/\/ee-en.segway.com\/products\/ninebot-kickscooter-max-g30le-powered-by-segway\"><b><strong>Ninebot Max G30LE<\/strong><\/b><\/a>, <b><strong>Ninebot Max G30P<\/strong><\/b>. \u041c\u044b \u043f\u0440\u0435\u0434\u043b\u0430\u0433\u0430\u0435\u043c \u043a\u0430\u043a \u0443\u0446\u0435\u043d\u0435\u043d\u043d\u0443\u044e \u043a\u043e\u043f\u0438\u044e \u0431\u0435\u0437 \u0432\u043d\u0443\u0442\u0440\u0435\u043d\u043d\u0435\u0439 \u0442\u0440\u0443\u0431\u043a\u0438 \u0441 \u0437\u0430\u0449\u0438\u0442\u043e\u0439 \u043e\u0442 \u043f\u0440\u043e\u043a\u043e\u043b\u043e\u0432, \u0442\u0430\u043a \u0438 \u043e\u0440\u0438\u0433\u0438\u043d\u0430\u043b\u044c\u043d\u0443\u044e Max G30 \u0441 \u0432\u043d\u0443\u0442\u0440\u0435\u043d\u043d\u0435\u0439 \u0442\u0440\u0443\u0431\u043a\u043e\u0439 \u0441 \u0437\u0430\u0449\u0438\u0442\u043e\u0439 \u043e\u0442 \u043f\u0440\u043e\u043a\u043e\u043b\u043e\u0432. \u0418\u0437-\u0437\u0430 \u043d\u0435\u0431\u043e\u043b\u044c\u0448\u043e\u0433\u043e \u0440\u0430\u0437\u043c\u0435\u0440\u0430 \u0438 \u043e\u0431\u044a\u0435\u043c\u0430 \u0432\u043e\u0437\u0434\u0443\u0445\u0430 \u0432 \u0448\u0438\u043d\u0430\u0445 \u044d\u043b\u0435\u043a\u0442\u0440\u043e\u0441\u043a\u0443\u0442\u0435\u0440\u0430 \u043e\u043d\u0438 \u043c\u043e\u0433\u0443\u0442 \u043b\u043e\u043f\u043d\u0443\u0442\u044c \u043f\u0440\u0438 \u0443\u0434\u0430\u0440\u0435, \u043f\u043e\u044d\u0442\u043e\u043c\u0443 \u043c\u044b \u0440\u0435\u043a\u043e\u043c\u0435\u043d\u0434\u0443\u0435\u043c \u043f\u0440\u043e\u0432\u0435\u0440\u044f\u0442\u044c \u0434\u0430\u0432\u043b\u0435\u043d\u0438\u0435 \u0432 \u0448\u0438\u043d\u0430\u0445 \u043a\u0430\u0436\u0434\u044b\u0435 2 \u043d\u0435\u0434\u0435\u043b\u0438 \u0438\u043b\u0438 \u043f\u0435\u0440\u0435\u0434 \u043a\u0430\u0436\u0434\u043e\u0439 \u043f\u043e\u0435\u0437\u0434\u043a\u043e\u0439, \u0435\u0441\u043b\u0438 \u0432\u044b \u043a\u0430\u0442\u0430\u0435\u0442\u0435\u0441\u044c \u043d\u0430 \u044d\u043b\u0435\u043a\u0442\u0440\u043e\u0441\u043a\u0443\u0442\u0435\u0440\u0435 \u0440\u0435\u0436\u0435.<\/p>\n<p>\u041f\u0440\u0438 \u043d\u0430\u043a\u0430\u0447\u0438\u0432\u0430\u043d\u0438\u0438 \u0448\u0438\u043d \u043c\u044b \u043d\u0430\u0441\u0442\u043e\u044f\u0442\u0435\u043b\u044c\u043d\u043e \u0440\u0435\u043a\u043e\u043c\u0435\u043d\u0434\u0443\u0435\u043c \u0438\u0441\u043f\u043e\u043b\u044c\u0437\u043e\u0432\u0430\u0442\u044c <a href=\"http:\/\/www.xn--tuksimaailm-ffb.ee\/tootekategooria\/lisavarustus\/\">\u043c\u0430\u043d\u043e\u043c\u0435\u0442\u0440\u0438\u0447\u0435\u0441\u043a\u0438\u0435 \u043d\u0430\u0441\u043e\u0441\u044b<\/a>, \u0447\u0442\u043e\u0431\u044b \u043e\u0431\u0435\u0441\u043f\u0435\u0447\u0438\u0442\u044c \u0442\u043e\u0447\u043d\u043e\u0435 \u0434\u0430\u0432\u043b\u0435\u043d\u0438\u0435 \u0432 \u0448\u0438\u043d\u0430\u0445, \u0440\u0435\u043a\u043e\u043c\u0435\u043d\u0434\u043e\u0432\u0430\u043d\u043d\u043e\u0435 \u043f\u0440\u043e\u0438\u0437\u0432\u043e\u0434\u0438\u0442\u0435\u043b\u0435\u043c \u044d\u043b\u0435\u043a\u0442\u0440\u043e\u0441\u0430\u043c\u043e\u043a\u0430\u0442\u0430. \u0415\u0441\u043b\u0438 \u0440\u0435\u043c\u043e\u043d\u0442 \u0438\u043b\u0438 \u0437\u0430\u043c\u0435\u043d\u0430 \u044d\u043b\u0435\u043a\u0442\u0440\u043e\u0441\u043a\u0443\u0442\u0435\u0440\u0430 - \u0441\u043b\u0438\u0448\u043a\u043e\u043c \u0441\u043b\u043e\u0436\u043d\u0430\u044f \u0437\u0430\u0434\u0430\u0447\u0430 \u0434\u043b\u044f <a href=\"https:\/\/www.youtube.com\/watch?v=9c5oaCgBtVA\">\u0432\u0430\u0441<\/a>, \u0432\u0430\u043c \u043f\u043e\u043c\u043e\u0436\u0435\u0442 \u043d\u0430\u0448\u0430 \u0441\u043f\u0435\u0446\u0438\u0430\u043b\u0438\u0437\u0438\u0440\u043e\u0432\u0430\u043d\u043d\u0430\u044f <a href=\"http:\/\/www.xn--tuksimaailm-ffb.ee\/elektrilise-toukeratta-remont\/\">\u043c\u0430\u0441\u0442\u0435\u0440\u0441\u043a\u0430\u044f \u043f\u043e<\/a> \u0440\u0435\u043c\u043e\u043d\u0442\u0443 \u044d\u043b\u0435\u043a\u0442\u0440\u043e\u0441\u043a\u0443\u0442\u0435\u0440\u043e\u0432. \u041f\u043e\u0434\u0440\u043e\u0431\u043d\u0435\u0435 \u043e \u0437\u0430\u043c\u0435\u043d\u0435 \u0448\u0438\u043d \u0434\u043b\u044f \u044d\u043b\u0435\u043a\u0442\u0440\u043e\u0441\u043a\u0443\u0442\u0435\u0440\u043e\u0432 \u0432\u044b \u043c\u043e\u0436\u0435\u0442\u0435 \u043f\u0440\u043e\u0447\u0438\u0442\u0430\u0442\u044c \u0432 \u043d\u0430\u0448\u0435\u043c <a href=\"http:\/\/www.xn--tuksimaailm-ffb.ee\/elektritoukeratta-rehvivahetus\/\">\u0431\u043b\u043e\u0433\u0435<\/a>.<\/p>\n","protected":false},"excerpt":{"rendered":"<p>\u0428\u0438\u043d\u0430 Ninebot Max G30 60\/70-6,5 (\u0442\u0430\u043a\u0436\u0435 \u0432\u043d\u0435\u0448\u043d\u044f\u044f \u0448\u0438\u043d\u0430, \u043d\u0430\u0440\u0443\u0436\u043d\u0430\u044f). \u041f\u043e\u0434\u0445\u043e\u0434\u0438\u0442 \u0434\u043b\u044f \u0431\u0435\u0441\u043a\u0430\u043c\u0435\u0440\u043d\u044b\u0445 \u0448\u0438\u043d 60\/70 - 6,5. \u0428\u0438\u043d\u0430 Ninebot Max G30 \u043f\u043e\u0434\u0445\u043e\u0434\u0438\u0442 \u0434\u043b\u044f \u0441\u043b\u0435\u0434\u0443\u044e\u0449\u0438\u0445 \u043f\u043e\u043f\u0443\u043b\u044f\u0440\u043d\u044b\u0445 \u044d\u043b\u0435\u043a\u0442\u0440\u043e\u0441\u043a\u0443\u0442\u0435\u0440\u043e\u0432: Segway Ninebot Max G30, Ninebot Max G30LE, Ninebot Max G30P. \u041c\u044b \u043f\u0440\u0435\u0434\u043b\u0430\u0433\u0430\u0435\u043c \u043a\u0430\u043a \u0443\u0446\u0435\u043d\u0435\u043d\u043d\u0443\u044e \u043a\u043e\u043f\u0438\u044e \u0431\u0435\u0437 \u0432\u043d\u0443\u0442\u0440\u0435\u043d\u043d\u0435\u0439 \u0442\u0440\u0443\u0431\u043a\u0438 \u0441 \u0437\u0430\u0449\u0438\u0442\u043e\u0439 \u043e\u0442 \u043f\u0440\u043e\u043a\u043e\u043b\u043e\u0432, \u0442\u0430\u043a \u0438 \u043e\u0440\u0438\u0433\u0438\u043d\u0430\u043b\u044c\u043d\u0443\u044e &hellip;<\/p>\n","protected":false},"featured_media":75688,"template":"","meta":[],"product_brand":[],"product_cat":[757],"product_tag":[1562,1580],"filter_elektritoukeratas":[2699,2680,2640,2638,2637],"class_list":{"0":"post-59881","1":"product","2":"type-product","3":"status-publish","4":"has-post-thumbnail","6":"product_cat-757","7":"product_tag-rehvid-ru","8":"product_tag-segway-ninebot-varuosad-ru","9":"pa_tootetuup-rehvid-ru","10":"filter_elektritoukeratas-ft_hx_x9_max_x9_plus","11":"filter_elektritoukeratas-ft_kugoo_g1_pro","12":"filter_elektritoukeratas-ft_segway_ninebot_f20d_f25e_ii_f30d_f40d_f40d_ii","13":"filter_elektritoukeratas-ft_segway_ninebot_max_g2e_g65","14":"filter_elektritoukeratas-ft_segway_ninebot_max_g30p_g30le_g30e_ii_g30lp_ii","16":"first","17":"instock","18":"taxable","19":"shipping-taxable","20":"purchasable","21":"product-type-variable"},"yoast_head":"<!-- This site is optimized with the Yoast SEO Premium plugin v26.8 (Yoast SEO v27.5) - https:\/\/yoast.com\/product\/yoast-seo-premium-wordpress\/ -->\n<title>\u0428\u0438\u043d\u0430 Ninebot Max G30 60\/70-6.5 &#8212; T\u00f5uksimaailm<\/title>\n<meta name=\"robots\" content=\"index, follow, max-snippet:-1, max-image-preview:large, max-video-preview:-1\" \/>\n<link rel=\"canonical\" href=\"https:\/\/www.xn--tuksimaailm-ffb.ee\/ru\/\u043f\u0440\u043e\u0434\u0443\u043a\u0442\/%d1%88%d0%b8%d0%bd%d0%b0-ninebot-max-g30-60-70-6-5\/\" \/>\n<meta property=\"og:locale\" content=\"ru_RU\" \/>\n<meta property=\"og:type\" content=\"article\" \/>\n<meta property=\"og:title\" content=\"\u0428\u0438\u043d\u0430 Ninebot Max G30 60\/70-6.5\" \/>\n<meta property=\"og:description\" content=\"\u0428\u0438\u043d\u0430 Ninebot Max G30 60\/70-6,5 (\u0442\u0430\u043a\u0436\u0435 \u0432\u043d\u0435\u0448\u043d\u044f\u044f \u0448\u0438\u043d\u0430, \u043d\u0430\u0440\u0443\u0436\u043d\u0430\u044f). \u041f\u043e\u0434\u0445\u043e\u0434\u0438\u0442 \u0434\u043b\u044f \u0431\u0435\u0441\u043a\u0430\u043c\u0435\u0440\u043d\u044b\u0445 \u0448\u0438\u043d 60\/70 - 6,5. \u0428\u0438\u043d\u0430 Ninebot Max G30 \u043f\u043e\u0434\u0445\u043e\u0434\u0438\u0442 \u0434\u043b\u044f \u0441\u043b\u0435\u0434\u0443\u044e\u0449\u0438\u0445 \u043f\u043e\u043f\u0443\u043b\u044f\u0440\u043d\u044b\u0445 \u044d\u043b\u0435\u043a\u0442\u0440\u043e\u0441\u043a\u0443\u0442\u0435\u0440\u043e\u0432: Segway Ninebot Max G30, Ninebot Max G30LE, Ninebot Max G30P. \u041c\u044b \u043f\u0440\u0435\u0434\u043b\u0430\u0433\u0430\u0435\u043c \u043a\u0430\u043a \u0443\u0446\u0435\u043d\u0435\u043d\u043d\u0443\u044e \u043a\u043e\u043f\u0438\u044e \u0431\u0435\u0437 \u0432\u043d\u0443\u0442\u0440\u0435\u043d\u043d\u0435\u0439 \u0442\u0440\u0443\u0431\u043a\u0438 \u0441 \u0437\u0430\u0449\u0438\u0442\u043e\u0439 \u043e\u0442 \u043f\u0440\u043e\u043a\u043e\u043b\u043e\u0432, \u0442\u0430\u043a \u0438 \u043e\u0440\u0438\u0433\u0438\u043d\u0430\u043b\u044c\u043d\u0443\u044e &hellip;\" \/>\n<meta property=\"og:url\" content=\"https:\/\/www.xn--tuksimaailm-ffb.ee\/ru\/\u043f\u0440\u043e\u0434\u0443\u043a\u0442\/%d1%88%d0%b8%d0%bd%d0%b0-ninebot-max-g30-60-70-6-5\/\" \/>\n<meta property=\"og:site_name\" content=\"T\u00f5uksimaailm\" \/>\n<meta property=\"article:publisher\" content=\"https:\/\/www.facebook.com\/touksimaailm\/\" \/>\n<meta property=\"og:image\" content=\"https:\/\/www.xn--tuksimaailm-ffb.ee\/wp-content\/uploads\/2021\/01\/touksimaailm-04814-scaled.jpg\" \/>\n\t<meta property=\"og:image:width\" content=\"2560\" \/>\n\t<meta property=\"og:image:height\" content=\"2560\" \/>\n\t<meta property=\"og:image:type\" content=\"image\/jpeg\" \/>\n<meta name=\"twitter:card\" content=\"summary_large_image\" \/>\n<meta name=\"twitter:label1\" content=\"\u0414\u043e\u0441\u0442\u0443\u043f\u043d\u043e\u0441\u0442\u044c\" \/>\n\t<meta name=\"twitter:data1\" content=\"\u0412 \u043d\u0430\u043b\u0438\u0447\u0438\u0438\" \/>\n<meta property=\"og:availability\" content=\"instock\" \/>\n<meta property=\"product:availability\" content=\"instock\" \/>\n<meta property=\"product:condition\" content=\"new\" \/>\n<!-- \/ Yoast SEO Premium plugin. -->","yoast_head_json":{"title":"\u0428\u0438\u043d\u0430 Ninebot Max G30 60\/70-6.5 &#8212; T\u00f5uksimaailm","robots":{"index":"index","follow":"follow","max-snippet":"max-snippet:-1","max-image-preview":"max-image-preview:large","max-video-preview":"max-video-preview:-1"},"canonical":"https:\/\/www.xn--tuksimaailm-ffb.ee\/ru\/\u043f\u0440\u043e\u0434\u0443\u043a\u0442\/%d1%88%d0%b8%d0%bd%d0%b0-ninebot-max-g30-60-70-6-5\/","og_locale":"ru_RU","og_type":"article","og_title":"\u0428\u0438\u043d\u0430 Ninebot Max G30 60\/70-6.5","og_description":"\u0428\u0438\u043d\u0430 Ninebot Max G30 60\/70-6,5 (\u0442\u0430\u043a\u0436\u0435 \u0432\u043d\u0435\u0448\u043d\u044f\u044f \u0448\u0438\u043d\u0430, \u043d\u0430\u0440\u0443\u0436\u043d\u0430\u044f). \u041f\u043e\u0434\u0445\u043e\u0434\u0438\u0442 \u0434\u043b\u044f \u0431\u0435\u0441\u043a\u0430\u043c\u0435\u0440\u043d\u044b\u0445 \u0448\u0438\u043d 60\/70 - 6,5. \u0428\u0438\u043d\u0430 Ninebot Max G30 \u043f\u043e\u0434\u0445\u043e\u0434\u0438\u0442 \u0434\u043b\u044f \u0441\u043b\u0435\u0434\u0443\u044e\u0449\u0438\u0445 \u043f\u043e\u043f\u0443\u043b\u044f\u0440\u043d\u044b\u0445 \u044d\u043b\u0435\u043a\u0442\u0440\u043e\u0441\u043a\u0443\u0442\u0435\u0440\u043e\u0432: Segway Ninebot Max G30, Ninebot Max G30LE, Ninebot Max G30P. \u041c\u044b \u043f\u0440\u0435\u0434\u043b\u0430\u0433\u0430\u0435\u043c \u043a\u0430\u043a \u0443\u0446\u0435\u043d\u0435\u043d\u043d\u0443\u044e \u043a\u043e\u043f\u0438\u044e \u0431\u0435\u0437 \u0432\u043d\u0443\u0442\u0440\u0435\u043d\u043d\u0435\u0439 \u0442\u0440\u0443\u0431\u043a\u0438 \u0441 \u0437\u0430\u0449\u0438\u0442\u043e\u0439 \u043e\u0442 \u043f\u0440\u043e\u043a\u043e\u043b\u043e\u0432, \u0442\u0430\u043a \u0438 \u043e\u0440\u0438\u0433\u0438\u043d\u0430\u043b\u044c\u043d\u0443\u044e &hellip;","og_url":"https:\/\/www.xn--tuksimaailm-ffb.ee\/ru\/\u043f\u0440\u043e\u0434\u0443\u043a\u0442\/%d1%88%d0%b8%d0%bd%d0%b0-ninebot-max-g30-60-70-6-5\/","og_site_name":"T\u00f5uksimaailm","article_publisher":"https:\/\/www.facebook.com\/touksimaailm\/","og_image":[{"width":2560,"height":2560,"url":"https:\/\/www.xn--tuksimaailm-ffb.ee\/wp-content\/uploads\/2021\/01\/touksimaailm-04814-scaled.jpg","type":"image\/jpeg"}],"twitter_card":"summary_large_image","twitter_misc":{"\u0414\u043e\u0441\u0442\u0443\u043f\u043d\u043e\u0441\u0442\u044c":"\u0412 \u043d\u0430\u043b\u0438\u0447\u0438\u0438"},"schema":{"@context":"https:\/\/schema.org","@graph":[{"@type":"WebPage","@id":"https:\/\/www.xn--tuksimaailm-ffb.ee\/ru\/\u043f\u0440\u043e\u0434\u0443\u043a\u0442\/%d1%88%d0%b8%d0%bd%d0%b0-ninebot-max-g30-60-70-6-5\/","url":"https:\/\/www.xn--tuksimaailm-ffb.ee\/ru\/\u043f\u0440\u043e\u0434\u0443\u043a\u0442\/%d1%88%d0%b8%d0%bd%d0%b0-ninebot-max-g30-60-70-6-5\/","name":"\u0428\u0438\u043d\u0430 Ninebot Max G30 60\/70-6.5 &#8212; T\u00f5uksimaailm","isPartOf":{"@id":"https:\/\/www.xn--tuksimaailm-ffb.ee\/ru\/#website"},"primaryImageOfPage":{"@id":"https:\/\/www.xn--tuksimaailm-ffb.ee\/ru\/\u043f\u0440\u043e\u0434\u0443\u043a\u0442\/%d1%88%d0%b8%d0%bd%d0%b0-ninebot-max-g30-60-70-6-5\/#primaryimage"},"image":{"@id":"https:\/\/www.xn--tuksimaailm-ffb.ee\/ru\/\u043f\u0440\u043e\u0434\u0443\u043a\u0442\/%d1%88%d0%b8%d0%bd%d0%b0-ninebot-max-g30-60-70-6-5\/#primaryimage"},"thumbnailUrl":"https:\/\/www.xn--tuksimaailm-ffb.ee\/wp-content\/uploads\/2021\/01\/Screenshot-2026-01-27-005005.webp","datePublished":"2021-01-02T18:47:12+00:00","breadcrumb":{"@id":"https:\/\/www.xn--tuksimaailm-ffb.ee\/ru\/\u043f\u0440\u043e\u0434\u0443\u043a\u0442\/%d1%88%d0%b8%d0%bd%d0%b0-ninebot-max-g30-60-70-6-5\/#breadcrumb"},"inLanguage":"ru-RU","potentialAction":[{"@type":"ReadAction","target":["https:\/\/www.xn--tuksimaailm-ffb.ee\/ru\/\u043f\u0440\u043e\u0434\u0443\u043a\u0442\/%d1%88%d0%b8%d0%bd%d0%b0-ninebot-max-g30-60-70-6-5\/"]}]},{"@type":"ImageObject","inLanguage":"ru-RU","@id":"https:\/\/www.xn--tuksimaailm-ffb.ee\/ru\/\u043f\u0440\u043e\u0434\u0443\u043a\u0442\/%d1%88%d0%b8%d0%bd%d0%b0-ninebot-max-g30-60-70-6-5\/#primaryimage","url":"https:\/\/www.xn--tuksimaailm-ffb.ee\/wp-content\/uploads\/2021\/01\/Screenshot-2026-01-27-005005.webp","contentUrl":"https:\/\/www.xn--tuksimaailm-ffb.ee\/wp-content\/uploads\/2021\/01\/Screenshot-2026-01-27-005005.webp","width":1160,"height":1200,"caption":"Ninebot Max G30 rehv 60\/70-6.5"},{"@type":"BreadcrumbList","@id":"https:\/\/www.xn--tuksimaailm-ffb.ee\/ru\/\u043f\u0440\u043e\u0434\u0443\u043a\u0442\/%d1%88%d0%b8%d0%bd%d0%b0-ninebot-max-g30-60-70-6-5\/#breadcrumb","itemListElement":[{"@type":"ListItem","position":1,"name":"Home","item":"https:\/\/www.xn--tuksimaailm-ffb.ee\/ru\/frontpage\/"},{"@type":"ListItem","position":2,"name":"\u041c\u0410\u0413\u0410\u0417\u0418\u041d","item":"https:\/\/www.xn--tuksimaailm-ffb.ee\/elektritoukerataste-pood\/"},{"@type":"ListItem","position":3,"name":"\u0428\u0438\u043d\u0430 Ninebot Max G30 60\/70-6.5"}]},{"@type":"WebSite","@id":"https:\/\/www.xn--tuksimaailm-ffb.ee\/ru\/#website","url":"https:\/\/www.xn--tuksimaailm-ffb.ee\/ru\/","name":"T\u00f5uksimaailm","description":"Elektrit\u00f5ukerataste m\u00fc\u00fck, remont ja rent","publisher":{"@id":"https:\/\/www.xn--tuksimaailm-ffb.ee\/ru\/#organization"},"potentialAction":[{"@type":"SearchAction","target":{"@type":"EntryPoint","urlTemplate":"https:\/\/www.xn--tuksimaailm-ffb.ee\/ru\/?s={search_term_string}"},"query-input":{"@type":"PropertyValueSpecification","valueRequired":true,"valueName":"search_term_string"}}],"inLanguage":"ru-RU"},{"@type":"Organization","@id":"https:\/\/www.xn--tuksimaailm-ffb.ee\/ru\/#organization","name":"T\u00f5uksimaailm","url":"https:\/\/www.xn--tuksimaailm-ffb.ee\/ru\/","logo":{"@type":"ImageObject","inLanguage":"ru-RU","@id":"https:\/\/www.xn--tuksimaailm-ffb.ee\/ru\/#\/schema\/logo\/image\/","url":"https:\/\/www.xn--tuksimaailm-ffb.ee\/wp-content\/uploads\/2020\/01\/logoz-e1579792875517.png","contentUrl":"https:\/\/www.xn--tuksimaailm-ffb.ee\/wp-content\/uploads\/2020\/01\/logoz-e1579792875517.png","width":250,"height":250,"caption":"T\u00f5uksimaailm"},"image":{"@id":"https:\/\/www.xn--tuksimaailm-ffb.ee\/ru\/#\/schema\/logo\/image\/"},"sameAs":["https:\/\/www.facebook.com\/touksimaailm\/","https:\/\/www.instagram.com\/touksimaailm_\/","https:\/\/www.youtube.com\/channel\/UC18ml0EKIDLP1xGuQjFzcXQ"]}]},"og_availability":"instock","product_availability":"instock","product_condition":"new"},"jetpack_sharing_enabled":true,"_links":{"self":[{"href":"https:\/\/www.xn--tuksimaailm-ffb.ee\/ru\/wp-json\/wp\/v2\/product\/59881","targetHints":{"allow":["GET"]}}],"collection":[{"href":"https:\/\/www.xn--tuksimaailm-ffb.ee\/ru\/wp-json\/wp\/v2\/product"}],"about":[{"href":"https:\/\/www.xn--tuksimaailm-ffb.ee\/ru\/wp-json\/wp\/v2\/types\/product"}],"wp:featuredmedia":[{"embeddable":true,"href":"https:\/\/www.xn--tuksimaailm-ffb.ee\/ru\/wp-json\/wp\/v2\/media\/75688"}],"wp:attachment":[{"href":"https:\/\/www.xn--tuksimaailm-ffb.ee\/ru\/wp-json\/wp\/v2\/media?parent=59881"}],"wp:term":[{"taxonomy":"product_brand","embeddable":true,"href":"https:\/\/www.xn--tuksimaailm-ffb.ee\/ru\/wp-json\/wp\/v2\/product_brand?post=59881"},{"taxonomy":"product_cat","embeddable":true,"href":"https:\/\/www.xn--tuksimaailm-ffb.ee\/ru\/wp-json\/wp\/v2\/product_cat?post=59881"},{"taxonomy":"product_tag","embeddable":true,"href":"https:\/\/www.xn--tuksimaailm-ffb.ee\/ru\/wp-json\/wp\/v2\/product_tag?post=59881"},{"taxonomy":"filter_elektritoukeratas","embeddable":true,"href":"https:\/\/www.xn--tuksimaailm-ffb.ee\/ru\/wp-json\/wp\/v2\/filter_elektritoukeratas?post=59881"}],"curies":[{"name":"wp","href":"https:\/\/api.w.org\/{rel}","templated":true}]}}