{"id":59884,"date":"2021-01-02T18:03:58","date_gmt":"2021-01-02T18:03:58","guid":{"rendered":"http:\/\/www.xn--tuksimaailm-ffb.ee\/shop\/%d0%b2%d0%bd%d0%b5%d1%88%d0%bd%d1%8f%d1%8f-%d1%88%d0%b8%d0%bd%d0%b0-%d0%b4%d0%bb%d1%8f-%d1%81%d0%ba%d1%83%d1%82%d0%b5%d1%80%d0%b0-8-5x2-8-1-2x2-50-134-hota\/"},"modified":"2021-01-02T18:03:58","modified_gmt":"2021-01-02T16:03:58","slug":"%d0%b2%d0%bd%d0%b5%d1%88%d0%bd%d1%8f%d1%8f-%d1%88%d0%b8%d0%bd%d0%b0-%d0%b4%d0%bb%d1%8f-%d1%81%d0%ba%d1%83%d1%82%d0%b5%d1%80%d0%b0-8-5x2-8-1-2x2-50-134-hota","status":"publish","type":"product","link":"https:\/\/www.xn--tuksimaailm-ffb.ee\/ru\/\u043f\u0440\u043e\u0434\u0443\u043a\u0442\/%d0%b2%d0%bd%d0%b5%d1%88%d0%bd%d1%8f%d1%8f-%d1%88%d0%b8%d0%bd%d0%b0-%d0%b4%d0%bb%d1%8f-%d1%81%d0%ba%d1%83%d1%82%d0%b5%d1%80%d0%b0-8-5x2-8-1-2x2-50-134-hota\/","title":{"rendered":"\u0412\u043d\u0435\u0448\u043d\u044f\u044f \u0448\u0438\u043d\u0430 \u0434\u043b\u044f \u0441\u043a\u0443\u0442\u0435\u0440\u0430 8.5x2\u00ab 8 1\/2x2\u00bb 50-134 HOTA"},"content":{"rendered":"<p>\u0412\u043d\u0435\u0448\u043d\u044f\u044f \u0448\u0438\u043d\u0430 \u0434\u043b\u044f \u0441\u043a\u0443\u0442\u0435\u0440\u0430 <b><strong>8.5x2<\/strong><\/b> \u00ab - <b><strong>8 1\/2x2<\/strong><\/b> \u00bb - <b><strong>50-134 <\/strong><\/b>(\u0432\u043d\u0435\u0448\u043d\u044f\u044f \u0440\u0435\u0437\u0438\u043d\u0430), \u0431\u0440\u0435\u043d\u0434 <b><strong>HOTA<\/strong><\/b>. \u0415\u0441\u043b\u0438 \u0440\u0435\u043c\u043e\u043d\u0442 \u0432\u0430\u0448\u0435\u0433\u043e \u0441\u043a\u0443\u0442\u0435\u0440\u0430 \u0441\u043b\u0438\u0448\u043a\u043e\u043c \u0441\u043b\u043e\u0436\u0435\u043d \u0434\u043b\u044f \u0432\u0430\u0441, \u043d\u0430\u0448\u0430 \u0441\u043f\u0435\u0446\u0438\u0430\u043b\u0438\u0437\u0438\u0440\u043e\u0432\u0430\u043d\u043d\u0430\u044f \u0441\u043a\u0443\u0442\u0435\u0440\u043d\u0430\u044f <a href=\"http:\/\/www.xn--tuksimaailm-ffb.ee\/elektrilise-toukeratta-remont\/\">\u043c\u0430\u0441\u0442\u0435\u0440\u0441\u043a\u0430\u044f<\/a> \u043c\u043e\u0436\u0435\u0442 \u043f\u043e\u043c\u043e\u0447\u044c. <b><strong>\u041f\u0420\u0418\u041c\u0415\u0427\u0410\u041d\u0418\u0415:<\/strong><\/b> \u0428\u0438\u043d\u0430 \u043d\u0435 \u043f\u043e\u0434\u0445\u043e\u0434\u0438\u0442 \u0434\u043b\u044f \u044d\u043b\u0435\u043a\u0442\u0440\u043e\u0441\u043a\u0443\u0442\u0435\u0440\u043e\u0432 Xiaomi -<b> <\/b><a href=\"http:\/\/www.xn--tuksimaailm-ffb.ee\/shop\/xiaomi-valiskumm-8-5x2-m365-pro-1s-pro2\/\"><b><strong>\u0412\u043d\u0435\u0448\u043d\u044f\u044f \u0448\u0438\u043d\u0430 \u043f\u043e\u0434\u0445\u043e\u0434\u0438\u0442 \u0434\u043b\u044f Xiaomi<\/strong><\/b><\/a>.<\/p>\n","protected":false},"excerpt":{"rendered":"<p>\u0412\u043d\u0435\u0448\u043d\u044f\u044f \u0448\u0438\u043d\u0430 \u0434\u043b\u044f \u0441\u043a\u0443\u0442\u0435\u0440\u0430 8.5x2 \u00ab - 8 1\/2x2 \u00bb - 50-134 (\u0432\u043d\u0435\u0448\u043d\u044f\u044f \u0440\u0435\u0437\u0438\u043d\u0430), \u0431\u0440\u0435\u043d\u0434 HOTA. \u0415\u0441\u043b\u0438 \u0440\u0435\u043c\u043e\u043d\u0442 \u0432\u0430\u0448\u0435\u0433\u043e \u0441\u043a\u0443\u0442\u0435\u0440\u0430 \u0441\u043b\u0438\u0448\u043a\u043e\u043c \u0441\u043b\u043e\u0436\u0435\u043d \u0434\u043b\u044f \u0432\u0430\u0441, \u043d\u0430\u0448\u0430 \u0441\u043f\u0435\u0446\u0438\u0430\u043b\u0438\u0437\u0438\u0440\u043e\u0432\u0430\u043d\u043d\u0430\u044f \u0441\u043a\u0443\u0442\u0435\u0440\u043d\u0430\u044f \u043c\u0430\u0441\u0442\u0435\u0440\u0441\u043a\u0430\u044f \u043c\u043e\u0436\u0435\u0442 \u043f\u043e\u043c\u043e\u0447\u044c. \u041f\u0420\u0418\u041c\u0415\u0427\u0410\u041d\u0418\u0415: \u0428\u0438\u043d\u0430 \u043d\u0435 \u043f\u043e\u0434\u0445\u043e\u0434\u0438\u0442 \u0434\u043b\u044f \u044d\u043b\u0435\u043a\u0442\u0440\u043e\u0441\u043a\u0443\u0442\u0435\u0440\u043e\u0432 Xiaomi - \u0412\u043d\u0435\u0448\u043d\u044f\u044f \u0448\u0438\u043d\u0430 \u043f\u043e\u0434\u0445\u043e\u0434\u0438\u0442 \u0434\u043b\u044f Xiaomi.<\/p>\n","protected":false},"featured_media":77888,"template":"","meta":[],"product_brand":[],"product_cat":[757],"product_tag":[1562],"filter_elektritoukeratas":[2753,2754,2746,2747],"class_list":{"0":"post-59884","1":"product","2":"type-product","3":"status-publish","4":"has-post-thumbnail","6":"product_cat-757","7":"product_tag-rehvid-ru","8":"pa_tootetuup-rehvid-ru","9":"filter_elektritoukeratas-ft_techlife_x5_x5s","10":"filter_elektritoukeratas-ft_techlife_x6","11":"filter_elektritoukeratas-ft_zero_8","12":"filter_elektritoukeratas-ft_zero_9","14":"first","15":"instock","16":"taxable","17":"shipping-taxable","18":"purchasable","19":"product-type-simple"},"yoast_head":"<!-- This site is optimized with the Yoast SEO Premium plugin v26.8 (Yoast SEO v27.5) - https:\/\/yoast.com\/product\/yoast-seo-premium-wordpress\/ -->\n<title>\u0412\u043d\u0435\u0448\u043d\u044f\u044f \u0448\u0438\u043d\u0430 \u0434\u043b\u044f \u0441\u043a\u0443\u0442\u0435\u0440\u0430 8.5x2\u00ab 8 1\/2x2\u00bb 50-134 HOTA &#8212; T\u00f5uksimaailm<\/title>\n<meta name=\"robots\" content=\"index, follow, max-snippet:-1, max-image-preview:large, max-video-preview:-1\" \/>\n<link rel=\"canonical\" href=\"https:\/\/www.xn--tuksimaailm-ffb.ee\/ru\/\u043f\u0440\u043e\u0434\u0443\u043a\u0442\/%d0%b2%d0%bd%d0%b5%d1%88%d0%bd%d1%8f%d1%8f-%d1%88%d0%b8%d0%bd%d0%b0-%d0%b4%d0%bb%d1%8f-%d1%81%d0%ba%d1%83%d1%82%d0%b5%d1%80%d0%b0-8-5x2-8-1-2x2-50-134-hota\/\" \/>\n<meta property=\"og:locale\" content=\"ru_RU\" \/>\n<meta property=\"og:type\" content=\"article\" \/>\n<meta property=\"og:title\" content=\"\u0412\u043d\u0435\u0448\u043d\u044f\u044f \u0448\u0438\u043d\u0430 \u0434\u043b\u044f \u0441\u043a\u0443\u0442\u0435\u0440\u0430 8.5x2\u00ab 8 1\/2x2\u00bb 50-134 HOTA\" \/>\n<meta property=\"og:description\" content=\"\u0412\u043d\u0435\u0448\u043d\u044f\u044f \u0448\u0438\u043d\u0430 \u0434\u043b\u044f \u0441\u043a\u0443\u0442\u0435\u0440\u0430 8.5x2 \u00ab - 8 1\/2x2 \u00bb - 50-134 (\u0432\u043d\u0435\u0448\u043d\u044f\u044f \u0440\u0435\u0437\u0438\u043d\u0430), \u0431\u0440\u0435\u043d\u0434 HOTA. \u0415\u0441\u043b\u0438 \u0440\u0435\u043c\u043e\u043d\u0442 \u0432\u0430\u0448\u0435\u0433\u043e \u0441\u043a\u0443\u0442\u0435\u0440\u0430 \u0441\u043b\u0438\u0448\u043a\u043e\u043c \u0441\u043b\u043e\u0436\u0435\u043d \u0434\u043b\u044f \u0432\u0430\u0441, \u043d\u0430\u0448\u0430 \u0441\u043f\u0435\u0446\u0438\u0430\u043b\u0438\u0437\u0438\u0440\u043e\u0432\u0430\u043d\u043d\u0430\u044f \u0441\u043a\u0443\u0442\u0435\u0440\u043d\u0430\u044f \u043c\u0430\u0441\u0442\u0435\u0440\u0441\u043a\u0430\u044f \u043c\u043e\u0436\u0435\u0442 \u043f\u043e\u043c\u043e\u0447\u044c. \u041f\u0420\u0418\u041c\u0415\u0427\u0410\u041d\u0418\u0415: \u0428\u0438\u043d\u0430 \u043d\u0435 \u043f\u043e\u0434\u0445\u043e\u0434\u0438\u0442 \u0434\u043b\u044f \u044d\u043b\u0435\u043a\u0442\u0440\u043e\u0441\u043a\u0443\u0442\u0435\u0440\u043e\u0432 Xiaomi - \u0412\u043d\u0435\u0448\u043d\u044f\u044f \u0448\u0438\u043d\u0430 \u043f\u043e\u0434\u0445\u043e\u0434\u0438\u0442 \u0434\u043b\u044f Xiaomi.\" \/>\n<meta property=\"og:url\" content=\"https:\/\/www.xn--tuksimaailm-ffb.ee\/ru\/\u043f\u0440\u043e\u0434\u0443\u043a\u0442\/%d0%b2%d0%bd%d0%b5%d1%88%d0%bd%d1%8f%d1%8f-%d1%88%d0%b8%d0%bd%d0%b0-%d0%b4%d0%bb%d1%8f-%d1%81%d0%ba%d1%83%d1%82%d0%b5%d1%80%d0%b0-8-5x2-8-1-2x2-50-134-hota\/\" \/>\n<meta property=\"og:site_name\" content=\"T\u00f5uksimaailm\" \/>\n<meta property=\"article:publisher\" content=\"https:\/\/www.facebook.com\/touksimaailm\/\" \/>\n<meta property=\"og:image\" content=\"https:\/\/www.xn--tuksimaailm-ffb.ee\/wp-content\/uploads\/2021\/01\/touksimaailm-04811-scaled.jpg\" \/>\n\t<meta property=\"og:image:width\" content=\"2560\" \/>\n\t<meta property=\"og:image:height\" content=\"2560\" \/>\n\t<meta property=\"og:image:type\" content=\"image\/jpeg\" \/>\n<meta name=\"twitter:card\" content=\"summary_large_image\" \/>\n<meta name=\"twitter:label1\" content=\"\u0426\u0435\u043d\u0430\" \/>\n\t<meta name=\"twitter:data1\" content=\"&euro;29.50\" \/>\n\t<meta name=\"twitter:label2\" content=\"\u0414\u043e\u0441\u0442\u0443\u043f\u043d\u043e\u0441\u0442\u044c\" \/>\n\t<meta name=\"twitter:data2\" content=\"\u0412 \u043d\u0430\u043b\u0438\u0447\u0438\u0438\" \/>\n<meta property=\"product:price:amount\" content=\"29.50\" \/>\n<meta property=\"product:price:currency\" content=\"EUR\" \/>\n<meta property=\"og:availability\" content=\"instock\" \/>\n<meta property=\"product:availability\" content=\"instock\" \/>\n<meta property=\"product:condition\" content=\"new\" \/>\n<!-- \/ Yoast SEO Premium plugin. -->","yoast_head_json":{"title":"\u0412\u043d\u0435\u0448\u043d\u044f\u044f \u0448\u0438\u043d\u0430 \u0434\u043b\u044f \u0441\u043a\u0443\u0442\u0435\u0440\u0430 8.5x2\u00ab 8 1\/2x2\u00bb 50-134 HOTA &#8212; T\u00f5uksimaailm","robots":{"index":"index","follow":"follow","max-snippet":"max-snippet:-1","max-image-preview":"max-image-preview:large","max-video-preview":"max-video-preview:-1"},"canonical":"https:\/\/www.xn--tuksimaailm-ffb.ee\/ru\/\u043f\u0440\u043e\u0434\u0443\u043a\u0442\/%d0%b2%d0%bd%d0%b5%d1%88%d0%bd%d1%8f%d1%8f-%d1%88%d0%b8%d0%bd%d0%b0-%d0%b4%d0%bb%d1%8f-%d1%81%d0%ba%d1%83%d1%82%d0%b5%d1%80%d0%b0-8-5x2-8-1-2x2-50-134-hota\/","og_locale":"ru_RU","og_type":"article","og_title":"\u0412\u043d\u0435\u0448\u043d\u044f\u044f \u0448\u0438\u043d\u0430 \u0434\u043b\u044f \u0441\u043a\u0443\u0442\u0435\u0440\u0430 8.5x2\u00ab 8 1\/2x2\u00bb 50-134 HOTA","og_description":"\u0412\u043d\u0435\u0448\u043d\u044f\u044f \u0448\u0438\u043d\u0430 \u0434\u043b\u044f \u0441\u043a\u0443\u0442\u0435\u0440\u0430 8.5x2 \u00ab - 8 1\/2x2 \u00bb - 50-134 (\u0432\u043d\u0435\u0448\u043d\u044f\u044f \u0440\u0435\u0437\u0438\u043d\u0430), \u0431\u0440\u0435\u043d\u0434 HOTA. \u0415\u0441\u043b\u0438 \u0440\u0435\u043c\u043e\u043d\u0442 \u0432\u0430\u0448\u0435\u0433\u043e \u0441\u043a\u0443\u0442\u0435\u0440\u0430 \u0441\u043b\u0438\u0448\u043a\u043e\u043c \u0441\u043b\u043e\u0436\u0435\u043d \u0434\u043b\u044f \u0432\u0430\u0441, \u043d\u0430\u0448\u0430 \u0441\u043f\u0435\u0446\u0438\u0430\u043b\u0438\u0437\u0438\u0440\u043e\u0432\u0430\u043d\u043d\u0430\u044f \u0441\u043a\u0443\u0442\u0435\u0440\u043d\u0430\u044f \u043c\u0430\u0441\u0442\u0435\u0440\u0441\u043a\u0430\u044f \u043c\u043e\u0436\u0435\u0442 \u043f\u043e\u043c\u043e\u0447\u044c. \u041f\u0420\u0418\u041c\u0415\u0427\u0410\u041d\u0418\u0415: \u0428\u0438\u043d\u0430 \u043d\u0435 \u043f\u043e\u0434\u0445\u043e\u0434\u0438\u0442 \u0434\u043b\u044f \u044d\u043b\u0435\u043a\u0442\u0440\u043e\u0441\u043a\u0443\u0442\u0435\u0440\u043e\u0432 Xiaomi - \u0412\u043d\u0435\u0448\u043d\u044f\u044f \u0448\u0438\u043d\u0430 \u043f\u043e\u0434\u0445\u043e\u0434\u0438\u0442 \u0434\u043b\u044f Xiaomi.","og_url":"https:\/\/www.xn--tuksimaailm-ffb.ee\/ru\/\u043f\u0440\u043e\u0434\u0443\u043a\u0442\/%d0%b2%d0%bd%d0%b5%d1%88%d0%bd%d1%8f%d1%8f-%d1%88%d0%b8%d0%bd%d0%b0-%d0%b4%d0%bb%d1%8f-%d1%81%d0%ba%d1%83%d1%82%d0%b5%d1%80%d0%b0-8-5x2-8-1-2x2-50-134-hota\/","og_site_name":"T\u00f5uksimaailm","article_publisher":"https:\/\/www.facebook.com\/touksimaailm\/","og_image":[{"width":2560,"height":2560,"url":"https:\/\/www.xn--tuksimaailm-ffb.ee\/wp-content\/uploads\/2021\/01\/touksimaailm-04811-scaled.jpg","type":"image\/jpeg"}],"twitter_card":"summary_large_image","twitter_misc":{"\u0426\u0435\u043d\u0430":"&euro;29.50","\u0414\u043e\u0441\u0442\u0443\u043f\u043d\u043e\u0441\u0442\u044c":"\u0412 \u043d\u0430\u043b\u0438\u0447\u0438\u0438"},"schema":{"@context":"https:\/\/schema.org","@graph":[{"@type":"WebPage","@id":"https:\/\/www.xn--tuksimaailm-ffb.ee\/ru\/\u043f\u0440\u043e\u0434\u0443\u043a\u0442\/%d0%b2%d0%bd%d0%b5%d1%88%d0%bd%d1%8f%d1%8f-%d1%88%d0%b8%d0%bd%d0%b0-%d0%b4%d0%bb%d1%8f-%d1%81%d0%ba%d1%83%d1%82%d0%b5%d1%80%d0%b0-8-5x2-8-1-2x2-50-134-hota\/","url":"https:\/\/www.xn--tuksimaailm-ffb.ee\/ru\/\u043f\u0440\u043e\u0434\u0443\u043a\u0442\/%d0%b2%d0%bd%d0%b5%d1%88%d0%bd%d1%8f%d1%8f-%d1%88%d0%b8%d0%bd%d0%b0-%d0%b4%d0%bb%d1%8f-%d1%81%d0%ba%d1%83%d1%82%d0%b5%d1%80%d0%b0-8-5x2-8-1-2x2-50-134-hota\/","name":"\u0412\u043d\u0435\u0448\u043d\u044f\u044f \u0448\u0438\u043d\u0430 \u0434\u043b\u044f \u0441\u043a\u0443\u0442\u0435\u0440\u0430 8.5x2\u00ab 8 1\/2x2\u00bb 50-134 HOTA &#8212; T\u00f5uksimaailm","isPartOf":{"@id":"https:\/\/www.xn--tuksimaailm-ffb.ee\/ru\/#website"},"primaryImageOfPage":{"@id":"https:\/\/www.xn--tuksimaailm-ffb.ee\/ru\/\u043f\u0440\u043e\u0434\u0443\u043a\u0442\/%d0%b2%d0%bd%d0%b5%d1%88%d0%bd%d1%8f%d1%8f-%d1%88%d0%b8%d0%bd%d0%b0-%d0%b4%d0%bb%d1%8f-%d1%81%d0%ba%d1%83%d1%82%d0%b5%d1%80%d0%b0-8-5x2-8-1-2x2-50-134-hota\/#primaryimage"},"image":{"@id":"https:\/\/www.xn--tuksimaailm-ffb.ee\/ru\/\u043f\u0440\u043e\u0434\u0443\u043a\u0442\/%d0%b2%d0%bd%d0%b5%d1%88%d0%bd%d1%8f%d1%8f-%d1%88%d0%b8%d0%bd%d0%b0-%d0%b4%d0%bb%d1%8f-%d1%81%d0%ba%d1%83%d1%82%d0%b5%d1%80%d0%b0-8-5x2-8-1-2x2-50-134-hota\/#primaryimage"},"thumbnailUrl":"https:\/\/www.xn--tuksimaailm-ffb.ee\/wp-content\/uploads\/2021\/01\/Screenshot-2026-02-05-203206.webp","datePublished":"2021-01-02T18:03:58+00:00","breadcrumb":{"@id":"https:\/\/www.xn--tuksimaailm-ffb.ee\/ru\/\u043f\u0440\u043e\u0434\u0443\u043a\u0442\/%d0%b2%d0%bd%d0%b5%d1%88%d0%bd%d1%8f%d1%8f-%d1%88%d0%b8%d0%bd%d0%b0-%d0%b4%d0%bb%d1%8f-%d1%81%d0%ba%d1%83%d1%82%d0%b5%d1%80%d0%b0-8-5x2-8-1-2x2-50-134-hota\/#breadcrumb"},"inLanguage":"ru-RU","potentialAction":[{"@type":"ReadAction","target":["https:\/\/www.xn--tuksimaailm-ffb.ee\/ru\/\u043f\u0440\u043e\u0434\u0443\u043a\u0442\/%d0%b2%d0%bd%d0%b5%d1%88%d0%bd%d1%8f%d1%8f-%d1%88%d0%b8%d0%bd%d0%b0-%d0%b4%d0%bb%d1%8f-%d1%81%d0%ba%d1%83%d1%82%d0%b5%d1%80%d0%b0-8-5x2-8-1-2x2-50-134-hota\/"]}]},{"@type":"ImageObject","inLanguage":"ru-RU","@id":"https:\/\/www.xn--tuksimaailm-ffb.ee\/ru\/\u043f\u0440\u043e\u0434\u0443\u043a\u0442\/%d0%b2%d0%bd%d0%b5%d1%88%d0%bd%d1%8f%d1%8f-%d1%88%d0%b8%d0%bd%d0%b0-%d0%b4%d0%bb%d1%8f-%d1%81%d0%ba%d1%83%d1%82%d0%b5%d1%80%d0%b0-8-5x2-8-1-2x2-50-134-hota\/#primaryimage","url":"https:\/\/www.xn--tuksimaailm-ffb.ee\/wp-content\/uploads\/2021\/01\/Screenshot-2026-02-05-203206.webp","contentUrl":"https:\/\/www.xn--tuksimaailm-ffb.ee\/wp-content\/uploads\/2021\/01\/Screenshot-2026-02-05-203206.webp","width":1254,"height":1089,"caption":"T\u00f5ukeratta v\u00e4lisrehv 8.5x2\" 8 1\/2x2\" 50-134 HOTA"},{"@type":"BreadcrumbList","@id":"https:\/\/www.xn--tuksimaailm-ffb.ee\/ru\/\u043f\u0440\u043e\u0434\u0443\u043a\u0442\/%d0%b2%d0%bd%d0%b5%d1%88%d0%bd%d1%8f%d1%8f-%d1%88%d0%b8%d0%bd%d0%b0-%d0%b4%d0%bb%d1%8f-%d1%81%d0%ba%d1%83%d1%82%d0%b5%d1%80%d0%b0-8-5x2-8-1-2x2-50-134-hota\/#breadcrumb","itemListElement":[{"@type":"ListItem","position":1,"name":"Home","item":"https:\/\/www.xn--tuksimaailm-ffb.ee\/ru\/frontpage\/"},{"@type":"ListItem","position":2,"name":"\u041c\u0410\u0413\u0410\u0417\u0418\u041d","item":"https:\/\/www.xn--tuksimaailm-ffb.ee\/elektritoukerataste-pood\/"},{"@type":"ListItem","position":3,"name":"\u0412\u043d\u0435\u0448\u043d\u044f\u044f \u0448\u0438\u043d\u0430 \u0434\u043b\u044f \u0441\u043a\u0443\u0442\u0435\u0440\u0430 8.5x2\u00ab 8 1\/2x2\u00bb 50-134 HOTA"}]},{"@type":"WebSite","@id":"https:\/\/www.xn--tuksimaailm-ffb.ee\/ru\/#website","url":"https:\/\/www.xn--tuksimaailm-ffb.ee\/ru\/","name":"T\u00f5uksimaailm","description":"Elektrit\u00f5ukerataste m\u00fc\u00fck, remont ja rent","publisher":{"@id":"https:\/\/www.xn--tuksimaailm-ffb.ee\/ru\/#organization"},"potentialAction":[{"@type":"SearchAction","target":{"@type":"EntryPoint","urlTemplate":"https:\/\/www.xn--tuksimaailm-ffb.ee\/ru\/?s={search_term_string}"},"query-input":{"@type":"PropertyValueSpecification","valueRequired":true,"valueName":"search_term_string"}}],"inLanguage":"ru-RU"},{"@type":"Organization","@id":"https:\/\/www.xn--tuksimaailm-ffb.ee\/ru\/#organization","name":"T\u00f5uksimaailm","url":"https:\/\/www.xn--tuksimaailm-ffb.ee\/ru\/","logo":{"@type":"ImageObject","inLanguage":"ru-RU","@id":"https:\/\/www.xn--tuksimaailm-ffb.ee\/ru\/#\/schema\/logo\/image\/","url":"https:\/\/www.xn--tuksimaailm-ffb.ee\/wp-content\/uploads\/2020\/01\/logoz-e1579792875517.png","contentUrl":"https:\/\/www.xn--tuksimaailm-ffb.ee\/wp-content\/uploads\/2020\/01\/logoz-e1579792875517.png","width":250,"height":250,"caption":"T\u00f5uksimaailm"},"image":{"@id":"https:\/\/www.xn--tuksimaailm-ffb.ee\/ru\/#\/schema\/logo\/image\/"},"sameAs":["https:\/\/www.facebook.com\/touksimaailm\/","https:\/\/www.instagram.com\/touksimaailm_\/","https:\/\/www.youtube.com\/channel\/UC18ml0EKIDLP1xGuQjFzcXQ"]}]},"product_price_amount":"29.50","product_price_currency":"EUR","og_availability":"instock","product_availability":"instock","product_condition":"new"},"jetpack_sharing_enabled":true,"_links":{"self":[{"href":"https:\/\/www.xn--tuksimaailm-ffb.ee\/ru\/wp-json\/wp\/v2\/product\/59884","targetHints":{"allow":["GET"]}}],"collection":[{"href":"https:\/\/www.xn--tuksimaailm-ffb.ee\/ru\/wp-json\/wp\/v2\/product"}],"about":[{"href":"https:\/\/www.xn--tuksimaailm-ffb.ee\/ru\/wp-json\/wp\/v2\/types\/product"}],"wp:featuredmedia":[{"embeddable":true,"href":"https:\/\/www.xn--tuksimaailm-ffb.ee\/ru\/wp-json\/wp\/v2\/media\/77888"}],"wp:attachment":[{"href":"https:\/\/www.xn--tuksimaailm-ffb.ee\/ru\/wp-json\/wp\/v2\/media?parent=59884"}],"wp:term":[{"taxonomy":"product_brand","embeddable":true,"href":"https:\/\/www.xn--tuksimaailm-ffb.ee\/ru\/wp-json\/wp\/v2\/product_brand?post=59884"},{"taxonomy":"product_cat","embeddable":true,"href":"https:\/\/www.xn--tuksimaailm-ffb.ee\/ru\/wp-json\/wp\/v2\/product_cat?post=59884"},{"taxonomy":"product_tag","embeddable":true,"href":"https:\/\/www.xn--tuksimaailm-ffb.ee\/ru\/wp-json\/wp\/v2\/product_tag?post=59884"},{"taxonomy":"filter_elektritoukeratas","embeddable":true,"href":"https:\/\/www.xn--tuksimaailm-ffb.ee\/ru\/wp-json\/wp\/v2\/filter_elektritoukeratas?post=59884"}],"curies":[{"name":"wp","href":"https:\/\/api.w.org\/{rel}","templated":true}]}}