{"id":59907,"date":"2020-12-30T18:49:51","date_gmt":"2020-12-30T18:49:51","guid":{"rendered":"http:\/\/www.xn--tuksimaailm-ffb.ee\/shop\/xiaomi-%d1%80%d0%b5%d0%b7%d0%b8%d0%bd%d0%be%d0%b2%d1%8b%d0%b9-85x2-8-1-2x2-m365-pro-1s\/"},"modified":"2020-12-30T18:49:51","modified_gmt":"2020-12-30T16:49:51","slug":"xiaomi-%d1%80%d0%b5%d0%b7%d0%b8%d0%bd%d0%be%d0%b2%d1%8b%d0%b9-85x2-8-1-2x2-m365-pro-1s","status":"publish","type":"product","link":"https:\/\/www.xn--tuksimaailm-ffb.ee\/ru\/\u043f\u0440\u043e\u0434\u0443\u043a\u0442\/xiaomi-%d1%80%d0%b5%d0%b7%d0%b8%d0%bd%d0%be%d0%b2%d1%8b%d0%b9-85x2-8-1-2x2-m365-pro-1s\/","title":{"rendered":"Xiaomi \u0440\u0435\u0437\u0438\u043d\u043e\u0432\u044b\u0439 8,5x2\u00ab 8 1\/2x2\u00bb M365 Pro 1S"},"content":{"rendered":"<p>\u0412\u043d\u0435\u0448\u043d\u044f\u044f \u0448\u0438\u043d\u0430 Xiaomi 8,5x2\u00ab 8 1\/2x2\u00bb (\u0442\u0430\u043a\u0436\u0435 \u0432\u043d\u0435\u0448\u043d\u044f\u044f \u0448\u0438\u043d\u0430). \u041f\u043e\u0434\u0445\u043e\u0434\u0438\u0442 \u0434\u043b\u044f \u0443\u0441\u0442\u0430\u043d\u043e\u0432\u043a\u0438 <b><strong>\u0432\u043c\u0435\u0441\u0442\u043e \u0432\u043d\u0435\u0448\u043d\u0438\u0445 \u0441\u0442\u0443\u043f\u0438\u0446<\/strong><\/b> <b><strong>8,5x2\u00ab 8 1\/2\u00d72<\/strong><\/b>\u00bb. \u0412\u043d\u0435\u0448\u043d\u044f\u044f \u0448\u0438\u043d\u0430 Xiaomi \u043e\u0431\u044b\u0447\u043d\u043e \u0442\u0440\u0435\u0431\u0443\u0435\u0442 \u0437\u0430\u043c\u0435\u043d\u044b, \u043a\u043e\u0433\u0434\u0430 \u0432\u043d\u0443\u0442\u0440\u0435\u043d\u043d\u044f\u044f \u0448\u0438\u043d\u0430 \u0431\u044b\u043b\u0430 \u0441\u043f\u0443\u0449\u0435\u043d\u0430 \u0438\u0437-\u0437\u0430 \u043d\u0435\u0434\u043e\u0441\u0442\u0430\u0442\u043e\u0447\u043d\u043e\u0433\u043e \u043a\u043e\u043d\u0442\u0440\u043e\u043b\u044f \u0434\u0430\u0432\u043b\u0435\u043d\u0438\u044f \u0432 \u0448\u0438\u043d\u0435 - \u043f\u0440\u0438 \u0435\u0437\u0434\u0435 \u043d\u0430 \u0441\u043f\u0443\u0449\u0435\u043d\u043d\u043e\u0439 \u0448\u0438\u043d\u0435 \u0441\u0438\u043b\u0430 \u0442\u0440\u0435\u043d\u0438\u044f \u0440\u0430\u0437\u0440\u0443\u0448\u0430\u0435\u0442 \u043a\u0430\u0440\u043a\u0430\u0441 \u0432\u043d\u0443\u0442\u0440\u0438 \u0448\u0438\u043d\u044b, \u0438 \u0442\u0430 \u0436\u0435 \u0432\u043d\u0435\u0448\u043d\u044f\u044f \u0448\u0438\u043d\u0430 \u0443\u0436\u0435 \u043d\u0435 \u043f\u0440\u0438\u0433\u043e\u0434\u043d\u0430 \u0434\u043b\u044f \u0438\u0441\u043f\u043e\u043b\u044c\u0437\u043e\u0432\u0430\u043d\u0438\u044f, \u0442\u0430\u043a \u043a\u0430\u043a \u0432\u043d\u0443\u0442\u0440\u0435\u043d\u043d\u044f\u044f \u0448\u0438\u043d\u0430 \u043c\u043e\u0436\u0435\u0442 \u043b\u0435\u0433\u043a\u043e \u043b\u043e\u043f\u043d\u0443\u0442\u044c \u0441\u043d\u043e\u0432\u0430. \u041a\u0440\u043e\u043c\u0435 \u0442\u043e\u0433\u043e, \u0432\u043d\u0435\u0448\u043d\u044f\u044f \u0448\u0438\u043d\u0430 \u0442\u0440\u0435\u0431\u0443\u0435\u0442 \u0437\u0430\u043c\u0435\u043d\u044b, \u0435\u0441\u043b\u0438 \u0440\u0438\u0441\u0443\u043d\u043e\u043a \u043f\u0440\u043e\u0442\u0435\u043a\u0442\u043e\u0440\u0430 \u0438\u0437\u043d\u043e\u0441\u0438\u043b\u0441\u044f \u043e\u0442 \u0435\u0437\u0434\u044b.<\/p>\n<p>\u0417\u0430\u0434\u043d\u044e\u044e \u0448\u0438\u043d\u0443 Xiaomi e-scooter \u0442\u0430\u043a\u0436\u0435 \u043d\u0435 \u0441\u043b\u0435\u0434\u0443\u0435\u0442 \u0438\u0441\u043f\u043e\u043b\u044c\u0437\u043e\u0432\u0430\u0442\u044c \u043f\u0440\u0438 \u0442\u043e\u0440\u043c\u043e\u0436\u0435\u043d\u0438\u0438, \u0442\u0430\u043a \u043a\u0430\u043a \u0432 \u044d\u0442\u043e\u043c \u0441\u043b\u0443\u0447\u0430\u0435 \u0448\u0438\u043d\u0430 \u043f\u0440\u043e\u0442\u0440\u0435\u0442\u0441\u044f \u043e\u0441\u043e\u0431\u0435\u043d\u043d\u043e \u0431\u044b\u0441\u0442\u0440\u043e. \u0412\u043d\u0435\u0448\u043d\u044f\u044f \u0448\u0438\u043d\u0430 \u043f\u043e\u0434\u0445\u043e\u0434\u0438\u0442 \u0434\u043b\u044f \u0432\u0441\u0435\u0445 \u044d\u043b\u0435\u043a\u0442\u0440\u043e\u0441\u043a\u0443\u0442\u0435\u0440\u043e\u0432 \u0441 \u043e\u0440\u0438\u0433\u0438\u043d\u0430\u043b\u044c\u043d\u044b\u043c\u0438 \u0432\u043d\u0435\u0448\u043d\u0438\u043c\u0438 \u0448\u0438\u043d\u0430\u043c\u0438 8 1\/2\u00d72\u2033, \u0432\u043a\u043b\u044e\u0447\u0430\u044f \u0441\u043b\u0435\u0434\u0443\u044e\u0449\u0438\u0435 \u043f\u043e\u043f\u0443\u043b\u044f\u0440\u043d\u044b\u0435 \u044d\u043b\u0435\u043a\u0442\u0440\u043e\u0441\u043a\u0443\u0442\u0435\u0440\u044b: <a href=\"http:\/\/www.xn--tuksimaailm-ffb.ee\/shop\/elektritouks_xiaomi-360\/\"><b><strong>Xiaomi M365<\/strong><\/b><\/a><b><strong> (<\/strong><\/b><a href=\"http:\/\/www.xn--tuksimaailm-ffb.ee\/shop\/elektriline-toukeratas-xiaomi-mi-m365-pro\/\"><b><strong>Pro<\/strong><\/b><\/a><b><strong>), <\/strong><\/b><a href=\"https:\/\/www.mi.com\/global\/mi-electric-scooter-1S\/\"><b><strong>Xiaomi Mi 1S<\/strong><\/b><\/a><b><strong>, <\/strong><\/b><a href=\"http:\/\/www.xn--tuksimaailm-ffb.ee\/shop\/xiaomi-pro-2-elektritoukeratas\/\"><b><strong>Xiaomi Mi Pro 2<\/strong><\/b><\/a><b><strong>, Gotrax GXL<\/strong><\/b>,<b> <\/b>, \u0430 \u0442\u0430\u043a\u0436\u0435 \u0432\u0441\u0435 \u043a\u043b\u043e\u043d\u044b\/\u043a\u043e\u043f\u0438\u0438 Xiaomi. \u0414\u043b\u044f Xiaomi \u043c\u044b \u0442\u0430\u043a\u0436\u0435 \u043f\u0440\u0435\u0434\u043b\u0430\u0433\u0430\u0435\u043c <a href=\"http:\/\/www.xn--tuksimaailm-ffb.ee\/shop\/elektritoukeratta-valiskumm-cst-8-1-2x2\/\"><b><strong>\u043f\u043e\u043a\u0440\u044b\u0448\u043a\u0443 CST<\/strong><\/b><\/a> \u0441 \u0431\u043e\u043b\u0435\u0435 \u043f\u0440\u043e\u0447\u043d\u044b\u043c \u0441\u043e\u0441\u0442\u0430\u0432\u043e\u043c, \u043a\u043e\u0442\u043e\u0440\u044b\u0439 \u043d\u0435 \u0442\u0430\u043a \u043b\u0435\u0433\u043a\u043e \u043b\u043e\u043c\u0430\u0435\u0442\u0441\u044f, \u043a\u0430\u043a \u043e\u0440\u0438\u0433\u0438\u043d\u0430\u043b\u044c\u043d\u0430\u044f \u043f\u043e\u043a\u0440\u044b\u0448\u043a\u0430. \u041f\u043e\u0441\u043a\u043e\u043b\u044c\u043a\u0443 \u0448\u0438\u043d\u044b \u044d\u043b\u0435\u043a\u0442\u0440\u043e\u0441\u043a\u0443\u0442\u0435\u0440\u043e\u0432 \u0438\u0437-\u0437\u0430 \u0438\u0445 \u043d\u0435\u0431\u043e\u043b\u044c\u0448\u043e\u0433\u043e \u0440\u0430\u0437\u043c\u0435\u0440\u0430 \u0438 \u043e\u0431\u044a\u0435\u043c\u0430 \u0432\u043e\u0437\u0434\u0443\u0445\u0430 \u043f\u043e\u0434\u0432\u0435\u0440\u0436\u0435\u043d\u044b \u0432\u043d\u0443\u0442\u0440\u0435\u043d\u043d\u0435\u043c\u0443 \u0440\u0430\u0437\u0440\u044b\u0432\u0443 \u0438\u0437-\u0437\u0430 \u0443\u0434\u0430\u0440\u043e\u0432, \u043c\u044b \u0440\u0435\u043a\u043e\u043c\u0435\u043d\u0434\u0443\u0435\u043c \u043f\u0440\u043e\u0432\u0435\u0440\u044f\u0442\u044c \u0434\u0430\u0432\u043b\u0435\u043d\u0438\u0435 \u0432 \u0448\u0438\u043d\u0430\u0445 \u0440\u0430\u0437 \u0432 2 \u043d\u0435\u0434\u0435\u043b\u0438 \u0438\u043b\u0438 \u043f\u0435\u0440\u0435\u0434 \u043a\u0430\u0436\u0434\u043e\u0439 \u043f\u043e\u0435\u0437\u0434\u043a\u043e\u0439, \u0435\u0441\u043b\u0438 \u043d\u0430 \u044d\u043b\u0435\u043a\u0442\u0440\u043e\u0441\u043a\u0443\u0442\u0435\u0440\u0435 \u043a\u0430\u0442\u0430\u044e\u0442\u0441\u044f \u0440\u0435\u0436\u0435.<\/p>\n<p>\u041f\u0440\u0438 \u043d\u0430\u043a\u0430\u0447\u0438\u0432\u0430\u043d\u0438\u0438 \u0448\u0438\u043d \u043c\u044b \u043d\u0430\u0441\u0442\u043e\u044f\u0442\u0435\u043b\u044c\u043d\u043e \u0440\u0435\u043a\u043e\u043c\u0435\u043d\u0434\u0443\u0435\u043c \u0438\u0441\u043f\u043e\u043b\u044c\u0437\u043e\u0432\u0430\u0442\u044c <a href=\"http:\/\/www.xn--tuksimaailm-ffb.ee\/tootekategooria\/lisavarustus\/\">\u043c\u0430\u043d\u043e\u043c\u0435\u0442\u0440\u0438\u0447\u0435\u0441\u043a\u0438\u0435 \u043d\u0430\u0441\u043e\u0441\u044b<\/a>, \u0447\u0442\u043e\u0431\u044b \u043e\u0431\u0435\u0441\u043f\u0435\u0447\u0438\u0442\u044c \u0442\u043e\u0447\u043d\u043e\u0435 \u0434\u0430\u0432\u043b\u0435\u043d\u0438\u0435 \u0432 \u0448\u0438\u043d\u0430\u0445, \u0440\u0435\u043a\u043e\u043c\u0435\u043d\u0434\u043e\u0432\u0430\u043d\u043d\u043e\u0435 \u043f\u0440\u043e\u0438\u0437\u0432\u043e\u0434\u0438\u0442\u0435\u043b\u0435\u043c \u044d\u043b\u0435\u043a\u0442\u0440\u043e\u0441\u0430\u043c\u043e\u043a\u0430\u0442\u0430. \u0415\u0441\u043b\u0438 \u0440\u0435\u043c\u043e\u043d\u0442 \u0438\u043b\u0438 \u0437\u0430\u043c\u0435\u043d\u0430 \u044d\u043b\u0435\u043a\u0442\u0440\u043e\u0441\u043a\u0443\u0442\u0435\u0440\u0430 - \u0441\u043b\u0438\u0448\u043a\u043e\u043c \u0441\u043b\u043e\u0436\u043d\u0430\u044f \u0437\u0430\u0434\u0430\u0447\u0430 \u0434\u043b\u044f <a href=\"https:\/\/www.youtube.com\/watch?v=9c5oaCgBtVA\">\u0432\u0430\u0441<\/a>, \u0432\u0430\u043c \u043f\u043e\u043c\u043e\u0436\u0435\u0442 \u043d\u0430\u0448\u0430 \u0441\u043f\u0435\u0446\u0438\u0430\u043b\u0438\u0437\u0438\u0440\u043e\u0432\u0430\u043d\u043d\u0430\u044f <a href=\"http:\/\/www.xn--tuksimaailm-ffb.ee\/elektrilise-toukeratta-remont\/\">\u043c\u0430\u0441\u0442\u0435\u0440\u0441\u043a\u0430\u044f \u043f\u043e<\/a> \u0440\u0435\u043c\u043e\u043d\u0442\u0443 \u044d\u043b\u0435\u043a\u0442\u0440\u043e\u0441\u043a\u0443\u0442\u0435\u0440\u043e\u0432. \u041c\u044b \u0442\u0430\u043a\u0436\u0435 \u0432\u044b\u043f\u043e\u043b\u043d\u044f\u0435\u043c \u0437\u0430\u043c\u0435\u043d\u0443 \u0448\u0438\u043d \u0432 \u0440\u0435\u0436\u0438\u043c\u0435 \u043e\u0436\u0438\u0434\u0430\u043d\u0438\u044f. \u0412 \u0441\u043b\u0443\u0447\u0430\u0435 \u043f\u043e\u043b\u043e\u043c\u043a\u0438 \u0437\u0430\u0434\u043d\u0435\u0439 \u0448\u0438\u043d\u044b Xiaomi \u0442\u0430\u043a\u0436\u0435 \u043c\u043e\u0436\u0435\u0442 \u043f\u0440\u0435\u0434\u043e\u0441\u0442\u0430\u0432\u0438\u0442\u044c \u0432\u0430\u043c <a href=\"http:\/\/www.xn--tuksimaailm-ffb.ee\/shop\/xiaomi-tagaratas-rehviga-m365-1s-8-5x2-8-1-2x2\/\"><b><strong>\u0446\u0435\u043b\u043e\u0435 \u0437\u0430\u0434\u043d\u0435\u0435 \u043a\u043e\u043b\u0435\u0441\u043e<\/strong><\/b><\/a>, \u043a\u043e\u0442\u043e\u0440\u043e\u0435, \u0431\u0443\u0434\u0443\u0447\u0438 \u0437\u0430\u043c\u0435\u043d\u0435\u043d\u043d\u044b\u043c \u043e\u0434\u043d\u0438\u043c \u0446\u0435\u043b\u044b\u043c, \u0438\u0437\u0431\u0430\u0432\u0438\u0442 \u0432\u0430\u0441 \u043e\u0442 \u043d\u0435\u043e\u0431\u0445\u043e\u0434\u0438\u043c\u043e\u0441\u0442\u0438 \u043c\u0435\u043d\u044f\u0442\u044c \u0448\u0438\u043d\u0443. \u041f\u043e\u0434\u0440\u043e\u0431\u043d\u0435\u0435 \u043e \u0437\u0430\u043c\u0435\u043d\u0435 \u0448\u0438\u043d \u043d\u0430 \u044d\u043b\u0435\u043a\u0442\u0440\u043e\u0441\u043a\u0443\u0442\u0435\u0440\u0430\u0445 \u0432\u044b \u043c\u043e\u0436\u0435\u0442\u0435 \u043f\u0440\u043e\u0447\u0438\u0442\u0430\u0442\u044c \u0432 \u043d\u0430\u0448\u0435\u043c <a href=\"http:\/\/www.xn--tuksimaailm-ffb.ee\/elektritoukeratta-rehvivahetus\/\">\u0431\u043b\u043e\u0433\u0435<\/a>.<\/p>\n","protected":false},"excerpt":{"rendered":"<p>\u0412\u043d\u0435\u0448\u043d\u044f\u044f \u0448\u0438\u043d\u0430 Xiaomi 8,5x2\u00ab 8 1\/2x2\u00bb (\u0442\u0430\u043a\u0436\u0435 \u0432\u043d\u0435\u0448\u043d\u044f\u044f \u0448\u0438\u043d\u0430). \u041f\u043e\u0434\u0445\u043e\u0434\u0438\u0442 \u0434\u043b\u044f \u0443\u0441\u0442\u0430\u043d\u043e\u0432\u043a\u0438 \u0432\u043c\u0435\u0441\u0442\u043e \u0432\u043d\u0435\u0448\u043d\u0438\u0445 \u0441\u0442\u0443\u043f\u0438\u0446 8,5x2\u00ab 8 1\/2\u00d72\u00bb. \u0412\u043d\u0435\u0448\u043d\u044f\u044f \u0448\u0438\u043d\u0430 Xiaomi \u043e\u0431\u044b\u0447\u043d\u043e \u0442\u0440\u0435\u0431\u0443\u0435\u0442 \u0437\u0430\u043c\u0435\u043d\u044b, \u043a\u043e\u0433\u0434\u0430 \u0432\u043d\u0443\u0442\u0440\u0435\u043d\u043d\u044f\u044f \u0448\u0438\u043d\u0430 \u0431\u044b\u043b\u0430 \u0441\u043f\u0443\u0449\u0435\u043d\u0430 \u0438\u0437-\u0437\u0430 \u043d\u0435\u0434\u043e\u0441\u0442\u0430\u0442\u043e\u0447\u043d\u043e\u0433\u043e \u043a\u043e\u043d\u0442\u0440\u043e\u043b\u044f \u0434\u0430\u0432\u043b\u0435\u043d\u0438\u044f \u0432 \u0448\u0438\u043d\u0435 - \u043f\u0440\u0438 \u0435\u0437\u0434\u0435 \u043d\u0430 \u0441\u043f\u0443\u0449\u0435\u043d\u043d\u043e\u0439 \u0448\u0438\u043d\u0435 \u0441\u0438\u043b\u0430 \u0442\u0440\u0435\u043d\u0438\u044f \u0440\u0430\u0437\u0440\u0443\u0448\u0430\u0435\u0442 \u043a\u0430\u0440\u043a\u0430\u0441 \u0432\u043d\u0443\u0442\u0440\u0438 \u0448\u0438\u043d\u044b, \u0438 \u0442\u0430 \u0436\u0435 &hellip;<\/p>\n","protected":false},"featured_media":77863,"template":"","meta":[],"product_brand":[],"product_cat":[757],"product_tag":[1562,1519],"filter_elektritoukeratas":[],"class_list":{"0":"post-59907","1":"product","2":"type-product","3":"status-publish","4":"has-post-thumbnail","6":"product_cat-757","7":"product_tag-rehvid-ru","8":"product_tag-xiaomi-varuosad-ru","9":"pa_tootetuup-rehvid-ru","11":"first","12":"instock","13":"taxable","14":"shipping-taxable","15":"purchasable","16":"product-type-simple"},"yoast_head":"<!-- This site is optimized with the Yoast SEO Premium plugin v26.8 (Yoast SEO v27.5) - https:\/\/yoast.com\/product\/yoast-seo-premium-wordpress\/ -->\n<title>Xiaomi \u0440\u0435\u0437\u0438\u043d\u043e\u0432\u044b\u0439 8,5x2\u00ab 8 1\/2x2\u00bb M365 Pro 1S &#8212; T\u00f5uksimaailm<\/title>\n<meta name=\"robots\" content=\"index, follow, max-snippet:-1, max-image-preview:large, max-video-preview:-1\" \/>\n<link rel=\"canonical\" href=\"https:\/\/www.xn--tuksimaailm-ffb.ee\/ru\/\u043f\u0440\u043e\u0434\u0443\u043a\u0442\/xiaomi-%d1%80%d0%b5%d0%b7%d0%b8%d0%bd%d0%be%d0%b2%d1%8b%d0%b9-85x2-8-1-2x2-m365-pro-1s\/\" \/>\n<meta property=\"og:locale\" content=\"ru_RU\" \/>\n<meta property=\"og:type\" content=\"article\" \/>\n<meta property=\"og:title\" content=\"Xiaomi \u0440\u0435\u0437\u0438\u043d\u043e\u0432\u044b\u0439 8,5x2\u00ab 8 1\/2x2\u00bb M365 Pro 1S\" \/>\n<meta property=\"og:description\" content=\"\u0412\u043d\u0435\u0448\u043d\u044f\u044f \u0448\u0438\u043d\u0430 Xiaomi 8,5x2\u00ab 8 1\/2x2\u00bb (\u0442\u0430\u043a\u0436\u0435 \u0432\u043d\u0435\u0448\u043d\u044f\u044f \u0448\u0438\u043d\u0430). \u041f\u043e\u0434\u0445\u043e\u0434\u0438\u0442 \u0434\u043b\u044f \u0443\u0441\u0442\u0430\u043d\u043e\u0432\u043a\u0438 \u0432\u043c\u0435\u0441\u0442\u043e \u0432\u043d\u0435\u0448\u043d\u0438\u0445 \u0441\u0442\u0443\u043f\u0438\u0446 8,5x2\u00ab 8 1\/2\u00d72\u00bb. \u0412\u043d\u0435\u0448\u043d\u044f\u044f \u0448\u0438\u043d\u0430 Xiaomi \u043e\u0431\u044b\u0447\u043d\u043e \u0442\u0440\u0435\u0431\u0443\u0435\u0442 \u0437\u0430\u043c\u0435\u043d\u044b, \u043a\u043e\u0433\u0434\u0430 \u0432\u043d\u0443\u0442\u0440\u0435\u043d\u043d\u044f\u044f \u0448\u0438\u043d\u0430 \u0431\u044b\u043b\u0430 \u0441\u043f\u0443\u0449\u0435\u043d\u0430 \u0438\u0437-\u0437\u0430 \u043d\u0435\u0434\u043e\u0441\u0442\u0430\u0442\u043e\u0447\u043d\u043e\u0433\u043e \u043a\u043e\u043d\u0442\u0440\u043e\u043b\u044f \u0434\u0430\u0432\u043b\u0435\u043d\u0438\u044f \u0432 \u0448\u0438\u043d\u0435 - \u043f\u0440\u0438 \u0435\u0437\u0434\u0435 \u043d\u0430 \u0441\u043f\u0443\u0449\u0435\u043d\u043d\u043e\u0439 \u0448\u0438\u043d\u0435 \u0441\u0438\u043b\u0430 \u0442\u0440\u0435\u043d\u0438\u044f \u0440\u0430\u0437\u0440\u0443\u0448\u0430\u0435\u0442 \u043a\u0430\u0440\u043a\u0430\u0441 \u0432\u043d\u0443\u0442\u0440\u0438 \u0448\u0438\u043d\u044b, \u0438 \u0442\u0430 \u0436\u0435 &hellip;\" \/>\n<meta property=\"og:url\" content=\"https:\/\/www.xn--tuksimaailm-ffb.ee\/ru\/\u043f\u0440\u043e\u0434\u0443\u043a\u0442\/xiaomi-%d1%80%d0%b5%d0%b7%d0%b8%d0%bd%d0%be%d0%b2%d1%8b%d0%b9-85x2-8-1-2x2-m365-pro-1s\/\" \/>\n<meta property=\"og:site_name\" content=\"T\u00f5uksimaailm\" \/>\n<meta property=\"article:publisher\" content=\"https:\/\/www.facebook.com\/touksimaailm\/\" \/>\n<meta property=\"og:image\" content=\"https:\/\/www.xn--tuksimaailm-ffb.ee\/wp-content\/uploads\/2020\/12\/touksimaailm-04847-scaled.jpg\" \/>\n\t<meta property=\"og:image:width\" content=\"2560\" \/>\n\t<meta property=\"og:image:height\" content=\"1707\" \/>\n\t<meta property=\"og:image:type\" content=\"image\/jpeg\" \/>\n<meta name=\"twitter:card\" content=\"summary_large_image\" \/>\n<meta name=\"twitter:label1\" content=\"\u0426\u0435\u043d\u0430\" \/>\n\t<meta name=\"twitter:data1\" content=\"&euro;12.00\" \/>\n\t<meta name=\"twitter:label2\" content=\"\u0414\u043e\u0441\u0442\u0443\u043f\u043d\u043e\u0441\u0442\u044c\" \/>\n\t<meta name=\"twitter:data2\" content=\"\u0412 \u043d\u0430\u043b\u0438\u0447\u0438\u0438\" \/>\n<meta property=\"product:price:amount\" content=\"12.00\" \/>\n<meta property=\"product:price:currency\" content=\"EUR\" \/>\n<meta property=\"og:availability\" content=\"instock\" \/>\n<meta property=\"product:availability\" content=\"instock\" \/>\n<meta property=\"product:condition\" content=\"new\" \/>\n<!-- \/ Yoast SEO Premium plugin. -->","yoast_head_json":{"title":"Xiaomi \u0440\u0435\u0437\u0438\u043d\u043e\u0432\u044b\u0439 8,5x2\u00ab 8 1\/2x2\u00bb M365 Pro 1S &#8212; T\u00f5uksimaailm","robots":{"index":"index","follow":"follow","max-snippet":"max-snippet:-1","max-image-preview":"max-image-preview:large","max-video-preview":"max-video-preview:-1"},"canonical":"https:\/\/www.xn--tuksimaailm-ffb.ee\/ru\/\u043f\u0440\u043e\u0434\u0443\u043a\u0442\/xiaomi-%d1%80%d0%b5%d0%b7%d0%b8%d0%bd%d0%be%d0%b2%d1%8b%d0%b9-85x2-8-1-2x2-m365-pro-1s\/","og_locale":"ru_RU","og_type":"article","og_title":"Xiaomi \u0440\u0435\u0437\u0438\u043d\u043e\u0432\u044b\u0439 8,5x2\u00ab 8 1\/2x2\u00bb M365 Pro 1S","og_description":"\u0412\u043d\u0435\u0448\u043d\u044f\u044f \u0448\u0438\u043d\u0430 Xiaomi 8,5x2\u00ab 8 1\/2x2\u00bb (\u0442\u0430\u043a\u0436\u0435 \u0432\u043d\u0435\u0448\u043d\u044f\u044f \u0448\u0438\u043d\u0430). \u041f\u043e\u0434\u0445\u043e\u0434\u0438\u0442 \u0434\u043b\u044f \u0443\u0441\u0442\u0430\u043d\u043e\u0432\u043a\u0438 \u0432\u043c\u0435\u0441\u0442\u043e \u0432\u043d\u0435\u0448\u043d\u0438\u0445 \u0441\u0442\u0443\u043f\u0438\u0446 8,5x2\u00ab 8 1\/2\u00d72\u00bb. \u0412\u043d\u0435\u0448\u043d\u044f\u044f \u0448\u0438\u043d\u0430 Xiaomi \u043e\u0431\u044b\u0447\u043d\u043e \u0442\u0440\u0435\u0431\u0443\u0435\u0442 \u0437\u0430\u043c\u0435\u043d\u044b, \u043a\u043e\u0433\u0434\u0430 \u0432\u043d\u0443\u0442\u0440\u0435\u043d\u043d\u044f\u044f \u0448\u0438\u043d\u0430 \u0431\u044b\u043b\u0430 \u0441\u043f\u0443\u0449\u0435\u043d\u0430 \u0438\u0437-\u0437\u0430 \u043d\u0435\u0434\u043e\u0441\u0442\u0430\u0442\u043e\u0447\u043d\u043e\u0433\u043e \u043a\u043e\u043d\u0442\u0440\u043e\u043b\u044f \u0434\u0430\u0432\u043b\u0435\u043d\u0438\u044f \u0432 \u0448\u0438\u043d\u0435 - \u043f\u0440\u0438 \u0435\u0437\u0434\u0435 \u043d\u0430 \u0441\u043f\u0443\u0449\u0435\u043d\u043d\u043e\u0439 \u0448\u0438\u043d\u0435 \u0441\u0438\u043b\u0430 \u0442\u0440\u0435\u043d\u0438\u044f \u0440\u0430\u0437\u0440\u0443\u0448\u0430\u0435\u0442 \u043a\u0430\u0440\u043a\u0430\u0441 \u0432\u043d\u0443\u0442\u0440\u0438 \u0448\u0438\u043d\u044b, \u0438 \u0442\u0430 \u0436\u0435 &hellip;","og_url":"https:\/\/www.xn--tuksimaailm-ffb.ee\/ru\/\u043f\u0440\u043e\u0434\u0443\u043a\u0442\/xiaomi-%d1%80%d0%b5%d0%b7%d0%b8%d0%bd%d0%be%d0%b2%d1%8b%d0%b9-85x2-8-1-2x2-m365-pro-1s\/","og_site_name":"T\u00f5uksimaailm","article_publisher":"https:\/\/www.facebook.com\/touksimaailm\/","og_image":[{"width":2560,"height":1707,"url":"https:\/\/www.xn--tuksimaailm-ffb.ee\/wp-content\/uploads\/2020\/12\/touksimaailm-04847-scaled.jpg","type":"image\/jpeg"}],"twitter_card":"summary_large_image","twitter_misc":{"\u0426\u0435\u043d\u0430":"&euro;12.00","\u0414\u043e\u0441\u0442\u0443\u043f\u043d\u043e\u0441\u0442\u044c":"\u0412 \u043d\u0430\u043b\u0438\u0447\u0438\u0438"},"schema":{"@context":"https:\/\/schema.org","@graph":[{"@type":"WebPage","@id":"https:\/\/www.xn--tuksimaailm-ffb.ee\/ru\/\u043f\u0440\u043e\u0434\u0443\u043a\u0442\/xiaomi-%d1%80%d0%b5%d0%b7%d0%b8%d0%bd%d0%be%d0%b2%d1%8b%d0%b9-85x2-8-1-2x2-m365-pro-1s\/","url":"https:\/\/www.xn--tuksimaailm-ffb.ee\/ru\/\u043f\u0440\u043e\u0434\u0443\u043a\u0442\/xiaomi-%d1%80%d0%b5%d0%b7%d0%b8%d0%bd%d0%be%d0%b2%d1%8b%d0%b9-85x2-8-1-2x2-m365-pro-1s\/","name":"Xiaomi \u0440\u0435\u0437\u0438\u043d\u043e\u0432\u044b\u0439 8,5x2\u00ab 8 1\/2x2\u00bb M365 Pro 1S &#8212; T\u00f5uksimaailm","isPartOf":{"@id":"https:\/\/www.xn--tuksimaailm-ffb.ee\/ru\/#website"},"primaryImageOfPage":{"@id":"https:\/\/www.xn--tuksimaailm-ffb.ee\/ru\/\u043f\u0440\u043e\u0434\u0443\u043a\u0442\/xiaomi-%d1%80%d0%b5%d0%b7%d0%b8%d0%bd%d0%be%d0%b2%d1%8b%d0%b9-85x2-8-1-2x2-m365-pro-1s\/#primaryimage"},"image":{"@id":"https:\/\/www.xn--tuksimaailm-ffb.ee\/ru\/\u043f\u0440\u043e\u0434\u0443\u043a\u0442\/xiaomi-%d1%80%d0%b5%d0%b7%d0%b8%d0%bd%d0%be%d0%b2%d1%8b%d0%b9-85x2-8-1-2x2-m365-pro-1s\/#primaryimage"},"thumbnailUrl":"https:\/\/www.xn--tuksimaailm-ffb.ee\/wp-content\/uploads\/2020\/12\/Screenshot-2026-02-05-200930.webp","datePublished":"2020-12-30T18:49:51+00:00","breadcrumb":{"@id":"https:\/\/www.xn--tuksimaailm-ffb.ee\/ru\/\u043f\u0440\u043e\u0434\u0443\u043a\u0442\/xiaomi-%d1%80%d0%b5%d0%b7%d0%b8%d0%bd%d0%be%d0%b2%d1%8b%d0%b9-85x2-8-1-2x2-m365-pro-1s\/#breadcrumb"},"inLanguage":"ru-RU","potentialAction":[{"@type":"ReadAction","target":["https:\/\/www.xn--tuksimaailm-ffb.ee\/ru\/\u043f\u0440\u043e\u0434\u0443\u043a\u0442\/xiaomi-%d1%80%d0%b5%d0%b7%d0%b8%d0%bd%d0%be%d0%b2%d1%8b%d0%b9-85x2-8-1-2x2-m365-pro-1s\/"]}]},{"@type":"ImageObject","inLanguage":"ru-RU","@id":"https:\/\/www.xn--tuksimaailm-ffb.ee\/ru\/\u043f\u0440\u043e\u0434\u0443\u043a\u0442\/xiaomi-%d1%80%d0%b5%d0%b7%d0%b8%d0%bd%d0%be%d0%b2%d1%8b%d0%b9-85x2-8-1-2x2-m365-pro-1s\/#primaryimage","url":"https:\/\/www.xn--tuksimaailm-ffb.ee\/wp-content\/uploads\/2020\/12\/Screenshot-2026-02-05-200930.webp","contentUrl":"https:\/\/www.xn--tuksimaailm-ffb.ee\/wp-content\/uploads\/2020\/12\/Screenshot-2026-02-05-200930.webp","width":1241,"height":1030,"caption":"Xiaomi v\u00e4liskumm 8.5x2\" 8 1\/2x2\" M365 Pro 1S"},{"@type":"BreadcrumbList","@id":"https:\/\/www.xn--tuksimaailm-ffb.ee\/ru\/\u043f\u0440\u043e\u0434\u0443\u043a\u0442\/xiaomi-%d1%80%d0%b5%d0%b7%d0%b8%d0%bd%d0%be%d0%b2%d1%8b%d0%b9-85x2-8-1-2x2-m365-pro-1s\/#breadcrumb","itemListElement":[{"@type":"ListItem","position":1,"name":"Home","item":"https:\/\/www.xn--tuksimaailm-ffb.ee\/ru\/frontpage\/"},{"@type":"ListItem","position":2,"name":"\u041c\u0410\u0413\u0410\u0417\u0418\u041d","item":"https:\/\/www.xn--tuksimaailm-ffb.ee\/elektritoukerataste-pood\/"},{"@type":"ListItem","position":3,"name":"Xiaomi \u0440\u0435\u0437\u0438\u043d\u043e\u0432\u044b\u0439 8,5x2\u00ab 8 1\/2x2\u00bb M365 Pro 1S"}]},{"@type":"WebSite","@id":"https:\/\/www.xn--tuksimaailm-ffb.ee\/ru\/#website","url":"https:\/\/www.xn--tuksimaailm-ffb.ee\/ru\/","name":"T\u00f5uksimaailm","description":"Elektrit\u00f5ukerataste m\u00fc\u00fck, remont ja rent","publisher":{"@id":"https:\/\/www.xn--tuksimaailm-ffb.ee\/ru\/#organization"},"potentialAction":[{"@type":"SearchAction","target":{"@type":"EntryPoint","urlTemplate":"https:\/\/www.xn--tuksimaailm-ffb.ee\/ru\/?s={search_term_string}"},"query-input":{"@type":"PropertyValueSpecification","valueRequired":true,"valueName":"search_term_string"}}],"inLanguage":"ru-RU"},{"@type":"Organization","@id":"https:\/\/www.xn--tuksimaailm-ffb.ee\/ru\/#organization","name":"T\u00f5uksimaailm","url":"https:\/\/www.xn--tuksimaailm-ffb.ee\/ru\/","logo":{"@type":"ImageObject","inLanguage":"ru-RU","@id":"https:\/\/www.xn--tuksimaailm-ffb.ee\/ru\/#\/schema\/logo\/image\/","url":"https:\/\/www.xn--tuksimaailm-ffb.ee\/wp-content\/uploads\/2020\/01\/logoz-e1579792875517.png","contentUrl":"https:\/\/www.xn--tuksimaailm-ffb.ee\/wp-content\/uploads\/2020\/01\/logoz-e1579792875517.png","width":250,"height":250,"caption":"T\u00f5uksimaailm"},"image":{"@id":"https:\/\/www.xn--tuksimaailm-ffb.ee\/ru\/#\/schema\/logo\/image\/"},"sameAs":["https:\/\/www.facebook.com\/touksimaailm\/","https:\/\/www.instagram.com\/touksimaailm_\/","https:\/\/www.youtube.com\/channel\/UC18ml0EKIDLP1xGuQjFzcXQ"]}]},"product_price_amount":"12.00","product_price_currency":"EUR","og_availability":"instock","product_availability":"instock","product_condition":"new"},"jetpack_sharing_enabled":true,"_links":{"self":[{"href":"https:\/\/www.xn--tuksimaailm-ffb.ee\/ru\/wp-json\/wp\/v2\/product\/59907","targetHints":{"allow":["GET"]}}],"collection":[{"href":"https:\/\/www.xn--tuksimaailm-ffb.ee\/ru\/wp-json\/wp\/v2\/product"}],"about":[{"href":"https:\/\/www.xn--tuksimaailm-ffb.ee\/ru\/wp-json\/wp\/v2\/types\/product"}],"wp:featuredmedia":[{"embeddable":true,"href":"https:\/\/www.xn--tuksimaailm-ffb.ee\/ru\/wp-json\/wp\/v2\/media\/77863"}],"wp:attachment":[{"href":"https:\/\/www.xn--tuksimaailm-ffb.ee\/ru\/wp-json\/wp\/v2\/media?parent=59907"}],"wp:term":[{"taxonomy":"product_brand","embeddable":true,"href":"https:\/\/www.xn--tuksimaailm-ffb.ee\/ru\/wp-json\/wp\/v2\/product_brand?post=59907"},{"taxonomy":"product_cat","embeddable":true,"href":"https:\/\/www.xn--tuksimaailm-ffb.ee\/ru\/wp-json\/wp\/v2\/product_cat?post=59907"},{"taxonomy":"product_tag","embeddable":true,"href":"https:\/\/www.xn--tuksimaailm-ffb.ee\/ru\/wp-json\/wp\/v2\/product_tag?post=59907"},{"taxonomy":"filter_elektritoukeratas","embeddable":true,"href":"https:\/\/www.xn--tuksimaailm-ffb.ee\/ru\/wp-json\/wp\/v2\/filter_elektritoukeratas?post=59907"}],"curies":[{"name":"wp","href":"https:\/\/api.w.org\/{rel}","templated":true}]}}